{"id":1940,"date":"2024-05-14T01:21:17","date_gmt":"2024-05-14T01:21:17","guid":{"rendered":"https:\/\/sbhny.wpenginepowered.com\/?page_id=1940"},"modified":"2026-03-11T15:15:20","modified_gmt":"2026-03-11T15:15:20","slug":"support","status":"publish","type":"page","link":"https:\/\/www.sbhny.org\/es\/support\/","title":{"rendered":"Apoyo"},"content":{"rendered":"<section class=\"breadcrumb-eyebrow-marquee\">\n  <div class=\"max-width marquee-spacing\">\n    <nav class=\"breadcrumbs\" aria-label=\"Migas de pan\">\n      <ul class=\"breadcrumbs-list\" itemscope itemtype=\"https:\/\/schema.org\/BreadcrumbList\">\n        <li itemprop=\"itemListElement\" itemscope\n itemtype=\"https:\/\/schema.org\/ListItem\"><a itemprop=\"item\" href=\"\/es\/\"><span itemprop=\"name\">Hogar<\/span><\/a><\/li>\n                \n        <li itemprop=\"itemListElement\" itemscope\n itemtype=\"https:\/\/schema.org\/ListItem\"><a itemprop=\"item\" class=\"current\" aria-current=\"page\" href=\"https:\/\/www.sbhny.org\/es\/support\/\"><span itemprop=\"name\">Apoyo<\/span><\/a><\/li>\n    <\/ul>\n\n    <\/nav>\n    <div class=\"eyebrow\">\n              <p class=\"main-heading\">Asociarse con SBH<\/p>\n          <\/div>    \n  <\/div>\n<\/section>\n\n\n<section class=\"image-twocol-hero video-twocol-hero background-image\">\n  <div class=\"max-width standard-spacing twocol-row\">\n\n    <div class=\"image-col twocol-col video\">\n            <div class=\"video-thumbnail\" style=\"background-image: url('https:\/\/www.sbhny.org\/wp-content\/uploads\/2024\/09\/partner-with-sbh-video-thumb.jpg');\">\n          <button class=\"video-play\" style=\"font-size: 0;\">Ver video<\/button>\n        <\/div>\n        <div class=\"video-embed\" tabindex=\"0\">\n          <iframe loading=\"lazy\" width=\"560\" height=\"315\" src=\"https:\/\/www.youtube.com\/embed\/RAhMG8kbpms?si=SmnczgwYWcalRG3S\" title=\"reproductor de v\u00eddeos de youtube\" frameborder=\"0\" allow=\"accelerometer; autoplay; clipboard-write; encrypted-media; gyroscope; picture-in-picture; web-share\" referrerpolicy=\"strict-origin-when-cross-origin\" allowfullscreen><\/iframe>\n          <div class=\"body-copy\">\n                      <\/div>\n        <\/div>\n        <div class=\"video-embed-overlay\"><button class=\"close-overlay\"><\/button><\/div>\n        <\/div>\n\n\n\n    <div class=\"content-col twocol-col\">\n              <h1 class=\"main-heading\">Asociarse con SBH significa apoyar a las personas m\u00e1s necesitadas<\/h1>\n            <div class=\"body-copy\">\n        <p>Toda persona merece tener acceso a una atenci\u00f3n sanitaria de calidad. Cuando usted dona a SBH, est\u00e1 asegurando que la gente de la comunidad del Bronx tenga acceso a los m\u00e9dicos y hospitales que necesita. SBH est\u00e1 comprometida con la salud de la comunidad del Bronx y su gente.<\/p>\n      <\/div>\n              <div class=\"cta-row\">\n                  <a href=\"#embedded-form\" target=\"\" class=\"btn\">Asociarse con SBH<\/a>\n        \n                <\/div>        \n      \n          <\/div>\n  <\/div>\n<\/section>\n\n\n<style>\n@media (max-width: 989.98px) {\n    .alternating-content-image-rows .content-image-block .content-image-row .content-side, .alternating-content-image-rows .content-image-block .content-image-row .image-side {\n        margin: auto;\n        \/* min-height: 0 !important; *\/\n        min-height: 550px !important;\n    }\n}\n<\/style>\n\n\n\n<section class=\"alternating-content-image-rows first white\">\n\n  <div class=\"alternating-intro-copy max-width standard-spacing no-bottom-spacing\">\n    <!-- Display eyebrow if there is one -->\n        \n    <!-- Display heading if there is one -->\n    \n    <!-- Display intro description if there is one -->\n      <\/div>\n    \n          <div class=\"standard-spacing no-side-spacing no-bottom-spacing content-image-block not-reversed\">\n            <div class=\"content-image-row\">\n              <div class=\"content-side\">\n  \n                <!-- Display icon if there is one -->\n                  \n                <!-- Display heading if there is one -->\n                <!-- If there is intro copy, display h3 -->\n                <!-- If there is no intro copy, display h2 -->\n                                  <h3 class=\"subheading\">Partnering to Deliver Mobility and Freedom<\/h3>  \n                                  \n                <!-- Display body copy if there is body copy -->\n                                  <div class=\"body-copy\"><p>We have partnered with the Wheelchair Foundation to bring life-changing wheelchairs to individuals in our Bronx community facing serious health and financial barriers. Our $28,000 fundraising goal will be matched by the Wheelchair Foundation to secure 280 wheelchairs, restoring mobility, dignity, and independence. Your generosity helps restore freedom, one person at a time.<\/p>\n<\/div>\n                  \n                                \n                                  <a href=\"https:\/\/www.sbhny.org\/es\/support\/#embedded-form\" class=\"btn standard\">Donar<\/a>\n                \n                \n                  \n              <\/div>\n              \n              <!-- Display main image if there is an image -->\n                            <div class=\"image-side\" style=\"background-image: url('https:\/\/www.sbhny.org\/wp-content\/uploads\/2026\/01\/wheelchair-foundation-r.jpg');\"><\/div>\n                \n            <\/div>\n          <\/div>\n  \n        \n\n\n\n<\/section>\n\n\n<section class=\"video-gallery\">\n  <div class=\"max-width standard-spacing\">\n    <div class=\"intro-row\">\n      <h2 class=\"main-heading\">Nuestra fuerza reside en nuestras asociaciones<\/h2>\n      <div class=\"body-copy\"><p>Eche un vistazo al impacto transformador que nuestras asociaciones est\u00e1n teniendo en la salud y el bienestar de la comunidad del Bronx y sus habitantes.<\/p>\n<\/div>\n    <\/div>\n\n    \n    <div class=\"video-gallery-row\">\n\n      \n      <div class=\"video-gallery-col\">\n                  <div class=\"video\">\n            <div class=\"video-thumbnail\" style=\"background-image: url('https:\/\/www.sbhny.org\/wp-content\/uploads\/2025\/06\/YMAG-25-17-JAZZ-CAMP.00_01_02_06.Still001.jpg');\">\n              <button class=\"video-play\">Ver video<\/button>\n            <\/div>\n            <div class=\"video-embed\" tabindex=\"0\">\n              <iframe loading=\"lazy\" width=\"560\" height=\"315\" src=\"https:\/\/www.youtube.com\/embed\/9lp9q9reg7U?si=zIqsrmelOh066Rgg\" title=\"reproductor de v\u00eddeos de youtube\" frameborder=\"0\" allow=\"accelerometer; autoplay; clipboard-write; encrypted-media; gyroscope; picture-in-picture; web-share\" referrerpolicy=\"strict-origin-when-cross-origin\" allowfullscreen><\/iframe>\n            <\/div>\n            <div class=\"video-embed-overlay\"><button class=\"close-overlay\"><\/button><\/div>\n          <\/div>  \n        \n        <h3 class=\"small-heading\">Jazz Chisholm Jr. y SBH se unen para organizar el primer campamento anual de b\u00e9isbol<\/h3>\n        <div class=\"body-copy reduced\">\n          <p>SBH Health System organiza su Primer Campamento Anual de B\u00e9isbol Juvenil con el jugador de los Yankees Jazz Chisholm Jr.<\/p>\n        <\/div>\n      <\/div>\n\n      \n      <div class=\"video-gallery-col\">\n                  <div class=\"video\">\n            <div class=\"video-thumbnail\" style=\"background-image: url('https:\/\/www.sbhny.org\/wp-content\/uploads\/2024\/09\/Kyvon-Thibodeaux-and-SBH-host-annual-football-camp.jpg');\">\n              <button class=\"video-play\">Ver video<\/button>\n            <\/div>\n            <div class=\"video-embed\" tabindex=\"0\">\n              <iframe loading=\"lazy\" width=\"560\" height=\"315\" src=\"https:\/\/www.youtube.com\/embed\/HjTLTIjkADI?si=G6xSJxkhnADn1YKN\" title=\"reproductor de v\u00eddeos de youtube\" frameborder=\"0\" allow=\"accelerometer; autoplay; clipboard-write; encrypted-media; gyroscope; picture-in-picture; web-share\" referrerpolicy=\"strict-origin-when-cross-origin\" allowfullscreen><\/iframe>\n            <\/div>\n            <div class=\"video-embed-overlay\"><button class=\"close-overlay\"><\/button><\/div>\n          <\/div>  \n        \n        <h3 class=\"small-heading\">Kyvon Thibodeaux y SBH organizan el campamento de f\u00fatbol anual<\/h3>\n        <div class=\"body-copy reduced\">\n          <p>Kyvon Thibodeaux, de los NY Giants, se une a la Unidad Deportiva de la Polic\u00eda de Nueva York y a SBH para organizar un campamento de f\u00fatbol para j\u00f3venes deportistas del Bronx.<\/p>\n        <\/div>\n      <\/div>\n\n      \n      <div class=\"video-gallery-col\">\n                  <div class=\"video\">\n            <div class=\"video-thumbnail\" style=\"background-image: url('https:\/\/www.sbhny.org\/wp-content\/uploads\/2024\/09\/SBH-rings-in-Health-and-Wellness-Week.jpg');\">\n              <button class=\"video-play\">Ver video<\/button>\n            <\/div>\n            <div class=\"video-embed\" tabindex=\"0\">\n              <iframe loading=\"lazy\" width=\"560\" height=\"315\" src=\"https:\/\/www.youtube.com\/embed\/iUDiHEtjkE0?si=0Y-g9uCsvYAn8-uq\" title=\"reproductor de v\u00eddeos de youtube\" frameborder=\"0\" allow=\"accelerometer; autoplay; clipboard-write; encrypted-media; gyroscope; picture-in-picture; web-share\" referrerpolicy=\"strict-origin-when-cross-origin\" allowfullscreen><\/iframe>\n            <\/div>\n            <div class=\"video-embed-overlay\"><button class=\"close-overlay\"><\/button><\/div>\n          <\/div>  \n        \n        <h3 class=\"small-heading\">SBH celebra la Semana de la Salud y el Bienestar<\/h3>\n        <div class=\"body-copy reduced\">\n          <p>El Presidente de SBH, David Harris, y su equipo hacen sonar la campana del NASDAQ para inaugurar la Semana de la Salud y el Bienestar.<\/p>\n        <\/div>\n      <\/div>\n\n      \n      <div class=\"video-gallery-col\">\n                  <div class=\"video\">\n            <div class=\"video-thumbnail\" style=\"background-image: url('https:\/\/www.sbhny.org\/wp-content\/uploads\/2024\/09\/SBH-and-the-Bronx-win-the-Sportscaster-Derby.jpg');\">\n              <button class=\"video-play\">Ver video<\/button>\n            <\/div>\n            <div class=\"video-embed\" tabindex=\"0\">\n              <iframe loading=\"lazy\" width=\"560\" height=\"315\" src=\"https:\/\/www.youtube.com\/embed\/CAX0it8Ecuk?si=sdgchYULTyUpH-7i\" title=\"reproductor de v\u00eddeos de youtube\" frameborder=\"0\" allow=\"accelerometer; autoplay; clipboard-write; encrypted-media; gyroscope; picture-in-picture; web-share\" referrerpolicy=\"strict-origin-when-cross-origin\" allowfullscreen><\/iframe>\n            <\/div>\n            <div class=\"video-embed-overlay\"><button class=\"close-overlay\"><\/button><\/div>\n          <\/div>  \n        \n        <h3 class=\"small-heading\">SBH y el Bronx ganan el Derby de los Locutores Deportivos<\/h3>\n        <div class=\"body-copy reduced\">\n          <p>SBH y Charity Partners se unen a famosos comentaristas deportivos de Nueva York para el Derby de Comentaristas Deportivos en el hip\u00f3dromo de Meadowlands con el fin de recaudar fondos para SBH y el Bronx.<\/p>\n        <\/div>\n      <\/div>\n\n      \n    <\/div>\n\n    \n  <\/div>\n<\/section>\n\n\n\n\n<p><\/p>\n\n\n\n<section class=\"image-twocol-hero video-twocol-hero  lightestgray-background\">\n  <div class=\"max-width standard-spacing twocol-row\" style=\"flex-direction:row-reverse;text-align:center;\">\n\n    <div class=\"image-col twocol-col video\">\n            <div class=\"video-thumbnail\" style=\"background-image: url('https:\/\/www.sbhny.org\/wp-content\/uploads\/2024\/09\/the-art-of-giving.jpg');\">\n          <button class=\"video-play\" style=\"font-size: 0;\">Ver video<\/button>\n        <\/div>\n        <div class=\"video-embed\" tabindex=\"0\">\n          <iframe loading=\"lazy\" width=\"560\" height=\"315\" src=\"https:\/\/www.youtube.com\/embed\/hcAKsEMl-j0?si=xbydJFmhzhbSvZoY\" title=\"reproductor de v\u00eddeos de youtube\" frameborder=\"0\" allow=\"accelerometer; autoplay; clipboard-write; encrypted-media; gyroscope; picture-in-picture; web-share\" referrerpolicy=\"strict-origin-when-cross-origin\" allowfullscreen><\/iframe>\n          <div class=\"body-copy\">\n                      <\/div>\n        <\/div>\n        <div class=\"video-embed-overlay\"><button class=\"close-overlay\"><\/button><\/div>\n        <\/div>\n\n\n\n    <div class=\"content-col twocol-col\">\n              <h2 class=\"main-heading\">El impacto de dar<\/h2>\n            <div class=\"body-copy\">\n        <p style=\"text-align: center;\">Las donaciones a SBH apoyan una serie de \u00e1reas cruciales y nos ayudan a llevar a cabo nuestra misi\u00f3n de proporcionar una atenci\u00f3n equitativa a la gente del Bronx. Esto incluye la mejora de las instalaciones, la promoci\u00f3n de nuestro compromiso con el bienestar de la comunidad, y mucho m\u00e1s. Cuando usted dona, ayuda a asegurar que SBH contin\u00fae brindando atenci\u00f3n compasiva y de alta calidad al Bronx.<\/p>\n<p style=\"text-align: center;\"><strong>Sus donativos ayudan a mejorar<\/strong><\/p>\n<div class=\"icon-boxes\">\n<div class=\"icon-box\"><img loading=\"lazy\" decoding=\"async\" class=\"alignnone size-full wp-image-2121\" src=\"\/wp-content\/uploads\/2024\/05\/wellness-heart-icon.png\" alt=\"\" width=\"41\" height=\"41\" srcset=\"https:\/\/www.sbhny.org\/wp-content\/uploads\/2024\/05\/wellness-heart-icon.png 48w, https:\/\/www.sbhny.org\/wp-content\/uploads\/2024\/05\/wellness-heart-icon-12x12.png 12w\" sizes=\"auto, (max-width: 41px) 100vw, 41px\" \/><br \/>\nCentro de salud y bienestar SBH<\/div>\n<div class=\"icon-box\"><img loading=\"lazy\" decoding=\"async\" class=\"alignnone size-full wp-image-4484\" src=\"\/wp-content\/uploads\/2024\/09\/building-icon.png\" alt=\"\" width=\"41\" height=\"41\" srcset=\"https:\/\/www.sbhny.org\/wp-content\/uploads\/2024\/09\/building-icon.png 41w, https:\/\/www.sbhny.org\/wp-content\/uploads\/2024\/09\/building-icon-12x12.png 12w\" sizes=\"auto, (max-width: 41px) 100vw, 41px\" \/><br \/>\nInstalaciones hospitalarias<\/div>\n<div class=\"icon-box\"><img loading=\"lazy\" decoding=\"async\" class=\"alignnone size-full wp-image-2111\" src=\"\/wp-content\/uploads\/2024\/05\/yoga-icon.png\" alt=\"\" width=\"41\" height=\"41\" srcset=\"https:\/\/www.sbhny.org\/wp-content\/uploads\/2024\/05\/yoga-icon.png 48w, https:\/\/www.sbhny.org\/wp-content\/uploads\/2024\/05\/yoga-icon-12x12.png 12w\" sizes=\"auto, (max-width: 41px) 100vw, 41px\" \/><br \/>\nIniciativas de salud mental<\/div>\n<div class=\"icon-box\"><img loading=\"lazy\" decoding=\"async\" class=\"alignnone size-full wp-image-4485\" src=\"\/wp-content\/uploads\/2024\/09\/community-square-icon.png\" alt=\"\" width=\"41\" height=\"41\" srcset=\"https:\/\/www.sbhny.org\/wp-content\/uploads\/2024\/09\/community-square-icon.png 41w, https:\/\/www.sbhny.org\/wp-content\/uploads\/2024\/09\/community-square-icon-12x12.png 12w\" sizes=\"auto, (max-width: 41px) 100vw, 41px\" \/><br \/>\nProgramas comunitarios<\/div>\n<\/div>\n<style>.icon-boxes { display: flex; align-items:flex-start; justify-content:space-between; gap: 25px 20px; flex-wrap: wrap; } .icon-box { text-align:center; width:calc((100% - 20px) \/ 2); <\/style>\n      <\/div>\n      \n          <\/div>\n  <\/div>\n<\/section>\n\n<a href=\"javascript:void(0)\" tabindex=\"-1\" id=\"embedded-form\"><\/a>\n<section class=\"embedded-form white-background\">\n  <div class=\"small-max-width standard-spacing\">\n          <div class=\"intro-row\">\n        <h2 class=\"main-heading\">Formulario de donaci\u00f3n<\/h2>\n        <div class=\"body-copy\"><p>Cuando usted se asocia con SBH, da esperanza a quienes necesitan atenci\u00f3n en el Bronx. Su donaci\u00f3n marcar\u00e1 la diferencia.<\/p>\n<\/div>\n      <\/div>\n        \n\n          <div class=\"embedded-form-iframe\">\n        <div id=\"blackbaud-donation-form_19275588-b0f3-4f67-be41-1c5b5aae2631\"><\/div>\n        <script src=\"https:\/\/sky.blackbaudcdn.net\/static\/donor-form-loader\/2\/main.js\"><\/script>\n        <script>BBDonorFormLoader.newBlackbaudDonationFormZoned('renxt', 'p-HlzKCwHKc0CwTrhTX9LkPw', '19275588-b0f3-4f67-be41-1c5b5aae2631', 'usa')<\/script>\n      <\/div>\n    \n    \n          <div class=\"disclaimer-box\" style=\"gap:0;\">\n        <div class=\"disclaimers\" style=\"width:100%;\">\n                      <div class=\"body-copy reduced\">\n              <p><span data-olk-copy-source=\"MessageBody\">SBH Health System is a tax-exempt organization under section 501(c)(3) of the Internal Revenue Code. EIN #13-1740122<\/span><\/p>\n            <\/div>\n                    \n        <\/div>\n        <div class=\"disc-buttons\">\n          \n                    \n        <\/div>\n\n      <\/div>\n      <\/div>\n<\/section>\n\n\n<section class=\"image-twocol-hero\">\n  <div class=\"max-width standard-spacing twocol-row reverse\">\n\n          <div class=\"twocol-col\" >\n        <div class=\"linked-images-collage\">\n          <div class=\"top-row\">\n            <a  style=\"pointer-event:none; cursor:default;\">\n              <div class=\"top-left\" style=\"background-image:url('https:\/\/www.sbhny.org\/wp-content\/uploads\/2024\/09\/become-a-partner-image-4.png');\"><\/div>\n            <\/a>\n            <a  style=\"pointer-event:none; cursor:default;\">\n              <div class=\"top-right\" style=\"background-image:url('https:\/\/www.sbhny.org\/wp-content\/uploads\/2024\/09\/become-a-partner-image-5.png');\"><\/div>\n            <\/a>\n          <\/div>\n          <div class=\"bottom-row\">\n            <a  style=\"pointer-event:none; cursor:default;\">\n              <div class=\"bottom-left\" style=\"background-image:url('https:\/\/www.sbhny.org\/wp-content\/uploads\/2024\/09\/become-a-partner-image-2.png');\"><\/div>\n            <\/a>\n            <a  style=\"pointer-event:none; cursor:default;\">\n              <div class=\"bottom-center\" style=\"background-image:url('https:\/\/www.sbhny.org\/wp-content\/uploads\/2024\/09\/become-a-partner-image-3.png');\"><\/div>\n            <\/a>\n            <a  style=\"pointer-event:none; cursor:default;\">\n              <div class=\"bottom-right\" style=\"background-image:url('https:\/\/www.sbhny.org\/wp-content\/uploads\/2024\/09\/become-a-partner-image-1.png');\"><\/div>\n            <\/a>\n          <\/div>\n        <\/div>\n      <\/div>\n    \n\n    <div class=\"content-col twocol-col\">\n              <h2 class=\"main-heading\"><\/h2>\n            <div class=\"body-copy\">\n        <h2 class=\"main-heading\" style=\"text-align: center; color: black;\">H\u00e1gase socio<\/h2>\n      <\/div>\n      \n        \n      \n              <div class=\"gray-box gray-box--two-col gray-box--icon-contained centered\">\n                      <img decoding=\"async\" src=\"https:\/\/www.sbhny.org\/wp-content\/uploads\/2024\/09\/giving-icon.png\" alt=\"icon\" class=\"small\"\/>\n          \n                      <p class=\"medium-body-copy\"><strong>C\u00f3mo empezar<\/strong><\/p>            \n          \n          \n                      <p class=\"medium-body-copy gray-box-desc\">\u00bfHa pensado alguna vez en convertirse en embajador de la misi\u00f3n de SBH? Hablemos. Nos encantar\u00eda discutir uno-a-uno c\u00f3mo podemos asociarnos con usted para hacer un impacto duradero en la salud y el bienestar del Bronx. Por favor, env\u00ede un correo electr\u00f3nico a nuestra Directora de Promoci\u00f3n, Christine Hughes, para empezar. <\/p>            \n          \n                      <div class=\"body-copy\"><p class=\"small-heading\" style=\"text-align: center;\">Christine Hughes<\/p>\n<p style=\"text-align: center;\"><strong>Senior Vice President, Advancement and Chief Advancement Officer<\/strong><br \/>\nSistema de Salud SBH<\/p>\n<div class=\"disc-buttons\" style=\"background-color: white; padding: 20px; border-radius: 10px; justify-content: center;\"><a class=\"disc-button disc-button--email\" href=\"mailto:chughes@sbhny.org\">chughes@sbhny.org<\/a><br \/>\n<a class=\"disc-button disc-button--phone\" style=\"pointer-events: none;\" href=\"tel:7189606310\">(718) 960-6310<\/a><\/div>\n<style>.disc-buttons .disc-button {width:unset;}<\/style>\n<\/div>            \n          \n        <\/div>\n          <\/div>\n  <\/div>\n<\/section>\n\n\n<section class=\"testimonial-block standard-reversed\">\n  <div class=\"max-width standard-spacing\">\n    <div class=\"testimonial-row\">\n      <div class=\"content compressed\">\n                  <p class=\"subheading quote\"> 2026 New York Team of Heroes Gala<\/p>\n        \n                  <div class=\"body-copy\"><p>\u00danase a nosotros en una velada repleta de estrellas en la que rendiremos homenaje a los h\u00e9roes de SBH y recaudaremos fondos para apoyar nuestra misi\u00f3n. Forme parte del equipo que ofrece una atenci\u00f3n equitativa a todos los habitantes del Bronx.<\/p>\n<\/div>\n          <br>\n        \n\n                  <a href=\"\/es\/2026-new-york-team-of-heroes-gala\/\" class=\"btn\">Aprende m\u00e1s<\/a>      \n        \n      <\/div>\n\n      <div class=\"video\">\n        <div class=\"video-thumbnail no-video\" style=\"background-image: url('https:\/\/www.sbhny.org\/wp-content\/uploads\/2026\/03\/sbh-gala-team-on-stage.jpg');\">\n        <\/div>\n      <\/div>\n\n    <\/div>\n  <\/div>\n<\/section>","protected":false},"excerpt":{"rendered":"","protected":false},"author":3,"featured_media":0,"parent":0,"menu_order":0,"comment_status":"closed","ping_status":"closed","template":"","meta":{"_acf_changed":true,"_eb_attr":"","_price":"","_stock":"","_tribe_ticket_header":"","_tribe_default_ticket_provider":"","_tribe_ticket_capacity":"0","_ticket_start_date":"","_ticket_end_date":"","_tribe_ticket_show_description":"","_tribe_ticket_show_not_going":false,"_tribe_ticket_use_global_stock":"","_tribe_ticket_global_stock_level":"","_global_stock_mode":"","_global_stock_cap":"","_tribe_rsvp_for_event":"","_tribe_ticket_going_count":"","_tribe_ticket_not_going_count":"","_tribe_tickets_list":"[]","_tribe_ticket_has_attendee_info_fields":false,"footnotes":""},"class_list":["post-1940","page","type-page","status-publish","hentry"],"acf":[],"yoast_head":"<!-- This site is optimized with the Yoast SEO plugin v26.5 - https:\/\/yoast.com\/wordpress\/plugins\/seo\/ -->\n<title>Support - SBH Health System<\/title>\n<meta name=\"robots\" content=\"index, follow, max-snippet:-1, max-image-preview:large, max-video-preview:-1\" \/>\n<link rel=\"canonical\" href=\"https:\/\/www.sbhny.org\/es\/support\/\" \/>\n<meta property=\"og:locale\" content=\"es_MX\" \/>\n<meta property=\"og:type\" content=\"article\" \/>\n<meta property=\"og:title\" content=\"Support - SBH Health System\" \/>\n<meta property=\"og:url\" content=\"https:\/\/www.sbhny.org\/es\/support\/\" \/>\n<meta property=\"og:site_name\" content=\"SBH Health System\" \/>\n<meta property=\"article:publisher\" content=\"https:\/\/www.facebook.com\/SBHBronx\/\" \/>\n<meta property=\"article:modified_time\" content=\"2026-03-11T15:15:20+00:00\" \/>\n<meta name=\"twitter:card\" content=\"summary_large_image\" \/>\n<meta name=\"twitter:site\" content=\"@sbhbronx\" \/>\n<script type=\"application\/ld+json\" class=\"yoast-schema-graph\">{\"@context\":\"https:\/\/schema.org\",\"@graph\":[{\"@type\":\"WebPage\",\"@id\":\"https:\/\/www.sbhny.org\/support\/\",\"url\":\"https:\/\/www.sbhny.org\/support\/\",\"name\":\"Support - SBH Health System\",\"isPartOf\":{\"@id\":\"https:\/\/www.sbhny.org\/#website\"},\"datePublished\":\"2024-05-14T01:21:17+00:00\",\"dateModified\":\"2026-03-11T15:15:20+00:00\",\"breadcrumb\":{\"@id\":\"https:\/\/www.sbhny.org\/support\/#breadcrumb\"},\"inLanguage\":\"es\",\"potentialAction\":[{\"@type\":\"ReadAction\",\"target\":[\"https:\/\/www.sbhny.org\/support\/\"]}]},{\"@type\":\"BreadcrumbList\",\"@id\":\"https:\/\/www.sbhny.org\/support\/#breadcrumb\",\"itemListElement\":[{\"@type\":\"ListItem\",\"position\":1,\"name\":\"Home\",\"item\":\"https:\/\/www.sbhny.org\/\"},{\"@type\":\"ListItem\",\"position\":2,\"name\":\"Support\"}]},{\"@type\":\"WebSite\",\"@id\":\"https:\/\/www.sbhny.org\/#website\",\"url\":\"https:\/\/www.sbhny.org\/\",\"name\":\"SBH Health System\",\"description\":\"\",\"potentialAction\":[{\"@type\":\"SearchAction\",\"target\":{\"@type\":\"EntryPoint\",\"urlTemplate\":\"https:\/\/www.sbhny.org\/?s={search_term_string}\"},\"query-input\":{\"@type\":\"PropertyValueSpecification\",\"valueRequired\":true,\"valueName\":\"search_term_string\"}}],\"inLanguage\":\"es\"}]}<\/script>\n<!-- \/ Yoast SEO plugin. -->","yoast_head_json":{"title":"Apoyo - SBH Health System","robots":{"index":"index","follow":"follow","max-snippet":"max-snippet:-1","max-image-preview":"max-image-preview:large","max-video-preview":"max-video-preview:-1"},"canonical":"https:\/\/www.sbhny.org\/es\/support\/","og_locale":"es_MX","og_type":"article","og_title":"Support - SBH Health System","og_url":"https:\/\/www.sbhny.org\/es\/support\/","og_site_name":"SBH Health System","article_publisher":"https:\/\/www.facebook.com\/SBHBronx\/","article_modified_time":"2026-03-11T15:15:20+00:00","twitter_card":"summary_large_image","twitter_site":"@sbhbronx","schema":{"@context":"https:\/\/schema.org","@graph":[{"@type":"WebPage","@id":"https:\/\/www.sbhny.org\/support\/","url":"https:\/\/www.sbhny.org\/support\/","name":"Apoyo - SBH Health System","isPartOf":{"@id":"https:\/\/www.sbhny.org\/#website"},"datePublished":"2024-05-14T01:21:17+00:00","dateModified":"2026-03-11T15:15:20+00:00","breadcrumb":{"@id":"https:\/\/www.sbhny.org\/support\/#breadcrumb"},"inLanguage":"es","potentialAction":[{"@type":"ReadAction","target":["https:\/\/www.sbhny.org\/support\/"]}]},{"@type":"BreadcrumbList","@id":"https:\/\/www.sbhny.org\/support\/#breadcrumb","itemListElement":[{"@type":"ListItem","position":1,"name":"Home","item":"https:\/\/www.sbhny.org\/"},{"@type":"ListItem","position":2,"name":"Support"}]},{"@type":"WebSite","@id":"https:\/\/www.sbhny.org\/#website","url":"https:\/\/www.sbhny.org\/","name":"Sistema de Salud SBH","description":"","potentialAction":[{"@type":"SearchAction","target":{"@type":"EntryPoint","urlTemplate":"https:\/\/www.sbhny.org\/?s={search_term_string}"},"query-input":{"@type":"PropertyValueSpecification","valueRequired":true,"valueName":"search_term_string"}}],"inLanguage":"es"}]}},"_links":{"self":[{"href":"https:\/\/www.sbhny.org\/es\/wp-json\/wp\/v2\/pages\/1940","targetHints":{"allow":["GET"]}}],"collection":[{"href":"https:\/\/www.sbhny.org\/es\/wp-json\/wp\/v2\/pages"}],"about":[{"href":"https:\/\/www.sbhny.org\/es\/wp-json\/wp\/v2\/types\/page"}],"author":[{"embeddable":true,"href":"https:\/\/www.sbhny.org\/es\/wp-json\/wp\/v2\/users\/3"}],"replies":[{"embeddable":true,"href":"https:\/\/www.sbhny.org\/es\/wp-json\/wp\/v2\/comments?post=1940"}],"version-history":[{"count":0,"href":"https:\/\/www.sbhny.org\/es\/wp-json\/wp\/v2\/pages\/1940\/revisions"}],"wp:attachment":[{"href":"https:\/\/www.sbhny.org\/es\/wp-json\/wp\/v2\/media?parent=1940"}],"curies":[{"name":"wp","href":"https:\/\/api.w.org\/{rel}","templated":true}]}}