{"id":1945,"date":"2024-05-14T01:57:06","date_gmt":"2024-05-14T01:57:06","guid":{"rendered":"https:\/\/sbhny.wpenginepowered.com\/?page_id=1945"},"modified":"2024-10-11T12:44:41","modified_gmt":"2024-10-11T12:44:41","slug":"patient-rights","status":"publish","type":"page","link":"https:\/\/www.sbhny.org\/es\/patient-rights\/","title":{"rendered":"Derechos del paciente"},"content":{"rendered":"<section class=\"accordion-section\">\n  <div class=\"max-width standard-spacing\">\n        <h2 class=\"main-heading\">Recursos para pacientes<\/h2>\n          <div class=\"body-copy\"><p>En el Estado de Nueva York, todos los pacientes tienen garantizados derechos y protecciones que aseguran la calidad y seguridad de su asistencia sanitaria. Para obtener una lista completa de todos los derechos de los pacientes, visite la p\u00e1gina web <a href=\"https:\/\/www.health.ny.gov\/professionals\/patients\/patient_rights\/\">Sitio web del Estado de Nueva York<\/a>.<\/p>\n<\/div>\n        \n    <div class=\"accordion-container\">\n\n    \n    <div class=\"accordion-card open\" itemscope=\"itemscope\" itemprop=\"mainEntity\" itemtype=\"https:\/\/schema.org\/Question\">\n      <div class=\"accordion-card-header\">\n        <button id=\"twocol_id_Patients-Bill-of--Rights\" class=\"accordion-button large-body-copy\" aria-expanded=\"true\" aria-controls=\"twocol_Patients-Bill-of--Rights\">Declaraci\u00f3n de derechos del paciente<\/button>\n      <\/div>\n      <div class=\"accordion-card-content body-copy\" itemscope=\"itemscope\" itemprop=\"acceptedAnswer\" itemtype=\"https:\/\/schema.org\/Answer\" id=\"twocol_Patients-Bill-of--Rights\" aria-labelledby=\"twocol_id_Patients-Bill-of--Rights\" role=\"region\">\n        <p><strong>Como paciente de un hospital del Estado de Nueva York, tiene derecho, de acuerdo con la ley, a:<\/strong><\/p>\n<ol>\n<li>Comprenda y haga uso de estos derechos. Si por alguna raz\u00f3n no entiende o necesita ayuda, el hospital DEBE proporcionarle asistencia, incluido un int\u00e9rprete.<\/li>\n<li>Recibir un trato sin discriminaci\u00f3n por motivos de raza, color, religi\u00f3n, sexo, identidad de g\u00e9nero, origen nacional, discapacidad, orientaci\u00f3n sexual, edad o fuente de pago.<\/li>\n<li>Recibir una atenci\u00f3n considerada y respetuosa en un entorno limpio y seguro, sin sujeciones innecesarias.<\/li>\n<li>Recibir atenci\u00f3n de urgencia si la necesita. Ser informado del nombre y cargo del m\u00e9dico que se encargar\u00e1 de su atenci\u00f3n en el hospital.<\/li>\n<li>Conocer los nombres, cargos y funciones de todo el personal del hospital que participe en su atenci\u00f3n y negarse a que le traten, examinen u observen.<\/li>\n<li>Identifique a un cuidador que vaya a participar en la planificaci\u00f3n del alta y en el intercambio de informaci\u00f3n o instrucciones sobre los cuidados posteriores al alta.<\/li>\n<li>Reciba informaci\u00f3n completa sobre su diagn\u00f3stico, tratamiento y pron\u00f3stico.<\/li>\n<li>Recibir toda la informaci\u00f3n que necesite para dar su consentimiento informado para cualquier procedimiento o tratamiento propuesto. Esta informaci\u00f3n incluir\u00e1 los posibles riesgos y beneficios del procedimiento o tratamiento.<\/li>\n<li>Reciba toda la informaci\u00f3n que necesite para dar su consentimiento informado para una orden de no reanimaci\u00f3n. Tambi\u00e9n tiene derecho a designar a una persona para que d\u00e9 este consentimiento por usted si est\u00e1 demasiado enfermo para hacerlo. Si desea informaci\u00f3n adicional, solicite un ejemplar del folleto \"Decidir sobre la asistencia sanitaria - Gu\u00eda para pacientes y familiares\".<\/li>\n<li>Rechazar el tratamiento y que le digan qu\u00e9 efectos puede tener en su salud.<br \/>\nNegarse a participar en la investigaci\u00f3n. Al decidir si participa o no, tiene derecho a una explicaci\u00f3n completa.<\/li>\n<li>Privacidad durante su estancia en el hospital y confidencialidad de toda la informaci\u00f3n y registros relativos a sus cuidados.<\/li>\n<li>Participar en todas las decisiones sobre su tratamiento y alta hospitalaria. El hospital debe proporcionarle un plan de alta por escrito y una descripci\u00f3n por escrito de c\u00f3mo puede apelar su alta.<\/li>\n<li>Revisar su historial m\u00e9dico sin coste alguno y, obtener una copia de su historial m\u00e9dico por la que el hospital pueda cobrarle una tarifa razonable. No se le puede negar una copia \u00fanicamente porque no pueda pagarla.<\/li>\n<li>Recibir una factura detallada y una explicaci\u00f3n de todos los cargos.<\/li>\n<li>Consulte una lista de las tarifas est\u00e1ndar del hospital por art\u00edculos y servicios y los planes de salud con los que participa el hospital.<\/li>\n<li>Impugnar una factura inesperada a trav\u00e9s del proceso de Resoluci\u00f3n Independiente de Conflictos.<\/li>\n<li>Quejarse sin temor a represalias sobre la atenci\u00f3n y los servicios que recibe y a que el hospital le responda y, si lo solicita, le env\u00ede una respuesta por escrito. Si no est\u00e1 satisfecho con la respuesta del hospital, puede presentar una queja ante el Departamento de Salud del Estado de Nueva York. El hospital debe facilitarle el n\u00famero de tel\u00e9fono del Departamento de Salud del Estado.<\/li>\n<li>Autorice a los familiares y otros adultos que tendr\u00e1n prioridad para visitarle en funci\u00f3n de su capacidad para recibir visitas.<\/li>\n<li>D\u00e9 a conocer sus deseos con respecto a las donaciones anat\u00f3micas. Las personas de diecis\u00e9is a\u00f1os o m\u00e1s pueden documentar su consentimiento para donar sus \u00f3rganos, ojos y\/o tejidos, tras su fallecimiento, inscribi\u00e9ndose en el Registro de Donaci\u00f3n de Vida del Estado de Nueva York o documentando su autorizaci\u00f3n para la donaci\u00f3n de \u00f3rganos y\/o tejidos por escrito de diversas formas (como un poder sanitario, testamento, tarjeta de donante u otro documento firmado). El hospital dispone de un poder sanitario.<\/li>\n<\/ol>\n      <\/div>\n    <\/div>\n\n    \n    <div class=\"accordion-card open\" itemscope=\"itemscope\" itemprop=\"mainEntity\" itemtype=\"https:\/\/schema.org\/Question\">\n      <div class=\"accordion-card-header\">\n        <button id=\"twocol_id_Parents-Bill-of-Rights\" class=\"accordion-button large-body-copy\" aria-expanded=\"true\" aria-controls=\"twocol_Parents-Bill-of-Rights\">Declaraci\u00f3n de derechos de los padres<\/button>\n      <\/div>\n      <div class=\"accordion-card-content body-copy\" itemscope=\"itemscope\" itemprop=\"acceptedAnswer\" itemtype=\"https:\/\/schema.org\/Answer\" id=\"twocol_Parents-Bill-of-Rights\" aria-labelledby=\"twocol_id_Parents-Bill-of-Rights\" role=\"region\">\n        <p><strong>Como padre, tutor legal o persona con autoridad para tomar decisiones sobre un paciente pedi\u00e1trico que recibe atenci\u00f3n en este hospital, usted tiene derecho, de acuerdo con la ley, a lo siguiente:<\/strong><\/p>\n<ol>\n<li>Informar al hospital del nombre del m\u00e9dico de cabecera de su hijo, si lo conoce, y hacer que esta informaci\u00f3n quede documentada en la historia cl\u00ednica de su hijo.<\/li>\n<li>Para tener la seguridad de que nuestro hospital s\u00f3lo admitir\u00e1 pacientes pedi\u00e1tricos en la medida en que sea compatible con la capacidad de nuestro hospital para proporcionar personal cualificado, espacio y equipos de tama\u00f1o adecuado necesarios para las necesidades \u00fanicas de los pacientes pedi\u00e1tricos.<\/li>\n<li>Permitir que al menos uno de los padres o tutores permanezca con su hijo en todo momento, en la medida de lo posible dadas las necesidades de salud y seguridad de su hijo.<\/li>\n<li>Que todos los resultados de las pruebas realizadas durante el ingreso o la visita a urgencias de su hijo sean revisados por un m\u00e9dico, asistente m\u00e9dico o enfermero que est\u00e9 familiarizado con la enfermedad que presenta su hijo.<\/li>\n<li>Que su hijo no sea dado de alta de nuestro hospital o sala de urgencias hasta que un m\u00e9dico, asistente m\u00e9dico y\/o enfermera especializada revise cualquier prueba de la que quepa esperar razonablemente que arroje resultados de valor cr\u00edtico y se lo comunique a usted o a otras personas encargadas de tomar decisiones, y a su hijo, si procede. Los resultados de valor cr\u00edtico son resultados que sugieren una afecci\u00f3n potencialmente mortal o significativa que requiere atenci\u00f3n m\u00e9dica inmediata.<\/li>\n<li>Que su hijo no sea dado de alta de nuestro hospital o sala de urgencias hasta que usted o su hijo, si procede, reciban un plan de alta por escrito, que tambi\u00e9n se les comunicar\u00e1 verbalmente a usted y a su hijo o a otras personas encargadas de tomar decisiones m\u00e9dicas. El plan de alta por escrito identificar\u00e1 espec\u00edficamente cualquier resultado cr\u00edtico de las pruebas de laboratorio u otras pruebas diagn\u00f3sticas solicitadas durante la estancia de su hijo e identificar\u00e1 cualquier otra prueba que a\u00fan no haya concluido.<\/li>\n<li>A que se le faciliten los resultados de los valores cr\u00edticos y el plan de alta de su hijo de forma que se garantice razonablemente que usted, su hijo (si procede) u otra persona con capacidad de decisi\u00f3n m\u00e9dica<br \/>\nLos fabricantes comprenden la informaci\u00f3n sanitaria facilitada para poder tomar decisiones sanitarias adecuadas.<\/li>\n<li>Para que el m\u00e9dico de cabecera de su hijo, si lo conoce, reciba todos los resultados de laboratorio de esta hospitalizaci\u00f3n o visita a urgencias.<\/li>\n<li>Para solicitar informaci\u00f3n sobre el diagn\u00f3stico o posibles diagn\u00f3sticos que se consideraron durante este episodio de atenci\u00f3n y las complicaciones que podr\u00edan desarrollarse, as\u00ed como informaci\u00f3n sobre cualquier contacto que se haya establecido con el proveedor de atenci\u00f3n primaria de su hijo.<\/li>\n<li>Que se le facilite, al alta de su hijo del hospital o del servicio de urgencias, un n\u00famero de tel\u00e9fono al que pueda llamar para pedir consejo en caso de que surjan complicaciones o preguntas sobre el estado de su hijo.<\/li>\n<\/ol>\n      <\/div>\n    <\/div>\n\n    \n    <div class=\"accordion-card open\" itemscope=\"itemscope\" itemprop=\"mainEntity\" itemtype=\"https:\/\/schema.org\/Question\">\n      <div class=\"accordion-card-header\">\n        <button id=\"twocol_id_Breastfeeding-Mothers-Bill-of-Rights\" class=\"accordion-button large-body-copy\" aria-expanded=\"true\" aria-controls=\"twocol_Breastfeeding-Mothers-Bill-of-Rights\">Declaraci\u00f3n de derechos de las madres lactantes<\/button>\n      <\/div>\n      <div class=\"accordion-card-content body-copy\" itemscope=\"itemscope\" itemprop=\"acceptedAnswer\" itemtype=\"https:\/\/schema.org\/Answer\" id=\"twocol_Breastfeeding-Mothers-Bill-of-Rights\" aria-labelledby=\"twocol_id_Breastfeeding-Mothers-Bill-of-Rights\" role=\"region\">\n        <p>Elegir c\u00f3mo alimentar a su nuevo beb\u00e9 es una de las decisiones m\u00e1s importantes que puede tomar una madre al prepararse para la llegada de su hijo. Los m\u00e9dicos coinciden en que, para la mayor\u00eda de las mujeres, la lactancia materna es la opci\u00f3n m\u00e1s segura y saludable. Tienes derecho a estar informada sobre los beneficios de la lactancia materna y a que tu proveedor de atenci\u00f3n sanitaria, el centro de salud materno y la guarder\u00eda fomenten y apoyen la lactancia materna. Tienes derecho a tomar tu propia decisi\u00f3n sobre la lactancia materna. Tanto si decide dar el pecho como si no, tiene los derechos que se enumeran a continuaci\u00f3n, independientemente de su raza, credo, origen nacional, orientaci\u00f3n sexual, identidad o expresi\u00f3n de g\u00e9nero o fuente de pago de su atenci\u00f3n sanitaria.<\/p>\n<p>Los centros de salud materna tienen la responsabilidad de asegurarse de que usted comprende estos derechos. Deben facilitarte esta informaci\u00f3n de forma clara y, si es necesario, deben proporcionarte un int\u00e9rprete. Estos derechos s\u00f3lo pueden limitarse en los casos en que su salud o la de su beb\u00e9 lo requieran.<\/p>\n<p>Si alguna de las siguientes cosas no es m\u00e9dicamente adecuada para ti o para tu beb\u00e9, debes ser plenamente informada de los hechos y ser consultada.<\/p>\n<div style=\"clear: both\"><\/div>\n<p><strong>Antes de dar a luz:<\/strong><\/p>\n<p>Si asiste a clases de educaci\u00f3n prenatal para el parto (las impartidas por el centro de atenci\u00f3n sanitaria materna y por todas las cl\u00ednicas hospitalarias y centros de diagn\u00f3stico y tratamiento que prestan servicios prenatales de conformidad con el art\u00edculo 28 de la Ley de Salud P\u00fablica), deber\u00e1 recibir la Declaraci\u00f3n de derechos de las madres lactantes. Cada centro de salud materna proporcionar\u00e1 el folleto informativo sobre maternidad, incluida la Declaraci\u00f3n de derechos de las madres lactantes, a cada paciente o al representante personal designado en el momento de la reserva previa o en el momento del ingreso en un centro de salud materna.<\/p>\n<p>Tiene derecho a recibir informaci\u00f3n completa sobre los beneficios de la lactancia materna para usted y su beb\u00e9. Esto te ayudar\u00e1 a tomar una decisi\u00f3n informada sobre c\u00f3mo alimentar a tu beb\u00e9.<\/p>\n<p>Tiene derecho a recibir informaci\u00f3n libre de intereses comerciales:<\/p>\n<ol>\n<li>C\u00f3mo la lactancia os beneficia a ti y a tu beb\u00e9 desde el punto de vista nutricional, m\u00e9dico y emocional;<\/li>\n<li>C\u00f3mo prepararse para la lactancia;<\/li>\n<li>C\u00f3mo entender algunos de los problemas a los que puede enfrentarse y c\u00f3mo resolverlos.<\/li>\n<\/ol>\n<p>&nbsp;<\/p>\n<p><strong>En El centro de salud materna:<\/strong><\/p>\n<ol>\n<li>Tienes derecho a que tu beb\u00e9 se quede contigo justo despu\u00e9s del parto, tanto si es vaginal como por ces\u00e1rea.<\/li>\n<li>Tiene derecho a empezar la lactancia materna en la hora siguiente al parto.<\/li>\n<li>Tienes derecho a recibir ayuda de alguien formado en lactancia materna.<\/li>\n<li>Tienes derecho a que tu beb\u00e9 no reciba ning\u00fan biber\u00f3n ni chupete.<\/li>\n<li>Tienes derecho a conocer y rechazar cualquier medicamento que pueda secarte la leche.<\/li>\n<li>Tienes derecho a tener a tu beb\u00e9 en tu habitaci\u00f3n contigo las 24 horas del d\u00eda.<\/li>\n<li>Tienes derecho a amamantar a tu beb\u00e9 a cualquier hora del d\u00eda o de la noche.<\/li>\n<li>Tienes derecho a saber si tu m\u00e9dico o el pediatra de tu beb\u00e9 desaconsejan la lactancia materna antes de tomar cualquier decisi\u00f3n al respecto.<\/li>\n<li>Tienes derecho a que en la cuna de tu beb\u00e9 haya un cartel en el que se indique claramente que se le da el pecho y que no se le ofrece ning\u00fan tipo de biber\u00f3n.<\/li>\n<li>Tienes derecho a recibir informaci\u00f3n completa sobre c\u00f3mo te va con la lactancia y a recibir ayuda para mejorar.<\/li>\n<li>Tiene derecho a amamantar a su beb\u00e9 en la unidad de cuidados intensivos neonatales. Si la lactancia no es posible, se har\u00e1 todo lo posible para que su beb\u00e9 reciba su leche extra\u00edda o bombeada.<\/li>\n<li>Si usted -o su beb\u00e9- vuelven a ser hospitalizados en un centro de salud materna despu\u00e9s de la estancia inicial para el parto, el hospital har\u00e1 todo lo posible por seguir apoyando la lactancia materna, y por proporcionar extractores el\u00e9ctricos de uso hospitalario e instalaciones de alojamiento.<\/li>\n<li>Si tu beb\u00e9 tiene necesidades especiales, tienes derecho a recibir ayuda de una persona especialmente formada en apoyo a la lactancia.<\/li>\n<li>Tiene derecho a que un familiar o amigo reciba informaci\u00f3n sobre la lactancia materna de un miembro del personal, si usted lo solicita.<\/li>\n<\/ol>\n<div style=\"clear: both\"><\/div>\n<p>&nbsp;<\/p>\n<p><strong>Cuando abandone el centro de salud materna:<\/strong><\/p>\n<ol>\n<li>Tiene derecho a informaci\u00f3n impresa sobre lactancia materna libre de material comercial.<\/li>\n<li>Usted tiene derecho, a menos que lo solicite especialmente, y est\u00e9 disponible en el centro, a ser dado de alta del centro sin paquetes de alta que contengan leche artificial para lactantes, o cupones de leche artificial a menos que lo ordene el profesional sanitario de su beb\u00e9.<\/li>\n<li>Tiene derecho a obtener informaci\u00f3n sobre los recursos de lactancia materna de su comunidad, incluida informaci\u00f3n sobre la disponibilidad de asesores de lactancia, grupos de apoyo y sacaleches.<\/li>\n<li>Tiene derecho a que el centro le facilite informaci\u00f3n que le ayude a elegir un proveedor m\u00e9dico para su beb\u00e9 y a comprender la importancia de una cita de seguimiento.<\/li>\n<li>Tiene derecho a recibir informaci\u00f3n sobre la recogida y conservaci\u00f3n seguras de la leche materna.<\/li>\n<li>Tiene derecho a amamantar a su beb\u00e9 en cualquier lugar, p\u00fablico o privado, en el que est\u00e9 autorizada a estar. Las quejas pueden dirigirse a la Divisi\u00f3n de Derechos Humanos del Estado de Nueva York.<\/li>\n<li>Tienes derecho a amamantar a tu beb\u00e9 en tu lugar de trabajo o guarder\u00eda en un entorno que no desincentive la lactancia o el suministro de leche materna.<\/li>\n<li>En virtud del art\u00edculo 206-c de la Ley del Trabajo, hasta tres a\u00f1os despu\u00e9s del parto tienes derecho a disfrutar de un tiempo razonable de descanso no remunerado o a utilizar el tiempo de descanso remunerado o el tiempo de comida cada d\u00eda, para poder extraer la leche materna en el trabajo. La empresa debe hacer esfuerzos razonables para proporcionarle una sala u otro lugar, cerca de su lugar de trabajo, donde pueda extraerse la leche materna en privado. La empresa no puede discriminarla por su decisi\u00f3n de extraer la leche materna en el trabajo. Las quejas pueden dirigirse al Departamento de Trabajo del Estado de Nueva York.<\/li>\n<\/ol>\n<div style=\"clear: both\"><\/div>\n<p>\u00c9stos son tus derechos. Si el centro de salud materno no respeta estos derechos, puede buscar ayuda poni\u00e9ndose en contacto con el Departamento de Salud del Estado de Nueva York, o llamando al tel\u00e9fono de quejas del hospital 1-800-804-5447; o por correo electr\u00f3nico a\u00a0<a href=\"mailto:hospinfo@health.ny.gov\">hospinfo@health.ny.gov<\/a>.<\/p>\n      <\/div>\n    <\/div>\n\n    \n    <div class=\"accordion-card open\" itemscope=\"itemscope\" itemprop=\"mainEntity\" itemtype=\"https:\/\/schema.org\/Question\">\n      <div class=\"accordion-card-header\">\n        <button id=\"twocol_id_Language-Services\" class=\"accordion-button large-body-copy\" aria-expanded=\"true\" aria-controls=\"twocol_Language-Services\">Servicios ling\u00fc\u00edsticos<\/button>\n      <\/div>\n      <div class=\"accordion-card-content body-copy\" itemscope=\"itemscope\" itemprop=\"acceptedAnswer\" itemtype=\"https:\/\/schema.org\/Answer\" id=\"twocol_Language-Services\" aria-labelledby=\"twocol_id_Language-Services\" role=\"region\">\n        <p>SBH Health System est\u00e1 situado en el Bronx, donde 57% de los hogares hablan un idioma distinto del ingl\u00e9s, y m\u00e1s de 50% hablan espa\u00f1ol. Para satisfacer las necesidades sanitarias de los pacientes con un dominio limitado del ingl\u00e9s, as\u00ed como de aquellos con problemas de visi\u00f3n, audici\u00f3n y habla, SBH Health System puso en marcha en 2006 el Programa de Asistencia Ling\u00fc\u00edstica y Culturalmente Adecuada (LCAAP).<\/p>\n<p>Desde su introducci\u00f3n, el LCAAP ha dado grandes pasos para promover una comunicaci\u00f3n significativa entre el personal del Hospital St. Barnabas y la comunidad. Hoy en d\u00eda, el SBH ofrece m\u00e1s de 160.000 minutos de interpretaci\u00f3n al a\u00f1o en m\u00e1s de 140 idiomas, incluidos los m\u00e1s populares en esta zona -espa\u00f1ol, criollo franc\u00e9s, alban\u00e9s, mandar\u00edn, \u00e1rabe y vietnamita-, as\u00ed como el lenguaje de signos americano.  Esto supone una media de 700 solicitudes de interpretaci\u00f3n al mes.<\/p>\n<p>La interpretaci\u00f3n m\u00e9dica es una habilidad especializada que requiere el conocimiento de la terminolog\u00eda m\u00e9dica, las enfermedades, los procedimientos y el equipo del ingl\u00e9s a cualquier idioma de destino espec\u00edfico. Encontrar un int\u00e9rprete m\u00e9dico es ahora m\u00e1s f\u00e1cil con la instalaci\u00f3n de\u00a0<b>Servicios ling\u00fc\u00edsticos Propio<\/b>un nuevo sistema implantado recientemente en SBH en todas las unidades de pacientes, en atenci\u00f3n ambulatoria y en urgencias.<\/p>\n<p>Para las personas sordas, con problemas de audici\u00f3n o no verbales, hay monitores de interpretaci\u00f3n de v\u00eddeo disponibles 24 horas al d\u00eda, 7 d\u00edas a la semana, para conectar con un int\u00e9rprete de lengua de signos que se conecta a trav\u00e9s de Wi-Fi.<\/p>\n<p>Nuestros m\u00e9dicos y enfermeras est\u00e1n formados en el uso de estas modalidades, y realizamos talleres pr\u00e1cticos continuos para asegurarnos de que el personal est\u00e1 adecuadamente formado para ayudar a los pacientes que necesitan asistencia ling\u00fc\u00edstica. Puede descargar y leer la lista completa de nuestros\u00a0<a href=\"\/wp-content\/uploads\/2024\/09\/Point-to-Your-Language-14-x-8.5-Trifold.pdf\">Servicios de interpretaci\u00f3n<\/a>.<\/p>\n<p>El Estado de Nueva York exige a todos los hospitales que proporcionen servicios gratuitos de interpretaci\u00f3n m\u00e9dica a los pacientes en los 10 minutos siguientes a su llegada a urgencias y en los 20 minutos siguientes en el resto del hospital. Esto se conoce como la \"regla 10-20\".<\/p>\n<p>Preocupados por la comodidad, el cuidado y el bienestar de nuestros pacientes y en cumplimiento de la normativa, St. Barnabas se compromete a proporcionar asistencia cultural y ling\u00fc\u00edstica a todos los que entran por nuestras puertas.<\/p>\n      <\/div>\n    <\/div>\n\n    \n    <\/div>\n\n    \n  <\/div>\n<\/section>","protected":false},"excerpt":{"rendered":"","protected":false},"author":3,"featured_media":0,"parent":0,"menu_order":0,"comment_status":"closed","ping_status":"closed","template":"","meta":{"_acf_changed":true,"_eb_attr":"","_price":"","_stock":"","_tribe_ticket_header":"","_tribe_default_ticket_provider":"","_tribe_ticket_capacity":"0","_ticket_start_date":"","_ticket_end_date":"","_tribe_ticket_show_description":"","_tribe_ticket_show_not_going":false,"_tribe_ticket_use_global_stock":"","_tribe_ticket_global_stock_level":"","_global_stock_mode":"","_global_stock_cap":"","_tribe_rsvp_for_event":"","_tribe_ticket_going_count":"","_tribe_ticket_not_going_count":"","_tribe_tickets_list":"[]","_tribe_ticket_has_attendee_info_fields":false,"footnotes":""},"class_list":["post-1945","page","type-page","status-publish","hentry"],"acf":[],"yoast_head":"<!-- This site is optimized with the Yoast SEO plugin v26.5 - https:\/\/yoast.com\/wordpress\/plugins\/seo\/ -->\n<title>Patient Rights - SBH Health System<\/title>\n<meta name=\"robots\" content=\"index, follow, max-snippet:-1, max-image-preview:large, max-video-preview:-1\" \/>\n<link rel=\"canonical\" href=\"https:\/\/www.sbhny.org\/es\/patient-rights\/\" \/>\n<meta property=\"og:locale\" content=\"es_MX\" \/>\n<meta property=\"og:type\" content=\"article\" \/>\n<meta property=\"og:title\" content=\"Patient Rights - SBH Health System\" \/>\n<meta property=\"og:url\" content=\"https:\/\/www.sbhny.org\/es\/patient-rights\/\" \/>\n<meta property=\"og:site_name\" content=\"SBH Health System\" \/>\n<meta property=\"article:publisher\" content=\"https:\/\/www.facebook.com\/SBHBronx\/\" \/>\n<meta property=\"article:modified_time\" content=\"2024-10-11T12:44:41+00:00\" \/>\n<meta name=\"twitter:card\" content=\"summary_large_image\" \/>\n<meta name=\"twitter:site\" content=\"@sbhbronx\" \/>\n<script type=\"application\/ld+json\" class=\"yoast-schema-graph\">{\"@context\":\"https:\/\/schema.org\",\"@graph\":[{\"@type\":\"WebPage\",\"@id\":\"https:\/\/www.sbhny.org\/patient-rights\/\",\"url\":\"https:\/\/www.sbhny.org\/patient-rights\/\",\"name\":\"Patient Rights - SBH Health System\",\"isPartOf\":{\"@id\":\"https:\/\/www.sbhny.org\/#website\"},\"datePublished\":\"2024-05-14T01:57:06+00:00\",\"dateModified\":\"2024-10-11T12:44:41+00:00\",\"breadcrumb\":{\"@id\":\"https:\/\/www.sbhny.org\/patient-rights\/#breadcrumb\"},\"inLanguage\":\"es\",\"potentialAction\":[{\"@type\":\"ReadAction\",\"target\":[\"https:\/\/www.sbhny.org\/patient-rights\/\"]}]},{\"@type\":\"BreadcrumbList\",\"@id\":\"https:\/\/www.sbhny.org\/patient-rights\/#breadcrumb\",\"itemListElement\":[{\"@type\":\"ListItem\",\"position\":1,\"name\":\"Home\",\"item\":\"https:\/\/www.sbhny.org\/\"},{\"@type\":\"ListItem\",\"position\":2,\"name\":\"Patient Rights\"}]},{\"@type\":\"WebSite\",\"@id\":\"https:\/\/www.sbhny.org\/#website\",\"url\":\"https:\/\/www.sbhny.org\/\",\"name\":\"SBH Health System\",\"description\":\"\",\"potentialAction\":[{\"@type\":\"SearchAction\",\"target\":{\"@type\":\"EntryPoint\",\"urlTemplate\":\"https:\/\/www.sbhny.org\/?s={search_term_string}\"},\"query-input\":{\"@type\":\"PropertyValueSpecification\",\"valueRequired\":true,\"valueName\":\"search_term_string\"}}],\"inLanguage\":\"es\"}]}<\/script>\n<!-- \/ Yoast SEO plugin. -->","yoast_head_json":{"title":"Patient Rights - SBH Health System","robots":{"index":"index","follow":"follow","max-snippet":"max-snippet:-1","max-image-preview":"max-image-preview:large","max-video-preview":"max-video-preview:-1"},"canonical":"https:\/\/www.sbhny.org\/es\/patient-rights\/","og_locale":"es_MX","og_type":"article","og_title":"Patient Rights - SBH Health System","og_url":"https:\/\/www.sbhny.org\/es\/patient-rights\/","og_site_name":"SBH Health System","article_publisher":"https:\/\/www.facebook.com\/SBHBronx\/","article_modified_time":"2024-10-11T12:44:41+00:00","twitter_card":"summary_large_image","twitter_site":"@sbhbronx","schema":{"@context":"https:\/\/schema.org","@graph":[{"@type":"WebPage","@id":"https:\/\/www.sbhny.org\/patient-rights\/","url":"https:\/\/www.sbhny.org\/patient-rights\/","name":"Patient Rights - SBH Health System","isPartOf":{"@id":"https:\/\/www.sbhny.org\/#website"},"datePublished":"2024-05-14T01:57:06+00:00","dateModified":"2024-10-11T12:44:41+00:00","breadcrumb":{"@id":"https:\/\/www.sbhny.org\/patient-rights\/#breadcrumb"},"inLanguage":"es","potentialAction":[{"@type":"ReadAction","target":["https:\/\/www.sbhny.org\/patient-rights\/"]}]},{"@type":"BreadcrumbList","@id":"https:\/\/www.sbhny.org\/patient-rights\/#breadcrumb","itemListElement":[{"@type":"ListItem","position":1,"name":"Home","item":"https:\/\/www.sbhny.org\/"},{"@type":"ListItem","position":2,"name":"Patient Rights"}]},{"@type":"WebSite","@id":"https:\/\/www.sbhny.org\/#website","url":"https:\/\/www.sbhny.org\/","name":"Sistema de Salud SBH","description":"","potentialAction":[{"@type":"SearchAction","target":{"@type":"EntryPoint","urlTemplate":"https:\/\/www.sbhny.org\/?s={search_term_string}"},"query-input":{"@type":"PropertyValueSpecification","valueRequired":true,"valueName":"search_term_string"}}],"inLanguage":"es"}]}},"_links":{"self":[{"href":"https:\/\/www.sbhny.org\/es\/wp-json\/wp\/v2\/pages\/1945","targetHints":{"allow":["GET"]}}],"collection":[{"href":"https:\/\/www.sbhny.org\/es\/wp-json\/wp\/v2\/pages"}],"about":[{"href":"https:\/\/www.sbhny.org\/es\/wp-json\/wp\/v2\/types\/page"}],"author":[{"embeddable":true,"href":"https:\/\/www.sbhny.org\/es\/wp-json\/wp\/v2\/users\/3"}],"replies":[{"embeddable":true,"href":"https:\/\/www.sbhny.org\/es\/wp-json\/wp\/v2\/comments?post=1945"}],"version-history":[{"count":0,"href":"https:\/\/www.sbhny.org\/es\/wp-json\/wp\/v2\/pages\/1945\/revisions"}],"wp:attachment":[{"href":"https:\/\/www.sbhny.org\/es\/wp-json\/wp\/v2\/media?parent=1945"}],"curies":[{"name":"wp","href":"https:\/\/api.w.org\/{rel}","templated":true}]}}