{"id":2024,"date":"2024-05-14T15:14:00","date_gmt":"2024-05-14T15:14:00","guid":{"rendered":"https:\/\/sbhny.wpenginepowered.com\/?page_id=2024"},"modified":"2024-10-01T03:07:24","modified_gmt":"2024-10-01T03:07:24","slug":"social-work","status":"publish","type":"page","link":"https:\/\/www.sbhny.org\/es\/social-work\/","title":{"rendered":"Trabajo Social"},"content":{"rendered":"<section class=\"image-twocol-hero background-image\">\n  <div class=\"max-width standard-spacing twocol-row\">\n\n          <div class=\"image-col twocol-col\" style=\"background-image: url('https:\/\/www.sbhny.org\/wp-content\/uploads\/2024\/09\/social-work-r.jpg');\"><\/div>\n    \n\n    <div class=\"content-col twocol-col\">\n              <h1 class=\"main-heading\">Trabajo Social<\/h1>\n            <div class=\"body-copy\">\n        <p>Los trabajadores sociales del SBH Health System desempe\u00f1an un papel vital en la atenci\u00f3n al paciente. Aunque desempe\u00f1an muchas funciones, la planificaci\u00f3n del alta es la funci\u00f3n principal del trabajador social. Junto con los gestores de casos, los trabajadores sociales asisten a rondas interdisciplinarias en las que debaten sobre pacientes con problemas m\u00e9dicos y sociales complicados que necesitan una planificaci\u00f3n del alta.<\/p>\n      <\/div>\n      \n        \n      \n          <\/div>\n  <\/div>\n<\/section>\n\n<section class=\"text-block white-background\">\n  <div class=\"small-max-width standard-spacing body-copy\">\n    <p>La planificaci\u00f3n del alta por parte de los trabajadores sociales del SBH implica un proceso de cribado de admisi\u00f3n inicial que resulta \u00fatil para identificar las necesidades del paciente. Los trabajadores sociales utilizan criterios de alto riesgo, que ayudan a identificar a los pacientes m\u00e1s vulnerables. Algunos de estos factores de alto riesgo son la falta de hogar, la necesidad de cuidados de seguimiento tras el alta, la sospecha de abuso o negligencia, los mayores de 65 a\u00f1os que viven y viven solos, los mayores de 75 a\u00f1os, los discapacitados del desarrollo, los desempleados, los infrasegurados o no asegurados, los reingresos m\u00faltiples, los diagn\u00f3sticos cr\u00f3nicos y\/o terminales y el deterioro de las AVD.<\/p>\n<p>En funci\u00f3n de las necesidades del paciente, se crea un plan de alta. Los planes de alta pueden incluir una residencia de ancianos para rehabilitaci\u00f3n a corto o largo plazo, derivaciones a domicilio\/agencias de enfermer\u00eda y\/o derivaciones a los distintos servicios indicados. Todo ello no s\u00f3lo para garantizar que nuestros pacientes reciban el alta de forma oportuna y segura, sino tambi\u00e9n para evitar un reingreso.<\/p>\n  <\/div>\n<\/section>  \n\n\n\n\n<section class=\"location-feature default\">\n  <div class=\"max-width standard-spacing location-feature-row\">\n    <div class=\"image\" style=\"background-image: url('https:\/\/www.sbhny.org\/wp-content\/uploads\/2024\/09\/Main-Building-scaled.jpg');\"><\/div>\n    <div class=\"content\">\n            <h2 class=\"subheading\">Hospital San Bernab\u00e9<\/h2>\n      <div class=\"body-copy hours\"><p>Sistema de Salud SBH<br \/>\n4422 Tercera Avenida, 3\u00aa planta<br \/>\nBronx Nueva York, 10457<br \/>\n<strong>De lunes a viernes, de 9.00 a 17.00 horas<\/strong><\/p>\n<\/div>\n\n              <p class=\"large-body-copy\"><strong>Preguntas o concertar una cita:<\/strong><\/p>\n        <a href=\"tel:7189606140\" class=\"phone-cta color-blue\">(718) 960-6140<\/a>\n      \n      <br>\n\n              <a href=\"https:\/\/maps.app.goo.gl\/6yrpKvynZX7HvfWN6\" class=\"btn btn--white google-maps-cta\">Ver en Google Maps<\/a>     \n      \n      \n          <\/div>\n  <\/div>\n<\/section>","protected":false},"excerpt":{"rendered":"","protected":false},"author":3,"featured_media":0,"parent":0,"menu_order":0,"comment_status":"closed","ping_status":"closed","template":"","meta":{"_acf_changed":false,"_eb_attr":"","_price":"","_stock":"","_tribe_ticket_header":"","_tribe_default_ticket_provider":"","_tribe_ticket_capacity":"0","_ticket_start_date":"","_ticket_end_date":"","_tribe_ticket_show_description":"","_tribe_ticket_show_not_going":false,"_tribe_ticket_use_global_stock":"","_tribe_ticket_global_stock_level":"","_global_stock_mode":"","_global_stock_cap":"","_tribe_rsvp_for_event":"","_tribe_ticket_going_count":"","_tribe_ticket_not_going_count":"","_tribe_tickets_list":"[]","_tribe_ticket_has_attendee_info_fields":false,"footnotes":""},"class_list":["post-2024","page","type-page","status-publish","hentry"],"acf":[],"yoast_head":"<!-- This site is optimized with the Yoast SEO plugin v26.5 - https:\/\/yoast.com\/wordpress\/plugins\/seo\/ -->\n<title>Social Work - SBH Health System<\/title>\n<meta name=\"robots\" content=\"index, follow, max-snippet:-1, max-image-preview:large, max-video-preview:-1\" \/>\n<link rel=\"canonical\" href=\"https:\/\/www.sbhny.org\/es\/social-work\/\" \/>\n<meta property=\"og:locale\" content=\"es_MX\" \/>\n<meta property=\"og:type\" content=\"article\" \/>\n<meta property=\"og:title\" content=\"Social Work - SBH Health System\" \/>\n<meta property=\"og:url\" content=\"https:\/\/www.sbhny.org\/es\/social-work\/\" \/>\n<meta property=\"og:site_name\" content=\"SBH Health System\" \/>\n<meta property=\"article:publisher\" content=\"https:\/\/www.facebook.com\/SBHBronx\/\" \/>\n<meta property=\"article:modified_time\" content=\"2024-10-01T03:07:24+00:00\" \/>\n<meta name=\"twitter:card\" content=\"summary_large_image\" \/>\n<meta name=\"twitter:site\" content=\"@sbhbronx\" \/>\n<script type=\"application\/ld+json\" class=\"yoast-schema-graph\">{\"@context\":\"https:\/\/schema.org\",\"@graph\":[{\"@type\":\"WebPage\",\"@id\":\"https:\/\/www.sbhny.org\/social-work\/\",\"url\":\"https:\/\/www.sbhny.org\/social-work\/\",\"name\":\"Social Work - SBH Health System\",\"isPartOf\":{\"@id\":\"https:\/\/www.sbhny.org\/#website\"},\"datePublished\":\"2024-05-14T15:14:00+00:00\",\"dateModified\":\"2024-10-01T03:07:24+00:00\",\"breadcrumb\":{\"@id\":\"https:\/\/www.sbhny.org\/social-work\/#breadcrumb\"},\"inLanguage\":\"es\",\"potentialAction\":[{\"@type\":\"ReadAction\",\"target\":[\"https:\/\/www.sbhny.org\/social-work\/\"]}]},{\"@type\":\"BreadcrumbList\",\"@id\":\"https:\/\/www.sbhny.org\/social-work\/#breadcrumb\",\"itemListElement\":[{\"@type\":\"ListItem\",\"position\":1,\"name\":\"Home\",\"item\":\"https:\/\/www.sbhny.org\/\"},{\"@type\":\"ListItem\",\"position\":2,\"name\":\"Social Work\"}]},{\"@type\":\"WebSite\",\"@id\":\"https:\/\/www.sbhny.org\/#website\",\"url\":\"https:\/\/www.sbhny.org\/\",\"name\":\"SBH Health System\",\"description\":\"\",\"potentialAction\":[{\"@type\":\"SearchAction\",\"target\":{\"@type\":\"EntryPoint\",\"urlTemplate\":\"https:\/\/www.sbhny.org\/?s={search_term_string}\"},\"query-input\":{\"@type\":\"PropertyValueSpecification\",\"valueRequired\":true,\"valueName\":\"search_term_string\"}}],\"inLanguage\":\"es\"}]}<\/script>\n<!-- \/ Yoast SEO plugin. -->","yoast_head_json":{"title":"Trabajo Social - SBH Health System","robots":{"index":"index","follow":"follow","max-snippet":"max-snippet:-1","max-image-preview":"max-image-preview:large","max-video-preview":"max-video-preview:-1"},"canonical":"https:\/\/www.sbhny.org\/es\/social-work\/","og_locale":"es_MX","og_type":"article","og_title":"Social Work - SBH Health System","og_url":"https:\/\/www.sbhny.org\/es\/social-work\/","og_site_name":"SBH Health System","article_publisher":"https:\/\/www.facebook.com\/SBHBronx\/","article_modified_time":"2024-10-01T03:07:24+00:00","twitter_card":"summary_large_image","twitter_site":"@sbhbronx","schema":{"@context":"https:\/\/schema.org","@graph":[{"@type":"WebPage","@id":"https:\/\/www.sbhny.org\/social-work\/","url":"https:\/\/www.sbhny.org\/social-work\/","name":"Trabajo Social - SBH Health System","isPartOf":{"@id":"https:\/\/www.sbhny.org\/#website"},"datePublished":"2024-05-14T15:14:00+00:00","dateModified":"2024-10-01T03:07:24+00:00","breadcrumb":{"@id":"https:\/\/www.sbhny.org\/social-work\/#breadcrumb"},"inLanguage":"es","potentialAction":[{"@type":"ReadAction","target":["https:\/\/www.sbhny.org\/social-work\/"]}]},{"@type":"BreadcrumbList","@id":"https:\/\/www.sbhny.org\/social-work\/#breadcrumb","itemListElement":[{"@type":"ListItem","position":1,"name":"Home","item":"https:\/\/www.sbhny.org\/"},{"@type":"ListItem","position":2,"name":"Social Work"}]},{"@type":"WebSite","@id":"https:\/\/www.sbhny.org\/#website","url":"https:\/\/www.sbhny.org\/","name":"Sistema de Salud SBH","description":"","potentialAction":[{"@type":"SearchAction","target":{"@type":"EntryPoint","urlTemplate":"https:\/\/www.sbhny.org\/?s={search_term_string}"},"query-input":{"@type":"PropertyValueSpecification","valueRequired":true,"valueName":"search_term_string"}}],"inLanguage":"es"}]}},"_links":{"self":[{"href":"https:\/\/www.sbhny.org\/es\/wp-json\/wp\/v2\/pages\/2024","targetHints":{"allow":["GET"]}}],"collection":[{"href":"https:\/\/www.sbhny.org\/es\/wp-json\/wp\/v2\/pages"}],"about":[{"href":"https:\/\/www.sbhny.org\/es\/wp-json\/wp\/v2\/types\/page"}],"author":[{"embeddable":true,"href":"https:\/\/www.sbhny.org\/es\/wp-json\/wp\/v2\/users\/3"}],"replies":[{"embeddable":true,"href":"https:\/\/www.sbhny.org\/es\/wp-json\/wp\/v2\/comments?post=2024"}],"version-history":[{"count":0,"href":"https:\/\/www.sbhny.org\/es\/wp-json\/wp\/v2\/pages\/2024\/revisions"}],"wp:attachment":[{"href":"https:\/\/www.sbhny.org\/es\/wp-json\/wp\/v2\/media?parent=2024"}],"curies":[{"name":"wp","href":"https:\/\/api.w.org\/{rel}","templated":true}]}}