{"id":2025,"date":"2024-05-14T15:14:25","date_gmt":"2024-05-14T15:14:25","guid":{"rendered":"https:\/\/sbhny.wpenginepowered.com\/?page_id=2025"},"modified":"2024-10-02T16:23:26","modified_gmt":"2024-10-02T16:23:26","slug":"spiritual-care","status":"publish","type":"page","link":"https:\/\/www.sbhny.org\/es\/spiritual-care\/","title":{"rendered":"Cuidado Espiritual"},"content":{"rendered":"<section class=\"image-twocol-hero background-image\">\n  <div class=\"max-width standard-spacing twocol-row\">\n\n          <div class=\"image-col twocol-col\" style=\"background-image: url('https:\/\/www.sbhny.org\/wp-content\/uploads\/2024\/09\/SPIRITUAL-r.jpg');\"><\/div>\n    \n\n    <div class=\"content-col twocol-col\">\n              <h1 class=\"main-heading\">Cuidado Espiritual<\/h1>\n            <div class=\"body-copy\">\n        <p>El Departamento de Apoyo Espiritual de SBH Health System proporciona apoyo espiritual y emocional a pacientes, familiares, seres queridos, cuidadores y personal durante el estr\u00e9s relacionado con la hospitalizaci\u00f3n.<\/p>\n      <\/div>\n      \n        \n      \n          <\/div>\n  <\/div>\n<\/section>\n\n<section class=\"accordion-section\">\n  <div class=\"max-width standard-spacing\">\n        <h2 class=\"main-heading\">Nuestros servicios<\/h2>\n          <div class=\"body-copy\"><p>Miembro integrado de nuestro equipo interdisciplinar y parte del comit\u00e9 de \u00e9tica, el capell\u00e1n est\u00e1 aqu\u00ed para escuchar sus preocupaciones durante su estancia en el hospital y contribuir al plan general de cuidados que trata a la persona en su totalidad. Con su presencia, el capell\u00e1n espera aportarle una sensaci\u00f3n de bienestar espiritual, esperanza y sentido dentro del marco de su sistema de creencias, independientemente de su religi\u00f3n. El capell\u00e1n es un compa\u00f1ero que no juzga y que le acompa\u00f1ar\u00e1 en momentos de crisis, traumas y enfermedades cr\u00f3nicas, respetando nuestros valores.<\/p>\n<\/div>\n        \n    <div class=\"accordion-container\">\n\n    \n    <div class=\"accordion-card open\" itemscope=\"itemscope\" itemprop=\"mainEntity\" itemtype=\"https:\/\/schema.org\/Question\">\n      <div class=\"accordion-card-header\">\n        <button id=\"twocol_id_Patient-Visits\" class=\"accordion-button large-body-copy\" aria-expanded=\"true\" aria-controls=\"twocol_Patient-Visits\">Visitas de pacientes<\/button>\n      <\/div>\n      <div class=\"accordion-card-content body-copy\" itemscope=\"itemscope\" itemprop=\"acceptedAnswer\" itemtype=\"https:\/\/schema.org\/Answer\" id=\"twocol_Patient-Visits\" aria-labelledby=\"twocol_id_Patient-Visits\" role=\"region\">\n        <p>Ofrece orientaci\u00f3n espiritual y atenci\u00f3n pastoral a los pacientes y sus familias.<\/p>\n      <\/div>\n    <\/div>\n\n    \n    <div class=\"accordion-card open\" itemscope=\"itemscope\" itemprop=\"mainEntity\" itemtype=\"https:\/\/schema.org\/Question\">\n      <div class=\"accordion-card-header\">\n        <button id=\"twocol_id_Spiritual-Room\" class=\"accordion-button large-body-copy\" aria-expanded=\"true\" aria-controls=\"twocol_Spiritual-Room\">Sala Espiritual<\/button>\n      <\/div>\n      <div class=\"accordion-card-content body-copy\" itemscope=\"itemscope\" itemprop=\"acceptedAnswer\" itemtype=\"https:\/\/schema.org\/Answer\" id=\"twocol_Spiritual-Room\" aria-labelledby=\"twocol_id_Spiritual-Room\" role=\"region\">\n        <p>Un espacio para la reflexi\u00f3n, la meditaci\u00f3n, el silencio o la oraci\u00f3n. Se admiten todas las religiones. Se encuentra en el nivel G del Hospital Principal.<\/p>\n      <\/div>\n    <\/div>\n\n    \n    <div class=\"accordion-card open\" itemscope=\"itemscope\" itemprop=\"mainEntity\" itemtype=\"https:\/\/schema.org\/Question\">\n      <div class=\"accordion-card-header\">\n        <button id=\"twocol_id_Spiritual-Supplies\" class=\"accordion-button large-body-copy\" aria-expanded=\"true\" aria-controls=\"twocol_Spiritual-Supplies\">Suministros espirituales<\/button>\n      <\/div>\n      <div class=\"accordion-card-content body-copy\" itemscope=\"itemscope\" itemprop=\"acceptedAnswer\" itemtype=\"https:\/\/schema.org\/Answer\" id=\"twocol_Spiritual-Supplies\" aria-labelledby=\"twocol_id_Spiritual-Supplies\" role=\"region\">\n        <p>Los pacientes pueden solicitar suministros espirituales como escrituras, Tor\u00e1s, libros o biblias respaldados por su religi\u00f3n\/denominaci\u00f3n.<\/p>\n      <\/div>\n    <\/div>\n\n    \n    <div class=\"accordion-card open\" itemscope=\"itemscope\" itemprop=\"mainEntity\" itemtype=\"https:\/\/schema.org\/Question\">\n      <div class=\"accordion-card-header\">\n        <button id=\"twocol_id_Discharge-Planning\" class=\"accordion-button large-body-copy\" aria-expanded=\"true\" aria-controls=\"twocol_Discharge-Planning\">Planificaci\u00f3n del alta<\/button>\n      <\/div>\n      <div class=\"accordion-card-content body-copy\" itemscope=\"itemscope\" itemprop=\"acceptedAnswer\" itemtype=\"https:\/\/schema.org\/Answer\" id=\"twocol_Discharge-Planning\" aria-labelledby=\"twocol_id_Discharge-Planning\" role=\"region\">\n        <p>Durante el alta, el capell\u00e1n puede ayudar a garantizar una atenci\u00f3n continuada entre el hospital, la atenci\u00f3n sanitaria a domicilio, los cuidados paliativos o los cuidados a largo plazo.<\/p>\n      <\/div>\n    <\/div>\n\n    \n    <\/div>\n\n    \n  <\/div>\n<\/section>\n\n\n<section class=\"location-feature default\">\n  <div class=\"max-width standard-spacing location-feature-row\">\n    <div class=\"image\" style=\"background-image: url('https:\/\/www.sbhny.org\/wp-content\/uploads\/2024\/09\/Main-Building-scaled.jpg');\"><\/div>\n    <div class=\"content\">\n            <h2 class=\"subheading\">Cont\u00e1ctenos<\/h2>\n      <div class=\"body-copy hours\"><p><strong>Migdalia Pannullo<\/strong><br \/>\nRev. Capell\u00e1n<br \/>\nSistema de Salud SBH<br \/>\n4422 Third Ave, Bronx, Nueva York 10457<br \/>\nDe lunes a viernes de 8:30 a 16:00 | De guardia 24 horas<\/p>\n<\/div>\n\n              <p class=\"large-body-copy\"><strong>Preguntas o concertar una cita:<\/strong><\/p>\n        <a href=\"tel:7189606280\" class=\"phone-cta color-blue\">(718) 960-6280<\/a>\n      \n      <br>\n\n              <a href=\"https:\/\/maps.app.goo.gl\/6yrpKvynZX7HvfWN6\" class=\"btn btn--white google-maps-cta\">Ver en Google Maps<\/a>     \n      \n      \n          <\/div>\n  <\/div>\n<\/section>","protected":false},"excerpt":{"rendered":"","protected":false},"author":3,"featured_media":0,"parent":0,"menu_order":0,"comment_status":"closed","ping_status":"closed","template":"","meta":{"_acf_changed":false,"_eb_attr":"","_price":"","_stock":"","_tribe_ticket_header":"","_tribe_default_ticket_provider":"","_tribe_ticket_capacity":"0","_ticket_start_date":"","_ticket_end_date":"","_tribe_ticket_show_description":"","_tribe_ticket_show_not_going":false,"_tribe_ticket_use_global_stock":"","_tribe_ticket_global_stock_level":"","_global_stock_mode":"","_global_stock_cap":"","_tribe_rsvp_for_event":"","_tribe_ticket_going_count":"","_tribe_ticket_not_going_count":"","_tribe_tickets_list":"[]","_tribe_ticket_has_attendee_info_fields":false,"footnotes":""},"class_list":["post-2025","page","type-page","status-publish","hentry"],"acf":[],"yoast_head":"<!-- This site is optimized with the Yoast SEO plugin v26.5 - https:\/\/yoast.com\/wordpress\/plugins\/seo\/ -->\n<title>Spiritual Care - SBH Health System<\/title>\n<meta name=\"robots\" content=\"index, follow, max-snippet:-1, max-image-preview:large, max-video-preview:-1\" \/>\n<link rel=\"canonical\" href=\"https:\/\/www.sbhny.org\/es\/spiritual-care\/\" \/>\n<meta property=\"og:locale\" content=\"es_MX\" \/>\n<meta property=\"og:type\" content=\"article\" \/>\n<meta property=\"og:title\" content=\"Spiritual Care - SBH Health System\" \/>\n<meta property=\"og:url\" content=\"https:\/\/www.sbhny.org\/es\/spiritual-care\/\" \/>\n<meta property=\"og:site_name\" content=\"SBH Health System\" \/>\n<meta property=\"article:publisher\" content=\"https:\/\/www.facebook.com\/SBHBronx\/\" \/>\n<meta property=\"article:modified_time\" content=\"2024-10-02T16:23:26+00:00\" \/>\n<meta name=\"twitter:card\" content=\"summary_large_image\" \/>\n<meta name=\"twitter:site\" content=\"@sbhbronx\" \/>\n<script type=\"application\/ld+json\" class=\"yoast-schema-graph\">{\"@context\":\"https:\/\/schema.org\",\"@graph\":[{\"@type\":\"WebPage\",\"@id\":\"https:\/\/www.sbhny.org\/spiritual-care\/\",\"url\":\"https:\/\/www.sbhny.org\/spiritual-care\/\",\"name\":\"Spiritual Care - SBH Health System\",\"isPartOf\":{\"@id\":\"https:\/\/www.sbhny.org\/#website\"},\"datePublished\":\"2024-05-14T15:14:25+00:00\",\"dateModified\":\"2024-10-02T16:23:26+00:00\",\"breadcrumb\":{\"@id\":\"https:\/\/www.sbhny.org\/spiritual-care\/#breadcrumb\"},\"inLanguage\":\"es\",\"potentialAction\":[{\"@type\":\"ReadAction\",\"target\":[\"https:\/\/www.sbhny.org\/spiritual-care\/\"]}]},{\"@type\":\"BreadcrumbList\",\"@id\":\"https:\/\/www.sbhny.org\/spiritual-care\/#breadcrumb\",\"itemListElement\":[{\"@type\":\"ListItem\",\"position\":1,\"name\":\"Home\",\"item\":\"https:\/\/www.sbhny.org\/\"},{\"@type\":\"ListItem\",\"position\":2,\"name\":\"Spiritual Care\"}]},{\"@type\":\"WebSite\",\"@id\":\"https:\/\/www.sbhny.org\/#website\",\"url\":\"https:\/\/www.sbhny.org\/\",\"name\":\"SBH Health System\",\"description\":\"\",\"potentialAction\":[{\"@type\":\"SearchAction\",\"target\":{\"@type\":\"EntryPoint\",\"urlTemplate\":\"https:\/\/www.sbhny.org\/?s={search_term_string}\"},\"query-input\":{\"@type\":\"PropertyValueSpecification\",\"valueRequired\":true,\"valueName\":\"search_term_string\"}}],\"inLanguage\":\"es\"}]}<\/script>\n<!-- \/ Yoast SEO plugin. -->","yoast_head_json":{"title":"Atenci\u00f3n Espiritual - SBH Health System","robots":{"index":"index","follow":"follow","max-snippet":"max-snippet:-1","max-image-preview":"max-image-preview:large","max-video-preview":"max-video-preview:-1"},"canonical":"https:\/\/www.sbhny.org\/es\/spiritual-care\/","og_locale":"es_MX","og_type":"article","og_title":"Spiritual Care - SBH Health System","og_url":"https:\/\/www.sbhny.org\/es\/spiritual-care\/","og_site_name":"SBH Health System","article_publisher":"https:\/\/www.facebook.com\/SBHBronx\/","article_modified_time":"2024-10-02T16:23:26+00:00","twitter_card":"summary_large_image","twitter_site":"@sbhbronx","schema":{"@context":"https:\/\/schema.org","@graph":[{"@type":"WebPage","@id":"https:\/\/www.sbhny.org\/spiritual-care\/","url":"https:\/\/www.sbhny.org\/spiritual-care\/","name":"Atenci\u00f3n Espiritual - SBH Health System","isPartOf":{"@id":"https:\/\/www.sbhny.org\/#website"},"datePublished":"2024-05-14T15:14:25+00:00","dateModified":"2024-10-02T16:23:26+00:00","breadcrumb":{"@id":"https:\/\/www.sbhny.org\/spiritual-care\/#breadcrumb"},"inLanguage":"es","potentialAction":[{"@type":"ReadAction","target":["https:\/\/www.sbhny.org\/spiritual-care\/"]}]},{"@type":"BreadcrumbList","@id":"https:\/\/www.sbhny.org\/spiritual-care\/#breadcrumb","itemListElement":[{"@type":"ListItem","position":1,"name":"Home","item":"https:\/\/www.sbhny.org\/"},{"@type":"ListItem","position":2,"name":"Spiritual Care"}]},{"@type":"WebSite","@id":"https:\/\/www.sbhny.org\/#website","url":"https:\/\/www.sbhny.org\/","name":"Sistema de Salud SBH","description":"","potentialAction":[{"@type":"SearchAction","target":{"@type":"EntryPoint","urlTemplate":"https:\/\/www.sbhny.org\/?s={search_term_string}"},"query-input":{"@type":"PropertyValueSpecification","valueRequired":true,"valueName":"search_term_string"}}],"inLanguage":"es"}]}},"_links":{"self":[{"href":"https:\/\/www.sbhny.org\/es\/wp-json\/wp\/v2\/pages\/2025","targetHints":{"allow":["GET"]}}],"collection":[{"href":"https:\/\/www.sbhny.org\/es\/wp-json\/wp\/v2\/pages"}],"about":[{"href":"https:\/\/www.sbhny.org\/es\/wp-json\/wp\/v2\/types\/page"}],"author":[{"embeddable":true,"href":"https:\/\/www.sbhny.org\/es\/wp-json\/wp\/v2\/users\/3"}],"replies":[{"embeddable":true,"href":"https:\/\/www.sbhny.org\/es\/wp-json\/wp\/v2\/comments?post=2025"}],"version-history":[{"count":0,"href":"https:\/\/www.sbhny.org\/es\/wp-json\/wp\/v2\/pages\/2025\/revisions"}],"wp:attachment":[{"href":"https:\/\/www.sbhny.org\/es\/wp-json\/wp\/v2\/media?parent=2025"}],"curies":[{"name":"wp","href":"https:\/\/api.w.org\/{rel}","templated":true}]}}