{"id":2286,"date":"2024-05-14T19:19:36","date_gmt":"2024-05-14T19:19:36","guid":{"rendered":"https:\/\/sbhny.wpenginepowered.com\/?page_id=2286"},"modified":"2025-11-26T15:59:52","modified_gmt":"2025-11-26T15:59:52","slug":"compliance","status":"publish","type":"page","link":"https:\/\/www.sbhny.org\/es\/compliance\/","title":{"rendered":"Cumplimiento"},"content":{"rendered":"<section class=\"image-twocol-hero background-image\">\n  <div class=\"max-width standard-spacing twocol-row\">\n\n          <div class=\"image-col twocol-col\" style=\"background-image: url('https:\/\/www.sbhny.org\/wp-content\/uploads\/2024\/09\/shutterstock_1974789425.jpg');\"><\/div>\n    \n\n    <div class=\"content-col twocol-col\">\n              <h1 class=\"main-heading\">Cumplimiento<\/h1>\n            <div class=\"body-copy\">\n        <p>Nuestra organizaci\u00f3n se compromete no s\u00f3lo a prestar a los pacientes servicios m\u00e9dicos de gran calidad y atenci\u00f3n, sino tambi\u00e9n a hacerlo de conformidad con las normas \u00e9ticas, empresariales y jur\u00eddicas m\u00e1s estrictas. Estos elevados est\u00e1ndares deben aplicarse a nuestras interacciones con todas las personas con las que tratamos. Esto incluye a nuestros pacientes, a otros proveedores de atenci\u00f3n sanitaria, a las empresas con las que hacemos negocios, a las entidades gubernamentales a las que rendimos cuentas y a las entidades p\u00fablicas y privadas de las que se solicita y recibe el reembolso por los servicios prestados. En este sentido, todo el personal no s\u00f3lo debe actuar de conformidad con todas las normas y reglamentos legales aplicables, sino tambi\u00e9n esforzarse por evitar incluso la apariencia de incorrecci\u00f3n.<\/p>\n      <\/div>\n              <div class=\"cta-row\">\n                  <a href=\"https:\/\/secure.ethicspoint.com\/domain\/media\/en\/gui\/42917\/index.html\" target=\"\" class=\"btn\">Informe en l\u00ednea<\/a>\n        \n                  <a href=\"mailto:compliance@sbhny.org\" target=\"\" class=\"btn btn--white\">Correo electr\u00f3nico<\/a>\n                <\/div>        \n      \n        \n      \n          <\/div>\n  <\/div>\n<\/section>\n\n<section class=\"text-block white-background\">\n  <div class=\"small-max-width standard-spacing body-copy\">\n    <p>En resumen, no toleramos ni toleraremos ninguna forma de comportamiento ilegal o poco \u00e9tico por parte de nadie relacionado con esta organizaci\u00f3n. Esperamos y exigimos que todo el personal sea respetuoso con la ley, honesto, digno de confianza y justo en todos sus tratos comerciales. Para garantizar el cumplimiento de estas expectativas, el Programa de Cumplimiento se ha convertido en una parte integral de nuestra misi\u00f3n corporativa y de nuestras operaciones comerciales.<\/p>\n<p>El Responsable de Cumplimiento informa directamente al Consejero Delegado de la organizaci\u00f3n y al Consejo de Administraci\u00f3n. Puede comunicar cualquier duda, queja o pregunta directamente a trav\u00e9s de la l\u00ednea de ayuda para el cumplimiento llamando al 844-239-0567, por correo electr\u00f3nico a\u00a0<a href=\"mailto:compliance@sbhny.org\">compliance@sbhny.org<\/a>o informe en l\u00ednea en <a href=\"https:\/\/secure.ethicspoint.com\/domain\/media\/en\/gui\/42917\/index.html\">ethics.com<\/a>. Tenemos una estricta pol\u00edtica de no represalias.<\/p>\n<p><a href=\"\">Diana Almanzar<\/a><br \/>\nVicepresidenta, Directora de Cumplimiento y HIPAA<\/p>\n  <\/div>\n<\/section>","protected":false},"excerpt":{"rendered":"","protected":false},"author":3,"featured_media":0,"parent":0,"menu_order":0,"comment_status":"closed","ping_status":"closed","template":"","meta":{"_acf_changed":true,"_eb_attr":"","_price":"","_stock":"","_tribe_ticket_header":"","_tribe_default_ticket_provider":"","_tribe_ticket_capacity":"0","_ticket_start_date":"","_ticket_end_date":"","_tribe_ticket_show_description":"","_tribe_ticket_show_not_going":false,"_tribe_ticket_use_global_stock":"","_tribe_ticket_global_stock_level":"","_global_stock_mode":"","_global_stock_cap":"","_tribe_rsvp_for_event":"","_tribe_ticket_going_count":"","_tribe_ticket_not_going_count":"","_tribe_tickets_list":"[]","_tribe_ticket_has_attendee_info_fields":false,"footnotes":""},"class_list":["post-2286","page","type-page","status-publish","hentry"],"acf":[],"yoast_head":"<!-- This site is optimized with the Yoast SEO plugin v26.5 - https:\/\/yoast.com\/wordpress\/plugins\/seo\/ -->\n<title>Compliance - SBH Health System<\/title>\n<meta name=\"robots\" content=\"index, follow, max-snippet:-1, max-image-preview:large, max-video-preview:-1\" \/>\n<link rel=\"canonical\" href=\"https:\/\/www.sbhny.org\/es\/compliance\/\" \/>\n<meta property=\"og:locale\" content=\"es_MX\" \/>\n<meta property=\"og:type\" content=\"article\" \/>\n<meta property=\"og:title\" content=\"Compliance - SBH Health System\" \/>\n<meta property=\"og:url\" content=\"https:\/\/www.sbhny.org\/es\/compliance\/\" \/>\n<meta property=\"og:site_name\" content=\"SBH Health System\" \/>\n<meta property=\"article:publisher\" content=\"https:\/\/www.facebook.com\/SBHBronx\/\" \/>\n<meta property=\"article:modified_time\" content=\"2025-11-26T15:59:52+00:00\" \/>\n<meta name=\"twitter:card\" content=\"summary_large_image\" \/>\n<meta name=\"twitter:site\" content=\"@sbhbronx\" \/>\n<script type=\"application\/ld+json\" class=\"yoast-schema-graph\">{\"@context\":\"https:\/\/schema.org\",\"@graph\":[{\"@type\":\"WebPage\",\"@id\":\"https:\/\/www.sbhny.org\/compliance\/\",\"url\":\"https:\/\/www.sbhny.org\/compliance\/\",\"name\":\"Compliance - SBH Health System\",\"isPartOf\":{\"@id\":\"https:\/\/www.sbhny.org\/#website\"},\"datePublished\":\"2024-05-14T19:19:36+00:00\",\"dateModified\":\"2025-11-26T15:59:52+00:00\",\"breadcrumb\":{\"@id\":\"https:\/\/www.sbhny.org\/compliance\/#breadcrumb\"},\"inLanguage\":\"es\",\"potentialAction\":[{\"@type\":\"ReadAction\",\"target\":[\"https:\/\/www.sbhny.org\/compliance\/\"]}]},{\"@type\":\"BreadcrumbList\",\"@id\":\"https:\/\/www.sbhny.org\/compliance\/#breadcrumb\",\"itemListElement\":[{\"@type\":\"ListItem\",\"position\":1,\"name\":\"Home\",\"item\":\"https:\/\/www.sbhny.org\/\"},{\"@type\":\"ListItem\",\"position\":2,\"name\":\"Compliance\"}]},{\"@type\":\"WebSite\",\"@id\":\"https:\/\/www.sbhny.org\/#website\",\"url\":\"https:\/\/www.sbhny.org\/\",\"name\":\"SBH Health System\",\"description\":\"\",\"potentialAction\":[{\"@type\":\"SearchAction\",\"target\":{\"@type\":\"EntryPoint\",\"urlTemplate\":\"https:\/\/www.sbhny.org\/?s={search_term_string}\"},\"query-input\":{\"@type\":\"PropertyValueSpecification\",\"valueRequired\":true,\"valueName\":\"search_term_string\"}}],\"inLanguage\":\"es\"}]}<\/script>\n<!-- \/ Yoast SEO plugin. -->","yoast_head_json":{"title":"Compliance - SBH Health System","robots":{"index":"index","follow":"follow","max-snippet":"max-snippet:-1","max-image-preview":"max-image-preview:large","max-video-preview":"max-video-preview:-1"},"canonical":"https:\/\/www.sbhny.org\/es\/compliance\/","og_locale":"es_MX","og_type":"article","og_title":"Compliance - SBH Health System","og_url":"https:\/\/www.sbhny.org\/es\/compliance\/","og_site_name":"SBH Health System","article_publisher":"https:\/\/www.facebook.com\/SBHBronx\/","article_modified_time":"2025-11-26T15:59:52+00:00","twitter_card":"summary_large_image","twitter_site":"@sbhbronx","schema":{"@context":"https:\/\/schema.org","@graph":[{"@type":"WebPage","@id":"https:\/\/www.sbhny.org\/compliance\/","url":"https:\/\/www.sbhny.org\/compliance\/","name":"Compliance - SBH Health System","isPartOf":{"@id":"https:\/\/www.sbhny.org\/#website"},"datePublished":"2024-05-14T19:19:36+00:00","dateModified":"2025-11-26T15:59:52+00:00","breadcrumb":{"@id":"https:\/\/www.sbhny.org\/compliance\/#breadcrumb"},"inLanguage":"es","potentialAction":[{"@type":"ReadAction","target":["https:\/\/www.sbhny.org\/compliance\/"]}]},{"@type":"BreadcrumbList","@id":"https:\/\/www.sbhny.org\/compliance\/#breadcrumb","itemListElement":[{"@type":"ListItem","position":1,"name":"Home","item":"https:\/\/www.sbhny.org\/"},{"@type":"ListItem","position":2,"name":"Compliance"}]},{"@type":"WebSite","@id":"https:\/\/www.sbhny.org\/#website","url":"https:\/\/www.sbhny.org\/","name":"Sistema de Salud SBH","description":"","potentialAction":[{"@type":"SearchAction","target":{"@type":"EntryPoint","urlTemplate":"https:\/\/www.sbhny.org\/?s={search_term_string}"},"query-input":{"@type":"PropertyValueSpecification","valueRequired":true,"valueName":"search_term_string"}}],"inLanguage":"es"}]}},"_links":{"self":[{"href":"https:\/\/www.sbhny.org\/es\/wp-json\/wp\/v2\/pages\/2286","targetHints":{"allow":["GET"]}}],"collection":[{"href":"https:\/\/www.sbhny.org\/es\/wp-json\/wp\/v2\/pages"}],"about":[{"href":"https:\/\/www.sbhny.org\/es\/wp-json\/wp\/v2\/types\/page"}],"author":[{"embeddable":true,"href":"https:\/\/www.sbhny.org\/es\/wp-json\/wp\/v2\/users\/3"}],"replies":[{"embeddable":true,"href":"https:\/\/www.sbhny.org\/es\/wp-json\/wp\/v2\/comments?post=2286"}],"version-history":[{"count":0,"href":"https:\/\/www.sbhny.org\/es\/wp-json\/wp\/v2\/pages\/2286\/revisions"}],"wp:attachment":[{"href":"https:\/\/www.sbhny.org\/es\/wp-json\/wp\/v2\/media?parent=2286"}],"curies":[{"name":"wp","href":"https:\/\/api.w.org\/{rel}","templated":true}]}}