{"id":2287,"date":"2024-05-14T19:20:07","date_gmt":"2024-05-14T19:20:07","guid":{"rendered":"https:\/\/sbhny.wpenginepowered.com\/?page_id=2287"},"modified":"2024-09-23T18:11:47","modified_gmt":"2024-09-23T18:11:47","slug":"legal","status":"publish","type":"page","link":"https:\/\/www.sbhny.org\/es\/legal\/","title":{"rendered":"Legal"},"content":{"rendered":"<section class=\"image-twocol-hero background-image\">\n  <div class=\"max-width standard-spacing twocol-row\">\n\n          <div class=\"image-col twocol-col\" style=\"background-image: url('https:\/\/www.sbhny.org\/wp-content\/uploads\/2024\/09\/shutterstock_2492120329-scaled-e1727115100796.jpg');\"><\/div>\n    \n\n    <div class=\"content-col twocol-col\">\n              <h1 class=\"main-heading\">Legal<\/h1>\n            <div class=\"body-copy\">\n        <p>Lea atentamente lo siguiente. Al utilizar este sitio web, usted reconoce que ha revisado y acepta los siguientes t\u00e9rminos y condiciones relativos a la informaci\u00f3n contenida en este sitio web y a su uso.<\/p>\n      <\/div>\n      \n        \n      \n          <\/div>\n  <\/div>\n<\/section>\n\n<section class=\"text-block lightestgray-background\">\n  <div class=\"small-max-width standard-spacing body-copy\">\n    <h1 style=\"text-align:center\">Condiciones generales<\/h1>\n<ol>\n<li>La informaci\u00f3n contenida en este sitio web es de car\u00e1cter general y no debe sustituir ni utilizarse en lugar de una relaci\u00f3n cl\u00ednica o terap\u00e9utica con un profesional de la salud que est\u00e9 plenamente familiarizado con las particularidades de su caso.  La informaci\u00f3n contenida en este sitio web puede ayudarle en su investigaci\u00f3n personal y general, pero no constituye la pr\u00e1ctica de la medicina ni de ninguna otra profesi\u00f3n sanitaria.  La correspondencia por correo electr\u00f3nico con St. Barnabas o cualquiera de sus m\u00e9dicos no crear\u00e1, por s\u00ed misma, una relaci\u00f3n m\u00e9dico\/paciente con nosotros ni har\u00e1 que St. Barnabas cree o conserve ning\u00fan historial m\u00e9dico sobre usted, supervise su atenci\u00f3n o se comunique con su propio proveedor de atenci\u00f3n sanitaria.  Si sospecha que puede padecer una afecci\u00f3n m\u00e9dica, o busca consejo o tratamiento m\u00e9dico, le recomendamos que consulte a un profesional sanitario cualificado lo antes posible.<\/li>\n<li>Toda la informaci\u00f3n contenida en este sitio web, incluida la respuesta a cualquier consulta por correo electr\u00f3nico, es de car\u00e1cter general y en ning\u00fan caso pretende constituir, ni debe ser considerada por usted, asesoramiento m\u00e9dico o servicios profesionales.  La informaci\u00f3n contenida en este sitio web no debe utilizarse para diagnosticar o tratar una afecci\u00f3n m\u00e9dica, ni sustituir a los servicios de un profesional.  Si sospecha que puede padecer una afecci\u00f3n m\u00e9dica, o busca consejo o tratamiento m\u00e9dico, le recomendamos que consulte a un profesional sanitario cualificado lo antes posible.<\/li>\n<li>Debe ser consciente de los riesgos generales de transmitir informaci\u00f3n a trav\u00e9s de Internet, que generalmente no utiliza cifrado.  Por lo tanto, no debe compartir ninguna informaci\u00f3n m\u00e9dica personal que desear\u00eda que se mantuviera confidencial en una relaci\u00f3n m\u00e9dico-paciente o cl\u00ednica similar.<\/li>\n<li>Este sitio puede incluir enlaces a otros sitios web que no son propiedad ni est\u00e1n bajo el control de San Bernab\u00e9. Los enlaces a estos sitios web se proporcionan \u00fanicamente para su comodidad y usted accede a ellos por su cuenta y riesgo. St. Barnabas no se responsabiliza de la utilidad, disponibilidad o contenido de dichos sitios web, ni ofrece garant\u00edas o recomendaciones al respecto.  Asimismo, St. Barnabas declina toda responsabilidad con respecto a (a) el uso que usted haga de dichos sitios web y de cualquier informaci\u00f3n o servicio proporcionado u obtenido a trav\u00e9s de ellos, o (b) cualquier p\u00e9rdida, uso o mal uso de cualquier informaci\u00f3n que usted pueda proporcionar a dichos sitios web.<\/li>\n<li>San Bernab\u00e9 no se hace responsable ni garantiza errores, omisiones, retrasos u otros defectos en la informaci\u00f3n suministrada a los usuarios, ni su exactitud, ni que sus archivos est\u00e9n libres de virus, gusanos, troyanos u otros c\u00f3digos que incluyan o manifiesten caracter\u00edsticas contaminantes o destructivas.<\/li>\n<li>San Bernab\u00e9 declina expresamente cualquier responsabilidad por problemas t\u00e9cnicos con el sitio web, incluida la indisponibilidad temporal o los retrasos en el tiempo de conexi\u00f3n.  Adem\u00e1s, San Bernab\u00e9 no se hace responsable de la pirater\u00eda ilegal del sitio web ni de las acciones de quienes puedan obtener acceso no autorizado al sitio web.<\/li>\n<li>Barnabas Hospital y sus fideicomisarios, directivos, empleados y afiliados (colectivamente, \"St. Barnabas\") no garantizan la exactitud o integridad del contenido de este sitio web y renuncian espec\u00edficamente, en la m\u00e1xima medida permitida por la ley, a todas y cada una de las garant\u00edas, expresas o impl\u00edcitas, de cualquier tipo o naturaleza en relaci\u00f3n con dicho contenido.  Adem\u00e1s, St. Barnabas no ser\u00e1 responsable ante usted de ning\u00fan da\u00f1o, reclamaci\u00f3n, demanda o causa de acci\u00f3n, directa o indirecta, especial, incidental, consecuente o punitiva, como resultado de su uso de este sitio web o de cualquier informaci\u00f3n que obtenga del mismo.<\/li>\n<li>Usted acepta que estos T\u00e9rminos y Condiciones entrar\u00e1n en vigor en su primer uso del sitio web y que se aplicar\u00e1n a todas las personas que accedan al sitio web desde su ordenador.  Usted acepta que est\u00e1 obligado a revisar estos T\u00e9rminos y Condiciones de forma peri\u00f3dica para comprobar si se han producido cambios y que acepta quedar vinculado por dichos cambios al continuar utilizando el sitio web.  St. Barnabas se reserva el derecho a modificar el presente Acuerdo en cualquier momento sin previo aviso mediante la introducci\u00f3n de cambios en los T\u00e9rminos y Condiciones publicados en el sitio web.<\/li>\n<li>Todo el sitio web de St. Barnabas Hospital y su contenido son propiedad de St. Barnabas Hospital.  Barnabas Hospital, Third Avenue y 183rd Street, Bronx, Nueva York 10457.  Todos los derechos reservados.<\/li>\n<li>SBH Health System se compromete a hacer que su sitio web sea utilizable por todas las personas cumpliendo o superando los requisitos de las Pautas de Accesibilidad al Contenido en la Web 2.0 Nivel AA (WCAG 2.0 AA). Tenga en cuenta que nuestros esfuerzos son continuos, ya que nuestro actual proveedor del sitio web implementa las mejoras pertinentes para cumplir con las directrices WCAG 2.0 AA a lo largo del tiempo. Si necesita ayuda para utilizar los procesos que se encuentran en este sitio, o tiene preguntas espec\u00edficas o dudas sobre la accesibilidad de este sitio, p\u00f3ngase en contacto con nosotros en i<a href=\"mailto:nfo@sbhny.org\">nfo@sbhny.org<\/a>. Si encuentra un problema de accesibilidad, no olvide especificar la p\u00e1gina Web y haremos todos los esfuerzos razonables para que esa p\u00e1gina sea accesible.<\/li>\n<\/ol>\n  <\/div>\n<\/section>  \n\n\n\n\n\nli {margin-bottom:7px;}","protected":false},"excerpt":{"rendered":"<p>li {margin-bottom:7px;}<\/p>","protected":false},"author":3,"featured_media":0,"parent":0,"menu_order":0,"comment_status":"closed","ping_status":"closed","template":"","meta":{"_acf_changed":true,"_eb_attr":"","_price":"","_stock":"","_tribe_ticket_header":"","_tribe_default_ticket_provider":"","_tribe_ticket_capacity":"0","_ticket_start_date":"","_ticket_end_date":"","_tribe_ticket_show_description":"","_tribe_ticket_show_not_going":false,"_tribe_ticket_use_global_stock":"","_tribe_ticket_global_stock_level":"","_global_stock_mode":"","_global_stock_cap":"","_tribe_rsvp_for_event":"","_tribe_ticket_going_count":"","_tribe_ticket_not_going_count":"","_tribe_tickets_list":"[]","_tribe_ticket_has_attendee_info_fields":false,"footnotes":""},"class_list":["post-2287","page","type-page","status-publish","hentry"],"acf":[],"yoast_head":"<!-- This site is optimized with the Yoast SEO plugin v26.5 - https:\/\/yoast.com\/wordpress\/plugins\/seo\/ -->\n<title>Legal - SBH Health System<\/title>\n<meta name=\"robots\" content=\"index, follow, max-snippet:-1, max-image-preview:large, max-video-preview:-1\" \/>\n<link rel=\"canonical\" href=\"https:\/\/www.sbhny.org\/es\/legal\/\" \/>\n<meta property=\"og:locale\" content=\"es_MX\" \/>\n<meta property=\"og:type\" content=\"article\" \/>\n<meta property=\"og:title\" content=\"Legal - SBH Health System\" \/>\n<meta property=\"og:description\" content=\"li {margin-bottom:7px;}\" \/>\n<meta property=\"og:url\" content=\"https:\/\/www.sbhny.org\/es\/legal\/\" \/>\n<meta property=\"og:site_name\" content=\"SBH Health System\" \/>\n<meta property=\"article:publisher\" content=\"https:\/\/www.facebook.com\/SBHBronx\/\" \/>\n<meta property=\"article:modified_time\" content=\"2024-09-23T18:11:47+00:00\" \/>\n<meta name=\"twitter:card\" content=\"summary_large_image\" \/>\n<meta name=\"twitter:site\" content=\"@sbhbronx\" \/>\n<script type=\"application\/ld+json\" class=\"yoast-schema-graph\">{\"@context\":\"https:\/\/schema.org\",\"@graph\":[{\"@type\":\"WebPage\",\"@id\":\"https:\/\/www.sbhny.org\/legal\/\",\"url\":\"https:\/\/www.sbhny.org\/legal\/\",\"name\":\"Legal - SBH Health System\",\"isPartOf\":{\"@id\":\"https:\/\/www.sbhny.org\/#website\"},\"datePublished\":\"2024-05-14T19:20:07+00:00\",\"dateModified\":\"2024-09-23T18:11:47+00:00\",\"breadcrumb\":{\"@id\":\"https:\/\/www.sbhny.org\/legal\/#breadcrumb\"},\"inLanguage\":\"es\",\"potentialAction\":[{\"@type\":\"ReadAction\",\"target\":[\"https:\/\/www.sbhny.org\/legal\/\"]}]},{\"@type\":\"BreadcrumbList\",\"@id\":\"https:\/\/www.sbhny.org\/legal\/#breadcrumb\",\"itemListElement\":[{\"@type\":\"ListItem\",\"position\":1,\"name\":\"Home\",\"item\":\"https:\/\/www.sbhny.org\/\"},{\"@type\":\"ListItem\",\"position\":2,\"name\":\"Legal\"}]},{\"@type\":\"WebSite\",\"@id\":\"https:\/\/www.sbhny.org\/#website\",\"url\":\"https:\/\/www.sbhny.org\/\",\"name\":\"SBH Health System\",\"description\":\"\",\"potentialAction\":[{\"@type\":\"SearchAction\",\"target\":{\"@type\":\"EntryPoint\",\"urlTemplate\":\"https:\/\/www.sbhny.org\/?s={search_term_string}\"},\"query-input\":{\"@type\":\"PropertyValueSpecification\",\"valueRequired\":true,\"valueName\":\"search_term_string\"}}],\"inLanguage\":\"es\"}]}<\/script>\n<!-- \/ Yoast SEO plugin. -->","yoast_head_json":{"title":"Legal - SBH Health System","robots":{"index":"index","follow":"follow","max-snippet":"max-snippet:-1","max-image-preview":"max-image-preview:large","max-video-preview":"max-video-preview:-1"},"canonical":"https:\/\/www.sbhny.org\/es\/legal\/","og_locale":"es_MX","og_type":"article","og_title":"Legal - SBH Health System","og_description":"li {margin-bottom:7px;}","og_url":"https:\/\/www.sbhny.org\/es\/legal\/","og_site_name":"SBH Health System","article_publisher":"https:\/\/www.facebook.com\/SBHBronx\/","article_modified_time":"2024-09-23T18:11:47+00:00","twitter_card":"summary_large_image","twitter_site":"@sbhbronx","schema":{"@context":"https:\/\/schema.org","@graph":[{"@type":"WebPage","@id":"https:\/\/www.sbhny.org\/legal\/","url":"https:\/\/www.sbhny.org\/legal\/","name":"Legal - SBH Health System","isPartOf":{"@id":"https:\/\/www.sbhny.org\/#website"},"datePublished":"2024-05-14T19:20:07+00:00","dateModified":"2024-09-23T18:11:47+00:00","breadcrumb":{"@id":"https:\/\/www.sbhny.org\/legal\/#breadcrumb"},"inLanguage":"es","potentialAction":[{"@type":"ReadAction","target":["https:\/\/www.sbhny.org\/legal\/"]}]},{"@type":"BreadcrumbList","@id":"https:\/\/www.sbhny.org\/legal\/#breadcrumb","itemListElement":[{"@type":"ListItem","position":1,"name":"Home","item":"https:\/\/www.sbhny.org\/"},{"@type":"ListItem","position":2,"name":"Legal"}]},{"@type":"WebSite","@id":"https:\/\/www.sbhny.org\/#website","url":"https:\/\/www.sbhny.org\/","name":"Sistema de Salud SBH","description":"","potentialAction":[{"@type":"SearchAction","target":{"@type":"EntryPoint","urlTemplate":"https:\/\/www.sbhny.org\/?s={search_term_string}"},"query-input":{"@type":"PropertyValueSpecification","valueRequired":true,"valueName":"search_term_string"}}],"inLanguage":"es"}]}},"_links":{"self":[{"href":"https:\/\/www.sbhny.org\/es\/wp-json\/wp\/v2\/pages\/2287","targetHints":{"allow":["GET"]}}],"collection":[{"href":"https:\/\/www.sbhny.org\/es\/wp-json\/wp\/v2\/pages"}],"about":[{"href":"https:\/\/www.sbhny.org\/es\/wp-json\/wp\/v2\/types\/page"}],"author":[{"embeddable":true,"href":"https:\/\/www.sbhny.org\/es\/wp-json\/wp\/v2\/users\/3"}],"replies":[{"embeddable":true,"href":"https:\/\/www.sbhny.org\/es\/wp-json\/wp\/v2\/comments?post=2287"}],"version-history":[{"count":0,"href":"https:\/\/www.sbhny.org\/es\/wp-json\/wp\/v2\/pages\/2287\/revisions"}],"wp:attachment":[{"href":"https:\/\/www.sbhny.org\/es\/wp-json\/wp\/v2\/media?parent=2287"}],"curies":[{"name":"wp","href":"https:\/\/api.w.org\/{rel}","templated":true}]}}