{"id":2288,"date":"2024-05-14T19:20:36","date_gmt":"2024-05-14T19:20:36","guid":{"rendered":"https:\/\/sbhny.wpenginepowered.com\/?page_id=2288"},"modified":"2025-05-28T14:51:58","modified_gmt":"2025-05-28T14:51:58","slug":"hipaa","status":"publish","type":"page","link":"https:\/\/www.sbhny.org\/es\/hipaa\/","title":{"rendered":"HIPAA"},"content":{"rendered":"<section class=\"accordion-section\">\n  <div class=\"max-width standard-spacing\">\n        <h2 class=\"main-heading\">HIPAA<\/h2>\n          <div class=\"body-copy\"><p>Este aviso conjunto describe c\u00f3mo puede utilizarse y divulgarse su informaci\u00f3n m\u00e9dica y c\u00f3mo puede acceder a ella. Le rogamos que lo lea detenidamente.<\/p>\n<\/div>\n        \n    <div class=\"accordion-container\">\n\n    \n    <div class=\"accordion-card open\" itemscope=\"itemscope\" itemprop=\"mainEntity\" itemtype=\"https:\/\/schema.org\/Question\">\n      <div class=\"accordion-card-header\">\n        <button id=\"twocol_id_SBH-Terms-and-Conditions\" class=\"accordion-button large-body-copy\" aria-expanded=\"true\" aria-controls=\"twocol_SBH-Terms-and-Conditions\">Condiciones generales de SBH<\/button>\n      <\/div>\n      <div class=\"accordion-card-content body-copy\" itemscope=\"itemscope\" itemprop=\"acceptedAnswer\" itemtype=\"https:\/\/schema.org\/Answer\" id=\"twocol_SBH-Terms-and-Conditions\" aria-labelledby=\"twocol_id_SBH-Terms-and-Conditions\" role=\"region\">\n        <p>Cuando usted se inscribe para recibir mensajes de texto de SBH, est\u00e1 inscribi\u00e9ndose para recibir mensajes de texto relacionados con su relaci\u00f3n con SBH y sus socios y afiliados, incluyendo actualizaciones relacionadas con sus visitas, cuenta MyChart, c\u00f3digo de acceso de un solo uso, notificaciones de facturaci\u00f3n, recordatorios de recetas y administraci\u00f3n de la atenci\u00f3n.<\/p>\n<p>Puede darse de baja de los mensajes SMS enviando STOP al c\u00f3digo corto correspondiente. Su solicitud de baja generar\u00e1 un \u00faltimo mensaje confirmando que se ha dado de baja. Dejar\u00e1 de recibir mensajes SMS del c\u00f3digo corto del que se haya dado de baja. Si desea volver a suscribirse, h\u00e1galo a trav\u00e9s de MyChart o env\u00ede HELP al c\u00f3digo corto para recibir instrucciones.<\/p>\n<p>Si tienes problemas con el programa de mensajer\u00eda, puedes responder con la palabra clave AYUDA para obtener m\u00e1s ayuda, o puedes obtener ayuda directamente en el 718-960-3730.<\/p>\n<p>Los transportistas no son responsables de los mensajes retrasados o no entregados.<\/p>\n<p>Pueden aplicarse tarifas de mensajes y datos a los mensajes que le enviemos y que usted nos env\u00ede. La frecuencia de los mensajes puede variar.<\/p>\n<p>Nuestra pol\u00edtica de privacidad es https:\/\/www.sbhny.org\/hipaa\/. P\u00f3ngase en contacto con nosotros en el 718-960-3730.<\/p>\n      <\/div>\n    <\/div>\n\n    \n    <div class=\"accordion-card open\" itemscope=\"itemscope\" itemprop=\"mainEntity\" itemtype=\"https:\/\/schema.org\/Question\">\n      <div class=\"accordion-card-header\">\n        <button id=\"twocol_id_Your-Rights\" class=\"accordion-button large-body-copy\" aria-expanded=\"true\" aria-controls=\"twocol_Your-Rights\">Sus derechos<\/button>\n      <\/div>\n      <div class=\"accordion-card-content body-copy\" itemscope=\"itemscope\" itemprop=\"acceptedAnswer\" itemtype=\"https:\/\/schema.org\/Answer\" id=\"twocol_Your-Rights\" aria-labelledby=\"twocol_id_Your-Rights\" role=\"region\">\n        <p>Cuando se trata de su informaci\u00f3n sanitaria, usted tiene ciertos derechos. Esta secci\u00f3n explica sus derechos y algunas de nuestras responsabilidades para ayudarle.<\/p>\n<p><strong>Obtener una copia electr\u00f3nica o en papel de su historial m\u00e9dico<\/strong><br \/>\nPuede solicitar ver u obtener una copia electr\u00f3nica o en papel de su historia cl\u00ednica y otra informaci\u00f3n m\u00e9dica que tengamos sobre usted.  Puede solicitar esa informaci\u00f3n poni\u00e9ndose en contacto con Registros M\u00e9dicos en el 718-960-6111\/6112. Le proporcionaremos una copia o un resumen de su informaci\u00f3n m\u00e9dica, normalmente en un plazo de 30 d\u00edas a partir de su solicitud. Podemos cobrarle una tarifa razonable basada en el costo.<\/p>\n<p><strong>Pedirnos que corrijamos su historial m\u00e9dico<\/strong><br \/>\nPuede pedirnos que corrijamos la informaci\u00f3n m\u00e9dica sobre usted que considere incorrecta o incompleta. Puede solicitar dicha correcci\u00f3n poni\u00e9ndose en contacto con Registros M\u00e9dicos en el 718-960-6111\/6112. Podemos decir \"no\" a su solicitud, pero le diremos por qu\u00e9 por escrito dentro de los 60 d\u00edas.<\/p>\n<p><strong>Solicitar comunicaciones confidenciales<\/strong><br \/>\nPuede pedirnos que nos pongamos en contacto con usted de una forma concreta (por ejemplo, tel\u00e9fono particular o de la oficina) o que le enviemos el correo a una direcci\u00f3n diferente. Diremos \"s\u00ed\" a todas las peticiones razonables.<\/p>\n<p><strong>P\u00eddanos que limitemos lo que utilizamos o compartimos<\/strong><br \/>\nPuede pedirnos que no utilicemos o compartamos determinada informaci\u00f3n sanitaria para tratamientos, pagos o nuestras operaciones. No estamos obligados a acceder a su solicitud y podemos negarnos.<br \/>\n<br \/>\nSi paga de su bolsillo la totalidad de un servicio o art\u00edculo sanitario, puede pedirnos que no compartamos esa informaci\u00f3n con su aseguradora m\u00e9dica. Le diremos que \"s\u00ed\" a menos que una ley nos obligue a compartir esa informaci\u00f3n.<\/p>\n<p><strong>Obtener una lista de las personas con las que hemos compartido informaci\u00f3n<\/strong><br \/>\nPuede solicitar una lista (recuento) de las veces que hemos compartido su informaci\u00f3n sanitaria durante los seis a\u00f1os anteriores a la fecha de su solicitud, con qui\u00e9n la hemos compartido y por qu\u00e9.<br \/>\n<br \/>\nIncluiremos todas las divulgaciones excepto las relativas a tratamiento, pago y operaciones de atenci\u00f3n sanitaria, y algunas otras divulgaciones (como las que usted nos haya solicitado). Le proporcionaremos un informe al a\u00f1o de forma gratuita, pero le cobraremos una tarifa razonable basada en el coste si solicita otro en un plazo de 12 meses.  Para solicitar un informe, puede ponerse en contacto con Medical Records llamando al 718-960-6111\/6112.<\/p>\n<p><strong>Obtenga una copia de este aviso de privacidad<\/strong><br \/>\nPuede solicitar una copia en papel de este aviso en cualquier momento, incluso si ha aceptado recibirlo electr\u00f3nicamente. Le proporcionaremos una copia en papel sin demora.<\/p>\n<p><strong>Elige a alguien que act\u00fae por ti<\/strong><br \/>\nSi alguien es su tutor legal, esa persona puede ejercer sus derechos y tomar decisiones sobre su informaci\u00f3n sanitaria. Nos aseguraremos de que la persona tiene esta autoridad y puede actuar en su nombre antes de tomar ninguna medida.<\/p>\n<p><strong>Presentar una denuncia si considera que se vulneran sus derechos<\/strong><br \/>\nPuede presentar una queja si cree que hemos vulnerado sus derechos poni\u00e9ndose en contacto con el responsable de privacidad del hospital en el 718-960-3389.<br \/>\n<br \/>\nPuede presentar una denuncia ante la <strong>Departamento de Salud y Servicios Humanos de EE.UU. Oficina de Derechos Civiles<\/strong> enviando una carta a <strong>200 Independence Avenue, S.W., Washington, D.C. 20201, llamando al 1-877-696-6775<\/strong>o visitando <a href=\"http:\/\/www.hhs.gov\/ocr\/privacy\/hipaa\/complaints\/\">www.hhs.gov\/ocr\/privacy\/hipaa\/complaints\/<\/a>.<br \/>\n<br \/>\nNo tomaremos represalias contra usted por presentar una queja.<\/p>\n      <\/div>\n    <\/div>\n\n    \n    <div class=\"accordion-card open\" itemscope=\"itemscope\" itemprop=\"mainEntity\" itemtype=\"https:\/\/schema.org\/Question\">\n      <div class=\"accordion-card-header\">\n        <button id=\"twocol_id_Your-Choices\" class=\"accordion-button large-body-copy\" aria-expanded=\"true\" aria-controls=\"twocol_Your-Choices\">Sus opciones<\/button>\n      <\/div>\n      <div class=\"accordion-card-content body-copy\" itemscope=\"itemscope\" itemprop=\"acceptedAnswer\" itemtype=\"https:\/\/schema.org\/Answer\" id=\"twocol_Your-Choices\" aria-labelledby=\"twocol_id_Your-Choices\" role=\"region\">\n        <p>En el caso de determinados datos sanitarios, puede indicarnos sus preferencias sobre lo que compartimos. Si tiene una preferencia clara sobre c\u00f3mo compartimos su informaci\u00f3n en las situaciones descritas a continuaci\u00f3n, hable con nosotros. En estos casos, usted tiene tanto el derecho como la opci\u00f3n de decirnos que:<\/p>\n<ul>\n<li>Comparta la informaci\u00f3n con su familia, amigos \u00edntimos u otras personas implicadas en su cuidado.<\/li>\n<li>Compartir informaci\u00f3n en caso de cat\u00e1strofe<\/li>\n<li>Incluya sus datos en el directorio del hospital<\/li>\n<\/ul>\n<p>Si no puede decirnos lo que prefiere, por ejemplo si est\u00e1 inconsciente, podemos seguir adelante y compartir su informaci\u00f3n si creemos que es lo mejor para usted. Tambi\u00e9n podemos compartir su informaci\u00f3n cuando sea necesario para reducir una amenaza grave e inminente para la salud o la seguridad.<\/p>\n<p>En estos casos nunca compartimos su informaci\u00f3n a menos que nos d\u00e9 permiso por escrito:<\/p>\n<ul>\n<li>Fines comerciales<\/li>\n<li>Venta de su informaci\u00f3n<\/li>\n<li>Mayor intercambio de notas de psicoterapia<\/li>\n<\/ul>\n<p><code><\/code><br \/>\nEn el caso de la recaudaci\u00f3n de fondos:<\/p>\n<ul>\n<li>Podemos ponernos en contacto con usted para recaudar fondos, pero puede decirnos que no volvamos a hacerlo.<\/li>\n<\/ul>\n      <\/div>\n    <\/div>\n\n    \n    <div class=\"accordion-card open\" itemscope=\"itemscope\" itemprop=\"mainEntity\" itemtype=\"https:\/\/schema.org\/Question\">\n      <div class=\"accordion-card-header\">\n        <button id=\"twocol_id_Our-Uses-and-Disclosures\" class=\"accordion-button large-body-copy\" aria-expanded=\"true\" aria-controls=\"twocol_Our-Uses-and-Disclosures\">Nuestros usos y divulgaciones<\/button>\n      <\/div>\n      <div class=\"accordion-card-content body-copy\" itemscope=\"itemscope\" itemprop=\"acceptedAnswer\" itemtype=\"https:\/\/schema.org\/Answer\" id=\"twocol_Our-Uses-and-Disclosures\" aria-labelledby=\"twocol_id_Our-Uses-and-Disclosures\" role=\"region\">\n        <p>\u00bfC\u00f3mo solemos utilizar o compartir su informaci\u00f3n sanitaria?<br \/>\nNormalmente utilizamos o compartimos su informaci\u00f3n sanitaria de las siguientes maneras.<\/p>\n<p><strong>Tratarte<\/strong><br \/>\nPodemos utilizar su informaci\u00f3n sanitaria y compartirla con otros profesionales que le est\u00e9n tratando.<br \/>\n<em>Ejemplo: Un m\u00e9dico que le trata por una lesi\u00f3n pregunta a otro m\u00e9dico sobre su estado de salud general.<\/em><\/p>\n<p><strong>Dirigir nuestra organizaci\u00f3n<\/strong><br \/>\nPodemos utilizar y compartir su informaci\u00f3n sanitaria para gestionar el Hospital, mejorar su asistencia y ponernos en contacto con usted cuando sea necesario.<br \/>\n<em>Ejemplo: Utilizamos informaci\u00f3n sanitaria sobre usted para formar a nuestro personal.<\/em><\/p>\n<p><strong>Facture sus servicios<\/strong><br \/>\nPodemos utilizar y compartir su informaci\u00f3n sanitaria para facturar y obtener pagos de planes de salud u otras entidades.<br \/>\n<em>Por ejemplo: Facilitamos informaci\u00f3n sobre usted a su seguro m\u00e9dico para que pague sus servicios.<\/em><\/p>\n<p><strong>\u00bfDe qu\u00e9 otra forma podemos utilizar o compartir sus datos sanitarios?<\/strong><br \/>\nSe nos permite o exige compartir su informaci\u00f3n de otras formas, normalmente para contribuir al bien p\u00fablico, como la salud p\u00fablica y la investigaci\u00f3n. Tenemos que cumplir muchas condiciones legales antes de poder compartir su informaci\u00f3n para estos fines. Para m\u00e1s informaci\u00f3n, consulte: <a href=\"http:\/\/www.hhs.gov\/ocr\/privacy\/hipaa\/understanding\/consumers\/index.html\" target=\"_blank\" rel=\"noopener\">www.hhs.gov\/ocr\/privacy\/hipaa\/understanding\/consumers\/index.html<\/a>.<\/p>\n<p><strong>Ayuda en cuestiones de salud y seguridad p\u00fablicas<\/strong><br \/>\nPodemos compartir informaci\u00f3n sanitaria sobre usted en determinadas situaciones, por ejemplo<\/p>\n<ul>\n<li>Prevenci\u00f3n de enfermedades<\/li>\n<li>Ayuda en la retirada de productos<\/li>\n<li>Notificaci\u00f3n de reacciones adversas a los medicamentos<\/li>\n<li>Notificaci\u00f3n de sospechas de maltrato o abandono infantil<\/li>\n<li>prevenir o reducir una amenaza grave para la salud o la seguridad de cualquier persona<\/li>\n<\/ul>\n<p><strong>Investiga<\/strong><br \/>\nPodemos utilizar o compartir su informaci\u00f3n para investigaciones sanitarias, aunque es posible que le pidamos una autorizaci\u00f3n adicional para este fin.<\/p>\n<p><strong>Cumplir la ley<\/strong><br \/>\nCompartiremos informaci\u00f3n sobre usted si las leyes estatales o federales lo exigen, incluso con el Departamento de Salud y Servicios Humanos si quiere comprobar que cumplimos la ley federal de privacidad.<\/p>\n<p><strong>Responder a las solicitudes de donaci\u00f3n de \u00f3rganos y tejidos.<\/strong><br \/>\nPodemos compartir informaci\u00f3n sanitaria sobre usted con organizaciones de obtenci\u00f3n de \u00f3rganos.<\/p>\n<p><strong>Trabaje con un m\u00e9dico forense o un director de funeraria.<\/strong><br \/>\nPodemos compartir informaci\u00f3n sanitaria con un forense, m\u00e9dico forense o director de funeraria cuando fallece una persona.<\/p>\n<p><strong>Atender las solicitudes de indemnizaci\u00f3n de los trabajadores, de las fuerzas de seguridad y de otras administraciones p\u00fablicas.<\/strong><br \/>\nPodemos utilizar o compartir informaci\u00f3n sanitaria sobre usted:<\/p>\n<ul>\n<li>En caso de siniestro laboral<\/li>\n<li>Para fines policiales o con un funcionario encargado de hacer cumplir la ley, s\u00f3lo en determinadas situaciones limitadas<\/li>\n<li>Con organismos de control sanitario para actividades autorizadas por la ley<\/li>\n<li>Para funciones gubernamentales especiales como los servicios militares, de seguridad nacional y de protecci\u00f3n presidencial.<\/li>\n<\/ul>\n<p><strong>Responder a demandas y acciones judiciales. <\/strong><br \/>\nPodemos compartir informaci\u00f3n sanitaria sobre usted en respuesta a una orden judicial o administrativa.<\/p>\n<p><strong>Otros usos y divulgaciones<\/strong><br \/>\nOtros usos y divulgaciones de su informaci\u00f3n no cubiertos por este aviso o las leyes que se aplican a nosotros se har\u00e1n s\u00f3lo con su permiso por escrito.  Usted tiene derecho a revocar dicho permiso en cualquier momento notific\u00e1ndonoslo por escrito.  Si ya nos hemos basado en su permiso, la revocaci\u00f3n no se aplicar\u00e1 a los usos y divulgaciones que ya se hayan producido.<\/p>\n      <\/div>\n    <\/div>\n\n    \n    <div class=\"accordion-card open\" itemscope=\"itemscope\" itemprop=\"mainEntity\" itemtype=\"https:\/\/schema.org\/Question\">\n      <div class=\"accordion-card-header\">\n        <button id=\"twocol_id_Our-Responsibilities\" class=\"accordion-button large-body-copy\" aria-expanded=\"true\" aria-controls=\"twocol_Our-Responsibilities\">Nuestras responsabilidades<\/button>\n      <\/div>\n      <div class=\"accordion-card-content body-copy\" itemscope=\"itemscope\" itemprop=\"acceptedAnswer\" itemtype=\"https:\/\/schema.org\/Answer\" id=\"twocol_Our-Responsibilities\" aria-labelledby=\"twocol_id_Our-Responsibilities\" role=\"region\">\n        <ul>\n<li>La ley nos obliga a mantener la privacidad y seguridad de sus datos sanitarios protegidos.<\/li>\n<li>Le informaremos con prontitud si se produce una infracci\u00f3n que pueda haber comprometido la privacidad o seguridad de su informaci\u00f3n.<\/li>\n<li>Debemos cumplir las obligaciones y pr\u00e1cticas de privacidad descritas en este aviso y entregarle una copia del mismo.<\/li>\n<li>No utilizaremos ni compartiremos su informaci\u00f3n de forma distinta a la aqu\u00ed descrita a menos que usted nos lo indique por escrito. Si nos dice que podemos, puede cambiar de opini\u00f3n en cualquier momento. H\u00e1ganos saber por escrito si cambia de opini\u00f3n.<\/li>\n<\/ul>\n<p>Para m\u00e1s informaci\u00f3n, v\u00e9ase: <a href=\"http:\/\/www.hhs.gov\/ocr\/privacy\/hipaa\/understanding\/consumers\/noticepp.html\" target=\"_blank\" rel=\"noopener\">www.hhs.gov\/ocr\/privacy\/hipaa\/understanding\/consumers\/noticepp.html<\/a>.<\/p>\n<p><strong>Cambios en las condiciones de este anuncio<\/strong><br \/>\nPodemos cambiar los t\u00e9rminos de este aviso, y los cambios se aplicar\u00e1n a toda la informaci\u00f3n que tengamos sobre usted. El nuevo aviso estar\u00e1 disponible previa solicitud, en nuestra oficina y en nuestro sitio web.<\/p>\n<p><strong>Informaci\u00f3n especialmente protegida<\/strong><br \/>\nNota: La informaci\u00f3n relacionada con el VIH, la informaci\u00f3n gen\u00e9tica, los registros de abuso de alcohol y\/o sustancias, los registros de salud mental y otra informaci\u00f3n sanitaria especialmente protegida pueden disfrutar de ciertas protecciones especiales de confidencialidad en virtud de la legislaci\u00f3n estatal y federal.  Cualquier divulgaci\u00f3n de este tipo de registros estar\u00e1 sujeta a estas protecciones especiales.<\/p>\n      <\/div>\n    <\/div>\n\n    \n    <div class=\"accordion-card open\" itemscope=\"itemscope\" itemprop=\"mainEntity\" itemtype=\"https:\/\/schema.org\/Question\">\n      <div class=\"accordion-card-header\">\n        <button id=\"twocol_id_Contact-Person\" class=\"accordion-button large-body-copy\" aria-expanded=\"true\" aria-controls=\"twocol_Contact-Person\">Persona de contacto<\/button>\n      <\/div>\n      <div class=\"accordion-card-content body-copy\" itemscope=\"itemscope\" itemprop=\"acceptedAnswer\" itemtype=\"https:\/\/schema.org\/Answer\" id=\"twocol_Contact-Person\" aria-labelledby=\"twocol_id_Contact-Person\" role=\"region\">\n        <p>Si tiene alguna pregunta o desea m\u00e1s informaci\u00f3n sobre este aviso, p\u00f3ngase en contacto con el <strong> Director de Cumplimiento y HIPAA<\/strong> en <strong><a href=\"tel:7189603389\">718-960-3389<\/a><\/strong>.<\/p>\n      <\/div>\n    <\/div>\n\n    \n    <\/div>\n\n    \n  <\/div>\n<\/section>\n\n<section class=\"text-block white-background\">\n  <div class=\"small-max-width standard-spacing body-copy\">\n    <p><strong>Este aviso es efectivo a partir del 29 de diciembre de 2014.<\/strong><\/p>\n  <\/div>\n<\/section>","protected":false},"excerpt":{"rendered":"","protected":false},"author":3,"featured_media":0,"parent":0,"menu_order":0,"comment_status":"closed","ping_status":"closed","template":"","meta":{"_acf_changed":true,"_eb_attr":"","_price":"","_stock":"","_tribe_ticket_header":"","_tribe_default_ticket_provider":"","_tribe_ticket_capacity":"0","_ticket_start_date":"","_ticket_end_date":"","_tribe_ticket_show_description":"","_tribe_ticket_show_not_going":false,"_tribe_ticket_use_global_stock":"","_tribe_ticket_global_stock_level":"","_global_stock_mode":"","_global_stock_cap":"","_tribe_rsvp_for_event":"","_tribe_ticket_going_count":"","_tribe_ticket_not_going_count":"","_tribe_tickets_list":"[]","_tribe_ticket_has_attendee_info_fields":false,"footnotes":""},"class_list":["post-2288","page","type-page","status-publish","hentry"],"acf":[],"yoast_head":"<!-- This site is optimized with the Yoast SEO plugin v26.5 - https:\/\/yoast.com\/wordpress\/plugins\/seo\/ -->\n<title>HIPAA - SBH Health System<\/title>\n<meta name=\"robots\" content=\"index, follow, max-snippet:-1, max-image-preview:large, max-video-preview:-1\" \/>\n<link rel=\"canonical\" href=\"https:\/\/www.sbhny.org\/es\/hipaa\/\" \/>\n<meta property=\"og:locale\" content=\"es_MX\" \/>\n<meta property=\"og:type\" content=\"article\" \/>\n<meta property=\"og:title\" content=\"HIPAA - SBH Health System\" \/>\n<meta property=\"og:url\" content=\"https:\/\/www.sbhny.org\/es\/hipaa\/\" \/>\n<meta property=\"og:site_name\" content=\"SBH Health System\" \/>\n<meta property=\"article:publisher\" content=\"https:\/\/www.facebook.com\/SBHBronx\/\" \/>\n<meta property=\"article:modified_time\" content=\"2025-05-28T14:51:58+00:00\" \/>\n<meta name=\"twitter:card\" content=\"summary_large_image\" \/>\n<meta name=\"twitter:site\" content=\"@sbhbronx\" \/>\n<script type=\"application\/ld+json\" class=\"yoast-schema-graph\">{\"@context\":\"https:\/\/schema.org\",\"@graph\":[{\"@type\":\"WebPage\",\"@id\":\"https:\/\/www.sbhny.org\/hipaa\/\",\"url\":\"https:\/\/www.sbhny.org\/hipaa\/\",\"name\":\"HIPAA - SBH Health System\",\"isPartOf\":{\"@id\":\"https:\/\/www.sbhny.org\/#website\"},\"datePublished\":\"2024-05-14T19:20:36+00:00\",\"dateModified\":\"2025-05-28T14:51:58+00:00\",\"breadcrumb\":{\"@id\":\"https:\/\/www.sbhny.org\/hipaa\/#breadcrumb\"},\"inLanguage\":\"es\",\"potentialAction\":[{\"@type\":\"ReadAction\",\"target\":[\"https:\/\/www.sbhny.org\/hipaa\/\"]}]},{\"@type\":\"BreadcrumbList\",\"@id\":\"https:\/\/www.sbhny.org\/hipaa\/#breadcrumb\",\"itemListElement\":[{\"@type\":\"ListItem\",\"position\":1,\"name\":\"Home\",\"item\":\"https:\/\/www.sbhny.org\/\"},{\"@type\":\"ListItem\",\"position\":2,\"name\":\"HIPAA\"}]},{\"@type\":\"WebSite\",\"@id\":\"https:\/\/www.sbhny.org\/#website\",\"url\":\"https:\/\/www.sbhny.org\/\",\"name\":\"SBH Health System\",\"description\":\"\",\"potentialAction\":[{\"@type\":\"SearchAction\",\"target\":{\"@type\":\"EntryPoint\",\"urlTemplate\":\"https:\/\/www.sbhny.org\/?s={search_term_string}\"},\"query-input\":{\"@type\":\"PropertyValueSpecification\",\"valueRequired\":true,\"valueName\":\"search_term_string\"}}],\"inLanguage\":\"es\"}]}<\/script>\n<!-- \/ Yoast SEO plugin. -->","yoast_head_json":{"title":"HIPAA - SBH Health System","robots":{"index":"index","follow":"follow","max-snippet":"max-snippet:-1","max-image-preview":"max-image-preview:large","max-video-preview":"max-video-preview:-1"},"canonical":"https:\/\/www.sbhny.org\/es\/hipaa\/","og_locale":"es_MX","og_type":"article","og_title":"HIPAA - SBH Health System","og_url":"https:\/\/www.sbhny.org\/es\/hipaa\/","og_site_name":"SBH Health System","article_publisher":"https:\/\/www.facebook.com\/SBHBronx\/","article_modified_time":"2025-05-28T14:51:58+00:00","twitter_card":"summary_large_image","twitter_site":"@sbhbronx","schema":{"@context":"https:\/\/schema.org","@graph":[{"@type":"WebPage","@id":"https:\/\/www.sbhny.org\/hipaa\/","url":"https:\/\/www.sbhny.org\/hipaa\/","name":"HIPAA - SBH Health System","isPartOf":{"@id":"https:\/\/www.sbhny.org\/#website"},"datePublished":"2024-05-14T19:20:36+00:00","dateModified":"2025-05-28T14:51:58+00:00","breadcrumb":{"@id":"https:\/\/www.sbhny.org\/hipaa\/#breadcrumb"},"inLanguage":"es","potentialAction":[{"@type":"ReadAction","target":["https:\/\/www.sbhny.org\/hipaa\/"]}]},{"@type":"BreadcrumbList","@id":"https:\/\/www.sbhny.org\/hipaa\/#breadcrumb","itemListElement":[{"@type":"ListItem","position":1,"name":"Home","item":"https:\/\/www.sbhny.org\/"},{"@type":"ListItem","position":2,"name":"HIPAA"}]},{"@type":"WebSite","@id":"https:\/\/www.sbhny.org\/#website","url":"https:\/\/www.sbhny.org\/","name":"Sistema de Salud SBH","description":"","potentialAction":[{"@type":"SearchAction","target":{"@type":"EntryPoint","urlTemplate":"https:\/\/www.sbhny.org\/?s={search_term_string}"},"query-input":{"@type":"PropertyValueSpecification","valueRequired":true,"valueName":"search_term_string"}}],"inLanguage":"es"}]}},"_links":{"self":[{"href":"https:\/\/www.sbhny.org\/es\/wp-json\/wp\/v2\/pages\/2288","targetHints":{"allow":["GET"]}}],"collection":[{"href":"https:\/\/www.sbhny.org\/es\/wp-json\/wp\/v2\/pages"}],"about":[{"href":"https:\/\/www.sbhny.org\/es\/wp-json\/wp\/v2\/types\/page"}],"author":[{"embeddable":true,"href":"https:\/\/www.sbhny.org\/es\/wp-json\/wp\/v2\/users\/3"}],"replies":[{"embeddable":true,"href":"https:\/\/www.sbhny.org\/es\/wp-json\/wp\/v2\/comments?post=2288"}],"version-history":[{"count":0,"href":"https:\/\/www.sbhny.org\/es\/wp-json\/wp\/v2\/pages\/2288\/revisions"}],"wp:attachment":[{"href":"https:\/\/www.sbhny.org\/es\/wp-json\/wp\/v2\/media?parent=2288"}],"curies":[{"name":"wp","href":"https:\/\/api.w.org\/{rel}","templated":true}]}}