{"id":2289,"date":"2024-05-14T19:21:25","date_gmt":"2024-05-14T19:21:25","guid":{"rendered":"https:\/\/sbhny.wpenginepowered.com\/?page_id=2289"},"modified":"2025-12-05T17:52:43","modified_gmt":"2025-12-05T17:52:43","slug":"anti-discrimination-statement","status":"publish","type":"page","link":"https:\/\/www.sbhny.org\/es\/anti-discrimination-statement\/","title":{"rendered":"Declaraci\u00f3n contra la discriminaci\u00f3n"},"content":{"rendered":"<section class=\"image-twocol-hero background-image\">\n  <div class=\"max-width standard-spacing twocol-row\">\n\n          <div class=\"image-col twocol-col\" style=\"background-image: url('https:\/\/www.sbhny.org\/wp-content\/uploads\/2024\/09\/shutterstock_2366842369-scaled-e1727113557409.jpg');\"><\/div>\n    \n\n    <div class=\"content-col twocol-col\">\n              <h1 class=\"main-heading\">Declaraci\u00f3n contra la discriminaci\u00f3n<\/h1>\n            <div class=\"body-copy\">\n        <p>SBH Health System no discrimina por motivos de raza, color, religi\u00f3n, credo, sexo, origen nacional, condici\u00f3n de ciudadan\u00eda, edad, discapacidad, predisposici\u00f3n \u00e9tnica, condici\u00f3n de portador, estado civil, orientaci\u00f3n sexual, condici\u00f3n de transexual, identidad de g\u00e9nero, condici\u00f3n de veterano o cualquier otra caracter\u00edstica protegida por la ley aplicable.<\/p>\n      <\/div>\n      \n        \n      \n          <\/div>\n  <\/div>\n<\/section>\n\n<section class=\"text-block white-background\">\n  <div class=\"small-max-width standard-spacing body-copy\">\n    <p>Si cree que SBH Health System no le ha prestado servicios o le ha discriminado de alguna otra forma por motivos de raza, color, religi\u00f3n, credo, sexo, origen nacional, condici\u00f3n de ciudadan\u00eda, edad, discapacidad, predisposici\u00f3n \u00e9tnica, condici\u00f3n de portador, estado civil, orientaci\u00f3n sexual, condici\u00f3n de transexual, identidad de g\u00e9nero, condici\u00f3n de veterano o cualquier otra caracter\u00edstica protegida por la legislaci\u00f3n aplicable, puede presentar su queja ante:<\/p>\n<p><strong><a href=\"\">Diana Almanzar<\/a><\/strong><br \/>\n<strong>Vicepresidenta, Directora de Cumplimiento y HIPAA<\/strong><br \/>\nSistema de Salud SBH<br \/>\n4422 Tercera Avenida<br \/>\nBronx, Nueva York 10457<br \/>\nOficina: (718) 960-3389<\/p>\n  <\/div>\n<\/section>","protected":false},"excerpt":{"rendered":"","protected":false},"author":3,"featured_media":0,"parent":0,"menu_order":0,"comment_status":"closed","ping_status":"closed","template":"","meta":{"_acf_changed":false,"_eb_attr":"","_price":"","_stock":"","_tribe_ticket_header":"","_tribe_default_ticket_provider":"","_tribe_ticket_capacity":"0","_ticket_start_date":"","_ticket_end_date":"","_tribe_ticket_show_description":"","_tribe_ticket_show_not_going":false,"_tribe_ticket_use_global_stock":"","_tribe_ticket_global_stock_level":"","_global_stock_mode":"","_global_stock_cap":"","_tribe_rsvp_for_event":"","_tribe_ticket_going_count":"","_tribe_ticket_not_going_count":"","_tribe_tickets_list":"[]","_tribe_ticket_has_attendee_info_fields":false,"footnotes":""},"class_list":["post-2289","page","type-page","status-publish","hentry"],"acf":[],"yoast_head":"<!-- This site is optimized with the Yoast SEO plugin v26.5 - https:\/\/yoast.com\/wordpress\/plugins\/seo\/ -->\n<title>Anti-Discrimination Statement - SBH Health System<\/title>\n<meta name=\"robots\" content=\"index, follow, max-snippet:-1, max-image-preview:large, max-video-preview:-1\" \/>\n<link rel=\"canonical\" href=\"https:\/\/www.sbhny.org\/es\/anti-discrimination-statement\/\" \/>\n<meta property=\"og:locale\" content=\"es_MX\" \/>\n<meta property=\"og:type\" content=\"article\" \/>\n<meta property=\"og:title\" content=\"Anti-Discrimination Statement - SBH Health System\" \/>\n<meta property=\"og:url\" content=\"https:\/\/www.sbhny.org\/es\/anti-discrimination-statement\/\" \/>\n<meta property=\"og:site_name\" content=\"SBH Health System\" \/>\n<meta property=\"article:publisher\" content=\"https:\/\/www.facebook.com\/SBHBronx\/\" \/>\n<meta property=\"article:modified_time\" content=\"2025-12-05T17:52:43+00:00\" \/>\n<meta name=\"twitter:card\" content=\"summary_large_image\" \/>\n<meta name=\"twitter:site\" content=\"@sbhbronx\" \/>\n<script type=\"application\/ld+json\" class=\"yoast-schema-graph\">{\"@context\":\"https:\/\/schema.org\",\"@graph\":[{\"@type\":\"WebPage\",\"@id\":\"https:\/\/www.sbhny.org\/anti-discrimination-statement\/\",\"url\":\"https:\/\/www.sbhny.org\/anti-discrimination-statement\/\",\"name\":\"Anti-Discrimination Statement - SBH Health System\",\"isPartOf\":{\"@id\":\"https:\/\/www.sbhny.org\/#website\"},\"datePublished\":\"2024-05-14T19:21:25+00:00\",\"dateModified\":\"2025-12-05T17:52:43+00:00\",\"breadcrumb\":{\"@id\":\"https:\/\/www.sbhny.org\/anti-discrimination-statement\/#breadcrumb\"},\"inLanguage\":\"es\",\"potentialAction\":[{\"@type\":\"ReadAction\",\"target\":[\"https:\/\/www.sbhny.org\/anti-discrimination-statement\/\"]}]},{\"@type\":\"BreadcrumbList\",\"@id\":\"https:\/\/www.sbhny.org\/anti-discrimination-statement\/#breadcrumb\",\"itemListElement\":[{\"@type\":\"ListItem\",\"position\":1,\"name\":\"Home\",\"item\":\"https:\/\/www.sbhny.org\/\"},{\"@type\":\"ListItem\",\"position\":2,\"name\":\"Anti-Discrimination Statement\"}]},{\"@type\":\"WebSite\",\"@id\":\"https:\/\/www.sbhny.org\/#website\",\"url\":\"https:\/\/www.sbhny.org\/\",\"name\":\"SBH Health System\",\"description\":\"\",\"potentialAction\":[{\"@type\":\"SearchAction\",\"target\":{\"@type\":\"EntryPoint\",\"urlTemplate\":\"https:\/\/www.sbhny.org\/?s={search_term_string}\"},\"query-input\":{\"@type\":\"PropertyValueSpecification\",\"valueRequired\":true,\"valueName\":\"search_term_string\"}}],\"inLanguage\":\"es\"}]}<\/script>\n<!-- \/ Yoast SEO plugin. -->","yoast_head_json":{"title":"Anti-Discrimination Statement - SBH Health System","robots":{"index":"index","follow":"follow","max-snippet":"max-snippet:-1","max-image-preview":"max-image-preview:large","max-video-preview":"max-video-preview:-1"},"canonical":"https:\/\/www.sbhny.org\/es\/anti-discrimination-statement\/","og_locale":"es_MX","og_type":"article","og_title":"Anti-Discrimination Statement - SBH Health System","og_url":"https:\/\/www.sbhny.org\/es\/anti-discrimination-statement\/","og_site_name":"SBH Health System","article_publisher":"https:\/\/www.facebook.com\/SBHBronx\/","article_modified_time":"2025-12-05T17:52:43+00:00","twitter_card":"summary_large_image","twitter_site":"@sbhbronx","schema":{"@context":"https:\/\/schema.org","@graph":[{"@type":"WebPage","@id":"https:\/\/www.sbhny.org\/anti-discrimination-statement\/","url":"https:\/\/www.sbhny.org\/anti-discrimination-statement\/","name":"Anti-Discrimination Statement - SBH Health System","isPartOf":{"@id":"https:\/\/www.sbhny.org\/#website"},"datePublished":"2024-05-14T19:21:25+00:00","dateModified":"2025-12-05T17:52:43+00:00","breadcrumb":{"@id":"https:\/\/www.sbhny.org\/anti-discrimination-statement\/#breadcrumb"},"inLanguage":"es","potentialAction":[{"@type":"ReadAction","target":["https:\/\/www.sbhny.org\/anti-discrimination-statement\/"]}]},{"@type":"BreadcrumbList","@id":"https:\/\/www.sbhny.org\/anti-discrimination-statement\/#breadcrumb","itemListElement":[{"@type":"ListItem","position":1,"name":"Home","item":"https:\/\/www.sbhny.org\/"},{"@type":"ListItem","position":2,"name":"Anti-Discrimination Statement"}]},{"@type":"WebSite","@id":"https:\/\/www.sbhny.org\/#website","url":"https:\/\/www.sbhny.org\/","name":"Sistema de Salud SBH","description":"","potentialAction":[{"@type":"SearchAction","target":{"@type":"EntryPoint","urlTemplate":"https:\/\/www.sbhny.org\/?s={search_term_string}"},"query-input":{"@type":"PropertyValueSpecification","valueRequired":true,"valueName":"search_term_string"}}],"inLanguage":"es"}]}},"_links":{"self":[{"href":"https:\/\/www.sbhny.org\/es\/wp-json\/wp\/v2\/pages\/2289","targetHints":{"allow":["GET"]}}],"collection":[{"href":"https:\/\/www.sbhny.org\/es\/wp-json\/wp\/v2\/pages"}],"about":[{"href":"https:\/\/www.sbhny.org\/es\/wp-json\/wp\/v2\/types\/page"}],"author":[{"embeddable":true,"href":"https:\/\/www.sbhny.org\/es\/wp-json\/wp\/v2\/users\/3"}],"replies":[{"embeddable":true,"href":"https:\/\/www.sbhny.org\/es\/wp-json\/wp\/v2\/comments?post=2289"}],"version-history":[{"count":0,"href":"https:\/\/www.sbhny.org\/es\/wp-json\/wp\/v2\/pages\/2289\/revisions"}],"wp:attachment":[{"href":"https:\/\/www.sbhny.org\/es\/wp-json\/wp\/v2\/media?parent=2289"}],"curies":[{"name":"wp","href":"https:\/\/api.w.org\/{rel}","templated":true}]}}