{"id":2899,"date":"2024-07-22T17:59:08","date_gmt":"2024-07-22T17:59:08","guid":{"rendered":"https:\/\/sbhny.wpenginepowered.com\/?page_id=2899"},"modified":"2024-10-12T14:39:00","modified_gmt":"2024-10-12T14:39:00","slug":"referrals","status":"publish","type":"page","link":"https:\/\/www.sbhny.org\/es\/referrals\/","title":{"rendered":"Servicios de referencia de SBH"},"content":{"rendered":"<section class=\"breadcrumb-eyebrow-marquee\">\n  <div class=\"max-width marquee-spacing\">\n    <nav class=\"breadcrumbs\" aria-label=\"Migas de pan\">\n      <ul class=\"breadcrumbs-list\" itemscope itemtype=\"https:\/\/schema.org\/BreadcrumbList\">\n        <li itemprop=\"itemListElement\" itemscope\n itemtype=\"https:\/\/schema.org\/ListItem\"><a itemprop=\"item\" href=\"\/es\/\"><span itemprop=\"name\">Hogar<\/span><\/a><\/li>\n                \n        <li itemprop=\"itemListElement\" itemscope\n itemtype=\"https:\/\/schema.org\/ListItem\"><a itemprop=\"item\" class=\"current\" aria-current=\"page\" href=\"https:\/\/www.sbhny.org\/es\/referrals\/\"><span itemprop=\"name\">Servicios de referencia de SBH<\/span><\/a><\/li>\n    <\/ul>\n\n    <\/nav>\n    <div class=\"eyebrow\">\n              <p class=\"main-heading\">Servicios de referencia de SBH<\/p>\n          <\/div>    \n  <\/div>\n<\/section>\n\n\n\n<a class=\"jump-nav-link-block\" href=\"javascript:void(0)\" tabindex=\"-1\" id=\"overview\" data-name=\"Overview\"><\/a>\n\n\n\n<section class=\"image-twocol-hero background-image\">\n  <div class=\"max-width standard-spacing twocol-row\">\n\n          <div class=\"image-col twocol-col\" style=\"background-image: url('https:\/\/www.sbhny.org\/wp-content\/uploads\/2024\/08\/Newsletter-Home-page.jpg');\"><\/div>\n    \n\n    <div class=\"content-col twocol-col\">\n              <h1 class=\"main-heading\">Servicios de referencia de SBH<\/h1>\n            <div class=\"body-copy\">\n        <p>Bienvenido a SBH Referral Services, la puerta de acceso a excelentes servicios de pruebas diagn\u00f3sticas, quir\u00fargicas y especializadas para sus pacientes. Nuestro equipo especializado ofrece a los proveedores remitentes un servicio de remisi\u00f3n de circuito cerrado con acceso a nuestra amplia gama de especialistas cl\u00ednicos para garantizar que sus pacientes tengan una experiencia de atenci\u00f3n de alta calidad y sin complicaciones. Nuestro equipo de remisi\u00f3n trabaja directamente con los pacientes para programar citas en horarios convenientes y asegurarse de que tienen lo que necesitan para su visita. Tambi\u00e9n ofrecemos a los proveedores remitentes acceso seguro a nuestro portal EpicCare Link, donde pueden acceder r\u00e1pidamente a la informaci\u00f3n de sus pacientes, incluidas hospitalizaciones, remisiones a especialistas y datos cl\u00ednicos en tiempo real.<\/p>\n      <\/div>\n      \n        \n      \n          <\/div>\n  <\/div>\n<\/section>\n\n\n\n<a class=\"jump-nav-link-block\" href=\"javascript:void(0)\" tabindex=\"-1\" id=\"epiccare-link\" data-name=\"EpicCare Link\"><\/a>\n\n\n\n<section class=\"alternating-content-image-rows first gray\">\n\n  <div class=\"alternating-intro-copy max-width standard-spacing no-bottom-spacing\">\n    <!-- Display eyebrow if there is one -->\n        \n    <!-- Display heading if there is one -->\n        <h2 class=\"main-heading\">Enlace EpicCare<\/h2>\n    \n    <!-- Display intro description if there is one -->\n        <div class=\"body-copy\"><p>EpicCare Link es un portal web seguro para el nuevo registro m\u00e9dico electr\u00f3nico Epic de SBH Health System que permite a los proveedores y al personal de referencia remitir f\u00e1cilmente a los pacientes a SBH Health System. Usted puede acceder convenientemente a la informaci\u00f3n del paciente para sus pacientes referidos y admitidos.<\/p>\n<\/div>\n      <\/div>\n    \n          <div class=\"standard-spacing no-side-spacing no-bottom-spacing content-image-block reversed\">\n            <div class=\"content-image-row\">\n              <div class=\"content-side\">\n  \n                <!-- Display icon if there is one -->\n                  \n                <!-- Display heading if there is one -->\n                <!-- If there is intro copy, display h3 -->\n                <!-- If there is no intro copy, display h2 -->\n                                \n                <!-- Display body copy if there is body copy -->\n                                  <div class=\"body-copy\"><p>Puede iniciar sesi\u00f3n para realizar derivaciones a todos los servicios del SBH Health System. Tambi\u00e9n puede enviar mensajes seguros a los proveedores de SBH, y ver los registros m\u00e9dicos de sus pacientes, incluyendo:<\/p>\n<ul>\n<li>Citas programadas<\/li>\n<li>Notas de consulta<\/li>\n<li>Resultados de laboratorio, diagn\u00f3stico por imagen y pruebas<\/li>\n<li>Medicamentos y alergias<\/li>\n<li>Ingresos hospitalarios<\/li>\n<li>Res\u00famenes de alta<\/li>\n<\/ul>\n<\/div>\n                  \n                                \n                                  <a href=\"https:\/\/sbhecarelink.barnabas.network\/EpicCareLink-PRD\/common\/epic_login.asp\" class=\"btn standard\">Enlace EpicCare<\/a>\n                \n                \n                  \n              <\/div>\n              \n              <!-- Display main image if there is an image -->\n                            <div class=\"image-side\" style=\"background-image: url('https:\/\/www.sbhny.org\/wp-content\/uploads\/2024\/09\/shutterstock_778662295-scaled-e1727298544592.jpg');\"><\/div>\n                \n            <\/div>\n          <\/div>\n  \n          \n          <div class=\"standard-spacing no-side-spacing no-bottom-spacing content-image-block reversed\">\n            <div class=\"content-image-row\">\n              <div class=\"content-side\">\n  \n                <!-- Display icon if there is one -->\n                  \n                <!-- Display heading if there is one -->\n                <!-- If there is intro copy, display h3 -->\n                <!-- If there is no intro copy, display h2 -->\n                                \n                <!-- Display body copy if there is body copy -->\n                                  <div class=\"body-copy\"><p>&nbsp;<\/p>\n<p>La instalaci\u00f3n y el mantenimiento son m\u00ednimos y no le suponen ning\u00fan coste.<\/p>\n<p>EpicCare Link est\u00e1 disponible para todos los proveedores de referencia y el personal. Con antelaci\u00f3n, nuestro equipo de SBH ayudar\u00e1 a los proveedores y al personal a inscribirse.<\/p>\n<p>\u00bfTiene preguntas? Env\u00ede un correo electr\u00f3nico a <a href=\"mailto:carelink@sbhny.org\">carelink@sbhny.org<\/a> o llamar <a href=\"tel:7189609122\">(718) 960-9122<\/a> para saber m\u00e1s.<\/p>\n<\/div>\n                  \n                                \n                \n                \n                  \n              <\/div>\n              \n              <!-- Display main image if there is an image -->\n                            <div class=\"image-side\" style=\"background-image: url('https:\/\/www.sbhny.org\/wp-content\/uploads\/2024\/09\/shutterstock_2466627435.jpg');\"><\/div>\n                \n            <\/div>\n          <\/div>\n  \n        \n\n\n\n<\/section>\n\n\n\n<a class=\"jump-nav-link-block\" href=\"javascript:void(0)\" tabindex=\"-1\" id=\"make-a-referral\" data-name=\"Make a Referral\"><\/a>\n\n\n\n<section class=\"testimonial-block large-no-background--reversed\">\n  <div class=\"max-width standard-spacing\">\n    <div class=\"testimonial-row\">\n      <div class=\"content\">\n                  <p class=\"subheading quote\">Hacer una remisi\u00f3n<\/p>\n        \n                  <div class=\"body-copy\"><p>Llame a <a href=\"tel:7189609122\">(718) 960-9122<\/a> De lunes a viernes, de 9:00 a 17:00, para hablar directamente con nuestro equipo.<\/p>\n<p>Para remitir a un paciente, env\u00ede por fax su pedido, o el <a href=\"\/wp-content\/uploads\/2024\/07\/SBH-Referral-Network-Form-1.pdf\">Formulario de remisi\u00f3n de servicios de SBH (PDF)<\/a> o el <a href=\"\/wp-content\/uploads\/2024\/07\/SBH-Referral-Network-Form.docx\">Formulario de la red de remisi\u00f3n de SBH (Word)<\/a> a <a href=\"tel:7189606659\">(718) 960-6659<\/a>. Tambi\u00e9n puede enviarlos por correo electr\u00f3nico a <a href=\"mailto:cpro@sbhny.org\">cpro@sbhny.org<\/a>.<\/p>\n<\/div>\n          <br>\n        \n\n        \n      <\/div>\n\n      <div class=\"video\">\n        <div class=\"video-thumbnail no-video\" style=\"background-image: url('https:\/\/www.sbhny.org\/wp-content\/uploads\/2024\/09\/shutterstock_2148946241-scaled-e1727298476383.jpg');\">\n        <\/div>\n      <\/div>\n\n    <\/div>\n  <\/div>\n<\/section>\n\n\n\n\n<a class=\"jump-nav-link-block\" href=\"javascript:void(0)\" tabindex=\"-1\" id=\"specialties\" data-name=\"Specialties at SBH\"><\/a>\n\n\n<section class=\"accordion-section\">\n  <div class=\"max-width standard-spacing\">\n        <h2 class=\"main-heading\">M\u00e1s informaci\u00f3n sobre nuestras especialidades<\/h2>\n        \n    <div class=\"accordion-container\">\n\n    \n    <div class=\"accordion-card open\" itemscope=\"itemscope\" itemprop=\"mainEntity\" itemtype=\"https:\/\/schema.org\/Question\">\n      <div class=\"accordion-card-header\">\n        <button id=\"twocol_id_Specialties-at-SBH\" class=\"accordion-button large-body-copy\" aria-expanded=\"true\" aria-controls=\"twocol_Specialties-at-SBH\">Especialidades en SBH<\/button>\n      <\/div>\n      <div class=\"accordion-card-content body-copy\" itemscope=\"itemscope\" itemprop=\"acceptedAnswer\" itemtype=\"https:\/\/schema.org\/Answer\" id=\"twocol_Specialties-at-SBH\" aria-labelledby=\"twocol_id_Specialties-at-SBH\" role=\"region\">\n        <ul>\n<li><a href=\"\/es\/our-services\/addiction-medicine\/\">Medicina de adicci\u00f3n<\/a><\/li>\n<li>Salud de los adolescentes<\/li>\n<li><a href=\"\/es\/our-services\/allergy-immunology\/\">Asma, alergia e inmunolog\u00eda<\/a>\n<\/li>\n<li>Anticoagulaci\u00f3n<\/li>\n<li><a href=\"\/es\/our-services\/bariatric-surgery\/\">Bari\u00e1trica<\/a><\/li>\n<li><a href=\"\/es\/our-services\/breast-health\/\">Salud de los senos<\/a><\/li>\n<li><a href=\"\/es\/our-services\/cardiology-heart\/\">Arritmia cardiaca<\/a><\/li>\n<li><a href=\"\/es\/our-services\/cardiology-heart\/\">Cateterismo card\u00edaco<\/a><\/li>\n<li><a href=\"\/es\/our-services\/cardiology-heart\/\">Cardiolog\u00eda<\/a><\/li>\n<li>Insuficiencia card\u00edaca congestiva<\/li>\n<li>Cirug\u00eda colorrectal<\/li>\n<li>Colposcopia<\/li>\n<li><a href=\"\/es\/our-services\/dentistry-oral-surgery\/\">Odontolog\u00eda y Cirug\u00eda Oral<\/a><\/li>\n<li><a href=\"\/es\/our-services\/sbh-health-system-dermatology\/\">Dermatolog\u00eda<\/a><\/li>\n<li><a href=\"\/es\/our-services\/diabetes-endocrine-disorders\/\">Control de la diabetes y diabetes prenatal<\/a><\/li>\n<li><a href=\"\/es\/our-services\/diabetes-endocrine-disorders\/\">Endocrinolog\u00eda<\/a><\/li>\n<li><a href=\"\/es\/our-services\/sbh-health-system-ear-nose-and-throat\/\">Otorrinolaringolog\u00eda (ORL)<\/a><\/li>\n<li><a href=\"\/es\/our-services\/gastroenterology-hepatology\/\">Gastroenterolog\u00eda<\/a><\/li>\n<li>Cirug\u00eda general<\/li>\n<li><a href=\"\/es\/our-services\/geriatric-senior-health\/\">Geriatr\u00eda<\/a><\/li>\n<li>Oncolog\u00eda ginecol\u00f3gica<\/li>\n<li>Mano<\/li>\n<li><a href=\"\/es\/our-services\/hematology-blood-disease\/\">Hematolog\u00eda<\/a>y<\/li>\n<li><a href=\"\/es\/our-services\/hiv-aids\/\">Enfermedades Infecciosas\/Atenci\u00f3n al VIH<\/a><\/li>\n<li><a href=\"\/es\/our-services\/nephrology-kidney-diseases\/\">Centro de infusi\u00f3n<\/a><\/li>\n<li>Radiolog\u00eda intervencionista<\/li>\n<li><a href=\"\/es\/our-services\/liver-care\/\">Cuidado del h\u00edgado<\/a><\/li>\n<li>Detecci\u00f3n del c\u00e1ncer de pulm\u00f3n<\/li>\n<li><a href=\"\/es\/our-services\/psychiatry\/\">Salud mental<\/a><\/li>\n<li><a href=\"\/es\/our-services\/neurology-stroke\/\">Neurolog\u00eda\/Infarto<\/a><\/li>\n<li><a href=\"\/es\/our-services\/neurosurgery\/\">Neurocirug\u00eda<\/a><\/li>\n<li><a href=\"\/es\/our-services\/obstetrics-and-gynecology\/\">GINEC\u00d3LOGO-OBSTETRA<\/a><\/li>\n<li><a href=\"\/es\/our-services\/ophthalmology-eye\/\">Oftalmolog\u00eda<\/a><\/li>\n<li><a href=\"\/es\/our-services\/orthopedics\/\">Ortoped\u00eda<\/a><\/li>\n<li><a href=\"\/es\/our-services\/omm\/\">Medicina osteop\u00e1tica manipulativa<\/a><\/li>\n<li><a href=\"\/es\/our-services\/pain-medicine\/\">Tratamiento del dolor<\/a><\/li>\n<li>Especialidades pedi\u00e1tricas<\/li>\n<li>Desarrollo pedi\u00e1trico<\/li>\n<li><a href=\"\/es\/our-services\/plastic-surgery\/\">Cirug\u00eda pl\u00e1stica<\/a><\/li>\n<li><a href=\"\/es\/our-services\/podiatry\/\">Podolog\u00eda<\/a><\/li>\n<li><a href=\"\/es\/our-services\/pulmonary-medicine\/\">Neumolog\u00eda<\/a><\/li>\n<li><a href=\"\/es\/our-services\/rehabilitation-medicine\/\">Medicina de rehabilitaci\u00f3n<\/a><\/li>\n<li>Servicios renales<\/li>\n<li><a href=\"\/es\/our-services\/rheumatology\/\">Reumatolog\u00eda<\/a><\/li>\n<li>Convulsi\u00f3n<\/li>\n<li>Estudios sobre el sue\u00f1o<\/li>\n<li>Cirug\u00eda tor\u00e1cica<\/li>\n<li><a href=\"\/es\/our-services\/urology\/\">Urolog\u00eda<\/a><\/li>\n<li><a href=\"\/es\/our-services\/vascular\/\">Vascular<\/a><\/li>\n<li><a href=\"\/es\/our-services\/wound-care-and-hyperbaric-medicine\/\">Cuidado de heridas y medicina hiperb\u00e1rica<\/a><\/li>\n<\/ul>\n      <\/div>\n    <\/div>\n\n    \n    <\/div>\n\n    \n  <\/div>\n<\/section>","protected":false},"excerpt":{"rendered":"","protected":false},"author":3,"featured_media":0,"parent":0,"menu_order":0,"comment_status":"closed","ping_status":"closed","template":"","meta":{"_acf_changed":true,"_eb_attr":"","_price":"","_stock":"","_tribe_ticket_header":"","_tribe_default_ticket_provider":"","_tribe_ticket_capacity":"0","_ticket_start_date":"","_ticket_end_date":"","_tribe_ticket_show_description":"","_tribe_ticket_show_not_going":false,"_tribe_ticket_use_global_stock":"","_tribe_ticket_global_stock_level":"","_global_stock_mode":"","_global_stock_cap":"","_tribe_rsvp_for_event":"","_tribe_ticket_going_count":"","_tribe_ticket_not_going_count":"","_tribe_tickets_list":"[]","_tribe_ticket_has_attendee_info_fields":false,"footnotes":""},"class_list":["post-2899","page","type-page","status-publish","hentry"],"acf":[],"yoast_head":"<!-- This site is optimized with the Yoast SEO plugin v26.5 - https:\/\/yoast.com\/wordpress\/plugins\/seo\/ -->\n<title>SBH Referral Services - SBH Health System<\/title>\n<meta name=\"robots\" content=\"index, follow, max-snippet:-1, max-image-preview:large, max-video-preview:-1\" \/>\n<link rel=\"canonical\" href=\"https:\/\/www.sbhny.org\/es\/referrals\/\" \/>\n<meta property=\"og:locale\" content=\"es_MX\" \/>\n<meta property=\"og:type\" content=\"article\" \/>\n<meta property=\"og:title\" content=\"SBH Referral Services - SBH Health System\" \/>\n<meta property=\"og:url\" content=\"https:\/\/www.sbhny.org\/es\/referrals\/\" \/>\n<meta property=\"og:site_name\" content=\"SBH Health System\" \/>\n<meta property=\"article:publisher\" content=\"https:\/\/www.facebook.com\/SBHBronx\/\" \/>\n<meta property=\"article:modified_time\" content=\"2024-10-12T14:39:00+00:00\" \/>\n<meta name=\"twitter:card\" content=\"summary_large_image\" \/>\n<meta name=\"twitter:site\" content=\"@sbhbronx\" \/>\n<script type=\"application\/ld+json\" class=\"yoast-schema-graph\">{\"@context\":\"https:\/\/schema.org\",\"@graph\":[{\"@type\":\"WebPage\",\"@id\":\"https:\/\/www.sbhny.org\/referrals\/\",\"url\":\"https:\/\/www.sbhny.org\/referrals\/\",\"name\":\"SBH Referral Services - SBH Health System\",\"isPartOf\":{\"@id\":\"https:\/\/www.sbhny.org\/#website\"},\"datePublished\":\"2024-07-22T17:59:08+00:00\",\"dateModified\":\"2024-10-12T14:39:00+00:00\",\"breadcrumb\":{\"@id\":\"https:\/\/www.sbhny.org\/referrals\/#breadcrumb\"},\"inLanguage\":\"es\",\"potentialAction\":[{\"@type\":\"ReadAction\",\"target\":[\"https:\/\/www.sbhny.org\/referrals\/\"]}]},{\"@type\":\"BreadcrumbList\",\"@id\":\"https:\/\/www.sbhny.org\/referrals\/#breadcrumb\",\"itemListElement\":[{\"@type\":\"ListItem\",\"position\":1,\"name\":\"Home\",\"item\":\"https:\/\/www.sbhny.org\/\"},{\"@type\":\"ListItem\",\"position\":2,\"name\":\"SBH Referral Services\"}]},{\"@type\":\"WebSite\",\"@id\":\"https:\/\/www.sbhny.org\/#website\",\"url\":\"https:\/\/www.sbhny.org\/\",\"name\":\"SBH Health System\",\"description\":\"\",\"potentialAction\":[{\"@type\":\"SearchAction\",\"target\":{\"@type\":\"EntryPoint\",\"urlTemplate\":\"https:\/\/www.sbhny.org\/?s={search_term_string}\"},\"query-input\":{\"@type\":\"PropertyValueSpecification\",\"valueRequired\":true,\"valueName\":\"search_term_string\"}}],\"inLanguage\":\"es\"}]}<\/script>\n<!-- \/ Yoast SEO plugin. -->","yoast_head_json":{"title":"SBH Servicios de Referencia - SBH Health System","robots":{"index":"index","follow":"follow","max-snippet":"max-snippet:-1","max-image-preview":"max-image-preview:large","max-video-preview":"max-video-preview:-1"},"canonical":"https:\/\/www.sbhny.org\/es\/referrals\/","og_locale":"es_MX","og_type":"article","og_title":"SBH Referral Services - SBH Health System","og_url":"https:\/\/www.sbhny.org\/es\/referrals\/","og_site_name":"SBH Health System","article_publisher":"https:\/\/www.facebook.com\/SBHBronx\/","article_modified_time":"2024-10-12T14:39:00+00:00","twitter_card":"summary_large_image","twitter_site":"@sbhbronx","schema":{"@context":"https:\/\/schema.org","@graph":[{"@type":"WebPage","@id":"https:\/\/www.sbhny.org\/referrals\/","url":"https:\/\/www.sbhny.org\/referrals\/","name":"SBH Servicios de Referencia - SBH Health System","isPartOf":{"@id":"https:\/\/www.sbhny.org\/#website"},"datePublished":"2024-07-22T17:59:08+00:00","dateModified":"2024-10-12T14:39:00+00:00","breadcrumb":{"@id":"https:\/\/www.sbhny.org\/referrals\/#breadcrumb"},"inLanguage":"es","potentialAction":[{"@type":"ReadAction","target":["https:\/\/www.sbhny.org\/referrals\/"]}]},{"@type":"BreadcrumbList","@id":"https:\/\/www.sbhny.org\/referrals\/#breadcrumb","itemListElement":[{"@type":"ListItem","position":1,"name":"Home","item":"https:\/\/www.sbhny.org\/"},{"@type":"ListItem","position":2,"name":"SBH Referral Services"}]},{"@type":"WebSite","@id":"https:\/\/www.sbhny.org\/#website","url":"https:\/\/www.sbhny.org\/","name":"Sistema de Salud SBH","description":"","potentialAction":[{"@type":"SearchAction","target":{"@type":"EntryPoint","urlTemplate":"https:\/\/www.sbhny.org\/?s={search_term_string}"},"query-input":{"@type":"PropertyValueSpecification","valueRequired":true,"valueName":"search_term_string"}}],"inLanguage":"es"}]}},"_links":{"self":[{"href":"https:\/\/www.sbhny.org\/es\/wp-json\/wp\/v2\/pages\/2899","targetHints":{"allow":["GET"]}}],"collection":[{"href":"https:\/\/www.sbhny.org\/es\/wp-json\/wp\/v2\/pages"}],"about":[{"href":"https:\/\/www.sbhny.org\/es\/wp-json\/wp\/v2\/types\/page"}],"author":[{"embeddable":true,"href":"https:\/\/www.sbhny.org\/es\/wp-json\/wp\/v2\/users\/3"}],"replies":[{"embeddable":true,"href":"https:\/\/www.sbhny.org\/es\/wp-json\/wp\/v2\/comments?post=2899"}],"version-history":[{"count":0,"href":"https:\/\/www.sbhny.org\/es\/wp-json\/wp\/v2\/pages\/2899\/revisions"}],"wp:attachment":[{"href":"https:\/\/www.sbhny.org\/es\/wp-json\/wp\/v2\/media?parent=2899"}],"curies":[{"name":"wp","href":"https:\/\/api.w.org\/{rel}","templated":true}]}}