{"id":2958,"date":"2024-07-23T13:18:21","date_gmt":"2024-07-23T13:18:21","guid":{"rendered":"https:\/\/sbhny.wpenginepowered.com\/?page_id=2958"},"modified":"2025-02-07T18:57:42","modified_gmt":"2025-02-07T18:57:42","slug":"physician-practice-groups","status":"publish","type":"page","link":"https:\/\/www.sbhny.org\/es\/financial-services\/physician-practice-groups\/","title":{"rendered":"Grupos de m\u00e9dicos"},"content":{"rendered":"<style>\n.PPG-Title {text-align:center; width:100%;}\n\n<\/style>\n<div class=\"PPG-Title\">\n<h1>Grupos de m\u00e9dicos<\/h1>\n<\/div>\n\n\n\n<div class=\"wp-block-essential-blocks-wrapper  root-eb-wrapper-yru25\"><div class=\"eb-parent-wrapper eb-parent-eb-wrapper-yru25\"><div class=\"eb-wrapper-outer eb-wrapper-yru25 eb-wrapper-align-center\"><div class=\"eb-wrapper-inner\"><div class=\"eb-wrapper-inner-blocks\">\n<figure class=\"wp-block-table is-style-stripes\"><table class=\"has-fixed-layout\"><thead><tr><th><strong>Servicio<\/strong><\/th><th><strong>Grupo PC<\/strong><\/th><th><strong>Direcci\u00f3n<\/strong><\/th><th><strong>N\u00famero de tel\u00e9fono<\/strong><\/th><\/tr><\/thead><tbody><tr><td>Anestesiolog\u00eda<\/td><td>Servicios de anestesia del Bronx, P.C.<\/td><td>MC 11018 Apartado de correos 11839<br>Newark NJ 07101<\/td><td>914-637- 3530<\/td><\/tr><tr><td>Cardiolog\u00eda<\/td><td>Centro M\u00e9dico Montefiore Cardiolog\u00eda<\/td><td>Calle 210 Este, 111<br>Bronx, NY 10467<\/td><td>718-920- 7389<\/td><\/tr><tr><td>Cardiolog\u00eda<\/td><td>M\u00e9dicos Cardi\u00f3logos, P.C.<\/td><td>4422 Tercera Avenida<br>Bronx, Nueva York 10457<\/td><td>631-675- 9300<\/td><\/tr><tr><td>Cardiolog\u00eda<\/td><td>Park Medical Associates of NY, P.C.<\/td><td>Apartado de correos 5838<br>Somerset, NJ 08875<\/td><td>732-873- 5133<\/td><\/tr><tr><td>Cardiolog\u00eda<\/td><td>William E. Kalafactic, Doctor en Medicina<\/td><td>1049 East 163rd Street<br>Bronx, NY 10459<\/td><td>(718) 589- 6210<\/td><\/tr><tr><td>Cardiolog\u00eda<\/td><td>Cardiolog\u00eda Harlem<\/td><td>1787 Madison Avenue Ste 50C <br>Nueva York NY 10035<\/td><td>212-248- 9400<\/td><\/tr><tr><td>Cardiolog\u00eda<\/td><td>Rubin Silverman, Doctor en Medicina<\/td><td>1250 Waters Place STE 1207 <br>Bronx NY 10461<\/td><td>718-822- 1515<\/td><\/tr><tr><td>Cirug\u00eda cardiotor\u00e1cica<\/td><td>Centro M\u00e9dico Montefiore<br>Cirug\u00eda cardiotor\u00e1cica<\/td><td>3400 Avenida Bainbridge<br>Bronx NY 10467<\/td><td>718-920- 2958<\/td><\/tr><tr><td>Dental<\/td><td>Centro M\u00e9dico Jud\u00edo de Long Island<\/td><td>270-05 76th Avenue Dept. of Dental Med.<br>New Hyde Park NY 11042<\/td><td>718-470- 7111<\/td><\/tr><tr><td>Dental<\/td><td>Hospital St. Barnabas - Odontolog\u00eda<\/td><td>Apartado de correos 3190 <br>Boston MA 02241<\/td><td>718-960- 3819<\/td><\/tr><tr><td>Dermatolog\u00eda<\/td><td>Dr. Charles Gropper<\/td><td>Apartado de correos 5838 <br>Somerset NJ 08875<\/td><td>732-873- 5133<\/td><\/tr><tr><td>Dermatolog\u00eda<\/td><td>Dr. Mark D Kaufmann<\/td><td>Calle 90 Este, 21 <br>Nueva York, NY 10128<\/td><td>212-427- 4000<\/td><\/tr><tr><td>Electrofisiolog\u00eda<\/td><td>Montefiore Medical EPS<\/td><td>Calle 210 Este, 111<br>Bronx, NY 10467<\/td><td>718-920- 7389<\/td><\/tr><tr><td>Medicina de urgencias<\/td><td>Servicios de Emergencia Quarry Road P.C.<\/td><td>Apartado de correos 29832 <br>Nueva York, NY 10087<\/td><td>631-675- 9300<\/td><\/tr><tr><td>Gastroentrolog\u00eda<\/td><td>P Gutwein, M.D. &amp; RA Sable, M.D. PC<\/td><td>3765 Riverdale Ave Ste 7<br>Bronx NY 10463<\/td><td>718-960- 6205<\/td><\/tr><tr><td>Medicina Interna, Gastroenterolog\u00eda<\/td><td>Asociaci\u00f3n de Medicina Interna del Bronx<\/td><td>Apartado de correos 29832 <br>Nueva York, NY 10087<\/td><td>631-675- 9300<\/td><\/tr><tr><td>Medicina Interna<\/td><td>Servicios m\u00e9dicos a domicilio<\/td><td>Apartado de correos 788 <br>Hartsdale NY 10530<\/td><td>718-294- 6200<\/td><\/tr><tr><td>Psiquiatr\u00eda, Medicina Interna, Gastroenterolog\u00eda<\/td><td>M\u00e9dicos de SBH<\/td><td>Apartado de correos 29832<br>Nueva York, NY 10087<\/td><td>631-675- 9300<\/td><\/tr><tr><td>Radiolog\u00eda<\/td><td>lmaging-Advantage<\/td><td>1351 calle 4 <br>Santa Monica, California 90401<\/td><td>866-881- 4351<\/td><\/tr><tr><td>Radiolog\u00eda<\/td><td>RadAdvantage Una Sociedad Profesional<\/td><td>Apartado de correos #9452, PO Box 8500<br>Filadelfia PA 19178-9452<\/td><td>800-909- 5736<\/td><\/tr><tr><td>Radiolog\u00eda<\/td><td>Empire State Radiology, P.C.<\/td><td>992 N. Village Center<br>Rockville Centre NY 11570<\/td><td>718-223- 4685<\/td><\/tr><tr><td>Reumatolog\u00eda<\/td><td>Dr. David Engelbrecht<\/td><td>Avenida Hillside 44<br>Pleasantville NY 10570<\/td><td>914-528- 2600<\/td><\/tr><tr><td>Cirug\u00eda<\/td><td>Servicios Quir\u00fargicos del Bronx<\/td><td>4422 Tercera Avenida<br>Bronx, NY 10457-2545<\/td><td>718-960- 3901<\/td><\/tr><tr><td>Cirug\u00eda ortop\u00e9dica<\/td><td>Paul G Kleinman, M.D.<\/td><td>300 Jericho Quadrangle Suite 320<br>Jeric\u00f3 NY 11753<\/td><td>516-874- 8143<\/td><\/tr><tr><td>Cirug\u00eda traumatol\u00f3gica<\/td><td>J. Edwards, M.D., P.C.<\/td><td>Carretera Schrade 84<br>Carmel NY 10512<\/td><td>845-519- 9900<\/td><\/tr><tr><td>Cirug\u00eda traumatol\u00f3gica<\/td><td>Fausto Vinces, D.O.<\/td><td>136 Fieldpoint Drive<br>Irvington Nueva York 10533<\/td><td>914-654- 6543<\/td><\/tr><tr><td>Urolog\u00eda,Optometr\u00eda, Oftalmolog\u00eda Vascular, Cuidado de heridas<\/td><td>Bronx Park Medical Surgical Associates, P.C.<\/td><td>4422 Tercera Avenida<br>Bronx, NY 10457_2545 PC<\/td><td>631-675- 9300<\/td><\/tr><tr><td>Urolog\u00eda<\/td><td>Bronx Lebanon Urological<\/td><td>1650 Grand Concourse<br>Bronx, Nueva York 10457<\/td><td>718-590- 1800<\/td><\/tr><tr><td>Vascular<\/td><td>Volver Kim MD P.C.\/ DBA HeartVeinNYC<\/td><td>136-68 Avenida Roosevelt 2C-2D<br>Flushing NY 11354<\/td><td>212-226- 8000<\/td><\/tr><tr><td>Vascular<\/td><td>Montefiore Medical Center Vascular<\/td><td>Calle 210 Este, 111<br>Bronx, NY 10467<\/td><td>718-920- 4321<\/td><\/tr><tr><td>Cuidado de heridas<\/td><td>Daniel P. Lombardi, D.O.<\/td><td>Apartado de correos 5838<br>Somerset NJ 08875<\/td><td>732-873- 5133<\/td><\/tr><tr><td><\/td><td><\/td><td><\/td><td><\/td><\/tr><\/tbody><\/table><\/figure>\n<\/div><\/div><\/div><\/div><\/div>","protected":false},"excerpt":{"rendered":"<p>Grupos de m\u00e9dicos<\/p>","protected":false},"author":3,"featured_media":0,"parent":1938,"menu_order":0,"comment_status":"closed","ping_status":"closed","template":"","meta":{"_acf_changed":false,"_eb_attr":"","_price":"","_stock":"","_tribe_ticket_header":"","_tribe_default_ticket_provider":"","_tribe_ticket_capacity":"0","_ticket_start_date":"","_ticket_end_date":"","_tribe_ticket_show_description":"","_tribe_ticket_show_not_going":false,"_tribe_ticket_use_global_stock":"","_tribe_ticket_global_stock_level":"","_global_stock_mode":"","_global_stock_cap":"","_tribe_rsvp_for_event":"","_tribe_ticket_going_count":"","_tribe_ticket_not_going_count":"","_tribe_tickets_list":"[]","_tribe_ticket_has_attendee_info_fields":false,"footnotes":""},"class_list":["post-2958","page","type-page","status-publish","hentry"],"acf":[],"yoast_head":"<!-- This site is optimized with the Yoast SEO plugin v26.5 - https:\/\/yoast.com\/wordpress\/plugins\/seo\/ -->\n<title>Physician Practice Groups - SBH Health System<\/title>\n<meta name=\"robots\" content=\"index, follow, max-snippet:-1, max-image-preview:large, max-video-preview:-1\" \/>\n<link rel=\"canonical\" href=\"https:\/\/www.sbhny.org\/es\/financial-services\/physician-practice-groups\/\" \/>\n<meta property=\"og:locale\" content=\"es_MX\" \/>\n<meta property=\"og:type\" content=\"article\" \/>\n<meta property=\"og:title\" content=\"Physician Practice Groups - SBH Health System\" \/>\n<meta property=\"og:description\" content=\"Physician Practice Groups\" \/>\n<meta property=\"og:url\" content=\"https:\/\/www.sbhny.org\/es\/financial-services\/physician-practice-groups\/\" \/>\n<meta property=\"og:site_name\" content=\"SBH Health System\" \/>\n<meta property=\"article:publisher\" content=\"https:\/\/www.facebook.com\/SBHBronx\/\" \/>\n<meta property=\"article:modified_time\" content=\"2025-02-07T18:57:42+00:00\" \/>\n<meta name=\"twitter:card\" content=\"summary_large_image\" \/>\n<meta name=\"twitter:site\" content=\"@sbhbronx\" \/>\n<meta name=\"twitter:label1\" content=\"Tiempo de lectura\" \/>\n\t<meta name=\"twitter:data1\" content=\"3 minutos\" \/>\n<script type=\"application\/ld+json\" class=\"yoast-schema-graph\">{\"@context\":\"https:\/\/schema.org\",\"@graph\":[{\"@type\":\"WebPage\",\"@id\":\"https:\/\/www.sbhny.org\/financial-services\/physician-practice-groups\/\",\"url\":\"https:\/\/www.sbhny.org\/financial-services\/physician-practice-groups\/\",\"name\":\"Physician Practice Groups - SBH Health System\",\"isPartOf\":{\"@id\":\"https:\/\/www.sbhny.org\/#website\"},\"datePublished\":\"2024-07-23T13:18:21+00:00\",\"dateModified\":\"2025-02-07T18:57:42+00:00\",\"breadcrumb\":{\"@id\":\"https:\/\/www.sbhny.org\/financial-services\/physician-practice-groups\/#breadcrumb\"},\"inLanguage\":\"es\",\"potentialAction\":[{\"@type\":\"ReadAction\",\"target\":[\"https:\/\/www.sbhny.org\/financial-services\/physician-practice-groups\/\"]}]},{\"@type\":\"BreadcrumbList\",\"@id\":\"https:\/\/www.sbhny.org\/financial-services\/physician-practice-groups\/#breadcrumb\",\"itemListElement\":[{\"@type\":\"ListItem\",\"position\":1,\"name\":\"Home\",\"item\":\"https:\/\/www.sbhny.org\/\"},{\"@type\":\"ListItem\",\"position\":2,\"name\":\"Financial Services\",\"item\":\"https:\/\/www.sbhny.org\/financial-services\/\"},{\"@type\":\"ListItem\",\"position\":3,\"name\":\"Physician Practice Groups\"}]},{\"@type\":\"WebSite\",\"@id\":\"https:\/\/www.sbhny.org\/#website\",\"url\":\"https:\/\/www.sbhny.org\/\",\"name\":\"SBH Health System\",\"description\":\"\",\"potentialAction\":[{\"@type\":\"SearchAction\",\"target\":{\"@type\":\"EntryPoint\",\"urlTemplate\":\"https:\/\/www.sbhny.org\/?s={search_term_string}\"},\"query-input\":{\"@type\":\"PropertyValueSpecification\",\"valueRequired\":true,\"valueName\":\"search_term_string\"}}],\"inLanguage\":\"es\"}]}<\/script>\n<!-- \/ Yoast SEO plugin. -->","yoast_head_json":{"title":"Physician Practice Groups - SBH Health System","robots":{"index":"index","follow":"follow","max-snippet":"max-snippet:-1","max-image-preview":"max-image-preview:large","max-video-preview":"max-video-preview:-1"},"canonical":"https:\/\/www.sbhny.org\/es\/financial-services\/physician-practice-groups\/","og_locale":"es_MX","og_type":"article","og_title":"Physician Practice Groups - SBH Health System","og_description":"Physician Practice Groups","og_url":"https:\/\/www.sbhny.org\/es\/financial-services\/physician-practice-groups\/","og_site_name":"SBH Health System","article_publisher":"https:\/\/www.facebook.com\/SBHBronx\/","article_modified_time":"2025-02-07T18:57:42+00:00","twitter_card":"summary_large_image","twitter_site":"@sbhbronx","twitter_misc":{"Tiempo de lectura":"3 minutos"},"schema":{"@context":"https:\/\/schema.org","@graph":[{"@type":"WebPage","@id":"https:\/\/www.sbhny.org\/financial-services\/physician-practice-groups\/","url":"https:\/\/www.sbhny.org\/financial-services\/physician-practice-groups\/","name":"Physician Practice Groups - SBH Health System","isPartOf":{"@id":"https:\/\/www.sbhny.org\/#website"},"datePublished":"2024-07-23T13:18:21+00:00","dateModified":"2025-02-07T18:57:42+00:00","breadcrumb":{"@id":"https:\/\/www.sbhny.org\/financial-services\/physician-practice-groups\/#breadcrumb"},"inLanguage":"es","potentialAction":[{"@type":"ReadAction","target":["https:\/\/www.sbhny.org\/financial-services\/physician-practice-groups\/"]}]},{"@type":"BreadcrumbList","@id":"https:\/\/www.sbhny.org\/financial-services\/physician-practice-groups\/#breadcrumb","itemListElement":[{"@type":"ListItem","position":1,"name":"Home","item":"https:\/\/www.sbhny.org\/"},{"@type":"ListItem","position":2,"name":"Financial Services","item":"https:\/\/www.sbhny.org\/financial-services\/"},{"@type":"ListItem","position":3,"name":"Physician Practice Groups"}]},{"@type":"WebSite","@id":"https:\/\/www.sbhny.org\/#website","url":"https:\/\/www.sbhny.org\/","name":"Sistema de Salud SBH","description":"","potentialAction":[{"@type":"SearchAction","target":{"@type":"EntryPoint","urlTemplate":"https:\/\/www.sbhny.org\/?s={search_term_string}"},"query-input":{"@type":"PropertyValueSpecification","valueRequired":true,"valueName":"search_term_string"}}],"inLanguage":"es"}]}},"_links":{"self":[{"href":"https:\/\/www.sbhny.org\/es\/wp-json\/wp\/v2\/pages\/2958","targetHints":{"allow":["GET"]}}],"collection":[{"href":"https:\/\/www.sbhny.org\/es\/wp-json\/wp\/v2\/pages"}],"about":[{"href":"https:\/\/www.sbhny.org\/es\/wp-json\/wp\/v2\/types\/page"}],"author":[{"embeddable":true,"href":"https:\/\/www.sbhny.org\/es\/wp-json\/wp\/v2\/users\/3"}],"replies":[{"embeddable":true,"href":"https:\/\/www.sbhny.org\/es\/wp-json\/wp\/v2\/comments?post=2958"}],"version-history":[{"count":0,"href":"https:\/\/www.sbhny.org\/es\/wp-json\/wp\/v2\/pages\/2958\/revisions"}],"up":[{"embeddable":true,"href":"https:\/\/www.sbhny.org\/es\/wp-json\/wp\/v2\/pages\/1938"}],"wp:attachment":[{"href":"https:\/\/www.sbhny.org\/es\/wp-json\/wp\/v2\/media?parent=2958"}],"curies":[{"name":"wp","href":"https:\/\/api.w.org\/{rel}","templated":true}]}}