{"id":3081,"date":"2024-07-24T19:08:03","date_gmt":"2024-07-24T19:08:03","guid":{"rendered":"https:\/\/sbhny.wpenginepowered.com\/?page_id=3081"},"modified":"2025-12-18T14:02:05","modified_gmt":"2025-12-18T14:02:05","slug":"community-service-activites","status":"publish","type":"page","link":"https:\/\/www.sbhny.org\/es\/community-engagement\/community-service-activites\/","title":{"rendered":"Actividades de servicio comunitario"},"content":{"rendered":"<section class=\"breadcrumb-eyebrow-marquee\">\n  <div class=\"max-width marquee-spacing\">\n    <nav class=\"breadcrumbs\" aria-label=\"Migas de pan\">\n      <ul class=\"breadcrumbs-list\" itemscope itemtype=\"https:\/\/schema.org\/BreadcrumbList\">\n        <li itemprop=\"itemListElement\" itemscope\n itemtype=\"https:\/\/schema.org\/ListItem\"><a itemprop=\"item\" href=\"\/es\/\"><span itemprop=\"name\">Hogar<\/span><\/a><\/li>\n        <li class=\"page_item page-item-1942\"><a href=\"https:\/\/www.sbhny.org\/es\/community-engagement\/\">Participaci\u00f3n de la comunidad<\/a><\/li>\n        \n        <li itemprop=\"itemListElement\" itemscope\n itemtype=\"https:\/\/schema.org\/ListItem\"><a itemprop=\"item\" class=\"current\" aria-current=\"page\" href=\"https:\/\/www.sbhny.org\/es\/community-engagement\/community-service-activites\/\"><span itemprop=\"name\">Actividades de servicio comunitario<\/span><\/a><\/li>\n    <\/ul>\n\n    <\/nav>\n    <div class=\"eyebrow\">\n              <p class=\"main-heading\">Actividades de servicio comunitario<\/p>\n          <\/div>    \n  <\/div>\n<\/section>\n\n\n<section class=\"image-twocol-hero background-image\">\n  <div class=\"max-width standard-spacing twocol-row\">\n\n          <div class=\"image-col twocol-col\" style=\"background-image: url('https:\/\/www.sbhny.org\/wp-content\/uploads\/2024\/09\/shutterstock_367260275-scaled.jpg');\"><\/div>\n    \n\n    <div class=\"content-col twocol-col\">\n              <h1 class=\"main-heading\">Actividades de servicio comunitario<\/h1>\n            <div class=\"body-copy\">\n        <p>De acuerdo con nuestra creencia de que la educaci\u00f3n sanitaria y los programas de promoci\u00f3n de la salud son esenciales para la misi\u00f3n del SBH Health System<\/p>\n      <\/div>\n      \n        \n      \n          <\/div>\n  <\/div>\n<\/section>\n\n\n<section class=\"twocol-accordion-section\">\n  <div class=\"max-width standard-spacing twocol-row\">\n    <div class=\"twocol-col intro-copy-col\">\n      \n              <h2 class=\"subheading\">Nuestras actividades comunitarias<\/h2>\n      \n          <\/div>\n\n        <div class=\"twocol-col accordion-section\">\n\n    \n    <div class=\"accordion-card open\" itemscope=\"itemscope\" itemprop=\"mainEntity\" itemtype=\"https:\/\/schema.org\/Question\">\n      <div class=\"accordion-card-header\">\n        <button id=\"twocol_id_Medical-MarketingPromotional-Activities\" class=\"accordion-button large-body-copy\" aria-expanded=\"true\" aria-controls=\"twocol_Medical-MarketingPromotional-Activities\">Marketing m\u00e9dico\/Actividades promocionales<\/button>\n      <\/div>\n      <div class=\"accordion-card-content body-copy\" itemscope=\"itemscope\" itemprop=\"acceptedAnswer\" itemtype=\"https:\/\/schema.org\/Answer\" id=\"twocol_Medical-MarketingPromotional-Activities\" aria-labelledby=\"twocol_id_Medical-MarketingPromotional-Activities\" role=\"region\">\n        <p>El personal de los departamentos de Asuntos Comunitarios y Asuntos Externos trabaja en estrecha colaboraci\u00f3n en una serie de actividades de marketing y promoci\u00f3n de la amplia oferta de servicios m\u00e9dicos, dentales y de salud mental del SBH Health System.<\/p>\n      <\/div>\n    <\/div>\n\n    \n    <div class=\"accordion-card open\" itemscope=\"itemscope\" itemprop=\"mainEntity\" itemtype=\"https:\/\/schema.org\/Question\">\n      <div class=\"accordion-card-header\">\n        <button id=\"twocol_id_Collaboration-with-Community-Based-Organizations-and-Neighborhood-Service-Providers\" class=\"accordion-button large-body-copy\" aria-expanded=\"true\" aria-controls=\"twocol_Collaboration-with-Community-Based-Organizations-and-Neighborhood-Service-Providers\">Colaboraci\u00f3n con organizaciones comunitarias y proveedores de servicios de proximidad<\/button>\n      <\/div>\n      <div class=\"accordion-card-content body-copy\" itemscope=\"itemscope\" itemprop=\"acceptedAnswer\" itemtype=\"https:\/\/schema.org\/Answer\" id=\"twocol_Collaboration-with-Community-Based-Organizations-and-Neighborhood-Service-Providers\" aria-labelledby=\"twocol_id_Collaboration-with-Community-Based-Organizations-and-Neighborhood-Service-Providers\" role=\"region\">\n        <p>El personal del hospital presta servicios en las Juntas de Planificaci\u00f3n Comunitaria del Bronx, juntas de organizaciones locales y Juntas Asesoras M\u00e9dicas locales. En esta capacidad, el personal coordina presentaciones multiling\u00fces de todas las disciplinas de salud de St. Barnabas en reuniones de juntas, audiencias p\u00fablicas y reuniones de organizaciones comunitarias locales programadas regularmente. <\/p>\n<p>Esta colaboraci\u00f3n con las redes de servicios del vecindario ofrece al personal del SBH Health System una oportunidad \u00fanica para familiarizar a los residentes de la zona con los profesionales sanitarios del hospital y la constelaci\u00f3n de servicios sanitarios disponibles. El personal de marketing m\u00e9dico celebra y mantiene acuerdos de afiliaci\u00f3n con proveedores de servicios en un esfuerzo por garantizar la accesibilidad de la atenci\u00f3n sanitaria a los clientes de los proveedores y programas de tratamiento de la comunidad. Estos acuerdos de afiliaci\u00f3n se supervisan de cerca para comprobar su eficacia y se revisan en caso necesario.<\/p>\n      <\/div>\n    <\/div>\n\n    \n    <div class=\"accordion-card open\" itemscope=\"itemscope\" itemprop=\"mainEntity\" itemtype=\"https:\/\/schema.org\/Question\">\n      <div class=\"accordion-card-header\">\n        <button id=\"twocol_id_SBH-Wellness-Alliance-SBHWA\" class=\"accordion-button large-body-copy\" aria-expanded=\"true\" aria-controls=\"twocol_SBH-Wellness-Alliance-SBHWA\">Alianza para el Bienestar de SBH (SBHWA)<\/button>\n      <\/div>\n      <div class=\"accordion-card-content body-copy\" itemscope=\"itemscope\" itemprop=\"acceptedAnswer\" itemtype=\"https:\/\/schema.org\/Answer\" id=\"twocol_SBH-Wellness-Alliance-SBHWA\" aria-labelledby=\"twocol_id_SBH-Wellness-Alliance-SBHWA\" role=\"region\">\n        <p>SBH Wellness Alliance(SBHWA) es un reconocimiento de la importancia de las asociaciones comunitarias. Al tiempo que promueve la equidad sanitaria, el acceso y la sensibilidad cultural, la SBHWA re\u00fane peri\u00f3dicamente a socios y partes interesadas de la comunidad con el objetivo com\u00fan de mejorar la salud y el bienestar de la comunidad a la que servimos.<\/p>\n      <\/div>\n    <\/div>\n\n    \n    <div class=\"accordion-card open\" itemscope=\"itemscope\" itemprop=\"mainEntity\" itemtype=\"https:\/\/schema.org\/Question\">\n      <div class=\"accordion-card-header\">\n        <button id=\"twocol_id_Community-Health-Fairs\" class=\"accordion-button large-body-copy\" aria-expanded=\"true\" aria-controls=\"twocol_Community-Health-Fairs\">Ferias comunitarias de la salud<\/button>\n      <\/div>\n      <div class=\"accordion-card-content body-copy\" itemscope=\"itemscope\" itemprop=\"acceptedAnswer\" itemtype=\"https:\/\/schema.org\/Answer\" id=\"twocol_Community-Health-Fairs\" aria-labelledby=\"twocol_id_Community-Health-Fairs\" role=\"region\">\n        <p>Los miembros del personal del SBH Health System inician y\/o participan en ferias de salud en las comunidades multidiversas y culturalmente ricas de los alrededores. Somos conscientes de las perspectivas y diferencias culturales y nos aseguramos de que la gente reciba la informaci\u00f3n de la manera adecuada.  Estos actos se celebran in situ en centros de servicios sociales, iglesias, escuelas y centros de la tercera edad de los barrios, a menudo en cooperaci\u00f3n con las juntas de planificaci\u00f3n de la comunidad local o las asociaciones de comerciantes. Tambi\u00e9n se ofrecen ferias de salud en el campus o frente a las instalaciones sanitarias de los hospitales.<\/p>\n      <\/div>\n    <\/div>\n\n    \n    <div class=\"accordion-card open\" itemscope=\"itemscope\" itemprop=\"mainEntity\" itemtype=\"https:\/\/schema.org\/Question\">\n      <div class=\"accordion-card-header\">\n        <button id=\"twocol_id_Mobile-Mammography-Vehicle\" class=\"accordion-button large-body-copy\" aria-expanded=\"true\" aria-controls=\"twocol_Mobile-Mammography-Vehicle\">Veh\u00edculo mamogr\u00e1fico m\u00f3vil<\/button>\n      <\/div>\n      <div class=\"accordion-card-content body-copy\" itemscope=\"itemscope\" itemprop=\"acceptedAnswer\" itemtype=\"https:\/\/schema.org\/Answer\" id=\"twocol_Mobile-Mammography-Vehicle\" aria-labelledby=\"twocol_id_Mobile-Mammography-Vehicle\" role=\"region\">\n        <p>SBH Health System cuenta con la \u00fanica furgoneta m\u00f3vil para mamograf\u00edas del Bronx. Este veh\u00edculo se utiliza para realizar mamograf\u00edas, instruir a las mujeres en la t\u00e9cnica del autoexamen de mamas y derivarlas a servicios de seguimiento m\u00e9dico. Los servicios est\u00e1n disponibles tanto para mujeres aseguradas como no aseguradas, independientemente de su estatus de ciudadan\u00eda. El veh\u00edculo tambi\u00e9n sirve como herramienta para distribuir literatura relacionada con la salud, concienciar sobre el c\u00e1ncer de mama y dar a conocer a los visitantes los servicios de atenci\u00f3n sanitaria disponibles en el hospital.<\/p>\n      <\/div>\n    <\/div>\n\n    \n    <div class=\"accordion-card open\" itemscope=\"itemscope\" itemprop=\"mainEntity\" itemtype=\"https:\/\/schema.org\/Question\">\n      <div class=\"accordion-card-header\">\n        <button id=\"twocol_id_Community-Center-of-Excellence-in-Womens-Health-CCOE\" class=\"accordion-button large-body-copy\" aria-expanded=\"true\" aria-controls=\"twocol_Community-Center-of-Excellence-in-Womens-Health-CCOE\">Centro Comunitario de Excelencia en Salud de la Mujer [CCOE]<\/button>\n      <\/div>\n      <div class=\"accordion-card-content body-copy\" itemscope=\"itemscope\" itemprop=\"acceptedAnswer\" itemtype=\"https:\/\/schema.org\/Answer\" id=\"twocol_Community-Center-of-Excellence-in-Womens-Health-CCOE\" aria-labelledby=\"twocol_id_Community-Center-of-Excellence-in-Womens-Health-CCOE\" role=\"region\">\n        <p>SBH colabora con la comunidad en la promoci\u00f3n del bienestar y la educaci\u00f3n para la prevenci\u00f3n de enfermedades. Nuestras actividades de talleres de educaci\u00f3n sanitaria se celebran en lugares de la comunidad, de d\u00eda y de noche, y se ofrecen en ingl\u00e9s, espa\u00f1ol y franc\u00e9s. H\u00e1ganos saber sobre qu\u00e9 temas desea aprender m\u00e1s. Los ex\u00e1menes de salud que se ofrecen en las ferias de salud comunitarias incluyen ex\u00e1menes dentales y de presi\u00f3n arterial.<\/p>\n      <\/div>\n    <\/div>\n\n    \n    <div class=\"accordion-card open\" itemscope=\"itemscope\" itemprop=\"mainEntity\" itemtype=\"https:\/\/schema.org\/Question\">\n      <div class=\"accordion-card-header\">\n        <button id=\"twocol_id_Community-Service-Plan-CSP\" class=\"accordion-button large-body-copy\" aria-expanded=\"true\" aria-controls=\"twocol_Community-Service-Plan-CSP\">Plan de Servicios Comunitarios [PSC]<\/button>\n      <\/div>\n      <div class=\"accordion-card-content body-copy\" itemscope=\"itemscope\" itemprop=\"acceptedAnswer\" itemtype=\"https:\/\/schema.org\/Answer\" id=\"twocol_Community-Service-Plan-CSP\" aria-labelledby=\"twocol_id_Community-Service-Plan-CSP\" role=\"region\">\n        <p>El Plan de Servicios Comunitarios de St Barnabas Hospital es una respuesta a la iniciativa del Estado de Nueva York m\u00e1s saludable, conocida como Programa de Prevenci\u00f3n. El hospital participa en un enfoque colaborativo de evaluaci\u00f3n y planificaci\u00f3n de la salud comunitaria y documenta estos esfuerzos en su Plan de Servicios Comunitarios. <\/p>\n<p>El Estado seleccion\u00f3 10 prioridades de salud p\u00fablica y pidi\u00f3 al hospital que se centrara en los temas seleccionados durante un periodo de tres a\u00f1os. St Barnabas Hospital identific\u00f3 el acceso a una atenci\u00f3n sanitaria de calidad, el consumo de tabaco y la diabetes como tres temas importantes que abordar. El grupo se re\u00fane peri\u00f3dicamente y participa en actividades conjuntas y\/o independientes para abordar las medidas sanitarias y trabajar en la mejora de los resultados sanitarios para los residentes del Bronx.<\/p>\n      <\/div>\n    <\/div>\n\n    \n    <div class=\"accordion-card open\" itemscope=\"itemscope\" itemprop=\"mainEntity\" itemtype=\"https:\/\/schema.org\/Question\">\n      <div class=\"accordion-card-header\">\n        <button id=\"twocol_id_Information-Display-Tabling\" class=\"accordion-button large-body-copy\" aria-expanded=\"true\" aria-controls=\"twocol_Information-Display-Tabling\">Presentaci\u00f3n de la informaci\u00f3n<\/button>\n      <\/div>\n      <div class=\"accordion-card-content body-copy\" itemscope=\"itemscope\" itemprop=\"acceptedAnswer\" itemtype=\"https:\/\/schema.org\/Answer\" id=\"twocol_Information-Display-Tabling\" aria-labelledby=\"twocol_id_Information-Display-Tabling\" role=\"region\">\n        <p>En un esfuerzo continuo por promover la concienciaci\u00f3n y la informaci\u00f3n sobre una amplia variedad de temas de salud, especialmente aquellos temas que constituyen los principales indicadores de salud para las comunidades a las que St. Barnabas presta sus servicios, como las cardiopat\u00edas, la EPOC, el c\u00e1ncer, el asma, el VIH\/SIDA, la diabetes y la obesidad, el educador sanitario, los voluntarios Always Caring del Hospital y los profesionales sanitarios que representan a las distintas disciplinas sanitarias del SBH Health System trabajan en estrecha colaboraci\u00f3n en la preparaci\u00f3n de carteles y literatura para su distribuci\u00f3n a pacientes, visitantes y personal del Hospital y de los centros de atenci\u00f3n ambulatoria. Los profesionales sanitarios permanecen disponibles para tratar un tema determinado. <\/p>\n<p>Las mesas de informaci\u00f3n sanitaria, atendidas por los voluntarios de Always Caring, est\u00e1n estrat\u00e9gicamente situadas en el vest\u00edbulo principal del hospital y en las zonas de espera de los pacientes del hospital y de la red de atenci\u00f3n ambulatoria. La mayor parte de la documentaci\u00f3n sanitaria que se distribuye est\u00e1 publicada por los CDC federales, el Departamento de Salud del Estado de Nueva York y el Departamento de Salud e Higiene Mental de la ciudad de Nueva York.<\/p>\n      <\/div>\n    <\/div>\n\n    \n    <div class=\"accordion-card open\" itemscope=\"itemscope\" itemprop=\"mainEntity\" itemtype=\"https:\/\/schema.org\/Question\">\n      <div class=\"accordion-card-header\">\n        <button id=\"twocol_id_Volunteering-at-SBH\" class=\"accordion-button large-body-copy\" aria-expanded=\"true\" aria-controls=\"twocol_Volunteering-at-SBH\">Voluntariado en SBH<\/button>\n      <\/div>\n      <div class=\"accordion-card-content body-copy\" itemscope=\"itemscope\" itemprop=\"acceptedAnswer\" itemtype=\"https:\/\/schema.org\/Answer\" id=\"twocol_Volunteering-at-SBH\" aria-labelledby=\"twocol_id_Volunteering-at-SBH\" role=\"region\">\n        <p><a href=\"https:\/\/www.volgistics.com\/appform\/119678894\">Pr\u00e1cticas escolares no cl\u00ednicas<\/a><br \/>\n<br \/>\n<a href=\"https:\/\/www.volgistics.com\/appform\/119678894\" target=\"_blank\">Expresi\u00f3n de inter\u00e9s de voluntarios \/ Pr\u00e1cticas cl\u00ednicas<\/a><\/p>\n      <\/div>\n    <\/div>\n\n    \n    <\/div>\n    \n\n\n  <\/div>\n<\/section>","protected":false},"excerpt":{"rendered":"","protected":false},"author":3,"featured_media":0,"parent":1942,"menu_order":0,"comment_status":"closed","ping_status":"closed","template":"","meta":{"_acf_changed":false,"_eb_attr":"","_price":"","_stock":"","_tribe_ticket_header":"","_tribe_default_ticket_provider":"","_tribe_ticket_capacity":"0","_ticket_start_date":"","_ticket_end_date":"","_tribe_ticket_show_description":"","_tribe_ticket_show_not_going":false,"_tribe_ticket_use_global_stock":"","_tribe_ticket_global_stock_level":"","_global_stock_mode":"","_global_stock_cap":"","_tribe_rsvp_for_event":"","_tribe_ticket_going_count":"","_tribe_ticket_not_going_count":"","_tribe_tickets_list":"[]","_tribe_ticket_has_attendee_info_fields":false,"footnotes":""},"class_list":["post-3081","page","type-page","status-publish","hentry"],"acf":[],"yoast_head":"<!-- This site is optimized with the Yoast SEO plugin v26.5 - https:\/\/yoast.com\/wordpress\/plugins\/seo\/ -->\n<title>Community Service Activites - SBH Health System<\/title>\n<meta name=\"robots\" content=\"index, follow, max-snippet:-1, max-image-preview:large, max-video-preview:-1\" \/>\n<link rel=\"canonical\" href=\"https:\/\/www.sbhny.org\/es\/community-engagement\/community-service-activites\/\" \/>\n<meta property=\"og:locale\" content=\"es_MX\" \/>\n<meta property=\"og:type\" content=\"article\" \/>\n<meta property=\"og:title\" content=\"Community Service Activites - SBH Health System\" \/>\n<meta property=\"og:url\" content=\"https:\/\/www.sbhny.org\/es\/community-engagement\/community-service-activites\/\" \/>\n<meta property=\"og:site_name\" content=\"SBH Health System\" \/>\n<meta property=\"article:publisher\" content=\"https:\/\/www.facebook.com\/SBHBronx\/\" \/>\n<meta property=\"article:modified_time\" content=\"2025-12-18T14:02:05+00:00\" \/>\n<meta name=\"twitter:card\" content=\"summary_large_image\" \/>\n<meta name=\"twitter:site\" content=\"@sbhbronx\" \/>\n<script type=\"application\/ld+json\" class=\"yoast-schema-graph\">{\"@context\":\"https:\/\/schema.org\",\"@graph\":[{\"@type\":\"WebPage\",\"@id\":\"https:\/\/www.sbhny.org\/community-engagement\/community-service-activites\/\",\"url\":\"https:\/\/www.sbhny.org\/community-engagement\/community-service-activites\/\",\"name\":\"Community Service Activites - SBH Health System\",\"isPartOf\":{\"@id\":\"https:\/\/www.sbhny.org\/#website\"},\"datePublished\":\"2024-07-24T19:08:03+00:00\",\"dateModified\":\"2025-12-18T14:02:05+00:00\",\"breadcrumb\":{\"@id\":\"https:\/\/www.sbhny.org\/community-engagement\/community-service-activites\/#breadcrumb\"},\"inLanguage\":\"es\",\"potentialAction\":[{\"@type\":\"ReadAction\",\"target\":[\"https:\/\/www.sbhny.org\/community-engagement\/community-service-activites\/\"]}]},{\"@type\":\"BreadcrumbList\",\"@id\":\"https:\/\/www.sbhny.org\/community-engagement\/community-service-activites\/#breadcrumb\",\"itemListElement\":[{\"@type\":\"ListItem\",\"position\":1,\"name\":\"Home\",\"item\":\"https:\/\/www.sbhny.org\/\"},{\"@type\":\"ListItem\",\"position\":2,\"name\":\"Community Engagement\",\"item\":\"https:\/\/www.sbhny.org\/community-engagement\/\"},{\"@type\":\"ListItem\",\"position\":3,\"name\":\"Community Service Activites\"}]},{\"@type\":\"WebSite\",\"@id\":\"https:\/\/www.sbhny.org\/#website\",\"url\":\"https:\/\/www.sbhny.org\/\",\"name\":\"SBH Health System\",\"description\":\"\",\"potentialAction\":[{\"@type\":\"SearchAction\",\"target\":{\"@type\":\"EntryPoint\",\"urlTemplate\":\"https:\/\/www.sbhny.org\/?s={search_term_string}\"},\"query-input\":{\"@type\":\"PropertyValueSpecification\",\"valueRequired\":true,\"valueName\":\"search_term_string\"}}],\"inLanguage\":\"es\"}]}<\/script>\n<!-- \/ Yoast SEO plugin. -->","yoast_head_json":{"title":"Community Service Activites - SBH Health System","robots":{"index":"index","follow":"follow","max-snippet":"max-snippet:-1","max-image-preview":"max-image-preview:large","max-video-preview":"max-video-preview:-1"},"canonical":"https:\/\/www.sbhny.org\/es\/community-engagement\/community-service-activites\/","og_locale":"es_MX","og_type":"article","og_title":"Community Service Activites - SBH Health System","og_url":"https:\/\/www.sbhny.org\/es\/community-engagement\/community-service-activites\/","og_site_name":"SBH Health System","article_publisher":"https:\/\/www.facebook.com\/SBHBronx\/","article_modified_time":"2025-12-18T14:02:05+00:00","twitter_card":"summary_large_image","twitter_site":"@sbhbronx","schema":{"@context":"https:\/\/schema.org","@graph":[{"@type":"WebPage","@id":"https:\/\/www.sbhny.org\/community-engagement\/community-service-activites\/","url":"https:\/\/www.sbhny.org\/community-engagement\/community-service-activites\/","name":"Community Service Activites - SBH Health System","isPartOf":{"@id":"https:\/\/www.sbhny.org\/#website"},"datePublished":"2024-07-24T19:08:03+00:00","dateModified":"2025-12-18T14:02:05+00:00","breadcrumb":{"@id":"https:\/\/www.sbhny.org\/community-engagement\/community-service-activites\/#breadcrumb"},"inLanguage":"es","potentialAction":[{"@type":"ReadAction","target":["https:\/\/www.sbhny.org\/community-engagement\/community-service-activites\/"]}]},{"@type":"BreadcrumbList","@id":"https:\/\/www.sbhny.org\/community-engagement\/community-service-activites\/#breadcrumb","itemListElement":[{"@type":"ListItem","position":1,"name":"Home","item":"https:\/\/www.sbhny.org\/"},{"@type":"ListItem","position":2,"name":"Community Engagement","item":"https:\/\/www.sbhny.org\/community-engagement\/"},{"@type":"ListItem","position":3,"name":"Community Service Activites"}]},{"@type":"WebSite","@id":"https:\/\/www.sbhny.org\/#website","url":"https:\/\/www.sbhny.org\/","name":"Sistema de Salud SBH","description":"","potentialAction":[{"@type":"SearchAction","target":{"@type":"EntryPoint","urlTemplate":"https:\/\/www.sbhny.org\/?s={search_term_string}"},"query-input":{"@type":"PropertyValueSpecification","valueRequired":true,"valueName":"search_term_string"}}],"inLanguage":"es"}]}},"_links":{"self":[{"href":"https:\/\/www.sbhny.org\/es\/wp-json\/wp\/v2\/pages\/3081","targetHints":{"allow":["GET"]}}],"collection":[{"href":"https:\/\/www.sbhny.org\/es\/wp-json\/wp\/v2\/pages"}],"about":[{"href":"https:\/\/www.sbhny.org\/es\/wp-json\/wp\/v2\/types\/page"}],"author":[{"embeddable":true,"href":"https:\/\/www.sbhny.org\/es\/wp-json\/wp\/v2\/users\/3"}],"replies":[{"embeddable":true,"href":"https:\/\/www.sbhny.org\/es\/wp-json\/wp\/v2\/comments?post=3081"}],"version-history":[{"count":0,"href":"https:\/\/www.sbhny.org\/es\/wp-json\/wp\/v2\/pages\/3081\/revisions"}],"up":[{"embeddable":true,"href":"https:\/\/www.sbhny.org\/es\/wp-json\/wp\/v2\/pages\/1942"}],"wp:attachment":[{"href":"https:\/\/www.sbhny.org\/es\/wp-json\/wp\/v2\/media?parent=3081"}],"curies":[{"name":"wp","href":"https:\/\/api.w.org\/{rel}","templated":true}]}}