{"id":3083,"date":"2024-07-24T19:08:40","date_gmt":"2024-07-24T19:08:40","guid":{"rendered":"https:\/\/sbhny.wpenginepowered.com\/?page_id=3083"},"modified":"2024-10-02T16:12:57","modified_gmt":"2024-10-02T16:12:57","slug":"mobile-mammography","status":"publish","type":"page","link":"https:\/\/www.sbhny.org\/es\/community-engagement\/mobile-mammography\/","title":{"rendered":"Mamograf\u00eda m\u00f3vil"},"content":{"rendered":"<section class=\"breadcrumb-eyebrow-marquee\">\n  <div class=\"max-width marquee-spacing\">\n    <nav class=\"breadcrumbs\" aria-label=\"Migas de pan\">\n      <ul class=\"breadcrumbs-list\" itemscope itemtype=\"https:\/\/schema.org\/BreadcrumbList\">\n        <li itemprop=\"itemListElement\" itemscope\n itemtype=\"https:\/\/schema.org\/ListItem\"><a itemprop=\"item\" href=\"\/es\/\"><span itemprop=\"name\">Hogar<\/span><\/a><\/li>\n        <li class=\"page_item page-item-1942\"><a href=\"https:\/\/www.sbhny.org\/es\/community-engagement\/\">Participaci\u00f3n de la comunidad<\/a><\/li>\n        \n        <li itemprop=\"itemListElement\" itemscope\n itemtype=\"https:\/\/schema.org\/ListItem\"><a itemprop=\"item\" class=\"current\" aria-current=\"page\" href=\"https:\/\/www.sbhny.org\/es\/community-engagement\/mobile-mammography\/\"><span itemprop=\"name\">Mamograf\u00eda m\u00f3vil<\/span><\/a><\/li>\n    <\/ul>\n\n    <\/nav>\n    <div class=\"eyebrow\">\n              <p class=\"main-heading\">Mamograf\u00eda m\u00f3vil<\/p>\n          <\/div>    \n  <\/div>\n<\/section>\n\n\n<section class=\"image-twocol-hero background-image\">\n  <div class=\"max-width standard-spacing twocol-row\">\n\n          <div class=\"image-col twocol-col\" style=\"background-image: url('https:\/\/www.sbhny.org\/wp-content\/uploads\/2024\/09\/shutterstock_2193712883-scaled.jpg');\"><\/div>\n    \n\n    <div class=\"content-col twocol-col\">\n              <h1 class=\"main-heading\">El cribado mamario llega a los barrios del Bronx<\/h1>\n            <div class=\"body-copy\">\n        <p>SBH Health System ofrece un programa m\u00f3vil de mamograf\u00edas que llega a las mujeres de la comunidad del Bronx y les hace mamograf\u00edas que salvan vidas.<\/p>\n      <\/div>\n              <div class=\"cta-row\">\n                  <a href=\"\/es\/make-an-appointment\/\" target=\"\" class=\"btn\">Haga una cita<\/a>\n        \n                <\/div>        \n      \n        \n      \n          <\/div>\n  <\/div>\n<\/section>\n\n\n<section class=\"alternating-content-image-rows first gray\">\n\n  <div class=\"alternating-intro-copy max-width standard-spacing no-bottom-spacing\">\n    <!-- Display eyebrow if there is one -->\n        \n    <!-- Display heading if there is one -->\n        <h2 class=\"main-heading\">Servicios<\/h2>\n    \n    <!-- Display intro description if there is one -->\n        <div class=\"body-copy\"><p>La nueva unidad m\u00f3vil est\u00e1 equipada con tecnolog\u00eda digital de vanguardia que proporciona im\u00e1genes seguras y precisas, m\u00e1s r\u00e1pidamente que las radiograf\u00edas tradicionales y con menor exposici\u00f3n a la radiaci\u00f3n.<\/p>\n<\/div>\n      <\/div>\n    \n          <div class=\"standard-spacing no-side-spacing no-bottom-spacing content-image-block not-reversed\">\n            <div class=\"content-image-row\">\n              <div class=\"content-side\">\n  \n                <!-- Display icon if there is one -->\n                  \n                <!-- Display heading if there is one -->\n                <!-- If there is intro copy, display h3 -->\n                <!-- If there is no intro copy, display h2 -->\n                                  <h3 class=\"subheading\">Detecci\u00f3n y educaci\u00f3n<\/h3>  \n                                  \n                <!-- Display body copy if there is body copy -->\n                                  <div class=\"body-copy\"><p>Adem\u00e1s de realizar mamograf\u00edas, la unidad m\u00f3vil de mamograf\u00eda presta servicios integrales de salud mamaria ofreciendo revisiones cl\u00ednicas de las mamas y recursos educativos. De este modo, las mujeres no solo reciben el diagn\u00f3stico por imagen esencial para la detecci\u00f3n precoz, sino tambi\u00e9n valiosa informaci\u00f3n y orientaci\u00f3n sobre la salud mamaria, lo que les permite tomar decisiones informadas sobre su atenci\u00f3n.<\/p>\n<\/div>\n                  \n                                \n                \n                \n                  \n              <\/div>\n              \n              <!-- Display main image if there is an image -->\n                            <div class=\"image-side\" style=\"background-image: url('https:\/\/www.sbhny.org\/wp-content\/uploads\/2024\/09\/shutterstock_2438107041-scaled-e1727118211535.jpg');\"><\/div>\n                \n            <\/div>\n          <\/div>\n  \n          \n          <div class=\"standard-spacing no-side-spacing no-bottom-spacing content-image-block not-reversed\">\n            <div class=\"content-image-row\">\n              <div class=\"content-side\">\n  \n                <!-- Display icon if there is one -->\n                  \n                <!-- Display heading if there is one -->\n                <!-- If there is intro copy, display h3 -->\n                <!-- If there is no intro copy, display h2 -->\n                                  <h3 class=\"subheading\">Requisitos de programaci\u00f3n<\/h3>  \n                                  \n                <!-- Display body copy if there is body copy -->\n                                  <div class=\"body-copy\"><p>La unidad puede programarse para visitar organizaciones locales como centros c\u00edvicos, centros de la tercera edad, lugares de culto y otras organizaciones locales. Pueden programarse grupos de 20 o m\u00e1s mujeres al d\u00eda para un d\u00eda laborable t\u00edpico de exploraci\u00f3n, a partir de las 9 de la ma\u00f1ana.<\/p>\n<p>Para programar la visita de la unidad a su organizaci\u00f3n, llame al <a href=\"tel:7189605681\">(718) 960-5681<\/a><\/p>\n<\/div>\n                  \n                                \n                \n                \n                  \n              <\/div>\n              \n              <!-- Display main image if there is an image -->\n                            <div class=\"image-side\" style=\"background-image: url('https:\/\/www.sbhny.org\/wp-content\/uploads\/2024\/09\/SBH-Mobile-Mammography-Van.jpg');\"><\/div>\n                \n            <\/div>\n          <\/div>\n  \n          \n          <div class=\"standard-spacing no-side-spacing no-bottom-spacing content-image-block not-reversed\">\n            <div class=\"content-image-row\">\n              <div class=\"content-side\">\n  \n                <!-- Display icon if there is one -->\n                  \n                <!-- Display heading if there is one -->\n                <!-- If there is intro copy, display h3 -->\n                <!-- If there is no intro copy, display h2 -->\n                                  <h3 class=\"subheading\">Admisibilidad<\/h3>  \n                                  \n                <!-- Display body copy if there is body copy -->\n                                  <div class=\"body-copy\"><p>El servicio de mamograf\u00eda in situ est\u00e1 disponible para mujeres a partir de 40 a\u00f1os y ofrece mamograf\u00edas gratuitas a las que no tienen seguro. Adem\u00e1s, el servicio acepta la mayor\u00eda de los tipos de seguro m\u00e9dico, lo que garantiza una amplia accesibilidad y apoyo a una gran variedad de mujeres que desean someterse a ex\u00e1menes esenciales de salud mamaria.<\/p>\n<\/div>\n                  \n                                \n                \n                \n                  \n              <\/div>\n              \n              <!-- Display main image if there is an image -->\n                            <div class=\"image-side\" style=\"background-image: url('https:\/\/www.sbhny.org\/wp-content\/uploads\/2024\/09\/shutterstock_1939440952-scaled.jpg');\"><\/div>\n                \n            <\/div>\n          <\/div>\n  \n        \n\n\n\n<\/section>","protected":false},"excerpt":{"rendered":"","protected":false},"author":3,"featured_media":0,"parent":1942,"menu_order":0,"comment_status":"closed","ping_status":"closed","template":"","meta":{"_acf_changed":true,"_eb_attr":"","_price":"","_stock":"","_tribe_ticket_header":"","_tribe_default_ticket_provider":"","_tribe_ticket_capacity":"0","_ticket_start_date":"","_ticket_end_date":"","_tribe_ticket_show_description":"","_tribe_ticket_show_not_going":false,"_tribe_ticket_use_global_stock":"","_tribe_ticket_global_stock_level":"","_global_stock_mode":"","_global_stock_cap":"","_tribe_rsvp_for_event":"","_tribe_ticket_going_count":"","_tribe_ticket_not_going_count":"","_tribe_tickets_list":"[]","_tribe_ticket_has_attendee_info_fields":false,"footnotes":""},"class_list":["post-3083","page","type-page","status-publish","hentry"],"acf":[],"yoast_head":"<!-- This site is optimized with the Yoast SEO plugin v26.5 - https:\/\/yoast.com\/wordpress\/plugins\/seo\/ -->\n<title>Mobile Mammography - SBH Health System<\/title>\n<meta name=\"robots\" content=\"index, follow, max-snippet:-1, max-image-preview:large, max-video-preview:-1\" \/>\n<link rel=\"canonical\" href=\"https:\/\/www.sbhny.org\/es\/community-engagement\/mobile-mammography\/\" \/>\n<meta property=\"og:locale\" content=\"es_MX\" \/>\n<meta property=\"og:type\" content=\"article\" \/>\n<meta property=\"og:title\" content=\"Mobile Mammography - SBH Health System\" \/>\n<meta property=\"og:url\" content=\"https:\/\/www.sbhny.org\/es\/community-engagement\/mobile-mammography\/\" \/>\n<meta property=\"og:site_name\" content=\"SBH Health System\" \/>\n<meta property=\"article:publisher\" content=\"https:\/\/www.facebook.com\/SBHBronx\/\" \/>\n<meta property=\"article:modified_time\" content=\"2024-10-02T16:12:57+00:00\" \/>\n<meta name=\"twitter:card\" content=\"summary_large_image\" \/>\n<meta name=\"twitter:site\" content=\"@sbhbronx\" \/>\n<script type=\"application\/ld+json\" class=\"yoast-schema-graph\">{\"@context\":\"https:\/\/schema.org\",\"@graph\":[{\"@type\":\"WebPage\",\"@id\":\"https:\/\/www.sbhny.org\/community-engagement\/mobile-mammography\/\",\"url\":\"https:\/\/www.sbhny.org\/community-engagement\/mobile-mammography\/\",\"name\":\"Mobile Mammography - SBH Health System\",\"isPartOf\":{\"@id\":\"https:\/\/www.sbhny.org\/#website\"},\"datePublished\":\"2024-07-24T19:08:40+00:00\",\"dateModified\":\"2024-10-02T16:12:57+00:00\",\"breadcrumb\":{\"@id\":\"https:\/\/www.sbhny.org\/community-engagement\/mobile-mammography\/#breadcrumb\"},\"inLanguage\":\"es\",\"potentialAction\":[{\"@type\":\"ReadAction\",\"target\":[\"https:\/\/www.sbhny.org\/community-engagement\/mobile-mammography\/\"]}]},{\"@type\":\"BreadcrumbList\",\"@id\":\"https:\/\/www.sbhny.org\/community-engagement\/mobile-mammography\/#breadcrumb\",\"itemListElement\":[{\"@type\":\"ListItem\",\"position\":1,\"name\":\"Home\",\"item\":\"https:\/\/www.sbhny.org\/\"},{\"@type\":\"ListItem\",\"position\":2,\"name\":\"Community Engagement\",\"item\":\"https:\/\/www.sbhny.org\/community-engagement\/\"},{\"@type\":\"ListItem\",\"position\":3,\"name\":\"Mobile Mammography\"}]},{\"@type\":\"WebSite\",\"@id\":\"https:\/\/www.sbhny.org\/#website\",\"url\":\"https:\/\/www.sbhny.org\/\",\"name\":\"SBH Health System\",\"description\":\"\",\"potentialAction\":[{\"@type\":\"SearchAction\",\"target\":{\"@type\":\"EntryPoint\",\"urlTemplate\":\"https:\/\/www.sbhny.org\/?s={search_term_string}\"},\"query-input\":{\"@type\":\"PropertyValueSpecification\",\"valueRequired\":true,\"valueName\":\"search_term_string\"}}],\"inLanguage\":\"es\"}]}<\/script>\n<!-- \/ Yoast SEO plugin. -->","yoast_head_json":{"title":"Mobile Mammography - SBH Health System","robots":{"index":"index","follow":"follow","max-snippet":"max-snippet:-1","max-image-preview":"max-image-preview:large","max-video-preview":"max-video-preview:-1"},"canonical":"https:\/\/www.sbhny.org\/es\/community-engagement\/mobile-mammography\/","og_locale":"es_MX","og_type":"article","og_title":"Mobile Mammography - SBH Health System","og_url":"https:\/\/www.sbhny.org\/es\/community-engagement\/mobile-mammography\/","og_site_name":"SBH Health System","article_publisher":"https:\/\/www.facebook.com\/SBHBronx\/","article_modified_time":"2024-10-02T16:12:57+00:00","twitter_card":"summary_large_image","twitter_site":"@sbhbronx","schema":{"@context":"https:\/\/schema.org","@graph":[{"@type":"WebPage","@id":"https:\/\/www.sbhny.org\/community-engagement\/mobile-mammography\/","url":"https:\/\/www.sbhny.org\/community-engagement\/mobile-mammography\/","name":"Mobile Mammography - SBH Health System","isPartOf":{"@id":"https:\/\/www.sbhny.org\/#website"},"datePublished":"2024-07-24T19:08:40+00:00","dateModified":"2024-10-02T16:12:57+00:00","breadcrumb":{"@id":"https:\/\/www.sbhny.org\/community-engagement\/mobile-mammography\/#breadcrumb"},"inLanguage":"es","potentialAction":[{"@type":"ReadAction","target":["https:\/\/www.sbhny.org\/community-engagement\/mobile-mammography\/"]}]},{"@type":"BreadcrumbList","@id":"https:\/\/www.sbhny.org\/community-engagement\/mobile-mammography\/#breadcrumb","itemListElement":[{"@type":"ListItem","position":1,"name":"Home","item":"https:\/\/www.sbhny.org\/"},{"@type":"ListItem","position":2,"name":"Community Engagement","item":"https:\/\/www.sbhny.org\/community-engagement\/"},{"@type":"ListItem","position":3,"name":"Mobile Mammography"}]},{"@type":"WebSite","@id":"https:\/\/www.sbhny.org\/#website","url":"https:\/\/www.sbhny.org\/","name":"Sistema de Salud SBH","description":"","potentialAction":[{"@type":"SearchAction","target":{"@type":"EntryPoint","urlTemplate":"https:\/\/www.sbhny.org\/?s={search_term_string}"},"query-input":{"@type":"PropertyValueSpecification","valueRequired":true,"valueName":"search_term_string"}}],"inLanguage":"es"}]}},"_links":{"self":[{"href":"https:\/\/www.sbhny.org\/es\/wp-json\/wp\/v2\/pages\/3083","targetHints":{"allow":["GET"]}}],"collection":[{"href":"https:\/\/www.sbhny.org\/es\/wp-json\/wp\/v2\/pages"}],"about":[{"href":"https:\/\/www.sbhny.org\/es\/wp-json\/wp\/v2\/types\/page"}],"author":[{"embeddable":true,"href":"https:\/\/www.sbhny.org\/es\/wp-json\/wp\/v2\/users\/3"}],"replies":[{"embeddable":true,"href":"https:\/\/www.sbhny.org\/es\/wp-json\/wp\/v2\/comments?post=3083"}],"version-history":[{"count":0,"href":"https:\/\/www.sbhny.org\/es\/wp-json\/wp\/v2\/pages\/3083\/revisions"}],"up":[{"embeddable":true,"href":"https:\/\/www.sbhny.org\/es\/wp-json\/wp\/v2\/pages\/1942"}],"wp:attachment":[{"href":"https:\/\/www.sbhny.org\/es\/wp-json\/wp\/v2\/media?parent=3083"}],"curies":[{"name":"wp","href":"https:\/\/api.w.org\/{rel}","templated":true}]}}