{"id":3913,"date":"2024-09-09T03:17:11","date_gmt":"2024-09-09T03:17:11","guid":{"rendered":"https:\/\/sbhny.wpenginepowered.com\/?page_id=3913"},"modified":"2024-09-09T16:24:45","modified_gmt":"2024-09-09T16:24:45","slug":"jitendra-barmecha-md","status":"publish","type":"page","link":"https:\/\/www.sbhny.org\/es\/jitendra-barmecha-md\/","title":{"rendered":"Dr. Jitendra Barmecha"},"content":{"rendered":"<section class=\"image-twocol-hero background-image\">\n  <div class=\"max-width standard-spacing twocol-row\">\n\n          <div class=\"image-col twocol-col\" style=\"background-image: url('https:\/\/www.sbhny.org\/wp-content\/uploads\/2024\/09\/Dr.-Barmecha-copy-1-e1729539290941.jpg');\"><\/div>\n    \n\n    <div class=\"content-col twocol-col\">\n              <h1 class=\"main-heading\">Jitendra Barmecha, MD, MPH, FACP, SFHM<\/h1>\n            <div class=\"body-copy\">\n        <div class=\"leadership-title\">\n<div class=\"leadership-titlev\"><strong>Vicepresidente primero<br \/>\n<\/strong><\/div>\n<p><strong>Director de Informaci\u00f3n y Estrategia Digital<\/strong><\/p>\n<\/div>\n      <\/div>\n      \n        \n      \n          <\/div>\n  <\/div>\n<\/section>\n\n<section class=\"text-block white-background\">\n  <div class=\"small-max-width standard-spacing body-copy\">\n    <p>Como Director de Informaci\u00f3n y Estrategia Digital, participa en el proceso de transformaci\u00f3n digital del SBH Health System mediante la actualizaci\u00f3n de la infraestructura t\u00e9cnica, de dispositivos m\u00e9dicos y de telecomunicaciones de los sistemas sanitarios, la seguridad de la informaci\u00f3n, la garant\u00eda de que los sistemas de informaci\u00f3n de planificaci\u00f3n cl\u00ednica y de recursos y los dispositivos de gesti\u00f3n de pacientes est\u00e9n bien integrados en los historiales m\u00e9dicos electr\u00f3nicos de la empresa para el futuro, las innovaciones en atenci\u00f3n y datos y la implantaci\u00f3n de aplicaciones orientadas al paciente.<\/p>\n<p>El Dr. Barmecha es miembro del equipo ejecutivo superior del centro de mando de la pandemia COVID-19 en el SBHHS. Ha desempe\u00f1ado un papel decisivo en la aportaci\u00f3n de conocimientos y recursos tecnol\u00f3gicos, de telecomunicaciones, de ingenier\u00eda biom\u00e9dica, cl\u00ednicos y de salud p\u00fablica para la respuesta de emergencia, el aumento de la capacidad, la vacunaci\u00f3n contra la COVID y las estrategias de reapertura del sistema sanitario. Durante la primera parte de la pandemia de COVID-19, contribuy\u00f3 a la publicaci\u00f3n de \"Telehealth Implementation Playbook\" para la American Medical Association y \"Telemedicine for the physicians\" para el American College of Physicians. Como presidente del consejo de administraci\u00f3n, proporciona liderazgo cl\u00ednico al Bronx Regional Health Information Exchange (RHIO) y al Bronx Regional Informatics Center. Es miembro fundador de la junta ejecutiva de NODE.Health - red de pruebas en medicina digital, y tambi\u00e9n forma parte de la junta asesora sanitaria de Verizon 5G y Salesforce.<\/p>\n<p>El Dr. Barmecha tambi\u00e9n es presidente de la Junta Asesora sobre Salud Digital y Telemedicina del Colegio Americano de M\u00e9dicos y del Grupo Asesor de M\u00e9dicos de la eHealth Collaborative de Nueva York. Es ex presidente inmediato de la secci\u00f3n del estado de Nueva York y miembro del Colegio Americano de M\u00e9dicos, as\u00ed como miembro s\u00e9nior de la Sociedad de Medicina Hospitalaria.<\/p>\n<p>Comenz\u00f3 su carrera cl\u00ednica y de liderazgo sanitario en el SBHHS como jefe m\u00e9dico residente tras completar tres a\u00f1os en el Programa de Residencia de Medicina Interna. Tras su residencia como m\u00e9dico jefe, obtuvo su t\u00edtulo MPH en Gesti\u00f3n y Pol\u00edtica Sanitarias en el New York Medical College, al tiempo que segu\u00eda prestando servicios de atenci\u00f3n al paciente y educaci\u00f3n m\u00e9dica como profesor del Departamento de Medicina del SBHHS.<\/p>\n  <\/div>\n<\/section>  \n\n\n\n\n<style>\n.leadership-title p {\n    font-size: 24px !important;\n    line-height: 2.4rem;\n}\n.leadership-titlev {margin-bottom:15px;\n    font-size: 24px !important;\n}\n<\/style>","protected":false},"excerpt":{"rendered":"","protected":false},"author":2,"featured_media":0,"parent":0,"menu_order":0,"comment_status":"closed","ping_status":"closed","template":"","meta":{"_acf_changed":true,"_eb_attr":"","_price":"","_stock":"","_tribe_ticket_header":"","_tribe_default_ticket_provider":"","_tribe_ticket_capacity":"0","_ticket_start_date":"","_ticket_end_date":"","_tribe_ticket_show_description":"","_tribe_ticket_show_not_going":false,"_tribe_ticket_use_global_stock":"","_tribe_ticket_global_stock_level":"","_global_stock_mode":"","_global_stock_cap":"","_tribe_rsvp_for_event":"","_tribe_ticket_going_count":"","_tribe_ticket_not_going_count":"","_tribe_tickets_list":"[]","_tribe_ticket_has_attendee_info_fields":false,"footnotes":""},"class_list":["post-3913","page","type-page","status-publish","hentry"],"acf":[],"yoast_head":"<!-- This site is optimized with the Yoast SEO plugin v26.5 - https:\/\/yoast.com\/wordpress\/plugins\/seo\/ -->\n<title>Jitendra Barmecha, MD - SBH Health System<\/title>\n<meta name=\"robots\" content=\"index, follow, max-snippet:-1, max-image-preview:large, max-video-preview:-1\" \/>\n<link rel=\"canonical\" href=\"https:\/\/www.sbhny.org\/es\/jitendra-barmecha-md\/\" \/>\n<meta property=\"og:locale\" content=\"es_MX\" \/>\n<meta property=\"og:type\" content=\"article\" \/>\n<meta property=\"og:title\" content=\"Jitendra Barmecha, MD - SBH Health System\" \/>\n<meta property=\"og:url\" content=\"https:\/\/www.sbhny.org\/es\/jitendra-barmecha-md\/\" \/>\n<meta property=\"og:site_name\" content=\"SBH Health System\" \/>\n<meta property=\"article:publisher\" content=\"https:\/\/www.facebook.com\/SBHBronx\/\" \/>\n<meta property=\"article:modified_time\" content=\"2024-09-09T16:24:45+00:00\" \/>\n<meta name=\"twitter:card\" content=\"summary_large_image\" \/>\n<meta name=\"twitter:site\" content=\"@sbhbronx\" \/>\n<script type=\"application\/ld+json\" class=\"yoast-schema-graph\">{\"@context\":\"https:\/\/schema.org\",\"@graph\":[{\"@type\":\"WebPage\",\"@id\":\"https:\/\/www.sbhny.org\/jitendra-barmecha-md\/\",\"url\":\"https:\/\/www.sbhny.org\/jitendra-barmecha-md\/\",\"name\":\"Jitendra Barmecha, MD - SBH Health System\",\"isPartOf\":{\"@id\":\"https:\/\/www.sbhny.org\/#website\"},\"datePublished\":\"2024-09-09T03:17:11+00:00\",\"dateModified\":\"2024-09-09T16:24:45+00:00\",\"breadcrumb\":{\"@id\":\"https:\/\/www.sbhny.org\/jitendra-barmecha-md\/#breadcrumb\"},\"inLanguage\":\"es\",\"potentialAction\":[{\"@type\":\"ReadAction\",\"target\":[\"https:\/\/www.sbhny.org\/jitendra-barmecha-md\/\"]}]},{\"@type\":\"BreadcrumbList\",\"@id\":\"https:\/\/www.sbhny.org\/jitendra-barmecha-md\/#breadcrumb\",\"itemListElement\":[{\"@type\":\"ListItem\",\"position\":1,\"name\":\"Home\",\"item\":\"https:\/\/www.sbhny.org\/\"},{\"@type\":\"ListItem\",\"position\":2,\"name\":\"Jitendra Barmecha, MD\"}]},{\"@type\":\"WebSite\",\"@id\":\"https:\/\/www.sbhny.org\/#website\",\"url\":\"https:\/\/www.sbhny.org\/\",\"name\":\"SBH Health System\",\"description\":\"\",\"potentialAction\":[{\"@type\":\"SearchAction\",\"target\":{\"@type\":\"EntryPoint\",\"urlTemplate\":\"https:\/\/www.sbhny.org\/?s={search_term_string}\"},\"query-input\":{\"@type\":\"PropertyValueSpecification\",\"valueRequired\":true,\"valueName\":\"search_term_string\"}}],\"inLanguage\":\"es\"}]}<\/script>\n<!-- \/ Yoast SEO plugin. -->","yoast_head_json":{"title":"Jitendra Barmecha, MD - SBH Health System","robots":{"index":"index","follow":"follow","max-snippet":"max-snippet:-1","max-image-preview":"max-image-preview:large","max-video-preview":"max-video-preview:-1"},"canonical":"https:\/\/www.sbhny.org\/es\/jitendra-barmecha-md\/","og_locale":"es_MX","og_type":"article","og_title":"Jitendra Barmecha, MD - SBH Health System","og_url":"https:\/\/www.sbhny.org\/es\/jitendra-barmecha-md\/","og_site_name":"SBH Health System","article_publisher":"https:\/\/www.facebook.com\/SBHBronx\/","article_modified_time":"2024-09-09T16:24:45+00:00","twitter_card":"summary_large_image","twitter_site":"@sbhbronx","schema":{"@context":"https:\/\/schema.org","@graph":[{"@type":"WebPage","@id":"https:\/\/www.sbhny.org\/jitendra-barmecha-md\/","url":"https:\/\/www.sbhny.org\/jitendra-barmecha-md\/","name":"Jitendra Barmecha, MD - SBH Health System","isPartOf":{"@id":"https:\/\/www.sbhny.org\/#website"},"datePublished":"2024-09-09T03:17:11+00:00","dateModified":"2024-09-09T16:24:45+00:00","breadcrumb":{"@id":"https:\/\/www.sbhny.org\/jitendra-barmecha-md\/#breadcrumb"},"inLanguage":"es","potentialAction":[{"@type":"ReadAction","target":["https:\/\/www.sbhny.org\/jitendra-barmecha-md\/"]}]},{"@type":"BreadcrumbList","@id":"https:\/\/www.sbhny.org\/jitendra-barmecha-md\/#breadcrumb","itemListElement":[{"@type":"ListItem","position":1,"name":"Home","item":"https:\/\/www.sbhny.org\/"},{"@type":"ListItem","position":2,"name":"Jitendra Barmecha, MD"}]},{"@type":"WebSite","@id":"https:\/\/www.sbhny.org\/#website","url":"https:\/\/www.sbhny.org\/","name":"Sistema de Salud SBH","description":"","potentialAction":[{"@type":"SearchAction","target":{"@type":"EntryPoint","urlTemplate":"https:\/\/www.sbhny.org\/?s={search_term_string}"},"query-input":{"@type":"PropertyValueSpecification","valueRequired":true,"valueName":"search_term_string"}}],"inLanguage":"es"}]}},"_links":{"self":[{"href":"https:\/\/www.sbhny.org\/es\/wp-json\/wp\/v2\/pages\/3913","targetHints":{"allow":["GET"]}}],"collection":[{"href":"https:\/\/www.sbhny.org\/es\/wp-json\/wp\/v2\/pages"}],"about":[{"href":"https:\/\/www.sbhny.org\/es\/wp-json\/wp\/v2\/types\/page"}],"author":[{"embeddable":true,"href":"https:\/\/www.sbhny.org\/es\/wp-json\/wp\/v2\/users\/2"}],"replies":[{"embeddable":true,"href":"https:\/\/www.sbhny.org\/es\/wp-json\/wp\/v2\/comments?post=3913"}],"version-history":[{"count":0,"href":"https:\/\/www.sbhny.org\/es\/wp-json\/wp\/v2\/pages\/3913\/revisions"}],"wp:attachment":[{"href":"https:\/\/www.sbhny.org\/es\/wp-json\/wp\/v2\/media?parent=3913"}],"curies":[{"name":"wp","href":"https:\/\/api.w.org\/{rel}","templated":true}]}}