{"id":4015,"date":"2024-09-10T14:46:48","date_gmt":"2024-09-10T14:46:48","guid":{"rendered":"https:\/\/sbhny.wpenginepowered.com\/?page_id=4015"},"modified":"2024-10-11T12:44:15","modified_gmt":"2024-10-11T12:44:15","slug":"patient-resources","status":"publish","type":"page","link":"https:\/\/www.sbhny.org\/es\/patient-resources\/","title":{"rendered":"Recursos para pacientes"},"content":{"rendered":"<section class=\"image-twocol-hero background-image\">\n  <div class=\"max-width standard-spacing twocol-row\">\n\n          <div class=\"image-col twocol-col\" style=\"background-image: url('https:\/\/www.sbhny.org\/wp-content\/uploads\/2024\/09\/resources-r.jpg');\"><\/div>\n    \n\n    <div class=\"content-col twocol-col\">\n              <h1 class=\"main-heading\">Recursos para pacientes<\/h1>\n            <div class=\"body-copy\">\n        <p>En SBH, ofrecemos una variedad de recursos para el paciente con el fin de garantizar una atenci\u00f3n integral y el apoyo a todas las personas. Estos recursos est\u00e1n dise\u00f1ados para mejorar la experiencia del paciente y facilitar el acceso a informaci\u00f3n y servicios esenciales.<\/p>\n      <\/div>\n      \n        \n      \n          <\/div>\n  <\/div>\n<\/section>\n\n<section class=\"accordion-section\">\n  <div class=\"max-width standard-spacing\">\n        <h2 class=\"main-heading\"><\/h2>\n        \n    <div class=\"accordion-container\">\n\n    \n    <div class=\"accordion-card open\" itemscope=\"itemscope\" itemprop=\"mainEntity\" itemtype=\"https:\/\/schema.org\/Question\">\n      <div class=\"accordion-card-header\">\n        <button id=\"twocol_id_Patient-Guides\" class=\"accordion-button large-body-copy\" aria-expanded=\"true\" aria-controls=\"twocol_Patient-Guides\">Gu\u00edas para pacientes<\/button>\n      <\/div>\n      <div class=\"accordion-card-content body-copy\" itemscope=\"itemscope\" itemprop=\"acceptedAnswer\" itemtype=\"https:\/\/schema.org\/Answer\" id=\"twocol_Patient-Guides\" aria-labelledby=\"twocol_id_Patient-Guides\" role=\"region\">\n        <p><a href=\"\/wp-content\/uploads\/2024\/09\/122021-Patient-Guide-Vf-English-Web-1.pdf\">Gu\u00eda del paciente (ingl\u00e9s)<\/a><\/p>\n<p><a href=\"\/wp-content\/uploads\/2024\/09\/122021-Patient-Guide-Vf-Spanish-Web-1.pdf\">Gu\u00eda del paciente (espa\u00f1ol)<\/a><\/p>\n<p><a href=\"\/wp-content\/uploads\/2024\/09\/030822-Large-Print-Patient-Guide-Vf-English-8.5X11-Web.pdf\">Gu\u00eda del paciente (ingl\u00e9s - letra grande)<\/a><\/p>\n<p><a href=\"\/wp-content\/uploads\/2024\/09\/030822-Patient-Guide-Vf-Spanish-8.5X11-Web.pdf\">Gu\u00eda del paciente (espa\u00f1ol - letra grande)<\/a><\/p>\n      <\/div>\n    <\/div>\n\n    \n    <div class=\"accordion-card open\" itemscope=\"itemscope\" itemprop=\"mainEntity\" itemtype=\"https:\/\/schema.org\/Question\">\n      <div class=\"accordion-card-header\">\n        <button id=\"twocol_id_Pay-Your-Bills\" class=\"accordion-button large-body-copy\" aria-expanded=\"true\" aria-controls=\"twocol_Pay-Your-Bills\">Pague sus facturas<\/button>\n      <\/div>\n      <div class=\"accordion-card-content body-copy\" itemscope=\"itemscope\" itemprop=\"acceptedAnswer\" itemtype=\"https:\/\/schema.org\/Answer\" id=\"twocol_Pay-Your-Bills\" aria-labelledby=\"twocol_id_Pay-Your-Bills\" role=\"region\">\n        <p><a href=\"https:\/\/sbhmychart.barnabas.network\/MyChart\/billing\/guestpay\" target=\"_blank\" rel=\"noopener\" class=\"arrow-cta\">Pago electr\u00f3nico de facturas<\/a><\/p>\n      <\/div>\n    <\/div>\n\n    \n    <div class=\"accordion-card open\" itemscope=\"itemscope\" itemprop=\"mainEntity\" itemtype=\"https:\/\/schema.org\/Question\">\n      <div class=\"accordion-card-header\">\n        <button id=\"twocol_id_Get-Your-Medical-Records\" class=\"accordion-button large-body-copy\" aria-expanded=\"true\" aria-controls=\"twocol_Get-Your-Medical-Records\">Obtenga su historial m\u00e9dico<\/button>\n      <\/div>\n      <div class=\"accordion-card-content body-copy\" itemscope=\"itemscope\" itemprop=\"acceptedAnswer\" itemtype=\"https:\/\/schema.org\/Answer\" id=\"twocol_Get-Your-Medical-Records\" aria-labelledby=\"twocol_id_Get-Your-Medical-Records\" role=\"region\">\n        <div><strong>Sistema de Salud SBH<\/strong>\u00a0ofrece ahora un <strong>Herramienta en l\u00ednea de solicitud de historiales de pacientes<\/strong> para pacientes, padres de pacientes menores de edad y cuidadores que act\u00faen en nombre de un paciente que solicite el historial del paciente.  \u00a1Esto le ahorrar\u00e1 un viaje al hospital!<\/div>\n<p>&nbsp;<\/p>\n<div>La herramienta en l\u00ednea verifica su identidad pidi\u00e9ndole una foto de su carn\u00e9 de conducir, que puede tomarse a trav\u00e9s de una c\u00e1mara web o de un smartphone.No hay cargo adicional por utilizar este servicio. Sin embargo, es posible que se le cobren las copias de historiales m\u00e9dicos que no soliciten los profesionales sanitarios para la atenci\u00f3n directa del paciente.  Para reducir costes, considere la posibilidad de solicitar informaci\u00f3n espec\u00edfica en lugar de un historial completo.<\/div>\n<p>&nbsp;<\/p>\n<div>Tenga en cuenta que Chrome, Safari y Firefox son los navegadores recomendados para esta solicitud. Si tiene alg\u00fan problema con su solicitud electr\u00f3nica, llame al\u00a0<span style=\"color: black;font-size: small\">718-960-6111.\u00a0 \u00a0\u00a0<\/span><\/div>\n<p>&nbsp;<\/p>\n<p><a href=\"https:\/\/www.swellbox.com\/sbh-health-system-wizard.html\" target=\"_blank\" rel=\"noopener\" class=\"arrow-cta\">Solicite sus expedientes en l\u00ednea<\/a><\/p>\n      <\/div>\n    <\/div>\n\n    \n    <div class=\"accordion-card open\" itemscope=\"itemscope\" itemprop=\"mainEntity\" itemtype=\"https:\/\/schema.org\/Question\">\n      <div class=\"accordion-card-header\">\n        <button id=\"twocol_id_Pharmacy\" class=\"accordion-button large-body-copy\" aria-expanded=\"true\" aria-controls=\"twocol_Pharmacy\">Farmacia<\/button>\n      <\/div>\n      <div class=\"accordion-card-content body-copy\" itemscope=\"itemscope\" itemprop=\"acceptedAnswer\" itemtype=\"https:\/\/schema.org\/Answer\" id=\"twocol_Pharmacy\" aria-labelledby=\"twocol_id_Pharmacy\" role=\"region\">\n        <p><a href=\"tel:7189603172\"><strong>Farmacia ambulatoria SBH<\/strong><\/a><br \/>\n<a href=\"tel:7189603172\">(718) 960-3172<\/a><\/p>\n<p>Horario: De lunes a viernes, de 8.00 a 18.00 h.; s\u00e1bados, de 9.00 a 17.00 h.<\/p>\n<hr \/>\n<p>&nbsp;<\/p>\n<p><strong>Farmacia especializada (cl\u00ednicas - en centro de atenci\u00f3n ambulatoria)<br \/>\n<\/strong><br \/>\nEl horario es de lunes a viernes de 9.00 a 17.00 horas, s\u00e1bados y domingos cerrado.<\/p>\n      <\/div>\n    <\/div>\n\n    \n    <\/div>\n\n    \n  <\/div>\n<\/section>","protected":false},"excerpt":{"rendered":"","protected":false},"author":2,"featured_media":0,"parent":0,"menu_order":0,"comment_status":"closed","ping_status":"closed","template":"","meta":{"_acf_changed":true,"_eb_attr":"","_price":"","_stock":"","_tribe_ticket_header":"","_tribe_default_ticket_provider":"","_tribe_ticket_capacity":"0","_ticket_start_date":"","_ticket_end_date":"","_tribe_ticket_show_description":"","_tribe_ticket_show_not_going":false,"_tribe_ticket_use_global_stock":"","_tribe_ticket_global_stock_level":"","_global_stock_mode":"","_global_stock_cap":"","_tribe_rsvp_for_event":"","_tribe_ticket_going_count":"","_tribe_ticket_not_going_count":"","_tribe_tickets_list":"[]","_tribe_ticket_has_attendee_info_fields":false,"footnotes":""},"class_list":["post-4015","page","type-page","status-publish","hentry"],"acf":[],"yoast_head":"<!-- This site is optimized with the Yoast SEO plugin v26.5 - https:\/\/yoast.com\/wordpress\/plugins\/seo\/ -->\n<title>Patient Resources - SBH Health System<\/title>\n<meta name=\"robots\" content=\"index, follow, max-snippet:-1, max-image-preview:large, max-video-preview:-1\" \/>\n<link rel=\"canonical\" href=\"https:\/\/www.sbhny.org\/es\/patient-resources\/\" \/>\n<meta property=\"og:locale\" content=\"es_MX\" \/>\n<meta property=\"og:type\" content=\"article\" \/>\n<meta property=\"og:title\" content=\"Patient Resources - SBH Health System\" \/>\n<meta property=\"og:url\" content=\"https:\/\/www.sbhny.org\/es\/patient-resources\/\" \/>\n<meta property=\"og:site_name\" content=\"SBH Health System\" \/>\n<meta property=\"article:publisher\" content=\"https:\/\/www.facebook.com\/SBHBronx\/\" \/>\n<meta property=\"article:modified_time\" content=\"2024-10-11T12:44:15+00:00\" \/>\n<meta name=\"twitter:card\" content=\"summary_large_image\" \/>\n<meta name=\"twitter:site\" content=\"@sbhbronx\" \/>\n<script type=\"application\/ld+json\" class=\"yoast-schema-graph\">{\"@context\":\"https:\/\/schema.org\",\"@graph\":[{\"@type\":\"WebPage\",\"@id\":\"https:\/\/www.sbhny.org\/patient-resources\/\",\"url\":\"https:\/\/www.sbhny.org\/patient-resources\/\",\"name\":\"Patient Resources - SBH Health System\",\"isPartOf\":{\"@id\":\"https:\/\/www.sbhny.org\/#website\"},\"datePublished\":\"2024-09-10T14:46:48+00:00\",\"dateModified\":\"2024-10-11T12:44:15+00:00\",\"breadcrumb\":{\"@id\":\"https:\/\/www.sbhny.org\/patient-resources\/#breadcrumb\"},\"inLanguage\":\"es\",\"potentialAction\":[{\"@type\":\"ReadAction\",\"target\":[\"https:\/\/www.sbhny.org\/patient-resources\/\"]}]},{\"@type\":\"BreadcrumbList\",\"@id\":\"https:\/\/www.sbhny.org\/patient-resources\/#breadcrumb\",\"itemListElement\":[{\"@type\":\"ListItem\",\"position\":1,\"name\":\"Home\",\"item\":\"https:\/\/www.sbhny.org\/\"},{\"@type\":\"ListItem\",\"position\":2,\"name\":\"Patient Resources\"}]},{\"@type\":\"WebSite\",\"@id\":\"https:\/\/www.sbhny.org\/#website\",\"url\":\"https:\/\/www.sbhny.org\/\",\"name\":\"SBH Health System\",\"description\":\"\",\"potentialAction\":[{\"@type\":\"SearchAction\",\"target\":{\"@type\":\"EntryPoint\",\"urlTemplate\":\"https:\/\/www.sbhny.org\/?s={search_term_string}\"},\"query-input\":{\"@type\":\"PropertyValueSpecification\",\"valueRequired\":true,\"valueName\":\"search_term_string\"}}],\"inLanguage\":\"es\"}]}<\/script>\n<!-- \/ Yoast SEO plugin. -->","yoast_head_json":{"title":"Recursos para pacientes - SBH Health System","robots":{"index":"index","follow":"follow","max-snippet":"max-snippet:-1","max-image-preview":"max-image-preview:large","max-video-preview":"max-video-preview:-1"},"canonical":"https:\/\/www.sbhny.org\/es\/patient-resources\/","og_locale":"es_MX","og_type":"article","og_title":"Patient Resources - SBH Health System","og_url":"https:\/\/www.sbhny.org\/es\/patient-resources\/","og_site_name":"SBH Health System","article_publisher":"https:\/\/www.facebook.com\/SBHBronx\/","article_modified_time":"2024-10-11T12:44:15+00:00","twitter_card":"summary_large_image","twitter_site":"@sbhbronx","schema":{"@context":"https:\/\/schema.org","@graph":[{"@type":"WebPage","@id":"https:\/\/www.sbhny.org\/patient-resources\/","url":"https:\/\/www.sbhny.org\/patient-resources\/","name":"Recursos para pacientes - SBH Health System","isPartOf":{"@id":"https:\/\/www.sbhny.org\/#website"},"datePublished":"2024-09-10T14:46:48+00:00","dateModified":"2024-10-11T12:44:15+00:00","breadcrumb":{"@id":"https:\/\/www.sbhny.org\/patient-resources\/#breadcrumb"},"inLanguage":"es","potentialAction":[{"@type":"ReadAction","target":["https:\/\/www.sbhny.org\/patient-resources\/"]}]},{"@type":"BreadcrumbList","@id":"https:\/\/www.sbhny.org\/patient-resources\/#breadcrumb","itemListElement":[{"@type":"ListItem","position":1,"name":"Home","item":"https:\/\/www.sbhny.org\/"},{"@type":"ListItem","position":2,"name":"Patient Resources"}]},{"@type":"WebSite","@id":"https:\/\/www.sbhny.org\/#website","url":"https:\/\/www.sbhny.org\/","name":"Sistema de Salud SBH","description":"","potentialAction":[{"@type":"SearchAction","target":{"@type":"EntryPoint","urlTemplate":"https:\/\/www.sbhny.org\/?s={search_term_string}"},"query-input":{"@type":"PropertyValueSpecification","valueRequired":true,"valueName":"search_term_string"}}],"inLanguage":"es"}]}},"_links":{"self":[{"href":"https:\/\/www.sbhny.org\/es\/wp-json\/wp\/v2\/pages\/4015","targetHints":{"allow":["GET"]}}],"collection":[{"href":"https:\/\/www.sbhny.org\/es\/wp-json\/wp\/v2\/pages"}],"about":[{"href":"https:\/\/www.sbhny.org\/es\/wp-json\/wp\/v2\/types\/page"}],"author":[{"embeddable":true,"href":"https:\/\/www.sbhny.org\/es\/wp-json\/wp\/v2\/users\/2"}],"replies":[{"embeddable":true,"href":"https:\/\/www.sbhny.org\/es\/wp-json\/wp\/v2\/comments?post=4015"}],"version-history":[{"count":0,"href":"https:\/\/www.sbhny.org\/es\/wp-json\/wp\/v2\/pages\/4015\/revisions"}],"wp:attachment":[{"href":"https:\/\/www.sbhny.org\/es\/wp-json\/wp\/v2\/media?parent=4015"}],"curies":[{"name":"wp","href":"https:\/\/api.w.org\/{rel}","templated":true}]}}