{"id":4184,"date":"2024-09-12T15:29:15","date_gmt":"2024-09-12T15:29:15","guid":{"rendered":"https:\/\/sbhny.wpenginepowered.com\/?page_id=4184"},"modified":"2024-09-12T16:06:22","modified_gmt":"2024-09-12T16:06:22","slug":"faqs","status":"publish","type":"page","link":"https:\/\/www.sbhny.org\/es\/healthcare-professionals\/residency-programs\/emergency-medicine-residency-program\/faqs\/","title":{"rendered":"Preguntas frecuentes"},"content":{"rendered":"<section class=\"image-twocol-hero background-image\">\n  <div class=\"max-width standard-spacing twocol-row\">\n\n          <div class=\"image-col twocol-col\" style=\"background-image: url('https:\/\/www.sbhny.org\/wp-content\/uploads\/2024\/09\/residents-faq.jpg');\"><\/div>\n    \n\n    <div class=\"content-col twocol-col\">\n              <h1 class=\"main-heading\">Preguntas frecuentes<\/h1>\n            <div class=\"body-copy\">\n        <p>Nuestra secci\u00f3n de preguntas frecuentes sobre la residencia en medicina de urgencias est\u00e1 dise\u00f1ada para responder a las preguntas m\u00e1s comunes que los futuros residentes pueden tener sobre nuestro programa. Tanto si tiene curiosidad sobre el proceso de solicitud, la estructura de la formaci\u00f3n, las rotaciones cl\u00ednicas o la vida en el Bronx, esta secci\u00f3n ofrece respuestas claras y detalladas para ayudarle a tomar una decisi\u00f3n.<\/p>\n      <\/div>\n      \n        \n      \n          <\/div>\n  <\/div>\n<\/section>\n\n<section class=\"text-block white-background\">\n  <div class=\"small-max-width standard-spacing body-copy\">\n    <h3><strong>Preguntas frecuentes<\/strong><\/h3>\n<p>&nbsp;<\/p>\n<ol>\n<li><strong>\u00bfD\u00f3nde viven los residentes?<\/strong><br \/>\n<section style=\"padding-left: 43px;\">Nuestros residentes viven en toda el \u00e1rea metropolitana de Nueva York, pero las zonas m\u00e1s populares son Midtown Manhattan, el norte del Bronx y el bajo Westchester, as\u00ed como la zona de Astoria, en Queens.<\/p>\n<\/section>\n<\/li>\n<li><strong>\u00bfC\u00f3mo se desplazan los residentes al hospital? \u00bfHay aparcamiento? <\/strong><br \/>\n<section style=\"padding-left: 43px;\">Nuestro hospital consta de varios edificios en un recinto cerrado. Tenemos un aparcamiento de seis plantas en el campus. Si viene al trabajo en coche, se le descontar\u00e1n de su n\u00f3mina las asequibles tarifas mensuales de aparcamiento antes de impuestos. Nuestro campus tambi\u00e9n es f\u00e1cilmente accesible por Metro North Rail Road desde la estaci\u00f3n de Fordham University, que est\u00e1 a \u00be de milla de distancia. M\u00faltiples autobuses de la ciudad de Nueva York tambi\u00e9n sirven el Campus SBH.<\/p>\n<\/section>\n<\/li>\n<li><strong>\u00bfCu\u00e1l es la relaci\u00f3n entre Urgencias y otros departamentos? <\/strong><br \/>\n<section style=\"padding-left: 43px;\">Urgencias es un departamento muy respetado en el hospital, con excelentes relaciones colegiales entre nuestro departamento y los servicios de consulta. Trabajamos muy estrechamente con los servicios de consulta de la UCIM y Traumatolog\u00eda, y nuestros residentes de Urgencias que rotan en estos servicios a menudo act\u00faan como residentes de consulta.<\/p>\n<\/section>\n<\/li>\n<li><strong>\u00bfC\u00f3mo funciona el sistema de v\u00edas?<\/strong><br \/>\n<section style=\"padding-left: 43px;\">Piense en el sistema de v\u00edas como en una \"especializaci\u00f3n\" durante la residencia. Los residentes eligen un itinerario al comienzo del tercer a\u00f1o de PGY y participan en la subespecialidad durante los a\u00f1os PGY-3 y PGY-4. Cada itinerario est\u00e1 dise\u00f1ado para proporcionar la mejor formaci\u00f3n en el campo y para ser altamente moldeable a los intereses espec\u00edficos de cada residente. Cada itinerario est\u00e1 dise\u00f1ado para proporcionar la mejor formaci\u00f3n en el campo y para adaptarse a los intereses de cada residente. Todos los residentes participan en actividades docentes y acad\u00e9micas durante su trayectoria, lo que permite obtener graduados completos que son candidatos muy competitivos para puestos de becario y adjunto.<\/p>\n<\/section>\n<\/li>\n<li><strong>Soy estudiante de osteopat\u00eda. Estoy obligado a obtener la Distinci\u00f3n AOA de Formaci\u00f3n Osteop\u00e1tica Avanzada si coincido con SBHEM?<\/strong><br \/>\n<section style=\"padding-left: 43px;\">No. Si usted desea ganar su DAOT de AOA, usted participar\u00e1 en sesiones educativas, de tutor\u00eda y de evaluaci\u00f3n adicionales con la facultad de la Residencia de Medicina Osteop\u00e1tica y Manipulativa de SBH.<\/p>\n<\/section>\n<\/li>\n<li><strong>Soy estudiante alop\u00e1tico, \u00bfqu\u00e9 significa para m\u00ed el reconocimiento osteop\u00e1tico del ACGME?<\/strong><br \/>\n<section style=\"padding-left: 43px;\">La medicina de la emergencia, en general, no implica mucha medicina manipulante osteopathic en pr\u00e1ctica diaria. Nuestro plan de estudios did\u00e1ctico incluye 1 conferencia de 30 minutos sobre medicina osteop\u00e1tica y manipulativa al mes. El resto de nuestras actividades de AOA son estudio independiente para los residentes cualificados e interesados.<\/p>\n<\/section>\n<\/li>\n<li><strong>\u00bfCu\u00e1l es el horario t\u00edpico de un residente?<\/strong><br \/>\n<section style=\"padding-left: 43px;\">Nuestros residentes progresan en responsabilidad graduada a lo largo de los 4 a\u00f1os de residencia con una reducci\u00f3n graduada de turnos concomitante con la antig\u00fcedad. Los residentes PGY-1 y -2 trabajan 18 turnos\/bloque, los PGY-3 y PGY-4 16 turnos. A partir del a\u00f1o PGY-2, los turnos son una mezcla de 12 horas y 8 horas. La ubicaci\u00f3n de los turnos dentro del departamento tambi\u00e9n cambia gradualmente de un predominio de turnos de menor agudeza en el a\u00f1o PGY-1 a casi todos los turnos en las \u00e1reas de alta agudeza durante el a\u00f1o PGY-4, que es un a\u00f1o de preasistencia.<\/p>\n<\/section>\n<\/li>\n<li><strong>\u00bfC\u00f3mo se estructura la tutor\u00eda en la residencia?<\/strong><br \/>\n<section style=\"padding-left: 43px;\">Nuestra estructura de tutor\u00eda es m\u00faltiple. La residencia se divide en \"casas\" (como Harry Potter), cada una dirigida por un APD. Estas casas proporcionan apoyo acad\u00e9mico a lo largo del proceso de residencia. Los residentes obtienen tutor\u00eda adicional a trav\u00e9s del sistema de seguimiento, formando estrechos v\u00ednculos con sus l\u00edderes de seguimiento a medida que exploran nichos de inter\u00e9s en la medicina de urgencias. Por \u00faltimo, muchos residentes participan en proyectos de mejora de la calidad, investigaci\u00f3n y comit\u00e9s departamentales, desarrollando relaciones de tutor\u00eda con el profesorado a trav\u00e9s de estas otras v\u00edas.<\/p>\n<\/section>\n<\/li>\n<li><strong>\u00bfC\u00f3mo funciona la conferencia de los mi\u00e9rcoles? <\/strong><br \/>\n<section style=\"padding-left: 43px;\">Tenemos 4,5h de conferencia did\u00e1ctica cada mi\u00e9rcoles por la ma\u00f1ana. Nuestras conferencias son muy interactivas y se centran en minimizar las cl\u00e1sicas \"charlas powerpoint\". Lo m\u00e1s destacado incluye<\/p>\n<ul>\n<li>Los Sim Lab Days mensuales consisten en una jornada completa de sim.<\/li>\n<li>Formaci\u00f3n en laboratorio de procedimientos, incluido un laboratorio anual de cad\u00e1veres para adquirir destrezas en procedimientos.<\/li>\n<li>Aprendizaje basado en casos 1:1<\/li>\n<li>D\u00edas tem\u00e1ticos en los que nuestras pistas subespecializadas ponen de relieve lo que las hace tan impresionantes.<\/li>\n<li>Conferencia anual sobre medicina natural y retiro con barbacoa<\/li>\n<li>Participaci\u00f3n en fant\u00e1sticas oportunidades de conferencias en la ciudad de Nueva York, como las conferencias ALL NYC EM, el simposio Mt. Sinai Morningside Ultrasound Symposium, Bronx SonoWars y Bronx SimWars.<\/li>\n<\/ul>\n<\/section>\n<\/li>\n<\/ol>\n  <\/div>\n<\/section>","protected":false},"excerpt":{"rendered":"","protected":false},"author":2,"featured_media":0,"parent":3168,"menu_order":0,"comment_status":"closed","ping_status":"closed","template":"","meta":{"_acf_changed":false,"_eb_attr":"","_price":"","_stock":"","_tribe_ticket_header":"","_tribe_default_ticket_provider":"","_tribe_ticket_capacity":"0","_ticket_start_date":"","_ticket_end_date":"","_tribe_ticket_show_description":"","_tribe_ticket_show_not_going":false,"_tribe_ticket_use_global_stock":"","_tribe_ticket_global_stock_level":"","_global_stock_mode":"","_global_stock_cap":"","_tribe_rsvp_for_event":"","_tribe_ticket_going_count":"","_tribe_ticket_not_going_count":"","_tribe_tickets_list":"[]","_tribe_ticket_has_attendee_info_fields":false,"footnotes":""},"class_list":["post-4184","page","type-page","status-publish","hentry"],"acf":[],"yoast_head":"<!-- This site is optimized with the Yoast SEO plugin v26.5 - https:\/\/yoast.com\/wordpress\/plugins\/seo\/ -->\n<title>FAQs - SBH Health System<\/title>\n<meta name=\"robots\" content=\"index, follow, max-snippet:-1, max-image-preview:large, max-video-preview:-1\" \/>\n<link rel=\"canonical\" href=\"https:\/\/www.sbhny.org\/es\/healthcare-professionals\/residency-programs\/emergency-medicine-residency-program\/faqs\/\" \/>\n<meta property=\"og:locale\" content=\"es_MX\" \/>\n<meta property=\"og:type\" content=\"article\" \/>\n<meta property=\"og:title\" content=\"FAQs - SBH Health System\" \/>\n<meta property=\"og:url\" content=\"https:\/\/www.sbhny.org\/es\/healthcare-professionals\/residency-programs\/emergency-medicine-residency-program\/faqs\/\" \/>\n<meta property=\"og:site_name\" content=\"SBH Health System\" \/>\n<meta property=\"article:publisher\" content=\"https:\/\/www.facebook.com\/SBHBronx\/\" \/>\n<meta property=\"article:modified_time\" content=\"2024-09-12T16:06:22+00:00\" \/>\n<meta name=\"twitter:card\" content=\"summary_large_image\" \/>\n<meta name=\"twitter:site\" content=\"@sbhbronx\" \/>\n<script type=\"application\/ld+json\" class=\"yoast-schema-graph\">{\"@context\":\"https:\/\/schema.org\",\"@graph\":[{\"@type\":\"WebPage\",\"@id\":\"https:\/\/www.sbhny.org\/healthcare-professionals\/residency-programs\/emergency-medicine-residency-program\/faqs\/\",\"url\":\"https:\/\/www.sbhny.org\/healthcare-professionals\/residency-programs\/emergency-medicine-residency-program\/faqs\/\",\"name\":\"FAQs - SBH Health System\",\"isPartOf\":{\"@id\":\"https:\/\/www.sbhny.org\/#website\"},\"datePublished\":\"2024-09-12T15:29:15+00:00\",\"dateModified\":\"2024-09-12T16:06:22+00:00\",\"breadcrumb\":{\"@id\":\"https:\/\/www.sbhny.org\/healthcare-professionals\/residency-programs\/emergency-medicine-residency-program\/faqs\/#breadcrumb\"},\"inLanguage\":\"es\",\"potentialAction\":[{\"@type\":\"ReadAction\",\"target\":[\"https:\/\/www.sbhny.org\/healthcare-professionals\/residency-programs\/emergency-medicine-residency-program\/faqs\/\"]}]},{\"@type\":\"BreadcrumbList\",\"@id\":\"https:\/\/www.sbhny.org\/healthcare-professionals\/residency-programs\/emergency-medicine-residency-program\/faqs\/#breadcrumb\",\"itemListElement\":[{\"@type\":\"ListItem\",\"position\":1,\"name\":\"Home\",\"item\":\"https:\/\/www.sbhny.org\/\"},{\"@type\":\"ListItem\",\"position\":2,\"name\":\"Healthcare Professionals\",\"item\":\"https:\/\/www.sbhny.org\/bs\/healthcare-professionals\/\"},{\"@type\":\"ListItem\",\"position\":3,\"name\":\"Residency Programs\",\"item\":\"https:\/\/www.sbhny.org\/healthcare-professionals\/residency-programs\/\"},{\"@type\":\"ListItem\",\"position\":4,\"name\":\"Emergency Medicine Residency Program\",\"item\":\"https:\/\/www.sbhny.org\/healthcare-professionals\/residency-programs\/emergency-medicine-residency-program\/\"},{\"@type\":\"ListItem\",\"position\":5,\"name\":\"FAQs\"}]},{\"@type\":\"WebSite\",\"@id\":\"https:\/\/www.sbhny.org\/#website\",\"url\":\"https:\/\/www.sbhny.org\/\",\"name\":\"SBH Health System\",\"description\":\"\",\"potentialAction\":[{\"@type\":\"SearchAction\",\"target\":{\"@type\":\"EntryPoint\",\"urlTemplate\":\"https:\/\/www.sbhny.org\/?s={search_term_string}\"},\"query-input\":{\"@type\":\"PropertyValueSpecification\",\"valueRequired\":true,\"valueName\":\"search_term_string\"}}],\"inLanguage\":\"es\"}]}<\/script>\n<!-- \/ Yoast SEO plugin. -->","yoast_head_json":{"title":"Preguntas frecuentes - SBH Health System","robots":{"index":"index","follow":"follow","max-snippet":"max-snippet:-1","max-image-preview":"max-image-preview:large","max-video-preview":"max-video-preview:-1"},"canonical":"https:\/\/www.sbhny.org\/es\/healthcare-professionals\/residency-programs\/emergency-medicine-residency-program\/faqs\/","og_locale":"es_MX","og_type":"article","og_title":"FAQs - SBH Health System","og_url":"https:\/\/www.sbhny.org\/es\/healthcare-professionals\/residency-programs\/emergency-medicine-residency-program\/faqs\/","og_site_name":"SBH Health System","article_publisher":"https:\/\/www.facebook.com\/SBHBronx\/","article_modified_time":"2024-09-12T16:06:22+00:00","twitter_card":"summary_large_image","twitter_site":"@sbhbronx","schema":{"@context":"https:\/\/schema.org","@graph":[{"@type":"WebPage","@id":"https:\/\/www.sbhny.org\/healthcare-professionals\/residency-programs\/emergency-medicine-residency-program\/faqs\/","url":"https:\/\/www.sbhny.org\/healthcare-professionals\/residency-programs\/emergency-medicine-residency-program\/faqs\/","name":"Preguntas frecuentes - SBH Health System","isPartOf":{"@id":"https:\/\/www.sbhny.org\/#website"},"datePublished":"2024-09-12T15:29:15+00:00","dateModified":"2024-09-12T16:06:22+00:00","breadcrumb":{"@id":"https:\/\/www.sbhny.org\/healthcare-professionals\/residency-programs\/emergency-medicine-residency-program\/faqs\/#breadcrumb"},"inLanguage":"es","potentialAction":[{"@type":"ReadAction","target":["https:\/\/www.sbhny.org\/healthcare-professionals\/residency-programs\/emergency-medicine-residency-program\/faqs\/"]}]},{"@type":"BreadcrumbList","@id":"https:\/\/www.sbhny.org\/healthcare-professionals\/residency-programs\/emergency-medicine-residency-program\/faqs\/#breadcrumb","itemListElement":[{"@type":"ListItem","position":1,"name":"Home","item":"https:\/\/www.sbhny.org\/"},{"@type":"ListItem","position":2,"name":"Healthcare Professionals","item":"https:\/\/www.sbhny.org\/bs\/healthcare-professionals\/"},{"@type":"ListItem","position":3,"name":"Residency Programs","item":"https:\/\/www.sbhny.org\/healthcare-professionals\/residency-programs\/"},{"@type":"ListItem","position":4,"name":"Emergency Medicine Residency Program","item":"https:\/\/www.sbhny.org\/healthcare-professionals\/residency-programs\/emergency-medicine-residency-program\/"},{"@type":"ListItem","position":5,"name":"FAQs"}]},{"@type":"WebSite","@id":"https:\/\/www.sbhny.org\/#website","url":"https:\/\/www.sbhny.org\/","name":"Sistema de Salud SBH","description":"","potentialAction":[{"@type":"SearchAction","target":{"@type":"EntryPoint","urlTemplate":"https:\/\/www.sbhny.org\/?s={search_term_string}"},"query-input":{"@type":"PropertyValueSpecification","valueRequired":true,"valueName":"search_term_string"}}],"inLanguage":"es"}]}},"_links":{"self":[{"href":"https:\/\/www.sbhny.org\/es\/wp-json\/wp\/v2\/pages\/4184","targetHints":{"allow":["GET"]}}],"collection":[{"href":"https:\/\/www.sbhny.org\/es\/wp-json\/wp\/v2\/pages"}],"about":[{"href":"https:\/\/www.sbhny.org\/es\/wp-json\/wp\/v2\/types\/page"}],"author":[{"embeddable":true,"href":"https:\/\/www.sbhny.org\/es\/wp-json\/wp\/v2\/users\/2"}],"replies":[{"embeddable":true,"href":"https:\/\/www.sbhny.org\/es\/wp-json\/wp\/v2\/comments?post=4184"}],"version-history":[{"count":0,"href":"https:\/\/www.sbhny.org\/es\/wp-json\/wp\/v2\/pages\/4184\/revisions"}],"up":[{"embeddable":true,"href":"https:\/\/www.sbhny.org\/es\/wp-json\/wp\/v2\/pages\/3168"}],"wp:attachment":[{"href":"https:\/\/www.sbhny.org\/es\/wp-json\/wp\/v2\/media?parent=4184"}],"curies":[{"name":"wp","href":"https:\/\/api.w.org\/{rel}","templated":true}]}}