{"id":5200,"date":"2024-09-28T15:15:56","date_gmt":"2024-09-28T15:15:56","guid":{"rendered":"https:\/\/sbhny.wpenginepowered.com\/?page_id=5200"},"modified":"2024-09-30T03:42:45","modified_gmt":"2024-09-30T03:42:45","slug":"fitness-goals-for-an-healthier-you","status":"publish","type":"page","link":"https:\/\/www.sbhny.org\/es\/fitness-goals-for-an-healthier-you\/","title":{"rendered":"Objetivos de fitness para una vida m\u00e1s sana"},"content":{"rendered":"<section class=\"image-twocol-hero background-image\">\n  <div class=\"max-width standard-spacing twocol-row\">\n\n          <div class=\"image-col twocol-col\" style=\"background-image: url('https:\/\/www.sbhny.org\/wp-content\/uploads\/2024\/09\/healthplex-r.jpg');\"><\/div>\n    \n\n    <div class=\"content-col twocol-col\">\n              <h1 class=\"main-heading\">Gimnasio Healthplex<br \/>Objetivos de fitness para una vida m\u00e1s sana<\/h1>\n            <div class=\"body-copy\">\n        <p>Apuntarse a un gimnasio es un primer paso importante hacia un estilo de vida m\u00e1s saludable, y encontrar el m\u00e1s adecuado para usted es igual de importante.<\/p>\n      <\/div>\n      \n        \n      \n          <\/div>\n  <\/div>\n<\/section>\n\n<section class=\"text-block white-background\">\n  <div class=\"small-max-width standard-spacing body-copy\">\n    <p>Comer sano y hacer ejercicio es una parte importante de un estilo de vida saludable, pero no sabe por d\u00f3nde empezar. Unirse a un gimnasio es un primer paso importante hacia un estilo de vida m\u00e1s saludable, y encontrar el m\u00e1s adecuado para usted es igual de importante. Healthplex Fitness Center, situado al otro lado de la calle de nuestro campus principal en el Centro de Salud y Bienestar SBH, es un gimnasio de servicio completo y centro de salud dedicado a la promoci\u00f3n de una mejor calidad de vida a trav\u00e9s de la pr\u00e1ctica de h\u00e1bitos saludables.<\/p>\n<p>Nuestro programa de entrenamiento personal cuenta con algunos de los profesionales m\u00e1s cualificados de Nueva York. Las sesiones de entrenamiento son personalizadas y adaptadas para ayudarle a alcanzar sus objetivos.<\/p>\n<p><strong>La afiliaci\u00f3n incluye:<\/strong><\/p>\n<ul>\n<li>Evaluaci\u00f3n complementaria de riesgos para la salud<\/li>\n<li>Clases de fitness en grupo como:\n<ul>\n<li>Zumba<\/li>\n<li>Tonificaci\u00f3n muscular de todo el cuerpo<\/li>\n<li>Yoga<\/li>\n<li>Caudal de la caldera<\/li>\n<\/ul>\n<\/li>\n<\/ul>\n<p><strong>\u00danase hoy mismo, llame al 718-960-9245<\/strong><\/p>\n<p><strong>M\u00e1s informaci\u00f3n en <a href=\"\/es\/health-wellness-center\/fitness-center\/\">Centro de fitness SBH Healthplex<\/a><\/strong><\/p>\n  <\/div>\n<\/section>","protected":false},"excerpt":{"rendered":"","protected":false},"author":2,"featured_media":5204,"parent":0,"menu_order":0,"comment_status":"closed","ping_status":"closed","template":"","meta":{"_acf_changed":true,"_eb_attr":"","_price":"","_stock":"","_tribe_ticket_header":"","_tribe_default_ticket_provider":"","_tribe_ticket_capacity":"0","_ticket_start_date":"","_ticket_end_date":"","_tribe_ticket_show_description":"","_tribe_ticket_show_not_going":false,"_tribe_ticket_use_global_stock":"","_tribe_ticket_global_stock_level":"","_global_stock_mode":"","_global_stock_cap":"","_tribe_rsvp_for_event":"","_tribe_ticket_going_count":"","_tribe_ticket_not_going_count":"","_tribe_tickets_list":"[]","_tribe_ticket_has_attendee_info_fields":false,"footnotes":""},"class_list":["post-5200","page","type-page","status-publish","has-post-thumbnail","hentry"],"acf":[],"yoast_head":"<!-- This site is optimized with the Yoast SEO plugin v26.5 - https:\/\/yoast.com\/wordpress\/plugins\/seo\/ -->\n<title>Fitness Goals for an Healthier You - SBH Health System<\/title>\n<meta name=\"robots\" content=\"index, follow, max-snippet:-1, max-image-preview:large, max-video-preview:-1\" \/>\n<link rel=\"canonical\" href=\"https:\/\/www.sbhny.org\/es\/fitness-goals-for-an-healthier-you\/\" \/>\n<meta property=\"og:locale\" content=\"es_MX\" \/>\n<meta property=\"og:type\" content=\"article\" \/>\n<meta property=\"og:title\" content=\"Fitness Goals for an Healthier You - SBH Health System\" \/>\n<meta property=\"og:url\" content=\"https:\/\/www.sbhny.org\/es\/fitness-goals-for-an-healthier-you\/\" \/>\n<meta property=\"og:site_name\" content=\"SBH Health System\" \/>\n<meta property=\"article:publisher\" content=\"https:\/\/www.facebook.com\/SBHBronx\/\" \/>\n<meta property=\"article:modified_time\" content=\"2024-09-30T03:42:45+00:00\" \/>\n<meta property=\"og:image\" content=\"https:\/\/www.sbhny.org\/wp-content\/uploads\/2024\/09\/healthplex-r.jpg\" \/>\n\t<meta property=\"og:image:width\" content=\"600\" \/>\n\t<meta property=\"og:image:height\" content=\"507\" \/>\n\t<meta property=\"og:image:type\" content=\"image\/jpeg\" \/>\n<meta name=\"twitter:card\" content=\"summary_large_image\" \/>\n<meta name=\"twitter:site\" content=\"@sbhbronx\" \/>\n<meta name=\"twitter:label1\" content=\"Tiempo de lectura\" \/>\n\t<meta name=\"twitter:data1\" content=\"1 minuto\" \/>\n<script type=\"application\/ld+json\" class=\"yoast-schema-graph\">{\"@context\":\"https:\/\/schema.org\",\"@graph\":[{\"@type\":\"WebPage\",\"@id\":\"https:\/\/www.sbhny.org\/fitness-goals-for-an-healthier-you\/\",\"url\":\"https:\/\/www.sbhny.org\/fitness-goals-for-an-healthier-you\/\",\"name\":\"Fitness Goals for an Healthier You - SBH Health System\",\"isPartOf\":{\"@id\":\"https:\/\/www.sbhny.org\/#website\"},\"primaryImageOfPage\":{\"@id\":\"https:\/\/www.sbhny.org\/fitness-goals-for-an-healthier-you\/#primaryimage\"},\"image\":{\"@id\":\"https:\/\/www.sbhny.org\/fitness-goals-for-an-healthier-you\/#primaryimage\"},\"thumbnailUrl\":\"https:\/\/www.sbhny.org\/wp-content\/uploads\/2024\/09\/healthplex-r.jpg\",\"datePublished\":\"2024-09-28T15:15:56+00:00\",\"dateModified\":\"2024-09-30T03:42:45+00:00\",\"breadcrumb\":{\"@id\":\"https:\/\/www.sbhny.org\/fitness-goals-for-an-healthier-you\/#breadcrumb\"},\"inLanguage\":\"es\",\"potentialAction\":[{\"@type\":\"ReadAction\",\"target\":[\"https:\/\/www.sbhny.org\/fitness-goals-for-an-healthier-you\/\"]}]},{\"@type\":\"ImageObject\",\"inLanguage\":\"es\",\"@id\":\"https:\/\/www.sbhny.org\/fitness-goals-for-an-healthier-you\/#primaryimage\",\"url\":\"https:\/\/www.sbhny.org\/wp-content\/uploads\/2024\/09\/healthplex-r.jpg\",\"contentUrl\":\"https:\/\/www.sbhny.org\/wp-content\/uploads\/2024\/09\/healthplex-r.jpg\",\"width\":600,\"height\":507,\"caption\":\"Picture of fitness center participants\"},{\"@type\":\"BreadcrumbList\",\"@id\":\"https:\/\/www.sbhny.org\/fitness-goals-for-an-healthier-you\/#breadcrumb\",\"itemListElement\":[{\"@type\":\"ListItem\",\"position\":1,\"name\":\"Home\",\"item\":\"https:\/\/www.sbhny.org\/\"},{\"@type\":\"ListItem\",\"position\":2,\"name\":\"Fitness Goals for an Healthier You\"}]},{\"@type\":\"WebSite\",\"@id\":\"https:\/\/www.sbhny.org\/#website\",\"url\":\"https:\/\/www.sbhny.org\/\",\"name\":\"SBH Health System\",\"description\":\"\",\"potentialAction\":[{\"@type\":\"SearchAction\",\"target\":{\"@type\":\"EntryPoint\",\"urlTemplate\":\"https:\/\/www.sbhny.org\/?s={search_term_string}\"},\"query-input\":{\"@type\":\"PropertyValueSpecification\",\"valueRequired\":true,\"valueName\":\"search_term_string\"}}],\"inLanguage\":\"es\"}]}<\/script>\n<!-- \/ Yoast SEO plugin. -->","yoast_head_json":{"title":"Fitness Goals for an Healthier You - SBH Health System","robots":{"index":"index","follow":"follow","max-snippet":"max-snippet:-1","max-image-preview":"max-image-preview:large","max-video-preview":"max-video-preview:-1"},"canonical":"https:\/\/www.sbhny.org\/es\/fitness-goals-for-an-healthier-you\/","og_locale":"es_MX","og_type":"article","og_title":"Fitness Goals for an Healthier You - SBH Health System","og_url":"https:\/\/www.sbhny.org\/es\/fitness-goals-for-an-healthier-you\/","og_site_name":"SBH Health System","article_publisher":"https:\/\/www.facebook.com\/SBHBronx\/","article_modified_time":"2024-09-30T03:42:45+00:00","og_image":[{"width":600,"height":507,"url":"https:\/\/www.sbhny.org\/wp-content\/uploads\/2024\/09\/healthplex-r.jpg","type":"image\/jpeg"}],"twitter_card":"summary_large_image","twitter_site":"@sbhbronx","twitter_misc":{"Tiempo de lectura":"1 minuto"},"schema":{"@context":"https:\/\/schema.org","@graph":[{"@type":"WebPage","@id":"https:\/\/www.sbhny.org\/fitness-goals-for-an-healthier-you\/","url":"https:\/\/www.sbhny.org\/fitness-goals-for-an-healthier-you\/","name":"Fitness Goals for an Healthier You - SBH Health System","isPartOf":{"@id":"https:\/\/www.sbhny.org\/#website"},"primaryImageOfPage":{"@id":"https:\/\/www.sbhny.org\/fitness-goals-for-an-healthier-you\/#primaryimage"},"image":{"@id":"https:\/\/www.sbhny.org\/fitness-goals-for-an-healthier-you\/#primaryimage"},"thumbnailUrl":"https:\/\/www.sbhny.org\/wp-content\/uploads\/2024\/09\/healthplex-r.jpg","datePublished":"2024-09-28T15:15:56+00:00","dateModified":"2024-09-30T03:42:45+00:00","breadcrumb":{"@id":"https:\/\/www.sbhny.org\/fitness-goals-for-an-healthier-you\/#breadcrumb"},"inLanguage":"es","potentialAction":[{"@type":"ReadAction","target":["https:\/\/www.sbhny.org\/fitness-goals-for-an-healthier-you\/"]}]},{"@type":"ImageObject","inLanguage":"es","@id":"https:\/\/www.sbhny.org\/fitness-goals-for-an-healthier-you\/#primaryimage","url":"https:\/\/www.sbhny.org\/wp-content\/uploads\/2024\/09\/healthplex-r.jpg","contentUrl":"https:\/\/www.sbhny.org\/wp-content\/uploads\/2024\/09\/healthplex-r.jpg","width":600,"height":507,"caption":"Picture of fitness center participants"},{"@type":"BreadcrumbList","@id":"https:\/\/www.sbhny.org\/fitness-goals-for-an-healthier-you\/#breadcrumb","itemListElement":[{"@type":"ListItem","position":1,"name":"Home","item":"https:\/\/www.sbhny.org\/"},{"@type":"ListItem","position":2,"name":"Fitness Goals for an Healthier You"}]},{"@type":"WebSite","@id":"https:\/\/www.sbhny.org\/#website","url":"https:\/\/www.sbhny.org\/","name":"Sistema de Salud SBH","description":"","potentialAction":[{"@type":"SearchAction","target":{"@type":"EntryPoint","urlTemplate":"https:\/\/www.sbhny.org\/?s={search_term_string}"},"query-input":{"@type":"PropertyValueSpecification","valueRequired":true,"valueName":"search_term_string"}}],"inLanguage":"es"}]}},"_links":{"self":[{"href":"https:\/\/www.sbhny.org\/es\/wp-json\/wp\/v2\/pages\/5200","targetHints":{"allow":["GET"]}}],"collection":[{"href":"https:\/\/www.sbhny.org\/es\/wp-json\/wp\/v2\/pages"}],"about":[{"href":"https:\/\/www.sbhny.org\/es\/wp-json\/wp\/v2\/types\/page"}],"author":[{"embeddable":true,"href":"https:\/\/www.sbhny.org\/es\/wp-json\/wp\/v2\/users\/2"}],"replies":[{"embeddable":true,"href":"https:\/\/www.sbhny.org\/es\/wp-json\/wp\/v2\/comments?post=5200"}],"version-history":[{"count":0,"href":"https:\/\/www.sbhny.org\/es\/wp-json\/wp\/v2\/pages\/5200\/revisions"}],"wp:featuredmedia":[{"embeddable":true,"href":"https:\/\/www.sbhny.org\/es\/wp-json\/wp\/v2\/media\/5204"}],"wp:attachment":[{"href":"https:\/\/www.sbhny.org\/es\/wp-json\/wp\/v2\/media?parent=5200"}],"curies":[{"name":"wp","href":"https:\/\/api.w.org\/{rel}","templated":true}]}}