{"id":5226,"date":"2024-09-29T19:52:14","date_gmt":"2024-09-29T19:52:14","guid":{"rendered":"https:\/\/sbhny.wpenginepowered.com\/?page_id=5226"},"modified":"2024-10-11T12:45:53","modified_gmt":"2024-10-11T12:45:53","slug":"sbh-healthy-newsletter-espanol","status":"publish","type":"page","link":"https:\/\/www.sbhny.org\/es\/sbh-healthy-newsletter-espanol\/","title":{"rendered":"SBH Healthy Newsletter (Espanol)"},"content":{"rendered":"<p id=\"tw-target-text-masculine\"><\/p>\n\n\n\n<section class=\"image-twocol-hero background-image\">\n  <div class=\"max-width standard-spacing twocol-row\">\n\n          <div class=\"image-col twocol-col\" style=\"background-image: url('https:\/\/www.sbhny.org\/wp-content\/uploads\/2024\/09\/Hero-Image-es-s2.jpg');\"><\/div>\n    \n\n    <div class=\"content-col twocol-col\">\n              <h1 class=\"main-heading\">SBH Healthy Newsletter (English)<\/h1>\n            <div class=\"body-copy\">\n              <\/div>\n              <div class=\"cta-row\">\n                  <a href=\"\/es\/sbh-healthy-newsletter\/\" target=\"\" class=\"btn\">Ingl\u00e9s<\/a>\n        \n                <\/div>        \n      \n        \n      \n          <\/div>\n  <\/div>\n<\/section>\n\n\n<section class=\"alternating-content-image-rows first white\">\n\n  \n          <div class=\"standard-spacing no-side-spacing no-bottom-spacing content-image-block not-reversed\">\n            <div class=\"content-image-row\">\n              <div class=\"content-side\">\n  \n                <!-- Display icon if there is one -->\n                  \n                <!-- Display heading if there is one -->\n                <!-- If there is intro copy, display h3 -->\n                <!-- If there is no intro copy, display h2 -->\n                                  <h2 class=\"small-heading\">Metas de entrenamiento f\u00edsico para un \"usted m\u00e1s saludable\"<\/h2>\n                                  \n                <!-- Display body copy if there is body copy -->\n                                  <div class=\"body-copy\"><p>Comer sano y hacer ejercicio es una parte importante de un estilo de vida saludable, pero es dif\u00edcil a veces saber por d\u00f3nde empezar. Hacerse miembro de un gimnasio es un primer paso importante hacia un estilo de vida m\u00e1s saludable.<\/p>\n<p>Nuestro programa de entrenamiento personal cuenta con algunos de los profesionales m\u00e1s capacitados de Nueva York. <\/p>\n<p>Las sesiones de entrenamiento son personalizadas y adaptadas para ayudarle a alcanzar sus objetivos.<\/p>\n<\/div>\n                  \n                                \n                                  <a href=\"\/es\/metas-de-entrenamiento-fisico-para-un-usted-mas-saludable\/\" class=\"btn standard\">Leer m\u00e1s<\/a>\n                \n                \n                  \n              <\/div>\n              \n              <!-- Display main image if there is an image -->\n                            <div class=\"image-side\" style=\"background-image: url('https:\/\/www.sbhny.org\/wp-content\/uploads\/2024\/09\/healthplex-r2.jpg');\"><\/div>\n                \n            <\/div>\n          <\/div>\n  \n          \n          <div class=\"standard-spacing no-side-spacing no-bottom-spacing content-image-block not-reversed\">\n            <div class=\"content-image-row\">\n              <div class=\"content-side\">\n  \n                <!-- Display icon if there is one -->\n                  \n                <!-- Display heading if there is one -->\n                <!-- If there is intro copy, display h3 -->\n                <!-- If there is no intro copy, display h2 -->\n                                  <h2 class=\"small-heading\">Mant\u00e9ngase saludable comiendo sano<\/h2>\n                                  \n                <!-- Display body copy if there is body copy -->\n                                  <div class=\"body-copy\"><p>Comer sano puede ser dif\u00edcil de lograr, principalmente con una agenda muy ocupada y un presupuesto apretado. Es por eso que nuestra misi\u00f3n es brindarle las habilidades necesarias para cocinar y comer de manera m\u00e1s saludable.<\/p>\n<p>El coste por clase es de solo $5 por persona y se imparten tanto en ingl\u00e9s como en espa\u00f1ol. La mejor parte es que \u00a1puede llevarse lo que sobra - de la clase a su casa!<\/p>\n<\/div>\n                  \n                                \n                                  <a href=\"\/es\/mantengase-saludable-comiendo-sano\/\" class=\"btn standard\">Leer m\u00e1s<\/a>\n                \n                \n                  \n              <\/div>\n              \n              <!-- Display main image if there is an image -->\n                            <div class=\"image-side\" style=\"background-image: url('https:\/\/www.sbhny.org\/wp-content\/uploads\/2024\/09\/Teaching-Kitchen-r1.jpg');\"><\/div>\n                \n            <\/div>\n          <\/div>\n  \n          \n          <div class=\"standard-spacing no-side-spacing no-bottom-spacing content-image-block not-reversed\">\n            <div class=\"content-image-row\">\n              <div class=\"content-side\">\n  \n                <!-- Display icon if there is one -->\n                  \n                <!-- Display heading if there is one -->\n                <!-- If there is intro copy, display h3 -->\n                <!-- If there is no intro copy, display h2 -->\n                                  <h2 class=\"small-heading\">Los ni\u00f1os del Bronx sufren de asma. Esto es lo que necesita saber.<\/h2>\n                                  \n                <!-- Display body copy if there is body copy -->\n                                  <div class=\"body-copy\"><p>Si no se trata, el asma pedi\u00e1trica puede hacer que los ni\u00f1os falten a la escuela, vean al m\u00e9dico con m\u00e1s frecuencia o incluso sean hospitalizados.<\/p>\n<p>Tambi\u00e9n puede causar da\u00f1o pulmonar permanente. El asma no es curable, pero puede controlarse bien con un tratamiento eficaz.<\/p>\n<\/div>\n                  \n                                \n                                  <a href=\"\/es\/los-ninos-del-bronx-sufren-de-asma-esto-es-lo-que-necesita-saber\/\" class=\"btn standard\">Leer m\u00e1s<\/a>\n                \n                \n                  \n              <\/div>\n              \n              <!-- Display main image if there is an image -->\n                            <div class=\"image-side\" style=\"background-image: url('https:\/\/www.sbhny.org\/wp-content\/uploads\/2024\/09\/Asthma-s-e1727707572818.jpg');\"><\/div>\n                \n            <\/div>\n          <\/div>\n  \n          \n          <div class=\"standard-spacing no-side-spacing no-bottom-spacing content-image-block not-reversed\">\n            <div class=\"content-image-row\">\n              <div class=\"content-side\">\n  \n                <!-- Display icon if there is one -->\n                  \n                <!-- Display heading if there is one -->\n                <!-- If there is intro copy, display h3 -->\n                <!-- If there is no intro copy, display h2 -->\n                                  <h2 class=\"small-heading\">Cirug\u00eda bari\u00e1trica: una soluci\u00f3n que cambia la vida para perder peso<\/h2>\n                                  \n                <!-- Display body copy if there is body copy -->\n                                  <div class=\"body-copy\"><p>\u00bfSu peso est\u00e1 afectando su salud mental y f\u00edsica hasta el punto en que finalmente siente que ya es suficiente?   Si respondi\u00f3 que s\u00ed, es posible que desee considerar la cirug\u00eda bari\u00e1trica.<\/p>\n<\/div>\n                  \n                                \n                                  <a href=\"\/es\/cirugia-bariatrica-una-solucion-que-cambia-la-vida-para-perder-peso\/\" class=\"btn standard\">Leer m\u00e1s<\/a>\n                \n                \n                  \n              <\/div>\n              \n              <!-- Display main image if there is an image -->\n                            <div class=\"image-side\" style=\"background-image: url('https:\/\/www.sbhny.org\/wp-content\/uploads\/2024\/09\/Bariatric-sm.jpg');\"><\/div>\n                \n            <\/div>\n          <\/div>\n  \n          \n          <div class=\"standard-spacing no-side-spacing no-bottom-spacing content-image-block not-reversed\">\n            <div class=\"content-image-row\">\n              <div class=\"content-side\">\n  \n                <!-- Display icon if there is one -->\n                  \n                <!-- Display heading if there is one -->\n                <!-- If there is intro copy, display h3 -->\n                <!-- If there is no intro copy, display h2 -->\n                                  <h2 class=\"small-heading\">Elegir un hospital para su momento especial<\/h2>\n                                  \n                <!-- Display body copy if there is body copy -->\n                                  <div class=\"body-copy\"><p>Cuando est\u00e1 embarazada, puede sentir que hay un mill\u00f3n de cosas que debe hacer antes de la llegada de su beb\u00e9. Desde tomar sus vitaminas prenatales y aprender sobre el parto hasta comprar un cochecito y abastecerse de pa\u00f1ales, la lista es larga y puede parecer abrumadora. Solo aseg\u00farate de no olvidar elegir el hospital donde dar\u00e1s a luz. De hecho, debe incluirlo en la parte superior de su lista de tareas pendientes importantes.<\/p>\n<\/div>\n                  \n                                \n                                  <a href=\"\/es\/elegir-un-hospital-para-su-momento-especial\/\" class=\"btn standard\">Leer m\u00e1s<\/a>\n                \n                \n                  \n              <\/div>\n              \n              <!-- Display main image if there is an image -->\n                            <div class=\"image-side\" style=\"background-image: url('https:\/\/www.sbhny.org\/wp-content\/uploads\/2024\/09\/OB-s.jpg');\"><\/div>\n                \n            <\/div>\n          <\/div>\n  \n        \n\n\n\n<\/section>","protected":false},"excerpt":{"rendered":"","protected":false},"author":2,"featured_media":0,"parent":0,"menu_order":0,"comment_status":"closed","ping_status":"closed","template":"","meta":{"_acf_changed":true,"_eb_attr":"","_price":"","_stock":"","_tribe_ticket_header":"","_tribe_default_ticket_provider":"","_tribe_ticket_capacity":"0","_ticket_start_date":"","_ticket_end_date":"","_tribe_ticket_show_description":"","_tribe_ticket_show_not_going":false,"_tribe_ticket_use_global_stock":"","_tribe_ticket_global_stock_level":"","_global_stock_mode":"","_global_stock_cap":"","_tribe_rsvp_for_event":"","_tribe_ticket_going_count":"","_tribe_ticket_not_going_count":"","_tribe_tickets_list":"[]","_tribe_ticket_has_attendee_info_fields":false,"footnotes":""},"class_list":["post-5226","page","type-page","status-publish","hentry"],"acf":[],"yoast_head":"<!-- This site is optimized with the Yoast SEO plugin v26.5 - https:\/\/yoast.com\/wordpress\/plugins\/seo\/ -->\n<title>SBH Healthy Newsletter (Espanol) - SBH Health System<\/title>\n<meta name=\"robots\" content=\"index, follow, max-snippet:-1, max-image-preview:large, max-video-preview:-1\" \/>\n<link rel=\"canonical\" href=\"https:\/\/www.sbhny.org\/es\/sbh-healthy-newsletter-espanol\/\" \/>\n<meta property=\"og:locale\" content=\"es_MX\" \/>\n<meta property=\"og:type\" content=\"article\" \/>\n<meta property=\"og:title\" content=\"SBH Healthy Newsletter (Espanol) - SBH Health System\" \/>\n<meta property=\"og:url\" content=\"https:\/\/www.sbhny.org\/es\/sbh-healthy-newsletter-espanol\/\" \/>\n<meta property=\"og:site_name\" content=\"SBH Health System\" \/>\n<meta property=\"article:publisher\" content=\"https:\/\/www.facebook.com\/SBHBronx\/\" \/>\n<meta property=\"article:modified_time\" content=\"2024-10-11T12:45:53+00:00\" \/>\n<meta name=\"twitter:card\" content=\"summary_large_image\" \/>\n<meta name=\"twitter:site\" content=\"@sbhbronx\" \/>\n<script type=\"application\/ld+json\" class=\"yoast-schema-graph\">{\"@context\":\"https:\/\/schema.org\",\"@graph\":[{\"@type\":\"WebPage\",\"@id\":\"https:\/\/www.sbhny.org\/sbh-healthy-newsletter-espanol\/\",\"url\":\"https:\/\/www.sbhny.org\/sbh-healthy-newsletter-espanol\/\",\"name\":\"SBH Healthy Newsletter (Espanol) - SBH Health System\",\"isPartOf\":{\"@id\":\"https:\/\/www.sbhny.org\/#website\"},\"datePublished\":\"2024-09-29T19:52:14+00:00\",\"dateModified\":\"2024-10-11T12:45:53+00:00\",\"breadcrumb\":{\"@id\":\"https:\/\/www.sbhny.org\/sbh-healthy-newsletter-espanol\/#breadcrumb\"},\"inLanguage\":\"es\",\"potentialAction\":[{\"@type\":\"ReadAction\",\"target\":[\"https:\/\/www.sbhny.org\/sbh-healthy-newsletter-espanol\/\"]}]},{\"@type\":\"BreadcrumbList\",\"@id\":\"https:\/\/www.sbhny.org\/sbh-healthy-newsletter-espanol\/#breadcrumb\",\"itemListElement\":[{\"@type\":\"ListItem\",\"position\":1,\"name\":\"Home\",\"item\":\"https:\/\/www.sbhny.org\/\"},{\"@type\":\"ListItem\",\"position\":2,\"name\":\"SBH Healthy Newsletter (Espanol)\"}]},{\"@type\":\"WebSite\",\"@id\":\"https:\/\/www.sbhny.org\/#website\",\"url\":\"https:\/\/www.sbhny.org\/\",\"name\":\"SBH Health System\",\"description\":\"\",\"potentialAction\":[{\"@type\":\"SearchAction\",\"target\":{\"@type\":\"EntryPoint\",\"urlTemplate\":\"https:\/\/www.sbhny.org\/?s={search_term_string}\"},\"query-input\":{\"@type\":\"PropertyValueSpecification\",\"valueRequired\":true,\"valueName\":\"search_term_string\"}}],\"inLanguage\":\"es\"}]}<\/script>\n<!-- \/ Yoast SEO plugin. -->","yoast_head_json":{"title":"SBH Healthy Newsletter (Espanol) - SBH Health System","robots":{"index":"index","follow":"follow","max-snippet":"max-snippet:-1","max-image-preview":"max-image-preview:large","max-video-preview":"max-video-preview:-1"},"canonical":"https:\/\/www.sbhny.org\/es\/sbh-healthy-newsletter-espanol\/","og_locale":"es_MX","og_type":"article","og_title":"SBH Healthy Newsletter (Espanol) - SBH Health System","og_url":"https:\/\/www.sbhny.org\/es\/sbh-healthy-newsletter-espanol\/","og_site_name":"SBH Health System","article_publisher":"https:\/\/www.facebook.com\/SBHBronx\/","article_modified_time":"2024-10-11T12:45:53+00:00","twitter_card":"summary_large_image","twitter_site":"@sbhbronx","schema":{"@context":"https:\/\/schema.org","@graph":[{"@type":"WebPage","@id":"https:\/\/www.sbhny.org\/sbh-healthy-newsletter-espanol\/","url":"https:\/\/www.sbhny.org\/sbh-healthy-newsletter-espanol\/","name":"SBH Healthy Newsletter (Espanol) - SBH Health System","isPartOf":{"@id":"https:\/\/www.sbhny.org\/#website"},"datePublished":"2024-09-29T19:52:14+00:00","dateModified":"2024-10-11T12:45:53+00:00","breadcrumb":{"@id":"https:\/\/www.sbhny.org\/sbh-healthy-newsletter-espanol\/#breadcrumb"},"inLanguage":"es","potentialAction":[{"@type":"ReadAction","target":["https:\/\/www.sbhny.org\/sbh-healthy-newsletter-espanol\/"]}]},{"@type":"BreadcrumbList","@id":"https:\/\/www.sbhny.org\/sbh-healthy-newsletter-espanol\/#breadcrumb","itemListElement":[{"@type":"ListItem","position":1,"name":"Home","item":"https:\/\/www.sbhny.org\/"},{"@type":"ListItem","position":2,"name":"SBH Healthy Newsletter (Espanol)"}]},{"@type":"WebSite","@id":"https:\/\/www.sbhny.org\/#website","url":"https:\/\/www.sbhny.org\/","name":"Sistema de Salud SBH","description":"","potentialAction":[{"@type":"SearchAction","target":{"@type":"EntryPoint","urlTemplate":"https:\/\/www.sbhny.org\/?s={search_term_string}"},"query-input":{"@type":"PropertyValueSpecification","valueRequired":true,"valueName":"search_term_string"}}],"inLanguage":"es"}]}},"_links":{"self":[{"href":"https:\/\/www.sbhny.org\/es\/wp-json\/wp\/v2\/pages\/5226","targetHints":{"allow":["GET"]}}],"collection":[{"href":"https:\/\/www.sbhny.org\/es\/wp-json\/wp\/v2\/pages"}],"about":[{"href":"https:\/\/www.sbhny.org\/es\/wp-json\/wp\/v2\/types\/page"}],"author":[{"embeddable":true,"href":"https:\/\/www.sbhny.org\/es\/wp-json\/wp\/v2\/users\/2"}],"replies":[{"embeddable":true,"href":"https:\/\/www.sbhny.org\/es\/wp-json\/wp\/v2\/comments?post=5226"}],"version-history":[{"count":0,"href":"https:\/\/www.sbhny.org\/es\/wp-json\/wp\/v2\/pages\/5226\/revisions"}],"wp:attachment":[{"href":"https:\/\/www.sbhny.org\/es\/wp-json\/wp\/v2\/media?parent=5226"}],"curies":[{"name":"wp","href":"https:\/\/api.w.org\/{rel}","templated":true}]}}