{"id":5235,"date":"2024-09-30T02:25:59","date_gmt":"2024-09-30T02:25:59","guid":{"rendered":"https:\/\/sbhny.wpenginepowered.com\/?page_id=5235"},"modified":"2024-09-30T02:27:40","modified_gmt":"2024-09-30T02:27:40","slug":"cirugia-bariatrica-una-solucion-que-cambia-la-vida-para-perder-peso","status":"publish","type":"page","link":"https:\/\/www.sbhny.org\/es\/cirugia-bariatrica-una-solucion-que-cambia-la-vida-para-perder-peso\/","title":{"rendered":"Cirug\u00eda bari\u00e1trica: una soluci\u00f3n que cambia la vida para perder peso"},"content":{"rendered":"<section class=\"image-twocol-hero background-image\">\n  <div class=\"max-width standard-spacing twocol-row\">\n\n          <div class=\"image-col twocol-col\" style=\"background-image: url('https:\/\/www.sbhny.org\/wp-content\/uploads\/2024\/09\/Bariatric-sm.jpg');\"><\/div>\n    \n\n    <div class=\"content-col twocol-col\">\n              <h1 class=\"main-heading\">Cirug\u00eda bari\u00e1trica: una soluci\u00f3n que cambia la vida para perder peso<\/h1>\n            <div class=\"body-copy\">\n              <\/div>\n      \n        \n      \n          <\/div>\n  <\/div>\n<\/section>\n\n<section class=\"text-block white-background\">\n  <div class=\"small-max-width standard-spacing body-copy\">\n    <p><span data-contrast=\"auto\">\u00bfSu peso est\u00e1 afectando su salud mental y f\u00edsica hasta el punto en que finalmente siente que ya es suficiente?\u00a0\u00a0<\/span><span data-ccp-props=\"{&quot;201341983&quot;:0,&quot;335559739&quot;:160,&quot;335559740&quot;:259}\">\u00a0<\/span><\/p>\n<p><span data-contrast=\"auto\">\u00a0Si respondi\u00f3 que s\u00ed, es posible que desee considerar la cirug\u00eda bari\u00e1trica.\u00a0\u00a0\u00a0<\/span><span data-ccp-props=\"{&quot;201341983&quot;:0,&quot;335559739&quot;:160,&quot;335559740&quot;:259}\">\u00a0<\/span><\/p>\n<p><span data-contrast=\"auto\">\u00a0En SBH Health System, ofrecemos un programa de cirug\u00eda bari\u00e1trica para ayudarlo a lograr los resultados que desea con el apoyo profesional que necesita.<\/span><span data-ccp-props=\"{&quot;201341983&quot;:0,&quot;335559739&quot;:160,&quot;335559740&quot;:259}\">\u00a0<\/span><\/p>\n<h2><span class=\"NormalTextRun SCXW73775146 BCX9\">\u00bf<\/span><span class=\"NormalTextRun SpellingErrorV2Themed SCXW73775146 BCX9\">Qu\u00e9<\/span><span class=\"NormalTextRun SCXW73775146 BCX9\"> es la <\/span><span class=\"NormalTextRun SpellingErrorV2Themed SCXW73775146 BCX9\">cirug\u00eda<\/span> <span class=\"NormalTextRun SpellingErrorV2Themed SCXW73775146 BCX9\">bari\u00e1trica<\/span><span class=\"NormalTextRun SCXW73775146 BCX9\">?<\/span><\/h2>\n<p><span data-contrast=\"auto\">La cirug\u00eda bari\u00e1trica es una cirug\u00eda de p\u00e9rdida de peso. Implica extirpar parte de su est\u00f3mago, haci\u00e9ndolo m\u00e1s peque\u00f1o para reducir la cantidad de alimentos que puede comer y darle una sensaci\u00f3n de plenitud antes. Alternativamente, consiste en redirigir el intestino, haciendo que coma menos, absorba menos alimentos y, por lo tanto, absorba menos calor\u00edas.\u00a0<\/span><span data-ccp-props=\"{&quot;201341983&quot;:0,&quot;335559739&quot;:160,&quot;335559740&quot;:259}\">\u00a0<\/span><\/p>\n<p><span data-contrast=\"auto\">Las opciones incluyen bypass g\u00e1strico y gastrectom\u00eda en manga.\u00a0<\/span><\/p>\n<h2><span class=\"NormalTextRun SCXW200063082 BCX9\">\u00bf<\/span><span class=\"NormalTextRun SpellingErrorV2Themed SCXW200063082 BCX9\">C\u00f3mo<\/span> <span class=\"NormalTextRun SpellingErrorV2Themed SCXW200063082 BCX9\">puede<\/span><span class=\"NormalTextRun SCXW200063082 BCX9\"> la <\/span><span class=\"NormalTextRun SpellingErrorV2Themed SCXW200063082 BCX9\">cirug\u00eda<\/span> <span class=\"NormalTextRun SpellingErrorV2Themed SCXW200063082 BCX9\">bari\u00e1trica<\/span> <span class=\"NormalTextRun SpellingErrorV2Themed SCXW200063082 BCX9\">improve<\/span><span class=\"NormalTextRun SCXW200063082 BCX9\"> mi <\/span><span class=\"NormalTextRun SpellingErrorV2Themed SCXW200063082 BCX9\">salud<\/span><span class=\"NormalTextRun SCXW200063082 BCX9\">?<\/span><\/h2>\n<p><span data-contrast=\"auto\">La p\u00e9rdida de peso no es el \u00fanico beneficio de la cirug\u00eda bari\u00e1trica. Tambi\u00e9n puede eliminar o reducir muchos de los s\u00edntomas asociados con las condiciones de salud que a menudo acompa\u00f1an al sobrepeso u obesidad, como:\u00a0\u00a0<\/span><span data-ccp-props=\"{&quot;201341983&quot;:0,&quot;335559739&quot;:160,&quot;335559740&quot;:259}\">\u00a0<\/span><\/p>\n<ul>\n<li data-leveltext=\"\uf0b7\" data-font=\"Symbol\" data-listid=\"1\" data-list-defn-props=\"{&quot;335552541&quot;:1,&quot;335559684&quot;:-2,&quot;335559685&quot;:720,&quot;335559991&quot;:360,&quot;469769226&quot;:&quot;Symbol&quot;,&quot;469769242&quot;:[8226],&quot;469777803&quot;:&quot;left&quot;,&quot;469777804&quot;:&quot;\uf0b7&quot;,&quot;469777815&quot;:&quot;hybridMultilevel&quot;}\" aria-setsize=\"-1\" data-aria-posinset=\"1\" data-aria-level=\"1\"><span data-contrast=\"auto\">Presi\u00f3n arterial alta\u00a0<\/span><span data-ccp-props=\"{&quot;201341983&quot;:0,&quot;335559739&quot;:160,&quot;335559740&quot;:259}\">\u00a0<\/span><\/li>\n<li data-leveltext=\"\uf0b7\" data-font=\"Symbol\" data-listid=\"1\" data-list-defn-props=\"{&quot;335552541&quot;:1,&quot;335559684&quot;:-2,&quot;335559685&quot;:720,&quot;335559991&quot;:360,&quot;469769226&quot;:&quot;Symbol&quot;,&quot;469769242&quot;:[8226],&quot;469777803&quot;:&quot;left&quot;,&quot;469777804&quot;:&quot;\uf0b7&quot;,&quot;469777815&quot;:&quot;hybridMultilevel&quot;}\" aria-setsize=\"-1\" data-aria-posinset=\"2\" data-aria-level=\"1\"><span data-contrast=\"auto\">Colesterol alto<\/span><span data-ccp-props=\"{&quot;201341983&quot;:0,&quot;335559739&quot;:160,&quot;335559740&quot;:259}\">\u00a0<\/span><\/li>\n<li data-leveltext=\"\uf0b7\" data-font=\"Symbol\" data-listid=\"1\" data-list-defn-props=\"{&quot;335552541&quot;:1,&quot;335559684&quot;:-2,&quot;335559685&quot;:720,&quot;335559991&quot;:360,&quot;469769226&quot;:&quot;Symbol&quot;,&quot;469769242&quot;:[8226],&quot;469777803&quot;:&quot;left&quot;,&quot;469777804&quot;:&quot;\uf0b7&quot;,&quot;469777815&quot;:&quot;hybridMultilevel&quot;}\" aria-setsize=\"-1\" data-aria-posinset=\"3\" data-aria-level=\"1\"><span data-contrast=\"auto\">Enfermedad por reflujo gastroesof\u00e1gico (GERD, por sus siglas en ingl\u00e9s)<\/span><span data-ccp-props=\"{&quot;201341983&quot;:0,&quot;335559739&quot;:160,&quot;335559740&quot;:259}\">\u00a0<\/span><\/li>\n<li data-leveltext=\"\uf0b7\" data-font=\"Symbol\" data-listid=\"1\" data-list-defn-props=\"{&quot;335552541&quot;:1,&quot;335559684&quot;:-2,&quot;335559685&quot;:720,&quot;335559991&quot;:360,&quot;469769226&quot;:&quot;Symbol&quot;,&quot;469769242&quot;:[8226],&quot;469777803&quot;:&quot;left&quot;,&quot;469777804&quot;:&quot;\uf0b7&quot;,&quot;469777815&quot;:&quot;hybridMultilevel&quot;}\" aria-setsize=\"-1\" data-aria-posinset=\"4\" data-aria-level=\"1\"><span data-contrast=\"auto\">Apnea del sue\u00f1o\u00a0<\/span><\/li>\n<li data-leveltext=\"\uf0b7\" data-font=\"Symbol\" data-listid=\"1\" data-list-defn-props=\"{&quot;335552541&quot;:1,&quot;335559684&quot;:-2,&quot;335559685&quot;:720,&quot;335559991&quot;:360,&quot;469769226&quot;:&quot;Symbol&quot;,&quot;469769242&quot;:[8226],&quot;469777803&quot;:&quot;left&quot;,&quot;469777804&quot;:&quot;\uf0b7&quot;,&quot;469777815&quot;:&quot;hybridMultilevel&quot;}\" aria-setsize=\"-1\" data-aria-posinset=\"4\" data-aria-level=\"1\"><span data-contrast=\"auto\">Diabetes tipo 2\u00a0<\/span><span data-ccp-props=\"{&quot;201341983&quot;:0,&quot;335559739&quot;:160,&quot;335559740&quot;:259}\">\u00a0<\/span><\/li>\n<\/ul>\n<p><span data-contrast=\"auto\">\u00a0Un estudio de 2022 encontr\u00f3 que la cirug\u00eda bari\u00e1trica disminuy\u00f3 el riesgo de enfermedad cardiovascular (coraz\u00f3n) en un 49% en personas diagnosticadas con enfermedad del h\u00edgado graso no alcoh\u00f3lico (NAFLD) y obesidad severa.<\/span><\/p>\n<h2><span class=\"NormalTextRun SCXW25965061 BCX9\">\u00bf<\/span><span class=\"NormalTextRun SpellingErrorV2Themed SCXW25965061 BCX9\">C\u00f3mo<\/span><span class=\"NormalTextRun SCXW25965061 BCX9\"> es <\/span><span class=\"NormalTextRun SpellingErrorV2Themed SCXW25965061 BCX9\">someterse<\/span><span class=\"NormalTextRun SCXW25965061 BCX9\"> a <\/span><span class=\"NormalTextRun SpellingErrorV2Themed SCXW25965061 BCX9\">una<\/span> <span class=\"NormalTextRun SpellingErrorV2Themed SCXW25965061 BCX9\">cirug\u00eda<\/span> <span class=\"NormalTextRun SpellingErrorV2Themed SCXW25965061 BCX9\">bari\u00e1trica<\/span> <span class=\"NormalTextRun SpellingErrorV2Themed SCXW25965061 BCX9\">en<\/span><span class=\"NormalTextRun SCXW25965061 BCX9\"> \u00bfSalud SBH?<\/span><\/h2>\n<p><span data-contrast=\"auto\">\u00a0Trabajamos con su proveedor primario para asegurarnos de que reciba la mejor atenci\u00f3n posible. Estamos comprometidos a hacer que se sienta c\u00f3modo, seguro y apoyado a lo largo de su viaje de p\u00e9rdida de peso. Esto incluye brindar atenci\u00f3n antes y despu\u00e9s de la cirug\u00eda.<\/span><span data-ccp-props=\"{&quot;201341983&quot;:0,&quot;335559739&quot;:160,&quot;335559740&quot;:259}\">\u00a0<\/span><\/p>\n<p><span data-contrast=\"auto\">Su trayecto comienza con un dietista y un profesional de salud mental para asegurarse de que est\u00e9 listo para someterse a este procedimiento que cambia la vida. Luego, su m\u00e9dico discutir\u00e1 qu\u00e9 cirug\u00eda es mejor para usted en funci\u00f3n de sus objetivos.<\/span><\/p>\n  <\/div>\n<\/section>","protected":false},"excerpt":{"rendered":"","protected":false},"author":2,"featured_media":0,"parent":0,"menu_order":0,"comment_status":"closed","ping_status":"closed","template":"","meta":{"_acf_changed":true,"_eb_attr":"","_price":"","_stock":"","_tribe_ticket_header":"","_tribe_default_ticket_provider":"","_tribe_ticket_capacity":"0","_ticket_start_date":"","_ticket_end_date":"","_tribe_ticket_show_description":"","_tribe_ticket_show_not_going":false,"_tribe_ticket_use_global_stock":"","_tribe_ticket_global_stock_level":"","_global_stock_mode":"","_global_stock_cap":"","_tribe_rsvp_for_event":"","_tribe_ticket_going_count":"","_tribe_ticket_not_going_count":"","_tribe_tickets_list":"[]","_tribe_ticket_has_attendee_info_fields":false,"footnotes":""},"class_list":["post-5235","page","type-page","status-publish","hentry"],"acf":[],"yoast_head":"<!-- This site is optimized with the Yoast SEO plugin v26.5 - https:\/\/yoast.com\/wordpress\/plugins\/seo\/ -->\n<title>Cirug\u00eda bari\u00e1trica: una soluci\u00f3n que cambia la vida para perder peso - SBH Health System<\/title>\n<meta name=\"robots\" content=\"index, follow, max-snippet:-1, max-image-preview:large, max-video-preview:-1\" \/>\n<link rel=\"canonical\" href=\"https:\/\/www.sbhny.org\/es\/cirugia-bariatrica-una-solucion-que-cambia-la-vida-para-perder-peso\/\" \/>\n<meta property=\"og:locale\" content=\"es_MX\" \/>\n<meta property=\"og:type\" content=\"article\" \/>\n<meta property=\"og:title\" content=\"Cirug\u00eda bari\u00e1trica: una soluci\u00f3n que cambia la vida para perder peso - SBH Health System\" \/>\n<meta property=\"og:url\" content=\"https:\/\/www.sbhny.org\/es\/cirugia-bariatrica-una-solucion-que-cambia-la-vida-para-perder-peso\/\" \/>\n<meta property=\"og:site_name\" content=\"SBH Health System\" \/>\n<meta property=\"article:publisher\" content=\"https:\/\/www.facebook.com\/SBHBronx\/\" \/>\n<meta property=\"article:modified_time\" content=\"2024-09-30T02:27:40+00:00\" \/>\n<meta name=\"twitter:card\" content=\"summary_large_image\" \/>\n<meta name=\"twitter:site\" content=\"@sbhbronx\" \/>\n<script type=\"application\/ld+json\" class=\"yoast-schema-graph\">{\"@context\":\"https:\/\/schema.org\",\"@graph\":[{\"@type\":\"WebPage\",\"@id\":\"https:\/\/www.sbhny.org\/cirugia-bariatrica-una-solucion-que-cambia-la-vida-para-perder-peso\/\",\"url\":\"https:\/\/www.sbhny.org\/cirugia-bariatrica-una-solucion-que-cambia-la-vida-para-perder-peso\/\",\"name\":\"Cirug\u00eda bari\u00e1trica: una soluci\u00f3n que cambia la vida para perder peso - SBH Health System\",\"isPartOf\":{\"@id\":\"https:\/\/www.sbhny.org\/#website\"},\"datePublished\":\"2024-09-30T02:25:59+00:00\",\"dateModified\":\"2024-09-30T02:27:40+00:00\",\"breadcrumb\":{\"@id\":\"https:\/\/www.sbhny.org\/cirugia-bariatrica-una-solucion-que-cambia-la-vida-para-perder-peso\/#breadcrumb\"},\"inLanguage\":\"es\",\"potentialAction\":[{\"@type\":\"ReadAction\",\"target\":[\"https:\/\/www.sbhny.org\/cirugia-bariatrica-una-solucion-que-cambia-la-vida-para-perder-peso\/\"]}]},{\"@type\":\"BreadcrumbList\",\"@id\":\"https:\/\/www.sbhny.org\/cirugia-bariatrica-una-solucion-que-cambia-la-vida-para-perder-peso\/#breadcrumb\",\"itemListElement\":[{\"@type\":\"ListItem\",\"position\":1,\"name\":\"Home\",\"item\":\"https:\/\/www.sbhny.org\/\"},{\"@type\":\"ListItem\",\"position\":2,\"name\":\"Cirug\u00eda bari\u00e1trica: una soluci\u00f3n que cambia la vida para perder peso\"}]},{\"@type\":\"WebSite\",\"@id\":\"https:\/\/www.sbhny.org\/#website\",\"url\":\"https:\/\/www.sbhny.org\/\",\"name\":\"SBH Health System\",\"description\":\"\",\"potentialAction\":[{\"@type\":\"SearchAction\",\"target\":{\"@type\":\"EntryPoint\",\"urlTemplate\":\"https:\/\/www.sbhny.org\/?s={search_term_string}\"},\"query-input\":{\"@type\":\"PropertyValueSpecification\",\"valueRequired\":true,\"valueName\":\"search_term_string\"}}],\"inLanguage\":\"es\"}]}<\/script>\n<!-- \/ Yoast SEO plugin. -->","yoast_head_json":{"title":"Cirug\u00eda bari\u00e1trica: una soluci\u00f3n que cambia la vida para perder peso - SBH Health System","robots":{"index":"index","follow":"follow","max-snippet":"max-snippet:-1","max-image-preview":"max-image-preview:large","max-video-preview":"max-video-preview:-1"},"canonical":"https:\/\/www.sbhny.org\/es\/cirugia-bariatrica-una-solucion-que-cambia-la-vida-para-perder-peso\/","og_locale":"es_MX","og_type":"article","og_title":"Cirug\u00eda bari\u00e1trica: una soluci\u00f3n que cambia la vida para perder peso - SBH Health System","og_url":"https:\/\/www.sbhny.org\/es\/cirugia-bariatrica-una-solucion-que-cambia-la-vida-para-perder-peso\/","og_site_name":"SBH Health System","article_publisher":"https:\/\/www.facebook.com\/SBHBronx\/","article_modified_time":"2024-09-30T02:27:40+00:00","twitter_card":"summary_large_image","twitter_site":"@sbhbronx","schema":{"@context":"https:\/\/schema.org","@graph":[{"@type":"WebPage","@id":"https:\/\/www.sbhny.org\/cirugia-bariatrica-una-solucion-que-cambia-la-vida-para-perder-peso\/","url":"https:\/\/www.sbhny.org\/cirugia-bariatrica-una-solucion-que-cambia-la-vida-para-perder-peso\/","name":"Cirug\u00eda bari\u00e1trica: una soluci\u00f3n que cambia la vida para perder peso - SBH Health System","isPartOf":{"@id":"https:\/\/www.sbhny.org\/#website"},"datePublished":"2024-09-30T02:25:59+00:00","dateModified":"2024-09-30T02:27:40+00:00","breadcrumb":{"@id":"https:\/\/www.sbhny.org\/cirugia-bariatrica-una-solucion-que-cambia-la-vida-para-perder-peso\/#breadcrumb"},"inLanguage":"es","potentialAction":[{"@type":"ReadAction","target":["https:\/\/www.sbhny.org\/cirugia-bariatrica-una-solucion-que-cambia-la-vida-para-perder-peso\/"]}]},{"@type":"BreadcrumbList","@id":"https:\/\/www.sbhny.org\/cirugia-bariatrica-una-solucion-que-cambia-la-vida-para-perder-peso\/#breadcrumb","itemListElement":[{"@type":"ListItem","position":1,"name":"Home","item":"https:\/\/www.sbhny.org\/"},{"@type":"ListItem","position":2,"name":"Cirug\u00eda bari\u00e1trica: una soluci\u00f3n que cambia la vida para perder peso"}]},{"@type":"WebSite","@id":"https:\/\/www.sbhny.org\/#website","url":"https:\/\/www.sbhny.org\/","name":"Sistema de Salud SBH","description":"","potentialAction":[{"@type":"SearchAction","target":{"@type":"EntryPoint","urlTemplate":"https:\/\/www.sbhny.org\/?s={search_term_string}"},"query-input":{"@type":"PropertyValueSpecification","valueRequired":true,"valueName":"search_term_string"}}],"inLanguage":"es"}]}},"_links":{"self":[{"href":"https:\/\/www.sbhny.org\/es\/wp-json\/wp\/v2\/pages\/5235","targetHints":{"allow":["GET"]}}],"collection":[{"href":"https:\/\/www.sbhny.org\/es\/wp-json\/wp\/v2\/pages"}],"about":[{"href":"https:\/\/www.sbhny.org\/es\/wp-json\/wp\/v2\/types\/page"}],"author":[{"embeddable":true,"href":"https:\/\/www.sbhny.org\/es\/wp-json\/wp\/v2\/users\/2"}],"replies":[{"embeddable":true,"href":"https:\/\/www.sbhny.org\/es\/wp-json\/wp\/v2\/comments?post=5235"}],"version-history":[{"count":0,"href":"https:\/\/www.sbhny.org\/es\/wp-json\/wp\/v2\/pages\/5235\/revisions"}],"wp:attachment":[{"href":"https:\/\/www.sbhny.org\/es\/wp-json\/wp\/v2\/media?parent=5235"}],"curies":[{"name":"wp","href":"https:\/\/api.w.org\/{rel}","templated":true}]}}