{"id":5238,"date":"2024-09-30T03:31:52","date_gmt":"2024-09-30T03:31:52","guid":{"rendered":"https:\/\/sbhny.wpenginepowered.com\/?page_id=5238"},"modified":"2024-10-15T16:49:18","modified_gmt":"2024-10-15T16:49:18","slug":"elegir-un-hospital-para-su-momento-especial","status":"publish","type":"page","link":"https:\/\/www.sbhny.org\/es\/elegir-un-hospital-para-su-momento-especial\/","title":{"rendered":"Elegir un hospital para su momento especial"},"content":{"rendered":"<section class=\"image-twocol-hero background-image\">\n  <div class=\"max-width standard-spacing twocol-row\">\n\n          <div class=\"image-col twocol-col\" style=\"background-image: url('https:\/\/www.sbhny.org\/wp-content\/uploads\/2024\/09\/OB-s.jpg');\"><\/div>\n    \n\n    <div class=\"content-col twocol-col\">\n              <h1 class=\"main-heading\">Elegir un hospital para su momento especial<\/h1>\n            <div class=\"body-copy\">\n              <\/div>\n      \n        \n      \n          <\/div>\n  <\/div>\n<\/section>\n\n<section class=\"text-block white-background\">\n  <div class=\"small-max-width standard-spacing body-copy\">\n    <p><span data-contrast=\"auto\">Cuando est\u00e1 embarazada, puede sentir que hay un mill\u00f3n de cosas que debe hacer antes de la llegada de su beb\u00e9. Desde tomar sus vitaminas prenatales y aprender sobre el parto hasta comprar un cochecito y abastecerse de pa\u00f1ales, la lista es larga y puede parecer abrumadora. Solo aseg\u00farate de no olvidar elegir el hospital donde dar\u00e1s a luz. De hecho, debe incluirlo en la parte superior de su lista de tareas pendientes importantes. (En alg\u00fan lugar justo por debajo de asistir a citas prenatales y justo por encima de elegir un pediatra, tal vez).<\/span><span data-ccp-props=\"{&quot;201341983&quot;:0,&quot;335559739&quot;:160,&quot;335559740&quot;:259}\">\u00a0<\/span><\/p>\n<p><span data-contrast=\"auto\">Es un elemento de la lista de tareas que puede marcar la diferencia en la sala de partos. Y comienza toda una vida de primicias con el miembro m\u00e1s peque\u00f1o de tu famili.<\/span><\/p>\n<h2><span class=\"TextRun SCXW26722229 BCX9\" lang=\"ES-DO\" xml:lang=\"ES-DO\" data-contrast=\"auto\"><span class=\"NormalTextRun SCXW26722229 BCX9\">Qu\u00e9 buscar en un hospital de maternidad<\/span><\/span><\/h2>\n<p><span data-contrast=\"auto\">Aunque su seguro puede limitar los hospitales disponibles para usted, hay otros factores que debe considerar.<\/span><span data-ccp-props=\"{&quot;201341983&quot;:0,&quot;335559739&quot;:160,&quot;335559740&quot;:259}\">\u00a0<\/span><\/p>\n<p><span data-contrast=\"auto\">Por ejemplo:<\/span><span data-ccp-props=\"{&quot;201341983&quot;:0,&quot;335559739&quot;:160,&quot;335559740&quot;:259}\">\u00a0<\/span><\/p>\n<ul>\n<li><span data-contrast=\"auto\"> La distancia de viaje puede afectar su decisi\u00f3n sobre el hospital. No querr\u00e1s preocuparte por tener que ir muy lejos o luchar contra el tr\u00e1fico cuando tu beb\u00e9 est\u00e1 en camino.<\/span><\/li>\n<li><span data-contrast=\"auto\"> Los recursos de atenci\u00f3n adecuados son otra consideraci\u00f3n importante. Aunque es poco probable que experimente una emergencia durante el nacimiento de su beb\u00e9, es reconfortante saber que el hospital donde dar\u00e1 a luz puede hacer frente a cualquier desaf\u00edo que surja, desde un embarazo de alto riesgo hasta un parto prematuro.<\/span><\/li>\n<li><span data-contrast=\"auto\"> Su plan de parto tambi\u00e9n puede afectar al lugar donde elija dar a luz. \u00bfEst\u00e1 considerando un parto natural? Querr\u00e1 elegir un hospital que trabaje con usted para lograr su objetivo.<\/span><\/li>\n<li><span data-contrast=\"auto\"> Las adaptaciones tambi\u00e9n pueden desempe\u00f1ar un papel. Quieres sentirte seguro y c\u00f3modo cuando traes una nueva vida al mundo. Eso significa una habitaci\u00f3n bien iluminada, cuidadores profesionales y compasivos y un ambiente tranquilo.<\/span><\/li>\n<\/ul>\n<p><span data-contrast=\"auto\">Tambi\u00e9n es importante recordar que, por mucho que le guste su obstetra-ginec\u00f3logo o partera, tambi\u00e9n debe gustarle el hospital donde pueden dar a luz a su beb\u00e9. Eso es porque, debido a los horarios, es posible que no sea \u00e9l quien termine en la habitaci\u00f3n contigo cuando sea el momento de conocer a tu beb\u00e9.<\/span><\/p>\n<h2><span class=\"NormalTextRun SCXW128283433 BCX9\">Mejorar su experiencia con SBH <\/span><span class=\"NormalTextRun SpellingErrorV2Themed SCXW128283433 BCX9\">Salud<\/span> <span class=\"NormalTextRun SpellingErrorV2Themed SCXW128283433 BCX9\">Sistema<\/span><\/h2>\n<p><span data-contrast=\"auto\">Cuando se trata de la experiencia del paciente, nadie ofrece mejores resultados que SBH Health System. Nuestros proveedores est\u00e1n bien capacitados, tienen mucha experiencia y est\u00e1n bien establecidos en la comunidad a la que sirven.<\/span><span data-ccp-props=\"{&quot;201341983&quot;:0,&quot;335559739&quot;:160,&quot;335559740&quot;:259}\">\u00a0<\/span><\/p>\n<p><span data-contrast=\"auto\">Ofrecemos atenci\u00f3n similar a la de un conserje pero cerca de su hogar, SBH Health brinda atenci\u00f3n personalizada. Sin mencionar la proporci\u00f3n de una enfermera por cada paciente durante el parto, que normalmente no se ofrece en un entorno hospitalario urbano.<\/span><span data-ccp-props=\"{&quot;201341983&quot;:0,&quot;335559739&quot;:160,&quot;335559740&quot;:259}\">\u00a0<\/span><\/p>\n<p><span data-contrast=\"auto\">\"Tenemos todo lo que tienen otras instituciones, pero tambi\u00e9n ofrecemos un toque personal\", dice Mark Rosing, MD, presidente de obstetricia y ginecolog\u00eda de SBH Health System. \"Eso es lo que nos diferencia\".<\/span><span data-ccp-props=\"{&quot;201341983&quot;:0,&quot;335559739&quot;:160,&quot;335559740&quot;:259}\">\u00a0<\/span><\/p>\n<p>Adem\u00e1s de los obstetras y ginec\u00f3logos, contamos con parteras en el personal cuyo enfoque de atenci\u00f3n de alto contacto se traduce en costes m\u00e1s bajos para nuestros pacientes y sus compa\u00f1\u00edas de seguros, sin sacrificar la calidad. El resultado es una cultura en la que nuestras parteras, m\u00e9dicos y enfermeros trabajan juntos para crear una atenci\u00f3n continua sin interrupciones para nuestros pacientes. Y la experiencia de nacimiento m\u00e1s positiva posible.<\/p>\n<p>En lugar de apresurar a una paciente para que sea inducida o tenga una ces\u00e1rea, por ejemplo, nuestros proveedores permiten que el parto progrese naturalmente, dando a las mujeres el tiempo que quieren y necesitan para dar a luz. \"Los alentamos a tener la experiencia que desean\", dice el Dr. Rosing. \"Y les damos el tiempo y los recursos para hacerlo\".<\/p>\n<p><a href=\"\/wp-content\/uploads\/2024\/10\/OB-GYN-Spanish-Brochure-7X8.5-1.pdf\"><span data-contrast=\"auto\">Obtenga m\u00e1s informaci\u00f3n sobre los servicios de parto y alumbramiento que ofrecemos.<\/span><\/a><\/p>\n  <\/div>\n<\/section>","protected":false},"excerpt":{"rendered":"","protected":false},"author":2,"featured_media":0,"parent":0,"menu_order":0,"comment_status":"closed","ping_status":"closed","template":"","meta":{"_acf_changed":true,"_eb_attr":"","_price":"","_stock":"","_tribe_ticket_header":"","_tribe_default_ticket_provider":"","_tribe_ticket_capacity":"0","_ticket_start_date":"","_ticket_end_date":"","_tribe_ticket_show_description":"","_tribe_ticket_show_not_going":false,"_tribe_ticket_use_global_stock":"","_tribe_ticket_global_stock_level":"","_global_stock_mode":"","_global_stock_cap":"","_tribe_rsvp_for_event":"","_tribe_ticket_going_count":"","_tribe_ticket_not_going_count":"","_tribe_tickets_list":"[]","_tribe_ticket_has_attendee_info_fields":false,"footnotes":""},"class_list":["post-5238","page","type-page","status-publish","hentry"],"acf":[],"yoast_head":"<!-- This site is optimized with the Yoast SEO plugin v26.5 - https:\/\/yoast.com\/wordpress\/plugins\/seo\/ -->\n<title>Elegir un hospital para su momento especial - SBH Health System<\/title>\n<meta name=\"robots\" content=\"index, follow, max-snippet:-1, max-image-preview:large, max-video-preview:-1\" \/>\n<link rel=\"canonical\" href=\"https:\/\/www.sbhny.org\/es\/elegir-un-hospital-para-su-momento-especial\/\" \/>\n<meta property=\"og:locale\" content=\"es_MX\" \/>\n<meta property=\"og:type\" content=\"article\" \/>\n<meta property=\"og:title\" content=\"Elegir un hospital para su momento especial - SBH Health System\" \/>\n<meta property=\"og:url\" content=\"https:\/\/www.sbhny.org\/es\/elegir-un-hospital-para-su-momento-especial\/\" \/>\n<meta property=\"og:site_name\" content=\"SBH Health System\" \/>\n<meta property=\"article:publisher\" content=\"https:\/\/www.facebook.com\/SBHBronx\/\" \/>\n<meta property=\"article:modified_time\" content=\"2024-10-15T16:49:18+00:00\" \/>\n<meta name=\"twitter:card\" content=\"summary_large_image\" \/>\n<meta name=\"twitter:site\" content=\"@sbhbronx\" \/>\n<script type=\"application\/ld+json\" class=\"yoast-schema-graph\">{\"@context\":\"https:\/\/schema.org\",\"@graph\":[{\"@type\":\"WebPage\",\"@id\":\"https:\/\/www.sbhny.org\/elegir-un-hospital-para-su-momento-especial\/\",\"url\":\"https:\/\/www.sbhny.org\/elegir-un-hospital-para-su-momento-especial\/\",\"name\":\"Elegir un hospital para su momento especial - SBH Health System\",\"isPartOf\":{\"@id\":\"https:\/\/www.sbhny.org\/#website\"},\"datePublished\":\"2024-09-30T03:31:52+00:00\",\"dateModified\":\"2024-10-15T16:49:18+00:00\",\"breadcrumb\":{\"@id\":\"https:\/\/www.sbhny.org\/elegir-un-hospital-para-su-momento-especial\/#breadcrumb\"},\"inLanguage\":\"es\",\"potentialAction\":[{\"@type\":\"ReadAction\",\"target\":[\"https:\/\/www.sbhny.org\/elegir-un-hospital-para-su-momento-especial\/\"]}]},{\"@type\":\"BreadcrumbList\",\"@id\":\"https:\/\/www.sbhny.org\/elegir-un-hospital-para-su-momento-especial\/#breadcrumb\",\"itemListElement\":[{\"@type\":\"ListItem\",\"position\":1,\"name\":\"Home\",\"item\":\"https:\/\/www.sbhny.org\/\"},{\"@type\":\"ListItem\",\"position\":2,\"name\":\"Elegir un hospital para su momento especial\"}]},{\"@type\":\"WebSite\",\"@id\":\"https:\/\/www.sbhny.org\/#website\",\"url\":\"https:\/\/www.sbhny.org\/\",\"name\":\"SBH Health System\",\"description\":\"\",\"potentialAction\":[{\"@type\":\"SearchAction\",\"target\":{\"@type\":\"EntryPoint\",\"urlTemplate\":\"https:\/\/www.sbhny.org\/?s={search_term_string}\"},\"query-input\":{\"@type\":\"PropertyValueSpecification\",\"valueRequired\":true,\"valueName\":\"search_term_string\"}}],\"inLanguage\":\"es\"}]}<\/script>\n<!-- \/ Yoast SEO plugin. -->","yoast_head_json":{"title":"Elegir un hospital para su momento especial - SBH Health System","robots":{"index":"index","follow":"follow","max-snippet":"max-snippet:-1","max-image-preview":"max-image-preview:large","max-video-preview":"max-video-preview:-1"},"canonical":"https:\/\/www.sbhny.org\/es\/elegir-un-hospital-para-su-momento-especial\/","og_locale":"es_MX","og_type":"article","og_title":"Elegir un hospital para su momento especial - SBH Health System","og_url":"https:\/\/www.sbhny.org\/es\/elegir-un-hospital-para-su-momento-especial\/","og_site_name":"SBH Health System","article_publisher":"https:\/\/www.facebook.com\/SBHBronx\/","article_modified_time":"2024-10-15T16:49:18+00:00","twitter_card":"summary_large_image","twitter_site":"@sbhbronx","schema":{"@context":"https:\/\/schema.org","@graph":[{"@type":"WebPage","@id":"https:\/\/www.sbhny.org\/elegir-un-hospital-para-su-momento-especial\/","url":"https:\/\/www.sbhny.org\/elegir-un-hospital-para-su-momento-especial\/","name":"Elegir un hospital para su momento especial - SBH Health System","isPartOf":{"@id":"https:\/\/www.sbhny.org\/#website"},"datePublished":"2024-09-30T03:31:52+00:00","dateModified":"2024-10-15T16:49:18+00:00","breadcrumb":{"@id":"https:\/\/www.sbhny.org\/elegir-un-hospital-para-su-momento-especial\/#breadcrumb"},"inLanguage":"es","potentialAction":[{"@type":"ReadAction","target":["https:\/\/www.sbhny.org\/elegir-un-hospital-para-su-momento-especial\/"]}]},{"@type":"BreadcrumbList","@id":"https:\/\/www.sbhny.org\/elegir-un-hospital-para-su-momento-especial\/#breadcrumb","itemListElement":[{"@type":"ListItem","position":1,"name":"Home","item":"https:\/\/www.sbhny.org\/"},{"@type":"ListItem","position":2,"name":"Elegir un hospital para su momento especial"}]},{"@type":"WebSite","@id":"https:\/\/www.sbhny.org\/#website","url":"https:\/\/www.sbhny.org\/","name":"Sistema de Salud SBH","description":"","potentialAction":[{"@type":"SearchAction","target":{"@type":"EntryPoint","urlTemplate":"https:\/\/www.sbhny.org\/?s={search_term_string}"},"query-input":{"@type":"PropertyValueSpecification","valueRequired":true,"valueName":"search_term_string"}}],"inLanguage":"es"}]}},"_links":{"self":[{"href":"https:\/\/www.sbhny.org\/es\/wp-json\/wp\/v2\/pages\/5238","targetHints":{"allow":["GET"]}}],"collection":[{"href":"https:\/\/www.sbhny.org\/es\/wp-json\/wp\/v2\/pages"}],"about":[{"href":"https:\/\/www.sbhny.org\/es\/wp-json\/wp\/v2\/types\/page"}],"author":[{"embeddable":true,"href":"https:\/\/www.sbhny.org\/es\/wp-json\/wp\/v2\/users\/2"}],"replies":[{"embeddable":true,"href":"https:\/\/www.sbhny.org\/es\/wp-json\/wp\/v2\/comments?post=5238"}],"version-history":[{"count":0,"href":"https:\/\/www.sbhny.org\/es\/wp-json\/wp\/v2\/pages\/5238\/revisions"}],"wp:attachment":[{"href":"https:\/\/www.sbhny.org\/es\/wp-json\/wp\/v2\/media?parent=5238"}],"curies":[{"name":"wp","href":"https:\/\/api.w.org\/{rel}","templated":true}]}}