{"id":5242,"date":"2024-09-30T03:48:16","date_gmt":"2024-09-30T03:48:16","guid":{"rendered":"https:\/\/sbhny.wpenginepowered.com\/?page_id=5242"},"modified":"2024-09-30T03:48:17","modified_gmt":"2024-09-30T03:48:17","slug":"stay-healthy-by-eating-healthy","status":"publish","type":"page","link":"https:\/\/www.sbhny.org\/es\/stay-healthy-by-eating-healthy\/","title":{"rendered":"Mant\u00e9ngase sano comiendo sano"},"content":{"rendered":"<section class=\"image-twocol-hero background-image\">\n  <div class=\"max-width standard-spacing twocol-row\">\n\n          <div class=\"image-col twocol-col\" style=\"background-image: url('https:\/\/www.sbhny.org\/wp-content\/uploads\/2024\/09\/Teaching-Kitchen-r1.jpg');\"><\/div>\n    \n\n    <div class=\"content-col twocol-col\">\n              <h1 class=\"main-heading\">Cocina did\u00e1ctica SBH<br \/>Mant\u00e9ngase sano comiendo sano<\/h1>\n            <div class=\"body-copy\">\n              <\/div>\n      \n        \n      \n          <\/div>\n  <\/div>\n<\/section>\n\n<section class=\"text-block white-background\">\n  <div class=\"small-max-width standard-spacing body-copy\">\n    <p>La Cocina de Ense\u00f1anza SBH est\u00e1 aqu\u00ed para la comunidad y alberga un promedio de 10 clases al mes que van desde la preparaci\u00f3n de comidas y comidas de una olla a la cocina caribe\u00f1a y postres. Todas las clases son impartidas por Dietistas Registrados o Educadores de Nutrici\u00f3n Culinaria y se llevan a cabo en la hermosa Cocina de Ense\u00f1anza de SBH. Usted y sus seres queridos aprender\u00e1n habilidades culinarias para mejorar su sistema inmunol\u00f3gico y mantenerse saludable. \u00a1Venga a cocinar con nosotros!<\/p>\n<p>Algunos de los favoritos de nuestros fans son:<\/p>\n<ul>\n<li>Sancocho vegetariano<\/li>\n<li>Brownies de jud\u00edas negras<\/li>\n<li>Ensalada de col tropical<\/li>\n<li>Nuggets de pollo al horno<\/li>\n<\/ul>\n<p><strong>Para ver las clases e inscribirse, visite <a href=\"\/es\/health-wellness-center\/teaching-kitchen\/\">Cocina did\u00e1ctica SBH<\/a> o llame para inscribirse: <a href=\"tel:718-960-3843\">(718)960-3843<\/a>.<\/strong><\/p>\n  <\/div>\n<\/section>","protected":false},"excerpt":{"rendered":"","protected":false},"author":2,"featured_media":0,"parent":0,"menu_order":0,"comment_status":"closed","ping_status":"closed","template":"","meta":{"_acf_changed":true,"_eb_attr":"","_price":"","_stock":"","_tribe_ticket_header":"","_tribe_default_ticket_provider":"","_tribe_ticket_capacity":"0","_ticket_start_date":"","_ticket_end_date":"","_tribe_ticket_show_description":"","_tribe_ticket_show_not_going":false,"_tribe_ticket_use_global_stock":"","_tribe_ticket_global_stock_level":"","_global_stock_mode":"","_global_stock_cap":"","_tribe_rsvp_for_event":"","_tribe_ticket_going_count":"","_tribe_ticket_not_going_count":"","_tribe_tickets_list":"[]","_tribe_ticket_has_attendee_info_fields":false,"footnotes":""},"class_list":["post-5242","page","type-page","status-publish","hentry"],"acf":[],"yoast_head":"<!-- This site is optimized with the Yoast SEO plugin v26.5 - https:\/\/yoast.com\/wordpress\/plugins\/seo\/ -->\n<title>Stay Healthy by Eating Healthy - SBH Health System<\/title>\n<meta name=\"robots\" content=\"index, follow, max-snippet:-1, max-image-preview:large, max-video-preview:-1\" \/>\n<link rel=\"canonical\" href=\"https:\/\/www.sbhny.org\/es\/stay-healthy-by-eating-healthy\/\" \/>\n<meta property=\"og:locale\" content=\"es_MX\" \/>\n<meta property=\"og:type\" content=\"article\" \/>\n<meta property=\"og:title\" content=\"Stay Healthy by Eating Healthy - SBH Health System\" \/>\n<meta property=\"og:url\" content=\"https:\/\/www.sbhny.org\/es\/stay-healthy-by-eating-healthy\/\" \/>\n<meta property=\"og:site_name\" content=\"SBH Health System\" \/>\n<meta property=\"article:publisher\" content=\"https:\/\/www.facebook.com\/SBHBronx\/\" \/>\n<meta property=\"article:modified_time\" content=\"2024-09-30T03:48:17+00:00\" \/>\n<meta name=\"twitter:card\" content=\"summary_large_image\" \/>\n<meta name=\"twitter:site\" content=\"@sbhbronx\" \/>\n<script type=\"application\/ld+json\" class=\"yoast-schema-graph\">{\"@context\":\"https:\/\/schema.org\",\"@graph\":[{\"@type\":\"WebPage\",\"@id\":\"https:\/\/www.sbhny.org\/stay-healthy-by-eating-healthy\/\",\"url\":\"https:\/\/www.sbhny.org\/stay-healthy-by-eating-healthy\/\",\"name\":\"Stay Healthy by Eating Healthy - SBH Health System\",\"isPartOf\":{\"@id\":\"https:\/\/www.sbhny.org\/#website\"},\"datePublished\":\"2024-09-30T03:48:16+00:00\",\"dateModified\":\"2024-09-30T03:48:17+00:00\",\"breadcrumb\":{\"@id\":\"https:\/\/www.sbhny.org\/stay-healthy-by-eating-healthy\/#breadcrumb\"},\"inLanguage\":\"es\",\"potentialAction\":[{\"@type\":\"ReadAction\",\"target\":[\"https:\/\/www.sbhny.org\/stay-healthy-by-eating-healthy\/\"]}]},{\"@type\":\"BreadcrumbList\",\"@id\":\"https:\/\/www.sbhny.org\/stay-healthy-by-eating-healthy\/#breadcrumb\",\"itemListElement\":[{\"@type\":\"ListItem\",\"position\":1,\"name\":\"Home\",\"item\":\"https:\/\/www.sbhny.org\/\"},{\"@type\":\"ListItem\",\"position\":2,\"name\":\"Stay Healthy by Eating Healthy\"}]},{\"@type\":\"WebSite\",\"@id\":\"https:\/\/www.sbhny.org\/#website\",\"url\":\"https:\/\/www.sbhny.org\/\",\"name\":\"SBH Health System\",\"description\":\"\",\"potentialAction\":[{\"@type\":\"SearchAction\",\"target\":{\"@type\":\"EntryPoint\",\"urlTemplate\":\"https:\/\/www.sbhny.org\/?s={search_term_string}\"},\"query-input\":{\"@type\":\"PropertyValueSpecification\",\"valueRequired\":true,\"valueName\":\"search_term_string\"}}],\"inLanguage\":\"es\"}]}<\/script>\n<!-- \/ Yoast SEO plugin. -->","yoast_head_json":{"title":"Stay Healthy by Eating Healthy - SBH Health System","robots":{"index":"index","follow":"follow","max-snippet":"max-snippet:-1","max-image-preview":"max-image-preview:large","max-video-preview":"max-video-preview:-1"},"canonical":"https:\/\/www.sbhny.org\/es\/stay-healthy-by-eating-healthy\/","og_locale":"es_MX","og_type":"article","og_title":"Stay Healthy by Eating Healthy - SBH Health System","og_url":"https:\/\/www.sbhny.org\/es\/stay-healthy-by-eating-healthy\/","og_site_name":"SBH Health System","article_publisher":"https:\/\/www.facebook.com\/SBHBronx\/","article_modified_time":"2024-09-30T03:48:17+00:00","twitter_card":"summary_large_image","twitter_site":"@sbhbronx","schema":{"@context":"https:\/\/schema.org","@graph":[{"@type":"WebPage","@id":"https:\/\/www.sbhny.org\/stay-healthy-by-eating-healthy\/","url":"https:\/\/www.sbhny.org\/stay-healthy-by-eating-healthy\/","name":"Stay Healthy by Eating Healthy - SBH Health System","isPartOf":{"@id":"https:\/\/www.sbhny.org\/#website"},"datePublished":"2024-09-30T03:48:16+00:00","dateModified":"2024-09-30T03:48:17+00:00","breadcrumb":{"@id":"https:\/\/www.sbhny.org\/stay-healthy-by-eating-healthy\/#breadcrumb"},"inLanguage":"es","potentialAction":[{"@type":"ReadAction","target":["https:\/\/www.sbhny.org\/stay-healthy-by-eating-healthy\/"]}]},{"@type":"BreadcrumbList","@id":"https:\/\/www.sbhny.org\/stay-healthy-by-eating-healthy\/#breadcrumb","itemListElement":[{"@type":"ListItem","position":1,"name":"Home","item":"https:\/\/www.sbhny.org\/"},{"@type":"ListItem","position":2,"name":"Stay Healthy by Eating Healthy"}]},{"@type":"WebSite","@id":"https:\/\/www.sbhny.org\/#website","url":"https:\/\/www.sbhny.org\/","name":"Sistema de Salud SBH","description":"","potentialAction":[{"@type":"SearchAction","target":{"@type":"EntryPoint","urlTemplate":"https:\/\/www.sbhny.org\/?s={search_term_string}"},"query-input":{"@type":"PropertyValueSpecification","valueRequired":true,"valueName":"search_term_string"}}],"inLanguage":"es"}]}},"_links":{"self":[{"href":"https:\/\/www.sbhny.org\/es\/wp-json\/wp\/v2\/pages\/5242","targetHints":{"allow":["GET"]}}],"collection":[{"href":"https:\/\/www.sbhny.org\/es\/wp-json\/wp\/v2\/pages"}],"about":[{"href":"https:\/\/www.sbhny.org\/es\/wp-json\/wp\/v2\/types\/page"}],"author":[{"embeddable":true,"href":"https:\/\/www.sbhny.org\/es\/wp-json\/wp\/v2\/users\/2"}],"replies":[{"embeddable":true,"href":"https:\/\/www.sbhny.org\/es\/wp-json\/wp\/v2\/comments?post=5242"}],"version-history":[{"count":0,"href":"https:\/\/www.sbhny.org\/es\/wp-json\/wp\/v2\/pages\/5242\/revisions"}],"wp:attachment":[{"href":"https:\/\/www.sbhny.org\/es\/wp-json\/wp\/v2\/media?parent=5242"}],"curies":[{"name":"wp","href":"https:\/\/api.w.org\/{rel}","templated":true}]}}