{"id":5243,"date":"2024-09-30T04:39:05","date_gmt":"2024-09-30T04:39:05","guid":{"rendered":"https:\/\/sbhny.wpenginepowered.com\/?page_id=5243"},"modified":"2024-09-30T04:39:05","modified_gmt":"2024-09-30T04:39:05","slug":"bronx-children-are-suffering-from-asthma-the-right-treatment-can-make-a-difference","status":"publish","type":"page","link":"https:\/\/www.sbhny.org\/es\/bronx-children-are-suffering-from-asthma-the-right-treatment-can-make-a-difference\/","title":{"rendered":"Los ni\u00f1os del Bronx sufren asma. El tratamiento adecuado puede marcar la diferencia."},"content":{"rendered":"<section class=\"image-twocol-hero background-image\">\n  <div class=\"max-width standard-spacing twocol-row\">\n\n          <div class=\"image-col twocol-col\" style=\"background-image: url('https:\/\/www.sbhny.org\/wp-content\/uploads\/2024\/09\/Asthma-s-e1727707572818.jpg');\"><\/div>\n    \n\n    <div class=\"content-col twocol-col\">\n              <h1 class=\"main-heading\">Los ni\u00f1os del Bronx sufren asma. El tratamiento adecuado puede marcar la diferencia<\/h1>\n            <div class=\"body-copy\">\n              <\/div>\n      \n        \n      \n          <\/div>\n  <\/div>\n<\/section>\n\n<section class=\"text-block white-background\">\n  <div class=\"small-max-width standard-spacing body-copy\">\n    <p>Sibilancias despu\u00e9s de jugar al aire libre. Falta de aire al cantar una canci\u00f3n favorita. Opresi\u00f3n o dolor en el pecho. Si ha notado estos s\u00edntomas en su hijo, es posible que tenga asma.<\/p>\n<p>El asma es una enfermedad pulmonar de larga duraci\u00f3n que provoca espasmos e inflamaci\u00f3n de los bronquios (o v\u00edas respiratorias). Imag\u00ednese que aprieta con fuerza un rollo de papel de cocina y luego intenta soplar aire a trav\u00e9s de \u00e9l. Cuando se padece asma, las v\u00edas respiratorias se estrechan y dificultan la inspiraci\u00f3n y la espiraci\u00f3n. El asma puede ser mortal y no tiene cura, pero un tratamiento eficaz puede aliviar los s\u00edntomas y prevenir las crisis asm\u00e1ticas.<\/p>\n<h2><span class=\"TextRun SCXW238185916 BCX9\" lang=\"EN-US\" xml:lang=\"EN-US\" data-contrast=\"none\"><span class=\"NormalTextRun SCXW238185916 BCX9\" data-ccp-charstyle=\"Book Title\">El asma afecta a 1 de cada 10 ni\u00f1os en Estados Unidos<\/span><\/span><\/h2>\n<p><span class=\"TextRun SCXW127699814 BCX9\" lang=\"EN-US\" xml:lang=\"EN-US\" data-contrast=\"none\"><span class=\"NormalTextRun SCXW127699814 BCX9\" data-ccp-parastyle=\"Body copy\" data-ccp-parastyle-defn=\"{&quot;ObjectId&quot;:&quot;97dfd007-3349-48ca-a3f6-2dcaf425ab03|57&quot;,&quot;ClassId&quot;:1073872969,&quot;Properties&quot;:[469775450,&quot;Body copy&quot;,201340122,&quot;2&quot;,134234082,&quot;true&quot;,134233614,&quot;true&quot;,469778129,&quot;Bodycopy&quot;,335572020,&quot;1&quot;,469777841,&quot;Helvetica&quot;,469777842,&quot;Times New Roman&quot;,469777843,&quot;Cambria&quot;,469777844,&quot;Helvetica&quot;,469769226,&quot;Helvetica,Times New Roman,Cambria&quot;,335551500,&quot;0&quot;,268442635,&quot;22&quot;,335559739,&quot;200&quot;,469778324,&quot;Normal&quot;]}\">En <\/span><span class=\"NormalTextRun AdvancedProofingIssueV2Themed SCXW127699814 BCX9\" data-ccp-parastyle=\"Body copy\">7,5 millones de ni\u00f1os<\/span><span class=\"NormalTextRun SCXW127699814 BCX9\" data-ccp-parastyle=\"Body copy\"> en EE.UU. se ven afectados por el asma, con <\/span><span class=\"NormalTextRun SCXW127699814 BCX9\" data-ccp-parastyle=\"Body copy\">t<\/span><span class=\"NormalTextRun SCXW127699814 BCX9\" data-ccp-parastyle=\"Body copy\">l Bronx tiene las tasas m\u00e1s altas del pa\u00eds.<\/span> <span class=\"NormalTextRun SCXW127699814 BCX9\" data-ccp-parastyle=\"Body copy\">S<\/span><span class=\"NormalTextRun SCXW127699814 BCX9\" data-ccp-parastyle=\"Body copy\">os estudios demuestran que el asma <\/span><span class=\"NormalTextRun SCXW127699814 BCX9\" data-ccp-parastyle=\"Body copy\">afecta en gran medida<\/span> <span class=\"NormalTextRun SCXW127699814 BCX9\" data-ccp-parastyle=\"Body copy\">los pobres, los ancianos y los estadounidenses negros, hispanos e ind\u00edgenas.<\/span><span class=\"NormalTextRun SCXW127699814 BCX9\" data-ccp-parastyle=\"Body copy\">grupos que <\/span><span class=\"NormalTextRun SCXW127699814 BCX9\" data-ccp-parastyle=\"Body copy\">pueblan en gran parte<\/span><span class=\"NormalTextRun SCXW127699814 BCX9\" data-ccp-parastyle=\"Body copy\"> nuestros barrios. <\/span><span class=\"NormalTextRun SCXW127699814 BCX9\" data-ccp-parastyle=\"Body copy\">Ni\u00f1os de barrios marginales <\/span><span class=\"NormalTextRun SCXW127699814 BCX9\" data-ccp-parastyle=\"Body copy\">tienen m\u00e1s probabilidades de nacer prematuramente y de tener <\/span><span class=\"NormalTextRun SCXW127699814 BCX9\" data-ccp-parastyle=\"Body copy\">m\u00e1s exposici\u00f3n a al\u00e9rgenos como la contaminaci\u00f3n atmosf\u00e9rica, el polvo<\/span><span class=\"NormalTextRun SCXW127699814 BCX9\" data-ccp-parastyle=\"Body copy\">, <\/span><span class=\"NormalTextRun SCXW127699814 BCX9\" data-ccp-parastyle=\"Body copy\">ciertos alimentos, <\/span><span class=\"NormalTextRun SCXW127699814 BCX9\" data-ccp-parastyle=\"Body copy\">humo de segunda mano, y cucarachas y otras plagas<\/span><span class=\"NormalTextRun SCXW127699814 BCX9\" data-ccp-parastyle=\"Body copy\">. Otros <\/span><span class=\"NormalTextRun SCXW127699814 BCX9\" data-ccp-parastyle=\"Body copy\">factores<\/span><span class=\"NormalTextRun SCXW127699814 BCX9\" data-ccp-parastyle=\"Body copy\">como<\/span><span class=\"NormalTextRun SCXW127699814 BCX9\" data-ccp-parastyle=\"Body copy\"> gen\u00e9tica, discriminaci\u00f3n racial <\/span><span class=\"NormalTextRun SCXW127699814 BCX9\" data-ccp-parastyle=\"Body copy\">y<\/span> <span class=\"NormalTextRun SCXW127699814 BCX9\" data-ccp-parastyle=\"Body copy\">acceso a la atenci\u00f3n sanitaria<\/span><span class=\"NormalTextRun SCXW127699814 BCX9\" data-ccp-parastyle=\"Body copy\"> tambi\u00e9n contribuyen a aumentar las tasas de asma.<\/span><span class=\"NormalTextRun SCXW127699814 BCX9\" data-ccp-parastyle=\"Body copy\">\u00a0<\/span><\/span><span class=\"EOP SCXW127699814 BCX9\" data-ccp-props=\"{&quot;335559739&quot;:200}\">\u00a0<\/span><\/p>\n<h2><span class=\"TextRun SCXW144841905 BCX9\" lang=\"EN-US\" xml:lang=\"EN-US\" data-contrast=\"none\"><span class=\"NormalTextRun SCXW144841905 BCX9\" data-ccp-charstyle=\"Book Title\">Causas y s\u00edntomas del asma<\/span><\/span><\/h2>\n<p><span data-contrast=\"auto\">Aunque se desconoce la causa exacta del asma, los s\u00edntomas suelen empezar en la infancia, antes de que el sistema inmunitario se haya desarrollado por completo. Los desencadenantes var\u00edan de una persona a otra y hay una serie de factores que pueden influir en el desarrollo de los pulmones de los ni\u00f1os. Los al\u00e9rgenos, como el polvo o la caspa de las mascotas, son causas frecuentes. Algunas personas tambi\u00e9n desarrollan s\u00edntomas asm\u00e1ticos en respuesta a determinados alimentos o al ejercicio. Los antecedentes familiares, la exposici\u00f3n a al\u00e9rgenos e incluso un resfriado u otro virus pueden aumentar las probabilidades de que los ni\u00f1os desarrollen esta enfermedad.<\/span><span data-ccp-props=\"{&quot;335559739&quot;:0}\">\u00a0<\/span><\/p>\n<p><span data-contrast=\"none\">Los s\u00edntomas del asma var\u00edan de una persona a otra. Su hijo puede sufrir accesos de tos, sentirse d\u00e9bil y con poca energ\u00eda, tener sibilancias (silbidos al respirar), estar irritable y tener problemas para comer o beber. Durante un ataque de asma (cuando los s\u00edntomas empeoran), la tos y la dificultad para respirar pueden empeorar. Los ni\u00f1os pueden tener dificultades para respirar, hablar y ponerse p\u00e1lidos o azules. Cuando esto ocurre, es importante buscar ayuda m\u00e9dica inmediatamente.<\/span><\/p>\n<h2><span class=\"NormalTextRun SCXW126770649 BCX9\" data-ccp-charstyle=\"Book Title\">En <\/span><span class=\"NormalTextRun SCXW126770649 BCX9\" data-ccp-charstyle=\"Book Title\">derecha <\/span><span class=\"NormalTextRun SCXW126770649 BCX9\" data-ccp-charstyle=\"Book Title\">tratamiento <\/span><span class=\"NormalTextRun SCXW126770649 BCX9\" data-ccp-charstyle=\"Book Title\">puede marcar la diferencia<\/span><\/h2>\n<p><span data-contrast=\"none\">Si no se trata, el asma pedi\u00e1trica puede hacer que los ni\u00f1os falten al colegio, vayan al m\u00e9dico m\u00e1s a menudo o incluso sean hospitalizados. Tambi\u00e9n puede causar lesiones pulmonares permanentes. El asma no tiene cura, pero puede controlarse bien con un tratamiento eficaz.\u00a0<\/span><span data-ccp-props=\"{&quot;134233118&quot;:true,&quot;335559739&quot;:200}\">\u00a0<\/span><\/p>\n<p><strong><a href=\"https:\/\/www.sbhny.org\/es\/patient-care\/clinical-services\/asthma\/?term=asthma\">El Centro del Asma<\/a><\/strong><span data-contrast=\"none\"> utiliza un enfoque de equipo completo para proporcionar la mejor atenci\u00f3n a los pacientes. Su equipo estar\u00e1 formado por un m\u00e9dico especialista en alergia e inmunolog\u00eda, un enfermero diplomado, un terapeuta respiratorio y un auxiliar m\u00e9dico. Una vez confirmado el diagn\u00f3stico de asma, nuestro equipo elabora un plan de acci\u00f3n para cada paciente con el fin de tratar y controlar la enfermedad.<\/span><span data-contrast=\"none\">.<\/span><span data-ccp-props=\"{&quot;335559739&quot;:0}\">\u00a0<\/span><\/p>\n<p><span data-contrast=\"none\">Nuestros especialistas en asma del Centro de Atenci\u00f3n Integral trabajan con los pacientes para crear un plan de acci\u00f3n contra el asma, que puede incluir:<\/span><span data-ccp-props=\"{&quot;134233118&quot;:true,&quot;335559739&quot;:200}\">\u00a0<\/span><\/p>\n<ul>\n<li data-leveltext=\"\uf0b7\" data-font=\"Symbol\" data-listid=\"31\" data-list-defn-props=\"{&quot;335552541&quot;:1,&quot;335559684&quot;:-2,&quot;335559685&quot;:720,&quot;335559991&quot;:360,&quot;469769226&quot;:&quot;Symbol&quot;,&quot;469769242&quot;:[8226],&quot;469777803&quot;:&quot;left&quot;,&quot;469777804&quot;:&quot;\uf0b7&quot;,&quot;469777815&quot;:&quot;hybridMultilevel&quot;}\" aria-setsize=\"-1\" data-aria-posinset=\"1\" data-aria-level=\"1\"><span data-contrast=\"auto\">Pruebas diagn\u00f3sticas de alergia para detectar los desencadenantes del asma<\/span><span data-ccp-props=\"{&quot;134233118&quot;:true,&quot;335559739&quot;:200}\">\u00a0<\/span><\/li>\n<li data-leveltext=\"\uf0b7\" data-font=\"Symbol\" data-listid=\"31\" data-list-defn-props=\"{&quot;335552541&quot;:1,&quot;335559684&quot;:-2,&quot;335559685&quot;:720,&quot;335559991&quot;:360,&quot;469769226&quot;:&quot;Symbol&quot;,&quot;469769242&quot;:[8226],&quot;469777803&quot;:&quot;left&quot;,&quot;469777804&quot;:&quot;\uf0b7&quot;,&quot;469777815&quot;:&quot;hybridMultilevel&quot;}\" aria-setsize=\"-1\" data-aria-posinset=\"2\" data-aria-level=\"1\"><span data-contrast=\"auto\">Pruebas de funci\u00f3n pulmonar (pruebas respiratorias)<\/span><span data-ccp-props=\"{&quot;134233118&quot;:true,&quot;335559739&quot;:200}\">\u00a0<\/span><\/li>\n<li data-leveltext=\"\uf0b7\" data-font=\"Symbol\" data-listid=\"31\" data-list-defn-props=\"{&quot;335552541&quot;:1,&quot;335559684&quot;:-2,&quot;335559685&quot;:720,&quot;335559991&quot;:360,&quot;469769226&quot;:&quot;Symbol&quot;,&quot;469769242&quot;:[8226],&quot;469777803&quot;:&quot;left&quot;,&quot;469777804&quot;:&quot;\uf0b7&quot;,&quot;469777815&quot;:&quot;hybridMultilevel&quot;}\" aria-setsize=\"-1\" data-aria-posinset=\"3\" data-aria-level=\"1\"><span data-contrast=\"none\">Orientaci\u00f3n sobre medicaci\u00f3n y tratamiento<\/span><span data-ccp-props=\"{&quot;134233118&quot;:true,&quot;335559739&quot;:200}\">\u00a0<\/span><\/li>\n<li data-leveltext=\"\uf0b7\" data-font=\"Symbol\" data-listid=\"31\" data-list-defn-props=\"{&quot;335552541&quot;:1,&quot;335559684&quot;:-2,&quot;335559685&quot;:720,&quot;335559991&quot;:360,&quot;469769226&quot;:&quot;Symbol&quot;,&quot;469769242&quot;:[8226],&quot;469777803&quot;:&quot;left&quot;,&quot;469777804&quot;:&quot;\uf0b7&quot;,&quot;469777815&quot;:&quot;hybridMultilevel&quot;}\" aria-setsize=\"-1\" data-aria-posinset=\"4\" data-aria-level=\"1\"><span data-contrast=\"none\">Consejos para evitar los desencadenantes<\/span><span data-ccp-props=\"{&quot;134233118&quot;:true,&quot;335559739&quot;:200}\">\u00a0<\/span><\/li>\n<li data-leveltext=\"\uf0b7\" data-font=\"Symbol\" data-listid=\"31\" data-list-defn-props=\"{&quot;335552541&quot;:1,&quot;335559684&quot;:-2,&quot;335559685&quot;:720,&quot;335559991&quot;:360,&quot;469769226&quot;:&quot;Symbol&quot;,&quot;469769242&quot;:[8226],&quot;469777803&quot;:&quot;left&quot;,&quot;469777804&quot;:&quot;\uf0b7&quot;,&quot;469777815&quot;:&quot;hybridMultilevel&quot;}\" aria-setsize=\"-1\" data-aria-posinset=\"5\" data-aria-level=\"1\"><span data-contrast=\"none\">Saber qu\u00e9 hacer cuando los s\u00edntomas empeoran<\/span><span data-ccp-props=\"{&quot;134233118&quot;:true,&quot;335559739&quot;:200}\">\u00a0<\/span><\/li>\n<\/ul>\n<p><span data-contrast=\"none\">Con el plan de tratamiento adecuado, los ni\u00f1os asm\u00e1ticos pueden controlar su enfermedad y vivir lo mejor posible. Si usted, su hijo, o alguien que usted conoce est\u00e1 luchando con el asma, p\u00f3ngase en contacto con nosotros en el Centro de Atenci\u00f3n Integral por tel\u00e9fono al (718) 960-3730, de lunes a viernes de 9 a.m. a 5 p.m..<\/span><span data-ccp-props=\"{&quot;335559739&quot;:0}\">\u00a0<\/span><\/p>\n  <\/div>\n<\/section>","protected":false},"excerpt":{"rendered":"","protected":false},"author":2,"featured_media":0,"parent":0,"menu_order":0,"comment_status":"closed","ping_status":"closed","template":"","meta":{"_acf_changed":true,"_eb_attr":"","_price":"","_stock":"","_tribe_ticket_header":"","_tribe_default_ticket_provider":"","_tribe_ticket_capacity":"0","_ticket_start_date":"","_ticket_end_date":"","_tribe_ticket_show_description":"","_tribe_ticket_show_not_going":false,"_tribe_ticket_use_global_stock":"","_tribe_ticket_global_stock_level":"","_global_stock_mode":"","_global_stock_cap":"","_tribe_rsvp_for_event":"","_tribe_ticket_going_count":"","_tribe_ticket_not_going_count":"","_tribe_tickets_list":"[]","_tribe_ticket_has_attendee_info_fields":false,"footnotes":""},"class_list":["post-5243","page","type-page","status-publish","hentry"],"acf":[],"yoast_head":"<!-- This site is optimized with the Yoast SEO plugin v26.5 - https:\/\/yoast.com\/wordpress\/plugins\/seo\/ -->\n<title>Bronx children are suffering from asthma. The right treatment can make a difference. - SBH Health System<\/title>\n<meta name=\"robots\" content=\"index, follow, max-snippet:-1, max-image-preview:large, max-video-preview:-1\" \/>\n<link rel=\"canonical\" href=\"https:\/\/www.sbhny.org\/es\/bronx-children-are-suffering-from-asthma-the-right-treatment-can-make-a-difference\/\" \/>\n<meta property=\"og:locale\" content=\"es_MX\" \/>\n<meta property=\"og:type\" content=\"article\" \/>\n<meta property=\"og:title\" content=\"Bronx children are suffering from asthma. The right treatment can make a difference. - SBH Health System\" \/>\n<meta property=\"og:url\" content=\"https:\/\/www.sbhny.org\/es\/bronx-children-are-suffering-from-asthma-the-right-treatment-can-make-a-difference\/\" \/>\n<meta property=\"og:site_name\" content=\"SBH Health System\" \/>\n<meta property=\"article:publisher\" content=\"https:\/\/www.facebook.com\/SBHBronx\/\" \/>\n<meta name=\"twitter:card\" content=\"summary_large_image\" \/>\n<meta name=\"twitter:site\" content=\"@sbhbronx\" \/>\n<script type=\"application\/ld+json\" class=\"yoast-schema-graph\">{\"@context\":\"https:\/\/schema.org\",\"@graph\":[{\"@type\":\"WebPage\",\"@id\":\"https:\/\/www.sbhny.org\/bronx-children-are-suffering-from-asthma-the-right-treatment-can-make-a-difference\/\",\"url\":\"https:\/\/www.sbhny.org\/bronx-children-are-suffering-from-asthma-the-right-treatment-can-make-a-difference\/\",\"name\":\"Bronx children are suffering from asthma. The right treatment can make a difference. - SBH Health System\",\"isPartOf\":{\"@id\":\"https:\/\/www.sbhny.org\/#website\"},\"datePublished\":\"2024-09-30T04:39:05+00:00\",\"breadcrumb\":{\"@id\":\"https:\/\/www.sbhny.org\/bronx-children-are-suffering-from-asthma-the-right-treatment-can-make-a-difference\/#breadcrumb\"},\"inLanguage\":\"es\",\"potentialAction\":[{\"@type\":\"ReadAction\",\"target\":[\"https:\/\/www.sbhny.org\/bronx-children-are-suffering-from-asthma-the-right-treatment-can-make-a-difference\/\"]}]},{\"@type\":\"BreadcrumbList\",\"@id\":\"https:\/\/www.sbhny.org\/bronx-children-are-suffering-from-asthma-the-right-treatment-can-make-a-difference\/#breadcrumb\",\"itemListElement\":[{\"@type\":\"ListItem\",\"position\":1,\"name\":\"Home\",\"item\":\"https:\/\/www.sbhny.org\/\"},{\"@type\":\"ListItem\",\"position\":2,\"name\":\"Bronx children are suffering from asthma. The right treatment can make a difference.\"}]},{\"@type\":\"WebSite\",\"@id\":\"https:\/\/www.sbhny.org\/#website\",\"url\":\"https:\/\/www.sbhny.org\/\",\"name\":\"SBH Health System\",\"description\":\"\",\"potentialAction\":[{\"@type\":\"SearchAction\",\"target\":{\"@type\":\"EntryPoint\",\"urlTemplate\":\"https:\/\/www.sbhny.org\/?s={search_term_string}\"},\"query-input\":{\"@type\":\"PropertyValueSpecification\",\"valueRequired\":true,\"valueName\":\"search_term_string\"}}],\"inLanguage\":\"es\"}]}<\/script>\n<!-- \/ Yoast SEO plugin. -->","yoast_head_json":{"title":"Bronx children are suffering from asthma. The right treatment can make a difference. - SBH Health System","robots":{"index":"index","follow":"follow","max-snippet":"max-snippet:-1","max-image-preview":"max-image-preview:large","max-video-preview":"max-video-preview:-1"},"canonical":"https:\/\/www.sbhny.org\/es\/bronx-children-are-suffering-from-asthma-the-right-treatment-can-make-a-difference\/","og_locale":"es_MX","og_type":"article","og_title":"Bronx children are suffering from asthma. The right treatment can make a difference. - SBH Health System","og_url":"https:\/\/www.sbhny.org\/es\/bronx-children-are-suffering-from-asthma-the-right-treatment-can-make-a-difference\/","og_site_name":"SBH Health System","article_publisher":"https:\/\/www.facebook.com\/SBHBronx\/","twitter_card":"summary_large_image","twitter_site":"@sbhbronx","schema":{"@context":"https:\/\/schema.org","@graph":[{"@type":"WebPage","@id":"https:\/\/www.sbhny.org\/bronx-children-are-suffering-from-asthma-the-right-treatment-can-make-a-difference\/","url":"https:\/\/www.sbhny.org\/bronx-children-are-suffering-from-asthma-the-right-treatment-can-make-a-difference\/","name":"Bronx children are suffering from asthma. The right treatment can make a difference. - SBH Health System","isPartOf":{"@id":"https:\/\/www.sbhny.org\/#website"},"datePublished":"2024-09-30T04:39:05+00:00","breadcrumb":{"@id":"https:\/\/www.sbhny.org\/bronx-children-are-suffering-from-asthma-the-right-treatment-can-make-a-difference\/#breadcrumb"},"inLanguage":"es","potentialAction":[{"@type":"ReadAction","target":["https:\/\/www.sbhny.org\/bronx-children-are-suffering-from-asthma-the-right-treatment-can-make-a-difference\/"]}]},{"@type":"BreadcrumbList","@id":"https:\/\/www.sbhny.org\/bronx-children-are-suffering-from-asthma-the-right-treatment-can-make-a-difference\/#breadcrumb","itemListElement":[{"@type":"ListItem","position":1,"name":"Home","item":"https:\/\/www.sbhny.org\/"},{"@type":"ListItem","position":2,"name":"Bronx children are suffering from asthma. The right treatment can make a difference."}]},{"@type":"WebSite","@id":"https:\/\/www.sbhny.org\/#website","url":"https:\/\/www.sbhny.org\/","name":"Sistema de Salud SBH","description":"","potentialAction":[{"@type":"SearchAction","target":{"@type":"EntryPoint","urlTemplate":"https:\/\/www.sbhny.org\/?s={search_term_string}"},"query-input":{"@type":"PropertyValueSpecification","valueRequired":true,"valueName":"search_term_string"}}],"inLanguage":"es"}]}},"_links":{"self":[{"href":"https:\/\/www.sbhny.org\/es\/wp-json\/wp\/v2\/pages\/5243","targetHints":{"allow":["GET"]}}],"collection":[{"href":"https:\/\/www.sbhny.org\/es\/wp-json\/wp\/v2\/pages"}],"about":[{"href":"https:\/\/www.sbhny.org\/es\/wp-json\/wp\/v2\/types\/page"}],"author":[{"embeddable":true,"href":"https:\/\/www.sbhny.org\/es\/wp-json\/wp\/v2\/users\/2"}],"replies":[{"embeddable":true,"href":"https:\/\/www.sbhny.org\/es\/wp-json\/wp\/v2\/comments?post=5243"}],"version-history":[{"count":0,"href":"https:\/\/www.sbhny.org\/es\/wp-json\/wp\/v2\/pages\/5243\/revisions"}],"wp:attachment":[{"href":"https:\/\/www.sbhny.org\/es\/wp-json\/wp\/v2\/media?parent=5243"}],"curies":[{"name":"wp","href":"https:\/\/api.w.org\/{rel}","templated":true}]}}