{"id":5245,"date":"2024-09-30T04:45:30","date_gmt":"2024-09-30T04:45:30","guid":{"rendered":"https:\/\/sbhny.wpenginepowered.com\/?page_id=5245"},"modified":"2024-10-01T16:05:00","modified_gmt":"2024-10-01T16:05:00","slug":"bariatric-surgery-a-life-changing-solution-for-weight-loss","status":"publish","type":"page","link":"https:\/\/www.sbhny.org\/es\/bariatric-surgery-a-life-changing-solution-for-weight-loss\/","title":{"rendered":"Cirug\u00eda bari\u00e1trica: una soluci\u00f3n para perder peso que cambia la vida"},"content":{"rendered":"<section class=\"image-twocol-hero background-image\">\n  <div class=\"max-width standard-spacing twocol-row\">\n\n          <div class=\"image-col twocol-col\" style=\"background-image: url('https:\/\/www.sbhny.org\/wp-content\/uploads\/2024\/09\/Bariatric-sm.jpg');\"><\/div>\n    \n\n    <div class=\"content-col twocol-col\">\n              <h1 class=\"main-heading\">Cirug\u00eda bari\u00e1trica: una soluci\u00f3n para perder peso que cambia la vida<\/h1>\n            <div class=\"body-copy\">\n              <\/div>\n      \n        \n      \n          <\/div>\n  <\/div>\n<\/section>\n\n<section class=\"text-block white-background\">\n  <div class=\"small-max-width standard-spacing body-copy\">\n    <p>\u00bfSu peso est\u00e1 afectando a su salud mental y f\u00edsica hasta el punto de sentir que ya es suficiente?<\/p>\n<p>Si su respuesta es afirmativa, quiz\u00e1 desee plantearse la cirug\u00eda bari\u00e1trica.<\/p>\n<p>En SBH Health System, ofrecemos un <strong><a href=\"\/es\/our-services\/bariatric-surgery\/\">cirug\u00eda bari\u00e1trica<\/a><\/strong> para ayudarle a conseguir los resultados que desea con el apoyo profesional que necesita.<\/p>\n<h2><span data-ccp-props=\"{&quot;201341983&quot;:0,&quot;335559739&quot;:0,&quot;335559740&quot;:240}\"><span class=\"TextRun SCXW203960650 BCX9\" lang=\"EN-US\" xml:lang=\"EN-US\" data-contrast=\"auto\"><span class=\"NormalTextRun SCXW203960650 BCX9\" data-ccp-parastyle=\"heading 2\">\u00bfQu\u00e9 es la cirug\u00eda bari\u00e1trica?<\/span><\/span><\/span><\/h2>\n<p><span data-contrast=\"auto\">La cirug\u00eda bari\u00e1trica es una intervenci\u00f3n quir\u00fargica para perder peso. Consiste en extirparle parte del est\u00f3mago, haci\u00e9ndolo m\u00e1s peque\u00f1o para reducir la cantidad de comida que puede ingerir y darle antes sensaci\u00f3n de saciedad. Alternativamente, consiste en desviar el intestino, haciendo que coma menos, absorba menos alimentos y, por tanto, absorba menos calor\u00edas.<\/span><span data-ccp-props=\"{&quot;201341983&quot;:0,&quot;335559739&quot;:0,&quot;335559740&quot;:240}\">\u00a0<\/span><\/p>\n<p>Las opciones quir\u00fargicas incluyen <strong>bypass g\u00e1strico<\/strong> y <strong>gastrectom\u00eda en manga<\/strong>.<\/p>\n<h2><span class=\"TextRun SCXW147430756 BCX9\" lang=\"EN-US\" xml:lang=\"EN-US\" data-contrast=\"auto\"><span class=\"NormalTextRun SCXW147430756 BCX9\" data-ccp-parastyle=\"heading 2\">\u00bfC\u00f3mo puede mejorar mi salud la cirug\u00eda bari\u00e1trica?<\/span><\/span><\/h2>\n<p><span data-contrast=\"auto\">La p\u00e9rdida de peso no es el \u00fanico beneficio de la cirug\u00eda bari\u00e1trica. Tambi\u00e9n puede eliminar o reducir muchos de los s\u00edntomas asociados con las condiciones de salud que a menudo acompa\u00f1an a tener sobrepeso u obesidad, como:\u00a0<\/span><span data-ccp-props=\"{&quot;201341983&quot;:0,&quot;335559739&quot;:0,&quot;335559740&quot;:240}\">\u00a0<\/span><\/p>\n<ul>\n<li data-leveltext=\"\uf0b7\" data-font=\"Symbol\" data-listid=\"1\" data-list-defn-props=\"{&quot;335552541&quot;:1,&quot;335559684&quot;:-2,&quot;335559685&quot;:720,&quot;335559991&quot;:360,&quot;469769226&quot;:&quot;Symbol&quot;,&quot;469769242&quot;:[8226],&quot;469777803&quot;:&quot;left&quot;,&quot;469777804&quot;:&quot;\uf0b7&quot;,&quot;469777815&quot;:&quot;hybridMultilevel&quot;}\" aria-setsize=\"-1\" data-aria-posinset=\"1\" data-aria-level=\"1\"><span data-contrast=\"auto\">Hipertensi\u00f3n arterial<\/span><span data-ccp-props=\"{&quot;201341983&quot;:0,&quot;335559739&quot;:0,&quot;335559740&quot;:240}\">\u00a0<\/span><\/li>\n<li data-leveltext=\"\uf0b7\" data-font=\"Symbol\" data-listid=\"1\" data-list-defn-props=\"{&quot;335552541&quot;:1,&quot;335559684&quot;:-2,&quot;335559685&quot;:720,&quot;335559991&quot;:360,&quot;469769226&quot;:&quot;Symbol&quot;,&quot;469769242&quot;:[8226],&quot;469777803&quot;:&quot;left&quot;,&quot;469777804&quot;:&quot;\uf0b7&quot;,&quot;469777815&quot;:&quot;hybridMultilevel&quot;}\" aria-setsize=\"-1\" data-aria-posinset=\"2\" data-aria-level=\"1\"><span data-contrast=\"auto\">Colesterol alto<\/span><span data-ccp-props=\"{&quot;201341983&quot;:0,&quot;335559739&quot;:0,&quot;335559740&quot;:240}\">\u00a0<\/span><\/li>\n<li data-leveltext=\"\uf0b7\" data-font=\"Symbol\" data-listid=\"1\" data-list-defn-props=\"{&quot;335552541&quot;:1,&quot;335559684&quot;:-2,&quot;335559685&quot;:720,&quot;335559991&quot;:360,&quot;469769226&quot;:&quot;Symbol&quot;,&quot;469769242&quot;:[8226],&quot;469777803&quot;:&quot;left&quot;,&quot;469777804&quot;:&quot;\uf0b7&quot;,&quot;469777815&quot;:&quot;hybridMultilevel&quot;}\" aria-setsize=\"-1\" data-aria-posinset=\"3\" data-aria-level=\"1\"><span data-contrast=\"auto\">Enfermedad por reflujo gastroesof\u00e1gico (ERGE)<\/span><span data-ccp-props=\"{&quot;201341983&quot;:0,&quot;335559739&quot;:0,&quot;335559740&quot;:240}\">\u00a0<\/span><\/li>\n<li data-leveltext=\"\uf0b7\" data-font=\"Symbol\" data-listid=\"1\" data-list-defn-props=\"{&quot;335552541&quot;:1,&quot;335559684&quot;:-2,&quot;335559685&quot;:720,&quot;335559991&quot;:360,&quot;469769226&quot;:&quot;Symbol&quot;,&quot;469769242&quot;:[8226],&quot;469777803&quot;:&quot;left&quot;,&quot;469777804&quot;:&quot;\uf0b7&quot;,&quot;469777815&quot;:&quot;hybridMultilevel&quot;}\" aria-setsize=\"-1\" data-aria-posinset=\"4\" data-aria-level=\"1\"><span data-contrast=\"auto\">Apnea del sue\u00f1o<\/span><span data-ccp-props=\"{&quot;201341983&quot;:0,&quot;335559739&quot;:0,&quot;335559740&quot;:240}\">\u00a0<\/span><\/li>\n<li data-leveltext=\"\uf0b7\" data-font=\"Symbol\" data-listid=\"1\" data-list-defn-props=\"{&quot;335552541&quot;:1,&quot;335559684&quot;:-2,&quot;335559685&quot;:720,&quot;335559991&quot;:360,&quot;469769226&quot;:&quot;Symbol&quot;,&quot;469769242&quot;:[8226],&quot;469777803&quot;:&quot;left&quot;,&quot;469777804&quot;:&quot;\uf0b7&quot;,&quot;469777815&quot;:&quot;hybridMultilevel&quot;}\" aria-setsize=\"-1\" data-aria-posinset=\"5\" data-aria-level=\"1\"><span data-contrast=\"auto\">Diabetes de tipo 2<\/span><span data-ccp-props=\"{&quot;201341983&quot;:0,&quot;335559739&quot;:0,&quot;335559740&quot;:240}\">\u00a0<\/span><\/li>\n<\/ul>\n<p><span data-ccp-props=\"{&quot;201341983&quot;:0,&quot;335559739&quot;:0,&quot;335559740&quot;:240}\">\u00a0<\/span><span data-contrast=\"auto\">A <\/span><strong><a href=\"https:\/\/jamanetwork.com\/journals\/jamanetworkopen\/fullarticle\/2797180#:~:text=In%20this%20large,composite%20cardiovascular%20events\">Estudio de 2022<\/a><\/strong><span data-contrast=\"auto\"> descubri\u00f3 que la cirug\u00eda bari\u00e1trica disminu\u00eda el riesgo de enfermedad cardiovascular (coraz\u00f3n) en 49% en personas diagnosticadas de h\u00edgado graso no alcoh\u00f3lico (HGNA) y obesidad grave.<\/span><span data-ccp-props=\"{&quot;201341983&quot;:0,&quot;335559739&quot;:0,&quot;335559740&quot;:240}\">\u00a0<\/span><\/p>\n<h2 aria-level=\"2\"><b><span data-contrast=\"auto\">\u00bfC\u00f3mo es someterse a una cirug\u00eda bari\u00e1trica en SBH Health?<\/span><\/b><span data-ccp-props=\"{&quot;201341983&quot;:0,&quot;335559738&quot;:0,&quot;335559739&quot;:0,&quot;335559740&quot;:240}\">\u00a0<\/span><\/h2>\n<p><span data-ccp-props=\"{&quot;201341983&quot;:0,&quot;335559739&quot;:0,&quot;335559740&quot;:240}\">\u00a0<\/span><span data-contrast=\"auto\">Trabajamos con su m\u00e9dico de cabecera para asegurarnos de que recibe la mejor atenci\u00f3n posible. Nos comprometemos a que se sienta c\u00f3modo, seguro y respaldado durante todo el proceso de p\u00e9rdida de peso. Esto incluye la atenci\u00f3n antes y despu\u00e9s de la cirug\u00eda.<\/span><span data-ccp-props=\"{&quot;201341983&quot;:0,&quot;335559739&quot;:0,&quot;335559740&quot;:240}\">\u00a0<\/span><\/p>\n<p><span data-ccp-props=\"{&quot;201341983&quot;:0,&quot;335559739&quot;:0,&quot;335559740&quot;:240}\">\u00a0<\/span><span data-contrast=\"auto\">Su viaje comienza con un dietista y un profesional de la salud mental para asegurarse de que est\u00e1 preparada para someterse a este procedimiento que le cambiar\u00e1 la vida. A continuaci\u00f3n, su m\u00e9dico le indicar\u00e1 qu\u00e9 intervenci\u00f3n es la mejor para usted en funci\u00f3n de sus objetivos.<\/span><span data-ccp-props=\"{&quot;201341983&quot;:0,&quot;335559739&quot;:0,&quot;335559740&quot;:240}\">\u00a0<\/span><\/p>\n<p><span data-contrast=\"auto\">Durante y despu\u00e9s de la intervenci\u00f3n, tendr\u00e1 acceso a grupos de apoyo a pacientes. Tambi\u00e9n puede aprovechar los programas que ofrecemos en nuestro <\/span><strong><a href=\"\/es\/health-wellness-center\/\">Centro de Salud y Bienestar<\/a><\/strong><span data-contrast=\"auto\"> para apoyar los cambios de estilo de vida saludables que necesita hacer.\u00a0<\/span><span data-ccp-props=\"{&quot;201341983&quot;:0,&quot;335559739&quot;:0,&quot;335559740&quot;:240}\">\u00a0<\/span><\/p>\n<p><span data-contrast=\"auto\">Todo el personal de SBH Health System se compromete a proporcionar una atenci\u00f3n personalizada y de calidad en todo momento.\u00a0<\/span><span data-ccp-props=\"{&quot;201341983&quot;:0,&quot;335559739&quot;:0,&quot;335559740&quot;:240}\">\u00a0<\/span><\/p>\n<p><span data-ccp-props=\"{&quot;201341983&quot;:0,&quot;335559739&quot;:0,&quot;335559740&quot;:240}\">\u00a0<\/span><span data-contrast=\"auto\">\"No vamos a tratar a un paciente como un n\u00famero\", dice <\/span><strong><a href=\"\/es\/doctors\/corneliu-vulpe\/\">Dr. Corneliu Vulpe<\/a><\/strong><span data-contrast=\"auto\">jefe del programa bari\u00e1trico de SBH Health. \"Construimos relaciones con nuestros pacientes para poder entender sus necesidades \u00fanicas\".<\/span><span data-ccp-props=\"{&quot;201341983&quot;:0,&quot;335559739&quot;:0,&quot;335559740&quot;:240}\">\u00a0<\/span><\/p>\n<p><span data-contrast=\"auto\">El Dr. Vulpe y su equipo se aseguran de que cada paciente entienda los beneficios que la cirug\u00eda bari\u00e1trica tendr\u00e1 en su vida. <\/span><strong><a href=\"https:\/\/www.nejm.org\/doi\/full\/10.1056\/NEJMoa1700459#:~:text=The%20weight%20increase%20between%20the%206%2Dyear%20and%2012%2Dyear%20follow%2Dup%20was%20minimal%2C%20near%2Dcomplete%20prevention%20of%20new%2Donset%20type%202%20diabetes%20was%20observed%2C%20and%20the%20remission%20rate%20of%20type%202%20diabetes%2012%20years%20after%20surgery%20was%2051%25.%20Substantial%20improvement%20was%20also%20seen%20in%20systolic%20hypertension%20and%20lipid%20levels.\">resultados sanitarios<\/a><\/strong><span data-contrast=\"auto\"> a largo plazo.\u00a0<\/span><span data-ccp-props=\"{&quot;201341983&quot;:0,&quot;335559739&quot;:0,&quot;335559740&quot;:240}\">\u00a0<\/span><\/p>\n<h2><b><span data-contrast=\"auto\">\u00bfC\u00f3mo puedo obtener m\u00e1s informaci\u00f3n sobre la cirug\u00eda bari\u00e1trica en SBH Health?\u00a0<\/span><\/b><span data-ccp-props=\"{&quot;201341983&quot;:0,&quot;335559738&quot;:0,&quot;335559739&quot;:0,&quot;335559740&quot;:240}\">\u00a0<\/span><\/h2>\n<p><span data-contrast=\"auto\">Si a\u00fan no est\u00e1 seguro de si la cirug\u00eda bari\u00e1trica es adecuada para usted, <\/span><strong><a href=\"https:\/\/teams.microsoft.com\/l\/meetup-join\/19%3ameeting_MzZhMjAxZGUtMWU0Zi00YzJiLThjMjUtNzE1NjE3NTQ4NDVl%40thread.v2\/0?context=%7b%22Tid%22%3a%22f4fe4389-7cda-48b0-bca8-1b1ecc8be637%22%2c%22Oid%22%3a%22b7fb1314-445e-4a12-bfa8-aba8195ffcff%22%7d\">\u00fanase a nosotros en nuestro pr\u00f3ximo <\/a><\/strong><span data-contrast=\"none\">seminario 3 de agosto<\/span><span data-contrast=\"none\">Tercera<\/span><span data-contrast=\"none\"> a las 17.00 horas a trav\u00e9s de Microsoft Teams. <\/span><span data-contrast=\"auto\">P\u00f3ngase en contacto con Rebecca Koch para inscribirse en un pr\u00f3ximo seminario o si tiene alguna pregunta en el (718) 960-3871 o rkoch@sbhny.org.<\/span><span data-ccp-props=\"{&quot;201341983&quot;:0,&quot;335559739&quot;:0,&quot;335559740&quot;:240}\">\u00a0<\/span><\/p>\n<p>Haga preguntas, escuche a nuestros m\u00e9dicos y pacientes y obtenga la informaci\u00f3n que necesita para tomar una decisi\u00f3n informada.<\/p>\n<p><span data-contrast=\"auto\">Perder peso es algo m\u00e1s que ingerir y eliminar calor\u00edas o que los n\u00fameros de una b\u00e1scula. Tambi\u00e9n se trata de tomar el control de su salud y bienestar para que pueda vivir la vida al m\u00e1ximo. Deje que SBH Health System le ayude a recuperar el control.<\/span><span data-ccp-props=\"{&quot;201341983&quot;:0,&quot;335559739&quot;:0,&quot;335559740&quot;:240}\">\u00a0<\/span><\/p>\n<p><span data-ccp-props=\"{&quot;201341983&quot;:0,&quot;335559739&quot;:0,&quot;335559740&quot;:240}\">\u00a0<\/span><\/p>\n  <\/div>\n<\/section>","protected":false},"excerpt":{"rendered":"","protected":false},"author":2,"featured_media":0,"parent":0,"menu_order":0,"comment_status":"closed","ping_status":"closed","template":"","meta":{"_acf_changed":true,"_eb_attr":"","_price":"","_stock":"","_tribe_ticket_header":"","_tribe_default_ticket_provider":"","_tribe_ticket_capacity":"0","_ticket_start_date":"","_ticket_end_date":"","_tribe_ticket_show_description":"","_tribe_ticket_show_not_going":false,"_tribe_ticket_use_global_stock":"","_tribe_ticket_global_stock_level":"","_global_stock_mode":"","_global_stock_cap":"","_tribe_rsvp_for_event":"","_tribe_ticket_going_count":"","_tribe_ticket_not_going_count":"","_tribe_tickets_list":"[]","_tribe_ticket_has_attendee_info_fields":false,"footnotes":""},"class_list":["post-5245","page","type-page","status-publish","hentry"],"acf":[],"yoast_head":"<!-- This site is optimized with the Yoast SEO plugin v26.5 - https:\/\/yoast.com\/wordpress\/plugins\/seo\/ -->\n<title>Bariatric surgery: a life-changing solution for weight loss - SBH Health System<\/title>\n<meta name=\"robots\" content=\"index, follow, max-snippet:-1, max-image-preview:large, max-video-preview:-1\" \/>\n<link rel=\"canonical\" href=\"https:\/\/www.sbhny.org\/es\/bariatric-surgery-a-life-changing-solution-for-weight-loss\/\" \/>\n<meta property=\"og:locale\" content=\"es_MX\" \/>\n<meta property=\"og:type\" content=\"article\" \/>\n<meta property=\"og:title\" content=\"Bariatric surgery: a life-changing solution for weight loss - SBH Health System\" \/>\n<meta property=\"og:url\" content=\"https:\/\/www.sbhny.org\/es\/bariatric-surgery-a-life-changing-solution-for-weight-loss\/\" \/>\n<meta property=\"og:site_name\" content=\"SBH Health System\" \/>\n<meta property=\"article:publisher\" content=\"https:\/\/www.facebook.com\/SBHBronx\/\" \/>\n<meta property=\"article:modified_time\" content=\"2024-10-01T16:05:00+00:00\" \/>\n<meta name=\"twitter:card\" content=\"summary_large_image\" \/>\n<meta name=\"twitter:site\" content=\"@sbhbronx\" \/>\n<script type=\"application\/ld+json\" class=\"yoast-schema-graph\">{\"@context\":\"https:\/\/schema.org\",\"@graph\":[{\"@type\":\"WebPage\",\"@id\":\"https:\/\/www.sbhny.org\/bariatric-surgery-a-life-changing-solution-for-weight-loss\/\",\"url\":\"https:\/\/www.sbhny.org\/bariatric-surgery-a-life-changing-solution-for-weight-loss\/\",\"name\":\"Bariatric surgery: a life-changing solution for weight loss - SBH Health System\",\"isPartOf\":{\"@id\":\"https:\/\/www.sbhny.org\/#website\"},\"datePublished\":\"2024-09-30T04:45:30+00:00\",\"dateModified\":\"2024-10-01T16:05:00+00:00\",\"breadcrumb\":{\"@id\":\"https:\/\/www.sbhny.org\/bariatric-surgery-a-life-changing-solution-for-weight-loss\/#breadcrumb\"},\"inLanguage\":\"es\",\"potentialAction\":[{\"@type\":\"ReadAction\",\"target\":[\"https:\/\/www.sbhny.org\/bariatric-surgery-a-life-changing-solution-for-weight-loss\/\"]}]},{\"@type\":\"BreadcrumbList\",\"@id\":\"https:\/\/www.sbhny.org\/bariatric-surgery-a-life-changing-solution-for-weight-loss\/#breadcrumb\",\"itemListElement\":[{\"@type\":\"ListItem\",\"position\":1,\"name\":\"Home\",\"item\":\"https:\/\/www.sbhny.org\/\"},{\"@type\":\"ListItem\",\"position\":2,\"name\":\"Bariatric surgery: a life-changing solution for weight loss\"}]},{\"@type\":\"WebSite\",\"@id\":\"https:\/\/www.sbhny.org\/#website\",\"url\":\"https:\/\/www.sbhny.org\/\",\"name\":\"SBH Health System\",\"description\":\"\",\"potentialAction\":[{\"@type\":\"SearchAction\",\"target\":{\"@type\":\"EntryPoint\",\"urlTemplate\":\"https:\/\/www.sbhny.org\/?s={search_term_string}\"},\"query-input\":{\"@type\":\"PropertyValueSpecification\",\"valueRequired\":true,\"valueName\":\"search_term_string\"}}],\"inLanguage\":\"es\"}]}<\/script>\n<!-- \/ Yoast SEO plugin. -->","yoast_head_json":{"title":"Bariatric surgery: a life-changing solution for weight loss - SBH Health System","robots":{"index":"index","follow":"follow","max-snippet":"max-snippet:-1","max-image-preview":"max-image-preview:large","max-video-preview":"max-video-preview:-1"},"canonical":"https:\/\/www.sbhny.org\/es\/bariatric-surgery-a-life-changing-solution-for-weight-loss\/","og_locale":"es_MX","og_type":"article","og_title":"Bariatric surgery: a life-changing solution for weight loss - SBH Health System","og_url":"https:\/\/www.sbhny.org\/es\/bariatric-surgery-a-life-changing-solution-for-weight-loss\/","og_site_name":"SBH Health System","article_publisher":"https:\/\/www.facebook.com\/SBHBronx\/","article_modified_time":"2024-10-01T16:05:00+00:00","twitter_card":"summary_large_image","twitter_site":"@sbhbronx","schema":{"@context":"https:\/\/schema.org","@graph":[{"@type":"WebPage","@id":"https:\/\/www.sbhny.org\/bariatric-surgery-a-life-changing-solution-for-weight-loss\/","url":"https:\/\/www.sbhny.org\/bariatric-surgery-a-life-changing-solution-for-weight-loss\/","name":"Bariatric surgery: a life-changing solution for weight loss - SBH Health System","isPartOf":{"@id":"https:\/\/www.sbhny.org\/#website"},"datePublished":"2024-09-30T04:45:30+00:00","dateModified":"2024-10-01T16:05:00+00:00","breadcrumb":{"@id":"https:\/\/www.sbhny.org\/bariatric-surgery-a-life-changing-solution-for-weight-loss\/#breadcrumb"},"inLanguage":"es","potentialAction":[{"@type":"ReadAction","target":["https:\/\/www.sbhny.org\/bariatric-surgery-a-life-changing-solution-for-weight-loss\/"]}]},{"@type":"BreadcrumbList","@id":"https:\/\/www.sbhny.org\/bariatric-surgery-a-life-changing-solution-for-weight-loss\/#breadcrumb","itemListElement":[{"@type":"ListItem","position":1,"name":"Home","item":"https:\/\/www.sbhny.org\/"},{"@type":"ListItem","position":2,"name":"Bariatric surgery: a life-changing solution for weight loss"}]},{"@type":"WebSite","@id":"https:\/\/www.sbhny.org\/#website","url":"https:\/\/www.sbhny.org\/","name":"Sistema de Salud SBH","description":"","potentialAction":[{"@type":"SearchAction","target":{"@type":"EntryPoint","urlTemplate":"https:\/\/www.sbhny.org\/?s={search_term_string}"},"query-input":{"@type":"PropertyValueSpecification","valueRequired":true,"valueName":"search_term_string"}}],"inLanguage":"es"}]}},"_links":{"self":[{"href":"https:\/\/www.sbhny.org\/es\/wp-json\/wp\/v2\/pages\/5245","targetHints":{"allow":["GET"]}}],"collection":[{"href":"https:\/\/www.sbhny.org\/es\/wp-json\/wp\/v2\/pages"}],"about":[{"href":"https:\/\/www.sbhny.org\/es\/wp-json\/wp\/v2\/types\/page"}],"author":[{"embeddable":true,"href":"https:\/\/www.sbhny.org\/es\/wp-json\/wp\/v2\/users\/2"}],"replies":[{"embeddable":true,"href":"https:\/\/www.sbhny.org\/es\/wp-json\/wp\/v2\/comments?post=5245"}],"version-history":[{"count":0,"href":"https:\/\/www.sbhny.org\/es\/wp-json\/wp\/v2\/pages\/5245\/revisions"}],"wp:attachment":[{"href":"https:\/\/www.sbhny.org\/es\/wp-json\/wp\/v2\/media?parent=5245"}],"curies":[{"name":"wp","href":"https:\/\/api.w.org\/{rel}","templated":true}]}}