{"id":5272,"date":"2024-09-30T15:36:43","date_gmt":"2024-09-30T15:36:43","guid":{"rendered":"https:\/\/sbhny.wpenginepowered.com\/?page_id=5272"},"modified":"2024-10-16T13:56:38","modified_gmt":"2024-10-16T13:56:38","slug":"breast-health-4-common-concerns-and-myths","status":"publish","type":"page","link":"https:\/\/www.sbhny.org\/es\/breast-health-4-common-concerns-and-myths\/","title":{"rendered":"Salud mamaria: 4 preocupaciones y mitos comunes"},"content":{"rendered":"<section class=\"image-twocol-hero background-image\">\n  <div class=\"max-width standard-spacing twocol-row\">\n\n          <div class=\"image-col twocol-col\" style=\"background-image: url('https:\/\/www.sbhny.org\/wp-content\/uploads\/2024\/09\/Breast-Health-s.jpg');\"><\/div>\n    \n\n    <div class=\"content-col twocol-col\">\n              <h1 class=\"main-heading\">Salud mamaria: 4 preocupaciones y mitos comunes<\/h1>\n            <div class=\"body-copy\">\n              <\/div>\n      \n        \n      \n          <\/div>\n  <\/div>\n<\/section>\n\n<section class=\"text-block white-background\">\n  <div class=\"small-max-width standard-spacing body-copy\">\n    <p>Desde cuidar de un padre anciano hasta llevar la cena a la mesa, ser madre requiere mucho trabajo.<\/p>\n<p>Entendemos que esto hace que sea dif\u00edcil centrarse en sus propias necesidades. Como resultado, su salud pasa a un segundo plano, y esto incluye el cuidado de los senos.<\/p>\n<p>Pero cuando se trata de la salud de los senos, cuidarse a s\u00ed misma significa que puede cuidar a sus seres queridos. Aqu\u00ed tienes cuatro preguntas y respuestas habituales sobre el cuidado de los senos que debes conocer.<\/p>\n<h2>\u00bfNecesito una mamograf\u00eda si me reviso yo misma las mamas?<\/h2>\n<p>S\u00ed, es cierto.<\/p>\n<p>Revisarse los pechos es bueno, pero no puede sustituir a una mamograf\u00eda. Una mamograf\u00eda es como una radiograf\u00eda de las mamas. Puede detectar peque\u00f1os bultos <strong><a href=\"https:\/\/www.cdc.gov\/breast-cancer\/about\/mammograms.html?CDC_AAref_Val=https:\/\/www.cdc.gov\/cancer\/breast\/basic_info\/mammograms.htm\">hasta tres a\u00f1os<\/a><\/strong> antes de que puedas sentirlos.<\/p>\n<p>Las mujeres deben empezar a hacerse mamograf\u00edas a los 40 a\u00f1os. Esto se debe a que la detecci\u00f3n precoz del c\u00e1ncer de mama puede salvar vidas.<\/p>\n<p>Considere estas cifras. La probabilidad de sobrevivir al c\u00e1ncer cinco a\u00f1os despu\u00e9s del diagn\u00f3stico en los dos estadios m\u00e1s tempranos del c\u00e1ncer de mama es de 100%. Y para el estadio 3, la probabilidad es de 93%.<\/p>\n<p>Si alguien de su familia ha padecido c\u00e1ncer de mama, deber\u00eda empezar a hacerse las pruebas antes. Bert Petersen, Jr., MD, director de la divisi\u00f3n de salud de la mama en SBH Health System, explica.<\/p>\n<p>\"Si tu hermana tuvo c\u00e1ncer de mama a los 42 a\u00f1os, tu primera mamograf\u00eda deber\u00eda ser a los 32\", dice la Dra. Petersen. \"Si tu madre tuvo c\u00e1ncer de mama a los 36, tu primera mamograf\u00eda deber\u00eda ser a los 26\".<\/p>\n<h3>Mamograf\u00eda 3D en SBH<\/h3>\n<p>SBH ofrece mamograf\u00edas en 3D, que ofrecen una imagen m\u00e1s clara y facilitan la detecci\u00f3n de problemas.<\/p>\n<p>\"La mamograf\u00eda 3D puede ver a trav\u00e9s del tejido mamario denso\", afirma la Dra. Petersen.<\/p>\n<h2>\u00bfSoy demasiado joven para preocuparme por la salud de mis pechos?<\/h2>\n<p>No, el c\u00e1ncer de mama puede aparecer a cualquier edad.<\/p>\n<p>Es m\u00e1s frecuente en mujeres mayores, pero alrededor de <strong><a href=\"https:\/\/www.cdc.gov\/cancer\/breast\/young_women\/bringyourbrave\/breast_cancer_young_women\/index.htm#:~:text=Breast%20cancer%20is%20the%20second,than%2045%20years%20of%20age.\">9% de nuevos casos de c\u00e1ncer de mama<\/a><\/strong> se dan en mujeres menores de 45 a\u00f1os. Y, el Dr. Peterson comparti\u00f3 que \"en las poblaciones negra y latina, se tiende a ver el c\u00e1ncer de mama m\u00e1s temprano\".<\/p>\n<p>Recomienda hacerse un autoexamen al menos una vez al mes para detectar cambios en los senos. Intenta revisarte los pechos la semana despu\u00e9s de la menstruaci\u00f3n, cuando es menos probable que est\u00e9n hinchados o sensibles.<\/p>\n<h2>\u00bfMe doler\u00e1 la mamograf\u00eda o recibir\u00e9 demasiada radiaci\u00f3n?<\/h2>\n<p>La cantidad de radiaci\u00f3n de una mamograf\u00eda <strong><a href=\"https:\/\/www.cancer.org\/cancer\/types\/breast-cancer\/screening-tests-and-early-detection\/mammograms\/mammogram-basics.html#:~:text=The%20dose%20of%20radiation%20used,surroundings%20over%20about%207%20weeks.\">es peque\u00f1o<\/a><\/strong>.<\/p>\n<p>\"Se necesitar\u00edan unas 40.000 mamograf\u00edas al a\u00f1o para obtener una dosis significativa\", afirma Petersen.<\/p>\n<p>Los beneficios de hacerse mamograf\u00edas superan cualquier riesgo porque ayudan a su m\u00e9dico a detectar antes los problemas. Y cuanto antes detecten el problema, m\u00e1s probabilidades tendr\u00e1 de recibir el tratamiento que necesita para mejorar.<\/p>\n<p>A muchas pacientes no les gustan las mamograf\u00edas por el dolor que les produce que les aprieten los pechos. Para reducir el dolor, evite programar las mamograf\u00edas durante las <strong><a href=\"https:\/\/www.cancer.org\/cancer\/types\/breast-cancer\/screening-tests-and-early-detection\/mammograms\/mammograms-what-to-know-before-you-go.html#:~:text=Schedule%20your%20mammogram%20for%20when%20your%C2%A0breasts%20aren%27t%20likely%20to%20be%20tender%20or%20swollen%2C%20to%20help%20reduce%20discomfort%20and%20get%20good%C2%A0pictures.%20Try%20to%20avoid%20the%20week%20just%20before%20your%20period.\">semana antes de la menstruaci\u00f3n<\/a><\/strong>. Es entonces cuando tus pechos est\u00e1n m\u00e1s sensibles. Y recuerda que el dolor dura solo unos segundos.<\/p>\n<h2>\u00bfY si no tengo seguro y no puedo permitirme una mamograf\u00eda?<\/h2>\n<p>Aunque crea que no puede permitirse una mamograf\u00eda, hay opciones.<\/p>\n<p>Por ejemplo, SBH Health System ofrece servicios gratuitos de mamograf\u00eda m\u00f3vil. La unidad m\u00f3vil de mamograf\u00eda permite a SBH acercar el cribado a las pacientes.<\/p>\n<p>\"Tenemos el programa de mamograf\u00eda m\u00f3vil, que llega a todos los c\u00f3digos postales del Bronx\", dice la Dra. Petersen.<\/p>\n<p>En <strong><a href=\"https:\/\/www.health.ny.gov\/diseases\/cancer\/services\/\">Programa de Servicios Oncol\u00f3gicos del Estado de Nueva York<\/a><\/strong> tambi\u00e9n ofrece pruebas gratuitas de detecci\u00f3n del c\u00e1ncer de mama.<\/p>\n<p>Hacerse mamograf\u00edas es importante, pero la calidad de la atenci\u00f3n tambi\u00e9n lo es. Y para ofrecer una atenci\u00f3n de calidad, los m\u00e9dicos deben escuchar a los pacientes y comprender sus necesidades. Por eso SBH utiliza dispositivos de traducci\u00f3n para facilitar las conversaciones con los pacientes que hablan espa\u00f1ol u otros idiomas.<\/p>\n<h2>Programe hoy mismo su mamograf\u00eda<\/h2>\n<p>Recuerde que no puede cuidar de sus seres queridos si antes no cuida de s\u00ed misma. As\u00ed que haga de su salud una prioridad y programe su mamograf\u00eda hoy mismo.<\/p>\n<p>Para m\u00e1s informaci\u00f3n, visite <strong><a href=\"\/es\/our-services\/breast-health\/\">nuestro sitio web<\/a><\/strong> Llame a <strong><a href=\"\/es\/Tel\u00e9fono: 7189603730\/\">(718) 960-3730 <\/a><\/strong>para concertar una cita.<\/p>\n  <\/div>\n<\/section>","protected":false},"excerpt":{"rendered":"","protected":false},"author":2,"featured_media":0,"parent":0,"menu_order":0,"comment_status":"closed","ping_status":"closed","template":"","meta":{"_acf_changed":true,"_eb_attr":"","_price":"","_stock":"","_tribe_ticket_header":"","_tribe_default_ticket_provider":"","_tribe_ticket_capacity":"0","_ticket_start_date":"","_ticket_end_date":"","_tribe_ticket_show_description":"","_tribe_ticket_show_not_going":false,"_tribe_ticket_use_global_stock":"","_tribe_ticket_global_stock_level":"","_global_stock_mode":"","_global_stock_cap":"","_tribe_rsvp_for_event":"","_tribe_ticket_going_count":"","_tribe_ticket_not_going_count":"","_tribe_tickets_list":"[]","_tribe_ticket_has_attendee_info_fields":false,"footnotes":""},"class_list":["post-5272","page","type-page","status-publish","hentry"],"acf":[],"yoast_head":"<!-- This site is optimized with the Yoast SEO plugin v26.5 - https:\/\/yoast.com\/wordpress\/plugins\/seo\/ -->\n<title>Breast health: 4 common concerns and myths - SBH Health System<\/title>\n<meta name=\"robots\" content=\"index, follow, max-snippet:-1, max-image-preview:large, max-video-preview:-1\" \/>\n<link rel=\"canonical\" href=\"https:\/\/www.sbhny.org\/es\/breast-health-4-common-concerns-and-myths\/\" \/>\n<meta property=\"og:locale\" content=\"es_MX\" \/>\n<meta property=\"og:type\" content=\"article\" \/>\n<meta property=\"og:title\" content=\"Breast health: 4 common concerns and myths - SBH Health System\" \/>\n<meta property=\"og:url\" content=\"https:\/\/www.sbhny.org\/es\/breast-health-4-common-concerns-and-myths\/\" \/>\n<meta property=\"og:site_name\" content=\"SBH Health System\" \/>\n<meta property=\"article:publisher\" content=\"https:\/\/www.facebook.com\/SBHBronx\/\" \/>\n<meta property=\"article:modified_time\" content=\"2024-10-16T13:56:38+00:00\" \/>\n<meta name=\"twitter:card\" content=\"summary_large_image\" \/>\n<meta name=\"twitter:site\" content=\"@sbhbronx\" \/>\n<script type=\"application\/ld+json\" class=\"yoast-schema-graph\">{\"@context\":\"https:\/\/schema.org\",\"@graph\":[{\"@type\":\"WebPage\",\"@id\":\"https:\/\/www.sbhny.org\/breast-health-4-common-concerns-and-myths\/\",\"url\":\"https:\/\/www.sbhny.org\/breast-health-4-common-concerns-and-myths\/\",\"name\":\"Breast health: 4 common concerns and myths - SBH Health System\",\"isPartOf\":{\"@id\":\"https:\/\/www.sbhny.org\/#website\"},\"datePublished\":\"2024-09-30T15:36:43+00:00\",\"dateModified\":\"2024-10-16T13:56:38+00:00\",\"breadcrumb\":{\"@id\":\"https:\/\/www.sbhny.org\/breast-health-4-common-concerns-and-myths\/#breadcrumb\"},\"inLanguage\":\"es\",\"potentialAction\":[{\"@type\":\"ReadAction\",\"target\":[\"https:\/\/www.sbhny.org\/breast-health-4-common-concerns-and-myths\/\"]}]},{\"@type\":\"BreadcrumbList\",\"@id\":\"https:\/\/www.sbhny.org\/breast-health-4-common-concerns-and-myths\/#breadcrumb\",\"itemListElement\":[{\"@type\":\"ListItem\",\"position\":1,\"name\":\"Home\",\"item\":\"https:\/\/www.sbhny.org\/\"},{\"@type\":\"ListItem\",\"position\":2,\"name\":\"Breast health: 4 common concerns and myths\"}]},{\"@type\":\"WebSite\",\"@id\":\"https:\/\/www.sbhny.org\/#website\",\"url\":\"https:\/\/www.sbhny.org\/\",\"name\":\"SBH Health System\",\"description\":\"\",\"potentialAction\":[{\"@type\":\"SearchAction\",\"target\":{\"@type\":\"EntryPoint\",\"urlTemplate\":\"https:\/\/www.sbhny.org\/?s={search_term_string}\"},\"query-input\":{\"@type\":\"PropertyValueSpecification\",\"valueRequired\":true,\"valueName\":\"search_term_string\"}}],\"inLanguage\":\"es\"}]}<\/script>\n<!-- \/ Yoast SEO plugin. -->","yoast_head_json":{"title":"Breast health: 4 common concerns and myths - SBH Health System","robots":{"index":"index","follow":"follow","max-snippet":"max-snippet:-1","max-image-preview":"max-image-preview:large","max-video-preview":"max-video-preview:-1"},"canonical":"https:\/\/www.sbhny.org\/es\/breast-health-4-common-concerns-and-myths\/","og_locale":"es_MX","og_type":"article","og_title":"Breast health: 4 common concerns and myths - SBH Health System","og_url":"https:\/\/www.sbhny.org\/es\/breast-health-4-common-concerns-and-myths\/","og_site_name":"SBH Health System","article_publisher":"https:\/\/www.facebook.com\/SBHBronx\/","article_modified_time":"2024-10-16T13:56:38+00:00","twitter_card":"summary_large_image","twitter_site":"@sbhbronx","schema":{"@context":"https:\/\/schema.org","@graph":[{"@type":"WebPage","@id":"https:\/\/www.sbhny.org\/breast-health-4-common-concerns-and-myths\/","url":"https:\/\/www.sbhny.org\/breast-health-4-common-concerns-and-myths\/","name":"Breast health: 4 common concerns and myths - SBH Health System","isPartOf":{"@id":"https:\/\/www.sbhny.org\/#website"},"datePublished":"2024-09-30T15:36:43+00:00","dateModified":"2024-10-16T13:56:38+00:00","breadcrumb":{"@id":"https:\/\/www.sbhny.org\/breast-health-4-common-concerns-and-myths\/#breadcrumb"},"inLanguage":"es","potentialAction":[{"@type":"ReadAction","target":["https:\/\/www.sbhny.org\/breast-health-4-common-concerns-and-myths\/"]}]},{"@type":"BreadcrumbList","@id":"https:\/\/www.sbhny.org\/breast-health-4-common-concerns-and-myths\/#breadcrumb","itemListElement":[{"@type":"ListItem","position":1,"name":"Home","item":"https:\/\/www.sbhny.org\/"},{"@type":"ListItem","position":2,"name":"Breast health: 4 common concerns and myths"}]},{"@type":"WebSite","@id":"https:\/\/www.sbhny.org\/#website","url":"https:\/\/www.sbhny.org\/","name":"Sistema de Salud SBH","description":"","potentialAction":[{"@type":"SearchAction","target":{"@type":"EntryPoint","urlTemplate":"https:\/\/www.sbhny.org\/?s={search_term_string}"},"query-input":{"@type":"PropertyValueSpecification","valueRequired":true,"valueName":"search_term_string"}}],"inLanguage":"es"}]}},"_links":{"self":[{"href":"https:\/\/www.sbhny.org\/es\/wp-json\/wp\/v2\/pages\/5272","targetHints":{"allow":["GET"]}}],"collection":[{"href":"https:\/\/www.sbhny.org\/es\/wp-json\/wp\/v2\/pages"}],"about":[{"href":"https:\/\/www.sbhny.org\/es\/wp-json\/wp\/v2\/types\/page"}],"author":[{"embeddable":true,"href":"https:\/\/www.sbhny.org\/es\/wp-json\/wp\/v2\/users\/2"}],"replies":[{"embeddable":true,"href":"https:\/\/www.sbhny.org\/es\/wp-json\/wp\/v2\/comments?post=5272"}],"version-history":[{"count":0,"href":"https:\/\/www.sbhny.org\/es\/wp-json\/wp\/v2\/pages\/5272\/revisions"}],"wp:attachment":[{"href":"https:\/\/www.sbhny.org\/es\/wp-json\/wp\/v2\/media?parent=5272"}],"curies":[{"name":"wp","href":"https:\/\/api.w.org\/{rel}","templated":true}]}}