{"id":5279,"date":"2024-09-30T15:45:12","date_gmt":"2024-09-30T15:45:12","guid":{"rendered":"https:\/\/sbhny.wpenginepowered.com\/?page_id=5279"},"modified":"2024-09-30T15:49:15","modified_gmt":"2024-09-30T15:49:15","slug":"help-your-child-see-their-best-so-they-can-learn-their-best","status":"publish","type":"page","link":"https:\/\/www.sbhny.org\/es\/help-your-child-see-their-best-so-they-can-learn-their-best\/","title":{"rendered":"Ayude a su hijo a ver lo mejor de s\u00ed mismo para que aprenda lo mejor posible"},"content":{"rendered":"<section class=\"image-twocol-hero background-image\">\n  <div class=\"max-width standard-spacing twocol-row\">\n\n          <div class=\"image-col twocol-col\" style=\"background-image: url('https:\/\/www.sbhny.org\/wp-content\/uploads\/2024\/09\/Eye-Care-s.jpg');\"><\/div>\n    \n\n    <div class=\"content-col twocol-col\">\n              <h1 class=\"main-heading\">Ayude a su hijo a ver lo mejor de s\u00ed mismo para que aprenda lo mejor posible<\/h1>\n            <div class=\"body-copy\">\n              <\/div>\n      \n        \n      \n          <\/div>\n  <\/div>\n<\/section>\n\n<section class=\"text-block white-background\">\n  <div class=\"small-max-width standard-spacing body-copy\">\n    <p>Usted quiere dar a su hijo la mejor educaci\u00f3n posible. Pero su capacidad de aprendizaje depende de su visi\u00f3n. Por eso es importante revisar su vista al principio de cada curso escolar.<\/p>\n<p>Los ni\u00f1os necesitan revisiones oculares peri\u00f3dicas porque a\u00fan est\u00e1n creciendo, afirma el Director de Optometr\u00eda del SBH Health System <strong><a href=\"\/es\/doctors\/rebecca-moran\/\">Rebecca Moran, OD<\/a><\/strong>. De hecho, la visi\u00f3n no se desarrolla completamente hasta los 7 a\u00f1os. Esto significa que, aunque su hijo ya lleve gafas, puede necesitar una graduaci\u00f3n actualizada cada a\u00f1o. O puede necesitar gafas este a\u00f1o aunque no las necesitara el a\u00f1o pasado.<\/p>\n<p>Es importante que los ni\u00f1os lleven gafas cuando son peque\u00f1os, dice el Dr. Moran. Los ni\u00f1os con problemas de visi\u00f3n que no se tratan antes de los 7 a\u00f1os pueden acabar con una mala visi\u00f3n permanente.<\/p>\n<p>Tambi\u00e9n es importante saber que los ni\u00f1os no siempre explican bien los problemas de visi\u00f3n. \"Pueden decir que ven bien, pero cuando vienen a la revisi\u00f3n no pueden leer las letras m\u00e1s grandes del examen\", dice el Dr. Moran.<\/p>\n<h2>Signos de que su hijo puede necesitar gafas<\/h2>\n<p>Algunos ni\u00f1os pueden decirte que la pizarra del colegio se ve borrosa o que las palabras de un libro no son claras. Pero otros pueden pensar que ven igual que los dem\u00e1s y no darse cuenta de que es un problema. En estos casos, hay que tener en cuenta algunos signos que pueden indicar que ha llegado el momento de llevar a tu hijo al oftalm\u00f3logo.<\/p>\n<p>Algunas de ellas son:<\/p>\n<p>- Entrecerrar los ojos<br \/>\n- Frotarse los ojos<br \/>\n- Girar la cabeza a menudo para mirar algo<br \/>\n- No quieren leer o dicen que les duele la cabeza cuando leen<\/p>\n<h2>Nuestros expertos pueden ayudarle<\/h2>\n<p>Aunque son muchos los beneficios de las revisiones oculares peri\u00f3dicas, el principal es ayudar a su hijo a ver mejor.<\/p>\n<p>Las gafas pueden ayudar a los ni\u00f1os con todo tipo de problemas de visi\u00f3n, desde corregir la alineaci\u00f3n hasta tratar la miop\u00eda o el astigmatismo (un problema frecuente que hace que la forma del ojo sea m\u00e1s curva de lo que deber\u00eda).<\/p>\n<p>\"Cuando los ni\u00f1os necesitan una receta para gafas, la necesitan\", dice el Dr. Moran. \"No se las dar\u00edamos si no las necesitaran. Quieres que tu hijo lleve las gafas para que vea lo mejor posible y, por tanto, aprenda lo mejor posible.\"<\/p>\n<p><strong><a href=\"\/es\/find-a-doctor\/\"><em>Encontrar un oftalm\u00f3logo<\/em><\/a><\/strong>.<\/p>\n  <\/div>\n<\/section>","protected":false},"excerpt":{"rendered":"","protected":false},"author":2,"featured_media":0,"parent":0,"menu_order":0,"comment_status":"closed","ping_status":"closed","template":"","meta":{"_acf_changed":false,"_eb_attr":"","_price":"","_stock":"","_tribe_ticket_header":"","_tribe_default_ticket_provider":"","_tribe_ticket_capacity":"0","_ticket_start_date":"","_ticket_end_date":"","_tribe_ticket_show_description":"","_tribe_ticket_show_not_going":false,"_tribe_ticket_use_global_stock":"","_tribe_ticket_global_stock_level":"","_global_stock_mode":"","_global_stock_cap":"","_tribe_rsvp_for_event":"","_tribe_ticket_going_count":"","_tribe_ticket_not_going_count":"","_tribe_tickets_list":"[]","_tribe_ticket_has_attendee_info_fields":false,"footnotes":""},"class_list":["post-5279","page","type-page","status-publish","hentry"],"acf":[],"yoast_head":"<!-- This site is optimized with the Yoast SEO plugin v26.5 - https:\/\/yoast.com\/wordpress\/plugins\/seo\/ -->\n<title>Help your child see their best so they can learn their best - SBH Health System<\/title>\n<meta name=\"robots\" content=\"index, follow, max-snippet:-1, max-image-preview:large, max-video-preview:-1\" \/>\n<link rel=\"canonical\" href=\"https:\/\/www.sbhny.org\/es\/help-your-child-see-their-best-so-they-can-learn-their-best\/\" \/>\n<meta property=\"og:locale\" content=\"es_MX\" \/>\n<meta property=\"og:type\" content=\"article\" \/>\n<meta property=\"og:title\" content=\"Help your child see their best so they can learn their best - SBH Health System\" \/>\n<meta property=\"og:url\" content=\"https:\/\/www.sbhny.org\/es\/help-your-child-see-their-best-so-they-can-learn-their-best\/\" \/>\n<meta property=\"og:site_name\" content=\"SBH Health System\" \/>\n<meta property=\"article:publisher\" content=\"https:\/\/www.facebook.com\/SBHBronx\/\" \/>\n<meta property=\"article:modified_time\" content=\"2024-09-30T15:49:15+00:00\" \/>\n<meta name=\"twitter:card\" content=\"summary_large_image\" \/>\n<meta name=\"twitter:site\" content=\"@sbhbronx\" \/>\n<script type=\"application\/ld+json\" class=\"yoast-schema-graph\">{\"@context\":\"https:\/\/schema.org\",\"@graph\":[{\"@type\":\"WebPage\",\"@id\":\"https:\/\/www.sbhny.org\/help-your-child-see-their-best-so-they-can-learn-their-best\/\",\"url\":\"https:\/\/www.sbhny.org\/help-your-child-see-their-best-so-they-can-learn-their-best\/\",\"name\":\"Help your child see their best so they can learn their best - SBH Health System\",\"isPartOf\":{\"@id\":\"https:\/\/www.sbhny.org\/#website\"},\"datePublished\":\"2024-09-30T15:45:12+00:00\",\"dateModified\":\"2024-09-30T15:49:15+00:00\",\"breadcrumb\":{\"@id\":\"https:\/\/www.sbhny.org\/help-your-child-see-their-best-so-they-can-learn-their-best\/#breadcrumb\"},\"inLanguage\":\"es\",\"potentialAction\":[{\"@type\":\"ReadAction\",\"target\":[\"https:\/\/www.sbhny.org\/help-your-child-see-their-best-so-they-can-learn-their-best\/\"]}]},{\"@type\":\"BreadcrumbList\",\"@id\":\"https:\/\/www.sbhny.org\/help-your-child-see-their-best-so-they-can-learn-their-best\/#breadcrumb\",\"itemListElement\":[{\"@type\":\"ListItem\",\"position\":1,\"name\":\"Home\",\"item\":\"https:\/\/www.sbhny.org\/\"},{\"@type\":\"ListItem\",\"position\":2,\"name\":\"Help your child see their best so they can learn their best\"}]},{\"@type\":\"WebSite\",\"@id\":\"https:\/\/www.sbhny.org\/#website\",\"url\":\"https:\/\/www.sbhny.org\/\",\"name\":\"SBH Health System\",\"description\":\"\",\"potentialAction\":[{\"@type\":\"SearchAction\",\"target\":{\"@type\":\"EntryPoint\",\"urlTemplate\":\"https:\/\/www.sbhny.org\/?s={search_term_string}\"},\"query-input\":{\"@type\":\"PropertyValueSpecification\",\"valueRequired\":true,\"valueName\":\"search_term_string\"}}],\"inLanguage\":\"es\"}]}<\/script>\n<!-- \/ Yoast SEO plugin. -->","yoast_head_json":{"title":"Help your child see their best so they can learn their best - SBH Health System","robots":{"index":"index","follow":"follow","max-snippet":"max-snippet:-1","max-image-preview":"max-image-preview:large","max-video-preview":"max-video-preview:-1"},"canonical":"https:\/\/www.sbhny.org\/es\/help-your-child-see-their-best-so-they-can-learn-their-best\/","og_locale":"es_MX","og_type":"article","og_title":"Help your child see their best so they can learn their best - SBH Health System","og_url":"https:\/\/www.sbhny.org\/es\/help-your-child-see-their-best-so-they-can-learn-their-best\/","og_site_name":"SBH Health System","article_publisher":"https:\/\/www.facebook.com\/SBHBronx\/","article_modified_time":"2024-09-30T15:49:15+00:00","twitter_card":"summary_large_image","twitter_site":"@sbhbronx","schema":{"@context":"https:\/\/schema.org","@graph":[{"@type":"WebPage","@id":"https:\/\/www.sbhny.org\/help-your-child-see-their-best-so-they-can-learn-their-best\/","url":"https:\/\/www.sbhny.org\/help-your-child-see-their-best-so-they-can-learn-their-best\/","name":"Help your child see their best so they can learn their best - SBH Health System","isPartOf":{"@id":"https:\/\/www.sbhny.org\/#website"},"datePublished":"2024-09-30T15:45:12+00:00","dateModified":"2024-09-30T15:49:15+00:00","breadcrumb":{"@id":"https:\/\/www.sbhny.org\/help-your-child-see-their-best-so-they-can-learn-their-best\/#breadcrumb"},"inLanguage":"es","potentialAction":[{"@type":"ReadAction","target":["https:\/\/www.sbhny.org\/help-your-child-see-their-best-so-they-can-learn-their-best\/"]}]},{"@type":"BreadcrumbList","@id":"https:\/\/www.sbhny.org\/help-your-child-see-their-best-so-they-can-learn-their-best\/#breadcrumb","itemListElement":[{"@type":"ListItem","position":1,"name":"Home","item":"https:\/\/www.sbhny.org\/"},{"@type":"ListItem","position":2,"name":"Help your child see their best so they can learn their best"}]},{"@type":"WebSite","@id":"https:\/\/www.sbhny.org\/#website","url":"https:\/\/www.sbhny.org\/","name":"Sistema de Salud SBH","description":"","potentialAction":[{"@type":"SearchAction","target":{"@type":"EntryPoint","urlTemplate":"https:\/\/www.sbhny.org\/?s={search_term_string}"},"query-input":{"@type":"PropertyValueSpecification","valueRequired":true,"valueName":"search_term_string"}}],"inLanguage":"es"}]}},"_links":{"self":[{"href":"https:\/\/www.sbhny.org\/es\/wp-json\/wp\/v2\/pages\/5279","targetHints":{"allow":["GET"]}}],"collection":[{"href":"https:\/\/www.sbhny.org\/es\/wp-json\/wp\/v2\/pages"}],"about":[{"href":"https:\/\/www.sbhny.org\/es\/wp-json\/wp\/v2\/types\/page"}],"author":[{"embeddable":true,"href":"https:\/\/www.sbhny.org\/es\/wp-json\/wp\/v2\/users\/2"}],"replies":[{"embeddable":true,"href":"https:\/\/www.sbhny.org\/es\/wp-json\/wp\/v2\/comments?post=5279"}],"version-history":[{"count":0,"href":"https:\/\/www.sbhny.org\/es\/wp-json\/wp\/v2\/pages\/5279\/revisions"}],"wp:attachment":[{"href":"https:\/\/www.sbhny.org\/es\/wp-json\/wp\/v2\/media?parent=5279"}],"curies":[{"name":"wp","href":"https:\/\/api.w.org\/{rel}","templated":true}]}}