{"id":5290,"date":"2024-09-30T16:29:18","date_gmt":"2024-09-30T16:29:18","guid":{"rendered":"https:\/\/sbhny.wpenginepowered.com\/?page_id=5290"},"modified":"2024-09-30T16:31:38","modified_gmt":"2024-09-30T16:31:38","slug":"dont-let-the-flu-get-you-down-this-winter","status":"publish","type":"page","link":"https:\/\/www.sbhny.org\/es\/dont-let-the-flu-get-you-down-this-winter\/","title":{"rendered":"No dejes que la gripe te deprima este invierno"},"content":{"rendered":"<section class=\"image-twocol-hero background-image\">\n  <div class=\"max-width standard-spacing twocol-row\">\n\n          <div class=\"image-col twocol-col\" style=\"background-image: url('https:\/\/www.sbhny.org\/wp-content\/uploads\/2024\/09\/Flu-picture-r.jpg');\"><\/div>\n    \n\n    <div class=\"content-col twocol-col\">\n              <h1 class=\"main-heading\">No dejes que la gripe te deprima este invierno<\/h1>\n            <div class=\"body-copy\">\n              <\/div>\n      \n        \n      \n          <\/div>\n  <\/div>\n<\/section>\n\n<section class=\"text-block white-background\">\n  <div class=\"small-max-width standard-spacing body-copy\">\n    <p>Estamos en plena temporada de gripe y resfriados, pero si a\u00fan no se ha vacunado contra la gripe, todav\u00eda est\u00e1 a tiempo.<\/p>\n<p>\"Es importante vacunarse contra la nueva gripe cada a\u00f1o porque el virus cambia\", afirma Ardita Sopi, Directora de Servicios de Salud Laboral de SBH Health. \"Cada nueva vacuna se dirige a las cepas de la gripe con m\u00e1s probabilidades de estar circulando\".<\/p>\n<p>La gripe puede causar enfermedades graves, sobre todo a las personas mayores, los beb\u00e9s y las personas cuyo sistema inmunitario no es el m\u00e1s fuerte. La mejor manera de protegerse es con una vacuna. Puede vacunarse contra la gripe en SBH Health System Urgent Care by ModernMD por $25 o a trav\u00e9s de su proveedor de atenci\u00f3n primaria. La mayor\u00eda de los planes de seguro, incluyendo Medicare y Medicaid, cubren el costo.<\/p>\n<h2>La gripe frente al resfriado<\/h2>\n<p>Si enfermas, saber lo que tienes puede ayudarte a aliviarte antes. Y a veces puede ser dif\u00edcil saberlo. Tanto la gripe como los resfriados est\u00e1n causados por virus y ambos afectan a las v\u00edas respiratorias. Sin embargo, aunque comparten muchos s\u00edntomas, existen algunas diferencias clave.<\/p>\n<p>Por ejemplo, el dolor de cabeza no es un s\u00edntoma t\u00edpico del resfriado. Tampoco lo son los dolores corporales, la fatiga, los v\u00f3mitos o la diarrea. Pero todos ellos son s\u00edntomas comunes de la gripe. En cambio, si tienes la nariz taponada o gotea, estornudas o tienes los ojos llorosos, probablemente est\u00e9s resfriado.<\/p>\n<h2>Tome medidas para protegerse<\/h2>\n<p>Adem\u00e1s de la vacuna antigripal, hay otras medidas preventivas que puede tomar para protegerse de la enfermedad, entre ellas:<\/p>\n<ul>\n<li>Limpiar con frecuencia las superficies, como las encimeras de la cocina y los lavabos del ba\u00f1o.<\/li>\n<li>Cubrirse la nariz y la boca al toser<\/li>\n<li>Lavarse las manos a menudo<\/li>\n<\/ul>\n<p><em><strong><a href=\"\/es\/our-services\/primary-care\/\">Vac\u00fanese contra la gripe hoy mismo.<\/a><\/strong><\/em><\/p>\n  <\/div>\n<\/section>","protected":false},"excerpt":{"rendered":"","protected":false},"author":2,"featured_media":0,"parent":0,"menu_order":0,"comment_status":"closed","ping_status":"closed","template":"","meta":{"_acf_changed":true,"_eb_attr":"","_price":"","_stock":"","_tribe_ticket_header":"","_tribe_default_ticket_provider":"","_tribe_ticket_capacity":"0","_ticket_start_date":"","_ticket_end_date":"","_tribe_ticket_show_description":"","_tribe_ticket_show_not_going":false,"_tribe_ticket_use_global_stock":"","_tribe_ticket_global_stock_level":"","_global_stock_mode":"","_global_stock_cap":"","_tribe_rsvp_for_event":"","_tribe_ticket_going_count":"","_tribe_ticket_not_going_count":"","_tribe_tickets_list":"[]","_tribe_ticket_has_attendee_info_fields":false,"footnotes":""},"class_list":["post-5290","page","type-page","status-publish","hentry"],"acf":[],"yoast_head":"<!-- This site is optimized with the Yoast SEO plugin v26.5 - https:\/\/yoast.com\/wordpress\/plugins\/seo\/ -->\n<title>Don\u2019t let the flu get you down this winter - SBH Health System<\/title>\n<meta name=\"robots\" content=\"index, follow, max-snippet:-1, max-image-preview:large, max-video-preview:-1\" \/>\n<link rel=\"canonical\" href=\"https:\/\/www.sbhny.org\/es\/dont-let-the-flu-get-you-down-this-winter\/\" \/>\n<meta property=\"og:locale\" content=\"es_MX\" \/>\n<meta property=\"og:type\" content=\"article\" \/>\n<meta property=\"og:title\" content=\"Don\u2019t let the flu get you down this winter - SBH Health System\" \/>\n<meta property=\"og:url\" content=\"https:\/\/www.sbhny.org\/es\/dont-let-the-flu-get-you-down-this-winter\/\" \/>\n<meta property=\"og:site_name\" content=\"SBH Health System\" \/>\n<meta property=\"article:publisher\" content=\"https:\/\/www.facebook.com\/SBHBronx\/\" \/>\n<meta property=\"article:modified_time\" content=\"2024-09-30T16:31:38+00:00\" \/>\n<meta name=\"twitter:card\" content=\"summary_large_image\" \/>\n<meta name=\"twitter:site\" content=\"@sbhbronx\" \/>\n<script type=\"application\/ld+json\" class=\"yoast-schema-graph\">{\"@context\":\"https:\/\/schema.org\",\"@graph\":[{\"@type\":\"WebPage\",\"@id\":\"https:\/\/www.sbhny.org\/dont-let-the-flu-get-you-down-this-winter\/\",\"url\":\"https:\/\/www.sbhny.org\/dont-let-the-flu-get-you-down-this-winter\/\",\"name\":\"Don\u2019t let the flu get you down this winter - SBH Health System\",\"isPartOf\":{\"@id\":\"https:\/\/www.sbhny.org\/#website\"},\"datePublished\":\"2024-09-30T16:29:18+00:00\",\"dateModified\":\"2024-09-30T16:31:38+00:00\",\"breadcrumb\":{\"@id\":\"https:\/\/www.sbhny.org\/dont-let-the-flu-get-you-down-this-winter\/#breadcrumb\"},\"inLanguage\":\"es\",\"potentialAction\":[{\"@type\":\"ReadAction\",\"target\":[\"https:\/\/www.sbhny.org\/dont-let-the-flu-get-you-down-this-winter\/\"]}]},{\"@type\":\"BreadcrumbList\",\"@id\":\"https:\/\/www.sbhny.org\/dont-let-the-flu-get-you-down-this-winter\/#breadcrumb\",\"itemListElement\":[{\"@type\":\"ListItem\",\"position\":1,\"name\":\"Home\",\"item\":\"https:\/\/www.sbhny.org\/\"},{\"@type\":\"ListItem\",\"position\":2,\"name\":\"Don\u2019t let the flu get you down this winter\"}]},{\"@type\":\"WebSite\",\"@id\":\"https:\/\/www.sbhny.org\/#website\",\"url\":\"https:\/\/www.sbhny.org\/\",\"name\":\"SBH Health System\",\"description\":\"\",\"potentialAction\":[{\"@type\":\"SearchAction\",\"target\":{\"@type\":\"EntryPoint\",\"urlTemplate\":\"https:\/\/www.sbhny.org\/?s={search_term_string}\"},\"query-input\":{\"@type\":\"PropertyValueSpecification\",\"valueRequired\":true,\"valueName\":\"search_term_string\"}}],\"inLanguage\":\"es\"}]}<\/script>\n<!-- \/ Yoast SEO plugin. -->","yoast_head_json":{"title":"Don\u2019t let the flu get you down this winter - SBH Health System","robots":{"index":"index","follow":"follow","max-snippet":"max-snippet:-1","max-image-preview":"max-image-preview:large","max-video-preview":"max-video-preview:-1"},"canonical":"https:\/\/www.sbhny.org\/es\/dont-let-the-flu-get-you-down-this-winter\/","og_locale":"es_MX","og_type":"article","og_title":"Don\u2019t let the flu get you down this winter - SBH Health System","og_url":"https:\/\/www.sbhny.org\/es\/dont-let-the-flu-get-you-down-this-winter\/","og_site_name":"SBH Health System","article_publisher":"https:\/\/www.facebook.com\/SBHBronx\/","article_modified_time":"2024-09-30T16:31:38+00:00","twitter_card":"summary_large_image","twitter_site":"@sbhbronx","schema":{"@context":"https:\/\/schema.org","@graph":[{"@type":"WebPage","@id":"https:\/\/www.sbhny.org\/dont-let-the-flu-get-you-down-this-winter\/","url":"https:\/\/www.sbhny.org\/dont-let-the-flu-get-you-down-this-winter\/","name":"Don\u2019t let the flu get you down this winter - SBH Health System","isPartOf":{"@id":"https:\/\/www.sbhny.org\/#website"},"datePublished":"2024-09-30T16:29:18+00:00","dateModified":"2024-09-30T16:31:38+00:00","breadcrumb":{"@id":"https:\/\/www.sbhny.org\/dont-let-the-flu-get-you-down-this-winter\/#breadcrumb"},"inLanguage":"es","potentialAction":[{"@type":"ReadAction","target":["https:\/\/www.sbhny.org\/dont-let-the-flu-get-you-down-this-winter\/"]}]},{"@type":"BreadcrumbList","@id":"https:\/\/www.sbhny.org\/dont-let-the-flu-get-you-down-this-winter\/#breadcrumb","itemListElement":[{"@type":"ListItem","position":1,"name":"Home","item":"https:\/\/www.sbhny.org\/"},{"@type":"ListItem","position":2,"name":"Don\u2019t let the flu get you down this winter"}]},{"@type":"WebSite","@id":"https:\/\/www.sbhny.org\/#website","url":"https:\/\/www.sbhny.org\/","name":"Sistema de Salud SBH","description":"","potentialAction":[{"@type":"SearchAction","target":{"@type":"EntryPoint","urlTemplate":"https:\/\/www.sbhny.org\/?s={search_term_string}"},"query-input":{"@type":"PropertyValueSpecification","valueRequired":true,"valueName":"search_term_string"}}],"inLanguage":"es"}]}},"_links":{"self":[{"href":"https:\/\/www.sbhny.org\/es\/wp-json\/wp\/v2\/pages\/5290","targetHints":{"allow":["GET"]}}],"collection":[{"href":"https:\/\/www.sbhny.org\/es\/wp-json\/wp\/v2\/pages"}],"about":[{"href":"https:\/\/www.sbhny.org\/es\/wp-json\/wp\/v2\/types\/page"}],"author":[{"embeddable":true,"href":"https:\/\/www.sbhny.org\/es\/wp-json\/wp\/v2\/users\/2"}],"replies":[{"embeddable":true,"href":"https:\/\/www.sbhny.org\/es\/wp-json\/wp\/v2\/comments?post=5290"}],"version-history":[{"count":0,"href":"https:\/\/www.sbhny.org\/es\/wp-json\/wp\/v2\/pages\/5290\/revisions"}],"wp:attachment":[{"href":"https:\/\/www.sbhny.org\/es\/wp-json\/wp\/v2\/media?parent=5290"}],"curies":[{"name":"wp","href":"https:\/\/api.w.org\/{rel}","templated":true}]}}