{"id":5409,"date":"2024-10-01T16:11:59","date_gmt":"2024-10-01T16:11:59","guid":{"rendered":"https:\/\/sbhny.wpenginepowered.com\/?page_id=5409"},"modified":"2024-10-01T16:37:30","modified_gmt":"2024-10-01T16:37:30","slug":"choosing-a-hospital-for-your-special-delivery","status":"publish","type":"page","link":"https:\/\/www.sbhny.org\/es\/choosing-a-hospital-for-your-special-delivery\/","title":{"rendered":"Elegir un hospital para su parto especial"},"content":{"rendered":"<section class=\"image-twocol-hero background-image\">\n  <div class=\"max-width standard-spacing twocol-row\">\n\n          <div class=\"image-col twocol-col\" style=\"background-image: url('https:\/\/www.sbhny.org\/wp-content\/uploads\/2024\/09\/OB-s.jpg');\"><\/div>\n    \n\n    <div class=\"content-col twocol-col\">\n              <h1 class=\"main-heading\">Elegir un hospital para su parto especial<\/h1>\n            <div class=\"body-copy\">\n        <p>Cuando est\u00e1s esperando un beb\u00e9, puede que sientas que hay un mill\u00f3n de cosas que tienes que hacer antes de que nazca.<\/p>\n      <\/div>\n      \n        \n      \n          <\/div>\n  <\/div>\n<\/section>\n\n<section class=\"text-block white-background\">\n  <div class=\"small-max-width standard-spacing body-copy\">\n    <p>La lista es larga y puede resultar abrumadora: desde tomar las vitaminas prenatales y aprender sobre el parto hasta comprar un cochecito y abastecerse de pa\u00f1ales. No olvides elegir el hospital donde dar\u00e1s a luz. De hecho, deber\u00eda incluirlo en el primer lugar de su lista de tareas importantes. (En alg\u00fan lugar justo por debajo de acudir a las citas prenatales y justo por encima de elegir pediatra, quiz\u00e1s).<\/p>\n<p>Es una lista de comprobaci\u00f3n que puede marcar la diferencia en la sala de partos. Y dar comienzo a toda una vida de primeras experiencias con el miembro m\u00e1s peque\u00f1o de la familia.<\/p>\n<h2><span class=\"TextRun SCXW228785406 BCX9\" lang=\"EN-US\" xml:lang=\"EN-US\" data-contrast=\"auto\"><span class=\"NormalTextRun SCXW228785406 BCX9\" data-ccp-parastyle=\"heading 2\">Qu\u00e9 buscar en una maternidad<\/span><\/span><\/h2>\n<p><span data-contrast=\"auto\">Hay varios factores que debes tener en cuenta al elegir el hospital donde dar\u00e1s a luz:<\/span><span data-ccp-props=\"{}\">\u00a0<\/span><span data-ccp-props=\"{}\">\u00a0<\/span><\/p>\n<ul>\n<li data-leveltext=\"\uf0b7\" data-font=\"Symbol\" data-listid=\"18\" data-list-defn-props=\"{&quot;335552541&quot;:1,&quot;335559684&quot;:-2,&quot;335559685&quot;:720,&quot;335559991&quot;:360,&quot;469769226&quot;:&quot;Symbol&quot;,&quot;469769242&quot;:[8226],&quot;469777803&quot;:&quot;left&quot;,&quot;469777804&quot;:&quot;\uf0b7&quot;,&quot;469777815&quot;:&quot;hybridMultilevel&quot;}\" aria-setsize=\"-1\" data-aria-posinset=\"1\" data-aria-level=\"1\"><b><span data-contrast=\"auto\">Distancia de viaje <\/span><\/b><span data-contrast=\"auto\">puede afectar a tu decisi\u00f3n sobre el hospital. No querr\u00e1s preocuparte por tener que ir lejos o luchar contra el tr\u00e1fico cuando tu beb\u00e9 est\u00e9 en camino.<\/span><span data-ccp-props=\"{}\">\u00a0<\/span><\/li>\n<\/ul>\n<ul>\n<li data-leveltext=\"\uf0b7\" data-font=\"Symbol\" data-listid=\"18\" data-list-defn-props=\"{&quot;335552541&quot;:1,&quot;335559684&quot;:-2,&quot;335559685&quot;:720,&quot;335559991&quot;:360,&quot;469769226&quot;:&quot;Symbol&quot;,&quot;469769242&quot;:[8226],&quot;469777803&quot;:&quot;left&quot;,&quot;469777804&quot;:&quot;\uf0b7&quot;,&quot;469777815&quot;:&quot;hybridMultilevel&quot;}\" aria-setsize=\"-1\" data-aria-posinset=\"2\" data-aria-level=\"1\"><b><span data-contrast=\"auto\">Recursos asistenciales adecuados <\/span><\/b><span data-contrast=\"auto\">es otra consideraci\u00f3n importante. Aunque es poco probable que tenga una urgencia durante el parto, es reconfortante saber que el hospital donde va a dar a luz puede hacer frente a cualquier problema que surja, desde un embarazo de alto riesgo hasta un parto prematuro.<\/span><span data-ccp-props=\"{}\">\u00a0<\/span><\/li>\n<\/ul>\n<ul>\n<li data-leveltext=\"\uf0b7\" data-font=\"Symbol\" data-listid=\"18\" data-list-defn-props=\"{&quot;335552541&quot;:1,&quot;335559684&quot;:-2,&quot;335559685&quot;:720,&quot;335559991&quot;:360,&quot;469769226&quot;:&quot;Symbol&quot;,&quot;469769242&quot;:[8226],&quot;469777803&quot;:&quot;left&quot;,&quot;469777804&quot;:&quot;\uf0b7&quot;,&quot;469777815&quot;:&quot;hybridMultilevel&quot;}\" aria-setsize=\"-1\" data-aria-posinset=\"1\" data-aria-level=\"1\"><b><span data-contrast=\"auto\">Su plan de parto<\/span><\/b><span data-contrast=\"auto\"> tambi\u00e9n puede influir en el lugar elegido para dar a luz. \u00bfEst\u00e1s pensando en un parto natural? Querr\u00e1 elegir un hospital que colabore con usted para lograr su objetivo.<\/span><span data-ccp-props=\"{}\">\u00a0<\/span><\/li>\n<\/ul>\n<ul>\n<li data-leveltext=\"\uf0b7\" data-font=\"Symbol\" data-listid=\"18\" data-list-defn-props=\"{&quot;335552541&quot;:1,&quot;335559684&quot;:-2,&quot;335559685&quot;:720,&quot;335559991&quot;:360,&quot;469769226&quot;:&quot;Symbol&quot;,&quot;469769242&quot;:[8226],&quot;469777803&quot;:&quot;left&quot;,&quot;469777804&quot;:&quot;\uf0b7&quot;,&quot;469777815&quot;:&quot;hybridMultilevel&quot;}\" aria-setsize=\"-1\" data-aria-posinset=\"2\" data-aria-level=\"1\"><b><span data-contrast=\"auto\">Alojamientos <\/span><\/b><span data-contrast=\"auto\">tambi\u00e9n puede influir. Quieres sentirte segura y c\u00f3moda cuando traes una nueva vida al mundo. Eso significa una habitaci\u00f3n bien iluminada, cuidadores profesionales y compasivos y un entorno tranquilo.\u00a0<\/span><span data-ccp-props=\"{}\">\u00a0<\/span><\/li>\n<\/ul>\n<p><span data-contrast=\"auto\">Tambi\u00e9n es importante dar prioridad al acceso y la calidad de la asistencia a la hora de decidir d\u00f3nde conocer a su peque\u00f1o por primera vez.<\/span><\/p>\n<h2><span data-contrast=\"auto\"><span class=\"NormalTextRun SCXW74449717 BCX9\" data-ccp-parastyle=\"heading 2\">Elegir <\/span><span class=\"NormalTextRun SCXW74449717 BCX9\" data-ccp-parastyle=\"heading 2\">una mejor experiencia con <\/span><span class=\"NormalTextRun SCXW74449717 BCX9\" data-ccp-parastyle=\"heading 2\">Sistema de Salud SBH<\/span><\/span><\/h2>\n<p><span data-contrast=\"auto\">Cuando se trata de la experiencia del paciente, nadie ofrece mejor que SBH Health System. Nuestros proveedores est\u00e1n bien formados, tienen experiencia y est\u00e1n bien establecidos en la comunidad a la que sirven.\u00a0<\/span><\/p>\n<p><span data-contrast=\"auto\">SBH Health, que ofrece una atenci\u00f3n de tipo conserjer\u00eda cerca de casa, proporciona una atenci\u00f3n personalizada. Por no hablar de la relaci\u00f3n enfermera-paciente de 1 a 1 durante el parto, que no suele ofrecerse en un hospital urbano.<\/span><span data-ccp-props=\"{}\">\u00a0<\/span><\/p>\n<p><span data-contrast=\"auto\">\"Tenemos todo lo que tienen otras instituciones, pero tambi\u00e9n ofrecemos un toque personal\", dice el presidente de Obstetricia y Ginecolog\u00eda del SBH Health System <\/span><strong><a href=\"\/es\/doctors\/mark-a-rosing\/\">Dr. Mark Rosing<\/a><\/strong>. \"Eso es lo que nos diferencia\".<\/p>\n<p><span data-contrast=\"auto\">SBH Health tambi\u00e9n ofrece a los pacientes una atenci\u00f3n continuada sin fisuras y la experiencia de parto m\u00e1s positiva posible.\u00a0<\/span><span data-ccp-props=\"{}\">\u00a0<\/span><\/p>\n<p><span data-contrast=\"auto\">En lugar de apresurar a una paciente para inducirle el parto o practicarle una ces\u00e1rea, por ejemplo, nuestros profesionales dejan que el parto progrese de forma natural, dando a las mujeres el tiempo que quieren -y necesitan- para dar a luz. \"Les animamos a que vivan la experiencia que deseen\", dice el Dr. Rosing. \"Y les damos el tiempo y el apoyo necesarios para hacerlo\".<\/span><span data-ccp-props=\"{}\">\u00a0<\/span><\/p>\n<p><a href=\"\/wp-content\/uploads\/2024\/10\/OB-GYN-Brochure-7X8.5-2.pdf\"><i><strong>M\u00e1s informaci\u00f3n sobre los servicios de parto que ofrecemos<\/strong>.<\/i><\/a><\/p>\n  <\/div>\n<\/section>","protected":false},"excerpt":{"rendered":"","protected":false},"author":2,"featured_media":0,"parent":0,"menu_order":0,"comment_status":"closed","ping_status":"closed","template":"","meta":{"_acf_changed":true,"_eb_attr":"","_price":"","_stock":"","_tribe_ticket_header":"","_tribe_default_ticket_provider":"","_tribe_ticket_capacity":"0","_ticket_start_date":"","_ticket_end_date":"","_tribe_ticket_show_description":"","_tribe_ticket_show_not_going":false,"_tribe_ticket_use_global_stock":"","_tribe_ticket_global_stock_level":"","_global_stock_mode":"","_global_stock_cap":"","_tribe_rsvp_for_event":"","_tribe_ticket_going_count":"","_tribe_ticket_not_going_count":"","_tribe_tickets_list":"[]","_tribe_ticket_has_attendee_info_fields":false,"footnotes":""},"class_list":["post-5409","page","type-page","status-publish","hentry"],"acf":[],"yoast_head":"<!-- This site is optimized with the Yoast SEO plugin v26.5 - https:\/\/yoast.com\/wordpress\/plugins\/seo\/ -->\n<title>Choosing a hospital for your special delivery - SBH Health System<\/title>\n<meta name=\"robots\" content=\"index, follow, max-snippet:-1, max-image-preview:large, max-video-preview:-1\" \/>\n<link rel=\"canonical\" href=\"https:\/\/www.sbhny.org\/es\/choosing-a-hospital-for-your-special-delivery\/\" \/>\n<meta property=\"og:locale\" content=\"es_MX\" \/>\n<meta property=\"og:type\" content=\"article\" \/>\n<meta property=\"og:title\" content=\"Choosing a hospital for your special delivery - SBH Health System\" \/>\n<meta property=\"og:url\" content=\"https:\/\/www.sbhny.org\/es\/choosing-a-hospital-for-your-special-delivery\/\" \/>\n<meta property=\"og:site_name\" content=\"SBH Health System\" \/>\n<meta property=\"article:publisher\" content=\"https:\/\/www.facebook.com\/SBHBronx\/\" \/>\n<meta property=\"article:modified_time\" content=\"2024-10-01T16:37:30+00:00\" \/>\n<meta name=\"twitter:card\" content=\"summary_large_image\" \/>\n<meta name=\"twitter:site\" content=\"@sbhbronx\" \/>\n<script type=\"application\/ld+json\" class=\"yoast-schema-graph\">{\"@context\":\"https:\/\/schema.org\",\"@graph\":[{\"@type\":\"WebPage\",\"@id\":\"https:\/\/www.sbhny.org\/choosing-a-hospital-for-your-special-delivery\/\",\"url\":\"https:\/\/www.sbhny.org\/choosing-a-hospital-for-your-special-delivery\/\",\"name\":\"Choosing a hospital for your special delivery - SBH Health System\",\"isPartOf\":{\"@id\":\"https:\/\/www.sbhny.org\/#website\"},\"datePublished\":\"2024-10-01T16:11:59+00:00\",\"dateModified\":\"2024-10-01T16:37:30+00:00\",\"breadcrumb\":{\"@id\":\"https:\/\/www.sbhny.org\/choosing-a-hospital-for-your-special-delivery\/#breadcrumb\"},\"inLanguage\":\"es\",\"potentialAction\":[{\"@type\":\"ReadAction\",\"target\":[\"https:\/\/www.sbhny.org\/choosing-a-hospital-for-your-special-delivery\/\"]}]},{\"@type\":\"BreadcrumbList\",\"@id\":\"https:\/\/www.sbhny.org\/choosing-a-hospital-for-your-special-delivery\/#breadcrumb\",\"itemListElement\":[{\"@type\":\"ListItem\",\"position\":1,\"name\":\"Home\",\"item\":\"https:\/\/www.sbhny.org\/\"},{\"@type\":\"ListItem\",\"position\":2,\"name\":\"Choosing a hospital for your special delivery\"}]},{\"@type\":\"WebSite\",\"@id\":\"https:\/\/www.sbhny.org\/#website\",\"url\":\"https:\/\/www.sbhny.org\/\",\"name\":\"SBH Health System\",\"description\":\"\",\"potentialAction\":[{\"@type\":\"SearchAction\",\"target\":{\"@type\":\"EntryPoint\",\"urlTemplate\":\"https:\/\/www.sbhny.org\/?s={search_term_string}\"},\"query-input\":{\"@type\":\"PropertyValueSpecification\",\"valueRequired\":true,\"valueName\":\"search_term_string\"}}],\"inLanguage\":\"es\"}]}<\/script>\n<!-- \/ Yoast SEO plugin. -->","yoast_head_json":{"title":"Choosing a hospital for your special delivery - SBH Health System","robots":{"index":"index","follow":"follow","max-snippet":"max-snippet:-1","max-image-preview":"max-image-preview:large","max-video-preview":"max-video-preview:-1"},"canonical":"https:\/\/www.sbhny.org\/es\/choosing-a-hospital-for-your-special-delivery\/","og_locale":"es_MX","og_type":"article","og_title":"Choosing a hospital for your special delivery - SBH Health System","og_url":"https:\/\/www.sbhny.org\/es\/choosing-a-hospital-for-your-special-delivery\/","og_site_name":"SBH Health System","article_publisher":"https:\/\/www.facebook.com\/SBHBronx\/","article_modified_time":"2024-10-01T16:37:30+00:00","twitter_card":"summary_large_image","twitter_site":"@sbhbronx","schema":{"@context":"https:\/\/schema.org","@graph":[{"@type":"WebPage","@id":"https:\/\/www.sbhny.org\/choosing-a-hospital-for-your-special-delivery\/","url":"https:\/\/www.sbhny.org\/choosing-a-hospital-for-your-special-delivery\/","name":"Choosing a hospital for your special delivery - SBH Health System","isPartOf":{"@id":"https:\/\/www.sbhny.org\/#website"},"datePublished":"2024-10-01T16:11:59+00:00","dateModified":"2024-10-01T16:37:30+00:00","breadcrumb":{"@id":"https:\/\/www.sbhny.org\/choosing-a-hospital-for-your-special-delivery\/#breadcrumb"},"inLanguage":"es","potentialAction":[{"@type":"ReadAction","target":["https:\/\/www.sbhny.org\/choosing-a-hospital-for-your-special-delivery\/"]}]},{"@type":"BreadcrumbList","@id":"https:\/\/www.sbhny.org\/choosing-a-hospital-for-your-special-delivery\/#breadcrumb","itemListElement":[{"@type":"ListItem","position":1,"name":"Home","item":"https:\/\/www.sbhny.org\/"},{"@type":"ListItem","position":2,"name":"Choosing a hospital for your special delivery"}]},{"@type":"WebSite","@id":"https:\/\/www.sbhny.org\/#website","url":"https:\/\/www.sbhny.org\/","name":"Sistema de Salud SBH","description":"","potentialAction":[{"@type":"SearchAction","target":{"@type":"EntryPoint","urlTemplate":"https:\/\/www.sbhny.org\/?s={search_term_string}"},"query-input":{"@type":"PropertyValueSpecification","valueRequired":true,"valueName":"search_term_string"}}],"inLanguage":"es"}]}},"_links":{"self":[{"href":"https:\/\/www.sbhny.org\/es\/wp-json\/wp\/v2\/pages\/5409","targetHints":{"allow":["GET"]}}],"collection":[{"href":"https:\/\/www.sbhny.org\/es\/wp-json\/wp\/v2\/pages"}],"about":[{"href":"https:\/\/www.sbhny.org\/es\/wp-json\/wp\/v2\/types\/page"}],"author":[{"embeddable":true,"href":"https:\/\/www.sbhny.org\/es\/wp-json\/wp\/v2\/users\/2"}],"replies":[{"embeddable":true,"href":"https:\/\/www.sbhny.org\/es\/wp-json\/wp\/v2\/comments?post=5409"}],"version-history":[{"count":0,"href":"https:\/\/www.sbhny.org\/es\/wp-json\/wp\/v2\/pages\/5409\/revisions"}],"wp:attachment":[{"href":"https:\/\/www.sbhny.org\/es\/wp-json\/wp\/v2\/media?parent=5409"}],"curies":[{"name":"wp","href":"https:\/\/api.w.org\/{rel}","templated":true}]}}