{"id":882,"date":"2024-05-13T14:59:42","date_gmt":"2024-05-13T14:59:42","guid":{"rendered":"https:\/\/sbhny.wpenginepowered.com\/?page_id=882"},"modified":"2025-07-09T14:52:43","modified_gmt":"2025-07-09T14:52:43","slug":"about-sbh","status":"publish","type":"page","link":"https:\/\/www.sbhny.org\/es\/about-sbh\/","title":{"rendered":"Acerca de SBH"},"content":{"rendered":"<section class=\"breadcrumb-eyebrow-marquee\">\n  <div class=\"max-width marquee-spacing\">\n    <nav class=\"breadcrumbs\" aria-label=\"Migas de pan\">\n      <ul class=\"breadcrumbs-list\" itemscope itemtype=\"https:\/\/schema.org\/BreadcrumbList\">\n        <li itemprop=\"itemListElement\" itemscope\n itemtype=\"https:\/\/schema.org\/ListItem\"><a itemprop=\"item\" href=\"\/es\/\"><span itemprop=\"name\">Hogar<\/span><\/a><\/li>\n                \n        <li itemprop=\"itemListElement\" itemscope\n itemtype=\"https:\/\/schema.org\/ListItem\"><a itemprop=\"item\" class=\"current\" aria-current=\"page\" href=\"https:\/\/www.sbhny.org\/es\/about-sbh\/\"><span itemprop=\"name\">Acerca de SBH<\/span><\/a><\/li>\n    <\/ul>\n\n    <\/nav>\n    <div class=\"eyebrow\">\n              <p class=\"main-heading\">Acerca de SBH<\/p>\n          <\/div>    \n  <\/div>\n<\/section>\n\n\n<section class=\"image-twocol-hero image-twocol-hero-stats\">\n  <div class=\"max-width standard-spacing twocol-row\">\n    <div class=\"image-col twocol-col\" style=\"background-image: url('https:\/\/www.sbhny.org\/wp-content\/uploads\/2024\/09\/DSC_2681-scaled-e1727468987501.jpg');\"><\/div>\n    <div class=\"content-col twocol-col\">\n      <h1 class=\"main-heading\">Somos el Bronx<\/h1>\n      <div class=\"body-copy\">\n        <p>SBH Health System se compromete a mejorar la salud, el bienestar y el bienestar de nuestra comunidad. Nuestros diversos proveedores de atenci\u00f3n m\u00e9dica y el personal est\u00e1n aqu\u00ed para ofrecerle la m\u00e1s alta calidad, la atenci\u00f3n centrada en el paciente, independientemente de su origen, identidad o situaci\u00f3n econ\u00f3mica.<\/p>\n<p>Llevamos aqu\u00ed casi 160 a\u00f1os. Y nuestro compromiso de brindar a la comunidad del Bronx el m\u00e1s alto nivel de atenci\u00f3n nunca ha flaqueado. Y nunca lo har\u00e1. Como l\u00edder y pilar de la comunidad del Bronx, nuestra organizaci\u00f3n est\u00e1 imbuida de cinco valores cruciales: diversidad, respeto, integridad, visi\u00f3n y excelencia.<\/p>\n      <\/div>\n      \n\n              <div class=\"animated-stats\">\n                      <div class=\"doctors stat-container\">\n              <p class=\"large-body-copy\">\n                <span class=\"jumbo-heading\"><span class=\"stat\" data-count=\"225\">0<\/span>+<\/span>\n                <br>\n                <strong>doctores<\/strong>\n              <\/p>\n            <\/div>          \n                              <div class=\"nurses stat-container\">\n            <p class=\"large-body-copy\">\n              <span class=\"jumbo-heading\"><span class=\"stat\" data-count=\"497\">0<\/span>+<\/span>\n              <br>\n              <strong>enfermeras<\/strong>\n            <\/p>\n          <\/div>\n                              <div class=\"specialties stat-container\">\n            <p class=\"large-body-copy\">\n              <span class=\"jumbo-heading\"><span class=\"stat\" data-count=\"70\">0<\/span><\/span>\n              <br>\n              <strong>Especialidades<\/strong>\n            <\/p>\n          <\/div>\n                              <div class=\"locations stat-container\">\n            <p class=\"large-body-copy\">\n              <span class=\"jumbo-heading\"><span class=\"stat\" data-count=\"6\">0<\/span><\/span>\n              <br>\n              <strong>Ubicaciones<\/strong>\n            <\/p>\n          <\/div>\n          \n        <\/div>\n          <\/div>\n  <\/div>\n<\/section>\n\n\n<section class=\"alternating-content-image-rows first gray-desktop\">\n\n  \n          <div class=\"standard-spacing no-side-spacing no-bottom-spacing content-image-block not-reversed\">\n            <div class=\"content-image-row\">\n              <div class=\"content-side\">\n  \n                <!-- Display icon if there is one -->\n                  \n                <!-- Display heading if there is one -->\n                <!-- If there is intro copy, display h3 -->\n                <!-- If there is no intro copy, display h2 -->\n                                  <h2 class=\"small-heading\">Un legado de atenci\u00f3n compasiva y proactiva<\/h2>\n                                  \n                <!-- Display body copy if there is body copy -->\n                                  <div class=\"body-copy\"><p>SBH Health System es el centro de salud continuo m\u00e1s antiguo del estado de Nueva York. Durante casi 160 a\u00f1os, nos hemos asociado con personas que viven en el Bronx para construir una comunidad m\u00e1s saludable y aumentar el acceso a servicios y recursos vitales que mejoran el bienestar general.<\/p>\n<p>Creemos que la atenci\u00f3n sanitaria debe ir m\u00e1s all\u00e1 del simple tratamiento de enfermedades y dolencias. En cambio, creamos recursos y programas que abordan de manera proactiva las diversas necesidades de nuestra comunidad y promueven el bienestar integral de la persona. Nos centramos en temas como vivienda asequible, inseguridad alimentaria, lucha contra la violencia y educaci\u00f3n sanitaria.<\/p>\n<\/div>\n                  \n                                \n                \n                \n                  \n              <\/div>\n              \n              <!-- Display main image if there is an image -->\n                            <div class=\"image-side\" style=\"background-image: url('https:\/\/www.sbhny.org\/wp-content\/uploads\/2024\/09\/DSC_4608-scaled.jpg');\"><\/div>\n                \n            <\/div>\n          <\/div>\n  \n          \n          <div class=\"standard-spacing no-side-spacing no-bottom-spacing content-image-block not-reversed\">\n            <div class=\"content-image-row\">\n              <div class=\"content-side\">\n  \n                <!-- Display icon if there is one -->\n                  \n                <!-- Display heading if there is one -->\n                <!-- If there is intro copy, display h3 -->\n                <!-- If there is no intro copy, display h2 -->\n                                  <h2 class=\"small-heading\">La gente hace la diferencia<\/h2>\n                                  \n                <!-- Display body copy if there is body copy -->\n                                  <div class=\"body-copy\"><p>Creemos que cada miembro de nuestra comunidad merece el apoyo y la educaci\u00f3n para hacerse cargo de su salud, su bienestar y su futuro. Todo lo que hacemos tiene como objetivo mejorar la salud general y la calidad de vida de todos en el Bronx.<\/p>\n<p>Para nosotros, hacer realidad esta visi\u00f3n empieza en el n\u00facleo de nuestra organizaci\u00f3n: las personas que componen la diversa plantilla de proveedores y personal sanitario compasivo. Un enfoque de la asistencia sanitaria verdaderamente centrado en la comunidad s\u00f3lo se consigue con una plantilla que represente realmente la diversidad racial y \u00e9tnica de nuestros barrios.<\/p>\n<\/div>\n                  \n                                \n                \n                \n                  \n              <\/div>\n              \n              <!-- Display main image if there is an image -->\n                            <div class=\"image-side\" style=\"background-image: url('https:\/\/www.sbhny.org\/wp-content\/uploads\/2024\/05\/compassionate-proactive-care.jpg');\"><\/div>\n                \n            <\/div>\n          <\/div>\n  \n        \n\n\n\n<\/section>\n\n\n<section class=\"image-twocol-hero\">\n  <div class=\"max-width standard-spacing twocol-row\">\n\n          <div class=\"twocol-col\" >\n        <div class=\"linked-images-collage\">\n          <div class=\"top-row\">\n            <a href=\"\/es\/our-leadership\/\">\n              <div class=\"top-left\" style=\"background-image:url('https:\/\/www.sbhny.org\/wp-content\/uploads\/2024\/09\/Dr-Kul-l.jpg');\"><\/div>\n            <\/a>\n            <a href=\"\/es\/our-leadership\/\">\n              <div class=\"top-right\" style=\"background-image:url('https:\/\/www.sbhny.org\/wp-content\/uploads\/2024\/06\/Image.jpg');\"><\/div>\n            <\/a>\n          <\/div>\n          <div class=\"bottom-row\">\n            <a href=\"\/es\/our-leadership\/\">\n              <div class=\"bottom-left\" style=\"background-image:url('https:\/\/www.sbhny.org\/wp-content\/uploads\/2024\/06\/Image-2.jpg');\"><\/div>\n            <\/a>\n            <a href=\"\/es\/our-leadership\/\">\n              <div class=\"bottom-center\" style=\"background-image:url('https:\/\/www.sbhny.org\/wp-content\/uploads\/2024\/06\/Image-3.jpg');\"><\/div>\n            <\/a>\n            <a href=\"\/es\/our-leadership\/\">\n              <div class=\"bottom-right\" style=\"background-image:url('https:\/\/www.sbhny.org\/wp-content\/uploads\/2024\/06\/Image-1.jpg');\"><\/div>\n            <\/a>\n          <\/div>\n        <\/div>\n      <\/div>\n    \n\n    <div class=\"content-col twocol-col\">\n              <h2 class=\"main-heading\">Nuestro liderazgo<\/h2>\n            <div class=\"body-copy\">\n        <p>La calidad refleja liderazgo. Y SBH cuenta con algunas de las personas m\u00e1s diversas y de mayor calidad que lideran SBH ahora y en el futuro.<\/p>\n      <\/div>\n              <div class=\"cta-row\">\n                  <a href=\"\/es\/our-leadership\/\" target=\"\" class=\"btn\">Vea nuestro equipo de liderazgo<\/a>\n        \n                <\/div>        \n      \n        \n      \n          <\/div>\n  <\/div>\n<\/section>\n\n\n<section class=\"resources-background-section\" >\n  <div class=\"max-width standard-spacing\">\n    <div class=\"intro-copy\">\n      <h2 class=\"main-heading\">\u00danete a nuestra misi\u00f3n<\/h2>\n              <div class=\"body-copy\"><p>\u00danase a nosotros para construir una comunidad pr\u00f3spera y saludable donde el bienestar y la vitalidad sean accesibles para todos.<\/p>\n<\/div>\n          <\/div>\n\n\n    \n    \n    <div class=\"resources-row\">\n\n          <div class=\"resource-card\">\n                <img decoding=\"async\" src=\"https:\/\/www.sbhny.org\/wp-content\/uploads\/2024\/05\/make-a-donation.png\" alt=\"icon\">\n        \n                <p class=\"large-body-copy\"><strong>H\u00e1gase socio<\/strong><\/p>\n        \n                <p class=\"medium-body-copy\">Apoye a SBH y nuestra misi\u00f3n de mejorar la salud y el bienestar de la comunidad del Bronx.<\/p>\n        \n                <a href=\"\/es\/donation\/\" class=\"arrow-cta\">Aprende m\u00e1s<\/a>\n              <\/div>\n\n            <div class=\"resource-card\">\n                <img decoding=\"async\" src=\"https:\/\/www.sbhny.org\/wp-content\/uploads\/2024\/05\/careers-with-sbh.png\" alt=\"icon\">\n        \n                <p class=\"large-body-copy\"><strong>Carreras con SBH<\/strong><\/p>\n        \n                <p class=\"medium-body-copy\">Aprenda c\u00f3mo formar parte de nuestro equipo eligiendo una carrera en SBH.<\/p>\n        \n                <a href=\"\/careers\/\" class=\"arrow-cta\">Explorar carreras<\/a>\n              <\/div>\n\n            <div class=\"resource-card\">\n                <img decoding=\"async\" src=\"https:\/\/www.sbhny.org\/wp-content\/uploads\/2024\/05\/community-engagement.png\" alt=\"icon\">\n        \n                <p class=\"large-body-copy\"><strong>Participaci\u00f3n de la comunidad<\/strong><\/p>\n        \n                <p class=\"medium-body-copy\">Convi\u00e9rtase en un miembro activo de la comunidad a trav\u00e9s de iniciativas y actividades aqu\u00ed en el Bronx. <\/p>\n        \n                <a href=\"\/es\/community\/\" class=\"arrow-cta\">Participaci\u00f3n de la comunidad<\/a>\n              <\/div>\n\n      \n    <\/div>\n\n        \n  <\/div>\n<\/section>\n\n<section class=\"accordion-section\">\n  <div class=\"max-width standard-spacing\">\n        <h2 class=\"main-heading\">M\u00e1s informaci\u00f3n sobre SBH<\/h2>\n        \n    <div class=\"accordion-container\">\n\n    \n    <div class=\"accordion-card open\" itemscope=\"itemscope\" itemprop=\"mainEntity\" itemtype=\"https:\/\/schema.org\/Question\">\n      <div class=\"accordion-card-header\">\n        <button id=\"twocol_id_Our-History\" class=\"accordion-button large-body-copy\" aria-expanded=\"true\" aria-controls=\"twocol_Our-History\">Nuestra historia<\/button>\n      <\/div>\n      <div class=\"accordion-card-content body-copy\" itemscope=\"itemscope\" itemprop=\"acceptedAnswer\" itemtype=\"https:\/\/schema.org\/Answer\" id=\"twocol_Our-History\" aria-labelledby=\"twocol_id_Our-History\" role=\"region\">\n        <p>El Hospital St. Barnabas (Sistema de Salud SBH) celebr\u00f3 su 150.\u00b0 aniversario en 2016 y hoy contin\u00faa brindando servicios al Bronx como el centro de atenci\u00f3n m\u00e9dica continua m\u00e1s antiguo de la ciudad de Nueva York.<\/p>\n<p>Hoy, SBH Health System est\u00e1 desempe\u00f1ando un papel fundamental en la transformaci\u00f3n de la atenci\u00f3n m\u00e9dica en el Bronx.<\/p>\n<p>Desde la d\u00e9cada de 1980, el hospital ha desarrollado un programa de educaci\u00f3n m\u00e9dica que capacita a los residentes en una variedad de programas. <a href=\"\/es\/residency-programs\/\">Conozca los programas de residencia en SBH<\/a>.<\/p>\n<p>Desde la d\u00e9cada de 1990, el hospital ha recibido la designaci\u00f3n estatal como Centro de Traumatolog\u00eda de Nivel 2, Centro de SIDA y Centro de Accidentes Cerebrovasculares, y abri\u00f3 un Centro Comunitario de Excelencia en Salud de la Mujer designado a nivel federal. <a href=\"\/es\/services\/\">Explore los servicios cl\u00ednicos de SBH<\/a>.<\/p>\n<p>SBH hab\u00eda asumido un papel de liderazgo en el programa DSRIP del estado como socio principal de Bronx Partners for Healthy Communities. Esto incluye a m\u00e1s de 200 organizaciones comunitarias del Bronx que est\u00e1n trabajando juntas para mejorar la prestaci\u00f3n de atenci\u00f3n m\u00e9dica y los resultados para los residentes del Bronx.<\/p>\n<p><a class=\"caret-cta\" href=\"\/es\/donation\/\">Apoye al SBH Health System convirti\u00e9ndose en benefactor hoy mismo<\/a><\/p>\n      <\/div>\n    <\/div>\n\n    \n    <div class=\"accordion-card open\" itemscope=\"itemscope\" itemprop=\"mainEntity\" itemtype=\"https:\/\/schema.org\/Question\">\n      <div class=\"accordion-card-header\">\n        <button id=\"twocol_id_Our-Trustees\" class=\"accordion-button large-body-copy\" aria-expanded=\"true\" aria-controls=\"twocol_Our-Trustees\">Nuestros Fideicomisarios<\/button>\n      <\/div>\n      <div class=\"accordion-card-content body-copy\" itemscope=\"itemscope\" itemprop=\"acceptedAnswer\" itemtype=\"https:\/\/schema.org\/Answer\" id=\"twocol_Our-Trustees\" aria-labelledby=\"twocol_id_Our-Trustees\" role=\"region\">\n        <p>La visi\u00f3n, la sabidur\u00eda y el liderazgo de la dedicada Junta Directiva del St. Barnabas Hospital garantizan que la misi\u00f3n del hospital (brindar la m\u00e1s alta calidad de atenci\u00f3n a todos los necesitados) se cumpla de acuerdo con los m\u00e1s altos est\u00e1ndares.<\/p>\n<p><strong>David Harris,<\/strong> Presidente<\/p>\n<p><strong>Richard G. Ketchum,<\/strong> Vicepresidente s\u00e9nior<\/p>\n<p><strong>Wilma Alonso,<\/strong> Vicepresidente<\/p>\n<p><strong>Karen Parrish,<\/strong> Vicepresidente<\/p>\n<p><strong>Sr. Todd Reinglass,<\/strong> Vicepresidente<\/p>\n<p><strong>Elizabeth Ju\u00e1rez S\u00e1nchez,<\/strong> LCSW, Vicepresidente y Secretario<\/p>\n<p><strong>Afua Atta-Mensah,<\/strong> Esq.<\/p>\n<p><strong>Honorable Juan A. Barone<\/strong> (jubilado)<\/p>\n<p><strong>William T. Colona<\/strong><\/p>\n<p><strong>Josh Glassman<\/strong><\/p>\n<p><strong>Amarilis Jacobo,<\/strong> DDS<\/p>\n<p><strong>Sr. Artie Johnson<\/strong><\/p>\n<p><strong>Neema Kumar<\/strong><\/p>\n<p><strong>David Maurrasse,<\/strong> Doctor.<\/p>\n<p><strong>Charles Moerdler,<\/strong> Esq.<\/p>\n<p><strong>Ray Negron<\/strong><\/p>\n<p><strong>Leslie Robinson,<\/strong> RN, DNP<\/p>\n<p><strong>Edward Skloot,<\/strong> BA,MIA,PhD<\/p>\n<p><strong>Perry Sook, Jr.<\/strong><\/p>\n<p><strong>Derek Tice-Brown,<\/strong> Doctorado, RSU<\/p>\n<p><strong>Andrew Werner<\/strong> CFA<\/p>\n<p><strong>Sr. Barry A. Wintner,<\/strong> CFA<\/p>\n<p><a class=\"caret-cta\" href=\"\/es\/our-leadership\/\">Nuestro Liderazgo<\/a><\/p>\n      <\/div>\n    <\/div>\n\n    \n    <\/div>\n\n    \n  <\/div>\n<\/section>","protected":false},"excerpt":{"rendered":"","protected":false},"author":3,"featured_media":0,"parent":0,"menu_order":0,"comment_status":"closed","ping_status":"closed","template":"","meta":{"_acf_changed":false,"_eb_attr":"","_price":"","_stock":"","_tribe_ticket_header":"","_tribe_default_ticket_provider":"","_tribe_ticket_capacity":"0","_ticket_start_date":"","_ticket_end_date":"","_tribe_ticket_show_description":"","_tribe_ticket_show_not_going":false,"_tribe_ticket_use_global_stock":"","_tribe_ticket_global_stock_level":"","_global_stock_mode":"","_global_stock_cap":"","_tribe_rsvp_for_event":"","_tribe_ticket_going_count":"","_tribe_ticket_not_going_count":"","_tribe_tickets_list":"[]","_tribe_ticket_has_attendee_info_fields":false,"footnotes":""},"class_list":["post-882","page","type-page","status-publish","hentry"],"acf":[],"yoast_head":"<!-- This site is optimized with the Yoast SEO plugin v26.5 - https:\/\/yoast.com\/wordpress\/plugins\/seo\/ -->\n<title>About SBH - SBH Health System<\/title>\n<meta name=\"robots\" content=\"index, follow, max-snippet:-1, max-image-preview:large, max-video-preview:-1\" \/>\n<link rel=\"canonical\" href=\"https:\/\/www.sbhny.org\/es\/about-sbh\/\" \/>\n<meta property=\"og:locale\" content=\"es_MX\" \/>\n<meta property=\"og:type\" content=\"article\" \/>\n<meta property=\"og:title\" content=\"About SBH - SBH Health System\" \/>\n<meta property=\"og:url\" content=\"https:\/\/www.sbhny.org\/es\/about-sbh\/\" \/>\n<meta property=\"og:site_name\" content=\"SBH Health System\" \/>\n<meta property=\"article:publisher\" content=\"https:\/\/www.facebook.com\/SBHBronx\/\" \/>\n<meta property=\"article:modified_time\" content=\"2025-07-09T14:52:43+00:00\" \/>\n<meta name=\"twitter:card\" content=\"summary_large_image\" \/>\n<meta name=\"twitter:site\" content=\"@sbhbronx\" \/>\n<script type=\"application\/ld+json\" class=\"yoast-schema-graph\">{\"@context\":\"https:\/\/schema.org\",\"@graph\":[{\"@type\":\"WebPage\",\"@id\":\"https:\/\/www.sbhny.org\/about-sbh\/\",\"url\":\"https:\/\/www.sbhny.org\/about-sbh\/\",\"name\":\"About SBH - SBH Health System\",\"isPartOf\":{\"@id\":\"https:\/\/www.sbhny.org\/#website\"},\"datePublished\":\"2024-05-13T14:59:42+00:00\",\"dateModified\":\"2025-07-09T14:52:43+00:00\",\"breadcrumb\":{\"@id\":\"https:\/\/www.sbhny.org\/about-sbh\/#breadcrumb\"},\"inLanguage\":\"es\",\"potentialAction\":[{\"@type\":\"ReadAction\",\"target\":[\"https:\/\/www.sbhny.org\/about-sbh\/\"]}]},{\"@type\":\"BreadcrumbList\",\"@id\":\"https:\/\/www.sbhny.org\/about-sbh\/#breadcrumb\",\"itemListElement\":[{\"@type\":\"ListItem\",\"position\":1,\"name\":\"Home\",\"item\":\"https:\/\/www.sbhny.org\/\"},{\"@type\":\"ListItem\",\"position\":2,\"name\":\"About SBH\"}]},{\"@type\":\"WebSite\",\"@id\":\"https:\/\/www.sbhny.org\/#website\",\"url\":\"https:\/\/www.sbhny.org\/\",\"name\":\"SBH Health System\",\"description\":\"\",\"potentialAction\":[{\"@type\":\"SearchAction\",\"target\":{\"@type\":\"EntryPoint\",\"urlTemplate\":\"https:\/\/www.sbhny.org\/?s={search_term_string}\"},\"query-input\":{\"@type\":\"PropertyValueSpecification\",\"valueRequired\":true,\"valueName\":\"search_term_string\"}}],\"inLanguage\":\"es\"}]}<\/script>\n<!-- \/ Yoast SEO plugin. -->","yoast_head_json":{"title":"About SBH - SBH Health System","robots":{"index":"index","follow":"follow","max-snippet":"max-snippet:-1","max-image-preview":"max-image-preview:large","max-video-preview":"max-video-preview:-1"},"canonical":"https:\/\/www.sbhny.org\/es\/about-sbh\/","og_locale":"es_MX","og_type":"article","og_title":"About SBH - SBH Health System","og_url":"https:\/\/www.sbhny.org\/es\/about-sbh\/","og_site_name":"SBH Health System","article_publisher":"https:\/\/www.facebook.com\/SBHBronx\/","article_modified_time":"2025-07-09T14:52:43+00:00","twitter_card":"summary_large_image","twitter_site":"@sbhbronx","schema":{"@context":"https:\/\/schema.org","@graph":[{"@type":"WebPage","@id":"https:\/\/www.sbhny.org\/about-sbh\/","url":"https:\/\/www.sbhny.org\/about-sbh\/","name":"About SBH - SBH Health System","isPartOf":{"@id":"https:\/\/www.sbhny.org\/#website"},"datePublished":"2024-05-13T14:59:42+00:00","dateModified":"2025-07-09T14:52:43+00:00","breadcrumb":{"@id":"https:\/\/www.sbhny.org\/about-sbh\/#breadcrumb"},"inLanguage":"es","potentialAction":[{"@type":"ReadAction","target":["https:\/\/www.sbhny.org\/about-sbh\/"]}]},{"@type":"BreadcrumbList","@id":"https:\/\/www.sbhny.org\/about-sbh\/#breadcrumb","itemListElement":[{"@type":"ListItem","position":1,"name":"Home","item":"https:\/\/www.sbhny.org\/"},{"@type":"ListItem","position":2,"name":"About SBH"}]},{"@type":"WebSite","@id":"https:\/\/www.sbhny.org\/#website","url":"https:\/\/www.sbhny.org\/","name":"Sistema de Salud SBH","description":"","potentialAction":[{"@type":"SearchAction","target":{"@type":"EntryPoint","urlTemplate":"https:\/\/www.sbhny.org\/?s={search_term_string}"},"query-input":{"@type":"PropertyValueSpecification","valueRequired":true,"valueName":"search_term_string"}}],"inLanguage":"es"}]}},"_links":{"self":[{"href":"https:\/\/www.sbhny.org\/es\/wp-json\/wp\/v2\/pages\/882","targetHints":{"allow":["GET"]}}],"collection":[{"href":"https:\/\/www.sbhny.org\/es\/wp-json\/wp\/v2\/pages"}],"about":[{"href":"https:\/\/www.sbhny.org\/es\/wp-json\/wp\/v2\/types\/page"}],"author":[{"embeddable":true,"href":"https:\/\/www.sbhny.org\/es\/wp-json\/wp\/v2\/users\/3"}],"replies":[{"embeddable":true,"href":"https:\/\/www.sbhny.org\/es\/wp-json\/wp\/v2\/comments?post=882"}],"version-history":[{"count":0,"href":"https:\/\/www.sbhny.org\/es\/wp-json\/wp\/v2\/pages\/882\/revisions"}],"wp:attachment":[{"href":"https:\/\/www.sbhny.org\/es\/wp-json\/wp\/v2\/media?parent=882"}],"curies":[{"name":"wp","href":"https:\/\/api.w.org\/{rel}","templated":true}]}}