{"id":884,"date":"2024-05-13T14:59:23","date_gmt":"2024-05-13T14:59:23","guid":{"rendered":"https:\/\/sbhny.wpenginepowered.com\/?page_id=884"},"modified":"2024-10-11T12:36:51","modified_gmt":"2024-10-11T12:36:51","slug":"contact-sbh","status":"publish","type":"page","link":"https:\/\/www.sbhny.org\/es\/contact-sbh\/","title":{"rendered":"Contactar SBH"},"content":{"rendered":"<section class=\"breadcrumb-eyebrow-marquee\">\n  <div class=\"max-width marquee-spacing\">\n    <nav class=\"breadcrumbs\" aria-label=\"Migas de pan\">\n      <ul class=\"breadcrumbs-list\" itemscope itemtype=\"https:\/\/schema.org\/BreadcrumbList\">\n        <li itemprop=\"itemListElement\" itemscope\n itemtype=\"https:\/\/schema.org\/ListItem\"><a itemprop=\"item\" href=\"\/es\/\"><span itemprop=\"name\">Hogar<\/span><\/a><\/li>\n                \n        <li itemprop=\"itemListElement\" itemscope\n itemtype=\"https:\/\/schema.org\/ListItem\"><a itemprop=\"item\" class=\"current\" aria-current=\"page\" href=\"https:\/\/www.sbhny.org\/es\/contact-sbh\/\"><span itemprop=\"name\">Contactar SBH<\/span><\/a><\/li>\n    <\/ul>\n\n    <\/nav>\n    <div class=\"eyebrow\">\n              <p class=\"main-heading\">Contactar SBH<\/p>\n          <\/div>    \n  <\/div>\n<\/section>\n\n\n<section class=\"image-twocol-hero background-image\">\n  <div class=\"max-width standard-spacing twocol-row\">\n\n          <div class=\"image-col twocol-col\" style=\"background-image: url('https:\/\/www.sbhny.org\/wp-content\/uploads\/2024\/05\/contact-sbh-hero.png');\"><\/div>\n    \n\n    <div class=\"content-col twocol-col\">\n              <h1 class=\"main-heading\">Puedes contactarnos aqu\u00ed<\/h1>\n            <div class=\"body-copy\">\n        <p>Explore nuestra informaci\u00f3n de contacto para los centros de atenci\u00f3n especializada de SBH<\/p>\n      <\/div>\n      \n        \n      \n          <\/div>\n  <\/div>\n<\/section>\n\n\n<section class=\"large-twocol-feature-section\">\n  <div class=\"max-width standard-spacing\">\n    <div class=\"intro-copy\">\n              <h2 class=\"subheading\">Estamos aqu\u00ed para responder tus preguntas<\/h2>\n      \n              <div class=\"body-copy\"><p>\u00bfNo encuentras la respuesta que buscas? S\u00f3lo ll\u00e1menos.<\/p>\n<\/div>\n          <\/div>\n\n        <div class=\"white-feature-box\">\n              <div class=\"feature-col\">\n                      <img decoding=\"async\" src=\"https:\/\/www.sbhny.org\/wp-content\/uploads\/2024\/05\/phone-icon.png\" alt=\"icon\">\n          \n                      <p class=\"medium-body-copy\"><strong>Atenci\u00f3n al cliente de SBH<\/strong><\/p>\n          \n\n                                    <p class=\"main-heading\"><a href=\"tel:7189609000\">Llama al (718) 960 9000<\/a><\/p>\n                      \n                      <p class=\"medium-body-copy\">Disponible las 24 horas del d\u00eda<\/p>\n                  <\/div>\n              <div class=\"feature-col\">\n                      <img decoding=\"async\" src=\"https:\/\/www.sbhny.org\/wp-content\/uploads\/2024\/05\/calendar-plus-icon.png\" alt=\"icon\">\n          \n                      <p class=\"medium-body-copy\"><strong>Haga una cita<\/strong><\/p>\n          \n\n                                    <p class=\"main-heading\"><a href=\"\/es\/Tel\u00e9fono: 7189603730\/\">Llama al (718) 960 3730<\/a><\/p>\n                      \n                      <p class=\"medium-body-copy\">Disponible de 9:00 a 16:00 horas.<\/p>\n                  <\/div>\n          <\/div>\n      <\/div>\n\n\n<\/section>\n\n<section class=\"phone-numbers-list\">\n  <div class=\"small-max-width standard-spacing\">\n              <div class=\"intro-row\">\n      <h2 class=\"subheading\">Puedes contactarnos aqu\u00ed<\/h2>\n      <div class=\"body-copy\"><p>Explore nuestro directorio de informaci\u00f3n de contacto para ubicaciones de SBH y centros de atenci\u00f3n especializada.<\/p>\n<\/div>\n    <\/div>\n            <div class=\"phone-numbers\">\n            <div class=\"phone-number\">\n        <p class=\"medium-body-copy name\"><strong>Medicina Interna Arthur Ave<\/strong><\/p>\n        <p class=\"medium-body-copy phone\"><a href=\"tel:7185622481\">(718) 562 2481<\/a>\n<\/p>\n      <\/div>\n            <div class=\"phone-number\">\n        <p class=\"medium-body-copy name\"><strong>Pediatr\u00eda Arthur Ave<\/strong><\/p>\n        <p class=\"medium-body-copy phone\"><a href=\"tel:7182209755\">(718) 220 9755<\/a>\n<\/p>\n      <\/div>\n            <div class=\"phone-number\">\n        <p class=\"medium-body-copy name\"><strong>Arthur Ave OB\/GYN<\/strong><\/p>\n        <p class=\"medium-body-copy phone\"><a href=\"tel:7189330441\">(718) 933 0441<\/a>\n<\/p>\n      <\/div>\n            <div class=\"phone-number\">\n        <p class=\"medium-body-copy name\"><strong>Medicina Interna del Parque Bronx<\/strong><\/p>\n        <p class=\"medium-body-copy phone\"><a href=\"tel:7188221515\">(718) 822 1515<\/a>\n<\/p>\n      <\/div>\n            <div class=\"phone-number\">\n        <p class=\"medium-body-copy name\"><strong>Pediatr\u00eda del Parque Bronx<\/strong><\/p>\n        <p class=\"medium-body-copy phone\"><a href=\"tel:7185970700\">(718) 597 0700<\/a>\n<\/p>\n      <\/div>\n            <div class=\"phone-number\">\n        <p class=\"medium-body-copy name\"><strong>Centro de llamadas de la cl\u00ednica ambulatoria SBH<\/strong><\/p>\n        <p class=\"medium-body-copy phone\"><a href=\"tel:7189609000,3730\">(718) 960 9000, extensi\u00f3n. 3730<\/a>\n<\/p>\n      <\/div>\n            <div class=\"phone-number\">\n        <p class=\"medium-body-copy name\"><strong>Radiolog\u00eda SBH<\/strong><\/p>\n        <p class=\"medium-body-copy phone\"><a href=\"tel:7189609000,6162\">(718) 960 9000, extensi\u00f3n. 6162<\/a>\n<\/p>\n      <\/div>\n            <div class=\"phone-number\">\n        <p class=\"medium-body-copy name\"><strong>SBH Metadona<\/strong><\/p>\n        <p class=\"medium-body-copy phone\"><a href=\"tel:7189609000,6214\">(718) 960 9000, extensi\u00f3n. 6214<\/a>\n<\/p>\n      <\/div>\n            <div class=\"phone-number\">\n        <p class=\"medium-body-copy name\"><strong>Di\u00e1lisis SBH<\/strong><\/p>\n        <p class=\"medium-body-copy phone\"><a href=\"tel:7189609000,3861\">(718) 960 9000, extensi\u00f3n. 3861<\/a>\n<\/p>\n      <\/div>\n            <div class=\"phone-number\">\n        <p class=\"medium-body-copy name\"><strong>Infusi\u00f3n de SBH<\/strong><\/p>\n        <p class=\"medium-body-copy phone\"><a href=\"tel:7189609000,6377\">(718) 960 9000, extensi\u00f3n. 6377<\/a>\n<\/p>\n      <\/div>\n            <div class=\"phone-number\">\n        <p class=\"medium-body-copy name\"><strong>Departamento de Referencias de SBH.<\/strong><\/p>\n        <p class=\"medium-body-copy phone\"><a href=\"tel:7189609000,9122\">(718) 960 9000, extensi\u00f3n. 9122<\/a>\n<\/p>\n      <\/div>\n            <div class=\"phone-number\">\n        <p class=\"medium-body-copy name\"><strong>Salud conductual SBH<\/strong><\/p>\n        <p class=\"medium-body-copy phone\"><a href=\"tel:7189609000,3165\">(718) 960 9000, extensi\u00f3n. 3165<\/a>\n<\/p>\n      <\/div>\n          <\/div>\n  <\/div>\n<\/section>\n\n\n\n<section class=\"resources-background-section\" style=\"background-image:url('https:\/\/www.sbhny.org\/wp-content\/themes\/SBH-Website\/img\/backgrounds\/alternate-resources-background.jpg');\">\n  <div class=\"max-width standard-spacing\">\n    <div class=\"intro-copy\">\n      <h2 class=\"main-heading\">Aqu\u00ed encontrar\u00e1 m\u00e1s recursos \u00fatiles cuando se prepare para su visita.<\/h2>\n          <\/div>\n\n\n    \n    \n    <div class=\"resources-row\">\n\n          <div class=\"resource-card\">\n                <img decoding=\"async\" src=\"https:\/\/www.sbhny.org\/wp-content\/uploads\/2024\/05\/make-an-appointment.png\" alt=\"icon\">\n        \n                <p class=\"large-body-copy\"><strong>Haga una cita<\/strong><\/p>\n        \n                <p class=\"medium-body-copy\">Aprenda c\u00f3mo programar una cita de manera f\u00e1cil y conveniente para la atenci\u00f3n y los servicios de SBH.<\/p>\n        \n                <a href=\"\/es\/make-an-appointment\/\" class=\"arrow-cta\">Formas de programar <\/a>\n              <\/div>\n\n            <div class=\"resource-card\">\n                <img decoding=\"async\" src=\"https:\/\/www.sbhny.org\/wp-content\/uploads\/2024\/05\/doctor-icon.png\" alt=\"icon\">\n        \n                <p class=\"large-body-copy\"><strong>encontrar un m\u00e9dico<\/strong><\/p>\n        \n                <p class=\"medium-body-copy\">Hacemos que encontrar al m\u00e9dico adecuado sea f\u00e1cil con nuestra lista completa de m\u00e9dicos de SBH.<\/p>\n        \n                <a href=\"\/es\/find-a-doctor\/\" class=\"arrow-cta\">encontrar un m\u00e9dico<\/a>\n              <\/div>\n\n            <div class=\"resource-card\">\n                <img decoding=\"async\" src=\"https:\/\/www.sbhny.org\/wp-content\/uploads\/2024\/05\/locations.png\" alt=\"icon\">\n        \n                <p class=\"large-body-copy\"><strong>Ubicaciones<\/strong><\/p>\n        \n                <p class=\"medium-body-copy\">Encuentre m\u00e9dicos en el Bronx por ubicaci\u00f3n u obtenga indicaciones para llegar a un centro u oficina de SBH.<\/p>\n        \n                <a href=\"\/es\/locations\/\" class=\"arrow-cta\">Explore nuestras ubicaciones<\/a>\n              <\/div>\n\n      \n    <\/div>\n\n        \n  <\/div>\n<\/section>","protected":false},"excerpt":{"rendered":"","protected":false},"author":3,"featured_media":0,"parent":0,"menu_order":0,"comment_status":"closed","ping_status":"closed","template":"","meta":{"_acf_changed":false,"_eb_attr":"","_price":"","_stock":"","_tribe_ticket_header":"","_tribe_default_ticket_provider":"","_tribe_ticket_capacity":"0","_ticket_start_date":"","_ticket_end_date":"","_tribe_ticket_show_description":"","_tribe_ticket_show_not_going":false,"_tribe_ticket_use_global_stock":"","_tribe_ticket_global_stock_level":"","_global_stock_mode":"","_global_stock_cap":"","_tribe_rsvp_for_event":"","_tribe_ticket_going_count":"","_tribe_ticket_not_going_count":"","_tribe_tickets_list":"[]","_tribe_ticket_has_attendee_info_fields":false,"footnotes":""},"class_list":["post-884","page","type-page","status-publish","hentry"],"acf":[],"yoast_head":"<!-- This site is optimized with the Yoast SEO plugin v26.5 - https:\/\/yoast.com\/wordpress\/plugins\/seo\/ -->\n<title>Contact SBH - SBH Health System<\/title>\n<meta name=\"robots\" content=\"index, follow, max-snippet:-1, max-image-preview:large, max-video-preview:-1\" \/>\n<link rel=\"canonical\" href=\"https:\/\/www.sbhny.org\/es\/contact-sbh\/\" \/>\n<meta property=\"og:locale\" content=\"es_MX\" \/>\n<meta property=\"og:type\" content=\"article\" \/>\n<meta property=\"og:title\" content=\"Contact SBH - SBH Health System\" \/>\n<meta property=\"og:url\" content=\"https:\/\/www.sbhny.org\/es\/contact-sbh\/\" \/>\n<meta property=\"og:site_name\" content=\"SBH Health System\" \/>\n<meta property=\"article:publisher\" content=\"https:\/\/www.facebook.com\/SBHBronx\/\" \/>\n<meta property=\"article:modified_time\" content=\"2024-10-11T12:36:51+00:00\" \/>\n<meta name=\"twitter:card\" content=\"summary_large_image\" \/>\n<meta name=\"twitter:site\" content=\"@sbhbronx\" \/>\n<script type=\"application\/ld+json\" class=\"yoast-schema-graph\">{\"@context\":\"https:\/\/schema.org\",\"@graph\":[{\"@type\":\"WebPage\",\"@id\":\"https:\/\/www.sbhny.org\/contact-sbh\/\",\"url\":\"https:\/\/www.sbhny.org\/contact-sbh\/\",\"name\":\"Contact SBH - SBH Health System\",\"isPartOf\":{\"@id\":\"https:\/\/www.sbhny.org\/#website\"},\"datePublished\":\"2024-05-13T14:59:23+00:00\",\"dateModified\":\"2024-10-11T12:36:51+00:00\",\"breadcrumb\":{\"@id\":\"https:\/\/www.sbhny.org\/contact-sbh\/#breadcrumb\"},\"inLanguage\":\"es\",\"potentialAction\":[{\"@type\":\"ReadAction\",\"target\":[\"https:\/\/www.sbhny.org\/contact-sbh\/\"]}]},{\"@type\":\"BreadcrumbList\",\"@id\":\"https:\/\/www.sbhny.org\/contact-sbh\/#breadcrumb\",\"itemListElement\":[{\"@type\":\"ListItem\",\"position\":1,\"name\":\"Home\",\"item\":\"https:\/\/www.sbhny.org\/\"},{\"@type\":\"ListItem\",\"position\":2,\"name\":\"Contact SBH\"}]},{\"@type\":\"WebSite\",\"@id\":\"https:\/\/www.sbhny.org\/#website\",\"url\":\"https:\/\/www.sbhny.org\/\",\"name\":\"SBH Health System\",\"description\":\"\",\"potentialAction\":[{\"@type\":\"SearchAction\",\"target\":{\"@type\":\"EntryPoint\",\"urlTemplate\":\"https:\/\/www.sbhny.org\/?s={search_term_string}\"},\"query-input\":{\"@type\":\"PropertyValueSpecification\",\"valueRequired\":true,\"valueName\":\"search_term_string\"}}],\"inLanguage\":\"es\"}]}<\/script>\n<!-- \/ Yoast SEO plugin. -->","yoast_head_json":{"title":"Contact SBH - SBH Health System","robots":{"index":"index","follow":"follow","max-snippet":"max-snippet:-1","max-image-preview":"max-image-preview:large","max-video-preview":"max-video-preview:-1"},"canonical":"https:\/\/www.sbhny.org\/es\/contact-sbh\/","og_locale":"es_MX","og_type":"article","og_title":"Contact SBH - SBH Health System","og_url":"https:\/\/www.sbhny.org\/es\/contact-sbh\/","og_site_name":"SBH Health System","article_publisher":"https:\/\/www.facebook.com\/SBHBronx\/","article_modified_time":"2024-10-11T12:36:51+00:00","twitter_card":"summary_large_image","twitter_site":"@sbhbronx","schema":{"@context":"https:\/\/schema.org","@graph":[{"@type":"WebPage","@id":"https:\/\/www.sbhny.org\/contact-sbh\/","url":"https:\/\/www.sbhny.org\/contact-sbh\/","name":"Contact SBH - SBH Health System","isPartOf":{"@id":"https:\/\/www.sbhny.org\/#website"},"datePublished":"2024-05-13T14:59:23+00:00","dateModified":"2024-10-11T12:36:51+00:00","breadcrumb":{"@id":"https:\/\/www.sbhny.org\/contact-sbh\/#breadcrumb"},"inLanguage":"es","potentialAction":[{"@type":"ReadAction","target":["https:\/\/www.sbhny.org\/contact-sbh\/"]}]},{"@type":"BreadcrumbList","@id":"https:\/\/www.sbhny.org\/contact-sbh\/#breadcrumb","itemListElement":[{"@type":"ListItem","position":1,"name":"Home","item":"https:\/\/www.sbhny.org\/"},{"@type":"ListItem","position":2,"name":"Contact SBH"}]},{"@type":"WebSite","@id":"https:\/\/www.sbhny.org\/#website","url":"https:\/\/www.sbhny.org\/","name":"Sistema de Salud SBH","description":"","potentialAction":[{"@type":"SearchAction","target":{"@type":"EntryPoint","urlTemplate":"https:\/\/www.sbhny.org\/?s={search_term_string}"},"query-input":{"@type":"PropertyValueSpecification","valueRequired":true,"valueName":"search_term_string"}}],"inLanguage":"es"}]}},"_links":{"self":[{"href":"https:\/\/www.sbhny.org\/es\/wp-json\/wp\/v2\/pages\/884","targetHints":{"allow":["GET"]}}],"collection":[{"href":"https:\/\/www.sbhny.org\/es\/wp-json\/wp\/v2\/pages"}],"about":[{"href":"https:\/\/www.sbhny.org\/es\/wp-json\/wp\/v2\/types\/page"}],"author":[{"embeddable":true,"href":"https:\/\/www.sbhny.org\/es\/wp-json\/wp\/v2\/users\/3"}],"replies":[{"embeddable":true,"href":"https:\/\/www.sbhny.org\/es\/wp-json\/wp\/v2\/comments?post=884"}],"version-history":[{"count":0,"href":"https:\/\/www.sbhny.org\/es\/wp-json\/wp\/v2\/pages\/884\/revisions"}],"wp:attachment":[{"href":"https:\/\/www.sbhny.org\/es\/wp-json\/wp\/v2\/media?parent=884"}],"curies":[{"name":"wp","href":"https:\/\/api.w.org\/{rel}","templated":true}]}}