{"id":885,"date":"2024-05-13T14:59:12","date_gmt":"2024-05-13T14:59:12","guid":{"rendered":"https:\/\/sbhny.wpenginepowered.com\/?page_id=885"},"modified":"2024-10-24T02:28:31","modified_gmt":"2024-10-24T02:28:31","slug":"find-a-doctor","status":"publish","type":"page","link":"https:\/\/www.sbhny.org\/es\/find-a-doctor\/","title":{"rendered":"encontrar un m\u00e9dico"},"content":{"rendered":"<span style=\"display: none;\">D\u00e9janos ayudarte a encontrar lo que est\u00e1s buscando<\/span><span style=\"display: none;\"><\/span><span style=\"display: none;\">https:\/\/www.sbhny.org\/wp-content\/uploads\/2024\/05\/make-an-appointment.png<\/span><span style=\"display: none;\">Haga una cita<\/span><span style=\"display: none;\">Aprenda c\u00f3mo programar una cita de manera f\u00e1cil y conveniente para la atenci\u00f3n y los servicios de SBH.<\/span><span style=\"display: none;\">https:\/\/www.sbhny.org\/wp-content\/uploads\/2024\/05\/accepted-insurances.png<\/span><span style=\"display: none;\">Seguro aceptado<\/span><span style=\"display: none;\">Vea si su seguro m\u00e9dico es aceptado y descubra qu\u00e9 servicios est\u00e1 cubierto.<\/span><span style=\"display: none;\">https:\/\/www.sbhny.org\/wp-content\/uploads\/2024\/05\/locations.png<\/span><span style=\"display: none;\">Ubicaciones<\/span><span style=\"display: none;\">Encuentre m\u00e9dicos en el Bronx por ubicaci\u00f3n u obtenga indicaciones para llegar a un centro u oficina de SBH. <\/span><span style=\"display: none;\">https:\/\/www.sbhny.org\/wp-content\/uploads\/2024\/05\/patient-and-clinical-services.png<\/span><span style=\"display: none;\">Servicios cl\u00ednicos y para pacientes<\/span><span style=\"display: none;\">Obtenga m\u00e1s informaci\u00f3n sobre la atenci\u00f3n, los servicios y la excelencia cl\u00ednica que brinda SBH.<\/span>","protected":false},"excerpt":{"rendered":"<p>Let us help you find what you\u2019re looking forhttps:\/\/www.sbhny.org\/wp-content\/uploads\/2024\/05\/make-an-appointment.pngMake an appointmentLearn how to make an appointment easily and conveniently for SBH care \u2028and services.https:\/\/www.sbhny.org\/wp-content\/uploads\/2024\/05\/accepted-insurances.pngAccepted insuranceSee if your health insurance is [&hellip;]<\/p>","protected":false},"author":3,"featured_media":0,"parent":0,"menu_order":0,"comment_status":"closed","ping_status":"closed","template":"page-find-a-doctor.php","meta":{"_acf_changed":true,"_eb_attr":"","_price":"","_stock":"","_tribe_ticket_header":"","_tribe_default_ticket_provider":"","_tribe_ticket_capacity":"0","_ticket_start_date":"","_ticket_end_date":"","_tribe_ticket_show_description":"","_tribe_ticket_show_not_going":false,"_tribe_ticket_use_global_stock":"","_tribe_ticket_global_stock_level":"","_global_stock_mode":"","_global_stock_cap":"","_tribe_rsvp_for_event":"","_tribe_ticket_going_count":"","_tribe_ticket_not_going_count":"","_tribe_tickets_list":"[]","_tribe_ticket_has_attendee_info_fields":false,"footnotes":""},"class_list":["post-885","page","type-page","status-publish","hentry"],"acf":[],"yoast_head":"<!-- This site is optimized with the Yoast SEO plugin v26.5 - https:\/\/yoast.com\/wordpress\/plugins\/seo\/ -->\n<title>Find a Doctor - SBH Health System<\/title>\n<meta name=\"robots\" content=\"index, follow, max-snippet:-1, max-image-preview:large, max-video-preview:-1\" \/>\n<link rel=\"canonical\" href=\"https:\/\/www.sbhny.org\/es\/find-a-doctor\/\" \/>\n<meta property=\"og:locale\" content=\"es_MX\" \/>\n<meta property=\"og:type\" content=\"article\" \/>\n<meta property=\"og:title\" content=\"Find a Doctor - SBH Health System\" \/>\n<meta property=\"og:description\" content=\"Let us help you find what you\u2019re looking forhttps:\/\/www.sbhny.org\/wp-content\/uploads\/2024\/05\/make-an-appointment.pngMake an appointmentLearn how to make an appointment easily and conveniently for SBH care \u2028and services.https:\/\/www.sbhny.org\/wp-content\/uploads\/2024\/05\/accepted-insurances.pngAccepted insuranceSee if your health insurance is [&hellip;]\" \/>\n<meta property=\"og:url\" content=\"https:\/\/www.sbhny.org\/es\/find-a-doctor\/\" \/>\n<meta property=\"og:site_name\" content=\"SBH Health System\" \/>\n<meta property=\"article:publisher\" content=\"https:\/\/www.facebook.com\/SBHBronx\/\" \/>\n<meta property=\"article:modified_time\" content=\"2024-10-24T02:28:31+00:00\" \/>\n<meta name=\"twitter:card\" content=\"summary_large_image\" \/>\n<meta name=\"twitter:site\" content=\"@sbhbronx\" \/>\n<script type=\"application\/ld+json\" class=\"yoast-schema-graph\">{\"@context\":\"https:\/\/schema.org\",\"@graph\":[{\"@type\":\"WebPage\",\"@id\":\"https:\/\/www.sbhny.org\/find-a-doctor\/\",\"url\":\"https:\/\/www.sbhny.org\/find-a-doctor\/\",\"name\":\"Find a Doctor - SBH Health System\",\"isPartOf\":{\"@id\":\"https:\/\/www.sbhny.org\/#website\"},\"datePublished\":\"2024-05-13T14:59:12+00:00\",\"dateModified\":\"2024-10-24T02:28:31+00:00\",\"breadcrumb\":{\"@id\":\"https:\/\/www.sbhny.org\/find-a-doctor\/#breadcrumb\"},\"inLanguage\":\"es\",\"potentialAction\":[{\"@type\":\"ReadAction\",\"target\":[\"https:\/\/www.sbhny.org\/find-a-doctor\/\"]}]},{\"@type\":\"BreadcrumbList\",\"@id\":\"https:\/\/www.sbhny.org\/find-a-doctor\/#breadcrumb\",\"itemListElement\":[{\"@type\":\"ListItem\",\"position\":1,\"name\":\"Home\",\"item\":\"https:\/\/www.sbhny.org\/\"},{\"@type\":\"ListItem\",\"position\":2,\"name\":\"Find a Doctor\"}]},{\"@type\":\"WebSite\",\"@id\":\"https:\/\/www.sbhny.org\/#website\",\"url\":\"https:\/\/www.sbhny.org\/\",\"name\":\"SBH Health System\",\"description\":\"\",\"potentialAction\":[{\"@type\":\"SearchAction\",\"target\":{\"@type\":\"EntryPoint\",\"urlTemplate\":\"https:\/\/www.sbhny.org\/?s={search_term_string}\"},\"query-input\":{\"@type\":\"PropertyValueSpecification\",\"valueRequired\":true,\"valueName\":\"search_term_string\"}}],\"inLanguage\":\"es\"}]}<\/script>\n<!-- \/ Yoast SEO plugin. -->","yoast_head_json":{"title":"Find a Doctor - SBH Health System","robots":{"index":"index","follow":"follow","max-snippet":"max-snippet:-1","max-image-preview":"max-image-preview:large","max-video-preview":"max-video-preview:-1"},"canonical":"https:\/\/www.sbhny.org\/es\/find-a-doctor\/","og_locale":"es_MX","og_type":"article","og_title":"Find a Doctor - SBH Health System","og_description":"Let us help you find what you\u2019re looking forhttps:\/\/www.sbhny.org\/wp-content\/uploads\/2024\/05\/make-an-appointment.pngMake an appointmentLearn how to make an appointment easily and conveniently for SBH care \u2028and services.https:\/\/www.sbhny.org\/wp-content\/uploads\/2024\/05\/accepted-insurances.pngAccepted insuranceSee if your health insurance is [&hellip;]","og_url":"https:\/\/www.sbhny.org\/es\/find-a-doctor\/","og_site_name":"SBH Health System","article_publisher":"https:\/\/www.facebook.com\/SBHBronx\/","article_modified_time":"2024-10-24T02:28:31+00:00","twitter_card":"summary_large_image","twitter_site":"@sbhbronx","schema":{"@context":"https:\/\/schema.org","@graph":[{"@type":"WebPage","@id":"https:\/\/www.sbhny.org\/find-a-doctor\/","url":"https:\/\/www.sbhny.org\/find-a-doctor\/","name":"Find a Doctor - SBH Health System","isPartOf":{"@id":"https:\/\/www.sbhny.org\/#website"},"datePublished":"2024-05-13T14:59:12+00:00","dateModified":"2024-10-24T02:28:31+00:00","breadcrumb":{"@id":"https:\/\/www.sbhny.org\/find-a-doctor\/#breadcrumb"},"inLanguage":"es","potentialAction":[{"@type":"ReadAction","target":["https:\/\/www.sbhny.org\/find-a-doctor\/"]}]},{"@type":"BreadcrumbList","@id":"https:\/\/www.sbhny.org\/find-a-doctor\/#breadcrumb","itemListElement":[{"@type":"ListItem","position":1,"name":"Home","item":"https:\/\/www.sbhny.org\/"},{"@type":"ListItem","position":2,"name":"Find a Doctor"}]},{"@type":"WebSite","@id":"https:\/\/www.sbhny.org\/#website","url":"https:\/\/www.sbhny.org\/","name":"Sistema de Salud SBH","description":"","potentialAction":[{"@type":"SearchAction","target":{"@type":"EntryPoint","urlTemplate":"https:\/\/www.sbhny.org\/?s={search_term_string}"},"query-input":{"@type":"PropertyValueSpecification","valueRequired":true,"valueName":"search_term_string"}}],"inLanguage":"es"}]}},"_links":{"self":[{"href":"https:\/\/www.sbhny.org\/es\/wp-json\/wp\/v2\/pages\/885","targetHints":{"allow":["GET"]}}],"collection":[{"href":"https:\/\/www.sbhny.org\/es\/wp-json\/wp\/v2\/pages"}],"about":[{"href":"https:\/\/www.sbhny.org\/es\/wp-json\/wp\/v2\/types\/page"}],"author":[{"embeddable":true,"href":"https:\/\/www.sbhny.org\/es\/wp-json\/wp\/v2\/users\/3"}],"replies":[{"embeddable":true,"href":"https:\/\/www.sbhny.org\/es\/wp-json\/wp\/v2\/comments?post=885"}],"version-history":[{"count":0,"href":"https:\/\/www.sbhny.org\/es\/wp-json\/wp\/v2\/pages\/885\/revisions"}],"wp:attachment":[{"href":"https:\/\/www.sbhny.org\/es\/wp-json\/wp\/v2\/media?parent=885"}],"curies":[{"name":"wp","href":"https:\/\/api.w.org\/{rel}","templated":true}]}}