{"id":886,"date":"2024-05-13T14:58:58","date_gmt":"2024-05-13T14:58:58","guid":{"rendered":"https:\/\/sbhny.wpenginepowered.com\/?page_id=886"},"modified":"2025-10-21T20:09:28","modified_gmt":"2025-10-21T20:09:28","slug":"health-wellness-center","status":"publish","type":"page","link":"https:\/\/www.sbhny.org\/es\/health-wellness-center\/","title":{"rendered":"Centro de salud y bienestar"},"content":{"rendered":"<section class=\"breadcrumb-eyebrow-marquee\">\n  <div class=\"max-width marquee-spacing\">\n    <nav class=\"breadcrumbs\" aria-label=\"Migas de pan\">\n      <ul class=\"breadcrumbs-list\" itemscope itemtype=\"https:\/\/schema.org\/BreadcrumbList\">\n        <li itemprop=\"itemListElement\" itemscope\n itemtype=\"https:\/\/schema.org\/ListItem\"><a itemprop=\"item\" href=\"\/es\/\"><span itemprop=\"name\">Hogar<\/span><\/a><\/li>\n                \n        <li itemprop=\"itemListElement\" itemscope\n itemtype=\"https:\/\/schema.org\/ListItem\"><a itemprop=\"item\" class=\"current\" aria-current=\"page\" href=\"https:\/\/www.sbhny.org\/es\/health-wellness-center\/\"><span itemprop=\"name\">Centro de salud y bienestar<\/span><\/a><\/li>\n    <\/ul>\n\n    <\/nav>\n    <div class=\"eyebrow\">\n              <p class=\"main-heading\">Centro de salud y bienestar<\/p>\n          <\/div>    \n  <\/div>\n<\/section>\n\n\n<section class=\"image-twocol-hero background-image\">\n  <div class=\"max-width standard-spacing twocol-row\">\n\n          <div class=\"image-col twocol-col\" style=\"background-image: url('https:\/\/www.sbhny.org\/wp-content\/uploads\/2024\/05\/health-wellness-center-hero.png');\"><\/div>\n    \n\n    <div class=\"content-col twocol-col\">\n              <h1 class=\"main-heading\">Creemos que todos merecen servicios integrales de bienestar en el Bronx.<\/h1>\n            <div class=\"body-copy\">\n        <p>Estamos comprometidos con la mejora total de la salud de todos los residentes del Bronx en el Centro de Salud y Bienestar SBH. Descubra c\u00f3mo ayudamos a las personas a vivir de forma saludable mediante una nutrici\u00f3n adecuada y ejercicio con nuestros programas de salud y bienestar en el Bronx.<\/p>\n      <\/div>\n      \n        \n      \n          <\/div>\n  <\/div>\n<\/section>\n\n\n<section class=\"image-edge-twocol-section lightestgray-background\">\n  <div class=\"max-width twocol-row twocol-row--image-edge standard-spacing not-top-spacing no-bottom-spacing\">\n    <div class=\"content-col twocol-col\">\n      <div class=\"body-copy\"><h2 class=\"main-heading centered\">Un centro de salud y bienestar de \u00faltima generaci\u00f3n para el Bronx<\/h2>\n<div class=\"intro-copy centered\">\n<p class=\"large-body-copy\">Nuestra misi\u00f3n es sencilla: proporcionar al Bronx los recursos que necesita para que sus residentes puedan llevar una vida lo m\u00e1s sana posible. Eso incluye proporcionar instalaciones para hacer ejercicio, educaci\u00f3n nutricional, alimentos cultivados org\u00e1nicamente y servicios de atenci\u00f3n cl\u00ednica a cada hombre, mujer y ni\u00f1o del Bronx. Estos servicios de bienestar son vitales para la salud y el bienestar de la comunidad, para que los residentes est\u00e9n sanos, vivan sanos y se mantengan sanos.<\/p>\n<\/div>\n<\/div>    <\/div>\n          <div class=\"image-col twocol-col standard\" style=\"background-image: url('https:\/\/www.sbhny.org\/wp-content\/uploads\/2024\/05\/woman-with-yoga-mat.png');\"><\/div>\n      <\/div>\n<\/section>\n\n\n\n\n<section class=\"blue-quote-box\">\n  <div class=\"max-width standard-spacing\">\n                  <div class=\"author-img large\" style=\"background-image:url('https:\/\/www.sbhny.org\/wp-content\/uploads\/2024\/05\/david-perlstein-image.png');\"><\/div>  \n          \n\n          <p class=\"main-heading\">\"[Los residentes del Bronx] tienen todo el derecho a maximizar la bondad en sus vidas... y podemos formar parte de la mejora de eso\".<\/p>      \n    \n    \n          <p class=\"large-body-copy\"><strong>David Perlstein, MD<\/strong><\/p>\n    \n          <p class=\"medium-body-copy\">Presidente y Consejero Delegado, SBH Health System<\/p>\n      <\/div>\n<\/section>\n\n\n<section class=\"alternating-content-image-rows first gray-desktop\">\n\n  <div class=\"alternating-intro-copy max-width standard-spacing no-bottom-spacing\">\n    <!-- Display eyebrow if there is one -->\n        \n    <!-- Display heading if there is one -->\n        <h2 class=\"main-heading\">Programas de salud y bienestar de SBH disponibles aqu\u00ed en el Bronx<\/h2>\n    \n    <!-- Display intro description if there is one -->\n      <\/div>\n    \n          <div class=\"standard-spacing no-side-spacing no-bottom-spacing content-image-block not-reversed\">\n            <div class=\"content-image-row\">\n              <div class=\"content-side\">\n  \n                <!-- Display icon if there is one -->\n                                  <img decoding=\"async\" src=\"https:\/\/www.sbhny.org\/wp-content\/uploads\/2024\/05\/nurse-circle-icon.png\" alt=\"icon\">\n                  \n                <!-- Display heading if there is one -->\n                <!-- If there is intro copy, display h3 -->\n                <!-- If there is no intro copy, display h2 -->\n                                  <h3 class=\"subheading\">Atenci\u00f3n cl\u00ednica<\/h3>  \n                                  \n                <!-- Display body copy if there is body copy -->\n                                  <div class=\"body-copy\"><p>SBH brinda el m\u00e1s alto nivel de atenci\u00f3n cl\u00ednica disponible a trav\u00e9s de nuestro Centro de salud y bienestar. Esto incluye pediatr\u00eda, servicios de im\u00e1genes y salud de la mujer y servicios de atenci\u00f3n de urgencia. Brindar atenci\u00f3n asequible y proactiva a todos, especialmente a mujeres y ni\u00f1os, es fundamental para nuestra misi\u00f3n de promover mejores resultados de salud. <\/p>\n<\/div>\n                  \n                                \n                                  <a href=\"\/es\/health-wellness-center\/clinical-care\/\" class=\"btn btn--arrow\">Obtenga m\u00e1s informaci\u00f3n sobre los servicios de atenci\u00f3n cl\u00ednica.<\/a>\n                \n                \n                  \n              <\/div>\n              \n              <!-- Display main image if there is an image -->\n                            <div class=\"image-side\" style=\"background-image: url('https:\/\/www.sbhny.org\/wp-content\/uploads\/2024\/05\/clincial-care.png');\"><\/div>\n                \n            <\/div>\n          <\/div>\n  \n          \n          <div class=\"standard-spacing no-side-spacing no-bottom-spacing content-image-block not-reversed\">\n            <div class=\"content-image-row\">\n              <div class=\"content-side\">\n  \n                <!-- Display icon if there is one -->\n                                  <img decoding=\"async\" src=\"https:\/\/www.sbhny.org\/wp-content\/uploads\/2024\/05\/heartbeat-circle-icon.png\" alt=\"icon\">\n                  \n                <!-- Display heading if there is one -->\n                <!-- If there is intro copy, display h3 -->\n                <!-- If there is no intro copy, display h2 -->\n                                  <h3 class=\"subheading\">Programas de bienestar<\/h3>  \n                                  \n                <!-- Display body copy if there is body copy -->\n                                  <div class=\"body-copy\"><p>SBH tiene una serie de programas de bienestar dedicados a brindar educaci\u00f3n nutricional y alimentos frescos y saludables para ayudar a las personas a vivir la vida m\u00e1s saludable posible. Programas como nuestro Rooftop Farm brindan frutas y verduras org\u00e1nicas reci\u00e9n cultivadas, mientras que nuestro Food Pantry garantiza que todos tengan suficiente comida y una nutrici\u00f3n adecuada. Nuestro puesto agr\u00edcola y nuestro colmena de abejas en la azotea ofrecen alternativas frescas y saludables a los alimentos procesados comprados en la tienda.<\/p>\n<\/div>\n                  \n                                \n                                  <a href=\"\/es\/health-wellness-center\/wellness-programs\/\" class=\"btn btn--arrow\">Conozca nuestros programas de bienestar<\/a>\n                \n                \n                  \n              <\/div>\n              \n              <!-- Display main image if there is an image -->\n                            <div class=\"image-side\" style=\"background-image: url('https:\/\/www.sbhny.org\/wp-content\/uploads\/2024\/05\/wellness-programs.png');\"><\/div>\n                \n            <\/div>\n          <\/div>\n  \n          \n          <div class=\"standard-spacing no-side-spacing no-bottom-spacing content-image-block not-reversed\">\n            <div class=\"content-image-row\">\n              <div class=\"content-side\">\n  \n                <!-- Display icon if there is one -->\n                                  <img decoding=\"async\" src=\"https:\/\/www.sbhny.org\/wp-content\/uploads\/2024\/05\/apple-circle-icon.png\" alt=\"icon\">\n                  \n                <!-- Display heading if there is one -->\n                <!-- If there is intro copy, display h3 -->\n                <!-- If there is no intro copy, display h2 -->\n                                  <h3 class=\"subheading\">Medicina Culinaria Y Ense\u00f1anza De Cocina<\/h3>  \n                                  \n                <!-- Display body copy if there is body copy -->\n                                  <div class=\"body-copy\"><p>Para comer sano primero hay que aprender a cocinar de forma saludable. SBH est\u00e1 comprometido con la salud proactiva a largo plazo de nuestra comunidad del Bronx. Por eso ofrecemos clases de cocina saludable a trav\u00e9s de nuestra Cocina Docente. Estas clases ense\u00f1an a las personas c\u00f3mo preparar comidas deliciosamente saludables que no solo saben bien, sino que tambi\u00e9n son buenas para la salud. <\/p>\n<\/div>\n                  \n                                  <div class=\"cta-row\">\n                                \n                                  <a href=\"\/es\/health-wellness-center\/teaching-kitchen\/\" class=\"btn btn--arrow\">Conoce nuestra cocina docente<\/a>\n                \n                                  <a href=\"\/es\/health-wellness-center\/teaching-kitchen\/#our-classes\" class=\"btn btn--white btn--arrow\">Explora las clases de cocina<\/a>\n                \n                                  <\/div>\n                  \n              <\/div>\n              \n              <!-- Display main image if there is an image -->\n                            <div class=\"image-side\" style=\"background-image: url('https:\/\/www.sbhny.org\/wp-content\/uploads\/2024\/05\/culinary.png');\"><\/div>\n                \n            <\/div>\n          <\/div>\n  \n          \n          <div class=\"standard-spacing no-side-spacing no-bottom-spacing content-image-block not-reversed\">\n            <div class=\"content-image-row\">\n              <div class=\"content-side\">\n  \n                <!-- Display icon if there is one -->\n                                  <img decoding=\"async\" src=\"https:\/\/www.sbhny.org\/wp-content\/uploads\/2024\/05\/lightning-circle-icon.png\" alt=\"icon\">\n                  \n                <!-- Display heading if there is one -->\n                <!-- If there is intro copy, display h3 -->\n                <!-- If there is no intro copy, display h2 -->\n                                  <h3 class=\"subheading\">Gimnasio Healthplex<\/h3>  \n                                  \n                <!-- Display body copy if there is body copy -->\n                                  <div class=\"body-copy\"><p>Un estado f\u00edsico adecuado es una de las claves m\u00e1s importantes para una buena salud. Es por eso que SBH ofrece membres\u00edas para nuestro gimnasio avanzado y de \u00faltima generaci\u00f3n. Los miembros pueden participar en clases de fitness y tener acceso a nuestro gimnasio totalmente equipado para todas sus necesidades de ejercicio. <\/p>\n<\/div>\n                  \n                                \n                                  <a href=\"\/es\/health-wellness-center\/fitness-center\/\" class=\"btn btn--arrow\">Conozca nuestro gimnasio<\/a>\n                \n                \n                  \n              <\/div>\n              \n              <!-- Display main image if there is an image -->\n                            <div class=\"image-side\" style=\"background-image: url('https:\/\/www.sbhny.org\/wp-content\/uploads\/2024\/05\/healthplex-fitness-center-1.png');\"><\/div>\n                \n            <\/div>\n          <\/div>\n  \n        \n\n\n\n<\/section>\n\n\n<section class=\"testimonial-block large-no-background\">\n  <div class=\"max-width standard-spacing\">\n    <div class=\"testimonial-row\">\n      <div class=\"content\">\n                  <p class=\"subheading quote\">Realice un recorrido en v\u00eddeo por el Centro de salud y bienestar de SBH<\/p>\n        \n        \n              <\/div>\n\n            <div class=\"video\">\n        <div class=\"video-thumbnail\" style=\"background-image: url('https:\/\/www.sbhny.org\/wp-content\/uploads\/2024\/09\/DSCF2441-scaled.jpg');\">\n          <button class=\"video-play\">Ver v\u00eddeo biogr\u00e1fico<\/button>\n        <\/div>\n        <div class=\"video-embed\" tabindex=\"0\">\n          <iframe loading=\"lazy\" width=\"560\" height=\"315\" src=\"https:\/\/www.youtube.com\/embed\/RAhMG8kbpms?si=Y40cPYFsbJ81MO1_\" title=\"reproductor de v\u00eddeos de youtube\" frameborder=\"0\" allow=\"accelerometer; autoplay; clipboard-write; encrypted-media; gyroscope; picture-in-picture; web-share\" referrerpolicy=\"strict-origin-when-cross-origin\" allowfullscreen><\/iframe>\n        <\/div>\n        <div class=\"video-embed-overlay\"><button class=\"close-overlay\"><\/button><\/div>\n      <\/div>\n      \n    <\/div>\n  <\/div>\n<\/section>\n\n\n\n<section class=\"image-edge-twocol-section no-back\">\n  <div class=\"max-width twocol-row twocol-row--image-edge standard-spacing not-top-spacing no-bottom-spacing\">\n    <div class=\"content-col twocol-col\">\n      <div class=\"body-copy\"><h2 class=\"subheading centered location\" style=\"text-transform: capitalize\">nuestra ubicaci\u00f3n<\/h2>\n<div class=\"gray-box gray-box--icon centered\"><img decoding=\"async\" src=\"\/wp-content\/uploads\/2024\/05\/locations.png\" alt=\"icon\" \/><\/p>\n<p class=\"small-medium-body-copy\">Sistema de Salud SBH<\/p>\n<p class=\"large-body-copy\"><strong>Centro de salud y bienestar<\/strong><\/p>\n<p class=\"medium-body-copy\">4507 Tercera Avenida<br \/>\nBronx, Nueva York 10457<\/p>\n<p><a class=\"btn btn--white google-maps-cta\" href=\"https:\/\/maps.app.goo.gl\/pptMCexfnKmb2fjn7\">Ver en Google Maps<\/a><\/p>\n<\/div>\n<\/div>    <\/div>\n          <div class=\"image-col twocol-col image-radius\" style=\"background-image: url('https:\/\/www.sbhny.org\/wp-content\/uploads\/2024\/09\/HWC-scaled.jpg');\"><\/div>\n      <\/div>\n<\/section>","protected":false},"excerpt":{"rendered":"","protected":false},"author":3,"featured_media":0,"parent":0,"menu_order":0,"comment_status":"closed","ping_status":"closed","template":"","meta":{"_acf_changed":false,"_eb_attr":"","_price":"","_stock":"","_tribe_ticket_header":"","_tribe_default_ticket_provider":"","_tribe_ticket_capacity":"0","_ticket_start_date":"","_ticket_end_date":"","_tribe_ticket_show_description":"","_tribe_ticket_show_not_going":false,"_tribe_ticket_use_global_stock":"","_tribe_ticket_global_stock_level":"","_global_stock_mode":"","_global_stock_cap":"","_tribe_rsvp_for_event":"","_tribe_ticket_going_count":"","_tribe_ticket_not_going_count":"","_tribe_tickets_list":"[]","_tribe_ticket_has_attendee_info_fields":false,"footnotes":""},"class_list":["post-886","page","type-page","status-publish","hentry"],"acf":[],"yoast_head":"<!-- This site is optimized with the Yoast SEO plugin v26.5 - https:\/\/yoast.com\/wordpress\/plugins\/seo\/ -->\n<title>Health &amp; Wellness Center - SBH Health System<\/title>\n<meta name=\"robots\" content=\"index, follow, max-snippet:-1, max-image-preview:large, max-video-preview:-1\" \/>\n<link rel=\"canonical\" href=\"https:\/\/www.sbhny.org\/es\/health-wellness-center\/\" \/>\n<meta property=\"og:locale\" content=\"es_MX\" \/>\n<meta property=\"og:type\" content=\"article\" \/>\n<meta property=\"og:title\" content=\"Health &amp; Wellness Center - SBH Health System\" \/>\n<meta property=\"og:url\" content=\"https:\/\/www.sbhny.org\/es\/health-wellness-center\/\" \/>\n<meta property=\"og:site_name\" content=\"SBH Health System\" \/>\n<meta property=\"article:publisher\" content=\"https:\/\/www.facebook.com\/SBHBronx\/\" \/>\n<meta property=\"article:modified_time\" content=\"2025-10-21T20:09:28+00:00\" \/>\n<meta name=\"twitter:card\" content=\"summary_large_image\" \/>\n<meta name=\"twitter:site\" content=\"@sbhbronx\" \/>\n<script type=\"application\/ld+json\" class=\"yoast-schema-graph\">{\"@context\":\"https:\/\/schema.org\",\"@graph\":[{\"@type\":\"WebPage\",\"@id\":\"https:\/\/www.sbhny.org\/health-wellness-center\/\",\"url\":\"https:\/\/www.sbhny.org\/health-wellness-center\/\",\"name\":\"Health &amp; Wellness Center - SBH Health System\",\"isPartOf\":{\"@id\":\"https:\/\/www.sbhny.org\/#website\"},\"datePublished\":\"2024-05-13T14:58:58+00:00\",\"dateModified\":\"2025-10-21T20:09:28+00:00\",\"breadcrumb\":{\"@id\":\"https:\/\/www.sbhny.org\/health-wellness-center\/#breadcrumb\"},\"inLanguage\":\"es\",\"potentialAction\":[{\"@type\":\"ReadAction\",\"target\":[\"https:\/\/www.sbhny.org\/health-wellness-center\/\"]}]},{\"@type\":\"BreadcrumbList\",\"@id\":\"https:\/\/www.sbhny.org\/health-wellness-center\/#breadcrumb\",\"itemListElement\":[{\"@type\":\"ListItem\",\"position\":1,\"name\":\"Home\",\"item\":\"https:\/\/www.sbhny.org\/\"},{\"@type\":\"ListItem\",\"position\":2,\"name\":\"Health &amp; Wellness Center\"}]},{\"@type\":\"WebSite\",\"@id\":\"https:\/\/www.sbhny.org\/#website\",\"url\":\"https:\/\/www.sbhny.org\/\",\"name\":\"SBH Health System\",\"description\":\"\",\"potentialAction\":[{\"@type\":\"SearchAction\",\"target\":{\"@type\":\"EntryPoint\",\"urlTemplate\":\"https:\/\/www.sbhny.org\/?s={search_term_string}\"},\"query-input\":{\"@type\":\"PropertyValueSpecification\",\"valueRequired\":true,\"valueName\":\"search_term_string\"}}],\"inLanguage\":\"es\"}]}<\/script>\n<!-- \/ Yoast SEO plugin. -->","yoast_head_json":{"title":"Health &amp; Wellness Center - SBH Health System","robots":{"index":"index","follow":"follow","max-snippet":"max-snippet:-1","max-image-preview":"max-image-preview:large","max-video-preview":"max-video-preview:-1"},"canonical":"https:\/\/www.sbhny.org\/es\/health-wellness-center\/","og_locale":"es_MX","og_type":"article","og_title":"Health &amp; Wellness Center - SBH Health System","og_url":"https:\/\/www.sbhny.org\/es\/health-wellness-center\/","og_site_name":"SBH Health System","article_publisher":"https:\/\/www.facebook.com\/SBHBronx\/","article_modified_time":"2025-10-21T20:09:28+00:00","twitter_card":"summary_large_image","twitter_site":"@sbhbronx","schema":{"@context":"https:\/\/schema.org","@graph":[{"@type":"WebPage","@id":"https:\/\/www.sbhny.org\/health-wellness-center\/","url":"https:\/\/www.sbhny.org\/health-wellness-center\/","name":"Health &amp; Wellness Center - SBH Health System","isPartOf":{"@id":"https:\/\/www.sbhny.org\/#website"},"datePublished":"2024-05-13T14:58:58+00:00","dateModified":"2025-10-21T20:09:28+00:00","breadcrumb":{"@id":"https:\/\/www.sbhny.org\/health-wellness-center\/#breadcrumb"},"inLanguage":"es","potentialAction":[{"@type":"ReadAction","target":["https:\/\/www.sbhny.org\/health-wellness-center\/"]}]},{"@type":"BreadcrumbList","@id":"https:\/\/www.sbhny.org\/health-wellness-center\/#breadcrumb","itemListElement":[{"@type":"ListItem","position":1,"name":"Home","item":"https:\/\/www.sbhny.org\/"},{"@type":"ListItem","position":2,"name":"Health &amp; Wellness Center"}]},{"@type":"WebSite","@id":"https:\/\/www.sbhny.org\/#website","url":"https:\/\/www.sbhny.org\/","name":"Sistema de Salud SBH","description":"","potentialAction":[{"@type":"SearchAction","target":{"@type":"EntryPoint","urlTemplate":"https:\/\/www.sbhny.org\/?s={search_term_string}"},"query-input":{"@type":"PropertyValueSpecification","valueRequired":true,"valueName":"search_term_string"}}],"inLanguage":"es"}]}},"_links":{"self":[{"href":"https:\/\/www.sbhny.org\/es\/wp-json\/wp\/v2\/pages\/886","targetHints":{"allow":["GET"]}}],"collection":[{"href":"https:\/\/www.sbhny.org\/es\/wp-json\/wp\/v2\/pages"}],"about":[{"href":"https:\/\/www.sbhny.org\/es\/wp-json\/wp\/v2\/types\/page"}],"author":[{"embeddable":true,"href":"https:\/\/www.sbhny.org\/es\/wp-json\/wp\/v2\/users\/3"}],"replies":[{"embeddable":true,"href":"https:\/\/www.sbhny.org\/es\/wp-json\/wp\/v2\/comments?post=886"}],"version-history":[{"count":0,"href":"https:\/\/www.sbhny.org\/es\/wp-json\/wp\/v2\/pages\/886\/revisions"}],"wp:attachment":[{"href":"https:\/\/www.sbhny.org\/es\/wp-json\/wp\/v2\/media?parent=886"}],"curies":[{"name":"wp","href":"https:\/\/api.w.org\/{rel}","templated":true}]}}