{"id":890,"date":"2024-05-13T14:58:04","date_gmt":"2024-05-13T14:58:04","guid":{"rendered":"https:\/\/sbhny.wpenginepowered.com\/?page_id=890"},"modified":"2024-09-28T15:52:51","modified_gmt":"2024-09-28T15:52:51","slug":"wellness-programs","status":"publish","type":"page","link":"https:\/\/www.sbhny.org\/es\/health-wellness-center\/wellness-programs\/","title":{"rendered":"Programas de bienestar"},"content":{"rendered":"<section class=\"breadcrumb-eyebrow-marquee\">\n  <div class=\"max-width marquee-spacing\">\n    <nav class=\"breadcrumbs\" aria-label=\"Migas de pan\">\n      <ul class=\"breadcrumbs-list\" itemscope itemtype=\"https:\/\/schema.org\/BreadcrumbList\">\n        <li itemprop=\"itemListElement\" itemscope\n itemtype=\"https:\/\/schema.org\/ListItem\"><a itemprop=\"item\" href=\"\/es\/\"><span itemprop=\"name\">Hogar<\/span><\/a><\/li>\n        <li class=\"page_item page-item-886\"><a href=\"https:\/\/www.sbhny.org\/es\/health-wellness-center\/\">Centro de salud y bienestar<\/a><\/li>\n        \n        <li itemprop=\"itemListElement\" itemscope\n itemtype=\"https:\/\/schema.org\/ListItem\"><a itemprop=\"item\" class=\"current\" aria-current=\"page\" href=\"https:\/\/www.sbhny.org\/es\/health-wellness-center\/wellness-programs\/\"><span itemprop=\"name\">Programas de bienestar<\/span><\/a><\/li>\n    <\/ul>\n\n    <\/nav>\n    <div class=\"eyebrow\">\n              <p class=\"main-heading\">Programas de bienestar<\/p>\n          <\/div>    \n  <\/div>\n<\/section>\n\n\n<section class=\"image-twocol-hero background-image\">\n  <div class=\"max-width standard-spacing twocol-row\">\n\n          <div class=\"image-col twocol-col\" style=\"background-image: url('https:\/\/www.sbhny.org\/wp-content\/uploads\/2024\/05\/wellness-programs-hero.png');\"><\/div>\n    \n\n    <div class=\"content-col twocol-col\">\n              <h1 class=\"main-heading\">Nuestros programas de bienestar ayudan a las personas del Bronx a vivir de manera saludable<\/h1>\n            <div class=\"body-copy\">\n        <p>SBH est\u00e1 comprometido con la salud y el bienestar del Bronx. Nuestros programas de bienestar, programas de estilo de vida y servicios de apoyo a la salud est\u00e1n dise\u00f1ados para brindarle las herramientas que necesita para proteger su salud a largo plazo.<\/p>\n      <\/div>\n      \n        \n      \n          <\/div>\n  <\/div>\n<\/section>\n\n\n\n<a class=\"jump-nav-link-block\" href=\"javascript:void(0)\" tabindex=\"-1\" id=\"overview\" data-name=\"Overview\"><\/a>\n\n\n\n<section class=\"image-edge-twocol-section no-back\">\n  <div class=\"max-width twocol-row twocol-row--image-edge standard-spacing not-top-spacing no-bottom-spacing\">\n    <div class=\"content-col twocol-col\">\n      <div class=\"body-copy\"><h2 class=\"main-heading centered\">Programas de bienestar que son convenientes y accesibles para todos en el Bronx<\/h2>\n<div class=\"intro-copy centered\">\n<p class=\"large-body-copy\">Nuestra misi\u00f3n es brindar a los residentes del Bronx la educaci\u00f3n, las herramientas y los recursos que necesitan para vivir sanos, mantenerse saludables y no tener que ir al hospital. Contamos con una variedad de programas destinados a brindar acceso a alimentos frescos, saludables y cultivados org\u00e1nicamente a trav\u00e9s de nuestra asociaci\u00f3n con el Proyecto EATS. El objetivo es proporcionar un acceso muy necesario a productos frescos y una nutrici\u00f3n adecuada que respalden una mejor salud.<\/p>\n<\/div>\n<\/div>    <\/div>\n          <div class=\"image-col twocol-col standard\" style=\"background-image: url('https:\/\/www.sbhny.org\/wp-content\/uploads\/2024\/05\/woman-with-basket-of-produce.png');\"><\/div>\n      <\/div>\n<\/section>\n\n\n\n\n\n<a class=\"jump-nav-link-block\" href=\"javascript:void(0)\" tabindex=\"-1\" id=\"rooftop-farm\" data-name=\"Rooftop Farm\"><\/a>\n\n\n\n<section class=\"alternating-content-image-rows first gray\">\n\n  \n          <div class=\"standard-spacing no-side-spacing no-bottom-spacing content-image-block not-reversed\">\n            <div class=\"content-image-row\">\n              <div class=\"content-side\">\n  \n                <!-- Display icon if there is one -->\n                                  <img decoding=\"async\" src=\"https:\/\/www.sbhny.org\/wp-content\/uploads\/2024\/05\/carrot-circle-icon.png\" alt=\"icon\">\n                  \n                <!-- Display heading if there is one -->\n                <!-- If there is intro copy, display h3 -->\n                <!-- If there is no intro copy, display h2 -->\n                                  <h2 class=\"small-heading\">Granja en la azotea <\/h2>\n                                  \n                <!-- Display body copy if there is body copy -->\n                                  <div class=\"body-copy\"><p>\u00bfBuscas alimentos frescos que sepan bien y sean buenos para ti? No busque m\u00e1s, visite el Centro de Salud y Bienestar Rooftop Farm. Este huerto urbano est\u00e1 transformando los h\u00e1bitos alimentarios de nuestras comunidades locales. Como socio de Project EATS, ofrecemos alimentos de temporada asequibles que pueden ayudarte a mejorar tu salud en general. <\/p>\n<\/div>\n                  \n                                \n                \n                \n                  \n              <\/div>\n              \n              <!-- Display main image if there is an image -->\n                            <div class=\"image-side\" style=\"background-image: url('https:\/\/www.sbhny.org\/wp-content\/uploads\/2024\/05\/class-5-dinner.jpg');\"><\/div>\n                \n            <\/div>\n          <\/div>\n  \n          \n          <div class=\"standard-spacing no-side-spacing no-bottom-spacing content-image-block not-reversed\">\n            <div class=\"content-image-row\">\n              <div class=\"content-side\">\n  \n                <!-- Display icon if there is one -->\n                                  <img decoding=\"async\" src=\"https:\/\/www.sbhny.org\/wp-content\/uploads\/2024\/05\/pear-circle-icon.png\" alt=\"icon\">\n                  \n                <!-- Display heading if there is one -->\n                <!-- If there is intro copy, display h3 -->\n                <!-- If there is no intro copy, display h2 -->\n                                  <h2 class=\"small-heading\">Despensa de alimentos<\/h2>\n                                  \n                <!-- Display body copy if there is body copy -->\n                                  <div class=\"body-copy\"><p>La comunidad del Bronx enfrenta todos los d\u00edas un acceso desigual a alimentos saludables y asequibles. Esto conduce a dietas poco saludables, que pueden provocar mala salud y enfermedades cr\u00f3nicas. SBH cultiva frutas y verduras frescas en nuestra granja en la azotea. Los alimentos se incorporan al Centro Culinario y Cocina Docente. El puesto agr\u00edcola de SBH ofrece frutas y verduras durante la temporada de crecimiento y se venden a un precio reducido a la comunidad. Cualquier verdura que no se venda se regala al d\u00eda siguiente como parte de Food Pantry.<\/p>\n<\/div>\n                  \n                                \n                \n                \n                  \n              <\/div>\n              \n              <!-- Display main image if there is an image -->\n                            <div class=\"image-side\" style=\"background-image: url('https:\/\/www.sbhny.org\/wp-content\/uploads\/2024\/05\/class-1-introduction.png');\"><\/div>\n                \n            <\/div>\n          <\/div>\n  \n          \n          <div class=\"standard-spacing no-side-spacing no-bottom-spacing content-image-block not-reversed\">\n            <div class=\"content-image-row\">\n              <div class=\"content-side\">\n  \n                <!-- Display icon if there is one -->\n                                  <img decoding=\"async\" src=\"https:\/\/www.sbhny.org\/wp-content\/uploads\/2024\/05\/bee-circle-icon.png\" alt=\"icon\">\n                  \n                <!-- Display heading if there is one -->\n                <!-- If there is intro copy, display h3 -->\n                <!-- If there is no intro copy, display h2 -->\n                                  <h2 class=\"small-heading\">Colmena en la azotea<\/h2>\n                                  \n                <!-- Display body copy if there is body copy -->\n                                  <div class=\"body-copy\"><p>Para que nuestro jard\u00edn siga creciendo a\u00f1o tras a\u00f1o, tambi\u00e9n hemos invertido en abejas. El espacio verde de la azotea tiene una colmena que alberga a m\u00e1s de 250.000 abejas. Producen miel local y polinizan las plantas para asegurar la pr\u00f3xima cosecha de productos.<\/p>\n<\/div>\n                  \n                                \n                \n                \n                  \n              <\/div>\n              \n              <!-- Display main image if there is an image -->\n                            <div class=\"image-side\" style=\"background-image: url('https:\/\/www.sbhny.org\/wp-content\/uploads\/2024\/05\/rooftop-beehive.png');\"><\/div>\n                \n            <\/div>\n          <\/div>\n  \n        \n\n\n\n<\/section>\n\n\n<section class=\"testimonial-block large-no-background--reversed\">\n  <div class=\"max-width standard-spacing\">\n    <div class=\"testimonial-row\">\n      <div class=\"content\">\n                  <p class=\"subheading quote\">Aprenda a cocinar comidas saludables con productos frescos.<\/p>\n        \n        \n\n                  <a href=\"\/es\/health-wellness-center\/teaching-kitchen\/#our-classes\" class=\"btn\">Conoce nuestras clases de cocina<\/a>      \n        \n      <\/div>\n\n      <div class=\"video\">\n        <div class=\"video-thumbnail no-video\" style=\"background-image: url('https:\/\/www.sbhny.org\/wp-content\/uploads\/2024\/05\/take-a-video-tour-thumbnail.jpg');\">\n        <\/div>\n      <\/div>\n\n    <\/div>\n  <\/div>\n<\/section>\n\n\n\n\n<a class=\"jump-nav-link-block\" href=\"javascript:void(0)\" tabindex=\"-1\" id=\"wic\" data-name=\"Women, Infants And Children Program (WIC)\"><\/a>\n\n\n\n<section class=\"image-edge-twocol-section no-back\">\n  <div class=\"max-width twocol-row twocol-row--image-edge standard-spacing not-top-spacing no-bottom-spacing\">\n    <div class=\"content-col twocol-col\">\n      <div class=\"body-copy\"><h2 class=\"subheading centered\">Programa para Mujeres, Beb\u00e9s y Ni\u00f1os (WIC)<\/h2>\n<div class=\"intro-copy intro-copy--icon centered\">\n<p class=\"large-body-copy\">En SBH, nos dedicamos a promover la salud a largo plazo y prevenir enfermedades. Una buena nutrici\u00f3n juega un papel importante para alcanzar ese objetivo. Por eso, redoblamos nuestros esfuerzos para brindar alimentos saludables a las familias a trav\u00e9s de nuestro programa WIC. Este programa financiado por el gobierno federal y estatal est\u00e1 dise\u00f1ado para mujeres embarazadas o amamantando, as\u00ed como para madres con ni\u00f1os de hasta cinco a\u00f1os que cumplen con ciertos requisitos de vivienda e ingresos.<\/p>\n<\/div>\n<div class=\"gray-box gray-box--icon centered\">\n  <img decoding=\"async\" src=\"\/wp-content\/uploads\/2024\/05\/fork-knife-icon.png\" alt=\"icon\" \/><\/p>\n<p class=\"large-body-copy\"><strong>Al participar en el programa WIC, recibir\u00e1 informaci\u00f3n sobre nutrici\u00f3n y acondicionamiento f\u00edsico, as\u00ed como paquetes de alimentos mensuales que incluyen:<\/strong><\/p>\n<div class=\"two-col-ul\">\n<ul class=\"first\">\n<li>alimentos para bebes<\/li>\n<li>Pescado enlatado<\/li>\n<li>Cereal<\/li>\n<li>Queso<\/li>\n<li>Frijoles y guisantes secos<\/li>\n<\/ul>\n<ul class=\"second\">\n<li>Huevos<\/li>\n<li>Frutas y vegetales<\/li>\n<li>Jugo 100%<\/li>\n<li>Cereal y f\u00f3rmula infantil<\/li>\n<\/ul><\/div>\n<p>  <a href=\"\/es\/wic\/\" class=\"arrow-cta\">Ubicaciones y detalles sobre WIC<\/a>\n<\/div>\n<\/div>    <\/div>\n          <div class=\"image-col twocol-col standard\" style=\"background-image: url('https:\/\/www.sbhny.org\/wp-content\/uploads\/2024\/09\/shutterstock_2259579987-e1727272662983.png');\"><\/div>\n      <\/div>\n<\/section>\n\n\n\n\n<section class=\"location-feature default\">\n  <div class=\"max-width standard-spacing location-feature-row\">\n    <div class=\"image\" style=\"background-image: url('https:\/\/www.sbhny.org\/wp-content\/uploads\/2024\/09\/HWC-scaled.jpg');\"><\/div>\n    <div class=\"content\">\n            <h2 class=\"subheading\">Horario de atenci\u00f3n de WIC<\/h2>\n      <div class=\"body-copy hours\"><p>Lunes \u2013 Viernes: 9:00 a. m. \u2013 5:00 p. m.<br \/>S\u00e1bado: 9:00 a. m. \u2013 5:00 p. m. (cuarto s\u00e1bado del mes)<\/p>\n<\/div>\n\n              <p class=\"large-body-copy\"><strong>Preguntas o concertar una cita:<\/strong><\/p>\n        <a href=\"tel:7189606257\" class=\"phone-cta color-blue\">(718) 960 6257<\/a>\n      \n      <br>\n\n              <a href=\"https:\/\/maps.app.goo.gl\/XhnZvMaYTgNHmwR19\" class=\"btn btn--white google-maps-cta\">Ver en Google Maps<\/a>     \n      \n      \n          <\/div>\n  <\/div>\n<\/section>\n\n\n<section class=\"resources-background-section\" >\n  <div class=\"max-width standard-spacing\">\n    <div class=\"intro-copy\">\n      <h2 class=\"main-heading\">M\u00e1s servicios de salud y bienestar disponibles en SBH<\/h2>\n          <\/div>\n\n\n    \n    \n    <div class=\"resources-row\">\n\n          <div class=\"resource-card\">\n                <img decoding=\"async\" src=\"https:\/\/www.sbhny.org\/wp-content\/uploads\/2024\/05\/nurse-icon.png\" alt=\"icon\">\n        \n                <p class=\"large-body-copy\"><strong>Atenci\u00f3n cl\u00ednica<\/strong><\/p>\n        \n                <p class=\"medium-body-copy\">Obtenga m\u00e1s informaci\u00f3n sobre la atenci\u00f3n, los servicios y la excelencia cl\u00ednica que brinda SBH.<\/p>\n        \n                <a href=\"\/es\/services\/\" class=\"arrow-cta\">Explora nuestros servicios<\/a>\n              <\/div>\n\n            <div class=\"resource-card\">\n                <img decoding=\"async\" src=\"https:\/\/www.sbhny.org\/wp-content\/uploads\/2024\/05\/apple-icon.png\" alt=\"icon\">\n        \n                <p class=\"large-body-copy\"><strong>Medicina Culinaria y Ense\u00f1anza de Cocina<\/strong><\/p>\n        \n                <p class=\"medium-body-copy\">Aprenda a preparar comidas deliciosamente saludables que no s\u00f3lo saben bien, sino que tambi\u00e9n son buenas para su salud. <\/p>\n        \n                <a href=\"\/es\/health-wellness-center\/teaching-kitchen\/\" class=\"arrow-cta\">Explora las clases de cocina<\/a>\n              <\/div>\n\n            <div class=\"resource-card\">\n                <img decoding=\"async\" src=\"https:\/\/www.sbhny.org\/wp-content\/uploads\/2024\/05\/shoe-icon.png\" alt=\"icon\">\n        \n                <p class=\"large-body-copy\"><strong>Gimnasio Healthplex<\/strong><\/p>\n        \n                <p class=\"medium-body-copy\">Mant\u00e9ngase saludable manteni\u00e9ndose en forma con la ayuda de entrenadores certificados y clases de \u00faltima generaci\u00f3n en nuestro gimnasio Healthplex.<\/p>\n        \n                <a href=\"\/es\/health-wellness-center\/fitness-center\/\" class=\"arrow-cta\">Explora las clases de fitness<\/a>\n              <\/div>\n\n      \n    <\/div>\n\n        \n  <\/div>\n<\/section>","protected":false},"excerpt":{"rendered":"","protected":false},"author":3,"featured_media":0,"parent":886,"menu_order":0,"comment_status":"closed","ping_status":"closed","template":"","meta":{"_acf_changed":false,"_eb_attr":"","_price":"","_stock":"","_tribe_ticket_header":"","_tribe_default_ticket_provider":"","_tribe_ticket_capacity":"0","_ticket_start_date":"","_ticket_end_date":"","_tribe_ticket_show_description":"","_tribe_ticket_show_not_going":false,"_tribe_ticket_use_global_stock":"","_tribe_ticket_global_stock_level":"","_global_stock_mode":"","_global_stock_cap":"","_tribe_rsvp_for_event":"","_tribe_ticket_going_count":"","_tribe_ticket_not_going_count":"","_tribe_tickets_list":"[]","_tribe_ticket_has_attendee_info_fields":false,"footnotes":""},"class_list":["post-890","page","type-page","status-publish","hentry"],"acf":[],"yoast_head":"<!-- This site is optimized with the Yoast SEO plugin v26.5 - https:\/\/yoast.com\/wordpress\/plugins\/seo\/ -->\n<title>Wellness Programs - SBH Health System<\/title>\n<meta name=\"robots\" content=\"index, follow, max-snippet:-1, max-image-preview:large, max-video-preview:-1\" \/>\n<link rel=\"canonical\" href=\"https:\/\/www.sbhny.org\/es\/health-wellness-center\/wellness-programs\/\" \/>\n<meta property=\"og:locale\" content=\"es_MX\" \/>\n<meta property=\"og:type\" content=\"article\" \/>\n<meta property=\"og:title\" content=\"Wellness Programs - SBH Health System\" \/>\n<meta property=\"og:url\" content=\"https:\/\/www.sbhny.org\/es\/health-wellness-center\/wellness-programs\/\" \/>\n<meta property=\"og:site_name\" content=\"SBH Health System\" \/>\n<meta property=\"article:publisher\" content=\"https:\/\/www.facebook.com\/SBHBronx\/\" \/>\n<meta property=\"article:modified_time\" content=\"2024-09-28T15:52:51+00:00\" \/>\n<meta name=\"twitter:card\" content=\"summary_large_image\" \/>\n<meta name=\"twitter:site\" content=\"@sbhbronx\" \/>\n<script type=\"application\/ld+json\" class=\"yoast-schema-graph\">{\"@context\":\"https:\/\/schema.org\",\"@graph\":[{\"@type\":\"WebPage\",\"@id\":\"https:\/\/www.sbhny.org\/health-wellness-center\/wellness-programs\/\",\"url\":\"https:\/\/www.sbhny.org\/health-wellness-center\/wellness-programs\/\",\"name\":\"Wellness Programs - SBH Health System\",\"isPartOf\":{\"@id\":\"https:\/\/www.sbhny.org\/#website\"},\"datePublished\":\"2024-05-13T14:58:04+00:00\",\"dateModified\":\"2024-09-28T15:52:51+00:00\",\"breadcrumb\":{\"@id\":\"https:\/\/www.sbhny.org\/health-wellness-center\/wellness-programs\/#breadcrumb\"},\"inLanguage\":\"es\",\"potentialAction\":[{\"@type\":\"ReadAction\",\"target\":[\"https:\/\/www.sbhny.org\/health-wellness-center\/wellness-programs\/\"]}]},{\"@type\":\"BreadcrumbList\",\"@id\":\"https:\/\/www.sbhny.org\/health-wellness-center\/wellness-programs\/#breadcrumb\",\"itemListElement\":[{\"@type\":\"ListItem\",\"position\":1,\"name\":\"Home\",\"item\":\"https:\/\/www.sbhny.org\/\"},{\"@type\":\"ListItem\",\"position\":2,\"name\":\"Health &amp; Wellness Center\",\"item\":\"https:\/\/www.sbhny.org\/health-wellness-center\/\"},{\"@type\":\"ListItem\",\"position\":3,\"name\":\"Wellness Programs\"}]},{\"@type\":\"WebSite\",\"@id\":\"https:\/\/www.sbhny.org\/#website\",\"url\":\"https:\/\/www.sbhny.org\/\",\"name\":\"SBH Health System\",\"description\":\"\",\"potentialAction\":[{\"@type\":\"SearchAction\",\"target\":{\"@type\":\"EntryPoint\",\"urlTemplate\":\"https:\/\/www.sbhny.org\/?s={search_term_string}\"},\"query-input\":{\"@type\":\"PropertyValueSpecification\",\"valueRequired\":true,\"valueName\":\"search_term_string\"}}],\"inLanguage\":\"es\"}]}<\/script>\n<!-- \/ Yoast SEO plugin. -->","yoast_head_json":{"title":"Wellness Programs - SBH Health System","robots":{"index":"index","follow":"follow","max-snippet":"max-snippet:-1","max-image-preview":"max-image-preview:large","max-video-preview":"max-video-preview:-1"},"canonical":"https:\/\/www.sbhny.org\/es\/health-wellness-center\/wellness-programs\/","og_locale":"es_MX","og_type":"article","og_title":"Wellness Programs - SBH Health System","og_url":"https:\/\/www.sbhny.org\/es\/health-wellness-center\/wellness-programs\/","og_site_name":"SBH Health System","article_publisher":"https:\/\/www.facebook.com\/SBHBronx\/","article_modified_time":"2024-09-28T15:52:51+00:00","twitter_card":"summary_large_image","twitter_site":"@sbhbronx","schema":{"@context":"https:\/\/schema.org","@graph":[{"@type":"WebPage","@id":"https:\/\/www.sbhny.org\/health-wellness-center\/wellness-programs\/","url":"https:\/\/www.sbhny.org\/health-wellness-center\/wellness-programs\/","name":"Wellness Programs - SBH Health System","isPartOf":{"@id":"https:\/\/www.sbhny.org\/#website"},"datePublished":"2024-05-13T14:58:04+00:00","dateModified":"2024-09-28T15:52:51+00:00","breadcrumb":{"@id":"https:\/\/www.sbhny.org\/health-wellness-center\/wellness-programs\/#breadcrumb"},"inLanguage":"es","potentialAction":[{"@type":"ReadAction","target":["https:\/\/www.sbhny.org\/health-wellness-center\/wellness-programs\/"]}]},{"@type":"BreadcrumbList","@id":"https:\/\/www.sbhny.org\/health-wellness-center\/wellness-programs\/#breadcrumb","itemListElement":[{"@type":"ListItem","position":1,"name":"Home","item":"https:\/\/www.sbhny.org\/"},{"@type":"ListItem","position":2,"name":"Health &amp; Wellness Center","item":"https:\/\/www.sbhny.org\/health-wellness-center\/"},{"@type":"ListItem","position":3,"name":"Wellness Programs"}]},{"@type":"WebSite","@id":"https:\/\/www.sbhny.org\/#website","url":"https:\/\/www.sbhny.org\/","name":"Sistema de Salud SBH","description":"","potentialAction":[{"@type":"SearchAction","target":{"@type":"EntryPoint","urlTemplate":"https:\/\/www.sbhny.org\/?s={search_term_string}"},"query-input":{"@type":"PropertyValueSpecification","valueRequired":true,"valueName":"search_term_string"}}],"inLanguage":"es"}]}},"_links":{"self":[{"href":"https:\/\/www.sbhny.org\/es\/wp-json\/wp\/v2\/pages\/890","targetHints":{"allow":["GET"]}}],"collection":[{"href":"https:\/\/www.sbhny.org\/es\/wp-json\/wp\/v2\/pages"}],"about":[{"href":"https:\/\/www.sbhny.org\/es\/wp-json\/wp\/v2\/types\/page"}],"author":[{"embeddable":true,"href":"https:\/\/www.sbhny.org\/es\/wp-json\/wp\/v2\/users\/3"}],"replies":[{"embeddable":true,"href":"https:\/\/www.sbhny.org\/es\/wp-json\/wp\/v2\/comments?post=890"}],"version-history":[{"count":0,"href":"https:\/\/www.sbhny.org\/es\/wp-json\/wp\/v2\/pages\/890\/revisions"}],"up":[{"embeddable":true,"href":"https:\/\/www.sbhny.org\/es\/wp-json\/wp\/v2\/pages\/886"}],"wp:attachment":[{"href":"https:\/\/www.sbhny.org\/es\/wp-json\/wp\/v2\/media?parent=890"}],"curies":[{"name":"wp","href":"https:\/\/api.w.org\/{rel}","templated":true}]}}