{"id":891,"date":"2024-05-13T14:57:51","date_gmt":"2024-05-13T14:57:51","guid":{"rendered":"https:\/\/sbhny.wpenginepowered.com\/?page_id=891"},"modified":"2024-10-14T19:53:24","modified_gmt":"2024-10-14T19:53:24","slug":"homepage","status":"publish","type":"page","link":"https:\/\/www.sbhny.org\/es\/","title":{"rendered":"P\u00e1gina de inicio"},"content":{"rendered":"<section class=\"home-hero\">\n  <div class=\"standard-spacing max-width home-hero--row\">\n    <div class=\"home-hero--left\">\n\n            <h1 class=\"jumbo-heading\">Un sistema hospitalario comprometido con la salud y el bienestar del Bronx<\/h1>\n      \n            <div class=\"body-copy\"><p>SBH ha brindado atenci\u00f3n m\u00e9dica compasiva al Bronx durante casi 160 a\u00f1os. Hoy, continuamos brindando atenci\u00f3n de la m\u00e1s alta calidad y servicios confiables a todos en la comunidad. <\/p>\n<\/div>\n      \n            <div class=\"cta-row\">\n\n                <a href=\"\/es\/about-sbh\/\" class=\"btn\">M\u00e1s informaci\u00f3n sobre SBH<\/a>\n        \n                <a href=\"\/es\/services\/\" class=\"arrow-cta\">Nuestros servicios<\/a>\n              <\/div>  \n      \n    <\/div>\n    <div class=\"home-hero--right\">\n              <img decoding=\"async\" src=\"https:\/\/www.sbhny.org\/wp-content\/themes\/SBH-Website\/img\/images\/home-hero.png\" alt=\"Parents taking daughter to doctor's office\">   \n          <\/div>\n  <\/div>\n<\/section>\n\n\n<section class=\"icon-arrow-cta-list\">\n  <div class=\"standard-spacing max-width\">\n\n        <h2 class=\"main-heading\">Soporte y recursos<\/h2>\n    \n        <div class=\"icon-arrow-cta-row\">\n\n            <div class=\"icon-arrow-cta\">\n\n                <img decoding=\"async\" src=\"https:\/\/www.sbhny.org\/wp-content\/uploads\/2024\/05\/find-a-doctor-icon.png\" alt=\"Find a doctor icon\">\n        \n        <br>\n\n                <a href=\"\/es\/find-a-doctor\/\" class=\"arrow-cta\">encontrar un m\u00e9dico<\/a>\n        \n      <\/div>\n            <div class=\"icon-arrow-cta\">\n\n                <img decoding=\"async\" src=\"https:\/\/www.sbhny.org\/wp-content\/uploads\/2024\/05\/records-icon.png\" alt=\"Find a doctor icon\">\n        \n        <br>\n\n                <a href=\"\/es\/electronic-request-for-records\/\" class=\"arrow-cta\">Solicitar registros<\/a>\n        \n      <\/div>\n            <div class=\"icon-arrow-cta\">\n\n                <img decoding=\"async\" src=\"https:\/\/www.sbhny.org\/wp-content\/uploads\/2024\/05\/pay-bill-online-icon.png\" alt=\"Find a doctor icon\">\n        \n        <br>\n\n                <a href=\"https:\/\/sbhmychart.barnabas.network\/MyChart\/billing\/guestpay\" class=\"arrow-cta\">Pagar factura en l\u00ednea<\/a>\n        \n      <\/div>\n            <div class=\"icon-arrow-cta\">\n\n                <img decoding=\"async\" src=\"https:\/\/www.sbhny.org\/wp-content\/uploads\/2024\/05\/make-an-appointment-icon.png\" alt=\"Find a doctor icon\">\n        \n        <br>\n\n                <a href=\"\/es\/make-an-appointment\/\" class=\"arrow-cta\">Haga una cita<\/a>\n        \n      <\/div>\n      \n    <\/div>\n    \n  <\/div>\n<\/section>\n\n\n<section class=\"alternating-content-image-rows first gray\">\n\n  <div class=\"alternating-intro-copy max-width standard-spacing no-bottom-spacing\">\n    <!-- Display eyebrow if there is one -->\n        <p class=\"eyebrow\">Atenci\u00f3n especializada<\/p>\n        \n    <!-- Display heading if there is one -->\n        <h2 class=\"main-heading\">Su hospital para una atenci\u00f3n especializada experta en el Bronx<\/h2>\n    \n    <!-- Display intro description if there is one -->\n        <div class=\"body-copy\"><p>Somos mucho m\u00e1s que una sala de emergencias. Encontrar\u00e1 una gama completa de servicios integrales de atenci\u00f3n especializada en SBH. <\/p>\n<\/div>\n      <\/div>\n    \n          <div class=\"standard-spacing no-side-spacing no-bottom-spacing content-image-block reversed\">\n            <div class=\"content-image-row\">\n              <div class=\"content-side\">\n  \n                <!-- Display icon if there is one -->\n                  \n                <!-- Display heading if there is one -->\n                <!-- If there is intro copy, display h3 -->\n                <!-- If there is no intro copy, display h2 -->\n                                  <h3 class=\"subheading\">Atenci\u00f3n pedi\u00e1trica confiable para cada ni\u00f1o<\/h3>  \n                                  \n                <!-- Display body copy if there is body copy -->\n                                  <div class=\"body-copy\"><p>Los ni\u00f1os merecen lo mejor de nosotros. Y usted tambi\u00e9n, como padre o cuidador. Es por eso que SBH es un hogar m\u00e9dico designado por NCQA de nivel 3. Eso significa que no solo podr\u00e1 ver a un m\u00e9dico, sino que tambi\u00e9n tendr\u00e1 acceso a nuestros pediatras las 24 horas, los 7 d\u00edas de la semana. Llame fuera de horario. O los fines de semana. Recibir\u00e1 una llamada de regreso de nuestro pediatra de guardia. No solo cuidamos a sus hijos cuando est\u00e1n enfermos, sino que tambi\u00e9n lo ayudamos a mantenerlos saludables con nutrici\u00f3n y ejercicio adecuados y, cuando sea necesario, ayud\u00e1ndolo a encontrar servicios y recursos en la comunidad.<\/p>\n<\/div>\n                  \n                                \n                                  <a href=\"\/es\/our-services\/pediatrics\/\" class=\"btn standard\">Visita Atenci\u00f3n Pedi\u00e1trica<\/a>\n                \n                \n                  \n              <\/div>\n              \n              <!-- Display main image if there is an image -->\n                            <div class=\"image-side\" style=\"background-image: url('https:\/\/www.sbhny.org\/wp-content\/uploads\/2024\/09\/3F0A6865-scaled.jpg');\"><\/div>\n                \n            <\/div>\n          <\/div>\n  \n        \n\n\n\n<\/section>\n\n\n<section class=\"caret-cta-list max-width standard-spacing\">\n  <div class=\"caret-cta-intro\">\n\n        <h2 class=\"subheading\">Excelencia cl\u00ednica en atenci\u00f3n especializada.<\/h2>\n    \n        <div class=\"body-copy\"><p>En SBH tratamos a la persona en su totalidad. He aqu\u00ed un vistazo a algunos de los muchos servicios que ofrecemos. <\/p>\n<\/div>\n    \n        <div class=\"cta-row\">\n      <a href=\"\/es\/services\/\" class=\"btn\">Explorar todos los servicios de SBH<\/a>      \n    <\/div>\n    \n  <\/div>\n  <div class=\"caret-ctas\">\n    <div class=\"first-col\">\n            <a href=\"https:\/\/www.sbhny.org\/es\/our-services\/addiction-medicine\/\" class=\"caret-cta\">Medicina de adicci\u00f3n<\/a>\n              <a href=\"https:\/\/www.sbhny.org\/es\/our-services\/allergy-immunology\/\" class=\"caret-cta\">Asma, alergia e inmunolog\u00eda<\/a>\n              <a href=\"https:\/\/www.sbhny.org\/es\/our-services\/anesthesia\/\" class=\"caret-cta\">Anestesia<\/a>\n              <a href=\"https:\/\/www.sbhny.org\/es\/our-services\/breast-health\/\" class=\"caret-cta\">Salud de los senos<\/a>\n              <a href=\"https:\/\/www.sbhny.org\/es\/our-services\/cancer-services\/\" class=\"caret-cta\">Servicios contra el c\u00e1ncer<\/a>\n              <a href=\"https:\/\/www.sbhny.org\/es\/our-services\/cardiology-heart\/\" class=\"caret-cta\">Cardiolog\u00eda (Coraz\u00f3n)<\/a>\n              <a href=\"https:\/\/www.sbhny.org\/es\/our-services\/dentistry-oral-surgery\/\" class=\"caret-cta\">Odontolog\u00eda y Cirug\u00eda Oral<\/a>\n              <a href=\"https:\/\/www.sbhny.org\/es\/our-services\/sbh-health-system-dermatology\/\" class=\"caret-cta\">Dermatolog\u00eda<\/a>\n      <\/div><div class=\"second-col\">        <a href=\"https:\/\/www.sbhny.org\/es\/our-services\/diabetes-endocrine-disorders\/\" class=\"caret-cta\">Diabetes \/ Trastornos Endocrinos<\/a>\n              <a href=\"https:\/\/www.sbhny.org\/es\/our-services\/sbh-health-system-ear-nose-and-throat\/\" class=\"caret-cta\">O\u00eddo, nariz y garganta<\/a>\n              <a href=\"https:\/\/www.sbhny.org\/es\/our-services\/emergency-care\/\" class=\"caret-cta\">Cuidados de emergencia<\/a>\n              <a href=\"https:\/\/www.sbhny.org\/es\/our-services\/primary-care\/\" class=\"caret-cta\">Atenci\u00f3n primaria<\/a>\n              <a href=\"https:\/\/www.sbhny.org\/es\/our-services\/liver-care\/\" class=\"caret-cta\">Cuidado del h\u00edgado<\/a>\n              <a href=\"https:\/\/www.sbhny.org\/es\/our-services\/orthopedics\/\" class=\"caret-cta\">Ortoped\u00eda<\/a>\n              <a href=\"https:\/\/www.sbhny.org\/es\/our-services\/pain-medicine\/\" class=\"caret-cta\">Medicina para el dolor<\/a>\n          <\/div>\n  <\/div>\n<\/section>\n\n\n<section class=\"blue-wave-cta max-width standard-spacing no-bottom-spacing no-top-spacing\">\n  <div class=\"blue-wave-cta-block\">\n    <div class=\"blue-wave-content\">\n            <h2 class=\"main-heading\">\u00bfPreguntas? Estamos aqu\u00ed para brindarle apoyo.<\/h2>\n      \n            <div class=\"body-copy\"><p>Cont\u00e1ctenos si tiene preguntas sobre su atenci\u00f3n, nuestros servicios y m\u00e1s.<\/p>\n<\/div>\n      \n      <div class=\"cta-row\">\n\n                <a href=\"tel:17189609000\" class=\"phone-cta\">(718) 960 9000<\/a>\n        \n                <a href=\"\/es\/contact-sbh\/\" class=\"btn btn--white\">Cont\u00e1ctenos<\/a>\n        \n      <\/div>      \n    <\/div>\n  <\/div>\n<\/section>\n\n\n<section class=\"slider-section\">\n  <div class=\"intro-copy-row max-width standard-spacing no-bottom-spacing\">\n    <div class=\"intro-copy\">\n\n            <h2 class=\"subheading\">Bienvenido al Centro de Salud y Bienestar SBH<\/h2>\n      \n            <div class=\"body-copy\"><p>Estamos ayudando a cada miembro de la comunidad a vivir la vida m\u00e1s saludable posible.<\/p>\n<\/div>\n      \n    <\/div>\n\n        <div class=\"intro-ctas cta-row\">\n      <a href=\"\/es\/health-wellness-center\/\" class=\"btn\">Centro de salud y bienestar SBH<\/a>\n    <\/div>\n    \n  <\/div>\n\n  \n  <div class=\"slider-container four-or-less standard-spacing no-top-spacing no-side-spacing\">\n    <div class=\"start-slider\">\n\n    \n      <div class=\"slide\">\n        <div class=\"slide-contents\">\n\n                    <a href=\"\/es\/health-wellness-center\/clinical-care\/\" class=\"zoom-image\">\n          \n                    <div class=\"slide-image\" style=\"background-image: url('https:\/\/www.sbhny.org\/wp-content\/uploads\/2024\/09\/DSC_4377-E-scaled.jpg');\"><\/div>\n          \n                    <\/a>\n          \n                    <h3 class=\"small-heading\">Atenci\u00f3n cl\u00ednica<\/h3>\n          \n                    <p class=\"medium-body-copy\"><p>Nuestros proveedores de atenci\u00f3n m\u00e9dica se encuentran entre los mejor capacitados del pa\u00eds y les apasiona mejorar y proteger la salud a largo plazo de las comunidades del Bronx.<\/p>\n<\/p>\n          \n                    <a href=\"\/es\/health-wellness-center\/clinical-care\/\" class=\"caret-cta\">M\u00e1s informaci\u00f3n sobre la atenci\u00f3n cl\u00ednica<\/a>\n          \n        <\/div>\n      <\/div>\n\n    \n      <div class=\"slide\">\n        <div class=\"slide-contents\">\n\n                    <a href=\"\/es\/health-wellness-center\/wellness-programs\/\" class=\"zoom-image\">\n          \n                    <div class=\"slide-image\" style=\"background-image: url('https:\/\/www.sbhny.org\/wp-content\/uploads\/2024\/05\/wellness-program.png');\"><\/div>\n          \n                    <\/a>\n          \n                    <h3 class=\"small-heading\">Programa de bienestar<\/h3>\n          \n                    <p class=\"medium-body-copy\"><p>Nos asociamos con grupos comunitarios y organizaciones estatales y federales para brindarle frutas, verduras y granos de alta calidad.<\/p>\n<\/p>\n          \n                    <a href=\"\/es\/health-wellness-center\/wellness-programs\/\" class=\"caret-cta\">M\u00e1s sobre los programas de bienestar<\/a>\n          \n        <\/div>\n      <\/div>\n\n    \n      <div class=\"slide\">\n        <div class=\"slide-contents\">\n\n                    <a href=\"\/es\/health-wellness-center\/fitness-center\/\" class=\"zoom-image\">\n          \n                    <div class=\"slide-image\" style=\"background-image: url('https:\/\/www.sbhny.org\/wp-content\/uploads\/2024\/05\/healthplex-fitness-center.png');\"><\/div>\n          \n                    <\/a>\n          \n                    <h3 class=\"small-heading\">Gimnasio Healthplex<\/h3>\n          \n                    <p class=\"medium-body-copy\"><p>Explore nuestro gimnasio de \u00faltima generaci\u00f3n dedicado a ayudarlo a mejorar su salud a trav\u00e9s de opciones de entrenamiento divertidas y atractivas.<\/p>\n<\/p>\n          \n                    <a href=\"\/es\/health-wellness-center\/fitness-center\/\" class=\"caret-cta\">Explora el gimnasio<\/a>\n          \n        <\/div>\n      <\/div>\n\n    \n      <div class=\"slide\">\n        <div class=\"slide-contents\">\n\n                    <a href=\"\/es\/health-wellness-center\/teaching-kitchen\/\" class=\"zoom-image\">\n          \n                    <div class=\"slide-image\" style=\"background-image: url('https:\/\/www.sbhny.org\/wp-content\/uploads\/2024\/05\/culinary-medicine-teaching-kitchen.png');\"><\/div>\n          \n                    <\/a>\n          \n                    <h3 class=\"small-heading\">Medicina culinaria y cocina did\u00e1ctica<\/h3>\n          \n                    <p class=\"medium-body-copy\"><p>Nuestros expertos culinarios y en nutrici\u00f3n pueden compartir versiones nuevas y saludables de sus recetas favoritas y ense\u00f1arle c\u00f3mo preparar comidas saludables para usted y su familia.<\/p>\n<\/p>\n          \n                    <a href=\"\/es\/health-wellness-center\/teaching-kitchen\/\" class=\"caret-cta\">Visita la cocina docente<\/a>\n          \n        <\/div>\n      <\/div>\n\n    \n    <\/div>\n  <\/div>\n  \n<\/section>\n\n\n<section class=\"background-image-cta-section\">\n  <div class=\"max-width cta-copy-row\">\n    <div class=\"cta-copy\">\n\n            <h2 class=\"subheading\">Somos su hospital local del Bronx y siempre lo hemos sido<\/h2>\n      \n            <div class=\"body-copy\"><p>SBH es un pilar en la comunidad del Bronx. Contamos con oficinas, ubicaciones e instalaciones en el Bronx para atender a todos los miembros de la comunidad. <\/p>\n<\/div>\n      \n            <div class=\"cta-row\">\n        <a href=\"\/es\/locations\/\" class=\"btn btn--white\">Explorar todas las ubicaciones<\/a>\n      <\/div>\n      \n    <\/div>\n    <div class=\"cta-images\">\n\n        <div class=\"linked-images-collage\">\n          <div class=\"top-row\">\n            <a  style=\"pointer-event:none; cursor:default;\">\n              <div class=\"top-left\" style=\"background-image:url('https:\/\/www.sbhny.org\/wp-content\/uploads\/2024\/09\/shutterstock_2344397041.jpg');\"><\/div>\n            <\/a>\n            <a  style=\"pointer-event:none; cursor:default;\">\n              <div class=\"top-right\" style=\"background-image:url('https:\/\/www.sbhny.org\/wp-content\/uploads\/2024\/06\/Image-5.jpg');\"><\/div>\n            <\/a>\n          <\/div>\n          <div class=\"bottom-row\">\n            <a  style=\"pointer-event:none; cursor:default;\">\n              <div class=\"bottom-left\" style=\"background-image:url('https:\/\/www.sbhny.org\/wp-content\/uploads\/2024\/06\/Image-2-1.jpg');\"><\/div>\n            <\/a>\n            <a  style=\"pointer-event:none; cursor:default;\">\n              <div class=\"bottom-center\" style=\"background-image:url('https:\/\/www.sbhny.org\/wp-content\/uploads\/2024\/09\/shutterstock_2011221002.jpg');\"><\/div>\n            <\/a>\n            <a  style=\"pointer-event:none; cursor:default;\">\n              <div class=\"bottom-right\" style=\"background-image:url('https:\/\/www.sbhny.org\/wp-content\/uploads\/2024\/06\/Image-1-1.jpg');\"><\/div>\n            <\/a>\n          <\/div>\n        <\/div>\n\n    <\/div>\n  <\/div>\n  <div class=\"video-container\">\n    <video playsinline=\"\" autoplay=\"\" muted=\"\" loop=\"\" preload=\"metadata\" tabindex=\"-1\">\n              <source src=\"https:\/\/www.sbhny.org\/wp-content\/themes\/SBH-Website\/img\/backgrounds\/aerial-view-compressed-mobile.mp4\" type=\"video\/mp4\" media=\"all and (max-width: 990px)\">\n      \n              <source src=\"https:\/\/www.sbhny.org\/wp-content\/themes\/SBH-Website\/img\/backgrounds\/aerial-view-compressed.mp4\" type=\"video\/mp4\">\n          <\/video>\n  <\/div>\n<\/section>","protected":false},"excerpt":{"rendered":"","protected":false},"author":3,"featured_media":0,"parent":0,"menu_order":0,"comment_status":"closed","ping_status":"closed","template":"","meta":{"_acf_changed":false,"_eb_attr":"","_price":"","_stock":"","_tribe_ticket_header":"","_tribe_default_ticket_provider":"","_tribe_ticket_capacity":"0","_ticket_start_date":"","_ticket_end_date":"","_tribe_ticket_show_description":"","_tribe_ticket_show_not_going":false,"_tribe_ticket_use_global_stock":"","_tribe_ticket_global_stock_level":"","_global_stock_mode":"","_global_stock_cap":"","_tribe_rsvp_for_event":"","_tribe_ticket_going_count":"","_tribe_ticket_not_going_count":"","_tribe_tickets_list":"[]","_tribe_ticket_has_attendee_info_fields":false,"footnotes":""},"class_list":["post-891","page","type-page","status-publish","hentry"],"acf":[],"yoast_head":"<!-- This site is optimized with the Yoast SEO plugin v26.5 - https:\/\/yoast.com\/wordpress\/plugins\/seo\/ -->\n<title>Homepage - SBH Health System<\/title>\n<meta name=\"robots\" content=\"index, follow, max-snippet:-1, max-image-preview:large, max-video-preview:-1\" \/>\n<link rel=\"canonical\" href=\"https:\/\/www.sbhny.org\/es\/\" \/>\n<meta property=\"og:locale\" content=\"es_MX\" \/>\n<meta property=\"og:type\" content=\"article\" \/>\n<meta property=\"og:title\" content=\"Homepage - SBH Health System\" \/>\n<meta property=\"og:url\" content=\"https:\/\/www.sbhny.org\/es\/\" \/>\n<meta property=\"og:site_name\" content=\"SBH Health System\" \/>\n<meta property=\"article:publisher\" content=\"https:\/\/www.facebook.com\/SBHBronx\/\" \/>\n<meta property=\"article:modified_time\" content=\"2024-10-14T19:53:24+00:00\" \/>\n<meta name=\"twitter:card\" content=\"summary_large_image\" \/>\n<meta name=\"twitter:site\" content=\"@sbhbronx\" \/>\n<script type=\"application\/ld+json\" class=\"yoast-schema-graph\">{\"@context\":\"https:\/\/schema.org\",\"@graph\":[{\"@type\":\"WebPage\",\"@id\":\"https:\/\/www.sbhny.org\/\",\"url\":\"https:\/\/www.sbhny.org\/\",\"name\":\"Homepage - SBH Health System\",\"isPartOf\":{\"@id\":\"https:\/\/www.sbhny.org\/#website\"},\"datePublished\":\"2024-05-13T14:57:51+00:00\",\"dateModified\":\"2024-10-14T19:53:24+00:00\",\"breadcrumb\":{\"@id\":\"https:\/\/www.sbhny.org\/#breadcrumb\"},\"inLanguage\":\"es\",\"potentialAction\":[{\"@type\":\"ReadAction\",\"target\":[\"https:\/\/www.sbhny.org\/\"]}]},{\"@type\":\"BreadcrumbList\",\"@id\":\"https:\/\/www.sbhny.org\/#breadcrumb\",\"itemListElement\":[{\"@type\":\"ListItem\",\"position\":1,\"name\":\"Home\",\"item\":\"https:\/\/www.sbhny.org\/\"},{\"@type\":\"ListItem\",\"position\":2,\"name\":\"Homepage\"}]},{\"@type\":\"WebSite\",\"@id\":\"https:\/\/www.sbhny.org\/#website\",\"url\":\"https:\/\/www.sbhny.org\/\",\"name\":\"SBH Health System\",\"description\":\"\",\"potentialAction\":[{\"@type\":\"SearchAction\",\"target\":{\"@type\":\"EntryPoint\",\"urlTemplate\":\"https:\/\/www.sbhny.org\/?s={search_term_string}\"},\"query-input\":{\"@type\":\"PropertyValueSpecification\",\"valueRequired\":true,\"valueName\":\"search_term_string\"}}],\"inLanguage\":\"es\"}]}<\/script>\n<!-- \/ Yoast SEO plugin. -->","yoast_head_json":{"title":"P\u00e1gina de inicio - SBH Health System","robots":{"index":"index","follow":"follow","max-snippet":"max-snippet:-1","max-image-preview":"max-image-preview:large","max-video-preview":"max-video-preview:-1"},"canonical":"https:\/\/www.sbhny.org\/es\/","og_locale":"es_MX","og_type":"article","og_title":"Homepage - SBH Health System","og_url":"https:\/\/www.sbhny.org\/es\/","og_site_name":"SBH Health System","article_publisher":"https:\/\/www.facebook.com\/SBHBronx\/","article_modified_time":"2024-10-14T19:53:24+00:00","twitter_card":"summary_large_image","twitter_site":"@sbhbronx","schema":{"@context":"https:\/\/schema.org","@graph":[{"@type":"WebPage","@id":"https:\/\/www.sbhny.org\/","url":"https:\/\/www.sbhny.org\/","name":"P\u00e1gina de inicio - SBH Health System","isPartOf":{"@id":"https:\/\/www.sbhny.org\/#website"},"datePublished":"2024-05-13T14:57:51+00:00","dateModified":"2024-10-14T19:53:24+00:00","breadcrumb":{"@id":"https:\/\/www.sbhny.org\/#breadcrumb"},"inLanguage":"es","potentialAction":[{"@type":"ReadAction","target":["https:\/\/www.sbhny.org\/"]}]},{"@type":"BreadcrumbList","@id":"https:\/\/www.sbhny.org\/#breadcrumb","itemListElement":[{"@type":"ListItem","position":1,"name":"Home","item":"https:\/\/www.sbhny.org\/"},{"@type":"ListItem","position":2,"name":"Homepage"}]},{"@type":"WebSite","@id":"https:\/\/www.sbhny.org\/#website","url":"https:\/\/www.sbhny.org\/","name":"Sistema de Salud SBH","description":"","potentialAction":[{"@type":"SearchAction","target":{"@type":"EntryPoint","urlTemplate":"https:\/\/www.sbhny.org\/?s={search_term_string}"},"query-input":{"@type":"PropertyValueSpecification","valueRequired":true,"valueName":"search_term_string"}}],"inLanguage":"es"}]}},"_links":{"self":[{"href":"https:\/\/www.sbhny.org\/es\/wp-json\/wp\/v2\/pages\/891","targetHints":{"allow":["GET"]}}],"collection":[{"href":"https:\/\/www.sbhny.org\/es\/wp-json\/wp\/v2\/pages"}],"about":[{"href":"https:\/\/www.sbhny.org\/es\/wp-json\/wp\/v2\/types\/page"}],"author":[{"embeddable":true,"href":"https:\/\/www.sbhny.org\/es\/wp-json\/wp\/v2\/users\/3"}],"replies":[{"embeddable":true,"href":"https:\/\/www.sbhny.org\/es\/wp-json\/wp\/v2\/comments?post=891"}],"version-history":[{"count":0,"href":"https:\/\/www.sbhny.org\/es\/wp-json\/wp\/v2\/pages\/891\/revisions"}],"wp:attachment":[{"href":"https:\/\/www.sbhny.org\/es\/wp-json\/wp\/v2\/media?parent=891"}],"curies":[{"name":"wp","href":"https:\/\/api.w.org\/{rel}","templated":true}]}}