{"id":892,"date":"2024-05-13T14:57:36","date_gmt":"2024-05-13T14:57:36","guid":{"rendered":"https:\/\/sbhny.wpenginepowered.com\/?page_id=892"},"modified":"2026-03-20T22:39:18","modified_gmt":"2026-03-20T22:39:18","slug":"locations","status":"publish","type":"page","link":"https:\/\/www.sbhny.org\/es\/locations\/","title":{"rendered":"Nuestras ubicaciones"},"content":{"rendered":"<section class=\"breadcrumb-eyebrow-marquee\">\n  <div class=\"max-width marquee-spacing\">\n    <nav class=\"breadcrumbs\" aria-label=\"Migas de pan\">\n      <ul class=\"breadcrumbs-list\" itemscope itemtype=\"https:\/\/schema.org\/BreadcrumbList\">\n        <li itemprop=\"itemListElement\" itemscope\n itemtype=\"https:\/\/schema.org\/ListItem\"><a itemprop=\"item\" href=\"\/es\/\"><span itemprop=\"name\">Hogar<\/span><\/a><\/li>\n                \n        <li itemprop=\"itemListElement\" itemscope\n itemtype=\"https:\/\/schema.org\/ListItem\"><a itemprop=\"item\" class=\"current\" aria-current=\"page\" href=\"https:\/\/www.sbhny.org\/es\/locations\/\"><span itemprop=\"name\">Nuestras ubicaciones<\/span><\/a><\/li>\n    <\/ul>\n\n    <\/nav>\n    <div class=\"eyebrow\">\n              <p class=\"main-heading\">SBH est\u00e1 ubicado en el Bronx<\/p>\n          <\/div>    \n  <\/div>\n<\/section>\n\n\n<section class=\"image-twocol-hero background-image\">\n  <div class=\"max-width standard-spacing twocol-row\">\n\n          <div class=\"image-col twocol-col\" style=\"background-image: url('https:\/\/www.sbhny.org\/wp-content\/uploads\/2024\/05\/locations-hero.png');\"><\/div>\n    \n\n    <div class=\"content-col twocol-col\">\n              <h1 class=\"main-heading\">El Bronx es el hogar del Sistema de Salud SBH<\/h1>\n            <div class=\"body-copy\">\n        <p>Encuentre informaci\u00f3n sobre todas las ubicaciones de SBH y centros de atenci\u00f3n especializada<\/p>\n      <\/div>\n      \n        \n      \n          <\/div>\n  <\/div>\n<\/section>\n\n\n\n<a class=\"jump-nav-link-block\" href=\"javascript:void(0)\" tabindex=\"-1\" id=\"transportation-parking\" data-name=\"Transportation &amp; Parking\"><\/a>\n\n\n<section class=\"accordion-section\">\n  <div class=\"max-width standard-spacing\">\n        <h2 class=\"main-heading\">C\u00f3mo llegar y regresar del campus de SBH<\/h2>\n          <div class=\"body-copy\"><p>No importa si vienes a visitarnos en coche o en metro, \u00a1nosotros te cubrimos! Consulte los recursos a continuaci\u00f3n para obtener informaci\u00f3n sobre c\u00f3mo llegar al campus de SBH.<\/p>\n<\/div>\n        \n    <div class=\"accordion-container\">\n\n    \n    <div class=\"accordion-card open\" itemscope=\"itemscope\" itemprop=\"mainEntity\" itemtype=\"https:\/\/schema.org\/Question\">\n      <div class=\"accordion-card-header\">\n        <button id=\"twocol_id_Directions-By-Car\" class=\"accordion-button large-body-copy\" aria-expanded=\"true\" aria-controls=\"twocol_Directions-By-Car\">Direcciones en coche<\/button>\n      <\/div>\n      <div class=\"accordion-card-content body-copy\" itemscope=\"itemscope\" itemprop=\"acceptedAnswer\" itemtype=\"https:\/\/schema.org\/Answer\" id=\"twocol_Directions-By-Car\" aria-labelledby=\"twocol_id_Directions-By-Car\" role=\"region\">\n        <p>\u00bfVienes al campus de SBH? <a href=\"\/wp-content\/uploads\/2024\/05\/Main-Campus-Transportation-Map.pdf\">Aqu\u00ed hay un PDF \u00fatil<\/a> con direcciones y mapas para aquellos que visitan SBH.<\/p>\n      <\/div>\n    <\/div>\n\n    \n    <div class=\"accordion-card open\" itemscope=\"itemscope\" itemprop=\"mainEntity\" itemtype=\"https:\/\/schema.org\/Question\">\n      <div class=\"accordion-card-header\">\n        <button id=\"twocol_id_Directions-By-Subway\" class=\"accordion-button large-body-copy\" aria-expanded=\"true\" aria-controls=\"twocol_Directions-By-Subway\">Direcciones en metro<\/button>\n      <\/div>\n      <div class=\"accordion-card-content body-copy\" itemscope=\"itemscope\" itemprop=\"acceptedAnswer\" itemtype=\"https:\/\/schema.org\/Answer\" id=\"twocol_Directions-By-Subway\" aria-labelledby=\"twocol_id_Directions-By-Subway\" role=\"region\">\n        <p>\u00bfTomar transporte p\u00fablico al campus de SBH? <a href=\"\/wp-content\/uploads\/2024\/05\/Main-Campus-Transportation-Map.pdf\">Aqu\u00ed hay un PDF \u00fatil<\/a> con informaci\u00f3n sobre el transporte en autob\u00fas y metro hasta SBH<\/p>\n      <\/div>\n    <\/div>\n\n    \n    <div class=\"accordion-card open\" itemscope=\"itemscope\" itemprop=\"mainEntity\" itemtype=\"https:\/\/schema.org\/Question\">\n      <div class=\"accordion-card-header\">\n        <button id=\"twocol_id_Campus-Parking-Garage\" class=\"accordion-button large-body-copy\" aria-expanded=\"true\" aria-controls=\"twocol_Campus-Parking-Garage\">Garaje de estacionamiento del campus<\/button>\n      <\/div>\n      <div class=\"accordion-card-content body-copy\" itemscope=\"itemscope\" itemprop=\"acceptedAnswer\" itemtype=\"https:\/\/schema.org\/Answer\" id=\"twocol_Campus-Parking-Garage\" aria-labelledby=\"twocol_id_Campus-Parking-Garage\" role=\"region\">\n        <p>Nuestro estacionamiento est\u00e1 abierto las 24 horas y los 7 d\u00edas de la semana para todos los pacientes y visitantes. T\u00fa entras por <a href=\"https:\/\/maps.app.goo.gl\/TswhHyEDK1qh4CNZ7\">Calle 182 y Tercera Avenida<\/a>. Hay disponibilidad limitada.<\/p>\n<h4>Tarifa de estacionamiento para visitantes<\/h4>\n<p>$8.00 por hasta 1 hora<\/p>\n<p>$12.00 por hasta 2 horas<\/p>\n<p>$20.00 por hasta 6 horas<\/p>\n<p>$25.00 por hasta 12 horas<\/p>\n<p>$35.00 por hasta 24 horas<\/p>\n      <\/div>\n    <\/div>\n\n    \n    <\/div>\n\n    \n  <\/div>\n<\/section>\n\n\n\n<a class=\"jump-nav-link-block\" href=\"javascript:void(0)\" tabindex=\"-1\" id=\"sbh-locations\" data-name=\"SBH Locations\"><\/a>\n\n\n\n<section class=\"sbh-locations\">\n  <div class=\"max-width standard-spacing\">\n    <h2 class=\"main-heading\">Ubicaciones del sistema de salud SBH<\/h2>\n          <div class=\"featured-location\">\n                  <div class=\"location-image\" style=\"background-image:url('https:\/\/www.sbhny.org\/wp-content\/uploads\/2024\/09\/Main-Building-scaled.jpg');\"><\/div>\n        \n        <div class=\"location-copy\">\n                    <a href=\"javascript:void(0)\" tabindex=\"-1\" id=\"stbarnabashospital\"><\/a>\n\n                      <h3 class=\"small-heading\">Hospital San Bernab\u00e9<\/h3>\n                    \n                      <p class=\"medium-body-copy\">4422 Tercera Avenida<br>Bronx, Nueva York 10457<\/p>\n          \n                      <p class=\"medium-body-copy\">Horario: Lunes a domingo, 24 horas.<\/p>\n          \n          \n                      <a target=\"_blank\" href=\"https:\/\/maps.app.goo.gl\/Qvgy6TgaHTGTHS228\" class=\"btn btn--white google-maps-cta\">Ver en Google Maps<\/a>\n                  <\/div>\n      <\/div>      \n    \n    \n    <div class=\"all-locations gallery-view\">\n      <div class=\"view-toggle-bar\">\n        <p class=\"medium-body-copy\">Ver ubicaciones como:<\/p>\n        <button class=\"gallery-view\" aria-label=\"Ver ubicaciones como vista de galer\u00eda\">\n          <svg xmlns=\"http:\/\/www.w3.org\/2000\/svg\" width=\"25\" height=\"25\" viewbox=\"0 0 25 25\" fill=\"none\">\n            <path d=\"M8.9 3.5H5.1C4.53995 3.5 4.25992 3.5 4.04601 3.60899C3.85785 3.70487 3.70487 3.85785 3.60899 4.04601C3.5 4.25992 3.5 4.53995 3.5 5.1V8.9C3.5 9.46005 3.5 9.74008 3.60899 9.95399C3.70487 10.1422 3.85785 10.2951 4.04601 10.391C4.25992 10.5 4.53995 10.5 5.1 10.5H8.9C9.46005 10.5 9.74008 10.5 9.95399 10.391C10.1422 10.2951 10.2951 10.1422 10.391 9.95399C10.5 9.74008 10.5 9.46005 10.5 8.9V5.1C10.5 4.53995 10.5 4.25992 10.391 4.04601C10.2951 3.85785 10.1422 3.70487 9.95399 3.60899C9.74008 3.5 9.46005 3.5 8.9 3.5Z\" stroke=\"#006BE0\" stroke-width=\"2\" stroke-linecap=\"round\" stroke-linejoin=\"round\"\/>\n            <path d=\"M19.9 3.5H16.1C15.5399 3.5 15.2599 3.5 15.046 3.60899C14.8578 3.70487 14.7049 3.85785 14.609 4.04601C14.5 4.25992 14.5 4.53995 14.5 5.1V8.9C14.5 9.46005 14.5 9.74008 14.609 9.95399C14.7049 10.1422 14.8578 10.2951 15.046 10.391C15.2599 10.5 15.5399 10.5 16.1 10.5H19.9C20.4601 10.5 20.7401 10.5 20.954 10.391C21.1422 10.2951 21.2951 10.1422 21.391 9.95399C21.5 9.74008 21.5 9.46005 21.5 8.9V5.1C21.5 4.53995 21.5 4.25992 21.391 4.04601C21.2951 3.85785 21.1422 3.70487 20.954 3.60899C20.7401 3.5 20.4601 3.5 19.9 3.5Z\" stroke=\"#006BE0\" stroke-width=\"2\" stroke-linecap=\"round\" stroke-linejoin=\"round\"\/>\n            <path d=\"M19.9 14.5H16.1C15.5399 14.5 15.2599 14.5 15.046 14.609C14.8578 14.7049 14.7049 14.8578 14.609 15.046C14.5 15.2599 14.5 15.5399 14.5 16.1V19.9C14.5 20.4601 14.5 20.7401 14.609 20.954C14.7049 21.1422 14.8578 21.2951 15.046 21.391C15.2599 21.5 15.5399 21.5 16.1 21.5H19.9C20.4601 21.5 20.7401 21.5 20.954 21.391C21.1422 21.2951 21.2951 21.1422 21.391 20.954C21.5 20.7401 21.5 20.4601 21.5 19.9V16.1C21.5 15.5399 21.5 15.2599 21.391 15.046C21.2951 14.8578 21.1422 14.7049 20.954 14.609C20.7401 14.5 20.4601 14.5 19.9 14.5Z\" stroke=\"#006BE0\" stroke-width=\"2\" stroke-linecap=\"round\" stroke-linejoin=\"round\"\/>\n            <path d=\"M8.9 14.5H5.1C4.53995 14.5 4.25992 14.5 4.04601 14.609C3.85785 14.7049 3.70487 14.8578 3.60899 15.046C3.5 15.2599 3.5 15.5399 3.5 16.1V19.9C3.5 20.4601 3.5 20.7401 3.60899 20.954C3.70487 21.1422 3.85785 21.2951 4.04601 21.391C4.25992 21.5 4.53995 21.5 5.1 21.5H8.9C9.46005 21.5 9.74008 21.5 9.95399 21.391C10.1422 21.2951 10.2951 21.1422 10.391 20.954C10.5 20.7401 10.5 20.4601 10.5 19.9V16.1C10.5 15.5399 10.5 15.2599 10.391 15.046C10.2951 14.8578 10.1422 14.7049 9.95399 14.609C9.74008 14.5 9.46005 14.5 8.9 14.5Z\" stroke=\"#006BE0\" stroke-width=\"2\" stroke-linecap=\"round\" stroke-linejoin=\"round\"\/>\n          <\/svg>\n        <\/button>\n        <button class=\"list-view\" aria-label=\"Ver ubicaciones como vista de lista\">\n          <svg xmlns=\"http:\/\/www.w3.org\/2000\/svg\" width=\"25\" height=\"25\" viewbox=\"0 0 25 25\" fill=\"none\">\n            <path d=\"M21.5 5.5L10.5 5.5M21.5 19.5L10.5 19.5M21.5 12.5L10.5 12.5M6.5 5.5C6.5 6.32843 5.82843 7 5 7C4.17157 7 3.5 6.32843 3.5 5.5C3.5 4.67157 4.17157 4 5 4C5.82843 4 6.5 4.67157 6.5 5.5ZM6.5 19.5C6.5 20.3284 5.82843 21 5 21C4.17157 21 3.5 20.3284 3.5 19.5C3.5 18.6716 4.17157 18 5 18C5.82843 18 6.5 18.6716 6.5 19.5ZM6.5 12.5C6.5 13.3284 5.82843 14 5 14C4.17157 14 3.5 13.3284 3.5 12.5C3.5 11.6716 4.17157 11 5 11C5.82843 11 6.5 11.6716 6.5 12.5Z\" stroke=\"#D7D3D0\" stroke-width=\"2\" stroke-linecap=\"round\" stroke-linejoin=\"round\"\/>\n          <\/svg>\n        <\/button>\n      <\/div>\n      <div class=\"locations\">\n\n      \n      <div class=\"location\">\n                <a href=\"javascript:void(0)\" tabindex=\"-1\" id=\"sbhambulatorycarecenter\"><\/a>\n\n                  <div class=\"location-image\" style=\"background-image: url('https:\/\/www.sbhny.org\/wp-content\/uploads\/2024\/09\/Amb-Care-scaled.jpg');\"><\/div>\n        \n        <p class=\"sbh-health-system\">Sistema de Salud SBH<\/p>\n        <hr>\n\n                              <h3 class=\"tiny-heading\">Centro de atenci\u00f3n ambulatoria SBH<\/h3>\n                  \n                  <p class=\"medium-body-copy\">4487 Tercera Avenida<br>Bronx, Nueva York 10457<\/p>\n        \n                  <p class=\"medium-body-copy\">Horario: Lunes a viernes, 6:30 a. m. a 7:00 p. m.<br>S\u00e1bado, 6:30 am \u2013 12:30 pm<\/p>\n        \n                  <a href=\"tel:tel:7189603730\" class=\"phone-cta color-blue\">(718) 960-3730<\/a>\n        \n                  <a target=\"_blank\" href=\"https:\/\/maps.app.goo.gl\/Qjveu5SifhRoxZ6o9\" class=\"btn btn--white google-maps-cta\">Ver en Google Maps<\/a>\n              <\/div>\n\n      \n      <div class=\"location\">\n                <a href=\"javascript:void(0)\" tabindex=\"-1\" id=\"sbhhealthampwellnesscenter\"><\/a>\n\n                  <div class=\"location-image\" style=\"background-image: url('https:\/\/www.sbhny.org\/wp-content\/uploads\/2024\/09\/HWC-scaled.jpg');\"><\/div>\n        \n        <p class=\"sbh-health-system\">Sistema de Salud SBH<\/p>\n        <hr>\n\n                              <h3 class=\"tiny-heading\">Centro de salud y bienestar SBH<\/h3>\n                  \n                  <p class=\"medium-body-copy\">4507 Tercera Avenida<br>Bronx, Nueva York 10457<\/p>\n        \n                  <p class=\"medium-body-copy\">Horario: Lunes a viernes, 6:30 a. m. a 7:00 p. m.<br>S\u00e1bado, 6:30 am \u2013 12:30 pm<\/p>\n        \n                  <a href=\"tel:tel:7189609244\" class=\"phone-cta color-blue\">(718) 960-9244<\/a>\n        \n                  <a target=\"_blank\" href=\"https:\/\/maps.app.goo.gl\/pptMCexfnKmb2fjn7\" class=\"btn btn--white google-maps-cta\">Ver en Google Maps<\/a>\n              <\/div>\n\n      \n      <div class=\"location\">\n                <a href=\"javascript:void(0)\" tabindex=\"-1\" id=\"sbhhemodialysiscenter\"><\/a>\n\n                  <div class=\"location-image\" style=\"background-image: url('https:\/\/www.sbhny.org\/wp-content\/uploads\/2024\/09\/Dialysis-scaled-e1726069275387.jpg');\"><\/div>\n        \n        <p class=\"sbh-health-system\">Sistema de Salud SBH<\/p>\n        <hr>\n\n                              <h3 class=\"tiny-heading\">Centro de Hemodi\u00e1lisis SBH<\/h3>\n                  \n                  <p class=\"medium-body-copy\">4451 Tercera Avenida<br>Bronx, Nueva York 10457<\/p>\n        \n                  <p class=\"medium-body-copy\">Horario: Lun, 6:00am - 9:30pm<br>De martes a s\u00e1bado, de 6.00 a 21.30 h.<\/p>\n        \n                  <a href=\"tel:tel:7189603861\" class=\"phone-cta color-blue\">(718) 960-3861<\/a>\n        \n                  <a target=\"_blank\" href=\"https:\/\/maps.app.goo.gl\/boKxeyG2kozgeDbs7\" class=\"btn btn--white google-maps-cta\">Ver en Google Maps<\/a>\n              <\/div>\n\n      \n      <div class=\"location\">\n                <a href=\"javascript:void(0)\" tabindex=\"-1\" id=\"sbhbehavioralhealth\"><\/a>\n\n                  <div class=\"location-image\" style=\"background-image: url('https:\/\/www.sbhny.org\/wp-content\/uploads\/2024\/09\/UCHC-scaled.jpg');\"><\/div>\n        \n        <p class=\"sbh-health-system\">Sistema de Salud SBH<\/p>\n        <hr>\n\n                              <h3 class=\"tiny-heading\">Salud conductual SBH <\/h3>\n                  \n                  <p class=\"medium-body-copy\">260 este de la calle 188<br>Bronx, Nueva York 10458<\/p>\n        \n                  <p class=\"medium-body-copy\">Horario: Lun, Mie, Vie: 8:30 - 17:00<br>Martes y jueves 8:30 - 19:00<\/p>\n        \n                  <a href=\"tel:tel:7189603165\" class=\"phone-cta color-blue\">(718) 960-3165<\/a>\n        \n                  <a target=\"_blank\" href=\"https:\/\/maps.app.goo.gl\/NQKiaWi7rjTFzzBZ9\" class=\"btn btn--white google-maps-cta\">Ver en Google Maps<\/a>\n              <\/div>\n\n      \n      <div class=\"location\">\n                <a href=\"javascript:void(0)\" tabindex=\"-1\" id=\"sbhmethadonemaintenancetreatmentprogrammmtp\"><\/a>\n\n                  <div class=\"location-image\" style=\"background-image: url('https:\/\/www.sbhny.org\/wp-content\/uploads\/2024\/09\/MMTP-scaled-e1726069345491.jpg');\"><\/div>\n        \n        <p class=\"sbh-health-system\">Sistema de Salud SBH<\/p>\n        <hr>\n\n                              <h3 class=\"tiny-heading\">Programa de tratamiento de mantenimiento con metadona (MMTP) de SBH<\/h3>\n                  \n                  <p class=\"medium-body-copy\">4535 Tercera Avenida<br>Bronx, Nueva York 10457<\/p>\n        \n                  <p class=\"medium-body-copy\">Horario: De lunes a viernes, de 6.00 a 14.00 h.<br>S\u00e1bado, 6:00 - 12:00<\/p>\n        \n                  <a href=\"tel:tel:7189606214\" class=\"phone-cta color-blue\">(718) 960-6214<\/a>\n        \n                  <a target=\"_blank\" href=\"https:\/\/maps.app.goo.gl\/HMXbKm7tmq1HfkSr5\" class=\"btn btn--white google-maps-cta\">Ver en Google Maps<\/a>\n              <\/div>\n\n      \n      <div class=\"location\">\n                <a href=\"javascript:void(0)\" tabindex=\"-1\" id=\"outpatientdetoxcenter\"><\/a>\n\n                  <div class=\"location-image\" style=\"background-image: url('https:\/\/www.sbhny.org\/wp-content\/uploads\/2024\/09\/Dialysis-scaled-e1726069275387.jpg');\"><\/div>\n        \n        <p class=\"sbh-health-system\">Sistema de Salud SBH<\/p>\n        <hr>\n\n                              <h3 class=\"tiny-heading\">Centro de desintoxicaci\u00f3n ambulatoria<\/h3>\n                  \n                  <p class=\"medium-body-copy\">4451 Tercera Avenida, 2\u00ba piso<br>Bronx, Nueva York 10457<\/p>\n        \n                  <p class=\"medium-body-copy\">Horario: Lunes, mi\u00e9rcoles y viernes: de 8.00 a 16.00 horas; martes y jueves: 8 h - 19 h<\/p>\n        \n        \n                  <a target=\"_blank\" href=\"https:\/\/maps.app.goo.gl\/boKxeyG2kozgeDbs7\" class=\"btn btn--white google-maps-cta\">Ver en Google Maps<\/a>\n              <\/div>\n\n            <\/div>\n    <\/div>\n\n\n      <\/div>\n<\/section>\n\n\n\n\n\n\n<a class=\"jump-nav-link-block\" href=\"javascript:void(0)\" tabindex=\"-1\" id=\"affiliated-locations\" data-name=\"SBH Affiliated Locations\"><\/a>\n\n\n<section class=\"affiliate-locations\">\n  <div class=\"max-width standard-spacing\">\n              <h1 class=\"subheading\">Ubicaciones de afiliados del sistema de salud SBH<\/h1>\n    \n        \n    <div class=\"locations\">\n              <div class=\"location\">\n                      <div class=\"location-image\" style=\"background-image:url('https:\/\/www.sbhny.org\/wp-content\/uploads\/2024\/09\/Arthur-Ave-2-scaled.jpg');\"><\/div>\n          \n                                <p class=\"tiny-heading\">Atenci\u00f3n integral de Arthur Ave<\/p>\n          \n                      <p class=\"small-gray-text\">\n                            2385 Avenida Arturo              <br>\n              Bronx, Nueva York 10458            <\/p>\n          \n                      <a href=\"tel:7185622481\" class=\"phone-cta color-blue\">(718) 562-2481<\/a>\n          \n                      <a target=\"_blank\" href=\"https:\/\/maps.app.goo.gl\/tCL8cPiNN3q94Q1S8\" class=\"btn btn--white google-maps-cta\">Ver en Google Maps<\/a>\n          \n                  <\/div>\n              <div class=\"location\">\n                      <div class=\"location-image\" style=\"background-image:url('https:\/\/www.sbhny.org\/wp-content\/uploads\/2024\/09\/Bronx-Park-scaled.jpg');\"><\/div>\n          \n                                <p class=\"tiny-heading\">Pabell\u00f3n m\u00e9dico del parque del Bronx<\/p>\n          \n                      <p class=\"small-gray-text\">\n                            2016 Avenida Bronxdale              <br>\n              Bronx, Nueva York 10462            <\/p>\n          \n                      <a href=\"tel:7188638695\" class=\"phone-cta color-blue\">(718) 863-8695<\/a>\n          \n                      <a target=\"_blank\" href=\"https:\/\/maps.app.goo.gl\/V2j8MtsNd9uCCYn16\" class=\"btn btn--white google-maps-cta\">Ver en Google Maps<\/a>\n          \n                  <\/div>\n              <div class=\"location\">\n                      <div class=\"location-image\" style=\"background-image:url('https:\/\/www.sbhny.org\/wp-content\/uploads\/2024\/05\/Mills-.jpg');\"><\/div>\n          \n                                <p class=\"tiny-heading\">Dental<\/p>\n          \n                      <p class=\"small-gray-text\">\n                            Edificio Mills, 2101 Quarry Road              <br>\n              Bronx, Nueva York 10457            <\/p>\n          \n                      <a href=\"tel:7189606628\" class=\"phone-cta color-blue\">(718) 960-6628<\/a>\n          \n                      <a target=\"_blank\" href=\"https:\/\/maps.app.goo.gl\/oui5K4dykFLxRidd8\" class=\"btn btn--white google-maps-cta\">Ver en Google Maps<\/a>\n          \n                  <\/div>\n          <\/div>\n      <\/div>\n<\/section>\n\n<section class=\"affiliate-locations\">\n  <div class=\"max-width standard-spacing\">\n              <h1 class=\"subheading\">Farmacias SBH<\/h1>\n    \n        \n    <div class=\"locations\">\n              <div class=\"location\">\n          \n                                <p class=\"tiny-heading\">Farmacia ambulatoria del Hospital St. Barnabas<\/p>\n          \n                      <p class=\"small-gray-text\">\n                            Hospital San Bernab\u00e9              <br>\n               4422 Tercera Avenida, Bronx, NY 10462            <\/p>\n          \n                      <a href=\"tel:7189603172\" class=\"phone-cta color-blue\">(718) 960-3172<\/a>\n          \n                      <a target=\"_blank\" href=\"https:\/\/maps.app.goo.gl\/Qvgy6TgaHTGTHS228\" class=\"btn btn--white google-maps-cta\">Ver en Google Maps<\/a>\n          \n                  <\/div>\n              <div class=\"location\">\n          \n                                <p class=\"tiny-heading\">Farmacia especializada del Hospital St. Barnabas<\/p>\n          \n                      <p class=\"small-gray-text\">\n                            Centro de atenci\u00f3n ambulatoria SBH              <br>\n              4487 Tercera Avenida, Bronx, NY 10458            <\/p>\n          \n                      <a href=\"tel:7189609221\" class=\"phone-cta color-blue\">(718) 960-9221<\/a>\n          \n                      <a target=\"_blank\" href=\"https:\/\/maps.app.goo.gl\/Qjveu5SifhRoxZ6o9\" class=\"btn btn--white google-maps-cta\">Ver en Google Maps<\/a>\n          \n                  <\/div>\n          <\/div>\n      <\/div>\n<\/section>","protected":false},"excerpt":{"rendered":"","protected":false},"author":3,"featured_media":0,"parent":0,"menu_order":0,"comment_status":"closed","ping_status":"closed","template":"","meta":{"_acf_changed":false,"_eb_attr":"","_price":"","_stock":"","_tribe_ticket_header":"","_tribe_default_ticket_provider":"","_tribe_ticket_capacity":"0","_ticket_start_date":"","_ticket_end_date":"","_tribe_ticket_show_description":"","_tribe_ticket_show_not_going":false,"_tribe_ticket_use_global_stock":"","_tribe_ticket_global_stock_level":"","_global_stock_mode":"","_global_stock_cap":"","_tribe_rsvp_for_event":"","_tribe_ticket_going_count":"","_tribe_ticket_not_going_count":"","_tribe_tickets_list":"[]","_tribe_ticket_has_attendee_info_fields":false,"footnotes":""},"class_list":["post-892","page","type-page","status-publish","hentry"],"acf":[],"yoast_head":"<!-- This site is optimized with the Yoast SEO plugin v26.5 - https:\/\/yoast.com\/wordpress\/plugins\/seo\/ -->\n<title>Our Locations - SBH Health System<\/title>\n<meta name=\"robots\" content=\"index, follow, max-snippet:-1, max-image-preview:large, max-video-preview:-1\" \/>\n<link rel=\"canonical\" href=\"https:\/\/www.sbhny.org\/es\/locations\/\" \/>\n<meta property=\"og:locale\" content=\"es_MX\" \/>\n<meta property=\"og:type\" content=\"article\" \/>\n<meta property=\"og:title\" content=\"Our Locations - SBH Health System\" \/>\n<meta property=\"og:url\" content=\"https:\/\/www.sbhny.org\/es\/locations\/\" \/>\n<meta property=\"og:site_name\" content=\"SBH Health System\" \/>\n<meta property=\"article:publisher\" content=\"https:\/\/www.facebook.com\/SBHBronx\/\" \/>\n<meta property=\"article:modified_time\" content=\"2026-03-20T22:39:18+00:00\" \/>\n<meta name=\"twitter:card\" content=\"summary_large_image\" \/>\n<meta name=\"twitter:site\" content=\"@sbhbronx\" \/>\n<script type=\"application\/ld+json\" class=\"yoast-schema-graph\">{\"@context\":\"https:\/\/schema.org\",\"@graph\":[{\"@type\":\"WebPage\",\"@id\":\"https:\/\/www.sbhny.org\/locations\/\",\"url\":\"https:\/\/www.sbhny.org\/locations\/\",\"name\":\"Our Locations - SBH Health System\",\"isPartOf\":{\"@id\":\"https:\/\/www.sbhny.org\/#website\"},\"datePublished\":\"2024-05-13T14:57:36+00:00\",\"dateModified\":\"2026-03-20T22:39:18+00:00\",\"breadcrumb\":{\"@id\":\"https:\/\/www.sbhny.org\/locations\/#breadcrumb\"},\"inLanguage\":\"es\",\"potentialAction\":[{\"@type\":\"ReadAction\",\"target\":[\"https:\/\/www.sbhny.org\/locations\/\"]}]},{\"@type\":\"BreadcrumbList\",\"@id\":\"https:\/\/www.sbhny.org\/locations\/#breadcrumb\",\"itemListElement\":[{\"@type\":\"ListItem\",\"position\":1,\"name\":\"Home\",\"item\":\"https:\/\/www.sbhny.org\/\"},{\"@type\":\"ListItem\",\"position\":2,\"name\":\"Our Locations\"}]},{\"@type\":\"WebSite\",\"@id\":\"https:\/\/www.sbhny.org\/#website\",\"url\":\"https:\/\/www.sbhny.org\/\",\"name\":\"SBH Health System\",\"description\":\"\",\"potentialAction\":[{\"@type\":\"SearchAction\",\"target\":{\"@type\":\"EntryPoint\",\"urlTemplate\":\"https:\/\/www.sbhny.org\/?s={search_term_string}\"},\"query-input\":{\"@type\":\"PropertyValueSpecification\",\"valueRequired\":true,\"valueName\":\"search_term_string\"}}],\"inLanguage\":\"es\"}]}<\/script>\n<!-- \/ Yoast SEO plugin. -->","yoast_head_json":{"title":"Our Locations - SBH Health System","robots":{"index":"index","follow":"follow","max-snippet":"max-snippet:-1","max-image-preview":"max-image-preview:large","max-video-preview":"max-video-preview:-1"},"canonical":"https:\/\/www.sbhny.org\/es\/locations\/","og_locale":"es_MX","og_type":"article","og_title":"Our Locations - SBH Health System","og_url":"https:\/\/www.sbhny.org\/es\/locations\/","og_site_name":"SBH Health System","article_publisher":"https:\/\/www.facebook.com\/SBHBronx\/","article_modified_time":"2026-03-20T22:39:18+00:00","twitter_card":"summary_large_image","twitter_site":"@sbhbronx","schema":{"@context":"https:\/\/schema.org","@graph":[{"@type":"WebPage","@id":"https:\/\/www.sbhny.org\/locations\/","url":"https:\/\/www.sbhny.org\/locations\/","name":"Our Locations - SBH Health System","isPartOf":{"@id":"https:\/\/www.sbhny.org\/#website"},"datePublished":"2024-05-13T14:57:36+00:00","dateModified":"2026-03-20T22:39:18+00:00","breadcrumb":{"@id":"https:\/\/www.sbhny.org\/locations\/#breadcrumb"},"inLanguage":"es","potentialAction":[{"@type":"ReadAction","target":["https:\/\/www.sbhny.org\/locations\/"]}]},{"@type":"BreadcrumbList","@id":"https:\/\/www.sbhny.org\/locations\/#breadcrumb","itemListElement":[{"@type":"ListItem","position":1,"name":"Home","item":"https:\/\/www.sbhny.org\/"},{"@type":"ListItem","position":2,"name":"Our Locations"}]},{"@type":"WebSite","@id":"https:\/\/www.sbhny.org\/#website","url":"https:\/\/www.sbhny.org\/","name":"Sistema de Salud SBH","description":"","potentialAction":[{"@type":"SearchAction","target":{"@type":"EntryPoint","urlTemplate":"https:\/\/www.sbhny.org\/?s={search_term_string}"},"query-input":{"@type":"PropertyValueSpecification","valueRequired":true,"valueName":"search_term_string"}}],"inLanguage":"es"}]}},"_links":{"self":[{"href":"https:\/\/www.sbhny.org\/es\/wp-json\/wp\/v2\/pages\/892","targetHints":{"allow":["GET"]}}],"collection":[{"href":"https:\/\/www.sbhny.org\/es\/wp-json\/wp\/v2\/pages"}],"about":[{"href":"https:\/\/www.sbhny.org\/es\/wp-json\/wp\/v2\/types\/page"}],"author":[{"embeddable":true,"href":"https:\/\/www.sbhny.org\/es\/wp-json\/wp\/v2\/users\/3"}],"replies":[{"embeddable":true,"href":"https:\/\/www.sbhny.org\/es\/wp-json\/wp\/v2\/comments?post=892"}],"version-history":[{"count":0,"href":"https:\/\/www.sbhny.org\/es\/wp-json\/wp\/v2\/pages\/892\/revisions"}],"wp:attachment":[{"href":"https:\/\/www.sbhny.org\/es\/wp-json\/wp\/v2\/media?parent=892"}],"curies":[{"name":"wp","href":"https:\/\/api.w.org\/{rel}","templated":true}]}}