{"id":893,"date":"2024-05-13T14:57:24","date_gmt":"2024-05-13T14:57:24","guid":{"rendered":"https:\/\/sbhny.wpenginepowered.com\/?page_id=893"},"modified":"2025-09-05T14:34:48","modified_gmt":"2025-09-05T14:34:48","slug":"make-an-appointment","status":"publish","type":"page","link":"https:\/\/www.sbhny.org\/es\/make-an-appointment\/","title":{"rendered":"Haga una cita"},"content":{"rendered":"<section class=\"breadcrumb-eyebrow-marquee\">\n  <div class=\"max-width marquee-spacing\">\n    <nav class=\"breadcrumbs\" aria-label=\"Migas de pan\">\n      <ul class=\"breadcrumbs-list\" itemscope itemtype=\"https:\/\/schema.org\/BreadcrumbList\">\n        <li itemprop=\"itemListElement\" itemscope\n itemtype=\"https:\/\/schema.org\/ListItem\"><a itemprop=\"item\" href=\"\/es\/\"><span itemprop=\"name\">Hogar<\/span><\/a><\/li>\n                \n        <li itemprop=\"itemListElement\" itemscope\n itemtype=\"https:\/\/schema.org\/ListItem\"><a itemprop=\"item\" class=\"current\" aria-current=\"page\" href=\"https:\/\/www.sbhny.org\/es\/make-an-appointment\/\"><span itemprop=\"name\">Haga una cita<\/span><\/a><\/li>\n    <\/ul>\n\n    <\/nav>\n    <div class=\"eyebrow\">\n              <p class=\"main-heading\">Haga una cita<\/p>\n          <\/div>    \n  <\/div>\n<\/section>\n\n\n<section class=\"image-twocol-hero background-image\">\n  <div class=\"max-width standard-spacing twocol-row\">\n\n          <div class=\"image-col twocol-col\" style=\"background-image: url('https:\/\/www.sbhny.org\/wp-content\/uploads\/2024\/05\/make-an-appointment-hero.png');\"><\/div>\n    \n\n    <div class=\"content-col twocol-col\">\n              <h1 class=\"main-heading\">Nombramientos en SBH<\/h1>\n            <div class=\"body-copy\">\n        <p>Hacemos que programar y administrar su cita en SBH sea f\u00e1cil y conveniente.<\/p>\n      <\/div>\n      \n        \n      \n              <div class=\"gray-box gray-box--two-col gray-box--icon-contained centered\">\n                      <img decoding=\"async\" src=\"https:\/\/www.sbhny.org\/wp-content\/uploads\/2024\/05\/calendar-plus-icon.png\" alt=\"icon\" class=\"small\"\/>\n          \n                      <p class=\"medium-body-copy\"><strong>Haga una cita<\/strong><\/p>            \n          \n                      <a href=\"\/es\/Tel\u00e9fono: 7189603730\/\">\n              <p class=\"tiny-heading\"><strong>Llama al (718) 960 3730<\/strong><\/p>\n            <\/a>            \n          \n                      <p class=\"medium-body-copy gray-box-desc\">Disponible de 8:30 a 17:00<\/p>            \n          \n          \n        <\/div>\n          <\/div>\n  <\/div>\n<\/section>\n\n\n<section class=\"icon-boxes-with-intro\">\n  <div class=\"questions-support-cta\">\n\n    <div class=\"max-width standard-spacing questions-support-row\">\n      <div class=\"intro-copy\">\n        <h2 class=\"subheading\">Si necesita ayuda para concertar una cita, estamos aqu\u00ed para ayudarle.<\/h2>\n        <div class=\"body-copy\"><p>SBH facilita la programaci\u00f3n de una cita en SBH. Es parte de brindar atenci\u00f3n completa y compasiva a todos en el Bronx. Estamos aqu\u00ed para responder cualquier pregunta que pueda tener al programar y administrar su cita a trav\u00e9s de nuestra l\u00ednea de atenci\u00f3n al cliente 24 horas al d\u00eda, 7 d\u00edas a la semana. <\/p>\n<\/div>      \n      <\/div>\n      <div class=\"cta-row\">\n        \n                  <a href=\"tel:7189609000\" class=\"btn btn--white btn--white--phone\">Llama al (718) 960 9000<\/a> \n              <\/div>\n    <\/div>\n\n  <\/div>  \n\n        \n  <div class=\"max-width standard-spacing  icon-boxes\">\n    <h2 class=\"subheading\">Recursos adicionales para cuando planifique su cita <\/h2>\n\n    \n    <div class=\"icon-box-list-items three-col\">\n              <div class=\"icon-box-item\">\n          <img decoding=\"async\" src=\"https:\/\/www.sbhny.org\/wp-content\/uploads\/2024\/05\/bank-note-dollar-money-icon.png\" alt=\"icon\">\n          <p class=\"large-body-copy\"><strong>Servicios financieros<\/strong><\/p>          <p class=\"medium-body-copy\">Estamos comprometidos a brindar asistencia financiera a pacientes que no tienen seguro, tienen seguro insuficiente, no son elegibles para un programa gubernamental o no pueden pagar de otra manera.<\/p>          \n                      <a href=\"\/es\/financial-services\/\" class=\"arrow-cta\">Servicios financieros en SBH<\/a> \n                  <\/div>\n              <div class=\"icon-box-item\">\n          <img decoding=\"async\" src=\"https:\/\/www.sbhny.org\/wp-content\/uploads\/2024\/05\/folder-plus-icon.png\" alt=\"icon\">\n          <p class=\"large-body-copy\"><strong>C\u00f3mo acceder a sus registros m\u00e9dicos<\/strong><\/p>          <p class=\"medium-body-copy\">Descubra c\u00f3mo puede acceder y transferir sus registros m\u00e9dicos f\u00e1cilmente en SBH.<\/p>          \n                      <a href=\"\/es\/electronic-request-for-records\/\" class=\"arrow-cta\">Registros m\u00e9dicos<\/a> \n                  <\/div>\n              <div class=\"icon-box-item\">\n          <img decoding=\"async\" src=\"https:\/\/www.sbhny.org\/wp-content\/uploads\/2024\/05\/locations.png\" alt=\"icon\">\n          <p class=\"large-body-copy\"><strong>Ubicaciones y estacionamiento<\/strong><\/p>          <p class=\"medium-body-copy\">Encuentre ubicaci\u00f3n, direcci\u00f3n e informaci\u00f3n de estacionamiento para cuando planifique su visita a SBH.<\/p>          \n                      <a href=\"\/es\/locations\/\" class=\"arrow-cta\">Nuestras ubicaciones<\/a> \n                  <\/div>\n          <\/div>\n  <\/div>\n    <\/section>\n\n\n\n<section class=\"alternating-content-image-rows first white\">\n\n  \n          <div class=\"standard-spacing no-side-spacing no-bottom-spacing content-image-block not-reversed\">\n            <div class=\"content-image-row\">\n              <div class=\"content-side\">\n  \n                <!-- Display icon if there is one -->\n                                  <img decoding=\"async\" src=\"https:\/\/www.sbhny.org\/wp-content\/uploads\/2024\/05\/mychart-icon.png\" alt=\"icon\">\n                  \n                <!-- Display heading if there is one -->\n                <!-- If there is intro copy, display h3 -->\n                <!-- If there is no intro copy, display h2 -->\n                                  <h2 class=\"small-heading\">MyChart facilita la administraci\u00f3n de su atenci\u00f3n m\u00e9dica en l\u00ednea <br \/>(Para pacientes existentes)<\/h2>\n                                  \n                <!-- Display body copy if there is body copy -->\n                                  <div class=\"body-copy\"><p>MyChart le permite a usted y a su m\u00e9dico consultar su informaci\u00f3n m\u00e9dica, incluido su historial cl\u00ednico, sus historiales m\u00e9dicos y los resultados de sus pruebas, todo en un mismo lugar y al mismo tiempo, aunque le hayan atendido en varias consultas. Puede consultar y actualizar su informaci\u00f3n m\u00e9dica en l\u00ednea de forma segura, as\u00ed como revisar los detalles de su seguro y sus planes de pago. Si tiene hijos u otros familiares que necesiten ayuda, tambi\u00e9n puede gestionar su informaci\u00f3n m\u00e9dica desde su cuenta MyChart.<\/p>\n<\/div>\n                  \n                                \n                                  <a href=\"https:\/\/sbhmychart.barnabas.network\/MyChart\/Authentication\/Login?\" class=\"btn btn--arrow\">Inicie sesi\u00f3n en MyChart<\/a>\n                \n                \n                  \n              <\/div>\n              \n              <!-- Display main image if there is an image -->\n                            <div class=\"image-side\" style=\"background-image: url('https:\/\/www.sbhny.org\/wp-content\/uploads\/2024\/09\/DSC_2828-scaled.jpg');\"><\/div>\n                \n            <\/div>\n          <\/div>\n  \n          \n          <div class=\"standard-spacing no-side-spacing no-bottom-spacing content-image-block not-reversed\">\n            <div class=\"content-image-row\">\n              <div class=\"content-side\">\n  \n                <!-- Display icon if there is one -->\n                                  <img decoding=\"async\" src=\"https:\/\/www.sbhny.org\/wp-content\/uploads\/2024\/05\/mychart-icon.png\" alt=\"icon\">\n                  \n                <!-- Display heading if there is one -->\n                <!-- If there is intro copy, display h3 -->\n                <!-- If there is no intro copy, display h2 -->\n                                  <h2 class=\"small-heading\">MyChart facilita la administraci\u00f3n de su atenci\u00f3n m\u00e9dica en l\u00ednea<br \/>(Para pacientes nuevos no registrados y que utilizan servicios de obstetricia y ginecolog\u00eda, medicina interna y atenci\u00f3n primaria)<\/h2>\n                                  \n                <!-- Display body copy if there is body copy -->\n                                  <div class=\"body-copy\"><p>MyChart le permite a usted y a su m\u00e9dico consultar su informaci\u00f3n m\u00e9dica, incluido su historial cl\u00ednico, sus historiales m\u00e9dicos y los resultados de sus pruebas, todo en un mismo lugar y al mismo tiempo, aunque le hayan atendido en varias consultas. Puede consultar y actualizar su informaci\u00f3n m\u00e9dica en l\u00ednea de forma segura, as\u00ed como revisar los detalles de su seguro y sus planes de pago. Si tiene hijos u otros familiares que necesiten ayuda, tambi\u00e9n puede gestionar su informaci\u00f3n m\u00e9dica desde su cuenta MyChart.<\/p>\n<\/div>\n                  \n                                \n                                  <a href=\"https:\/\/sbhmychart.barnabas.network\/MyChart\/openscheduling?lang=en-US\" class=\"btn btn--arrow\">Iniciar sesi\u00f3n en MyChart Abrir programaci\u00f3n<\/a>\n                \n                \n                  \n              <\/div>\n              \n              <!-- Display main image if there is an image -->\n                            <div class=\"image-side\" style=\"background-image: url('https:\/\/www.sbhny.org\/wp-content\/uploads\/2024\/09\/DSC_2764-scaled.jpg');\"><\/div>\n                \n            <\/div>\n          <\/div>\n  \n          \n          <div class=\"standard-spacing no-side-spacing no-bottom-spacing content-image-block not-reversed\">\n            <div class=\"content-image-row\">\n              <div class=\"content-side\">\n  \n                <!-- Display icon if there is one -->\n                                  <img decoding=\"async\" src=\"https:\/\/www.sbhny.org\/wp-content\/uploads\/2024\/05\/virtual-care-icon.png\" alt=\"icon\">\n                  \n                <!-- Display heading if there is one -->\n                <!-- If there is intro copy, display h3 -->\n                <!-- If there is no intro copy, display h2 -->\n                                  <h2 class=\"small-heading\">Obtenga atenci\u00f3n pr\u00e1cticamente en cualquier lugar con los servicios de telesalud de SBH<\/h2>\n                                  \n                <!-- Display body copy if there is body copy -->\n                                  <div class=\"body-copy\"><p>Los servicios de telesalud hacen que sea m\u00e1s f\u00e1cil y conveniente consultar a un m\u00e9dico. Para pacientes nuevos, SBH ofrece citas de telesalud para medicina interna, obstetricia y ginecolog\u00eda y pediatr\u00eda. Los pacientes existentes pueden utilizar la telesalud para todos los servicios ofrecidos en Atenci\u00f3n Ambulatoria. <\/p>\n<\/div>\n                  \n                                \n                \n                \n                  \n              <\/div>\n              \n              <!-- Display main image if there is an image -->\n                            <div class=\"image-side\" style=\"background-image: url('https:\/\/www.sbhny.org\/wp-content\/uploads\/2024\/05\/virtual-care-row-image.png');\"><\/div>\n                \n            <\/div>\n          <\/div>\n  \n        \n\n\n\n<\/section>\n\n\n<section class=\"resources-background-section\" >\n  <div class=\"max-width standard-spacing\">\n    <div class=\"intro-copy\">\n      <h2 class=\"main-heading\">Te ayudaremos a encontrar lo que est\u00e1s buscando.<\/h2>\n              <div class=\"body-copy\"><p>Aqu\u00ed hay m\u00e1s recursos para ayudarlo a planificar su cita y hacer que su visita a SBH sea lo m\u00e1s f\u00e1cil posible.<\/p>\n<\/div>\n          <\/div>\n\n\n    \n    \n    <div class=\"resources-row\">\n\n          <div class=\"resource-card\">\n                <img decoding=\"async\" src=\"https:\/\/www.sbhny.org\/wp-content\/uploads\/2024\/05\/search-icon.png\" alt=\"icon\">\n        \n                <p class=\"large-body-copy\"><strong>encontrar un m\u00e9dico<\/strong><\/p>\n        \n                <p class=\"medium-body-copy\">Busque m\u00e9dicos de SBH f\u00e1cilmente por nombre, especialidad o condici\u00f3n para la atenci\u00f3n que necesita.<\/p>\n        \n                <a href=\"\/es\/find-a-doctor\/\" class=\"arrow-cta\">Busque m\u00e9dicos en SBH<\/a>\n              <\/div>\n\n            <div class=\"resource-card\">\n                <img decoding=\"async\" src=\"https:\/\/www.sbhny.org\/wp-content\/uploads\/2024\/05\/patient-and-clinical-services.png\" alt=\"icon\">\n        \n                <p class=\"large-body-copy\"><strong>Servicios cl\u00ednicos y para pacientes<\/strong><\/p>\n        \n                <p class=\"medium-body-copy\">Obtenga m\u00e1s informaci\u00f3n sobre la atenci\u00f3n, los servicios y la excelencia cl\u00ednica que brinda SBH.<\/p>\n        \n                <a href=\"\/es\/services\/\" class=\"arrow-cta\">Explora nuestros servicios<\/a>\n              <\/div>\n\n            <div class=\"resource-card\">\n                <img decoding=\"async\" src=\"https:\/\/www.sbhny.org\/wp-content\/uploads\/2024\/05\/nurse-icon.png\" alt=\"icon\">\n        \n                <p class=\"large-body-copy\"><strong>Atenci\u00f3n de Urgencia y Cl\u00ednica en el Centro de Salud y Bienestar<\/strong><\/p>\n        \n                <p class=\"medium-body-copy\">Encontrar\u00e1 una gama completa de servicios cl\u00ednicos que incluyen atenci\u00f3n de urgencia disponibles en nuestro Centro de salud y bienestar.<\/p>\n        \n                <a href=\"\/es\/health-wellness-center\/clinical-care\/\" class=\"arrow-cta\">Explorar atenci\u00f3n cl\u00ednica<\/a>\n              <\/div>\n\n            <div class=\"resource-card\">\n                <img decoding=\"async\" src=\"https:\/\/www.sbhny.org\/wp-content\/uploads\/2024\/05\/patients-icon.png\" alt=\"icon\">\n        \n                <p class=\"large-body-copy\"><strong>Gu\u00eda para pacientes y visitantes<\/strong><\/p>\n        \n                <p class=\"medium-body-copy\">Encuentre toda la informaci\u00f3n que necesita para prepararse para su visita a SBH.<\/p>\n        \n                <a href=\"\/es\/patient-visitor-guide\/\" class=\"arrow-cta\">Aprende m\u00e1s<\/a>\n              <\/div>\n\n      \n    <\/div>\n\n        \n  <\/div>\n<\/section>","protected":false},"excerpt":{"rendered":"","protected":false},"author":3,"featured_media":0,"parent":0,"menu_order":0,"comment_status":"closed","ping_status":"closed","template":"","meta":{"_acf_changed":true,"_eb_attr":"","_price":"","_stock":"","_tribe_ticket_header":"","_tribe_default_ticket_provider":"","_tribe_ticket_capacity":"0","_ticket_start_date":"","_ticket_end_date":"","_tribe_ticket_show_description":"","_tribe_ticket_show_not_going":false,"_tribe_ticket_use_global_stock":"","_tribe_ticket_global_stock_level":"","_global_stock_mode":"","_global_stock_cap":"","_tribe_rsvp_for_event":"","_tribe_ticket_going_count":"","_tribe_ticket_not_going_count":"","_tribe_tickets_list":"[]","_tribe_ticket_has_attendee_info_fields":false,"footnotes":""},"class_list":["post-893","page","type-page","status-publish","hentry"],"acf":[],"yoast_head":"<!-- This site is optimized with the Yoast SEO plugin v26.5 - https:\/\/yoast.com\/wordpress\/plugins\/seo\/ -->\n<title>Make an Appointment - SBH Health System<\/title>\n<meta name=\"robots\" content=\"index, follow, max-snippet:-1, max-image-preview:large, max-video-preview:-1\" \/>\n<link rel=\"canonical\" href=\"https:\/\/www.sbhny.org\/es\/make-an-appointment\/\" \/>\n<meta property=\"og:locale\" content=\"es_MX\" \/>\n<meta property=\"og:type\" content=\"article\" \/>\n<meta property=\"og:title\" content=\"Make an Appointment - SBH Health System\" \/>\n<meta property=\"og:url\" content=\"https:\/\/www.sbhny.org\/es\/make-an-appointment\/\" \/>\n<meta property=\"og:site_name\" content=\"SBH Health System\" \/>\n<meta property=\"article:publisher\" content=\"https:\/\/www.facebook.com\/SBHBronx\/\" \/>\n<meta property=\"article:modified_time\" content=\"2025-09-05T14:34:48+00:00\" \/>\n<meta name=\"twitter:card\" content=\"summary_large_image\" \/>\n<meta name=\"twitter:site\" content=\"@sbhbronx\" \/>\n<script type=\"application\/ld+json\" class=\"yoast-schema-graph\">{\"@context\":\"https:\/\/schema.org\",\"@graph\":[{\"@type\":\"WebPage\",\"@id\":\"https:\/\/www.sbhny.org\/make-an-appointment\/\",\"url\":\"https:\/\/www.sbhny.org\/make-an-appointment\/\",\"name\":\"Make an Appointment - SBH Health System\",\"isPartOf\":{\"@id\":\"https:\/\/www.sbhny.org\/#website\"},\"datePublished\":\"2024-05-13T14:57:24+00:00\",\"dateModified\":\"2025-09-05T14:34:48+00:00\",\"breadcrumb\":{\"@id\":\"https:\/\/www.sbhny.org\/make-an-appointment\/#breadcrumb\"},\"inLanguage\":\"es\",\"potentialAction\":[{\"@type\":\"ReadAction\",\"target\":[\"https:\/\/www.sbhny.org\/make-an-appointment\/\"]}]},{\"@type\":\"BreadcrumbList\",\"@id\":\"https:\/\/www.sbhny.org\/make-an-appointment\/#breadcrumb\",\"itemListElement\":[{\"@type\":\"ListItem\",\"position\":1,\"name\":\"Home\",\"item\":\"https:\/\/www.sbhny.org\/\"},{\"@type\":\"ListItem\",\"position\":2,\"name\":\"Make an Appointment\"}]},{\"@type\":\"WebSite\",\"@id\":\"https:\/\/www.sbhny.org\/#website\",\"url\":\"https:\/\/www.sbhny.org\/\",\"name\":\"SBH Health System\",\"description\":\"\",\"potentialAction\":[{\"@type\":\"SearchAction\",\"target\":{\"@type\":\"EntryPoint\",\"urlTemplate\":\"https:\/\/www.sbhny.org\/?s={search_term_string}\"},\"query-input\":{\"@type\":\"PropertyValueSpecification\",\"valueRequired\":true,\"valueName\":\"search_term_string\"}}],\"inLanguage\":\"es\"}]}<\/script>\n<!-- \/ Yoast SEO plugin. -->","yoast_head_json":{"title":"Make an Appointment - SBH Health System","robots":{"index":"index","follow":"follow","max-snippet":"max-snippet:-1","max-image-preview":"max-image-preview:large","max-video-preview":"max-video-preview:-1"},"canonical":"https:\/\/www.sbhny.org\/es\/make-an-appointment\/","og_locale":"es_MX","og_type":"article","og_title":"Make an Appointment - SBH Health System","og_url":"https:\/\/www.sbhny.org\/es\/make-an-appointment\/","og_site_name":"SBH Health System","article_publisher":"https:\/\/www.facebook.com\/SBHBronx\/","article_modified_time":"2025-09-05T14:34:48+00:00","twitter_card":"summary_large_image","twitter_site":"@sbhbronx","schema":{"@context":"https:\/\/schema.org","@graph":[{"@type":"WebPage","@id":"https:\/\/www.sbhny.org\/make-an-appointment\/","url":"https:\/\/www.sbhny.org\/make-an-appointment\/","name":"Make an Appointment - SBH Health System","isPartOf":{"@id":"https:\/\/www.sbhny.org\/#website"},"datePublished":"2024-05-13T14:57:24+00:00","dateModified":"2025-09-05T14:34:48+00:00","breadcrumb":{"@id":"https:\/\/www.sbhny.org\/make-an-appointment\/#breadcrumb"},"inLanguage":"es","potentialAction":[{"@type":"ReadAction","target":["https:\/\/www.sbhny.org\/make-an-appointment\/"]}]},{"@type":"BreadcrumbList","@id":"https:\/\/www.sbhny.org\/make-an-appointment\/#breadcrumb","itemListElement":[{"@type":"ListItem","position":1,"name":"Home","item":"https:\/\/www.sbhny.org\/"},{"@type":"ListItem","position":2,"name":"Make an Appointment"}]},{"@type":"WebSite","@id":"https:\/\/www.sbhny.org\/#website","url":"https:\/\/www.sbhny.org\/","name":"Sistema de Salud SBH","description":"","potentialAction":[{"@type":"SearchAction","target":{"@type":"EntryPoint","urlTemplate":"https:\/\/www.sbhny.org\/?s={search_term_string}"},"query-input":{"@type":"PropertyValueSpecification","valueRequired":true,"valueName":"search_term_string"}}],"inLanguage":"es"}]}},"_links":{"self":[{"href":"https:\/\/www.sbhny.org\/es\/wp-json\/wp\/v2\/pages\/893","targetHints":{"allow":["GET"]}}],"collection":[{"href":"https:\/\/www.sbhny.org\/es\/wp-json\/wp\/v2\/pages"}],"about":[{"href":"https:\/\/www.sbhny.org\/es\/wp-json\/wp\/v2\/types\/page"}],"author":[{"embeddable":true,"href":"https:\/\/www.sbhny.org\/es\/wp-json\/wp\/v2\/users\/3"}],"replies":[{"embeddable":true,"href":"https:\/\/www.sbhny.org\/es\/wp-json\/wp\/v2\/comments?post=893"}],"version-history":[{"count":0,"href":"https:\/\/www.sbhny.org\/es\/wp-json\/wp\/v2\/pages\/893\/revisions"}],"wp:attachment":[{"href":"https:\/\/www.sbhny.org\/es\/wp-json\/wp\/v2\/media?parent=893"}],"curies":[{"name":"wp","href":"https:\/\/api.w.org\/{rel}","templated":true}]}}