{"id":894,"date":"2024-05-13T14:57:06","date_gmt":"2024-05-13T14:57:06","guid":{"rendered":"https:\/\/sbhny.wpenginepowered.com\/?page_id=894"},"modified":"2025-07-09T16:47:58","modified_gmt":"2025-07-09T16:47:58","slug":"patient-visitor-guide","status":"publish","type":"page","link":"https:\/\/www.sbhny.org\/es\/patient-visitor-guide\/","title":{"rendered":"Gu\u00eda para pacientes y visitantes"},"content":{"rendered":"<section class=\"breadcrumb-eyebrow-marquee\">\n  <div class=\"max-width marquee-spacing\">\n    <nav class=\"breadcrumbs\" aria-label=\"Migas de pan\">\n      <ul class=\"breadcrumbs-list\" itemscope itemtype=\"https:\/\/schema.org\/BreadcrumbList\">\n        <li itemprop=\"itemListElement\" itemscope\n itemtype=\"https:\/\/schema.org\/ListItem\"><a itemprop=\"item\" href=\"\/es\/\"><span itemprop=\"name\">Hogar<\/span><\/a><\/li>\n                \n        <li itemprop=\"itemListElement\" itemscope\n itemtype=\"https:\/\/schema.org\/ListItem\"><a itemprop=\"item\" class=\"current\" aria-current=\"page\" href=\"https:\/\/www.sbhny.org\/es\/patient-visitor-guide\/\"><span itemprop=\"name\">Gu\u00eda para pacientes y visitantes<\/span><\/a><\/li>\n    <\/ul>\n\n    <\/nav>\n    <div class=\"eyebrow\">\n              <p class=\"main-heading\">Gu\u00eda para pacientes y visitantes<\/p>\n          <\/div>    \n  <\/div>\n<\/section>\n\n\n<section class=\"image-twocol-hero background-image\">\n  <div class=\"max-width standard-spacing twocol-row\">\n\n          <div class=\"image-col twocol-col\" style=\"background-image: url('https:\/\/www.sbhny.org\/wp-content\/uploads\/2024\/05\/patient-visitor-guide-hero.png');\"><\/div>\n    \n\n    <div class=\"content-col twocol-col\">\n              <h1 class=\"main-heading\">Gu\u00eda para pacientes y visitantes<\/h1>\n            <div class=\"body-copy\">\n        <p>En SBH, estamos 100% comprometidos a mejorar la salud, el bienestar y el bienestar de nuestra comunidad. En el camino, usted puede tener preguntas o preocupaciones. Esta gu\u00eda fue creada para ayudar a proporcionarle las respuestas y la informaci\u00f3n que necesita saber durante el tiempo que pase con nosotros.<\/p>\n      <\/div>\n      \n        \n      \n          <\/div>\n  <\/div>\n<\/section>\n\n\n\n<a class=\"jump-nav-link-block\" href=\"javascript:void(0)\" tabindex=\"-1\" id=\"before\" data-name=\"Before Your Visit\"><\/a>\n\n\n\n<section class=\"twocol-accordion-section\">\n  <div class=\"max-width standard-spacing twocol-row\">\n    <div class=\"twocol-col intro-copy-col\">\n              <img decoding=\"async\" src=\"https:\/\/www.sbhny.org\/wp-content\/uploads\/2024\/05\/calendar-icon.png\" alt=\"icon\">\n      \n              <h2 class=\"subheading\">Antes de su visita<\/h2>\n      \n              <div class=\"body-copy\"><p>Le pedimos que tenga en cuenta una serie de cosas antes de su cita ambulatoria o de pasar la noche en SBH. <\/p>\n<\/div>\n          <\/div>\n\n        <div class=\"twocol-col accordion-section\">\n\n    \n    <div class=\"accordion-card open\" itemscope=\"itemscope\" itemprop=\"mainEntity\" itemtype=\"https:\/\/schema.org\/Question\">\n      <div class=\"accordion-card-header\">\n        <button id=\"twocol_id_What-Should-I-Bring-or-Prepare\" class=\"accordion-button large-body-copy\" aria-expanded=\"true\" aria-controls=\"twocol_What-Should-I-Bring-or-Prepare\">\u00bfQu\u00e9 debo traer o preparar?<\/button>\n      <\/div>\n      <div class=\"accordion-card-content body-copy\" itemscope=\"itemscope\" itemprop=\"acceptedAnswer\" itemtype=\"https:\/\/schema.org\/Answer\" id=\"twocol_What-Should-I-Bring-or-Prepare\" aria-labelledby=\"twocol_id_What-Should-I-Bring-or-Prepare\" role=\"region\">\n        <h3>Citas para pacientes ambulatorios<\/h3>\n<ul>\n<li>Traiga todos los documentos correctos, como pruebas relevantes, radiograf\u00edas e historiales m\u00e9dicos.<\/li>\n<li>Enumere todos los medicamentos que toma actualmente con regularidad, incluidas las dosis.<\/li>\n<li>Prep\u00e1rese para cualquier solicitud especial del m\u00e9dico, como restricciones de dieta o medicamentos.<\/li>\n<li>Es posible que alguien necesite acompa\u00f1arle si es necesario para llevarle a casa.<\/li>\n<li>Es posible que necesites un su\u00e9ter o una chaqueta, ya que muchas habitaciones son frescas para proteger el equipo m\u00e9dico.<\/li>\n<\/ul>\n<h3>Estancias hospitalarias<\/h3>\n<ul>\n<li>La comodidad es clave, as\u00ed que traiga pantalones deportivos, bata y pantuflas.<\/li>\n<li>Lleva lo necesario para dormir c\u00f3modamente; una almohada o manta por ejemplo<\/li>\n<li>Ropa de d\u00eda con ropa interior limpia.<\/li>\n<li>Art\u00edculos de tocador: jab\u00f3n, cepillo de dientes, pasta de dientes, champ\u00fa, desodorante, maquinillas de afeitar y virutas, tampones sanitarios.<\/li>\n<li>Libros o revistas para ayudar a pasar el tiempo.<\/li>\n<li>Aseg\u00farese de que su enfermera y su m\u00e9dico sepan todos los medicamentos\/suplementos que est\u00e1 tomando y cualquier alergia y reacci\u00f3n adversa que tenga.<\/li>\n<\/ul>\n      <\/div>\n    <\/div>\n\n    \n    <div class=\"accordion-card open\" itemscope=\"itemscope\" itemprop=\"mainEntity\" itemtype=\"https:\/\/schema.org\/Question\">\n      <div class=\"accordion-card-header\">\n        <button id=\"twocol_id_What-Questions-Should-I-Ask\" class=\"accordion-button large-body-copy\" aria-expanded=\"true\" aria-controls=\"twocol_What-Questions-Should-I-Ask\">\u00bfQu\u00e9 preguntas debo hacer?<\/button>\n      <\/div>\n      <div class=\"accordion-card-content body-copy\" itemscope=\"itemscope\" itemprop=\"acceptedAnswer\" itemtype=\"https:\/\/schema.org\/Answer\" id=\"twocol_What-Questions-Should-I-Ask\" aria-labelledby=\"twocol_id_What-Questions-Should-I-Ask\" role=\"region\">\n        <h3>Acerca de su tratamiento ambulatorio<\/h3>\n<ul>\n<li>\u00bfCu\u00e1nto tiempo durar\u00e1 el tratamiento?<\/li>\n<li>\u00bfQu\u00e9 puedo esperar y cu\u00e1les son los pasos involucrados en este tratamiento?<\/li>\n<li>\u00bfCu\u00e1l es el costo del tratamiento? \u00bfExiste una forma gen\u00e9rica de mi tratamiento y es igual de eficaz?<\/li>\n<li>\u00bfQu\u00e9 efectos secundarios puedo esperar? \u00bfY qu\u00e9 debo hacer si tengo alguno?<\/li>\n<li>\u00bfQu\u00e9 riesgos y beneficios est\u00e1n asociados con el tratamiento?<\/li>\n<li>\u00bfQu\u00e9 pasar\u00eda si no hiciera este tratamiento?<\/li>\n<li>\u00bfQu\u00e9 pasar\u00eda si retraso mi tratamiento?<\/li>\n<li>\u00bfHay algo que debo evitar durante el tratamiento?<\/li>\n<li>\u00bfCu\u00e1l es mi pron\u00f3stico?<\/li>\n<\/ul>\n<h3>Acerca de su cirug\u00eda hospitalaria<\/h3>\n<ul>\n<li>\u00bfEs necesaria esta cirug\u00eda?<\/li>\n<li>\u00bfD\u00f3nde puedo obtener una segunda opini\u00f3n?<\/li>\n<li>\u00bfCu\u00e1les son los beneficios de someterse a una cirug\u00eda?<\/li>\n<li>\u00bfQu\u00e9 procedimiento quir\u00fargico recomienda?<\/li>\n<li>\u00bfExiste m\u00e1s de una forma de realizar esta cirug\u00eda?<\/li>\n<li>\u00bfExisten alternativas a la cirug\u00eda?<\/li>\n<li>\u00bfCu\u00e1nto costar\u00e1 la cirug\u00eda?<\/li>\n<li>\u00bfCu\u00e1les son los riesgos de someterse a una cirug\u00eda?<\/li>\n<li>\u00bfQu\u00e9 pasa si no me hago esta cirug\u00eda?<\/li>\n<li>\u00bfQu\u00e9 tipo de anestesia necesitar\u00e9?<\/li>\n<li>\u00bfCu\u00e1nto tiempo me llevar\u00e1 recuperarme?<\/li>\n<li>\u00bfCu\u00e1nta experiencia tienes realizando esta cirug\u00eda?<\/li>\n<li>\u00bfCu\u00e1nto tiempo estar\u00e9 en el hospital?<\/li>\n<\/ul>\n      <\/div>\n    <\/div>\n\n    \n    <\/div>\n    \n\n\n  <\/div>\n<\/section>\n\n\n\n\n\n<a class=\"jump-nav-link-block\" href=\"javascript:void(0)\" tabindex=\"-1\" id=\"after\" data-name=\"After Your Visit\"><\/a>\n\n\n\n<section class=\"twocol-accordion-section\">\n  <div class=\"max-width standard-spacing twocol-row\">\n    <div class=\"twocol-col intro-copy-col\">\n              <img decoding=\"async\" src=\"https:\/\/www.sbhny.org\/wp-content\/uploads\/2024\/05\/thumbs-up-icon.png\" alt=\"icon\">\n      \n              <h2 class=\"subheading\">Despu\u00e9s de su visita<\/h2>\n      \n              <div class=\"body-copy\"><p>Es posible que su estad\u00eda en SBH est\u00e9 terminando, pero hay varias cosas que nos gustar\u00eda que supiera. <\/p>\n<\/div>\n          <\/div>\n\n        <div class=\"twocol-col accordion-section\">\n\n    \n    <div class=\"accordion-card open\" itemscope=\"itemscope\" itemprop=\"mainEntity\" itemtype=\"https:\/\/schema.org\/Question\">\n      <div class=\"accordion-card-header\">\n        <button id=\"twocol_id_Patient-Discharge\" class=\"accordion-button large-body-copy\" aria-expanded=\"true\" aria-controls=\"twocol_Patient-Discharge\">Alta del paciente<\/button>\n      <\/div>\n      <div class=\"accordion-card-content body-copy\" itemscope=\"itemscope\" itemprop=\"acceptedAnswer\" itemtype=\"https:\/\/schema.org\/Answer\" id=\"twocol_Patient-Discharge\" aria-labelledby=\"twocol_id_Patient-Discharge\" role=\"region\">\n        <p>Poco antes de su alta, recibir\u00e1 un \u201cAviso de alta\u201d por escrito. Aqu\u00ed hay algunas cosas importantes que debe saber cuando le den el alta:<\/p>\n<ul>\n<li>P\u00eddale a su m\u00e9dico que le explique cualquier receta que le den.<\/li>\n<li>Solicite informaci\u00f3n sobre sus medicamentos en t\u00e9rminos que pueda comprender.<\/li>\n<li>Si tiene alguna pregunta sobre las instrucciones en las etiquetas de sus medicamentos, pregunte.<\/li>\n<li>Puede surtir una receta en nuestra farmacia.<\/li>\n<\/ul>\n<p>Si tiene alguna pregunta, comun\u00edquese con la enfermera asignada o el agente de revisi\u00f3n que figura en el aviso.<\/p>\n      <\/div>\n    <\/div>\n\n    \n    <div class=\"accordion-card open\" itemscope=\"itemscope\" itemprop=\"mainEntity\" itemtype=\"https:\/\/schema.org\/Question\">\n      <div class=\"accordion-card-header\">\n        <button id=\"twocol_id_Understanding-Your-Medical-Bill\" class=\"accordion-button large-body-copy\" aria-expanded=\"true\" aria-controls=\"twocol_Understanding-Your-Medical-Bill\">Comprender su factura m\u00e9dica<\/button>\n      <\/div>\n      <div class=\"accordion-card-content body-copy\" itemscope=\"itemscope\" itemprop=\"acceptedAnswer\" itemtype=\"https:\/\/schema.org\/Answer\" id=\"twocol_Understanding-Your-Medical-Bill\" aria-labelledby=\"twocol_id_Understanding-Your-Medical-Bill\" role=\"region\">\n        <p>Las facturas hospitalarias pueden parecer complejas y confusas. SBH recomienda encarecidamente que mire detenidamente la factura y haga preguntas si ve algo que no comprende.<\/p>\n<p>Una factura de SBH enumerar\u00e1 los cargos principales de su visita. Enumera los servicios que recibi\u00f3, como procedimientos y pruebas, as\u00ed como medicamentos y suministros. La mayor\u00eda de las veces, recibir\u00e1 una factura separada por los honorarios del proveedor de atenci\u00f3n m\u00e9dica. Es importante que sepa que los servicios m\u00e9dicos que recibe en el hospital no est\u00e1n incluidos en los cargos del hospital. Los m\u00e9dicos que brindan servicios en el hospital pueden ser empleados del hospital, pueden ser m\u00e9dicos voluntarios independientes o cualquier otro m\u00e9dico que pueda ser necesario para su atenci\u00f3n.<\/p>\n<p>Debe consultar con el m\u00e9dico que organiza sus servicios hospitalarios para determinar en qu\u00e9 planes participa su m\u00e9dico. La informaci\u00f3n sobre la participaci\u00f3n en el plan para los m\u00e9dicos empleados por el hospital se puede encontrar en <a href=\"\/es\/\">www.sbhny.org<\/a>.<\/p>\n<p>Los hospitales est\u00e1n obligados por ley a proporcionar informaci\u00f3n sobre nuestros cargos est\u00e1ndar por los art\u00edculos y servicios que brindan. Esta informaci\u00f3n est\u00e1 disponible comunic\u00e1ndose con el Departamento de Contabilidad del Paciente al <a href=\"tel:7189603817\">(718) 960-3817<\/a>.<\/p>\n<p><a class=\"arrow-cta\" href=\"\/es\/financial-services\/\">Conozca los servicios financieros de SBH<\/a><\/p>\n<p><a class=\"arrow-cta\" href=\"https:\/\/sbhmychart.barnabas.network\/MyChart\/billing\/guestpay\" target=\"_blank\" rel=\"noopener\">Inicie sesi\u00f3n en el Portal de pago de facturas<\/a><\/p>\n      <\/div>\n    <\/div>\n\n    \n    <div class=\"accordion-card open\" itemscope=\"itemscope\" itemprop=\"mainEntity\" itemtype=\"https:\/\/schema.org\/Question\">\n      <div class=\"accordion-card-header\">\n        <button id=\"twocol_id_Sign-Up-For-MyChart\" class=\"accordion-button large-body-copy\" aria-expanded=\"true\" aria-controls=\"twocol_Sign-Up-For-MyChart\">Reg\u00edstrese en MyChart<\/button>\n      <\/div>\n      <div class=\"accordion-card-content body-copy\" itemscope=\"itemscope\" itemprop=\"acceptedAnswer\" itemtype=\"https:\/\/schema.org\/Answer\" id=\"twocol_Sign-Up-For-MyChart\" aria-labelledby=\"twocol_id_Sign-Up-For-MyChart\" role=\"region\">\n        <p>MyChart, un sistema de software de Epic, es una herramienta valiosa que puede utilizar para ver y actualizar de forma segura su informaci\u00f3n de salud en l\u00ednea. Le permite acceder r\u00e1pida y c\u00f3modamente a sus registros m\u00e9dicos y mucho m\u00e1s:<\/p>\n<ul>\n<li>Ver su informaci\u00f3n m\u00e9dica, incluido su historial m\u00e9dico, registros sanitarios y resultados de pruebas<\/li>\n<li>Programar y gestionar citas<\/li>\n<li>Solicitar resurtidos de recetas<\/li>\n<li>Revise los detalles de su seguro y planes de pago.<\/li>\n<li>Encuentre atenci\u00f3n y con\u00e9ctese con un m\u00e9dico sin importar d\u00f3nde se encuentre<\/li>\n<\/ul>\n<p>MyChart es la herramienta de empoderamiento definitiva disponible para todos los pacientes de SBH.<\/p>\n<p><a class=\"arrow-cta\" href=\"https:\/\/sbhmychart.barnabas.network\/MyChart\/Authentication\/Login?\">Inicie sesi\u00f3n en MyChart<\/a><\/p>\n      <\/div>\n    <\/div>\n\n    \n    <\/div>\n    \n\n\n  <\/div>\n<\/section>\n\n\n\n\n\n<a class=\"jump-nav-link-block\" href=\"javascript:void(0)\" tabindex=\"-1\" id=\"visitors\" data-name=\"For Visitors\"><\/a>\n\n\n\n<section class=\"twocol-accordion-section\">\n  <div class=\"max-width standard-spacing twocol-row\">\n    <div class=\"twocol-col intro-copy-col\">\n              <img decoding=\"async\" src=\"https:\/\/www.sbhny.org\/wp-content\/uploads\/2024\/05\/for-visitors-icon.png\" alt=\"icon\">\n      \n              <h2 class=\"subheading\">Para visitantes<\/h2>\n      \n              <div class=\"body-copy\"><p>Sabemos el papel vital que desempe\u00f1an su familia y sus seres queridos en su atenci\u00f3n y proceso de curaci\u00f3n. Es por eso que SBH da la bienvenida a nuestros visitantes y administra privilegios de visita completos e iguales. <\/p>\n<\/div>\n          <\/div>\n\n        <div class=\"twocol-col accordion-section\">\n\n    \n    <div class=\"accordion-card open\" itemscope=\"itemscope\" itemprop=\"mainEntity\" itemtype=\"https:\/\/schema.org\/Question\">\n      <div class=\"accordion-card-header\">\n        <button id=\"twocol_id_Visitor-Guidelines\" class=\"accordion-button large-body-copy\" aria-expanded=\"true\" aria-controls=\"twocol_Visitor-Guidelines\">Pautas para visitantes<\/button>\n      <\/div>\n      <div class=\"accordion-card-content body-copy\" itemscope=\"itemscope\" itemprop=\"acceptedAnswer\" itemtype=\"https:\/\/schema.org\/Answer\" id=\"twocol_Visitor-Guidelines\" aria-labelledby=\"twocol_id_Visitor-Guidelines\" role=\"region\">\n        <p>Para la comodidad y privacidad de todos los pacientes, le pedimos que limite el n\u00famero de visitas a dos por d\u00eda por cama. Tenga en cuenta: Puede haber ciertas circunstancias que nos obliguen a restringir o limitar las visitas por razones de seguridad del paciente.<\/p>\n<p>Adem\u00e1s, los visitantes deben seguir el requisito de usar mascarilla en las instalaciones. En ciertos casos, es posible que se requiera que los visitantes usen equipo de protecci\u00f3n personal para el control de infecciones, como guantes y batas m\u00e9dicas.<\/p>\n<p>Debido a las normas gubernamentales, la pol\u00edtica de visitas puede modificarse o suspenderse indefinidamente sin previo aviso. Si tiene preguntas, comun\u00edquese con la l\u00ednea principal al (718) 960-9000.<\/p>\n<p><a class=\"arrow-cta\" href=\"\/wp-content\/uploads\/2024\/11\/102124-Visitor-Policy.pdf\">Pautas para visitas hospitalarias (ingl\u00e9s) (PDF)<\/a><\/p>\n      <\/div>\n    <\/div>\n\n    \n    <\/div>\n    \n\n\n  <\/div>\n<\/section>\n\n\n\n\n\n<a class=\"jump-nav-link-block\" href=\"javascript:void(0)\" tabindex=\"-1\" id=\"guides\" data-name=\"Patient rights and Patient Guide PDF\"><\/a>\n\n\n\n<section class=\"image-edge-twocol-section no-back\">\n  <div class=\"max-width twocol-row twocol-row--image-edge standard-spacing not-top-spacing no-bottom-spacing\">\n    <div class=\"content-col twocol-col\">\n      <div class=\"body-copy\"><h2 class=\"subheading\">Descargas de nuestra gu\u00eda para pacientes<\/h2>\n<div class=\"intro-copy\">\n<p class=\"large-body-copy\">Nuestras Gu\u00edas para Pacientes est\u00e1n disponibles para ver y descargar en versiones en ingl\u00e9s y espa\u00f1ol con opciones de letra grande.<\/p>\n<\/div>\n<div class=\"cta-row cta-row--twocol\">\n<div>\n<p class=\"short\"><a class=\"download-cta\" href=\"\/wp-content\/themes\/SBH-Website\/patient-guides\/122021-Patient-Guide-Vf-English-Web-1.pdf\" target=\"_blank\" rel=\"noopener\"><span>Ver PDF en l\u00ednea (ingl\u00e9s)<\/span><\/a><\/p>\n<p class=\"short\"><a class=\"download-cta\" href=\"\/wp-content\/themes\/SBH-Website\/patient-guides\/122021-Patient-Guide-Vf-Spanish-Web-1.pdf\" target=\"_blank\" rel=\"noopener\"><span>Ver PDF en l\u00ednea (Esp)<\/span><\/a><\/p>\n<\/div>\n<div>\n<p><a class=\"download-cta\" href=\"\/wp-content\/themes\/SBH-Website\/patient-guides\/030822-Large-Print-Patient-Guide-Vf-English-8.5X11-Web.pdf\" target=\"_blank\" rel=\"noopener\"><span>Ver PDF en l\u00ednea (ingl\u00e9s, letra grande)<\/span><\/a><\/p>\n<p><a class=\"download-cta\" href=\"\/wp-content\/themes\/SBH-Website\/patient-guides\/030822-Patient-Guide-Vf-Spanish-8.5X11-Web.pdf\" target=\"_blank\" rel=\"noopener\"><span>Ver PDF en l\u00ednea (Esp, letra grande)<\/span><\/a><\/p>\n<\/div>\n<\/div>\n<div class=\"gray-box\">\n<p class=\"medium-body-copy\"><strong>Derechos del paciente<\/strong><\/p>\n<p class=\"small-body-copy\">En el estado de Nueva York, todos los pacientes tienen garantizados derechos y protecciones que garantizan la calidad y seguridad de su atenci\u00f3n m\u00e9dica. Para obtener una lista completa de todos los derechos de los pacientes, visite el sitio web del estado de Nueva York.<\/p>\n<p><a class=\"arrow-cta\" href=\"\/es\/patient-rights\/\">Lea la Declaraci\u00f3n de Derechos de los Pacientes<\/a><\/p>\n<\/div>\n<\/div>    <\/div>\n          <div class=\"image-col twocol-col standard\" style=\"background-image: url('https:\/\/www.sbhny.org\/wp-content\/themes\/SBH-Website\/img\/backgrounds\/mother-and-child.png');\"><\/div>\n      <\/div>\n<\/section>\n\n\n\n\n\n<a class=\"jump-nav-link-block\" href=\"javascript:void(0)\" tabindex=\"-1\" id=\"getting-there\" data-name=\"Getting to SBH\"><\/a>\n\n\n\n<section class=\"resources-background-section\" >\n  <div class=\"max-width standard-spacing\">\n    <div class=\"intro-copy\">\n      <h2 class=\"main-heading\">Perm\u00edtanos ayudarle a encontrar lo que est\u00e1 buscando.<\/h2>\n          <\/div>\n\n\n    \n    \n    <div class=\"resources-row\">\n\n          <div class=\"resource-card\">\n                <img decoding=\"async\" src=\"https:\/\/www.sbhny.org\/wp-content\/uploads\/2024\/05\/locations.png\" alt=\"icon\">\n        \n                <p class=\"large-body-copy\"><strong>Ubicaciones y estacionamiento<\/strong><\/p>\n        \n                <p class=\"medium-body-copy\">Encuentre una ubicaci\u00f3n de SBH que satisfaga sus necesidades de atenci\u00f3n m\u00e9dica, cada una con un conveniente estacionamiento en el lugar. <\/p>\n        \n                <a href=\"\/es\/locations\/\" class=\"arrow-cta\">Explorar ubicaciones<\/a>\n              <\/div>\n\n            <div class=\"resource-card\">\n                <img decoding=\"async\" src=\"https:\/\/www.sbhny.org\/wp-content\/uploads\/2024\/05\/phone-icon.png\" alt=\"icon\">\n        \n                <p class=\"large-body-copy\"><strong>Cont\u00e1ctenos<\/strong><\/p>\n        \n                <p class=\"medium-body-copy\">Siempre estamos aqu\u00ed para ayudar. Si tiene alguna pregunta o inquietud, comun\u00edquese con nosotros.<\/p>\n        \n                <a href=\"\/es\/contact-sbh\/\" class=\"arrow-cta\">Formas de contactar a SBH<\/a>\n              <\/div>\n\n            <div class=\"resource-card\">\n                <img decoding=\"async\" src=\"https:\/\/www.sbhny.org\/wp-content\/uploads\/2024\/05\/make-an-appointment.png\" alt=\"icon\">\n        \n                <p class=\"large-body-copy\"><strong>Haga una cita<\/strong><\/p>\n        \n                <p class=\"medium-body-copy\">Aprenda c\u00f3mo programar una cita de manera f\u00e1cil y conveniente para la atenci\u00f3n y los servicios de SBH.<\/p>\n        \n                <a href=\"\/es\/make-an-appointment\/\" class=\"arrow-cta\">Formas de programar <\/a>\n              <\/div>\n\n      \n    <\/div>\n\n        \n  <\/div>\n<\/section>","protected":false},"excerpt":{"rendered":"","protected":false},"author":3,"featured_media":0,"parent":0,"menu_order":0,"comment_status":"closed","ping_status":"closed","template":"","meta":{"_acf_changed":false,"_eb_attr":"","_price":"","_stock":"","_tribe_ticket_header":"","_tribe_default_ticket_provider":"","_tribe_ticket_capacity":"0","_ticket_start_date":"","_ticket_end_date":"","_tribe_ticket_show_description":"","_tribe_ticket_show_not_going":false,"_tribe_ticket_use_global_stock":"","_tribe_ticket_global_stock_level":"","_global_stock_mode":"","_global_stock_cap":"","_tribe_rsvp_for_event":"","_tribe_ticket_going_count":"","_tribe_ticket_not_going_count":"","_tribe_tickets_list":"[]","_tribe_ticket_has_attendee_info_fields":false,"footnotes":""},"class_list":["post-894","page","type-page","status-publish","hentry"],"acf":[],"yoast_head":"<!-- This site is optimized with the Yoast SEO plugin v26.5 - https:\/\/yoast.com\/wordpress\/plugins\/seo\/ -->\n<title>Patient &amp; Visitor Guide - SBH Health System<\/title>\n<meta name=\"robots\" content=\"index, follow, max-snippet:-1, max-image-preview:large, max-video-preview:-1\" \/>\n<link rel=\"canonical\" href=\"https:\/\/www.sbhny.org\/es\/patient-visitor-guide\/\" \/>\n<meta property=\"og:locale\" content=\"es_MX\" \/>\n<meta property=\"og:type\" content=\"article\" \/>\n<meta property=\"og:title\" content=\"Patient &amp; Visitor Guide - SBH Health System\" \/>\n<meta property=\"og:url\" content=\"https:\/\/www.sbhny.org\/es\/patient-visitor-guide\/\" \/>\n<meta property=\"og:site_name\" content=\"SBH Health System\" \/>\n<meta property=\"article:publisher\" content=\"https:\/\/www.facebook.com\/SBHBronx\/\" \/>\n<meta property=\"article:modified_time\" content=\"2025-07-09T16:47:58+00:00\" \/>\n<meta name=\"twitter:card\" content=\"summary_large_image\" \/>\n<meta name=\"twitter:site\" content=\"@sbhbronx\" \/>\n<script type=\"application\/ld+json\" class=\"yoast-schema-graph\">{\"@context\":\"https:\/\/schema.org\",\"@graph\":[{\"@type\":\"WebPage\",\"@id\":\"https:\/\/www.sbhny.org\/patient-visitor-guide\/\",\"url\":\"https:\/\/www.sbhny.org\/patient-visitor-guide\/\",\"name\":\"Patient &amp; Visitor Guide - SBH Health System\",\"isPartOf\":{\"@id\":\"https:\/\/www.sbhny.org\/#website\"},\"datePublished\":\"2024-05-13T14:57:06+00:00\",\"dateModified\":\"2025-07-09T16:47:58+00:00\",\"breadcrumb\":{\"@id\":\"https:\/\/www.sbhny.org\/patient-visitor-guide\/#breadcrumb\"},\"inLanguage\":\"es\",\"potentialAction\":[{\"@type\":\"ReadAction\",\"target\":[\"https:\/\/www.sbhny.org\/patient-visitor-guide\/\"]}]},{\"@type\":\"BreadcrumbList\",\"@id\":\"https:\/\/www.sbhny.org\/patient-visitor-guide\/#breadcrumb\",\"itemListElement\":[{\"@type\":\"ListItem\",\"position\":1,\"name\":\"Home\",\"item\":\"https:\/\/www.sbhny.org\/\"},{\"@type\":\"ListItem\",\"position\":2,\"name\":\"Patient &amp; Visitor Guide\"}]},{\"@type\":\"WebSite\",\"@id\":\"https:\/\/www.sbhny.org\/#website\",\"url\":\"https:\/\/www.sbhny.org\/\",\"name\":\"SBH Health System\",\"description\":\"\",\"potentialAction\":[{\"@type\":\"SearchAction\",\"target\":{\"@type\":\"EntryPoint\",\"urlTemplate\":\"https:\/\/www.sbhny.org\/?s={search_term_string}\"},\"query-input\":{\"@type\":\"PropertyValueSpecification\",\"valueRequired\":true,\"valueName\":\"search_term_string\"}}],\"inLanguage\":\"es\"}]}<\/script>\n<!-- \/ Yoast SEO plugin. -->","yoast_head_json":{"title":"Patient &amp; Visitor Guide - SBH Health System","robots":{"index":"index","follow":"follow","max-snippet":"max-snippet:-1","max-image-preview":"max-image-preview:large","max-video-preview":"max-video-preview:-1"},"canonical":"https:\/\/www.sbhny.org\/es\/patient-visitor-guide\/","og_locale":"es_MX","og_type":"article","og_title":"Patient &amp; Visitor Guide - SBH Health System","og_url":"https:\/\/www.sbhny.org\/es\/patient-visitor-guide\/","og_site_name":"SBH Health System","article_publisher":"https:\/\/www.facebook.com\/SBHBronx\/","article_modified_time":"2025-07-09T16:47:58+00:00","twitter_card":"summary_large_image","twitter_site":"@sbhbronx","schema":{"@context":"https:\/\/schema.org","@graph":[{"@type":"WebPage","@id":"https:\/\/www.sbhny.org\/patient-visitor-guide\/","url":"https:\/\/www.sbhny.org\/patient-visitor-guide\/","name":"Patient &amp; Visitor Guide - SBH Health System","isPartOf":{"@id":"https:\/\/www.sbhny.org\/#website"},"datePublished":"2024-05-13T14:57:06+00:00","dateModified":"2025-07-09T16:47:58+00:00","breadcrumb":{"@id":"https:\/\/www.sbhny.org\/patient-visitor-guide\/#breadcrumb"},"inLanguage":"es","potentialAction":[{"@type":"ReadAction","target":["https:\/\/www.sbhny.org\/patient-visitor-guide\/"]}]},{"@type":"BreadcrumbList","@id":"https:\/\/www.sbhny.org\/patient-visitor-guide\/#breadcrumb","itemListElement":[{"@type":"ListItem","position":1,"name":"Home","item":"https:\/\/www.sbhny.org\/"},{"@type":"ListItem","position":2,"name":"Patient &amp; Visitor Guide"}]},{"@type":"WebSite","@id":"https:\/\/www.sbhny.org\/#website","url":"https:\/\/www.sbhny.org\/","name":"Sistema de Salud SBH","description":"","potentialAction":[{"@type":"SearchAction","target":{"@type":"EntryPoint","urlTemplate":"https:\/\/www.sbhny.org\/?s={search_term_string}"},"query-input":{"@type":"PropertyValueSpecification","valueRequired":true,"valueName":"search_term_string"}}],"inLanguage":"es"}]}},"_links":{"self":[{"href":"https:\/\/www.sbhny.org\/es\/wp-json\/wp\/v2\/pages\/894","targetHints":{"allow":["GET"]}}],"collection":[{"href":"https:\/\/www.sbhny.org\/es\/wp-json\/wp\/v2\/pages"}],"about":[{"href":"https:\/\/www.sbhny.org\/es\/wp-json\/wp\/v2\/types\/page"}],"author":[{"embeddable":true,"href":"https:\/\/www.sbhny.org\/es\/wp-json\/wp\/v2\/users\/3"}],"replies":[{"embeddable":true,"href":"https:\/\/www.sbhny.org\/es\/wp-json\/wp\/v2\/comments?post=894"}],"version-history":[{"count":0,"href":"https:\/\/www.sbhny.org\/es\/wp-json\/wp\/v2\/pages\/894\/revisions"}],"wp:attachment":[{"href":"https:\/\/www.sbhny.org\/es\/wp-json\/wp\/v2\/media?parent=894"}],"curies":[{"name":"wp","href":"https:\/\/api.w.org\/{rel}","templated":true}]}}