{"id":896,"date":"2024-05-13T14:56:32","date_gmt":"2024-05-13T14:56:32","guid":{"rendered":"https:\/\/sbhny.wpenginepowered.com\/?page_id=896"},"modified":"2024-09-27T16:57:19","modified_gmt":"2024-09-27T16:57:19","slug":"services","status":"publish","type":"page","link":"https:\/\/www.sbhny.org\/es\/services\/","title":{"rendered":"Nuestros servicios"},"content":{"rendered":"<span style=\"display: none;\">https:\/\/www.sbhny.org\/wp-content\/uploads\/2024\/05\/services-hero-image.png<\/span><span style=\"display: none;\">SBH ofrece atenci\u00f3n integral con una amplia gama de servicios cl\u00ednicos. <\/span><span style=\"display: none;\"><p>El Bronx merece la mejor atenci\u00f3n especializada. Estamos aqu\u00ed para brindar excelencia cl\u00ednica y atenci\u00f3n completa y compasiva a trav\u00e9s de nuestros servicios cl\u00ednicos.<\/p>\n<\/span><span style=\"display: none;\">https:\/\/www.sbhny.org\/wp-content\/uploads\/2024\/05\/phone-icon.png<\/span><span style=\"display: none;\">Llama al (718) 960-9000<\/span><span style=\"display: none;\">tel:7189609000<\/span><span style=\"display: none;\"><\/span><span style=\"display: none;\">Disponible las 24 horas del d\u00eda<\/span><span style=\"display: none;\">https:\/\/www.sbhny.org\/wp-content\/uploads\/2024\/05\/calendar-plus-icon.png<\/span><span style=\"display: none;\">Llama al (718) 960-3730<\/span><span style=\"display: none;\">Tel\u00e9fono: 7189603730<\/span><span style=\"display: none;\"><\/span><span style=\"display: none;\">Disponible de 9 a. m. a 4 p. m.<\/span><span style=\"display: none;\">Servicios de apoyo al paciente<\/span><span style=\"display: none;\"><p>Ofrecemos apoyo a cada paciente de SBH con una gama completa de recursos y servicios para brindar la mejor experiencia posible durante su atenci\u00f3n aqu\u00ed.<\/p>\n<\/span><span style=\"display: none;\"><\/span><span style=\"display: none;\"><\/span><span style=\"display: none;\"><\/span><span style=\"display: none;\"><\/span><span style=\"display: none;\">https:\/\/www.sbhny.org\/wp-content\/uploads\/2024\/05\/bank-note-dollar-money-icon.png<\/span><span style=\"display: none;\">Servicios financieros<\/span><span style=\"display: none;\">Estamos comprometidos a brindar asistencia financiera a pacientes que no tienen seguro, tienen seguro insuficiente, no son elegibles para un programa gubernamental o no pueden pagar de otra manera.<\/span><span style=\"display: none;\">https:\/\/www.sbhny.org\/wp-content\/uploads\/2024\/05\/language-services-icon.png<\/span><span style=\"display: none;\">Servicios ling\u00fc\u00edsticos<\/span><span style=\"display: none;\">El Programa de Asistencia Ling\u00fc\u00edstica y Culturalmente Apropiada (LCAAP) de SBH brinda servicios ling\u00fc\u00edsticos a los hogares 57% del Bronx que hablan un idioma distinto al ingl\u00e9s.<\/span><span style=\"display: none;\">https:\/\/www.sbhny.org\/wp-content\/uploads\/2024\/05\/patients-icon.png<\/span><span style=\"display: none;\">Representantes de pacientes<\/span><span style=\"display: none;\">Los representantes de los pacientes sirven como enlace entre los pacientes y\/o sus familiares y el hospital para brindar servicios de defensa, resoluci\u00f3n de quejas, informaci\u00f3n sobre los derechos de los pacientes y m\u00e1s.<\/span><span style=\"display: none;\">https:\/\/www.sbhny.org\/wp-content\/uploads\/2024\/05\/social-work-icon.png<\/span><span style=\"display: none;\">Trabajo Social<\/span><span style=\"display: none;\">Nuestros trabajadores sociales brindan servicios de planificaci\u00f3n del alta y mucho m\u00e1s para ayudar a lograr los mejores resultados de salud posibles cuando los pacientes abandonan SBH.<\/span><span style=\"display: none;\">https:\/\/www.sbhny.org\/wp-content\/uploads\/2024\/05\/sunrise-spiritual-care-icon.png<\/span><span style=\"display: none;\">Cuidado Espiritual<\/span><span style=\"display: none;\">Los capellanes de SBH ofrecen atenci\u00f3n emocional y espiritual no confesional para usted y sus seres queridos.<\/span><span style=\"display: none;\">https:\/\/www.sbhny.org\/wp-content\/uploads\/2024\/05\/womens-health-icon.png<\/span><span style=\"display: none;\">Programa de Mujeres, Beb\u00e9s y Ni\u00f1os (WIC)<\/span><span style=\"display: none;\">El programa WIC proporciona informaci\u00f3n sobre nutrici\u00f3n, salud, fitness y lactancia, as\u00ed como paquetes de alimentos nutricionales personalizados mensuales para participantes elegibles.<\/span><span style=\"display: none;\">D\u00e9janos ayudarte a encontrar lo que est\u00e1s buscando<\/span><span style=\"display: none;\"><\/span><span style=\"display: none;\">https:\/\/www.sbhny.org\/wp-content\/uploads\/2024\/05\/calendar-plus-icon.png<\/span><span style=\"display: none;\">Haga una cita<\/span><span style=\"display: none;\">Aprenda c\u00f3mo programar una cita de manera f\u00e1cil y conveniente para la atenci\u00f3n y los servicios de SBH.<\/span><span style=\"display: none;\">https:\/\/www.sbhny.org\/wp-content\/uploads\/2024\/05\/patient-visitors-guide-arrow-icon.png<\/span><span style=\"display: none;\">Gu\u00eda para pacientes y visitantes<\/span><span style=\"display: none;\">Encuentre toda la informaci\u00f3n que necesita para prepararse para su visita a SBH.<\/span><span style=\"display: none;\">https:\/\/www.sbhny.org\/wp-content\/uploads\/2024\/05\/nurse-icon.png<\/span><span style=\"display: none;\">Atenci\u00f3n de Urgencia y Cl\u00ednica en el Centro de Salud y Bienestar<\/span><span style=\"display: none;\">Encontrar\u00e1 una gama completa de servicios cl\u00ednicos que incluyen atenci\u00f3n de urgencia disponibles en nuestro Centro de salud y bienestar.<\/span>","protected":false},"excerpt":{"rendered":"<p>https:\/\/www.sbhny.org\/wp-content\/uploads\/2024\/05\/services-hero-image.pngSBH offers comprehensive care with a wide range of clinical services The Bronx deserves the best specialty care. We\u2019re here to provide clinical excellence and compassionate, complete care through our [&hellip;]<\/p>","protected":false},"author":3,"featured_media":0,"parent":0,"menu_order":0,"comment_status":"closed","ping_status":"closed","template":"archive-our-services.php","meta":{"_acf_changed":false,"_eb_attr":"","_price":"","_stock":"","_tribe_ticket_header":"","_tribe_default_ticket_provider":"","_tribe_ticket_capacity":"0","_ticket_start_date":"","_ticket_end_date":"","_tribe_ticket_show_description":"","_tribe_ticket_show_not_going":false,"_tribe_ticket_use_global_stock":"","_tribe_ticket_global_stock_level":"","_global_stock_mode":"","_global_stock_cap":"","_tribe_rsvp_for_event":"","_tribe_ticket_going_count":"","_tribe_ticket_not_going_count":"","_tribe_tickets_list":"[]","_tribe_ticket_has_attendee_info_fields":false,"footnotes":""},"class_list":["post-896","page","type-page","status-publish","hentry"],"acf":[],"yoast_head":"<!-- This site is optimized with the Yoast SEO plugin v26.5 - https:\/\/yoast.com\/wordpress\/plugins\/seo\/ -->\n<title>Our Services - SBH Health System<\/title>\n<meta name=\"robots\" content=\"index, follow, max-snippet:-1, max-image-preview:large, max-video-preview:-1\" \/>\n<link rel=\"canonical\" href=\"https:\/\/www.sbhny.org\/es\/services\/\" \/>\n<meta property=\"og:locale\" content=\"es_MX\" \/>\n<meta property=\"og:type\" content=\"article\" \/>\n<meta property=\"og:title\" content=\"Our Services - SBH Health System\" \/>\n<meta property=\"og:description\" content=\"https:\/\/www.sbhny.org\/wp-content\/uploads\/2024\/05\/services-hero-image.pngSBH offers comprehensive care with a wide range of clinical services The Bronx deserves the best specialty care. We\u2019re here to provide clinical excellence and compassionate, complete care through our [&hellip;]\" \/>\n<meta property=\"og:url\" content=\"https:\/\/www.sbhny.org\/es\/services\/\" \/>\n<meta property=\"og:site_name\" content=\"SBH Health System\" \/>\n<meta property=\"article:publisher\" content=\"https:\/\/www.facebook.com\/SBHBronx\/\" \/>\n<meta property=\"article:modified_time\" content=\"2024-09-27T16:57:19+00:00\" \/>\n<meta name=\"twitter:card\" content=\"summary_large_image\" \/>\n<meta name=\"twitter:site\" content=\"@sbhbronx\" \/>\n<script type=\"application\/ld+json\" class=\"yoast-schema-graph\">{\"@context\":\"https:\/\/schema.org\",\"@graph\":[{\"@type\":\"WebPage\",\"@id\":\"https:\/\/www.sbhny.org\/services\/\",\"url\":\"https:\/\/www.sbhny.org\/services\/\",\"name\":\"Our Services - SBH Health System\",\"isPartOf\":{\"@id\":\"https:\/\/www.sbhny.org\/#website\"},\"datePublished\":\"2024-05-13T14:56:32+00:00\",\"dateModified\":\"2024-09-27T16:57:19+00:00\",\"breadcrumb\":{\"@id\":\"https:\/\/www.sbhny.org\/services\/#breadcrumb\"},\"inLanguage\":\"es\",\"potentialAction\":[{\"@type\":\"ReadAction\",\"target\":[\"https:\/\/www.sbhny.org\/services\/\"]}]},{\"@type\":\"BreadcrumbList\",\"@id\":\"https:\/\/www.sbhny.org\/services\/#breadcrumb\",\"itemListElement\":[{\"@type\":\"ListItem\",\"position\":1,\"name\":\"Home\",\"item\":\"https:\/\/www.sbhny.org\/\"},{\"@type\":\"ListItem\",\"position\":2,\"name\":\"Our Services\"}]},{\"@type\":\"WebSite\",\"@id\":\"https:\/\/www.sbhny.org\/#website\",\"url\":\"https:\/\/www.sbhny.org\/\",\"name\":\"SBH Health System\",\"description\":\"\",\"potentialAction\":[{\"@type\":\"SearchAction\",\"target\":{\"@type\":\"EntryPoint\",\"urlTemplate\":\"https:\/\/www.sbhny.org\/?s={search_term_string}\"},\"query-input\":{\"@type\":\"PropertyValueSpecification\",\"valueRequired\":true,\"valueName\":\"search_term_string\"}}],\"inLanguage\":\"es\"}]}<\/script>\n<!-- \/ Yoast SEO plugin. -->","yoast_head_json":{"title":"Our Services - SBH Health System","robots":{"index":"index","follow":"follow","max-snippet":"max-snippet:-1","max-image-preview":"max-image-preview:large","max-video-preview":"max-video-preview:-1"},"canonical":"https:\/\/www.sbhny.org\/es\/services\/","og_locale":"es_MX","og_type":"article","og_title":"Our Services - SBH Health System","og_description":"https:\/\/www.sbhny.org\/wp-content\/uploads\/2024\/05\/services-hero-image.pngSBH offers comprehensive care with a wide range of clinical services The Bronx deserves the best specialty care. We\u2019re here to provide clinical excellence and compassionate, complete care through our [&hellip;]","og_url":"https:\/\/www.sbhny.org\/es\/services\/","og_site_name":"SBH Health System","article_publisher":"https:\/\/www.facebook.com\/SBHBronx\/","article_modified_time":"2024-09-27T16:57:19+00:00","twitter_card":"summary_large_image","twitter_site":"@sbhbronx","schema":{"@context":"https:\/\/schema.org","@graph":[{"@type":"WebPage","@id":"https:\/\/www.sbhny.org\/services\/","url":"https:\/\/www.sbhny.org\/services\/","name":"Our Services - SBH Health System","isPartOf":{"@id":"https:\/\/www.sbhny.org\/#website"},"datePublished":"2024-05-13T14:56:32+00:00","dateModified":"2024-09-27T16:57:19+00:00","breadcrumb":{"@id":"https:\/\/www.sbhny.org\/services\/#breadcrumb"},"inLanguage":"es","potentialAction":[{"@type":"ReadAction","target":["https:\/\/www.sbhny.org\/services\/"]}]},{"@type":"BreadcrumbList","@id":"https:\/\/www.sbhny.org\/services\/#breadcrumb","itemListElement":[{"@type":"ListItem","position":1,"name":"Home","item":"https:\/\/www.sbhny.org\/"},{"@type":"ListItem","position":2,"name":"Our Services"}]},{"@type":"WebSite","@id":"https:\/\/www.sbhny.org\/#website","url":"https:\/\/www.sbhny.org\/","name":"Sistema de Salud SBH","description":"","potentialAction":[{"@type":"SearchAction","target":{"@type":"EntryPoint","urlTemplate":"https:\/\/www.sbhny.org\/?s={search_term_string}"},"query-input":{"@type":"PropertyValueSpecification","valueRequired":true,"valueName":"search_term_string"}}],"inLanguage":"es"}]}},"_links":{"self":[{"href":"https:\/\/www.sbhny.org\/es\/wp-json\/wp\/v2\/pages\/896","targetHints":{"allow":["GET"]}}],"collection":[{"href":"https:\/\/www.sbhny.org\/es\/wp-json\/wp\/v2\/pages"}],"about":[{"href":"https:\/\/www.sbhny.org\/es\/wp-json\/wp\/v2\/types\/page"}],"author":[{"embeddable":true,"href":"https:\/\/www.sbhny.org\/es\/wp-json\/wp\/v2\/users\/3"}],"replies":[{"embeddable":true,"href":"https:\/\/www.sbhny.org\/es\/wp-json\/wp\/v2\/comments?post=896"}],"version-history":[{"count":0,"href":"https:\/\/www.sbhny.org\/es\/wp-json\/wp\/v2\/pages\/896\/revisions"}],"wp:attachment":[{"href":"https:\/\/www.sbhny.org\/es\/wp-json\/wp\/v2\/media?parent=896"}],"curies":[{"name":"wp","href":"https:\/\/api.w.org\/{rel}","templated":true}]}}