{"id":1940,"date":"2024-05-14T01:21:17","date_gmt":"2024-05-14T01:21:17","guid":{"rendered":"https:\/\/sbhny.wpenginepowered.com\/?page_id=1940"},"modified":"2026-03-11T15:15:20","modified_gmt":"2026-03-11T15:15:20","slug":"support","status":"publish","type":"page","link":"https:\/\/www.sbhny.org\/fr\/support\/","title":{"rendered":"Soutien"},"content":{"rendered":"<section class=\"breadcrumb-eyebrow-marquee\">\n  <div class=\"max-width marquee-spacing\">\n    <nav class=\"breadcrumbs\" aria-label=\"Fil d&#039;Ariane\">\n      <ul class=\"breadcrumbs-list\" itemscope itemtype=\"https:\/\/schema.org\/BreadcrumbList\">\n        <li itemprop=\"itemListElement\" itemscope\n itemtype=\"https:\/\/schema.org\/ListItem\"><a itemprop=\"item\" href=\"\/fr\/\"><span itemprop=\"name\">Maison<\/span><\/a><\/li>\n                \n        <li itemprop=\"itemListElement\" itemscope\n itemtype=\"https:\/\/schema.org\/ListItem\"><a itemprop=\"item\" class=\"current\" aria-current=\"page\" href=\"https:\/\/www.sbhny.org\/fr\/support\/\"><span itemprop=\"name\">Soutien<\/span><\/a><\/li>\n    <\/ul>\n\n    <\/nav>\n    <div class=\"eyebrow\">\n              <p class=\"main-heading\">Partenaire du SBH<\/p>\n          <\/div>    \n  <\/div>\n<\/section>\n\n\n<section class=\"image-twocol-hero video-twocol-hero background-image\">\n  <div class=\"max-width standard-spacing twocol-row\">\n\n    <div class=\"image-col twocol-col video\">\n            <div class=\"video-thumbnail\" style=\"background-image: url('https:\/\/www.sbhny.org\/wp-content\/uploads\/2024\/09\/partner-with-sbh-video-thumb.jpg');\">\n          <button class=\"video-play\" style=\"font-size: 0;\">Regarder la vid\u00e9o<\/button>\n        <\/div>\n        <div class=\"video-embed\" tabindex=\"0\">\n          <iframe loading=\"lazy\" width=\"560\" height=\"315\" src=\"https:\/\/www.youtube.com\/embed\/RAhMG8kbpms?si=SmnczgwYWcalRG3S\" title=\"Lecteur vid\u00e9o YouTube\" frameborder=\"0\" allow=\"accelerometer; autoplay; clipboard-write; encrypted-media; gyroscope; picture-in-picture; web-share\" referrerpolicy=\"strict-origin-when-cross-origin\" allowfullscreen><\/iframe>\n          <div class=\"body-copy\">\n                      <\/div>\n        <\/div>\n        <div class=\"video-embed-overlay\"><button class=\"close-overlay\"><\/button><\/div>\n        <\/div>\n\n\n\n    <div class=\"content-col twocol-col\">\n              <h1 class=\"main-heading\">Un partenariat avec SBH signifie soutenir les personnes qui en ont le plus besoin.<\/h1>\n            <div class=\"body-copy\">\n        <p>Chaque personne m\u00e9rite d'avoir acc\u00e8s \u00e0 des soins de sant\u00e9 de qualit\u00e9. Lorsque vous faites un don \u00e0 SBH, vous vous assurez que les habitants de la communaut\u00e9 du Bronx ont acc\u00e8s aux m\u00e9decins et aux h\u00f4pitaux dont ils ont besoin. SBH s'engage pour la sant\u00e9 de la communaut\u00e9 du Bronx et de ses habitants.<\/p>\n      <\/div>\n              <div class=\"cta-row\">\n                  <a href=\"#embedded-form\" target=\"\" class=\"btn\">Partenaire du SBH<\/a>\n        \n                <\/div>        \n      \n          <\/div>\n  <\/div>\n<\/section>\n\n\n<style>\n@media (max-width: 989.98px) {\n    .alternating-content-image-rows .content-image-block .content-image-row .content-side, .alternating-content-image-rows .content-image-block .content-image-row .image-side {\n        margin: auto;\n        \/* min-height: 0 !important; *\/\n        min-height: 550px !important;\n    }\n}\n<\/style>\n\n\n\n<section class=\"alternating-content-image-rows first white\">\n\n  <div class=\"alternating-intro-copy max-width standard-spacing no-bottom-spacing\">\n    <!-- Display eyebrow if there is one -->\n        \n    <!-- Display heading if there is one -->\n    \n    <!-- Display intro description if there is one -->\n      <\/div>\n    \n          <div class=\"standard-spacing no-side-spacing no-bottom-spacing content-image-block not-reversed\">\n            <div class=\"content-image-row\">\n              <div class=\"content-side\">\n  \n                <!-- Display icon if there is one -->\n                  \n                <!-- Display heading if there is one -->\n                <!-- If there is intro copy, display h3 -->\n                <!-- If there is no intro copy, display h2 -->\n                                  <h3 class=\"subheading\">Partnering to Deliver Mobility and Freedom<\/h3>  \n                                  \n                <!-- Display body copy if there is body copy -->\n                                  <div class=\"body-copy\"><p>We have partnered with the Wheelchair Foundation to bring life-changing wheelchairs to individuals in our Bronx community facing serious health and financial barriers. Our $28,000 fundraising goal will be matched by the Wheelchair Foundation to secure 280 wheelchairs, restoring mobility, dignity, and independence. Your generosity helps restore freedom, one person at a time.<\/p>\n<\/div>\n                  \n                                \n                                  <a href=\"https:\/\/www.sbhny.org\/fr\/support\/#embedded-form\" class=\"btn standard\">Faire un don<\/a>\n                \n                \n                  \n              <\/div>\n              \n              <!-- Display main image if there is an image -->\n                            <div class=\"image-side\" style=\"background-image: url('https:\/\/www.sbhny.org\/wp-content\/uploads\/2026\/01\/wheelchair-foundation-r.jpg');\"><\/div>\n                \n            <\/div>\n          <\/div>\n  \n        \n\n\n\n<\/section>\n\n\n<section class=\"video-gallery\">\n  <div class=\"max-width standard-spacing\">\n    <div class=\"intro-row\">\n      <h2 class=\"main-heading\">Notre force r\u00e9side dans nos partenariats<\/h2>\n      <div class=\"body-copy\"><p>Jetez un coup d'\u0153il \u00e0 l'impact transformationnel de nos partenariats sur la sant\u00e9 et le bien-\u00eatre de la communaut\u00e9 du Bronx et de ses habitants.<\/p>\n<\/div>\n    <\/div>\n\n    \n    <div class=\"video-gallery-row\">\n\n      \n      <div class=\"video-gallery-col\">\n                  <div class=\"video\">\n            <div class=\"video-thumbnail\" style=\"background-image: url('https:\/\/www.sbhny.org\/wp-content\/uploads\/2025\/06\/YMAG-25-17-JAZZ-CAMP.00_01_02_06.Still001.jpg');\">\n              <button class=\"video-play\">Regarder la vid\u00e9o<\/button>\n            <\/div>\n            <div class=\"video-embed\" tabindex=\"0\">\n              <iframe loading=\"lazy\" width=\"560\" height=\"315\" src=\"https:\/\/www.youtube.com\/embed\/9lp9q9reg7U?si=zIqsrmelOh066Rgg\" title=\"Lecteur vid\u00e9o YouTube\" frameborder=\"0\" allow=\"accelerometer; autoplay; clipboard-write; encrypted-media; gyroscope; picture-in-picture; web-share\" referrerpolicy=\"strict-origin-when-cross-origin\" allowfullscreen><\/iframe>\n            <\/div>\n            <div class=\"video-embed-overlay\"><button class=\"close-overlay\"><\/button><\/div>\n          <\/div>  \n        \n        <h3 class=\"small-heading\">Jazz Chisholm Jr. et SBH s'associent pour organiser le premier camp de baseball annuel<\/h3>\n        <div class=\"body-copy reduced\">\n          <p>Le SBH Health System organise son premier camp annuel de baseball pour les jeunes avec le joueur des Yankees Jazz Chisholm Jr.<\/p>\n        <\/div>\n      <\/div>\n\n      \n      <div class=\"video-gallery-col\">\n                  <div class=\"video\">\n            <div class=\"video-thumbnail\" style=\"background-image: url('https:\/\/www.sbhny.org\/wp-content\/uploads\/2024\/09\/Kyvon-Thibodeaux-and-SBH-host-annual-football-camp.jpg');\">\n              <button class=\"video-play\">Regarder la vid\u00e9o<\/button>\n            <\/div>\n            <div class=\"video-embed\" tabindex=\"0\">\n              <iframe loading=\"lazy\" width=\"560\" height=\"315\" src=\"https:\/\/www.youtube.com\/embed\/HjTLTIjkADI?si=G6xSJxkhnADn1YKN\" title=\"Lecteur vid\u00e9o YouTube\" frameborder=\"0\" allow=\"accelerometer; autoplay; clipboard-write; encrypted-media; gyroscope; picture-in-picture; web-share\" referrerpolicy=\"strict-origin-when-cross-origin\" allowfullscreen><\/iframe>\n            <\/div>\n            <div class=\"video-embed-overlay\"><button class=\"close-overlay\"><\/button><\/div>\n          <\/div>  \n        \n        <h3 class=\"small-heading\">Kyvon Thibodeaux et SBH organisent un camp de football annuel<\/h3>\n        <div class=\"body-copy reduced\">\n          <p>Kyvon Thibodeaux des NY Giants s'associe \u00e0 l'unit\u00e9 sportive de la police de New York et au SBH pour organiser un camp de football pour les jeunes athl\u00e8tes du Bronx.<\/p>\n        <\/div>\n      <\/div>\n\n      \n      <div class=\"video-gallery-col\">\n                  <div class=\"video\">\n            <div class=\"video-thumbnail\" style=\"background-image: url('https:\/\/www.sbhny.org\/wp-content\/uploads\/2024\/09\/SBH-rings-in-Health-and-Wellness-Week.jpg');\">\n              <button class=\"video-play\">Regarder la vid\u00e9o<\/button>\n            <\/div>\n            <div class=\"video-embed\" tabindex=\"0\">\n              <iframe loading=\"lazy\" width=\"560\" height=\"315\" src=\"https:\/\/www.youtube.com\/embed\/iUDiHEtjkE0?si=0Y-g9uCsvYAn8-uq\" title=\"Lecteur vid\u00e9o YouTube\" frameborder=\"0\" allow=\"accelerometer; autoplay; clipboard-write; encrypted-media; gyroscope; picture-in-picture; web-share\" referrerpolicy=\"strict-origin-when-cross-origin\" allowfullscreen><\/iframe>\n            <\/div>\n            <div class=\"video-embed-overlay\"><button class=\"close-overlay\"><\/button><\/div>\n          <\/div>  \n        \n        <h3 class=\"small-heading\">Le SBH inaugure la semaine de la sant\u00e9 et du bien-\u00eatre<\/h3>\n        <div class=\"body-copy reduced\">\n          <p>Le pr\u00e9sident du SBH, David Harris, et son \u00e9quipe font sonner la cloche du NASDAQ \u00e0 l'occasion de la Semaine de la sant\u00e9 et du bien-\u00eatre.<\/p>\n        <\/div>\n      <\/div>\n\n      \n      <div class=\"video-gallery-col\">\n                  <div class=\"video\">\n            <div class=\"video-thumbnail\" style=\"background-image: url('https:\/\/www.sbhny.org\/wp-content\/uploads\/2024\/09\/SBH-and-the-Bronx-win-the-Sportscaster-Derby.jpg');\">\n              <button class=\"video-play\">Regarder la vid\u00e9o<\/button>\n            <\/div>\n            <div class=\"video-embed\" tabindex=\"0\">\n              <iframe loading=\"lazy\" width=\"560\" height=\"315\" src=\"https:\/\/www.youtube.com\/embed\/CAX0it8Ecuk?si=sdgchYULTyUpH-7i\" title=\"Lecteur vid\u00e9o YouTube\" frameborder=\"0\" allow=\"accelerometer; autoplay; clipboard-write; encrypted-media; gyroscope; picture-in-picture; web-share\" referrerpolicy=\"strict-origin-when-cross-origin\" allowfullscreen><\/iframe>\n            <\/div>\n            <div class=\"video-embed-overlay\"><button class=\"close-overlay\"><\/button><\/div>\n          <\/div>  \n        \n        <h3 class=\"small-heading\">SBH et le Bronx remportent le derby des journalistes sportifs<\/h3>\n        <div class=\"body-copy reduced\">\n          <p>SBH et Charity Partners s'associent \u00e0 de c\u00e9l\u00e8bres journalistes sportifs de New York pour le Sportscasters Derby au Meadowlands Raceway afin de collecter des fonds pour SBH et le Bronx.<\/p>\n        <\/div>\n      <\/div>\n\n      \n    <\/div>\n\n    \n  <\/div>\n<\/section>\n\n\n\n\n<p><\/p>\n\n\n\n<section class=\"image-twocol-hero video-twocol-hero  lightestgray-background\">\n  <div class=\"max-width standard-spacing twocol-row\" style=\"flex-direction:row-reverse;text-align:center;\">\n\n    <div class=\"image-col twocol-col video\">\n            <div class=\"video-thumbnail\" style=\"background-image: url('https:\/\/www.sbhny.org\/wp-content\/uploads\/2024\/09\/the-art-of-giving.jpg');\">\n          <button class=\"video-play\" style=\"font-size: 0;\">Regarder la vid\u00e9o<\/button>\n        <\/div>\n        <div class=\"video-embed\" tabindex=\"0\">\n          <iframe loading=\"lazy\" width=\"560\" height=\"315\" src=\"https:\/\/www.youtube.com\/embed\/hcAKsEMl-j0?si=xbydJFmhzhbSvZoY\" title=\"Lecteur vid\u00e9o YouTube\" frameborder=\"0\" allow=\"accelerometer; autoplay; clipboard-write; encrypted-media; gyroscope; picture-in-picture; web-share\" referrerpolicy=\"strict-origin-when-cross-origin\" allowfullscreen><\/iframe>\n          <div class=\"body-copy\">\n                      <\/div>\n        <\/div>\n        <div class=\"video-embed-overlay\"><button class=\"close-overlay\"><\/button><\/div>\n        <\/div>\n\n\n\n    <div class=\"content-col twocol-col\">\n              <h2 class=\"main-heading\">L'impact des dons<\/h2>\n            <div class=\"body-copy\">\n        <p style=\"text-align: center;\">Les dons \u00e0 SBH soutiennent une s\u00e9rie de domaines cruciaux et nous aident \u00e0 mener \u00e0 bien notre mission, qui est de fournir des soins \u00e9quitables aux habitants du Bronx. Cela comprend l'am\u00e9lioration des installations, la poursuite de notre engagement en faveur du bien-\u00eatre de la communaut\u00e9, et bien plus encore. En faisant un don, vous contribuez \u00e0 faire en sorte que le SBH continue \u00e0 fournir des soins de haute qualit\u00e9 et empreints de compassion dans le Bronx.<\/p>\n<p style=\"text-align: center;\"><strong>Vos dons permettent d'am\u00e9liorer<\/strong><\/p>\n<div class=\"icon-boxes\">\n<div class=\"icon-box\"><img loading=\"lazy\" decoding=\"async\" class=\"alignnone size-full wp-image-2121\" src=\"\/wp-content\/uploads\/2024\/05\/wellness-heart-icon.png\" alt=\"\" width=\"41\" height=\"41\" srcset=\"https:\/\/www.sbhny.org\/wp-content\/uploads\/2024\/05\/wellness-heart-icon.png 48w, https:\/\/www.sbhny.org\/wp-content\/uploads\/2024\/05\/wellness-heart-icon-12x12.png 12w\" sizes=\"auto, (max-width: 41px) 100vw, 41px\" \/><br \/>\nCentre de sant\u00e9 et de bien-\u00eatre SBH<\/div>\n<div class=\"icon-box\"><img loading=\"lazy\" decoding=\"async\" class=\"alignnone size-full wp-image-4484\" src=\"\/wp-content\/uploads\/2024\/09\/building-icon.png\" alt=\"\" width=\"41\" height=\"41\" srcset=\"https:\/\/www.sbhny.org\/wp-content\/uploads\/2024\/09\/building-icon.png 41w, https:\/\/www.sbhny.org\/wp-content\/uploads\/2024\/09\/building-icon-12x12.png 12w\" sizes=\"auto, (max-width: 41px) 100vw, 41px\" \/><br \/>\n\u00c9tablissements hospitaliers<\/div>\n<div class=\"icon-box\"><img loading=\"lazy\" decoding=\"async\" class=\"alignnone size-full wp-image-2111\" src=\"\/wp-content\/uploads\/2024\/05\/yoga-icon.png\" alt=\"\" width=\"41\" height=\"41\" srcset=\"https:\/\/www.sbhny.org\/wp-content\/uploads\/2024\/05\/yoga-icon.png 48w, https:\/\/www.sbhny.org\/wp-content\/uploads\/2024\/05\/yoga-icon-12x12.png 12w\" sizes=\"auto, (max-width: 41px) 100vw, 41px\" \/><br \/>\nInitiatives en mati\u00e8re de sant\u00e9 mentale<\/div>\n<div class=\"icon-box\"><img loading=\"lazy\" decoding=\"async\" class=\"alignnone size-full wp-image-4485\" src=\"\/wp-content\/uploads\/2024\/09\/community-square-icon.png\" alt=\"\" width=\"41\" height=\"41\" srcset=\"https:\/\/www.sbhny.org\/wp-content\/uploads\/2024\/09\/community-square-icon.png 41w, https:\/\/www.sbhny.org\/wp-content\/uploads\/2024\/09\/community-square-icon-12x12.png 12w\" sizes=\"auto, (max-width: 41px) 100vw, 41px\" \/><br \/>\nProgrammes communautaires<\/div>\n<\/div>\n<style>.icon-boxes { display: flex; align-items:flex-start; justify-content:space-between; gap: 25px 20px; flex-wrap: wrap; } .icon-box { text-align:center; width:calc((100% - 20px) \/ 2); <\/style>\n      <\/div>\n      \n          <\/div>\n  <\/div>\n<\/section>\n\n<a href=\"javascript:void(0)\" tabindex=\"-1\" id=\"embedded-form\"><\/a>\n<section class=\"embedded-form white-background\">\n  <div class=\"small-max-width standard-spacing\">\n          <div class=\"intro-row\">\n        <h2 class=\"main-heading\">Formulaire de don<\/h2>\n        <div class=\"body-copy\"><p>Lorsque vous vous associez \u00e0 SBH, vous donnez de l'espoir \u00e0 ceux qui ont besoin de soins dans le Bronx. Votre don fera la diff\u00e9rence.<\/p>\n<\/div>\n      <\/div>\n        \n\n          <div class=\"embedded-form-iframe\">\n        <div id=\"blackbaud-donation-form_19275588-b0f3-4f67-be41-1c5b5aae2631\"><\/div>\n        <script src=\"https:\/\/sky.blackbaudcdn.net\/static\/donor-form-loader\/2\/main.js\"><\/script>\n        <script>BBDonorFormLoader.newBlackbaudDonationFormZoned('renxt', 'p-HlzKCwHKc0CwTrhTX9LkPw', '19275588-b0f3-4f67-be41-1c5b5aae2631', 'usa')<\/script>\n      <\/div>\n    \n    \n          <div class=\"disclaimer-box\" style=\"gap:0;\">\n        <div class=\"disclaimers\" style=\"width:100%;\">\n                      <div class=\"body-copy reduced\">\n              <p><span data-olk-copy-source=\"MessageBody\">SBH Health System is a tax-exempt organization under section 501(c)(3) of the Internal Revenue Code. EIN #13-1740122<\/span><\/p>\n            <\/div>\n                    \n        <\/div>\n        <div class=\"disc-buttons\">\n          \n                    \n        <\/div>\n\n      <\/div>\n      <\/div>\n<\/section>\n\n\n<section class=\"image-twocol-hero\">\n  <div class=\"max-width standard-spacing twocol-row reverse\">\n\n          <div class=\"twocol-col\" >\n        <div class=\"linked-images-collage\">\n          <div class=\"top-row\">\n            <a  style=\"pointer-event:none; cursor:default;\">\n              <div class=\"top-left\" style=\"background-image:url('https:\/\/www.sbhny.org\/wp-content\/uploads\/2024\/09\/become-a-partner-image-4.png');\"><\/div>\n            <\/a>\n            <a  style=\"pointer-event:none; cursor:default;\">\n              <div class=\"top-right\" style=\"background-image:url('https:\/\/www.sbhny.org\/wp-content\/uploads\/2024\/09\/become-a-partner-image-5.png');\"><\/div>\n            <\/a>\n          <\/div>\n          <div class=\"bottom-row\">\n            <a  style=\"pointer-event:none; cursor:default;\">\n              <div class=\"bottom-left\" style=\"background-image:url('https:\/\/www.sbhny.org\/wp-content\/uploads\/2024\/09\/become-a-partner-image-2.png');\"><\/div>\n            <\/a>\n            <a  style=\"pointer-event:none; cursor:default;\">\n              <div class=\"bottom-center\" style=\"background-image:url('https:\/\/www.sbhny.org\/wp-content\/uploads\/2024\/09\/become-a-partner-image-3.png');\"><\/div>\n            <\/a>\n            <a  style=\"pointer-event:none; cursor:default;\">\n              <div class=\"bottom-right\" style=\"background-image:url('https:\/\/www.sbhny.org\/wp-content\/uploads\/2024\/09\/become-a-partner-image-1.png');\"><\/div>\n            <\/a>\n          <\/div>\n        <\/div>\n      <\/div>\n    \n\n    <div class=\"content-col twocol-col\">\n              <h2 class=\"main-heading\"><\/h2>\n            <div class=\"body-copy\">\n        <h2 class=\"main-heading\" style=\"text-align: center; color: black;\">Devenir partenaire<\/h2>\n      <\/div>\n      \n        \n      \n              <div class=\"gray-box gray-box--two-col gray-box--icon-contained centered\">\n                      <img decoding=\"async\" src=\"https:\/\/www.sbhny.org\/wp-content\/uploads\/2024\/09\/giving-icon.png\" alt=\"icon\" class=\"small\"\/>\n          \n                      <p class=\"medium-body-copy\"><strong>Comment d\u00e9marrer<\/strong><\/p>            \n          \n          \n                      <p class=\"medium-body-copy gray-box-desc\">Avez-vous d\u00e9j\u00e0 envisag\u00e9 de devenir un ambassadeur de la mission SBH ? Parlons-en. Nous serions ravis de discuter en t\u00eate-\u00e0-t\u00eate de la mani\u00e8re dont nous pouvons nous associer avec vous pour avoir un impact durable sur la sant\u00e9 et le bien-\u00eatre du Bronx. Pour commencer, envoyez un courriel \u00e0 Christine Hughes, notre responsable de la promotion. <\/p>            \n          \n                      <div class=\"body-copy\"><p class=\"small-heading\" style=\"text-align: center;\">Christine Hughes<\/p>\n<p style=\"text-align: center;\"><strong>Senior Vice President, Advancement and Chief Advancement Officer<\/strong><br \/>\nSyst\u00e8me de sant\u00e9 SBH<\/p>\n<div class=\"disc-buttons\" style=\"background-color: white; padding: 20px; border-radius: 10px; justify-content: center;\"><a class=\"disc-button disc-button--email\" href=\"mailto:chughes@sbhny.org\">chughes@sbhny.org<\/a><br \/>\n<a class=\"disc-button disc-button--phone\" style=\"pointer-events: none;\" href=\"\/fr\/t\u00e9l:7189606310\/\">(718) 960-6310<\/a><\/div>\n<style>.disc-buttons .disc-button {width:unset;}<\/style>\n<\/div>            \n          \n        <\/div>\n          <\/div>\n  <\/div>\n<\/section>\n\n\n<section class=\"testimonial-block standard-reversed\">\n  <div class=\"max-width standard-spacing\">\n    <div class=\"testimonial-row\">\n      <div class=\"content compressed\">\n                  <p class=\"subheading quote\"> 2026 New York Team of Heroes Gala<\/p>\n        \n                  <div class=\"body-copy\"><p>Rejoignez-nous pour une soir\u00e9e \u00e9toil\u00e9e au cours de laquelle nous rendrons hommage aux h\u00e9ros de SBH et collecterons des fonds pour soutenir notre mission. Faites partie de l'\u00e9quipe qui apporte des soins \u00e9quitables \u00e0 tous les habitants du Bronx.<\/p>\n<\/div>\n          <br>\n        \n\n                  <a href=\"\/fr\/2026-new-york-team-of-heroes-gala\/\" class=\"btn\">En savoir plus<\/a>      \n        \n      <\/div>\n\n      <div class=\"video\">\n        <div class=\"video-thumbnail no-video\" style=\"background-image: url('https:\/\/www.sbhny.org\/wp-content\/uploads\/2026\/03\/sbh-gala-team-on-stage.jpg');\">\n        <\/div>\n      <\/div>\n\n    <\/div>\n  <\/div>\n<\/section>","protected":false},"excerpt":{"rendered":"","protected":false},"author":3,"featured_media":0,"parent":0,"menu_order":0,"comment_status":"closed","ping_status":"closed","template":"","meta":{"_acf_changed":true,"_eb_attr":"","_price":"","_stock":"","_tribe_ticket_header":"","_tribe_default_ticket_provider":"","_tribe_ticket_capacity":"0","_ticket_start_date":"","_ticket_end_date":"","_tribe_ticket_show_description":"","_tribe_ticket_show_not_going":false,"_tribe_ticket_use_global_stock":"","_tribe_ticket_global_stock_level":"","_global_stock_mode":"","_global_stock_cap":"","_tribe_rsvp_for_event":"","_tribe_ticket_going_count":"","_tribe_ticket_not_going_count":"","_tribe_tickets_list":"[]","_tribe_ticket_has_attendee_info_fields":false,"footnotes":""},"class_list":["post-1940","page","type-page","status-publish","hentry"],"acf":[],"yoast_head":"<!-- This site is optimized with the Yoast SEO plugin v26.5 - https:\/\/yoast.com\/wordpress\/plugins\/seo\/ -->\n<title>Support - SBH Health System<\/title>\n<meta name=\"robots\" content=\"index, follow, max-snippet:-1, max-image-preview:large, max-video-preview:-1\" \/>\n<link rel=\"canonical\" href=\"https:\/\/www.sbhny.org\/fr\/support\/\" \/>\n<meta property=\"og:locale\" content=\"fr_FR\" \/>\n<meta property=\"og:type\" content=\"article\" \/>\n<meta property=\"og:title\" content=\"Support - SBH Health System\" \/>\n<meta property=\"og:url\" content=\"https:\/\/www.sbhny.org\/fr\/support\/\" \/>\n<meta property=\"og:site_name\" content=\"SBH Health System\" \/>\n<meta property=\"article:publisher\" content=\"https:\/\/www.facebook.com\/SBHBronx\/\" \/>\n<meta property=\"article:modified_time\" content=\"2026-03-11T15:15:20+00:00\" \/>\n<meta name=\"twitter:card\" content=\"summary_large_image\" \/>\n<meta name=\"twitter:site\" content=\"@sbhbronx\" \/>\n<script type=\"application\/ld+json\" class=\"yoast-schema-graph\">{\"@context\":\"https:\/\/schema.org\",\"@graph\":[{\"@type\":\"WebPage\",\"@id\":\"https:\/\/www.sbhny.org\/support\/\",\"url\":\"https:\/\/www.sbhny.org\/support\/\",\"name\":\"Support - SBH Health System\",\"isPartOf\":{\"@id\":\"https:\/\/www.sbhny.org\/#website\"},\"datePublished\":\"2024-05-14T01:21:17+00:00\",\"dateModified\":\"2026-03-11T15:15:20+00:00\",\"breadcrumb\":{\"@id\":\"https:\/\/www.sbhny.org\/support\/#breadcrumb\"},\"inLanguage\":\"fr-FR\",\"potentialAction\":[{\"@type\":\"ReadAction\",\"target\":[\"https:\/\/www.sbhny.org\/support\/\"]}]},{\"@type\":\"BreadcrumbList\",\"@id\":\"https:\/\/www.sbhny.org\/support\/#breadcrumb\",\"itemListElement\":[{\"@type\":\"ListItem\",\"position\":1,\"name\":\"Home\",\"item\":\"https:\/\/www.sbhny.org\/\"},{\"@type\":\"ListItem\",\"position\":2,\"name\":\"Support\"}]},{\"@type\":\"WebSite\",\"@id\":\"https:\/\/www.sbhny.org\/#website\",\"url\":\"https:\/\/www.sbhny.org\/\",\"name\":\"SBH Health System\",\"description\":\"\",\"potentialAction\":[{\"@type\":\"SearchAction\",\"target\":{\"@type\":\"EntryPoint\",\"urlTemplate\":\"https:\/\/www.sbhny.org\/?s={search_term_string}\"},\"query-input\":{\"@type\":\"PropertyValueSpecification\",\"valueRequired\":true,\"valueName\":\"search_term_string\"}}],\"inLanguage\":\"fr-FR\"}]}<\/script>\n<!-- \/ Yoast SEO plugin. -->","yoast_head_json":{"title":"Support - SBH Health System","robots":{"index":"index","follow":"follow","max-snippet":"max-snippet:-1","max-image-preview":"max-image-preview:large","max-video-preview":"max-video-preview:-1"},"canonical":"https:\/\/www.sbhny.org\/fr\/support\/","og_locale":"fr_FR","og_type":"article","og_title":"Support - SBH Health System","og_url":"https:\/\/www.sbhny.org\/fr\/support\/","og_site_name":"SBH Health System","article_publisher":"https:\/\/www.facebook.com\/SBHBronx\/","article_modified_time":"2026-03-11T15:15:20+00:00","twitter_card":"summary_large_image","twitter_site":"@sbhbronx","schema":{"@context":"https:\/\/schema.org","@graph":[{"@type":"WebPage","@id":"https:\/\/www.sbhny.org\/support\/","url":"https:\/\/www.sbhny.org\/support\/","name":"Support - SBH Health System","isPartOf":{"@id":"https:\/\/www.sbhny.org\/#website"},"datePublished":"2024-05-14T01:21:17+00:00","dateModified":"2026-03-11T15:15:20+00:00","breadcrumb":{"@id":"https:\/\/www.sbhny.org\/support\/#breadcrumb"},"inLanguage":"fr-FR","potentialAction":[{"@type":"ReadAction","target":["https:\/\/www.sbhny.org\/support\/"]}]},{"@type":"BreadcrumbList","@id":"https:\/\/www.sbhny.org\/support\/#breadcrumb","itemListElement":[{"@type":"ListItem","position":1,"name":"Home","item":"https:\/\/www.sbhny.org\/"},{"@type":"ListItem","position":2,"name":"Support"}]},{"@type":"WebSite","@id":"https:\/\/www.sbhny.org\/#website","url":"https:\/\/www.sbhny.org\/","name":"Syst\u00e8me de sant\u00e9 SBH","description":"","potentialAction":[{"@type":"SearchAction","target":{"@type":"EntryPoint","urlTemplate":"https:\/\/www.sbhny.org\/?s={search_term_string}"},"query-input":{"@type":"PropertyValueSpecification","valueRequired":true,"valueName":"search_term_string"}}],"inLanguage":"fr-FR"}]}},"_links":{"self":[{"href":"https:\/\/www.sbhny.org\/fr\/wp-json\/wp\/v2\/pages\/1940","targetHints":{"allow":["GET"]}}],"collection":[{"href":"https:\/\/www.sbhny.org\/fr\/wp-json\/wp\/v2\/pages"}],"about":[{"href":"https:\/\/www.sbhny.org\/fr\/wp-json\/wp\/v2\/types\/page"}],"author":[{"embeddable":true,"href":"https:\/\/www.sbhny.org\/fr\/wp-json\/wp\/v2\/users\/3"}],"replies":[{"embeddable":true,"href":"https:\/\/www.sbhny.org\/fr\/wp-json\/wp\/v2\/comments?post=1940"}],"version-history":[{"count":0,"href":"https:\/\/www.sbhny.org\/fr\/wp-json\/wp\/v2\/pages\/1940\/revisions"}],"wp:attachment":[{"href":"https:\/\/www.sbhny.org\/fr\/wp-json\/wp\/v2\/media?parent=1940"}],"curies":[{"name":"wp","href":"https:\/\/api.w.org\/{rel}","templated":true}]}}