{"id":2024,"date":"2024-05-14T15:14:00","date_gmt":"2024-05-14T15:14:00","guid":{"rendered":"https:\/\/sbhny.wpenginepowered.com\/?page_id=2024"},"modified":"2024-10-01T03:07:24","modified_gmt":"2024-10-01T03:07:24","slug":"social-work","status":"publish","type":"page","link":"https:\/\/www.sbhny.org\/fr\/social-work\/","title":{"rendered":"Travail social"},"content":{"rendered":"<section class=\"image-twocol-hero background-image\">\n  <div class=\"max-width standard-spacing twocol-row\">\n\n          <div class=\"image-col twocol-col\" style=\"background-image: url('https:\/\/www.sbhny.org\/wp-content\/uploads\/2024\/09\/social-work-r.jpg');\"><\/div>\n    \n\n    <div class=\"content-col twocol-col\">\n              <h1 class=\"main-heading\">Travail social<\/h1>\n            <div class=\"body-copy\">\n        <p>Les assistants sociaux du SBH Health System jouent un r\u00f4le essentiel dans les soins aux patients. Bien qu'ils exercent de nombreuses fonctions, la planification de la sortie est la principale fonction de l'assistant social. Avec les gestionnaires de cas, les assistants sociaux assistent \u00e0 des r\u00e9unions interdisciplinaires au tableau blanc o\u00f9 ils discutent des patients ayant des probl\u00e8mes m\u00e9dicaux et sociaux compliqu\u00e9s et qui ont besoin d'un plan de sortie<\/p>\n      <\/div>\n      \n        \n      \n          <\/div>\n  <\/div>\n<\/section>\n\n<section class=\"text-block white-background\">\n  <div class=\"small-max-width standard-spacing body-copy\">\n    <p>La planification de la sortie par les assistants sociaux du SBH implique un processus de s\u00e9lection initiale \u00e0 l'admission qui permet d'identifier les besoins du patient. Les assistants sociaux utilisent des crit\u00e8res de risque \u00e9lev\u00e9 qui permettent d'identifier les patients les plus vuln\u00e9rables. Parmi ces facteurs de risque \u00e9lev\u00e9 figurent le fait d'\u00eatre sans domicile fixe, la n\u00e9cessit\u00e9 de soins de suivi apr\u00e8s la sortie, la suspicion d'abus ou de n\u00e9gligence, le fait d'\u00eatre \u00e2g\u00e9 de plus de 65 ans et de vivre seul, le fait d'\u00eatre \u00e2g\u00e9 de plus de 75 ans, le fait d'\u00eatre atteint d'une d\u00e9ficience intellectuelle, le fait d'\u00eatre au ch\u00f4mage, le fait d'\u00eatre sous-assur\u00e9 ou non assur\u00e9, les r\u00e9admissions multiples, les diagnostics chroniques et\/ou en phase terminale, et l'alt\u00e9ration des AVQ.<\/p>\n<p>Un plan de sortie est \u00e9tabli en fonction des besoins du patient. Les plans de sortie peuvent inclure une maison de soins infirmiers pour une r\u00e9adaptation \u00e0 court ou \u00e0 long terme, l'orientation vers une agence de soins \u00e0 domicile ou une agence de soins infirmiers et\/ou l'orientation vers les diff\u00e9rents services indiqu\u00e9s. Toutes ces mesures sont prises non seulement pour garantir que nos patients sortent de l'h\u00f4pital en temps voulu et en toute s\u00e9curit\u00e9, mais aussi pour \u00e9viter une r\u00e9admission.<\/p>\n  <\/div>\n<\/section>  \n\n\n\n\n<section class=\"location-feature default\">\n  <div class=\"max-width standard-spacing location-feature-row\">\n    <div class=\"image\" style=\"background-image: url('https:\/\/www.sbhny.org\/wp-content\/uploads\/2024\/09\/Main-Building-scaled.jpg');\"><\/div>\n    <div class=\"content\">\n            <h2 class=\"subheading\">H\u00f4pital St. Barnabas<\/h2>\n      <div class=\"body-copy hours\"><p>Syst\u00e8me de sant\u00e9 SBH<br \/>\n4422 Third Ave, 3\u00e8me \u00e9tage<br \/>\nBronx New York, 10457<br \/>\n<strong>Du lundi au vendredi, de 9h \u00e0 17h<\/strong><\/p>\n<\/div>\n\n              <p class=\"large-body-copy\"><strong>Questions ou prise de rendez-vous :<\/strong><\/p>\n        <a href=\"tel:7189606140\" class=\"phone-cta color-blue\">(718) 960-6140<\/a>\n      \n      <br>\n\n              <a href=\"https:\/\/maps.app.goo.gl\/6yrpKvynZX7HvfWN6\" class=\"btn btn--white google-maps-cta\">Voir sur Google Maps<\/a>     \n      \n      \n          <\/div>\n  <\/div>\n<\/section>","protected":false},"excerpt":{"rendered":"","protected":false},"author":3,"featured_media":0,"parent":0,"menu_order":0,"comment_status":"closed","ping_status":"closed","template":"","meta":{"_acf_changed":false,"_eb_attr":"","_price":"","_stock":"","_tribe_ticket_header":"","_tribe_default_ticket_provider":"","_tribe_ticket_capacity":"0","_ticket_start_date":"","_ticket_end_date":"","_tribe_ticket_show_description":"","_tribe_ticket_show_not_going":false,"_tribe_ticket_use_global_stock":"","_tribe_ticket_global_stock_level":"","_global_stock_mode":"","_global_stock_cap":"","_tribe_rsvp_for_event":"","_tribe_ticket_going_count":"","_tribe_ticket_not_going_count":"","_tribe_tickets_list":"[]","_tribe_ticket_has_attendee_info_fields":false,"footnotes":""},"class_list":["post-2024","page","type-page","status-publish","hentry"],"acf":[],"yoast_head":"<!-- This site is optimized with the Yoast SEO plugin v26.5 - https:\/\/yoast.com\/wordpress\/plugins\/seo\/ -->\n<title>Social Work - SBH Health System<\/title>\n<meta name=\"robots\" content=\"index, follow, max-snippet:-1, max-image-preview:large, max-video-preview:-1\" \/>\n<link rel=\"canonical\" href=\"https:\/\/www.sbhny.org\/fr\/social-work\/\" \/>\n<meta property=\"og:locale\" content=\"fr_FR\" \/>\n<meta property=\"og:type\" content=\"article\" \/>\n<meta property=\"og:title\" content=\"Social Work - SBH Health System\" \/>\n<meta property=\"og:url\" content=\"https:\/\/www.sbhny.org\/fr\/social-work\/\" \/>\n<meta property=\"og:site_name\" content=\"SBH Health System\" \/>\n<meta property=\"article:publisher\" content=\"https:\/\/www.facebook.com\/SBHBronx\/\" \/>\n<meta property=\"article:modified_time\" content=\"2024-10-01T03:07:24+00:00\" \/>\n<meta name=\"twitter:card\" content=\"summary_large_image\" \/>\n<meta name=\"twitter:site\" content=\"@sbhbronx\" \/>\n<script type=\"application\/ld+json\" class=\"yoast-schema-graph\">{\"@context\":\"https:\/\/schema.org\",\"@graph\":[{\"@type\":\"WebPage\",\"@id\":\"https:\/\/www.sbhny.org\/social-work\/\",\"url\":\"https:\/\/www.sbhny.org\/social-work\/\",\"name\":\"Social Work - SBH Health System\",\"isPartOf\":{\"@id\":\"https:\/\/www.sbhny.org\/#website\"},\"datePublished\":\"2024-05-14T15:14:00+00:00\",\"dateModified\":\"2024-10-01T03:07:24+00:00\",\"breadcrumb\":{\"@id\":\"https:\/\/www.sbhny.org\/social-work\/#breadcrumb\"},\"inLanguage\":\"fr-FR\",\"potentialAction\":[{\"@type\":\"ReadAction\",\"target\":[\"https:\/\/www.sbhny.org\/social-work\/\"]}]},{\"@type\":\"BreadcrumbList\",\"@id\":\"https:\/\/www.sbhny.org\/social-work\/#breadcrumb\",\"itemListElement\":[{\"@type\":\"ListItem\",\"position\":1,\"name\":\"Home\",\"item\":\"https:\/\/www.sbhny.org\/\"},{\"@type\":\"ListItem\",\"position\":2,\"name\":\"Social Work\"}]},{\"@type\":\"WebSite\",\"@id\":\"https:\/\/www.sbhny.org\/#website\",\"url\":\"https:\/\/www.sbhny.org\/\",\"name\":\"SBH Health System\",\"description\":\"\",\"potentialAction\":[{\"@type\":\"SearchAction\",\"target\":{\"@type\":\"EntryPoint\",\"urlTemplate\":\"https:\/\/www.sbhny.org\/?s={search_term_string}\"},\"query-input\":{\"@type\":\"PropertyValueSpecification\",\"valueRequired\":true,\"valueName\":\"search_term_string\"}}],\"inLanguage\":\"fr-FR\"}]}<\/script>\n<!-- \/ Yoast SEO plugin. -->","yoast_head_json":{"title":"Social Work - SBH Health System","robots":{"index":"index","follow":"follow","max-snippet":"max-snippet:-1","max-image-preview":"max-image-preview:large","max-video-preview":"max-video-preview:-1"},"canonical":"https:\/\/www.sbhny.org\/fr\/social-work\/","og_locale":"fr_FR","og_type":"article","og_title":"Social Work - SBH Health System","og_url":"https:\/\/www.sbhny.org\/fr\/social-work\/","og_site_name":"SBH Health System","article_publisher":"https:\/\/www.facebook.com\/SBHBronx\/","article_modified_time":"2024-10-01T03:07:24+00:00","twitter_card":"summary_large_image","twitter_site":"@sbhbronx","schema":{"@context":"https:\/\/schema.org","@graph":[{"@type":"WebPage","@id":"https:\/\/www.sbhny.org\/social-work\/","url":"https:\/\/www.sbhny.org\/social-work\/","name":"Social Work - SBH Health System","isPartOf":{"@id":"https:\/\/www.sbhny.org\/#website"},"datePublished":"2024-05-14T15:14:00+00:00","dateModified":"2024-10-01T03:07:24+00:00","breadcrumb":{"@id":"https:\/\/www.sbhny.org\/social-work\/#breadcrumb"},"inLanguage":"fr-FR","potentialAction":[{"@type":"ReadAction","target":["https:\/\/www.sbhny.org\/social-work\/"]}]},{"@type":"BreadcrumbList","@id":"https:\/\/www.sbhny.org\/social-work\/#breadcrumb","itemListElement":[{"@type":"ListItem","position":1,"name":"Home","item":"https:\/\/www.sbhny.org\/"},{"@type":"ListItem","position":2,"name":"Social Work"}]},{"@type":"WebSite","@id":"https:\/\/www.sbhny.org\/#website","url":"https:\/\/www.sbhny.org\/","name":"Syst\u00e8me de sant\u00e9 SBH","description":"","potentialAction":[{"@type":"SearchAction","target":{"@type":"EntryPoint","urlTemplate":"https:\/\/www.sbhny.org\/?s={search_term_string}"},"query-input":{"@type":"PropertyValueSpecification","valueRequired":true,"valueName":"search_term_string"}}],"inLanguage":"fr-FR"}]}},"_links":{"self":[{"href":"https:\/\/www.sbhny.org\/fr\/wp-json\/wp\/v2\/pages\/2024","targetHints":{"allow":["GET"]}}],"collection":[{"href":"https:\/\/www.sbhny.org\/fr\/wp-json\/wp\/v2\/pages"}],"about":[{"href":"https:\/\/www.sbhny.org\/fr\/wp-json\/wp\/v2\/types\/page"}],"author":[{"embeddable":true,"href":"https:\/\/www.sbhny.org\/fr\/wp-json\/wp\/v2\/users\/3"}],"replies":[{"embeddable":true,"href":"https:\/\/www.sbhny.org\/fr\/wp-json\/wp\/v2\/comments?post=2024"}],"version-history":[{"count":0,"href":"https:\/\/www.sbhny.org\/fr\/wp-json\/wp\/v2\/pages\/2024\/revisions"}],"wp:attachment":[{"href":"https:\/\/www.sbhny.org\/fr\/wp-json\/wp\/v2\/media?parent=2024"}],"curies":[{"name":"wp","href":"https:\/\/api.w.org\/{rel}","templated":true}]}}