{"id":2025,"date":"2024-05-14T15:14:25","date_gmt":"2024-05-14T15:14:25","guid":{"rendered":"https:\/\/sbhny.wpenginepowered.com\/?page_id=2025"},"modified":"2024-10-02T16:23:26","modified_gmt":"2024-10-02T16:23:26","slug":"spiritual-care","status":"publish","type":"page","link":"https:\/\/www.sbhny.org\/fr\/spiritual-care\/","title":{"rendered":"Soins spirituels"},"content":{"rendered":"<section class=\"image-twocol-hero background-image\">\n  <div class=\"max-width standard-spacing twocol-row\">\n\n          <div class=\"image-col twocol-col\" style=\"background-image: url('https:\/\/www.sbhny.org\/wp-content\/uploads\/2024\/09\/SPIRITUAL-r.jpg');\"><\/div>\n    \n\n    <div class=\"content-col twocol-col\">\n              <h1 class=\"main-heading\">Soins spirituels<\/h1>\n            <div class=\"body-copy\">\n        <p>Le service de soutien spirituel du SBH Health System offre un soutien spirituel et \u00e9motionnel aux patients, aux familles, aux proches, aux soignants et au personnel pendant les p\u00e9riodes de stress li\u00e9es \u00e0 l'hospitalisation.<\/p>\n      <\/div>\n      \n        \n      \n          <\/div>\n  <\/div>\n<\/section>\n\n<section class=\"accordion-section\">\n  <div class=\"max-width standard-spacing\">\n        <h2 class=\"main-heading\">Nos services<\/h2>\n          <div class=\"body-copy\"><p>Membre int\u00e9gr\u00e9 de l'\u00e9quipe interdisciplinaire et du comit\u00e9 d'\u00e9thique, l'aum\u00f4nier est \u00e0 l'\u00e9coute de vos pr\u00e9occupations durant votre s\u00e9jour \u00e0 l'h\u00f4pital et contribue \u00e0 l'\u00e9laboration d'un plan de soins qui prend en compte la personne dans sa globalit\u00e9. Par sa pr\u00e9sence, l'aum\u00f4nier esp\u00e8re vous apporter un sentiment de bien-\u00eatre spirituel, d'espoir et de sens dans le cadre de votre syst\u00e8me de croyances, quelle que soit votre religion. L'aum\u00f4nier est un partenaire qui ne porte pas de jugement et qui vous accompagnera dans les moments de crise, de traumatisme et de maladie chronique, tout en respectant nos valeurs.<\/p>\n<\/div>\n        \n    <div class=\"accordion-container\">\n\n    \n    <div class=\"accordion-card open\" itemscope=\"itemscope\" itemprop=\"mainEntity\" itemtype=\"https:\/\/schema.org\/Question\">\n      <div class=\"accordion-card-header\">\n        <button id=\"twocol_id_Patient-Visits\" class=\"accordion-button large-body-copy\" aria-expanded=\"true\" aria-controls=\"twocol_Patient-Visits\">Visites de patients<\/button>\n      <\/div>\n      <div class=\"accordion-card-content body-copy\" itemscope=\"itemscope\" itemprop=\"acceptedAnswer\" itemtype=\"https:\/\/schema.org\/Answer\" id=\"twocol_Patient-Visits\" aria-labelledby=\"twocol_id_Patient-Visits\" role=\"region\">\n        <p>Offre un accompagnement spirituel et des soins pastoraux aux patients et \u00e0 leurs familles.<\/p>\n      <\/div>\n    <\/div>\n\n    \n    <div class=\"accordion-card open\" itemscope=\"itemscope\" itemprop=\"mainEntity\" itemtype=\"https:\/\/schema.org\/Question\">\n      <div class=\"accordion-card-header\">\n        <button id=\"twocol_id_Spiritual-Room\" class=\"accordion-button large-body-copy\" aria-expanded=\"true\" aria-controls=\"twocol_Spiritual-Room\">Chambre spirituelle<\/button>\n      <\/div>\n      <div class=\"accordion-card-content body-copy\" itemscope=\"itemscope\" itemprop=\"acceptedAnswer\" itemtype=\"https:\/\/schema.org\/Answer\" id=\"twocol_Spiritual-Room\" aria-labelledby=\"twocol_id_Spiritual-Room\" role=\"region\">\n        <p>Un espace de r\u00e9flexion, de m\u00e9ditation, de silence ou de pri\u00e8re. Toutes les religions sont prises en charge. Il est situ\u00e9 au niveau G de l'h\u00f4pital principal.<\/p>\n      <\/div>\n    <\/div>\n\n    \n    <div class=\"accordion-card open\" itemscope=\"itemscope\" itemprop=\"mainEntity\" itemtype=\"https:\/\/schema.org\/Question\">\n      <div class=\"accordion-card-header\">\n        <button id=\"twocol_id_Spiritual-Supplies\" class=\"accordion-button large-body-copy\" aria-expanded=\"true\" aria-controls=\"twocol_Spiritual-Supplies\">Fournitures spirituelles<\/button>\n      <\/div>\n      <div class=\"accordion-card-content body-copy\" itemscope=\"itemscope\" itemprop=\"acceptedAnswer\" itemtype=\"https:\/\/schema.org\/Answer\" id=\"twocol_Spiritual-Supplies\" aria-labelledby=\"twocol_id_Spiritual-Supplies\" role=\"region\">\n        <p>Les patients peuvent demander des fournitures spirituelles telles que des \u00e9critures, des Torahs, des livres ou des bibles conformes \u00e0 leur religion ou \u00e0 leur confession.<\/p>\n      <\/div>\n    <\/div>\n\n    \n    <div class=\"accordion-card open\" itemscope=\"itemscope\" itemprop=\"mainEntity\" itemtype=\"https:\/\/schema.org\/Question\">\n      <div class=\"accordion-card-header\">\n        <button id=\"twocol_id_Discharge-Planning\" class=\"accordion-button large-body-copy\" aria-expanded=\"true\" aria-controls=\"twocol_Discharge-Planning\">Planification de la d\u00e9charge<\/button>\n      <\/div>\n      <div class=\"accordion-card-content body-copy\" itemscope=\"itemscope\" itemprop=\"acceptedAnswer\" itemtype=\"https:\/\/schema.org\/Answer\" id=\"twocol_Discharge-Planning\" aria-labelledby=\"twocol_id_Discharge-Planning\" role=\"region\">\n        <p>Lors de la sortie, l'aum\u00f4nier peut aider \u00e0 assurer un continuum de soins entre l'h\u00f4pital, les soins \u00e0 domicile, l'hospice ou les soins de longue dur\u00e9e.<\/p>\n      <\/div>\n    <\/div>\n\n    \n    <\/div>\n\n    \n  <\/div>\n<\/section>\n\n\n<section class=\"location-feature default\">\n  <div class=\"max-width standard-spacing location-feature-row\">\n    <div class=\"image\" style=\"background-image: url('https:\/\/www.sbhny.org\/wp-content\/uploads\/2024\/09\/Main-Building-scaled.jpg');\"><\/div>\n    <div class=\"content\">\n            <h2 class=\"subheading\">Contactez-nous<\/h2>\n      <div class=\"body-copy hours\"><p><strong>Migdalia Pannullo<\/strong><br \/>\nR\u00e9v\u00e9rend aum\u00f4nier<br \/>\nSyst\u00e8me de sant\u00e9 SBH<br \/>\n4422 Third Ave, Bronx, New York 10457<br \/>\nDu lundi au vendredi de 8h30 \u00e0 16h00 | Sur appel 24 heures sur 24<\/p>\n<\/div>\n\n              <p class=\"large-body-copy\"><strong>Questions ou prise de rendez-vous :<\/strong><\/p>\n        <a href=\"tel:7189606280\" class=\"phone-cta color-blue\">(718) 960-6280<\/a>\n      \n      <br>\n\n              <a href=\"https:\/\/maps.app.goo.gl\/6yrpKvynZX7HvfWN6\" class=\"btn btn--white google-maps-cta\">Voir sur Google Maps<\/a>     \n      \n      \n          <\/div>\n  <\/div>\n<\/section>","protected":false},"excerpt":{"rendered":"","protected":false},"author":3,"featured_media":0,"parent":0,"menu_order":0,"comment_status":"closed","ping_status":"closed","template":"","meta":{"_acf_changed":false,"_eb_attr":"","_price":"","_stock":"","_tribe_ticket_header":"","_tribe_default_ticket_provider":"","_tribe_ticket_capacity":"0","_ticket_start_date":"","_ticket_end_date":"","_tribe_ticket_show_description":"","_tribe_ticket_show_not_going":false,"_tribe_ticket_use_global_stock":"","_tribe_ticket_global_stock_level":"","_global_stock_mode":"","_global_stock_cap":"","_tribe_rsvp_for_event":"","_tribe_ticket_going_count":"","_tribe_ticket_not_going_count":"","_tribe_tickets_list":"[]","_tribe_ticket_has_attendee_info_fields":false,"footnotes":""},"class_list":["post-2025","page","type-page","status-publish","hentry"],"acf":[],"yoast_head":"<!-- This site is optimized with the Yoast SEO plugin v26.5 - https:\/\/yoast.com\/wordpress\/plugins\/seo\/ -->\n<title>Spiritual Care - SBH Health System<\/title>\n<meta name=\"robots\" content=\"index, follow, max-snippet:-1, max-image-preview:large, max-video-preview:-1\" \/>\n<link rel=\"canonical\" href=\"https:\/\/www.sbhny.org\/fr\/spiritual-care\/\" \/>\n<meta property=\"og:locale\" content=\"fr_FR\" \/>\n<meta property=\"og:type\" content=\"article\" \/>\n<meta property=\"og:title\" content=\"Spiritual Care - SBH Health System\" \/>\n<meta property=\"og:url\" content=\"https:\/\/www.sbhny.org\/fr\/spiritual-care\/\" \/>\n<meta property=\"og:site_name\" content=\"SBH Health System\" \/>\n<meta property=\"article:publisher\" content=\"https:\/\/www.facebook.com\/SBHBronx\/\" \/>\n<meta property=\"article:modified_time\" content=\"2024-10-02T16:23:26+00:00\" \/>\n<meta name=\"twitter:card\" content=\"summary_large_image\" \/>\n<meta name=\"twitter:site\" content=\"@sbhbronx\" \/>\n<script type=\"application\/ld+json\" class=\"yoast-schema-graph\">{\"@context\":\"https:\/\/schema.org\",\"@graph\":[{\"@type\":\"WebPage\",\"@id\":\"https:\/\/www.sbhny.org\/spiritual-care\/\",\"url\":\"https:\/\/www.sbhny.org\/spiritual-care\/\",\"name\":\"Spiritual Care - SBH Health System\",\"isPartOf\":{\"@id\":\"https:\/\/www.sbhny.org\/#website\"},\"datePublished\":\"2024-05-14T15:14:25+00:00\",\"dateModified\":\"2024-10-02T16:23:26+00:00\",\"breadcrumb\":{\"@id\":\"https:\/\/www.sbhny.org\/spiritual-care\/#breadcrumb\"},\"inLanguage\":\"fr-FR\",\"potentialAction\":[{\"@type\":\"ReadAction\",\"target\":[\"https:\/\/www.sbhny.org\/spiritual-care\/\"]}]},{\"@type\":\"BreadcrumbList\",\"@id\":\"https:\/\/www.sbhny.org\/spiritual-care\/#breadcrumb\",\"itemListElement\":[{\"@type\":\"ListItem\",\"position\":1,\"name\":\"Home\",\"item\":\"https:\/\/www.sbhny.org\/\"},{\"@type\":\"ListItem\",\"position\":2,\"name\":\"Spiritual Care\"}]},{\"@type\":\"WebSite\",\"@id\":\"https:\/\/www.sbhny.org\/#website\",\"url\":\"https:\/\/www.sbhny.org\/\",\"name\":\"SBH Health System\",\"description\":\"\",\"potentialAction\":[{\"@type\":\"SearchAction\",\"target\":{\"@type\":\"EntryPoint\",\"urlTemplate\":\"https:\/\/www.sbhny.org\/?s={search_term_string}\"},\"query-input\":{\"@type\":\"PropertyValueSpecification\",\"valueRequired\":true,\"valueName\":\"search_term_string\"}}],\"inLanguage\":\"fr-FR\"}]}<\/script>\n<!-- \/ Yoast SEO plugin. -->","yoast_head_json":{"title":"Soins spirituels - SBH Health System","robots":{"index":"index","follow":"follow","max-snippet":"max-snippet:-1","max-image-preview":"max-image-preview:large","max-video-preview":"max-video-preview:-1"},"canonical":"https:\/\/www.sbhny.org\/fr\/spiritual-care\/","og_locale":"fr_FR","og_type":"article","og_title":"Spiritual Care - SBH Health System","og_url":"https:\/\/www.sbhny.org\/fr\/spiritual-care\/","og_site_name":"SBH Health System","article_publisher":"https:\/\/www.facebook.com\/SBHBronx\/","article_modified_time":"2024-10-02T16:23:26+00:00","twitter_card":"summary_large_image","twitter_site":"@sbhbronx","schema":{"@context":"https:\/\/schema.org","@graph":[{"@type":"WebPage","@id":"https:\/\/www.sbhny.org\/spiritual-care\/","url":"https:\/\/www.sbhny.org\/spiritual-care\/","name":"Soins spirituels - SBH Health System","isPartOf":{"@id":"https:\/\/www.sbhny.org\/#website"},"datePublished":"2024-05-14T15:14:25+00:00","dateModified":"2024-10-02T16:23:26+00:00","breadcrumb":{"@id":"https:\/\/www.sbhny.org\/spiritual-care\/#breadcrumb"},"inLanguage":"fr-FR","potentialAction":[{"@type":"ReadAction","target":["https:\/\/www.sbhny.org\/spiritual-care\/"]}]},{"@type":"BreadcrumbList","@id":"https:\/\/www.sbhny.org\/spiritual-care\/#breadcrumb","itemListElement":[{"@type":"ListItem","position":1,"name":"Home","item":"https:\/\/www.sbhny.org\/"},{"@type":"ListItem","position":2,"name":"Spiritual Care"}]},{"@type":"WebSite","@id":"https:\/\/www.sbhny.org\/#website","url":"https:\/\/www.sbhny.org\/","name":"Syst\u00e8me de sant\u00e9 SBH","description":"","potentialAction":[{"@type":"SearchAction","target":{"@type":"EntryPoint","urlTemplate":"https:\/\/www.sbhny.org\/?s={search_term_string}"},"query-input":{"@type":"PropertyValueSpecification","valueRequired":true,"valueName":"search_term_string"}}],"inLanguage":"fr-FR"}]}},"_links":{"self":[{"href":"https:\/\/www.sbhny.org\/fr\/wp-json\/wp\/v2\/pages\/2025","targetHints":{"allow":["GET"]}}],"collection":[{"href":"https:\/\/www.sbhny.org\/fr\/wp-json\/wp\/v2\/pages"}],"about":[{"href":"https:\/\/www.sbhny.org\/fr\/wp-json\/wp\/v2\/types\/page"}],"author":[{"embeddable":true,"href":"https:\/\/www.sbhny.org\/fr\/wp-json\/wp\/v2\/users\/3"}],"replies":[{"embeddable":true,"href":"https:\/\/www.sbhny.org\/fr\/wp-json\/wp\/v2\/comments?post=2025"}],"version-history":[{"count":0,"href":"https:\/\/www.sbhny.org\/fr\/wp-json\/wp\/v2\/pages\/2025\/revisions"}],"wp:attachment":[{"href":"https:\/\/www.sbhny.org\/fr\/wp-json\/wp\/v2\/media?parent=2025"}],"curies":[{"name":"wp","href":"https:\/\/api.w.org\/{rel}","templated":true}]}}