{"id":2281,"date":"2024-05-14T19:14:12","date_gmt":"2024-05-14T19:14:12","guid":{"rendered":"https:\/\/sbhny.wpenginepowered.com\/?page_id=2281"},"modified":"2024-10-01T16:27:38","modified_gmt":"2024-10-01T16:27:38","slug":"sbh-healthy-newsletter","status":"publish","type":"page","link":"https:\/\/www.sbhny.org\/fr\/sbh-healthy-newsletter\/","title":{"rendered":"Bulletin d&#039;information sur la sant\u00e9 de SBH"},"content":{"rendered":"<section class=\"image-twocol-hero background-image\">\n  <div class=\"max-width standard-spacing twocol-row\">\n\n          <div class=\"image-col twocol-col\" style=\"background-image: url('https:\/\/www.sbhny.org\/wp-content\/uploads\/2024\/09\/healthandwellness-r.jpg');\"><\/div>\n    \n\n    <div class=\"content-col twocol-col\">\n              <h1 class=\"main-heading\">Bulletin d&#039;information sur la sant\u00e9 de SBH<\/h1>\n            <div class=\"body-copy\">\n              <\/div>\n              <div class=\"cta-row\">\n                  <a href=\"\/fr\/sbh-healthy-newsletter-espanol\/\" target=\"\" class=\"btn\">Espagnol<\/a>\n        \n                <\/div>        \n      \n        \n      \n          <\/div>\n  <\/div>\n<\/section>\n\n\n<section class=\"alternating-content-image-rows first white\">\n\n  \n          <div class=\"standard-spacing no-side-spacing no-bottom-spacing content-image-block not-reversed\">\n            <div class=\"content-image-row\">\n              <div class=\"content-side\">\n  \n                <!-- Display icon if there is one -->\n                  \n                <!-- Display heading if there is one -->\n                <!-- If there is intro copy, display h3 -->\n                <!-- If there is no intro copy, display h2 -->\n                                  <h2 class=\"small-heading\">Des objectifs de remise en forme pour une meilleure sant\u00e9<\/h2>\n                                  \n                <!-- Display body copy if there is body copy -->\n                                  <div class=\"body-copy\"><p>Manger sainement et faire de l'exercice est un \u00e9l\u00e9ment important d'un mode de vie sain, mais vous ne savez pas par o\u00f9 commencer. S'inscrire dans un centre de remise en forme est un premier pas important vers un mode de vie plus sain, et trouver celui qui vous convient est tout aussi important.<\/p>\n<p>Notre programme d'entra\u00eenement personnel est assur\u00e9 par certains des professionnels les mieux form\u00e9s de New York. Les s\u00e9ances d'entra\u00eenement sont personnalis\u00e9es et adapt\u00e9es pour vous aider \u00e0 atteindre vos objectifs.<\/p>\n<\/div>\n                  \n                                \n                                  <a href=\"\/fr\/fitness-goals-for-an-healthier-you\/\" class=\"btn standard\">En savoir plus<\/a>\n                \n                \n                  \n              <\/div>\n              \n              <!-- Display main image if there is an image -->\n                            <div class=\"image-side\" style=\"background-image: url('https:\/\/www.sbhny.org\/wp-content\/uploads\/2024\/09\/healthplex-r2.jpg');\"><\/div>\n                \n            <\/div>\n          <\/div>\n  \n          \n          <div class=\"standard-spacing no-side-spacing no-bottom-spacing content-image-block not-reversed\">\n            <div class=\"content-image-row\">\n              <div class=\"content-side\">\n  \n                <!-- Display icon if there is one -->\n                  \n                <!-- Display heading if there is one -->\n                <!-- If there is intro copy, display h3 -->\n                <!-- If there is no intro copy, display h2 -->\n                                  <h2 class=\"small-heading\">Rester en bonne sant\u00e9 en mangeant sainement<\/h2>\n                                  \n                <!-- Display body copy if there is body copy -->\n                                  <div class=\"body-copy\"><p>Manger sainement peut s'av\u00e9rer difficile avec un emploi du temps charg\u00e9 et un budget serr\u00e9. C'est pourquoi notre mission est de vous fournir les comp\u00e9tences n\u00e9cessaires pour cuisiner et manger plus sainement.<\/p>\n<p>Les cours ne co\u00fbtent que $5\/personne et sont dispens\u00e9s en anglais et en espagnol. Et le plus beau, c'est que vous pouvez ramener les restes du cours chez vous !<\/p>\n<\/div>\n                  \n                                \n                                  <a href=\"\/fr\/stay-healthy-by-eating-healthy\/\" class=\"btn standard\">En savoir plus<\/a>\n                \n                \n                  \n              <\/div>\n              \n              <!-- Display main image if there is an image -->\n                            <div class=\"image-side\" style=\"background-image: url('https:\/\/www.sbhny.org\/wp-content\/uploads\/2024\/09\/Teaching-Kitchen-r1.jpg');\"><\/div>\n                \n            <\/div>\n          <\/div>\n  \n          \n          <div class=\"standard-spacing no-side-spacing no-bottom-spacing content-image-block not-reversed\">\n            <div class=\"content-image-row\">\n              <div class=\"content-side\">\n  \n                <!-- Display icon if there is one -->\n                  \n                <!-- Display heading if there is one -->\n                <!-- If there is intro copy, display h3 -->\n                <!-- If there is no intro copy, display h2 -->\n                                  <h2 class=\"small-heading\">Les enfants du Bronx souffrent d'asthme. Un traitement adapt\u00e9 peut faire la diff\u00e9rence.<\/h2>\n                                  \n                <!-- Display body copy if there is body copy -->\n                                  <div class=\"body-copy\"><p>Non trait\u00e9, l'asthme p\u00e9diatrique peut amener les enfants \u00e0 manquer l'\u00e9cole, \u00e0 consulter plus souvent le m\u00e9decin, voire \u00e0 \u00eatre hospitalis\u00e9s. Il peut \u00e9galement provoquer des l\u00e9sions pulmonaires permanentes. <\/p>\n<p>L'asthme ne se gu\u00e9rit pas mais peut \u00eatre bien g\u00e9r\u00e9 gr\u00e2ce \u00e0 un traitement efficace.\u00a0<\/p>\n<\/div>\n                  \n                                \n                                  <a href=\"\/fr\/bronx-children-are-suffering-from-asthma-the-right-treatment-can-make-a-difference\/\" class=\"btn standard\">En savoir plus<\/a>\n                \n                \n                  \n              <\/div>\n              \n              <!-- Display main image if there is an image -->\n                            <div class=\"image-side\" style=\"background-image: url('https:\/\/www.sbhny.org\/wp-content\/uploads\/2024\/09\/Asthma-s-e1727707572818.jpg');\"><\/div>\n                \n            <\/div>\n          <\/div>\n  \n          \n          <div class=\"standard-spacing no-side-spacing no-bottom-spacing content-image-block not-reversed\">\n            <div class=\"content-image-row\">\n              <div class=\"content-side\">\n  \n                <!-- Display icon if there is one -->\n                  \n                <!-- Display heading if there is one -->\n                <!-- If there is intro copy, display h3 -->\n                <!-- If there is no intro copy, display h2 -->\n                                  <h2 class=\"small-heading\">La chirurgie bariatrique : une solution qui change la vie pour perdre du poids<\/h2>\n                                  \n                <!-- Display body copy if there is body copy -->\n                                  <div class=\"body-copy\"><p>Votre poids affecte-t-il votre sant\u00e9 mentale et physique au point que vous vous dites que trop c'est trop ?  Si vous avez r\u00e9pondu par l'affirmative, vous pourriez envisager une chirurgie bariatrique.<\/p>\n<p>Chez SBH Health, nous proposons un programme de chirurgie bariatrique pour vous aider \u00e0 obtenir les r\u00e9sultats que vous souhaitez avec le soutien professionnel dont vous avez besoin.<\/p>\n<\/div>\n                  \n                                \n                                  <a href=\"\/fr\/bariatric-surgery-a-life-changing-solution-for-weight-loss\/\" class=\"btn standard\">En savoir plus<\/a>\n                \n                \n                  \n              <\/div>\n              \n              <!-- Display main image if there is an image -->\n                            <div class=\"image-side\" style=\"background-image: url('https:\/\/www.sbhny.org\/wp-content\/uploads\/2024\/09\/Bariatric-sm.jpg');\"><\/div>\n                \n            <\/div>\n          <\/div>\n  \n          \n          <div class=\"standard-spacing no-side-spacing no-bottom-spacing content-image-block not-reversed\">\n            <div class=\"content-image-row\">\n              <div class=\"content-side\">\n  \n                <!-- Display icon if there is one -->\n                  \n                <!-- Display heading if there is one -->\n                <!-- If there is intro copy, display h3 -->\n                <!-- If there is no intro copy, display h2 -->\n                                  <h2 class=\"small-heading\">Choisir un h\u00f4pital pour votre accouchement<\/h2>\n                                  \n                <!-- Display body copy if there is body copy -->\n                                  <div class=\"body-copy\"><p>Lorsque vous attendez un enfant, vous pouvez avoir l'impression qu'il y a un million de choses \u00e0 faire avant l'arriv\u00e9e de votre b\u00e9b\u00e9. Qu'il s'agisse de prendre vos vitamines pr\u00e9natales, de vous renseigner sur l'accouchement, d'acheter une poussette ou de faire le plein de couches, la liste est longue et peut sembler \u00e9crasante. <\/p>\n<p>N'oubliez pas de choisir l'h\u00f4pital o\u00f9 vous allez accoucher. En fait, ce choix devrait figurer en t\u00eate de votre liste de t\u00e2ches importantes.<\/p>\n<\/div>\n                  \n                                \n                                  <a href=\"\/fr\/choosing-a-hospital-for-your-special-delivery\/\" class=\"btn standard\">En savoir plus<\/a>\n                \n                \n                  \n              <\/div>\n              \n              <!-- Display main image if there is an image -->\n                            <div class=\"image-side\" style=\"background-image: url('https:\/\/www.sbhny.org\/wp-content\/uploads\/2024\/09\/OB-s.jpg');\"><\/div>\n                \n            <\/div>\n          <\/div>\n  \n          \n          <div class=\"standard-spacing no-side-spacing no-bottom-spacing content-image-block not-reversed\">\n            <div class=\"content-image-row\">\n              <div class=\"content-side\">\n  \n                <!-- Display icon if there is one -->\n                  \n                <!-- Display heading if there is one -->\n                <!-- If there is intro copy, display h3 -->\n                <!-- If there is no intro copy, display h2 -->\n                                  <h2 class=\"small-heading\">Sant\u00e9 des seins : 4 pr\u00e9occupations et mythes courants<\/h2>\n                                  \n                <!-- Display body copy if there is body copy -->\n                                  <div class=\"body-copy\"><p>Le d\u00e9pistage annuel est crucial car les mammographies peuvent d\u00e9tecter de petites masses ou anomalies jusqu'\u00e0 trois ans avant que vous ne puissiez les sentir lors d'un auto-examen.<\/p>\n<\/div>\n                  \n                                \n                                  <a href=\"\/fr\/breast-health-4-common-concerns-and-myths\/\" class=\"btn standard\">En savoir plus<\/a>\n                \n                \n                  \n              <\/div>\n              \n              <!-- Display main image if there is an image -->\n                            <div class=\"image-side\" style=\"background-image: url('https:\/\/www.sbhny.org\/wp-content\/uploads\/2024\/09\/Breast-Health-s.jpg');\"><\/div>\n                \n            <\/div>\n          <\/div>\n  \n          \n          <div class=\"standard-spacing no-side-spacing no-bottom-spacing content-image-block not-reversed\">\n            <div class=\"content-image-row\">\n              <div class=\"content-side\">\n  \n                <!-- Display icon if there is one -->\n                  \n                <!-- Display heading if there is one -->\n                <!-- If there is intro copy, display h3 -->\n                <!-- If there is no intro copy, display h2 -->\n                                  <h2 class=\"small-heading\">Aidez votre enfant \u00e0 voir ce qu'il a de meilleur pour qu'il puisse apprendre ce qu'il a de meilleur.<\/h2>\n                                  \n                <!-- Display body copy if there is body copy -->\n                                  <div class=\"body-copy\"><p>Lorsque votre enfant est \u00e0 l'\u00e9cole, la qualit\u00e9 de son apprentissage d\u00e9pend de la qualit\u00e9 de sa vision. Les experts en ophtalmologie du SBH Health System peuvent r\u00e9pondre \u00e0 tous leurs besoins en mati\u00e8re de vision.<\/p>\n<\/div>\n                  \n                                \n                                  <a href=\"\/fr\/help-your-child-see-their-best-so-they-can-learn-their-best\/\" class=\"btn standard\">En savoir plus<\/a>\n                \n                \n                  \n              <\/div>\n              \n              <!-- Display main image if there is an image -->\n                            <div class=\"image-side\" style=\"background-image: url('https:\/\/www.sbhny.org\/wp-content\/uploads\/2024\/09\/Eye-Care-s.jpg');\"><\/div>\n                \n            <\/div>\n          <\/div>\n  \n          \n          <div class=\"standard-spacing no-side-spacing no-bottom-spacing content-image-block not-reversed\">\n            <div class=\"content-image-row\">\n              <div class=\"content-side\">\n  \n                <!-- Display icon if there is one -->\n                  \n                <!-- Display heading if there is one -->\n                <!-- If there is intro copy, display h3 -->\n                <!-- If there is no intro copy, display h2 -->\n                                  <h2 class=\"small-heading\">L'hypertension art\u00e9rielle : \u00cates-vous \u00e0 risque ?<\/h2>\n                                  \n                <!-- Display body copy if there is body copy -->\n                                  <div class=\"body-copy\"><p>L'hypertension art\u00e9rielle touche pr\u00e8s de 36% des habitants du Bronx. Voici ce qu'il faut savoir sur cette maladie dangereuse mais g\u00e9rable.<\/p>\n<\/div>\n                  \n                                \n                                  <a href=\"\/fr\/high-blood-pressure-are-you-at-risk\/\" class=\"btn standard\">En savoir plus<\/a>\n                \n                \n                  \n              <\/div>\n              \n              <!-- Display main image if there is an image -->\n                            <div class=\"image-side\" style=\"background-image: url('https:\/\/www.sbhny.org\/wp-content\/uploads\/2024\/09\/Hypertension-s-1.jpg');\"><\/div>\n                \n            <\/div>\n          <\/div>\n  \n          \n          <div class=\"standard-spacing no-side-spacing no-bottom-spacing content-image-block not-reversed\">\n            <div class=\"content-image-row\">\n              <div class=\"content-side\">\n  \n                <!-- Display icon if there is one -->\n                  \n                <!-- Display heading if there is one -->\n                <!-- If there is intro copy, display h3 -->\n                <!-- If there is no intro copy, display h2 -->\n                                  <h2 class=\"small-heading\">Ne vous laissez pas abattre par la grippe cet hiver<\/h2>\n                                  \n                <!-- Display body copy if there is body copy -->\n                                  <div class=\"body-copy\"><p>Il n'est jamais trop tard pour se prot\u00e9ger contre la grippe. D\u00e9couvrez pourquoi c'est important et comment le SBH Health System peut vous aider.<\/p>\n<\/div>\n                  \n                                \n                                  <a href=\"\/fr\/dont-let-the-flu-get-you-down-this-winter\/\" class=\"btn standard\">En savoir plus<\/a>\n                \n                \n                  \n              <\/div>\n              \n              <!-- Display main image if there is an image -->\n                            <div class=\"image-side\" style=\"background-image: url('https:\/\/www.sbhny.org\/wp-content\/uploads\/2024\/09\/Flu-picture-r.jpg');\"><\/div>\n                \n            <\/div>\n          <\/div>\n  \n          \n          <div class=\"standard-spacing no-side-spacing no-bottom-spacing content-image-block not-reversed\">\n            <div class=\"content-image-row\">\n              <div class=\"content-side\">\n  \n                <!-- Display icon if there is one -->\n                  \n                <!-- Display heading if there is one -->\n                <!-- If there is intro copy, display h3 -->\n                <!-- If there is no intro copy, display h2 -->\n                                  <h2 class=\"small-heading\">Apporter de petits changements pour rester en bonne sant\u00e9 tout au long de l'ann\u00e9e<\/h2>\n                                  \n                <!-- Display body copy if there is body copy -->\n                                  <div class=\"body-copy\"><p>Manger sainement ne doit pas \u00eatre difficile. Le SBH Center for Culinary and Teaching Kitchen peut vous aider \u00e0 apprendre \u00e0 pr\u00e9parer des repas faciles, savoureux, abordables et nutritifs.<\/p>\n<\/div>\n                  \n                                \n                                  <a href=\"\/fr\/make-small-changes-to-stay-healthy-all-year-long\/\" class=\"btn standard\">En savoir plus<\/a>\n                \n                \n                  \n              <\/div>\n              \n              <!-- Display main image if there is an image -->\n                            <div class=\"image-side\" style=\"background-image: url('https:\/\/www.sbhny.org\/wp-content\/uploads\/2024\/09\/healthy-living-r.jpg');\"><\/div>\n                \n            <\/div>\n          <\/div>\n  \n        \n\n\n\n<\/section>","protected":false},"excerpt":{"rendered":"","protected":false},"author":3,"featured_media":0,"parent":0,"menu_order":0,"comment_status":"closed","ping_status":"closed","template":"","meta":{"_acf_changed":false,"_eb_attr":"","_price":"","_stock":"","_tribe_ticket_header":"","_tribe_default_ticket_provider":"","_tribe_ticket_capacity":"0","_ticket_start_date":"","_ticket_end_date":"","_tribe_ticket_show_description":"","_tribe_ticket_show_not_going":false,"_tribe_ticket_use_global_stock":"","_tribe_ticket_global_stock_level":"","_global_stock_mode":"","_global_stock_cap":"","_tribe_rsvp_for_event":"","_tribe_ticket_going_count":"","_tribe_ticket_not_going_count":"","_tribe_tickets_list":"[]","_tribe_ticket_has_attendee_info_fields":false,"footnotes":""},"class_list":["post-2281","page","type-page","status-publish","hentry"],"acf":[],"yoast_head":"<!-- This site is optimized with the Yoast SEO plugin v26.5 - https:\/\/yoast.com\/wordpress\/plugins\/seo\/ -->\n<title>SBH Healthy Newsletter - SBH Health System<\/title>\n<meta name=\"robots\" content=\"index, follow, max-snippet:-1, max-image-preview:large, max-video-preview:-1\" \/>\n<link rel=\"canonical\" href=\"https:\/\/www.sbhny.org\/fr\/sbh-healthy-newsletter\/\" \/>\n<meta property=\"og:locale\" content=\"fr_FR\" \/>\n<meta property=\"og:type\" content=\"article\" \/>\n<meta property=\"og:title\" content=\"SBH Healthy Newsletter - SBH Health System\" \/>\n<meta property=\"og:url\" content=\"https:\/\/www.sbhny.org\/fr\/sbh-healthy-newsletter\/\" \/>\n<meta property=\"og:site_name\" content=\"SBH Health System\" \/>\n<meta property=\"article:publisher\" content=\"https:\/\/www.facebook.com\/SBHBronx\/\" \/>\n<meta property=\"article:modified_time\" content=\"2024-10-01T16:27:38+00:00\" \/>\n<meta name=\"twitter:card\" content=\"summary_large_image\" \/>\n<meta name=\"twitter:site\" content=\"@sbhbronx\" \/>\n<script type=\"application\/ld+json\" class=\"yoast-schema-graph\">{\"@context\":\"https:\/\/schema.org\",\"@graph\":[{\"@type\":\"WebPage\",\"@id\":\"https:\/\/www.sbhny.org\/sbh-healthy-newsletter\/\",\"url\":\"https:\/\/www.sbhny.org\/sbh-healthy-newsletter\/\",\"name\":\"SBH Healthy Newsletter - SBH Health System\",\"isPartOf\":{\"@id\":\"https:\/\/www.sbhny.org\/#website\"},\"datePublished\":\"2024-05-14T19:14:12+00:00\",\"dateModified\":\"2024-10-01T16:27:38+00:00\",\"breadcrumb\":{\"@id\":\"https:\/\/www.sbhny.org\/sbh-healthy-newsletter\/#breadcrumb\"},\"inLanguage\":\"fr-FR\",\"potentialAction\":[{\"@type\":\"ReadAction\",\"target\":[\"https:\/\/www.sbhny.org\/sbh-healthy-newsletter\/\"]}]},{\"@type\":\"BreadcrumbList\",\"@id\":\"https:\/\/www.sbhny.org\/sbh-healthy-newsletter\/#breadcrumb\",\"itemListElement\":[{\"@type\":\"ListItem\",\"position\":1,\"name\":\"Home\",\"item\":\"https:\/\/www.sbhny.org\/\"},{\"@type\":\"ListItem\",\"position\":2,\"name\":\"SBH Healthy Newsletter\"}]},{\"@type\":\"WebSite\",\"@id\":\"https:\/\/www.sbhny.org\/#website\",\"url\":\"https:\/\/www.sbhny.org\/\",\"name\":\"SBH Health System\",\"description\":\"\",\"potentialAction\":[{\"@type\":\"SearchAction\",\"target\":{\"@type\":\"EntryPoint\",\"urlTemplate\":\"https:\/\/www.sbhny.org\/?s={search_term_string}\"},\"query-input\":{\"@type\":\"PropertyValueSpecification\",\"valueRequired\":true,\"valueName\":\"search_term_string\"}}],\"inLanguage\":\"fr-FR\"}]}<\/script>\n<!-- \/ Yoast SEO plugin. -->","yoast_head_json":{"title":"SBH Healthy Newsletter - SBH Health System","robots":{"index":"index","follow":"follow","max-snippet":"max-snippet:-1","max-image-preview":"max-image-preview:large","max-video-preview":"max-video-preview:-1"},"canonical":"https:\/\/www.sbhny.org\/fr\/sbh-healthy-newsletter\/","og_locale":"fr_FR","og_type":"article","og_title":"SBH Healthy Newsletter - SBH Health System","og_url":"https:\/\/www.sbhny.org\/fr\/sbh-healthy-newsletter\/","og_site_name":"SBH Health System","article_publisher":"https:\/\/www.facebook.com\/SBHBronx\/","article_modified_time":"2024-10-01T16:27:38+00:00","twitter_card":"summary_large_image","twitter_site":"@sbhbronx","schema":{"@context":"https:\/\/schema.org","@graph":[{"@type":"WebPage","@id":"https:\/\/www.sbhny.org\/sbh-healthy-newsletter\/","url":"https:\/\/www.sbhny.org\/sbh-healthy-newsletter\/","name":"SBH Healthy Newsletter - SBH Health System","isPartOf":{"@id":"https:\/\/www.sbhny.org\/#website"},"datePublished":"2024-05-14T19:14:12+00:00","dateModified":"2024-10-01T16:27:38+00:00","breadcrumb":{"@id":"https:\/\/www.sbhny.org\/sbh-healthy-newsletter\/#breadcrumb"},"inLanguage":"fr-FR","potentialAction":[{"@type":"ReadAction","target":["https:\/\/www.sbhny.org\/sbh-healthy-newsletter\/"]}]},{"@type":"BreadcrumbList","@id":"https:\/\/www.sbhny.org\/sbh-healthy-newsletter\/#breadcrumb","itemListElement":[{"@type":"ListItem","position":1,"name":"Home","item":"https:\/\/www.sbhny.org\/"},{"@type":"ListItem","position":2,"name":"SBH Healthy Newsletter"}]},{"@type":"WebSite","@id":"https:\/\/www.sbhny.org\/#website","url":"https:\/\/www.sbhny.org\/","name":"Syst\u00e8me de sant\u00e9 SBH","description":"","potentialAction":[{"@type":"SearchAction","target":{"@type":"EntryPoint","urlTemplate":"https:\/\/www.sbhny.org\/?s={search_term_string}"},"query-input":{"@type":"PropertyValueSpecification","valueRequired":true,"valueName":"search_term_string"}}],"inLanguage":"fr-FR"}]}},"_links":{"self":[{"href":"https:\/\/www.sbhny.org\/fr\/wp-json\/wp\/v2\/pages\/2281","targetHints":{"allow":["GET"]}}],"collection":[{"href":"https:\/\/www.sbhny.org\/fr\/wp-json\/wp\/v2\/pages"}],"about":[{"href":"https:\/\/www.sbhny.org\/fr\/wp-json\/wp\/v2\/types\/page"}],"author":[{"embeddable":true,"href":"https:\/\/www.sbhny.org\/fr\/wp-json\/wp\/v2\/users\/3"}],"replies":[{"embeddable":true,"href":"https:\/\/www.sbhny.org\/fr\/wp-json\/wp\/v2\/comments?post=2281"}],"version-history":[{"count":0,"href":"https:\/\/www.sbhny.org\/fr\/wp-json\/wp\/v2\/pages\/2281\/revisions"}],"wp:attachment":[{"href":"https:\/\/www.sbhny.org\/fr\/wp-json\/wp\/v2\/media?parent=2281"}],"curies":[{"name":"wp","href":"https:\/\/api.w.org\/{rel}","templated":true}]}}