{"id":2286,"date":"2024-05-14T19:19:36","date_gmt":"2024-05-14T19:19:36","guid":{"rendered":"https:\/\/sbhny.wpenginepowered.com\/?page_id=2286"},"modified":"2025-11-26T15:59:52","modified_gmt":"2025-11-26T15:59:52","slug":"compliance","status":"publish","type":"page","link":"https:\/\/www.sbhny.org\/fr\/compliance\/","title":{"rendered":"Conformit\u00e9"},"content":{"rendered":"<section class=\"image-twocol-hero background-image\">\n  <div class=\"max-width standard-spacing twocol-row\">\n\n          <div class=\"image-col twocol-col\" style=\"background-image: url('https:\/\/www.sbhny.org\/wp-content\/uploads\/2024\/09\/shutterstock_1974789425.jpg');\"><\/div>\n    \n\n    <div class=\"content-col twocol-col\">\n              <h1 class=\"main-heading\">Conformit\u00e9<\/h1>\n            <div class=\"body-copy\">\n        <p>Notre organisation s'engage non seulement \u00e0 fournir aux patients des services m\u00e9dicaux de haute qualit\u00e9 et attentionn\u00e9s, mais aussi \u00e0 fournir ces services conform\u00e9ment aux normes \u00e9thiques, commerciales et juridiques les plus \u00e9lev\u00e9es. Ces normes \u00e9lev\u00e9es doivent s'appliquer \u00e0 nos interactions avec toutes les personnes avec lesquelles nous traitons. Cela inclut nos patients, les autres prestataires de soins de sant\u00e9, les entreprises avec lesquelles nous faisons affaire, les entit\u00e9s gouvernementales auxquelles nous rendons des comptes, et les entit\u00e9s publiques et priv\u00e9es aupr\u00e8s desquelles nous demandons et recevons le remboursement de nos services. \u00c0 cet \u00e9gard, l'ensemble du personnel doit non seulement agir dans le respect de toutes les r\u00e8gles et r\u00e9glementations juridiques applicables, mais aussi s'efforcer d'\u00e9viter ne serait-ce que l'apparence d'irr\u00e9gularit\u00e9.<\/p>\n      <\/div>\n              <div class=\"cta-row\">\n                  <a href=\"https:\/\/secure.ethicspoint.com\/domain\/media\/en\/gui\/42917\/index.html\" target=\"\" class=\"btn\">Rapport en ligne<\/a>\n        \n                  <a href=\"mailto:compliance@sbhny.org\" target=\"\" class=\"btn btn--white\">Courriel<\/a>\n                <\/div>        \n      \n        \n      \n          <\/div>\n  <\/div>\n<\/section>\n\n<section class=\"text-block white-background\">\n  <div class=\"small-max-width standard-spacing body-copy\">\n    <p>En bref, nous ne tol\u00e9rons et ne tol\u00e9rerons aucune forme de comportement ill\u00e9gal ou contraire \u00e0 l'\u00e9thique de la part de quiconque est associ\u00e9 \u00e0 cette organisation. Nous attendons et exigeons de tous les membres du personnel qu'ils soient respectueux de la loi, honn\u00eates, dignes de confiance et \u00e9quitables dans toutes leurs relations professionnelles. Afin de r\u00e9pondre \u00e0 ces attentes, le programme de conformit\u00e9 fait d\u00e9sormais partie int\u00e9grante de notre mission et de nos activit\u00e9s commerciales.<\/p>\n<p>Le responsable de la conformit\u00e9 rend compte directement au directeur g\u00e9n\u00e9ral de l'organisation et au conseil d'administration. Vous pouvez faire part de vos pr\u00e9occupations, plaintes ou questions directement par l'interm\u00e9diaire de la ligne d'assistance pour le respect des r\u00e8gles en appelant le 844-239-0567 ou en envoyant un courrier \u00e9lectronique \u00e0 l'adresse suivante\u00a0<a href=\"mailto:compliance@sbhny.org\">compliance@sbhny.org<\/a>ou faire un rapport en ligne \u00e0 l'adresse suivante <a href=\"https:\/\/secure.ethicspoint.com\/domain\/media\/en\/gui\/42917\/index.html\">ethicspoint.com<\/a>. Nous avons une politique stricte de non-r\u00e9torsion.<\/p>\n<p><a href=\"\">Diana Almanzar<\/a><br \/>\nVice-pr\u00e9sident, responsable de la conformit\u00e9 et de l'HIPAA<\/p>\n  <\/div>\n<\/section>","protected":false},"excerpt":{"rendered":"","protected":false},"author":3,"featured_media":0,"parent":0,"menu_order":0,"comment_status":"closed","ping_status":"closed","template":"","meta":{"_acf_changed":true,"_eb_attr":"","_price":"","_stock":"","_tribe_ticket_header":"","_tribe_default_ticket_provider":"","_tribe_ticket_capacity":"0","_ticket_start_date":"","_ticket_end_date":"","_tribe_ticket_show_description":"","_tribe_ticket_show_not_going":false,"_tribe_ticket_use_global_stock":"","_tribe_ticket_global_stock_level":"","_global_stock_mode":"","_global_stock_cap":"","_tribe_rsvp_for_event":"","_tribe_ticket_going_count":"","_tribe_ticket_not_going_count":"","_tribe_tickets_list":"[]","_tribe_ticket_has_attendee_info_fields":false,"footnotes":""},"class_list":["post-2286","page","type-page","status-publish","hentry"],"acf":[],"yoast_head":"<!-- This site is optimized with the Yoast SEO plugin v27.4 - https:\/\/yoast.com\/product\/yoast-seo-wordpress\/ -->\n<title>Compliance - SBH Health System<\/title>\n<meta name=\"robots\" content=\"index, follow, max-snippet:-1, max-image-preview:large, max-video-preview:-1\" \/>\n<link rel=\"canonical\" href=\"https:\/\/www.sbhny.org\/fr\/compliance\/\" \/>\n<meta property=\"og:locale\" content=\"fr_FR\" \/>\n<meta property=\"og:type\" content=\"article\" \/>\n<meta property=\"og:title\" content=\"Compliance - SBH Health System\" \/>\n<meta property=\"og:url\" content=\"https:\/\/www.sbhny.org\/fr\/compliance\/\" \/>\n<meta property=\"og:site_name\" content=\"SBH Health System\" \/>\n<meta property=\"article:publisher\" content=\"https:\/\/www.facebook.com\/SBHBronx\/\" \/>\n<meta property=\"article:modified_time\" content=\"2025-11-26T15:59:52+00:00\" \/>\n<meta name=\"twitter:card\" content=\"summary_large_image\" \/>\n<meta name=\"twitter:site\" content=\"@sbhbronx\" \/>\n<script type=\"application\/ld+json\" class=\"yoast-schema-graph\">{\"@context\":\"https:\\\/\\\/schema.org\",\"@graph\":[{\"@type\":\"WebPage\",\"@id\":\"https:\\\/\\\/www.sbhny.org\\\/compliance\\\/\",\"url\":\"https:\\\/\\\/www.sbhny.org\\\/compliance\\\/\",\"name\":\"Compliance - SBH Health System\",\"isPartOf\":{\"@id\":\"https:\\\/\\\/www.sbhny.org\\\/#website\"},\"datePublished\":\"2024-05-14T19:19:36+00:00\",\"dateModified\":\"2025-11-26T15:59:52+00:00\",\"breadcrumb\":{\"@id\":\"https:\\\/\\\/www.sbhny.org\\\/compliance\\\/#breadcrumb\"},\"inLanguage\":\"fr-FR\",\"potentialAction\":[{\"@type\":\"ReadAction\",\"target\":[\"https:\\\/\\\/www.sbhny.org\\\/compliance\\\/\"]}]},{\"@type\":\"BreadcrumbList\",\"@id\":\"https:\\\/\\\/www.sbhny.org\\\/compliance\\\/#breadcrumb\",\"itemListElement\":[{\"@type\":\"ListItem\",\"position\":1,\"name\":\"Home\",\"item\":\"https:\\\/\\\/www.sbhny.org\\\/\"},{\"@type\":\"ListItem\",\"position\":2,\"name\":\"Compliance\"}]},{\"@type\":\"WebSite\",\"@id\":\"https:\\\/\\\/www.sbhny.org\\\/#website\",\"url\":\"https:\\\/\\\/www.sbhny.org\\\/\",\"name\":\"SBH Health System\",\"description\":\"\",\"potentialAction\":[{\"@type\":\"SearchAction\",\"target\":{\"@type\":\"EntryPoint\",\"urlTemplate\":\"https:\\\/\\\/www.sbhny.org\\\/?s={search_term_string}\"},\"query-input\":{\"@type\":\"PropertyValueSpecification\",\"valueRequired\":true,\"valueName\":\"search_term_string\"}}],\"inLanguage\":\"fr-FR\"}]}<\/script>\n<!-- \/ Yoast SEO plugin. -->","yoast_head_json":{"title":"Compliance - SBH Health System","robots":{"index":"index","follow":"follow","max-snippet":"max-snippet:-1","max-image-preview":"max-image-preview:large","max-video-preview":"max-video-preview:-1"},"canonical":"https:\/\/www.sbhny.org\/fr\/compliance\/","og_locale":"fr_FR","og_type":"article","og_title":"Compliance - SBH Health System","og_url":"https:\/\/www.sbhny.org\/fr\/compliance\/","og_site_name":"SBH Health System","article_publisher":"https:\/\/www.facebook.com\/SBHBronx\/","article_modified_time":"2025-11-26T15:59:52+00:00","twitter_card":"summary_large_image","twitter_site":"@sbhbronx","schema":{"@context":"https:\/\/schema.org","@graph":[{"@type":"WebPage","@id":"https:\/\/www.sbhny.org\/compliance\/","url":"https:\/\/www.sbhny.org\/compliance\/","name":"Compliance - SBH Health System","isPartOf":{"@id":"https:\/\/www.sbhny.org\/#website"},"datePublished":"2024-05-14T19:19:36+00:00","dateModified":"2025-11-26T15:59:52+00:00","breadcrumb":{"@id":"https:\/\/www.sbhny.org\/compliance\/#breadcrumb"},"inLanguage":"fr-FR","potentialAction":[{"@type":"ReadAction","target":["https:\/\/www.sbhny.org\/compliance\/"]}]},{"@type":"BreadcrumbList","@id":"https:\/\/www.sbhny.org\/compliance\/#breadcrumb","itemListElement":[{"@type":"ListItem","position":1,"name":"Home","item":"https:\/\/www.sbhny.org\/"},{"@type":"ListItem","position":2,"name":"Compliance"}]},{"@type":"WebSite","@id":"https:\/\/www.sbhny.org\/#website","url":"https:\/\/www.sbhny.org\/","name":"Syst\u00e8me de sant\u00e9 SBH","description":"","potentialAction":[{"@type":"SearchAction","target":{"@type":"EntryPoint","urlTemplate":"https:\/\/www.sbhny.org\/?s={search_term_string}"},"query-input":{"@type":"PropertyValueSpecification","valueRequired":true,"valueName":"search_term_string"}}],"inLanguage":"fr-FR"}]}},"_links":{"self":[{"href":"https:\/\/www.sbhny.org\/fr\/wp-json\/wp\/v2\/pages\/2286","targetHints":{"allow":["GET"]}}],"collection":[{"href":"https:\/\/www.sbhny.org\/fr\/wp-json\/wp\/v2\/pages"}],"about":[{"href":"https:\/\/www.sbhny.org\/fr\/wp-json\/wp\/v2\/types\/page"}],"author":[{"embeddable":true,"href":"https:\/\/www.sbhny.org\/fr\/wp-json\/wp\/v2\/users\/3"}],"replies":[{"embeddable":true,"href":"https:\/\/www.sbhny.org\/fr\/wp-json\/wp\/v2\/comments?post=2286"}],"version-history":[{"count":0,"href":"https:\/\/www.sbhny.org\/fr\/wp-json\/wp\/v2\/pages\/2286\/revisions"}],"wp:attachment":[{"href":"https:\/\/www.sbhny.org\/fr\/wp-json\/wp\/v2\/media?parent=2286"}],"curies":[{"name":"wp","href":"https:\/\/api.w.org\/{rel}","templated":true}]}}