{"id":2287,"date":"2024-05-14T19:20:07","date_gmt":"2024-05-14T19:20:07","guid":{"rendered":"https:\/\/sbhny.wpenginepowered.com\/?page_id=2287"},"modified":"2024-09-23T18:11:47","modified_gmt":"2024-09-23T18:11:47","slug":"legal","status":"publish","type":"page","link":"https:\/\/www.sbhny.org\/fr\/legal\/","title":{"rendered":"L\u00e9gal"},"content":{"rendered":"<section class=\"image-twocol-hero background-image\">\n  <div class=\"max-width standard-spacing twocol-row\">\n\n          <div class=\"image-col twocol-col\" style=\"background-image: url('https:\/\/www.sbhny.org\/wp-content\/uploads\/2024\/09\/shutterstock_2492120329-scaled-e1727115100796.jpg');\"><\/div>\n    \n\n    <div class=\"content-col twocol-col\">\n              <h1 class=\"main-heading\">L\u00e9gal<\/h1>\n            <div class=\"body-copy\">\n        <p>Lisez attentivement ce qui suit. En utilisant ce site web, vous reconnaissez avoir pris connaissance des conditions suivantes concernant les informations qu'il contient et l'utilisation qui en est faite, et vous les acceptez.<\/p>\n      <\/div>\n      \n        \n      \n          <\/div>\n  <\/div>\n<\/section>\n\n<section class=\"text-block lightestgray-background\">\n  <div class=\"small-max-width standard-spacing body-copy\">\n    <h1 style=\"text-align:center\">Conditions g\u00e9n\u00e9rales d'utilisation<\/h1>\n<ol>\n<li>Les informations contenues sur ce site sont de nature g\u00e9n\u00e9rale et ne doivent pas se substituer \u00e0 une relation clinique ou th\u00e9rapeutique avec un professionnel de la sant\u00e9 connaissant parfaitement les sp\u00e9cificit\u00e9s de votre cas.  Les informations contenues dans ce site peuvent vous aider dans vos recherches personnelles et g\u00e9n\u00e9rales, mais aucune d'entre elles ne constitue un exercice de la m\u00e9decine ou de toute autre profession de sant\u00e9.  Barnabas ou l'un de ses m\u00e9decins ne cr\u00e9era pas, en soi, une relation m\u00e9decin\/patient avec nous, ni n'am\u00e8nera St. Barnabas \u00e0 cr\u00e9er ou \u00e0 conserver des dossiers m\u00e9dicaux vous concernant, \u00e0 suivre vos soins ou \u00e0 communiquer avec votre propre prestataire de soins de sant\u00e9.  Si vous pensez avoir un probl\u00e8me m\u00e9dical, ou si vous cherchez un conseil ou un traitement m\u00e9dical, nous vous recommandons de consulter un professionnel de la sant\u00e9 qualifi\u00e9 d\u00e8s que possible.<\/li>\n<li>Toutes les informations contenues sur ce site, y compris la r\u00e9ponse \u00e0 toute demande par courrier \u00e9lectronique, sont de nature g\u00e9n\u00e9rale et ne constituent en aucun cas des conseils m\u00e9dicaux ou des services professionnels.  Les informations contenues dans ce site ne doivent pas \u00eatre utilis\u00e9es pour diagnostiquer ou traiter un probl\u00e8me m\u00e9dical, ni \u00eatre utilis\u00e9es ou invoqu\u00e9es en lieu et place de services professionnels.  Si vous pensez souffrir d'un probl\u00e8me m\u00e9dical, ou si vous cherchez un conseil ou un traitement m\u00e9dical, nous vous recommandons de consulter un professionnel de la sant\u00e9 qualifi\u00e9 dans les plus brefs d\u00e9lais.<\/li>\n<li>Vous devez \u00eatre conscient des risques g\u00e9n\u00e9raux li\u00e9s \u00e0 la transmission d'informations sur l'internet, qui n'utilise g\u00e9n\u00e9ralement pas le cryptage.  Vous ne devez donc pas partager d'informations m\u00e9dicales personnelles que vous souhaiteriez voir rester confidentielles dans le cadre d'une relation m\u00e9decin\/patient ou d'une relation clinique similaire.<\/li>\n<li>Ce site peut inclure des liens vers d'autres sites web qui n'appartiennent pas \u00e0 St. Barnabas ou ne sont pas sous son contr\u00f4le. Les liens vers ces sites sont fournis uniquement pour votre commodit\u00e9 et vous y acc\u00e9dez \u00e0 vos propres risques. Barnab\u00e9 n'est pas responsable et ne fait aucune d\u00e9claration, garantie ou recommandation concernant l'utilit\u00e9, la disponibilit\u00e9 ou le contenu de ces sites web.  Barnab\u00e9 d\u00e9cline \u00e9galement toute responsabilit\u00e9 en ce qui concerne (a) votre utilisation de ces sites web et de toutes les informations ou services fournis ou obtenus par leur interm\u00e9diaire, ou (b) toute perte, utilisation ou mauvaise utilisation de toute information que vous pourriez fournir \u00e0 ces sites web.<\/li>\n<li>Barnabas ne fait aucune d\u00e9claration ni ne donne aucune garantie concernant les erreurs, les omissions, les retards ou autres d\u00e9fauts ou l'exactitude des informations fournies aux utilisateurs, ni ne garantit que ses fichiers sont exempts de virus, de vers, de chevaux de Troie ou d'autres codes comprenant ou manifestant des caract\u00e9ristiques contaminantes ou destructrices.<\/li>\n<li>Barnab\u00e9 d\u00e9cline express\u00e9ment toute responsabilit\u00e9 en cas de probl\u00e8mes techniques li\u00e9s au site, y compris en cas d'indisponibilit\u00e9 temporaire ou de retard dans le temps de connexion.  En outre, St. Barnabas d\u00e9cline toute responsabilit\u00e9 en cas de piratage ill\u00e9gal du site ou d'actions de personnes qui obtiendraient un acc\u00e8s non autoris\u00e9 au site.<\/li>\n<li>Barnabas et ses administrateurs, dirigeants, employ\u00e9s et affili\u00e9s (collectivement, \" St. Barnabas \") ne garantissent pas l'exactitude ou l'exhaustivit\u00e9 du contenu de ce site Web et d\u00e9clinent sp\u00e9cifiquement, dans toute la mesure permise par la loi, toute garantie, expresse ou implicite, de quelque type ou nature que ce soit concernant ce contenu.  En outre, St. Barnabas ne sera pas responsable envers vous des dommages, r\u00e9clamations, demandes ou causes d'action, directs ou indirects, sp\u00e9ciaux, accessoires, cons\u00e9cutifs ou punitifs, r\u00e9sultant de votre utilisation de ce site web ou de toute information obtenue \u00e0 partir de celui-ci.<\/li>\n<li>Vous acceptez que les pr\u00e9sentes conditions g\u00e9n\u00e9rales prennent effet lors de votre premi\u00e8re utilisation du site web et qu'elles s'appliquent \u00e0 toutes les personnes qui acc\u00e8dent au site web \u00e0 partir de votre ordinateur.  Vous reconnaissez que vous \u00eates tenu de consulter r\u00e9guli\u00e8rement les pr\u00e9sentes conditions g\u00e9n\u00e9rales pour prendre connaissance des modifications \u00e9ventuelles et que vous acceptez d'\u00eatre li\u00e9 par ces modifications en continuant \u00e0 utiliser le site web.  Barnab\u00e9 a le droit de modifier le pr\u00e9sent accord \u00e0 tout moment, sans pr\u00e9avis, en apportant des changements aux conditions g\u00e9n\u00e9rales affich\u00e9es sur le site web.<\/li>\n<li>L'ensemble du site Web de l'h\u00f4pital St. Barnabas et son contenu sont la propri\u00e9t\u00e9 de l'h\u00f4pital St.  Barnabas Hospital, Third Avenue and 183rd Street, Bronx, New York 10457.  Barnabas Hospital, Third Avenue and 183rd Street, Bronx, New York 10457. Tous droits r\u00e9serv\u00e9s.<\/li>\n<li>Le SBH Health System s'engage \u00e0 rendre son site web utilisable par tous en respectant ou en d\u00e9passant les exigences des directives sur l'accessibilit\u00e9 du contenu web 2.0 niveau AA (WCAG 2.0 AA). Sachez que nos efforts sont continus, car notre fournisseur actuel de sites web met en \u0153uvre les am\u00e9liorations n\u00e9cessaires pour r\u00e9pondre aux directives WCAG 2.0 AA au fil du temps. Si vous avez besoin d'aide pour utiliser les processus contenus dans ce site, ou si vous avez des questions sp\u00e9cifiques ou des pr\u00e9occupations concernant l'accessibilit\u00e9 de ce site, veuillez nous contacter \u00e0 l'adresse i<a href=\"mailto:nfo@sbhny.org\">nfo@sbhny.org<\/a>. Si vous rencontrez un probl\u00e8me d'accessibilit\u00e9, n'oubliez pas de pr\u00e9ciser la page Web concern\u00e9e et nous ferons tous les efforts raisonnables pour rendre cette page accessible.<\/li>\n<\/ol>\n  <\/div>\n<\/section>  \n\n\n\n\n\nli {margin-bottom:7px;}","protected":false},"excerpt":{"rendered":"<p>li {margin-bottom:7px;}<\/p>","protected":false},"author":3,"featured_media":0,"parent":0,"menu_order":0,"comment_status":"closed","ping_status":"closed","template":"","meta":{"_acf_changed":true,"_eb_attr":"","_price":"","_stock":"","_tribe_ticket_header":"","_tribe_default_ticket_provider":"","_tribe_ticket_capacity":"0","_ticket_start_date":"","_ticket_end_date":"","_tribe_ticket_show_description":"","_tribe_ticket_show_not_going":false,"_tribe_ticket_use_global_stock":"","_tribe_ticket_global_stock_level":"","_global_stock_mode":"","_global_stock_cap":"","_tribe_rsvp_for_event":"","_tribe_ticket_going_count":"","_tribe_ticket_not_going_count":"","_tribe_tickets_list":"[]","_tribe_ticket_has_attendee_info_fields":false,"footnotes":""},"class_list":["post-2287","page","type-page","status-publish","hentry"],"acf":[],"yoast_head":"<!-- This site is optimized with the Yoast SEO plugin v26.5 - https:\/\/yoast.com\/wordpress\/plugins\/seo\/ -->\n<title>Legal - SBH Health System<\/title>\n<meta name=\"robots\" content=\"index, follow, max-snippet:-1, max-image-preview:large, max-video-preview:-1\" \/>\n<link rel=\"canonical\" href=\"https:\/\/www.sbhny.org\/fr\/legal\/\" \/>\n<meta property=\"og:locale\" content=\"fr_FR\" \/>\n<meta property=\"og:type\" content=\"article\" \/>\n<meta property=\"og:title\" content=\"Legal - SBH Health System\" \/>\n<meta property=\"og:description\" content=\"li {margin-bottom:7px;}\" \/>\n<meta property=\"og:url\" content=\"https:\/\/www.sbhny.org\/fr\/legal\/\" \/>\n<meta property=\"og:site_name\" content=\"SBH Health System\" \/>\n<meta property=\"article:publisher\" content=\"https:\/\/www.facebook.com\/SBHBronx\/\" \/>\n<meta property=\"article:modified_time\" content=\"2024-09-23T18:11:47+00:00\" \/>\n<meta name=\"twitter:card\" content=\"summary_large_image\" \/>\n<meta name=\"twitter:site\" content=\"@sbhbronx\" \/>\n<script type=\"application\/ld+json\" class=\"yoast-schema-graph\">{\"@context\":\"https:\/\/schema.org\",\"@graph\":[{\"@type\":\"WebPage\",\"@id\":\"https:\/\/www.sbhny.org\/legal\/\",\"url\":\"https:\/\/www.sbhny.org\/legal\/\",\"name\":\"Legal - SBH Health System\",\"isPartOf\":{\"@id\":\"https:\/\/www.sbhny.org\/#website\"},\"datePublished\":\"2024-05-14T19:20:07+00:00\",\"dateModified\":\"2024-09-23T18:11:47+00:00\",\"breadcrumb\":{\"@id\":\"https:\/\/www.sbhny.org\/legal\/#breadcrumb\"},\"inLanguage\":\"fr-FR\",\"potentialAction\":[{\"@type\":\"ReadAction\",\"target\":[\"https:\/\/www.sbhny.org\/legal\/\"]}]},{\"@type\":\"BreadcrumbList\",\"@id\":\"https:\/\/www.sbhny.org\/legal\/#breadcrumb\",\"itemListElement\":[{\"@type\":\"ListItem\",\"position\":1,\"name\":\"Home\",\"item\":\"https:\/\/www.sbhny.org\/\"},{\"@type\":\"ListItem\",\"position\":2,\"name\":\"Legal\"}]},{\"@type\":\"WebSite\",\"@id\":\"https:\/\/www.sbhny.org\/#website\",\"url\":\"https:\/\/www.sbhny.org\/\",\"name\":\"SBH Health System\",\"description\":\"\",\"potentialAction\":[{\"@type\":\"SearchAction\",\"target\":{\"@type\":\"EntryPoint\",\"urlTemplate\":\"https:\/\/www.sbhny.org\/?s={search_term_string}\"},\"query-input\":{\"@type\":\"PropertyValueSpecification\",\"valueRequired\":true,\"valueName\":\"search_term_string\"}}],\"inLanguage\":\"fr-FR\"}]}<\/script>\n<!-- \/ Yoast SEO plugin. -->","yoast_head_json":{"title":"Juridique - SBH Health System","robots":{"index":"index","follow":"follow","max-snippet":"max-snippet:-1","max-image-preview":"max-image-preview:large","max-video-preview":"max-video-preview:-1"},"canonical":"https:\/\/www.sbhny.org\/fr\/legal\/","og_locale":"fr_FR","og_type":"article","og_title":"Legal - SBH Health System","og_description":"li {margin-bottom:7px;}","og_url":"https:\/\/www.sbhny.org\/fr\/legal\/","og_site_name":"SBH Health System","article_publisher":"https:\/\/www.facebook.com\/SBHBronx\/","article_modified_time":"2024-09-23T18:11:47+00:00","twitter_card":"summary_large_image","twitter_site":"@sbhbronx","schema":{"@context":"https:\/\/schema.org","@graph":[{"@type":"WebPage","@id":"https:\/\/www.sbhny.org\/legal\/","url":"https:\/\/www.sbhny.org\/legal\/","name":"Juridique - SBH Health System","isPartOf":{"@id":"https:\/\/www.sbhny.org\/#website"},"datePublished":"2024-05-14T19:20:07+00:00","dateModified":"2024-09-23T18:11:47+00:00","breadcrumb":{"@id":"https:\/\/www.sbhny.org\/legal\/#breadcrumb"},"inLanguage":"fr-FR","potentialAction":[{"@type":"ReadAction","target":["https:\/\/www.sbhny.org\/legal\/"]}]},{"@type":"BreadcrumbList","@id":"https:\/\/www.sbhny.org\/legal\/#breadcrumb","itemListElement":[{"@type":"ListItem","position":1,"name":"Home","item":"https:\/\/www.sbhny.org\/"},{"@type":"ListItem","position":2,"name":"Legal"}]},{"@type":"WebSite","@id":"https:\/\/www.sbhny.org\/#website","url":"https:\/\/www.sbhny.org\/","name":"Syst\u00e8me de sant\u00e9 SBH","description":"","potentialAction":[{"@type":"SearchAction","target":{"@type":"EntryPoint","urlTemplate":"https:\/\/www.sbhny.org\/?s={search_term_string}"},"query-input":{"@type":"PropertyValueSpecification","valueRequired":true,"valueName":"search_term_string"}}],"inLanguage":"fr-FR"}]}},"_links":{"self":[{"href":"https:\/\/www.sbhny.org\/fr\/wp-json\/wp\/v2\/pages\/2287","targetHints":{"allow":["GET"]}}],"collection":[{"href":"https:\/\/www.sbhny.org\/fr\/wp-json\/wp\/v2\/pages"}],"about":[{"href":"https:\/\/www.sbhny.org\/fr\/wp-json\/wp\/v2\/types\/page"}],"author":[{"embeddable":true,"href":"https:\/\/www.sbhny.org\/fr\/wp-json\/wp\/v2\/users\/3"}],"replies":[{"embeddable":true,"href":"https:\/\/www.sbhny.org\/fr\/wp-json\/wp\/v2\/comments?post=2287"}],"version-history":[{"count":0,"href":"https:\/\/www.sbhny.org\/fr\/wp-json\/wp\/v2\/pages\/2287\/revisions"}],"wp:attachment":[{"href":"https:\/\/www.sbhny.org\/fr\/wp-json\/wp\/v2\/media?parent=2287"}],"curies":[{"name":"wp","href":"https:\/\/api.w.org\/{rel}","templated":true}]}}