{"id":2288,"date":"2024-05-14T19:20:36","date_gmt":"2024-05-14T19:20:36","guid":{"rendered":"https:\/\/sbhny.wpenginepowered.com\/?page_id=2288"},"modified":"2025-05-28T14:51:58","modified_gmt":"2025-05-28T14:51:58","slug":"hipaa","status":"publish","type":"page","link":"https:\/\/www.sbhny.org\/fr\/hipaa\/","title":{"rendered":"Loi HIPAA"},"content":{"rendered":"<section class=\"accordion-section\">\n  <div class=\"max-width standard-spacing\">\n        <h2 class=\"main-heading\">Loi HIPAA<\/h2>\n          <div class=\"body-copy\"><p>Cet avis commun d\u00e9crit comment les informations m\u00e9dicales vous concernant peuvent \u00eatre utilis\u00e9es et divulgu\u00e9es et comment vous pouvez avoir acc\u00e8s \u00e0 ces informations. Veuillez le lire attentivement.<\/p>\n<\/div>\n        \n    <div class=\"accordion-container\">\n\n    \n    <div class=\"accordion-card open\" itemscope=\"itemscope\" itemprop=\"mainEntity\" itemtype=\"https:\/\/schema.org\/Question\">\n      <div class=\"accordion-card-header\">\n        <button id=\"twocol_id_SBH-Terms-and-Conditions\" class=\"accordion-button large-body-copy\" aria-expanded=\"true\" aria-controls=\"twocol_SBH-Terms-and-Conditions\">Conditions g\u00e9n\u00e9rales du SBH<\/button>\n      <\/div>\n      <div class=\"accordion-card-content body-copy\" itemscope=\"itemscope\" itemprop=\"acceptedAnswer\" itemtype=\"https:\/\/schema.org\/Answer\" id=\"twocol_SBH-Terms-and-Conditions\" aria-labelledby=\"twocol_id_SBH-Terms-and-Conditions\" role=\"region\">\n        <p>Lorsque vous vous inscrivez pour recevoir des messages textuels de SBH, vous vous inscrivez pour recevoir des messages textuels li\u00e9s \u00e0 votre relation avec SBH et ses partenaires et affili\u00e9s, y compris des mises \u00e0 jour li\u00e9es \u00e0 vos visites, votre compte MyChart, votre code d'acc\u00e8s unique, des notifications de facturation, des rappels de prescription et la gestion des soins.<\/p>\n<p>Vous pouvez vous d\u00e9sabonner des messages SMS en envoyant STOP par SMS au code court correspondant. Votre demande de d\u00e9sabonnement donnera lieu \u00e0 un dernier message confirmant que vous avez \u00e9t\u00e9 d\u00e9sabonn\u00e9. Vous ne recevrez plus de messages SMS provenant du num\u00e9ro court dont vous vous \u00eates d\u00e9sabonn\u00e9. Si vous souhaitez vous r\u00e9inscrire, inscrivez-vous \u00e0 l'aide de MyChart ou envoyez HELP au code court pour obtenir des instructions.<\/p>\n<p>Si vous rencontrez des probl\u00e8mes avec le programme de messagerie, vous pouvez r\u00e9pondre avec le mot-cl\u00e9 HELP pour obtenir de l'aide, ou vous pouvez obtenir de l'aide directement au 718-960-3730.<\/p>\n<p>Les transporteurs ne sont pas responsables des messages retard\u00e9s ou non d\u00e9livr\u00e9s.<\/p>\n<p>Les tarifs des messages et des donn\u00e9es peuvent s'appliquer \u00e0 tous les messages que nous vous envoyons et que vous nous envoyez. La fr\u00e9quence des messages peut varier.<\/p>\n<p>Notre politique de protection de la vie priv\u00e9e est disponible \u00e0 l'adresse https:\/\/www.sbhny.org\/hipaa\/. Contactez-nous au 718-960-3730.<\/p>\n      <\/div>\n    <\/div>\n\n    \n    <div class=\"accordion-card open\" itemscope=\"itemscope\" itemprop=\"mainEntity\" itemtype=\"https:\/\/schema.org\/Question\">\n      <div class=\"accordion-card-header\">\n        <button id=\"twocol_id_Your-Rights\" class=\"accordion-button large-body-copy\" aria-expanded=\"true\" aria-controls=\"twocol_Your-Rights\">Vos droits<\/button>\n      <\/div>\n      <div class=\"accordion-card-content body-copy\" itemscope=\"itemscope\" itemprop=\"acceptedAnswer\" itemtype=\"https:\/\/schema.org\/Answer\" id=\"twocol_Your-Rights\" aria-labelledby=\"twocol_id_Your-Rights\" role=\"region\">\n        <p>Lorsqu'il s'agit de vos informations de sant\u00e9, vous avez certains droits. Cette section explique vos droits et certaines de nos responsabilit\u00e9s pour vous aider.<\/p>\n<p><strong>Obtenir une copie \u00e9lectronique ou papier de votre dossier m\u00e9dical<\/strong><br \/>\nVous pouvez demander \u00e0 consulter ou \u00e0 obtenir une copie \u00e9lectronique ou papier de votre dossier m\u00e9dical et des autres informations de sant\u00e9 que nous d\u00e9tenons \u00e0 votre sujet.  Vous pouvez demander ces informations en contactant le service des archives m\u00e9dicales au 718-960-6111\/6112. Nous vous fournirons une copie ou un r\u00e9sum\u00e9 de vos informations m\u00e9dicales, g\u00e9n\u00e9ralement dans les 30 jours suivant votre demande. Nous pouvons facturer des frais raisonnables, calcul\u00e9s en fonction des co\u00fbts.<\/p>\n<p><strong>Nous demander de corriger votre dossier m\u00e9dical<\/strong><br \/>\nVous pouvez nous demander de corriger les informations m\u00e9dicales vous concernant que vous jugez incorrectes ou incompl\u00e8tes. Vous pouvez demander cette correction en contactant le service des archives m\u00e9dicales au 718-960-6111\/6112. Il se peut que nous refusions votre demande, mais nous vous en donnerons la raison par \u00e9crit dans un d\u00e9lai de 60 jours.<\/p>\n<p><strong>Demander des communications confidentielles<\/strong><br \/>\nVous pouvez nous demander de vous contacter d'une mani\u00e8re sp\u00e9cifique (par exemple, par t\u00e9l\u00e9phone \u00e0 la maison ou au bureau) ou d'envoyer le courrier \u00e0 une adresse diff\u00e9rente. Nous r\u00e9pondrons \"oui\" \u00e0 toutes les demandes raisonnables.<\/p>\n<p><strong>Nous demander de limiter ce que nous utilisons ou partageons<\/strong><br \/>\nVous pouvez nous demander de ne pas utiliser ou partager certaines informations sur la sant\u00e9 \u00e0 des fins de traitement, de paiement ou de fonctionnement. Nous ne sommes pas tenus d'acc\u00e9der \u00e0 votre demande et nous pouvons refuser.<br \/>\n<br \/>\nSi vous payez l'int\u00e9gralit\u00e9 d'un service ou d'un article de sant\u00e9 de votre poche, vous pouvez nous demander de ne pas communiquer ces informations \u00e0 votre assureur. Nous r\u00e9pondrons par l'affirmative, \u00e0 moins qu'une loi ne nous oblige \u00e0 partager ces informations.<\/p>\n<p><strong>Obtenir une liste des personnes avec lesquelles nous avons partag\u00e9 des informations<\/strong><br \/>\nVous pouvez demander une liste (comptabilit\u00e9) des fois o\u00f9 nous avons partag\u00e9 vos informations de sant\u00e9 au cours des six ann\u00e9es pr\u00e9c\u00e9dant la date de votre demande, avec qui nous les avons partag\u00e9es et pourquoi.<br \/>\n<br \/>\nNous inclurons toutes les divulgations, \u00e0 l'exception de celles concernant le traitement, le paiement et les op\u00e9rations de soins de sant\u00e9, ainsi que certaines autres divulgations (telles que celles que vous nous avez demand\u00e9 de faire). Nous vous fournirons gratuitement un compte rendu par an, mais nous vous facturerons des frais raisonnables et bas\u00e9s sur les co\u00fbts si vous en demandez un autre dans les 12 mois.  Pour demander un compte rendu, vous pouvez contacter le service des archives m\u00e9dicales au 718-960-6111\/6112.<\/p>\n<p><strong>Obtenir une copie de cet avis de confidentialit\u00e9<\/strong><br \/>\nVous pouvez demander une copie papier de cet avis \u00e0 tout moment, m\u00eame si vous avez accept\u00e9 de recevoir l'avis par voie \u00e9lectronique. Nous vous fournirons une copie papier dans les plus brefs d\u00e9lais.<\/p>\n<p><strong>Choisissez quelqu'un pour agir en votre nom<\/strong><br \/>\nSi quelqu'un est votre tuteur l\u00e9gal, cette personne peut exercer vos droits et faire des choix concernant vos informations de sant\u00e9. Nous nous assurerons que cette personne dispose de cette autorit\u00e9 et qu'elle peut agir en votre nom avant de prendre toute mesure.<\/p>\n<p><strong>D\u00e9posez une plainte si vous estimez que vos droits sont viol\u00e9s<\/strong><br \/>\nSi vous estimez que nous avons viol\u00e9 vos droits, vous pouvez porter plainte en contactant le responsable de la protection de la vie priv\u00e9e de l'h\u00f4pital au 718-960-3389.<br \/>\n<br \/>\nVous pouvez d\u00e9poser une plainte aupr\u00e8s de la <strong>Bureau des droits civils du minist\u00e8re am\u00e9ricain de la sant\u00e9 et des services sociaux<\/strong> en envoyant une lettre \u00e0 <strong>200 Independence Avenue, S.W., Washington, D.C. 20201, en appelant le 1-877-696-6775<\/strong>ou en visitant <a href=\"http:\/\/www.hhs.gov\/ocr\/privacy\/hipaa\/complaints\/\">www.hhs.gov\/ocr\/privacy\/hipaa\/complaints\/<\/a>.<br \/>\n<br \/>\nNous n'exercerons pas de repr\u00e9sailles contre vous si vous d\u00e9posez une plainte.<\/p>\n      <\/div>\n    <\/div>\n\n    \n    <div class=\"accordion-card open\" itemscope=\"itemscope\" itemprop=\"mainEntity\" itemtype=\"https:\/\/schema.org\/Question\">\n      <div class=\"accordion-card-header\">\n        <button id=\"twocol_id_Your-Choices\" class=\"accordion-button large-body-copy\" aria-expanded=\"true\" aria-controls=\"twocol_Your-Choices\">Vos choix<\/button>\n      <\/div>\n      <div class=\"accordion-card-content body-copy\" itemscope=\"itemscope\" itemprop=\"acceptedAnswer\" itemtype=\"https:\/\/schema.org\/Answer\" id=\"twocol_Your-Choices\" aria-labelledby=\"twocol_id_Your-Choices\" role=\"region\">\n        <p>Pour certaines informations relatives \u00e0 la sant\u00e9, vous pouvez nous faire part de vos choix quant \u00e0 la mani\u00e8re dont nous les partageons. Si vous avez une pr\u00e9f\u00e9rence claire sur la mani\u00e8re dont nous partageons vos informations dans les situations d\u00e9crites ci-dessous, n'h\u00e9sitez pas \u00e0 nous en parler. Dans ces cas, vous avez \u00e0 la fois le droit et le choix de nous dire de.. :<\/p>\n<ul>\n<li>Partagez les informations avec votre famille, vos amis proches ou d'autres personnes impliqu\u00e9es dans vos soins.<\/li>\n<li>Partager des informations en cas de catastrophe<\/li>\n<li>Faire figurer vos coordonn\u00e9es dans un annuaire d'h\u00f4pital<\/li>\n<\/ul>\n<p>Si vous n'\u00eates pas en mesure de nous faire part de votre pr\u00e9f\u00e9rence, par exemple si vous \u00eates inconscient, nous pouvons continuer \u00e0 partager vos informations si nous pensons que c'est dans votre int\u00e9r\u00eat. Nous pouvons \u00e9galement partager vos informations si cela est n\u00e9cessaire pour r\u00e9duire une menace grave et imminente pour la sant\u00e9 ou la s\u00e9curit\u00e9.<\/p>\n<p>Dans ces cas, nous ne partageons jamais vos informations, sauf si vous nous en donnez l'autorisation \u00e9crite :<\/p>\n<ul>\n<li>Objectifs de marketing<\/li>\n<li>Vente de vos informations<\/li>\n<li>La plupart des notes de psychoth\u00e9rapie sont partag\u00e9es<\/li>\n<\/ul>\n<p><code><\/code><br \/>\nDans le cas de la collecte de fonds :<\/p>\n<ul>\n<li>Nous pouvons vous contacter dans le cadre d'actions de collecte de fonds, mais vous pouvez nous demander de ne plus vous contacter.<\/li>\n<\/ul>\n      <\/div>\n    <\/div>\n\n    \n    <div class=\"accordion-card open\" itemscope=\"itemscope\" itemprop=\"mainEntity\" itemtype=\"https:\/\/schema.org\/Question\">\n      <div class=\"accordion-card-header\">\n        <button id=\"twocol_id_Our-Uses-and-Disclosures\" class=\"accordion-button large-body-copy\" aria-expanded=\"true\" aria-controls=\"twocol_Our-Uses-and-Disclosures\">Nos utilisations et divulgations<\/button>\n      <\/div>\n      <div class=\"accordion-card-content body-copy\" itemscope=\"itemscope\" itemprop=\"acceptedAnswer\" itemtype=\"https:\/\/schema.org\/Answer\" id=\"twocol_Our-Uses-and-Disclosures\" aria-labelledby=\"twocol_id_Our-Uses-and-Disclosures\" role=\"region\">\n        <p>Comment utilisons-nous ou partageons-nous g\u00e9n\u00e9ralement vos informations de sant\u00e9 ?<br \/>\nNous utilisons ou partageons g\u00e9n\u00e9ralement les informations relatives \u00e0 votre sant\u00e9 de la mani\u00e8re suivante.<\/p>\n<p><strong>Traiter<\/strong><br \/>\nNous pouvons utiliser vos informations de sant\u00e9 et les partager avec d'autres professionnels qui vous traitent.<br \/>\n<em>Exemple : Un m\u00e9decin qui vous soigne pour une blessure interroge un autre m\u00e9decin sur votre \u00e9tat de sant\u00e9 g\u00e9n\u00e9ral.<\/em><\/p>\n<p><strong>Diriger notre organisation<\/strong><br \/>\nNous pouvons utiliser et partager les informations relatives \u00e0 votre sant\u00e9 pour g\u00e9rer l'h\u00f4pital, am\u00e9liorer vos soins et vous contacter si n\u00e9cessaire.<br \/>\n<em>Exemple : Nous utilisons des informations sur votre sant\u00e9 pour former notre personnel.<\/em><\/p>\n<p><strong>Facturer vos services<\/strong><br \/>\nNous pouvons utiliser et partager vos informations de sant\u00e9 pour facturer et obtenir des paiements de la part de r\u00e9gimes de sant\u00e9 ou d'autres entit\u00e9s.<br \/>\n<em>Exemple : Nous transmettons des informations vous concernant \u00e0 votre r\u00e9gime d'assurance maladie afin qu'il puisse payer vos services.<\/em><\/p>\n<p><strong>Comment pouvons-nous utiliser ou partager vos informations de sant\u00e9 ?<\/strong><br \/>\nNous sommes autoris\u00e9s ou oblig\u00e9s de partager vos informations d'autres mani\u00e8res - g\u00e9n\u00e9ralement pour contribuer au bien public, comme la sant\u00e9 publique et la recherche. Nous devons remplir de nombreuses conditions pr\u00e9vues par la loi avant de pouvoir partager vos informations \u00e0 ces fins. Pour plus d'informations, voir : <a href=\"http:\/\/www.hhs.gov\/ocr\/privacy\/hipaa\/understanding\/consumers\/index.html\" target=\"_blank\" rel=\"noopener\">www.hhs.gov\/ocr\/privacy\/hipaa\/understanding\/consumers\/index.html<\/a>.<\/p>\n<p><strong>Aide pour les questions de sant\u00e9 publique et de s\u00e9curit\u00e9<\/strong><br \/>\nNous pouvons partager des informations de sant\u00e9 vous concernant dans certaines situations, telles que<\/p>\n<ul>\n<li>Pr\u00e9venir les maladies<\/li>\n<li>Aide aux rappels de produits<\/li>\n<li>D\u00e9claration des effets ind\u00e9sirables des m\u00e9dicaments<\/li>\n<li>Signaler une suspicion de maltraitance ou de n\u00e9gligence \u00e0 l'\u00e9gard d'un enfant<\/li>\n<li>Pr\u00e9venir ou r\u00e9duire une menace grave pour la sant\u00e9 ou la s\u00e9curit\u00e9 d'une personne<\/li>\n<\/ul>\n<p><strong>Faire des recherches<\/strong><br \/>\nNous pouvons utiliser ou partager vos informations \u00e0 des fins de recherche dans le domaine de la sant\u00e9, bien que nous puissions vous demander une autorisation suppl\u00e9mentaire \u00e0 cet effet.<\/p>\n<p><strong>Respecter la loi<\/strong><br \/>\nNous partagerons les informations vous concernant si les lois f\u00e9d\u00e9rales ou de l'\u00c9tat l'exigent, y compris avec le minist\u00e8re de la sant\u00e9 et des services sociaux s'il souhaite v\u00e9rifier que nous respectons la loi f\u00e9d\u00e9rale sur la protection de la vie priv\u00e9e.<\/p>\n<p><strong>R\u00e9pondre aux demandes de dons d'organes et de tissus.<\/strong><br \/>\nNous pouvons partager des informations de sant\u00e9 vous concernant avec des organismes de pr\u00e9l\u00e8vement d'organes.<\/p>\n<p><strong>Travaillez avec un m\u00e9decin l\u00e9giste ou un entrepreneur de pompes fun\u00e8bres.<\/strong><br \/>\nNous pouvons partager des informations sur la sant\u00e9 avec un coroner, un m\u00e9decin l\u00e9giste ou un entrepreneur de pompes fun\u00e8bres lorsqu'une personne d\u00e9c\u00e8de.<\/p>\n<p><strong>R\u00e9pondre aux demandes d'indemnisation des travailleurs, d'application de la loi et d'autres demandes gouvernementales.<\/strong><br \/>\nNous pouvons utiliser ou partager des informations de sant\u00e9 vous concernant :<\/p>\n<ul>\n<li>Pour les demandes d'indemnisation des travailleurs<\/li>\n<li>\u00e0 des fins d'application de la loi ou avec un responsable de l'application de la loi, uniquement dans certaines situations limit\u00e9es<\/li>\n<li>Avec les agences de surveillance de la sant\u00e9 pour les activit\u00e9s autoris\u00e9es par la loi<\/li>\n<li>Pour les fonctions gouvernementales sp\u00e9ciales telles que les services militaires, de s\u00e9curit\u00e9 nationale et de protection pr\u00e9sidentielle<\/li>\n<\/ul>\n<p><strong>R\u00e9pondre \u00e0 des poursuites et \u00e0 des actions en justice. <\/strong><br \/>\nNous pouvons partager des informations de sant\u00e9 vous concernant en r\u00e9ponse \u00e0 une ordonnance judiciaire ou administrative.<\/p>\n<p><strong>Autres utilisations et divulgations<\/strong><br \/>\nLes autres utilisations et divulgations de vos informations non couvertes par le pr\u00e9sent avis ou par les lois qui nous sont applicables ne seront effectu\u00e9es qu'avec votre autorisation \u00e9crite.  Vous avez le droit de r\u00e9voquer cette autorisation \u00e0 tout moment en nous en informant par \u00e9crit.  Si nous nous sommes d\u00e9j\u00e0 appuy\u00e9s sur votre autorisation, la r\u00e9vocation ne s'appliquera pas aux utilisations et divulgations qui ont d\u00e9j\u00e0 eu lieu.<\/p>\n      <\/div>\n    <\/div>\n\n    \n    <div class=\"accordion-card open\" itemscope=\"itemscope\" itemprop=\"mainEntity\" itemtype=\"https:\/\/schema.org\/Question\">\n      <div class=\"accordion-card-header\">\n        <button id=\"twocol_id_Our-Responsibilities\" class=\"accordion-button large-body-copy\" aria-expanded=\"true\" aria-controls=\"twocol_Our-Responsibilities\">Nos responsabilit\u00e9s<\/button>\n      <\/div>\n      <div class=\"accordion-card-content body-copy\" itemscope=\"itemscope\" itemprop=\"acceptedAnswer\" itemtype=\"https:\/\/schema.org\/Answer\" id=\"twocol_Our-Responsibilities\" aria-labelledby=\"twocol_id_Our-Responsibilities\" role=\"region\">\n        <ul>\n<li>Nous sommes tenus par la loi de pr\u00e9server la confidentialit\u00e9 et la s\u00e9curit\u00e9 de vos informations de sant\u00e9 prot\u00e9g\u00e9es.<\/li>\n<li>Nous vous informerons rapidement en cas de violation susceptible d'avoir compromis la confidentialit\u00e9 ou la s\u00e9curit\u00e9 de vos informations.<\/li>\n<li>Nous devons respecter les obligations et les pratiques en mati\u00e8re de protection de la vie priv\u00e9e d\u00e9crites dans le pr\u00e9sent avis et vous en remettre une copie.<\/li>\n<li>Nous n'utiliserons ni ne partagerons vos informations d'une autre mani\u00e8re que celle d\u00e9crite ici, sauf si vous nous en donnez l'autorisation par \u00e9crit. Si vous nous dites que nous pouvons le faire, vous pouvez changer d'avis \u00e0 tout moment. Faites-nous savoir par \u00e9crit si vous changez d'avis.<\/li>\n<\/ul>\n<p>Pour plus d'informations, voir : <a href=\"http:\/\/www.hhs.gov\/ocr\/privacy\/hipaa\/understanding\/consumers\/noticepp.html\" target=\"_blank\" rel=\"noopener\">www.hhs.gov\/ocr\/privacy\/hipaa\/understanding\/consumers\/noticepp.html<\/a>.<\/p>\n<p><strong>Modifications des conditions du pr\u00e9sent avis<\/strong><br \/>\nNous pouvons modifier les termes de cette notice, et les modifications s'appliqueront \u00e0 toutes les informations dont nous disposons \u00e0 votre sujet. La nouvelle notice sera disponible sur demande, dans nos bureaux et sur notre site web.<\/p>\n<p><strong>Informations sp\u00e9cialement prot\u00e9g\u00e9es<\/strong><br \/>\nRemarque : les informations relatives au VIH, les informations g\u00e9n\u00e9tiques, les dossiers d'alcoolisme et\/ou de toxicomanie, les dossiers de sant\u00e9 mentale et d'autres informations de sant\u00e9 sp\u00e9cialement prot\u00e9g\u00e9es peuvent b\u00e9n\u00e9ficier de certaines protections sp\u00e9ciales en mati\u00e8re de confidentialit\u00e9 en vertu de la l\u00e9gislation f\u00e9d\u00e9rale et de l'\u00c9tat.  Toute divulgation de ces types de dossiers sera soumise \u00e0 ces protections sp\u00e9ciales.<\/p>\n      <\/div>\n    <\/div>\n\n    \n    <div class=\"accordion-card open\" itemscope=\"itemscope\" itemprop=\"mainEntity\" itemtype=\"https:\/\/schema.org\/Question\">\n      <div class=\"accordion-card-header\">\n        <button id=\"twocol_id_Contact-Person\" class=\"accordion-button large-body-copy\" aria-expanded=\"true\" aria-controls=\"twocol_Contact-Person\">Personne de contact<\/button>\n      <\/div>\n      <div class=\"accordion-card-content body-copy\" itemscope=\"itemscope\" itemprop=\"acceptedAnswer\" itemtype=\"https:\/\/schema.org\/Answer\" id=\"twocol_Contact-Person\" aria-labelledby=\"twocol_id_Contact-Person\" role=\"region\">\n        <p>Si vous avez des questions ou si vous souhaitez obtenir de plus amples informations sur le pr\u00e9sent avis, veuillez contacter l'Office des publications de l'Union europ\u00e9enne. <strong> Responsable de la conformit\u00e9 et de l'HIPAA<\/strong> \u00e0 <strong><a href=\"tel:7189603389\">718-960-3389<\/a><\/strong>.<\/p>\n      <\/div>\n    <\/div>\n\n    \n    <\/div>\n\n    \n  <\/div>\n<\/section>\n\n<section class=\"text-block white-background\">\n  <div class=\"small-max-width standard-spacing body-copy\">\n    <p><strong>Cet avis entre en vigueur le 29 d\u00e9cembre 2014.<\/strong><\/p>\n  <\/div>\n<\/section>","protected":false},"excerpt":{"rendered":"","protected":false},"author":3,"featured_media":0,"parent":0,"menu_order":0,"comment_status":"closed","ping_status":"closed","template":"","meta":{"_acf_changed":true,"_eb_attr":"","_price":"","_stock":"","_tribe_ticket_header":"","_tribe_default_ticket_provider":"","_tribe_ticket_capacity":"0","_ticket_start_date":"","_ticket_end_date":"","_tribe_ticket_show_description":"","_tribe_ticket_show_not_going":false,"_tribe_ticket_use_global_stock":"","_tribe_ticket_global_stock_level":"","_global_stock_mode":"","_global_stock_cap":"","_tribe_rsvp_for_event":"","_tribe_ticket_going_count":"","_tribe_ticket_not_going_count":"","_tribe_tickets_list":"[]","_tribe_ticket_has_attendee_info_fields":false,"footnotes":""},"class_list":["post-2288","page","type-page","status-publish","hentry"],"acf":[],"yoast_head":"<!-- This site is optimized with the Yoast SEO plugin v26.5 - https:\/\/yoast.com\/wordpress\/plugins\/seo\/ -->\n<title>HIPAA - SBH Health System<\/title>\n<meta name=\"robots\" content=\"index, follow, max-snippet:-1, max-image-preview:large, max-video-preview:-1\" \/>\n<link rel=\"canonical\" href=\"https:\/\/www.sbhny.org\/fr\/hipaa\/\" \/>\n<meta property=\"og:locale\" content=\"fr_FR\" \/>\n<meta property=\"og:type\" content=\"article\" \/>\n<meta property=\"og:title\" content=\"HIPAA - SBH Health System\" \/>\n<meta property=\"og:url\" content=\"https:\/\/www.sbhny.org\/fr\/hipaa\/\" \/>\n<meta property=\"og:site_name\" content=\"SBH Health System\" \/>\n<meta property=\"article:publisher\" content=\"https:\/\/www.facebook.com\/SBHBronx\/\" \/>\n<meta property=\"article:modified_time\" content=\"2025-05-28T14:51:58+00:00\" \/>\n<meta name=\"twitter:card\" content=\"summary_large_image\" \/>\n<meta name=\"twitter:site\" content=\"@sbhbronx\" \/>\n<script type=\"application\/ld+json\" class=\"yoast-schema-graph\">{\"@context\":\"https:\/\/schema.org\",\"@graph\":[{\"@type\":\"WebPage\",\"@id\":\"https:\/\/www.sbhny.org\/hipaa\/\",\"url\":\"https:\/\/www.sbhny.org\/hipaa\/\",\"name\":\"HIPAA - SBH Health System\",\"isPartOf\":{\"@id\":\"https:\/\/www.sbhny.org\/#website\"},\"datePublished\":\"2024-05-14T19:20:36+00:00\",\"dateModified\":\"2025-05-28T14:51:58+00:00\",\"breadcrumb\":{\"@id\":\"https:\/\/www.sbhny.org\/hipaa\/#breadcrumb\"},\"inLanguage\":\"fr-FR\",\"potentialAction\":[{\"@type\":\"ReadAction\",\"target\":[\"https:\/\/www.sbhny.org\/hipaa\/\"]}]},{\"@type\":\"BreadcrumbList\",\"@id\":\"https:\/\/www.sbhny.org\/hipaa\/#breadcrumb\",\"itemListElement\":[{\"@type\":\"ListItem\",\"position\":1,\"name\":\"Home\",\"item\":\"https:\/\/www.sbhny.org\/\"},{\"@type\":\"ListItem\",\"position\":2,\"name\":\"HIPAA\"}]},{\"@type\":\"WebSite\",\"@id\":\"https:\/\/www.sbhny.org\/#website\",\"url\":\"https:\/\/www.sbhny.org\/\",\"name\":\"SBH Health System\",\"description\":\"\",\"potentialAction\":[{\"@type\":\"SearchAction\",\"target\":{\"@type\":\"EntryPoint\",\"urlTemplate\":\"https:\/\/www.sbhny.org\/?s={search_term_string}\"},\"query-input\":{\"@type\":\"PropertyValueSpecification\",\"valueRequired\":true,\"valueName\":\"search_term_string\"}}],\"inLanguage\":\"fr-FR\"}]}<\/script>\n<!-- \/ Yoast SEO plugin. -->","yoast_head_json":{"title":"HIPAA - SBH Health System","robots":{"index":"index","follow":"follow","max-snippet":"max-snippet:-1","max-image-preview":"max-image-preview:large","max-video-preview":"max-video-preview:-1"},"canonical":"https:\/\/www.sbhny.org\/fr\/hipaa\/","og_locale":"fr_FR","og_type":"article","og_title":"HIPAA - SBH Health System","og_url":"https:\/\/www.sbhny.org\/fr\/hipaa\/","og_site_name":"SBH Health System","article_publisher":"https:\/\/www.facebook.com\/SBHBronx\/","article_modified_time":"2025-05-28T14:51:58+00:00","twitter_card":"summary_large_image","twitter_site":"@sbhbronx","schema":{"@context":"https:\/\/schema.org","@graph":[{"@type":"WebPage","@id":"https:\/\/www.sbhny.org\/hipaa\/","url":"https:\/\/www.sbhny.org\/hipaa\/","name":"HIPAA - SBH Health System","isPartOf":{"@id":"https:\/\/www.sbhny.org\/#website"},"datePublished":"2024-05-14T19:20:36+00:00","dateModified":"2025-05-28T14:51:58+00:00","breadcrumb":{"@id":"https:\/\/www.sbhny.org\/hipaa\/#breadcrumb"},"inLanguage":"fr-FR","potentialAction":[{"@type":"ReadAction","target":["https:\/\/www.sbhny.org\/hipaa\/"]}]},{"@type":"BreadcrumbList","@id":"https:\/\/www.sbhny.org\/hipaa\/#breadcrumb","itemListElement":[{"@type":"ListItem","position":1,"name":"Home","item":"https:\/\/www.sbhny.org\/"},{"@type":"ListItem","position":2,"name":"HIPAA"}]},{"@type":"WebSite","@id":"https:\/\/www.sbhny.org\/#website","url":"https:\/\/www.sbhny.org\/","name":"Syst\u00e8me de sant\u00e9 SBH","description":"","potentialAction":[{"@type":"SearchAction","target":{"@type":"EntryPoint","urlTemplate":"https:\/\/www.sbhny.org\/?s={search_term_string}"},"query-input":{"@type":"PropertyValueSpecification","valueRequired":true,"valueName":"search_term_string"}}],"inLanguage":"fr-FR"}]}},"_links":{"self":[{"href":"https:\/\/www.sbhny.org\/fr\/wp-json\/wp\/v2\/pages\/2288","targetHints":{"allow":["GET"]}}],"collection":[{"href":"https:\/\/www.sbhny.org\/fr\/wp-json\/wp\/v2\/pages"}],"about":[{"href":"https:\/\/www.sbhny.org\/fr\/wp-json\/wp\/v2\/types\/page"}],"author":[{"embeddable":true,"href":"https:\/\/www.sbhny.org\/fr\/wp-json\/wp\/v2\/users\/3"}],"replies":[{"embeddable":true,"href":"https:\/\/www.sbhny.org\/fr\/wp-json\/wp\/v2\/comments?post=2288"}],"version-history":[{"count":0,"href":"https:\/\/www.sbhny.org\/fr\/wp-json\/wp\/v2\/pages\/2288\/revisions"}],"wp:attachment":[{"href":"https:\/\/www.sbhny.org\/fr\/wp-json\/wp\/v2\/media?parent=2288"}],"curies":[{"name":"wp","href":"https:\/\/api.w.org\/{rel}","templated":true}]}}