{"id":2899,"date":"2024-07-22T17:59:08","date_gmt":"2024-07-22T17:59:08","guid":{"rendered":"https:\/\/sbhny.wpenginepowered.com\/?page_id=2899"},"modified":"2024-10-12T14:39:00","modified_gmt":"2024-10-12T14:39:00","slug":"referrals","status":"publish","type":"page","link":"https:\/\/www.sbhny.org\/fr\/referrals\/","title":{"rendered":"Services d&#039;orientation SBH"},"content":{"rendered":"<section class=\"breadcrumb-eyebrow-marquee\">\n  <div class=\"max-width marquee-spacing\">\n    <nav class=\"breadcrumbs\" aria-label=\"Fil d&#039;Ariane\">\n      <ul class=\"breadcrumbs-list\" itemscope itemtype=\"https:\/\/schema.org\/BreadcrumbList\">\n        <li itemprop=\"itemListElement\" itemscope\n itemtype=\"https:\/\/schema.org\/ListItem\"><a itemprop=\"item\" href=\"\/fr\/\"><span itemprop=\"name\">Maison<\/span><\/a><\/li>\n                \n        <li itemprop=\"itemListElement\" itemscope\n itemtype=\"https:\/\/schema.org\/ListItem\"><a itemprop=\"item\" class=\"current\" aria-current=\"page\" href=\"https:\/\/www.sbhny.org\/fr\/referrals\/\"><span itemprop=\"name\">Services d&#039;orientation SBH<\/span><\/a><\/li>\n    <\/ul>\n\n    <\/nav>\n    <div class=\"eyebrow\">\n              <p class=\"main-heading\">Services d&#039;orientation SBH<\/p>\n          <\/div>    \n  <\/div>\n<\/section>\n\n\n\n<a class=\"jump-nav-link-block\" href=\"javascript:void(0)\" tabindex=\"-1\" id=\"overview\" data-name=\"Overview\"><\/a>\n\n\n\n<section class=\"image-twocol-hero background-image\">\n  <div class=\"max-width standard-spacing twocol-row\">\n\n          <div class=\"image-col twocol-col\" style=\"background-image: url('https:\/\/www.sbhny.org\/wp-content\/uploads\/2024\/08\/Newsletter-Home-page.jpg');\"><\/div>\n    \n\n    <div class=\"content-col twocol-col\">\n              <h1 class=\"main-heading\">Services d&#039;orientation SBH<\/h1>\n            <div class=\"body-copy\">\n        <p>Bienvenue au SBH Referral Services, la porte d'entr\u00e9e vers d'excellents services de sp\u00e9cialit\u00e9, de chirurgie et de tests de diagnostic pour vos patients. Notre \u00e9quipe d\u00e9vou\u00e9e offre aux prestataires de services d'orientation un service de conciergerie, en boucle ferm\u00e9e, avec un acc\u00e8s \u00e0 notre large \u00e9ventail de sp\u00e9cialistes cliniques, afin de garantir \u00e0 vos patients une exp\u00e9rience de soins transparente et de haute qualit\u00e9. Notre \u00e9quipe d'orientation travaille directement avec les patients pour fixer des rendez-vous \u00e0 des heures qui leur conviennent et s'assurer qu'ils ont tout ce dont ils ont besoin pour leur visite. Nous offrons \u00e9galement aux m\u00e9decins traitants un acc\u00e8s s\u00e9curis\u00e9 \u00e0 notre portail EpicCare Link, qui leur permet d'acc\u00e9der rapidement aux informations relatives \u00e0 leurs patients, y compris les hospitalisations, les orientations vers des sp\u00e9cialistes et les donn\u00e9es cliniques en temps r\u00e9el.<\/p>\n      <\/div>\n      \n        \n      \n          <\/div>\n  <\/div>\n<\/section>\n\n\n\n<a class=\"jump-nav-link-block\" href=\"javascript:void(0)\" tabindex=\"-1\" id=\"epiccare-link\" data-name=\"EpicCare Link\"><\/a>\n\n\n\n<section class=\"alternating-content-image-rows first gray\">\n\n  <div class=\"alternating-intro-copy max-width standard-spacing no-bottom-spacing\">\n    <!-- Display eyebrow if there is one -->\n        \n    <!-- Display heading if there is one -->\n        <h2 class=\"main-heading\">Lien EpicCare<\/h2>\n    \n    <!-- Display intro description if there is one -->\n        <div class=\"body-copy\"><p>EpicCare Link est un portail web s\u00e9curis\u00e9 pour le nouveau dossier m\u00e9dical \u00e9lectronique Epic du SBH Health System qui permet aux prestataires de soins et au personnel de r\u00e9f\u00e9rer facilement des patients au SBH Health System. Vous pouvez acc\u00e9der facilement aux informations concernant vos patients r\u00e9f\u00e9r\u00e9s et admis.<\/p>\n<\/div>\n      <\/div>\n    \n          <div class=\"standard-spacing no-side-spacing no-bottom-spacing content-image-block reversed\">\n            <div class=\"content-image-row\">\n              <div class=\"content-side\">\n  \n                <!-- Display icon if there is one -->\n                  \n                <!-- Display heading if there is one -->\n                <!-- If there is intro copy, display h3 -->\n                <!-- If there is no intro copy, display h2 -->\n                                \n                <!-- Display body copy if there is body copy -->\n                                  <div class=\"body-copy\"><p>Vous pouvez vous connecter pour orienter vos patients vers tous les services du SBH Health System. Vous pouvez \u00e9galement envoyer des messages s\u00e9curis\u00e9s aux prestataires du SBH et consulter les dossiers m\u00e9dicaux de vos patients :<\/p>\n<ul>\n<li>Rendez-vous programm\u00e9s<\/li>\n<li>Notes de consultation<\/li>\n<li>R\u00e9sultats de laboratoire, d'imagerie et de tests<\/li>\n<li>M\u00e9dicaments et allergies<\/li>\n<li>Admissions \u00e0 l'h\u00f4pital<\/li>\n<li>R\u00e9sum\u00e9s de sortie<\/li>\n<\/ul>\n<\/div>\n                  \n                                \n                                  <a href=\"https:\/\/sbhecarelink.barnabas.network\/EpicCareLink-PRD\/common\/epic_login.asp\" class=\"btn standard\">Lien EpicCare<\/a>\n                \n                \n                  \n              <\/div>\n              \n              <!-- Display main image if there is an image -->\n                            <div class=\"image-side\" style=\"background-image: url('https:\/\/www.sbhny.org\/wp-content\/uploads\/2024\/09\/shutterstock_778662295-scaled-e1727298544592.jpg');\"><\/div>\n                \n            <\/div>\n          <\/div>\n  \n          \n          <div class=\"standard-spacing no-side-spacing no-bottom-spacing content-image-block reversed\">\n            <div class=\"content-image-row\">\n              <div class=\"content-side\">\n  \n                <!-- Display icon if there is one -->\n                  \n                <!-- Display heading if there is one -->\n                <!-- If there is intro copy, display h3 -->\n                <!-- If there is no intro copy, display h2 -->\n                                \n                <!-- Display body copy if there is body copy -->\n                                  <div class=\"body-copy\"><p>&nbsp;<\/p>\n<p>L'installation et la maintenance sont minimes et ne vous co\u00fbtent rien.<\/p>\n<p>EpicCare Link est disponible pour tous les prestataires et personnels r\u00e9f\u00e9rents. A l'avance, l'\u00e9quipe du SBH aidera les prestataires et le personnel r\u00e9f\u00e9rents \u00e0 s'inscrire.<\/p>\n<p>Vous avez des questions ? Courriel <a href=\"mailto:carelink@sbhny.org\">carelink@sbhny.org<\/a> ou appelez <a href=\"tel:7189609122\">(718) 960-9122<\/a> pour en savoir plus.<\/p>\n<\/div>\n                  \n                                \n                \n                \n                  \n              <\/div>\n              \n              <!-- Display main image if there is an image -->\n                            <div class=\"image-side\" style=\"background-image: url('https:\/\/www.sbhny.org\/wp-content\/uploads\/2024\/09\/shutterstock_2466627435.jpg');\"><\/div>\n                \n            <\/div>\n          <\/div>\n  \n        \n\n\n\n<\/section>\n\n\n\n<a class=\"jump-nav-link-block\" href=\"javascript:void(0)\" tabindex=\"-1\" id=\"make-a-referral\" data-name=\"Make a Referral\"><\/a>\n\n\n\n<section class=\"testimonial-block large-no-background--reversed\">\n  <div class=\"max-width standard-spacing\">\n    <div class=\"testimonial-row\">\n      <div class=\"content\">\n                  <p class=\"subheading quote\">Faire une recommandation<\/p>\n        \n                  <div class=\"body-copy\"><p>Appeler <a href=\"tel:7189609122\">(718) 960-9122<\/a> du lundi au vendredi, de 9h00 \u00e0 17h00, pour parler directement \u00e0 notre \u00e9quipe.<\/p>\n<p>Pour adresser un patient, faxez votre commande ou le formulaire de demande d'information. <a href=\"\/wp-content\/uploads\/2024\/07\/SBH-Referral-Network-Form-1.pdf\">Formulaire d'orientation vers les services du SBH (PDF)<\/a> ou le <a href=\"\/wp-content\/uploads\/2024\/07\/SBH-Referral-Network-Form.docx\">Formulaire de r\u00e9seau d'orientation SBH (Word)<\/a> \u00e0 <a href=\"tel:7189606659\">(718) 960-6659<\/a>. Vous pouvez \u00e9galement les envoyer par courrier \u00e9lectronique \u00e0 <a href=\"mailto:cpro@sbhny.org\">cpro@sbhny.org<\/a>.<\/p>\n<\/div>\n          <br>\n        \n\n        \n      <\/div>\n\n      <div class=\"video\">\n        <div class=\"video-thumbnail no-video\" style=\"background-image: url('https:\/\/www.sbhny.org\/wp-content\/uploads\/2024\/09\/shutterstock_2148946241-scaled-e1727298476383.jpg');\">\n        <\/div>\n      <\/div>\n\n    <\/div>\n  <\/div>\n<\/section>\n\n\n\n\n<a class=\"jump-nav-link-block\" href=\"javascript:void(0)\" tabindex=\"-1\" id=\"specialties\" data-name=\"Specialties at SBH\"><\/a>\n\n\n<section class=\"accordion-section\">\n  <div class=\"max-width standard-spacing\">\n        <h2 class=\"main-heading\">En savoir plus sur nos sp\u00e9cialit\u00e9s<\/h2>\n        \n    <div class=\"accordion-container\">\n\n    \n    <div class=\"accordion-card open\" itemscope=\"itemscope\" itemprop=\"mainEntity\" itemtype=\"https:\/\/schema.org\/Question\">\n      <div class=\"accordion-card-header\">\n        <button id=\"twocol_id_Specialties-at-SBH\" class=\"accordion-button large-body-copy\" aria-expanded=\"true\" aria-controls=\"twocol_Specialties-at-SBH\">Sp\u00e9cialit\u00e9s au SBH<\/button>\n      <\/div>\n      <div class=\"accordion-card-content body-copy\" itemscope=\"itemscope\" itemprop=\"acceptedAnswer\" itemtype=\"https:\/\/schema.org\/Answer\" id=\"twocol_Specialties-at-SBH\" aria-labelledby=\"twocol_id_Specialties-at-SBH\" role=\"region\">\n        <ul>\n<li><a href=\"\/fr\/our-services\/addiction-medicine\/\">M\u00e9decine de la toxicomanie<\/a><\/li>\n<li>Sant\u00e9 des adolescents<\/li>\n<li><a href=\"\/fr\/our-services\/allergy-immunology\/\">Asthme, allergie et immunologie<\/a>\n<\/li>\n<li>Anticoagulation<\/li>\n<li><a href=\"\/fr\/our-services\/bariatric-surgery\/\">Bariatrique<\/a><\/li>\n<li><a href=\"\/fr\/our-services\/breast-health\/\">Sant\u00e9 des seins<\/a><\/li>\n<li><a href=\"\/fr\/our-services\/cardiology-heart\/\">Arythmie cardiaque<\/a><\/li>\n<li><a href=\"\/fr\/our-services\/cardiology-heart\/\">Cath\u00e9t\u00e9risme cardiaque<\/a><\/li>\n<li><a href=\"\/fr\/our-services\/cardiology-heart\/\">Cardiologie<\/a><\/li>\n<li>Insuffisance cardiaque congestive<\/li>\n<li>Chirurgie colorectale<\/li>\n<li>Colposcopie<\/li>\n<li><a href=\"\/fr\/our-services\/dentistry-oral-surgery\/\">Dentisterie et chirurgie buccale<\/a><\/li>\n<li><a href=\"\/fr\/our-services\/sbh-health-system-dermatology\/\">Dermatologie<\/a><\/li>\n<li><a href=\"\/fr\/our-services\/diabetes-endocrine-disorders\/\">Gestion du diab\u00e8te et diab\u00e8te pr\u00e9natal<\/a><\/li>\n<li><a href=\"\/fr\/our-services\/diabetes-endocrine-disorders\/\">Endocrinologie<\/a><\/li>\n<li><a href=\"\/fr\/our-services\/sbh-health-system-ear-nose-and-throat\/\">Oto-rhino-laryngologie (ORL)<\/a><\/li>\n<li><a href=\"\/fr\/our-services\/gastroenterology-hepatology\/\">Gastro-ent\u00e9rologie<\/a><\/li>\n<li>Chirurgie g\u00e9n\u00e9rale<\/li>\n<li><a href=\"\/fr\/our-services\/geriatric-senior-health\/\">G\u00e9riatrie<\/a><\/li>\n<li>Oncologie gyn\u00e9cologique<\/li>\n<li>La main<\/li>\n<li><a href=\"\/fr\/our-services\/hematology-blood-disease\/\">H\u00e9matologie<\/a>y<\/li>\n<li><a href=\"\/fr\/our-services\/hiv-aids\/\">Maladies infectieuses\/Soins VIH<\/a><\/li>\n<li><a href=\"\/fr\/our-services\/nephrology-kidney-diseases\/\">Centre de perfusion<\/a><\/li>\n<li>Radiologie interventionnelle<\/li>\n<li><a href=\"\/fr\/our-services\/liver-care\/\">Soins du foie<\/a><\/li>\n<li>D\u00e9pistage du cancer du poumon<\/li>\n<li><a href=\"\/fr\/our-services\/psychiatry\/\">Sant\u00e9 mentale<\/a><\/li>\n<li><a href=\"\/fr\/our-services\/neurology-stroke\/\">Neurologie\/AVC<\/a><\/li>\n<li><a href=\"\/fr\/our-services\/neurosurgery\/\">Neurochirurgie<\/a><\/li>\n<li><a href=\"\/fr\/our-services\/obstetrics-and-gynecology\/\">GYN\u00c9COLOGIE-OBST\u00c9TRIQUE<\/a><\/li>\n<li><a href=\"\/fr\/our-services\/ophthalmology-eye\/\">Ophtalmologie<\/a><\/li>\n<li><a href=\"\/fr\/our-services\/orthopedics\/\">Orthop\u00e9die<\/a><\/li>\n<li><a href=\"\/fr\/our-services\/omm\/\">M\u00e9decine ost\u00e9opathique manipulative<\/a><\/li>\n<li><a href=\"\/fr\/our-services\/pain-medicine\/\">Gestion de la douleur<\/a><\/li>\n<li>Sp\u00e9cialit\u00e9s p\u00e9diatriques<\/li>\n<li>D\u00e9veloppement p\u00e9diatrique<\/li>\n<li><a href=\"\/fr\/our-services\/plastic-surgery\/\">Chirurgie plastique<\/a><\/li>\n<li><a href=\"\/fr\/our-services\/podiatry\/\">Podologie<\/a><\/li>\n<li><a href=\"\/fr\/our-services\/pulmonary-medicine\/\">Pneumologie<\/a><\/li>\n<li><a href=\"\/fr\/our-services\/rehabilitation-medicine\/\">M\u00e9decine de r\u00e9adaptation<\/a><\/li>\n<li>Services r\u00e9naux<\/li>\n<li><a href=\"\/fr\/our-services\/rheumatology\/\">Rhumatologie<\/a><\/li>\n<li>Crise d'\u00e9pilepsie<\/li>\n<li>\u00c9tudes sur le sommeil<\/li>\n<li>Chirurgie thoracique<\/li>\n<li><a href=\"\/fr\/our-services\/urology\/\">Urologie<\/a><\/li>\n<li><a href=\"\/fr\/our-services\/vascular\/\">Vasculaire<\/a><\/li>\n<li><a href=\"\/fr\/our-services\/wound-care-and-hyperbaric-medicine\/\">Soins des plaies et m\u00e9decine hyperbare<\/a><\/li>\n<\/ul>\n      <\/div>\n    <\/div>\n\n    \n    <\/div>\n\n    \n  <\/div>\n<\/section>","protected":false},"excerpt":{"rendered":"","protected":false},"author":3,"featured_media":0,"parent":0,"menu_order":0,"comment_status":"closed","ping_status":"closed","template":"","meta":{"_acf_changed":true,"_eb_attr":"","_price":"","_stock":"","_tribe_ticket_header":"","_tribe_default_ticket_provider":"","_tribe_ticket_capacity":"0","_ticket_start_date":"","_ticket_end_date":"","_tribe_ticket_show_description":"","_tribe_ticket_show_not_going":false,"_tribe_ticket_use_global_stock":"","_tribe_ticket_global_stock_level":"","_global_stock_mode":"","_global_stock_cap":"","_tribe_rsvp_for_event":"","_tribe_ticket_going_count":"","_tribe_ticket_not_going_count":"","_tribe_tickets_list":"[]","_tribe_ticket_has_attendee_info_fields":false,"footnotes":""},"class_list":["post-2899","page","type-page","status-publish","hentry"],"acf":[],"yoast_head":"<!-- This site is optimized with the Yoast SEO plugin v26.5 - https:\/\/yoast.com\/wordpress\/plugins\/seo\/ -->\n<title>SBH Referral Services - SBH Health System<\/title>\n<meta name=\"robots\" content=\"index, follow, max-snippet:-1, max-image-preview:large, max-video-preview:-1\" \/>\n<link rel=\"canonical\" href=\"https:\/\/www.sbhny.org\/fr\/referrals\/\" \/>\n<meta property=\"og:locale\" content=\"fr_FR\" \/>\n<meta property=\"og:type\" content=\"article\" \/>\n<meta property=\"og:title\" content=\"SBH Referral Services - SBH Health System\" \/>\n<meta property=\"og:url\" content=\"https:\/\/www.sbhny.org\/fr\/referrals\/\" \/>\n<meta property=\"og:site_name\" content=\"SBH Health System\" \/>\n<meta property=\"article:publisher\" content=\"https:\/\/www.facebook.com\/SBHBronx\/\" \/>\n<meta property=\"article:modified_time\" content=\"2024-10-12T14:39:00+00:00\" \/>\n<meta name=\"twitter:card\" content=\"summary_large_image\" \/>\n<meta name=\"twitter:site\" content=\"@sbhbronx\" \/>\n<script type=\"application\/ld+json\" class=\"yoast-schema-graph\">{\"@context\":\"https:\/\/schema.org\",\"@graph\":[{\"@type\":\"WebPage\",\"@id\":\"https:\/\/www.sbhny.org\/referrals\/\",\"url\":\"https:\/\/www.sbhny.org\/referrals\/\",\"name\":\"SBH Referral Services - SBH Health System\",\"isPartOf\":{\"@id\":\"https:\/\/www.sbhny.org\/#website\"},\"datePublished\":\"2024-07-22T17:59:08+00:00\",\"dateModified\":\"2024-10-12T14:39:00+00:00\",\"breadcrumb\":{\"@id\":\"https:\/\/www.sbhny.org\/referrals\/#breadcrumb\"},\"inLanguage\":\"fr-FR\",\"potentialAction\":[{\"@type\":\"ReadAction\",\"target\":[\"https:\/\/www.sbhny.org\/referrals\/\"]}]},{\"@type\":\"BreadcrumbList\",\"@id\":\"https:\/\/www.sbhny.org\/referrals\/#breadcrumb\",\"itemListElement\":[{\"@type\":\"ListItem\",\"position\":1,\"name\":\"Home\",\"item\":\"https:\/\/www.sbhny.org\/\"},{\"@type\":\"ListItem\",\"position\":2,\"name\":\"SBH Referral Services\"}]},{\"@type\":\"WebSite\",\"@id\":\"https:\/\/www.sbhny.org\/#website\",\"url\":\"https:\/\/www.sbhny.org\/\",\"name\":\"SBH Health System\",\"description\":\"\",\"potentialAction\":[{\"@type\":\"SearchAction\",\"target\":{\"@type\":\"EntryPoint\",\"urlTemplate\":\"https:\/\/www.sbhny.org\/?s={search_term_string}\"},\"query-input\":{\"@type\":\"PropertyValueSpecification\",\"valueRequired\":true,\"valueName\":\"search_term_string\"}}],\"inLanguage\":\"fr-FR\"}]}<\/script>\n<!-- \/ Yoast SEO plugin. -->","yoast_head_json":{"title":"SBH Referral Services - Syst\u00e8me de sant\u00e9 SBH","robots":{"index":"index","follow":"follow","max-snippet":"max-snippet:-1","max-image-preview":"max-image-preview:large","max-video-preview":"max-video-preview:-1"},"canonical":"https:\/\/www.sbhny.org\/fr\/referrals\/","og_locale":"fr_FR","og_type":"article","og_title":"SBH Referral Services - SBH Health System","og_url":"https:\/\/www.sbhny.org\/fr\/referrals\/","og_site_name":"SBH Health System","article_publisher":"https:\/\/www.facebook.com\/SBHBronx\/","article_modified_time":"2024-10-12T14:39:00+00:00","twitter_card":"summary_large_image","twitter_site":"@sbhbronx","schema":{"@context":"https:\/\/schema.org","@graph":[{"@type":"WebPage","@id":"https:\/\/www.sbhny.org\/referrals\/","url":"https:\/\/www.sbhny.org\/referrals\/","name":"SBH Referral Services - Syst\u00e8me de sant\u00e9 SBH","isPartOf":{"@id":"https:\/\/www.sbhny.org\/#website"},"datePublished":"2024-07-22T17:59:08+00:00","dateModified":"2024-10-12T14:39:00+00:00","breadcrumb":{"@id":"https:\/\/www.sbhny.org\/referrals\/#breadcrumb"},"inLanguage":"fr-FR","potentialAction":[{"@type":"ReadAction","target":["https:\/\/www.sbhny.org\/referrals\/"]}]},{"@type":"BreadcrumbList","@id":"https:\/\/www.sbhny.org\/referrals\/#breadcrumb","itemListElement":[{"@type":"ListItem","position":1,"name":"Home","item":"https:\/\/www.sbhny.org\/"},{"@type":"ListItem","position":2,"name":"SBH Referral Services"}]},{"@type":"WebSite","@id":"https:\/\/www.sbhny.org\/#website","url":"https:\/\/www.sbhny.org\/","name":"Syst\u00e8me de sant\u00e9 SBH","description":"","potentialAction":[{"@type":"SearchAction","target":{"@type":"EntryPoint","urlTemplate":"https:\/\/www.sbhny.org\/?s={search_term_string}"},"query-input":{"@type":"PropertyValueSpecification","valueRequired":true,"valueName":"search_term_string"}}],"inLanguage":"fr-FR"}]}},"_links":{"self":[{"href":"https:\/\/www.sbhny.org\/fr\/wp-json\/wp\/v2\/pages\/2899","targetHints":{"allow":["GET"]}}],"collection":[{"href":"https:\/\/www.sbhny.org\/fr\/wp-json\/wp\/v2\/pages"}],"about":[{"href":"https:\/\/www.sbhny.org\/fr\/wp-json\/wp\/v2\/types\/page"}],"author":[{"embeddable":true,"href":"https:\/\/www.sbhny.org\/fr\/wp-json\/wp\/v2\/users\/3"}],"replies":[{"embeddable":true,"href":"https:\/\/www.sbhny.org\/fr\/wp-json\/wp\/v2\/comments?post=2899"}],"version-history":[{"count":0,"href":"https:\/\/www.sbhny.org\/fr\/wp-json\/wp\/v2\/pages\/2899\/revisions"}],"wp:attachment":[{"href":"https:\/\/www.sbhny.org\/fr\/wp-json\/wp\/v2\/media?parent=2899"}],"curies":[{"name":"wp","href":"https:\/\/api.w.org\/{rel}","templated":true}]}}