{"id":3081,"date":"2024-07-24T19:08:03","date_gmt":"2024-07-24T19:08:03","guid":{"rendered":"https:\/\/sbhny.wpenginepowered.com\/?page_id=3081"},"modified":"2025-12-18T14:02:05","modified_gmt":"2025-12-18T14:02:05","slug":"community-service-activites","status":"publish","type":"page","link":"https:\/\/www.sbhny.org\/fr\/community-engagement\/community-service-activites\/","title":{"rendered":"Activit\u00e9s de service communautaire"},"content":{"rendered":"<section class=\"breadcrumb-eyebrow-marquee\">\n  <div class=\"max-width marquee-spacing\">\n    <nav class=\"breadcrumbs\" aria-label=\"Fil d&#039;Ariane\">\n      <ul class=\"breadcrumbs-list\" itemscope itemtype=\"https:\/\/schema.org\/BreadcrumbList\">\n        <li itemprop=\"itemListElement\" itemscope\n itemtype=\"https:\/\/schema.org\/ListItem\"><a itemprop=\"item\" href=\"\/fr\/\"><span itemprop=\"name\">Maison<\/span><\/a><\/li>\n        <li class=\"page_item page-item-1942\"><a href=\"https:\/\/www.sbhny.org\/fr\/community-engagement\/\">Engagement communautaire<\/a><\/li>\n        \n        <li itemprop=\"itemListElement\" itemscope\n itemtype=\"https:\/\/schema.org\/ListItem\"><a itemprop=\"item\" class=\"current\" aria-current=\"page\" href=\"https:\/\/www.sbhny.org\/fr\/community-engagement\/community-service-activites\/\"><span itemprop=\"name\">Activit\u00e9s de service communautaire<\/span><\/a><\/li>\n    <\/ul>\n\n    <\/nav>\n    <div class=\"eyebrow\">\n              <p class=\"main-heading\">Activit\u00e9s de service communautaire<\/p>\n          <\/div>    \n  <\/div>\n<\/section>\n\n\n<section class=\"image-twocol-hero background-image\">\n  <div class=\"max-width standard-spacing twocol-row\">\n\n          <div class=\"image-col twocol-col\" style=\"background-image: url('https:\/\/www.sbhny.org\/wp-content\/uploads\/2024\/09\/shutterstock_367260275-scaled.jpg');\"><\/div>\n    \n\n    <div class=\"content-col twocol-col\">\n              <h1 class=\"main-heading\">Activit\u00e9s de service communautaire<\/h1>\n            <div class=\"body-copy\">\n        <p>Conform\u00e9ment \u00e0 notre conviction que les programmes d'\u00e9ducation et de promotion de la sant\u00e9 sont essentiels \u00e0 la mission du SBH Health System<\/p>\n      <\/div>\n      \n        \n      \n          <\/div>\n  <\/div>\n<\/section>\n\n\n<section class=\"twocol-accordion-section\">\n  <div class=\"max-width standard-spacing twocol-row\">\n    <div class=\"twocol-col intro-copy-col\">\n      \n              <h2 class=\"subheading\">Nos activit\u00e9s communautaires<\/h2>\n      \n          <\/div>\n\n        <div class=\"twocol-col accordion-section\">\n\n    \n    <div class=\"accordion-card open\" itemscope=\"itemscope\" itemprop=\"mainEntity\" itemtype=\"https:\/\/schema.org\/Question\">\n      <div class=\"accordion-card-header\">\n        <button id=\"twocol_id_Medical-MarketingPromotional-Activities\" class=\"accordion-button large-body-copy\" aria-expanded=\"true\" aria-controls=\"twocol_Medical-MarketingPromotional-Activities\">Marketing m\u00e9dical\/activit\u00e9s promotionnelles<\/button>\n      <\/div>\n      <div class=\"accordion-card-content body-copy\" itemscope=\"itemscope\" itemprop=\"acceptedAnswer\" itemtype=\"https:\/\/schema.org\/Answer\" id=\"twocol_Medical-MarketingPromotional-Activities\" aria-labelledby=\"twocol_id_Medical-MarketingPromotional-Activities\" role=\"region\">\n        <p>Le personnel des d\u00e9partements des affaires communautaires et des affaires ext\u00e9rieures travaille en \u00e9troite collaboration sur une s\u00e9rie d'activit\u00e9s de marketing et de promotion concernant l'offre \u00e9tendue de services m\u00e9dicaux, dentaires et de sant\u00e9 mentale du syst\u00e8me de sant\u00e9 SBH.<\/p>\n      <\/div>\n    <\/div>\n\n    \n    <div class=\"accordion-card open\" itemscope=\"itemscope\" itemprop=\"mainEntity\" itemtype=\"https:\/\/schema.org\/Question\">\n      <div class=\"accordion-card-header\">\n        <button id=\"twocol_id_Collaboration-with-Community-Based-Organizations-and-Neighborhood-Service-Providers\" class=\"accordion-button large-body-copy\" aria-expanded=\"true\" aria-controls=\"twocol_Collaboration-with-Community-Based-Organizations-and-Neighborhood-Service-Providers\">Collaboration avec les organisations communautaires et les prestataires de services de proximit\u00e9<\/button>\n      <\/div>\n      <div class=\"accordion-card-content body-copy\" itemscope=\"itemscope\" itemprop=\"acceptedAnswer\" itemtype=\"https:\/\/schema.org\/Answer\" id=\"twocol_Collaboration-with-Community-Based-Organizations-and-Neighborhood-Service-Providers\" aria-labelledby=\"twocol_id_Collaboration-with-Community-Based-Organizations-and-Neighborhood-Service-Providers\" role=\"region\">\n        <p>Le personnel de l'h\u00f4pital si\u00e8ge aux conseils de planification de la communaut\u00e9 du Bronx, aux conseils d'organisations locales et aux conseils consultatifs m\u00e9dicaux locaux. \u00c0 ce titre, le personnel coordonne les pr\u00e9sentations multilingues de toutes les disciplines de sant\u00e9 de St. Barnabas lors des r\u00e9unions r\u00e9guli\u00e8res des conseils d'administration, des auditions publiques et des r\u00e9unions des organisations communautaires locales. <\/p>\n<p>Cette collaboration avec les r\u00e9seaux de services de proximit\u00e9 offre au personnel du SBH Health System une occasion unique de faire conna\u00eetre aux habitants de la r\u00e9gion les professionnels de sant\u00e9 de l'h\u00f4pital et la constellation des services de sant\u00e9 disponibles. Le personnel charg\u00e9 du marketing m\u00e9dical conclut et maintient des accords d'affiliation avec les prestataires de services afin de garantir l'accessibilit\u00e9 des soins de sant\u00e9 aux clients des prestataires et des programmes de traitement bas\u00e9s dans la communaut\u00e9. Ces accords d'affiliation font l'objet d'un suivi attentif pour en v\u00e9rifier l'efficacit\u00e9 et sont r\u00e9vis\u00e9s si n\u00e9cessaire.<\/p>\n      <\/div>\n    <\/div>\n\n    \n    <div class=\"accordion-card open\" itemscope=\"itemscope\" itemprop=\"mainEntity\" itemtype=\"https:\/\/schema.org\/Question\">\n      <div class=\"accordion-card-header\">\n        <button id=\"twocol_id_SBH-Wellness-Alliance-SBHWA\" class=\"accordion-button large-body-copy\" aria-expanded=\"true\" aria-controls=\"twocol_SBH-Wellness-Alliance-SBHWA\">Alliance SBH Wellness (SBHWA)<\/button>\n      <\/div>\n      <div class=\"accordion-card-content body-copy\" itemscope=\"itemscope\" itemprop=\"acceptedAnswer\" itemtype=\"https:\/\/schema.org\/Answer\" id=\"twocol_SBH-Wellness-Alliance-SBHWA\" aria-labelledby=\"twocol_id_SBH-Wellness-Alliance-SBHWA\" role=\"region\">\n        <p>La SBH Wellness Alliance (SBHWA) est une reconnaissance de l'importance des partenariats communautaires. Tout en promouvant l'\u00e9quit\u00e9 en mati\u00e8re de sant\u00e9, l'acc\u00e8s et la sensibilit\u00e9 culturelle, la SBHWA rassemble r\u00e9guli\u00e8rement des partenaires et des parties prenantes de la communaut\u00e9 dans le but commun d'am\u00e9liorer la sant\u00e9 et le bien-\u00eatre de la communaut\u00e9 que nous servons.<\/p>\n      <\/div>\n    <\/div>\n\n    \n    <div class=\"accordion-card open\" itemscope=\"itemscope\" itemprop=\"mainEntity\" itemtype=\"https:\/\/schema.org\/Question\">\n      <div class=\"accordion-card-header\">\n        <button id=\"twocol_id_Community-Health-Fairs\" class=\"accordion-button large-body-copy\" aria-expanded=\"true\" aria-controls=\"twocol_Community-Health-Fairs\">Foires de sant\u00e9 communautaire<\/button>\n      <\/div>\n      <div class=\"accordion-card-content body-copy\" itemscope=\"itemscope\" itemprop=\"acceptedAnswer\" itemtype=\"https:\/\/schema.org\/Answer\" id=\"twocol_Community-Health-Fairs\" aria-labelledby=\"twocol_id_Community-Health-Fairs\" role=\"region\">\n        <p>Les membres du personnel du SBH Health System organisent et\/ou participent \u00e0 des foires de la sant\u00e9 dans les communaut\u00e9s environnantes, tr\u00e8s diversifi\u00e9es et riches sur le plan culturel. Nous sommes conscients des perspectives et des diff\u00e9rences culturelles et veillons \u00e0 ce que les gens re\u00e7oivent les informations de mani\u00e8re appropri\u00e9e.  Ces \u00e9v\u00e9nements sont organis\u00e9s sur place dans les centres de services sociaux de quartier, les \u00e9glises, les \u00e9coles et les centres pour personnes \u00e2g\u00e9es, souvent en coop\u00e9ration avec les conseils de planification communautaire locaux ou les associations de commer\u00e7ants. Des salons de la sant\u00e9 sont \u00e9galement organis\u00e9s sur le campus, dans les \u00e9tablissements de sant\u00e9 hospitaliers ou devant ceux-ci.<\/p>\n      <\/div>\n    <\/div>\n\n    \n    <div class=\"accordion-card open\" itemscope=\"itemscope\" itemprop=\"mainEntity\" itemtype=\"https:\/\/schema.org\/Question\">\n      <div class=\"accordion-card-header\">\n        <button id=\"twocol_id_Mobile-Mammography-Vehicle\" class=\"accordion-button large-body-copy\" aria-expanded=\"true\" aria-controls=\"twocol_Mobile-Mammography-Vehicle\">V\u00e9hicule de mammographie mobile<\/button>\n      <\/div>\n      <div class=\"accordion-card-content body-copy\" itemscope=\"itemscope\" itemprop=\"acceptedAnswer\" itemtype=\"https:\/\/schema.org\/Answer\" id=\"twocol_Mobile-Mammography-Vehicle\" aria-labelledby=\"twocol_id_Mobile-Mammography-Vehicle\" role=\"region\">\n        <p>Le SBH Health System poss\u00e8de la seule camionnette de mammographie mobile bas\u00e9e dans le Bronx. Ce v\u00e9hicule est utilis\u00e9 pour effectuer des mammographies, enseigner aux femmes la technique de l'auto-examen des seins et les orienter vers des soins de suivi. Les services sont accessibles aux femmes assur\u00e9es ou non assur\u00e9es, quel que soit leur statut de citoyennet\u00e9. Le v\u00e9hicule sert \u00e9galement \u00e0 distribuer de la documentation sur la sant\u00e9, \u00e0 sensibiliser au cancer du sein et \u00e0 informer les visiteurs des services de sant\u00e9 disponibles \u00e0 l'h\u00f4pital.<\/p>\n      <\/div>\n    <\/div>\n\n    \n    <div class=\"accordion-card open\" itemscope=\"itemscope\" itemprop=\"mainEntity\" itemtype=\"https:\/\/schema.org\/Question\">\n      <div class=\"accordion-card-header\">\n        <button id=\"twocol_id_Community-Center-of-Excellence-in-Womens-Health-CCOE\" class=\"accordion-button large-body-copy\" aria-expanded=\"true\" aria-controls=\"twocol_Community-Center-of-Excellence-in-Womens-Health-CCOE\">Centre communautaire d'excellence pour la sant\u00e9 des femmes [CCOE]<\/button>\n      <\/div>\n      <div class=\"accordion-card-content body-copy\" itemscope=\"itemscope\" itemprop=\"acceptedAnswer\" itemtype=\"https:\/\/schema.org\/Answer\" id=\"twocol_Community-Center-of-Excellence-in-Womens-Health-CCOE\" aria-labelledby=\"twocol_id_Community-Center-of-Excellence-in-Womens-Health-CCOE\" role=\"region\">\n        <p>Le SBH s'associe \u00e0 la communaut\u00e9 pour promouvoir le bien-\u00eatre et l'\u00e9ducation \u00e0 la pr\u00e9vention des maladies. Nos ateliers d'\u00e9ducation \u00e0 la sant\u00e9 se d\u00e9roulent dans des lieux communautaires, le jour et le soir, et sont propos\u00e9s en anglais, en espagnol et en fran\u00e7ais. Faites-nous savoir quels sont les sujets sur lesquels vous souhaitez en savoir plus. Les d\u00e9pistages propos\u00e9s lors des foires de sant\u00e9 communautaire comprennent les examens dentaires et la tension art\u00e9rielle.<\/p>\n      <\/div>\n    <\/div>\n\n    \n    <div class=\"accordion-card open\" itemscope=\"itemscope\" itemprop=\"mainEntity\" itemtype=\"https:\/\/schema.org\/Question\">\n      <div class=\"accordion-card-header\">\n        <button id=\"twocol_id_Community-Service-Plan-CSP\" class=\"accordion-button large-body-copy\" aria-expanded=\"true\" aria-controls=\"twocol_Community-Service-Plan-CSP\">Plan de service communautaire [PSC]<\/button>\n      <\/div>\n      <div class=\"accordion-card-content body-copy\" itemscope=\"itemscope\" itemprop=\"acceptedAnswer\" itemtype=\"https:\/\/schema.org\/Answer\" id=\"twocol_Community-Service-Plan-CSP\" aria-labelledby=\"twocol_id_Community-Service-Plan-CSP\" role=\"region\">\n        <p>Le plan de service communautaire de l'h\u00f4pital St Barnabas est une r\u00e9ponse \u00e0 l'initiative \"\u00c9tat le plus sain\" de l'\u00c9tat de New York, appel\u00e9e \"Agenda de la pr\u00e9vention\". L'h\u00f4pital participe \u00e0 une approche collaborative de l'\u00e9valuation et de la planification de la sant\u00e9 communautaire et documente ces efforts dans son plan de service communautaire. <\/p>\n<p>L'\u00c9tat a s\u00e9lectionn\u00e9 dix priorit\u00e9s en mati\u00e8re de sant\u00e9 publique et a demand\u00e9 \u00e0 l'h\u00f4pital de se concentrer sur certains sujets sur une p\u00e9riode de trois ans. L'h\u00f4pital St Barnabas a identifi\u00e9 l'acc\u00e8s \u00e0 des soins de sant\u00e9 de qualit\u00e9, le tabagisme et le diab\u00e8te comme trois questions importantes \u00e0 traiter. Le groupe se r\u00e9unit r\u00e9guli\u00e8rement et s'engage dans des activit\u00e9s conjointes et\/ou ind\u00e9pendantes pour aborder les mesures de sant\u00e9 et travailler \u00e0 l'am\u00e9lioration des r\u00e9sultats de sant\u00e9 pour les r\u00e9sidents du Bronx.<\/p>\n      <\/div>\n    <\/div>\n\n    \n    <div class=\"accordion-card open\" itemscope=\"itemscope\" itemprop=\"mainEntity\" itemtype=\"https:\/\/schema.org\/Question\">\n      <div class=\"accordion-card-header\">\n        <button id=\"twocol_id_Information-Display-Tabling\" class=\"accordion-button large-body-copy\" aria-expanded=\"true\" aria-controls=\"twocol_Information-Display-Tabling\">Affichage de l'information Tableaux<\/button>\n      <\/div>\n      <div class=\"accordion-card-content body-copy\" itemscope=\"itemscope\" itemprop=\"acceptedAnswer\" itemtype=\"https:\/\/schema.org\/Answer\" id=\"twocol_Information-Display-Tabling\" aria-labelledby=\"twocol_id_Information-Display-Tabling\" role=\"region\">\n        <p>Dans un effort constant pour promouvoir la sensibilisation et l'information sur un large \u00e9ventail de questions de sant\u00e9, en particulier celles qui constituent les principaux indicateurs de sant\u00e9 pour les communaut\u00e9s desservies par St. Barnabas, telles que les maladies cardiaques, la BPCO, le cancer, l'asthme, le VIH\/SIDA, le diab\u00e8te et l'ob\u00e9sit\u00e9, l'\u00e9ducateur de sant\u00e9, les b\u00e9n\u00e9voles de l'h\u00f4pital (Always Caring Volunteers) et les professionnels de la sant\u00e9 repr\u00e9sentant les diff\u00e9rentes disciplines de sant\u00e9 du SBH Health System travaillent en \u00e9troite collaboration pour pr\u00e9parer des affiches et de la documentation \u00e0 distribuer aux patients, aux visiteurs et au personnel de l'h\u00f4pital et des sites de soins ambulatoires. Les professionnels de la sant\u00e9 restent disponibles pour aborder un sujet donn\u00e9. <\/p>\n<p>Les tables d'information sur la sant\u00e9, tenues par les b\u00e9n\u00e9voles d'Always Caring, sont strat\u00e9giquement plac\u00e9es dans le hall principal de l'h\u00f4pital et dans les salles d'attente des patients de l'h\u00f4pital et du r\u00e9seau de soins ambulatoires. La plupart des documents sanitaires distribu\u00e9s sont publi\u00e9s par le CDC f\u00e9d\u00e9ral, le d\u00e9partement de la sant\u00e9 de l'\u00c9tat de New York et le d\u00e9partement de la sant\u00e9 et de l'hygi\u00e8ne mentale de la ville de New York.<\/p>\n      <\/div>\n    <\/div>\n\n    \n    <div class=\"accordion-card open\" itemscope=\"itemscope\" itemprop=\"mainEntity\" itemtype=\"https:\/\/schema.org\/Question\">\n      <div class=\"accordion-card-header\">\n        <button id=\"twocol_id_Volunteering-at-SBH\" class=\"accordion-button large-body-copy\" aria-expanded=\"true\" aria-controls=\"twocol_Volunteering-at-SBH\">Le b\u00e9n\u00e9volat au SBH<\/button>\n      <\/div>\n      <div class=\"accordion-card-content body-copy\" itemscope=\"itemscope\" itemprop=\"acceptedAnswer\" itemtype=\"https:\/\/schema.org\/Answer\" id=\"twocol_Volunteering-at-SBH\" aria-labelledby=\"twocol_id_Volunteering-at-SBH\" role=\"region\">\n        <p><a href=\"https:\/\/www.volgistics.com\/appform\/119678894\">Stage en \u00e9cole non clinique<\/a><br \/>\n<br \/>\n<a href=\"https:\/\/www.volgistics.com\/appform\/119678894\" target=\"_blank\">Manifestation d'int\u00e9r\u00eat des volontaires \/ Stage clinique<\/a><\/p>\n      <\/div>\n    <\/div>\n\n    \n    <\/div>\n    \n\n\n  <\/div>\n<\/section>","protected":false},"excerpt":{"rendered":"","protected":false},"author":3,"featured_media":0,"parent":1942,"menu_order":0,"comment_status":"closed","ping_status":"closed","template":"","meta":{"_acf_changed":false,"_eb_attr":"","_price":"","_stock":"","_tribe_ticket_header":"","_tribe_default_ticket_provider":"","_tribe_ticket_capacity":"0","_ticket_start_date":"","_ticket_end_date":"","_tribe_ticket_show_description":"","_tribe_ticket_show_not_going":false,"_tribe_ticket_use_global_stock":"","_tribe_ticket_global_stock_level":"","_global_stock_mode":"","_global_stock_cap":"","_tribe_rsvp_for_event":"","_tribe_ticket_going_count":"","_tribe_ticket_not_going_count":"","_tribe_tickets_list":"[]","_tribe_ticket_has_attendee_info_fields":false,"footnotes":""},"class_list":["post-3081","page","type-page","status-publish","hentry"],"acf":[],"yoast_head":"<!-- This site is optimized with the Yoast SEO plugin v26.5 - https:\/\/yoast.com\/wordpress\/plugins\/seo\/ -->\n<title>Community Service Activites - SBH Health System<\/title>\n<meta name=\"robots\" content=\"index, follow, max-snippet:-1, max-image-preview:large, max-video-preview:-1\" \/>\n<link rel=\"canonical\" href=\"https:\/\/www.sbhny.org\/fr\/community-engagement\/community-service-activites\/\" \/>\n<meta property=\"og:locale\" content=\"fr_FR\" \/>\n<meta property=\"og:type\" content=\"article\" \/>\n<meta property=\"og:title\" content=\"Community Service Activites - SBH Health System\" \/>\n<meta property=\"og:url\" content=\"https:\/\/www.sbhny.org\/fr\/community-engagement\/community-service-activites\/\" \/>\n<meta property=\"og:site_name\" content=\"SBH Health System\" \/>\n<meta property=\"article:publisher\" content=\"https:\/\/www.facebook.com\/SBHBronx\/\" \/>\n<meta property=\"article:modified_time\" content=\"2025-12-18T14:02:05+00:00\" \/>\n<meta name=\"twitter:card\" content=\"summary_large_image\" \/>\n<meta name=\"twitter:site\" content=\"@sbhbronx\" \/>\n<script type=\"application\/ld+json\" class=\"yoast-schema-graph\">{\"@context\":\"https:\/\/schema.org\",\"@graph\":[{\"@type\":\"WebPage\",\"@id\":\"https:\/\/www.sbhny.org\/community-engagement\/community-service-activites\/\",\"url\":\"https:\/\/www.sbhny.org\/community-engagement\/community-service-activites\/\",\"name\":\"Community Service Activites - SBH Health System\",\"isPartOf\":{\"@id\":\"https:\/\/www.sbhny.org\/#website\"},\"datePublished\":\"2024-07-24T19:08:03+00:00\",\"dateModified\":\"2025-12-18T14:02:05+00:00\",\"breadcrumb\":{\"@id\":\"https:\/\/www.sbhny.org\/community-engagement\/community-service-activites\/#breadcrumb\"},\"inLanguage\":\"fr-FR\",\"potentialAction\":[{\"@type\":\"ReadAction\",\"target\":[\"https:\/\/www.sbhny.org\/community-engagement\/community-service-activites\/\"]}]},{\"@type\":\"BreadcrumbList\",\"@id\":\"https:\/\/www.sbhny.org\/community-engagement\/community-service-activites\/#breadcrumb\",\"itemListElement\":[{\"@type\":\"ListItem\",\"position\":1,\"name\":\"Home\",\"item\":\"https:\/\/www.sbhny.org\/\"},{\"@type\":\"ListItem\",\"position\":2,\"name\":\"Community Engagement\",\"item\":\"https:\/\/www.sbhny.org\/community-engagement\/\"},{\"@type\":\"ListItem\",\"position\":3,\"name\":\"Community Service Activites\"}]},{\"@type\":\"WebSite\",\"@id\":\"https:\/\/www.sbhny.org\/#website\",\"url\":\"https:\/\/www.sbhny.org\/\",\"name\":\"SBH Health System\",\"description\":\"\",\"potentialAction\":[{\"@type\":\"SearchAction\",\"target\":{\"@type\":\"EntryPoint\",\"urlTemplate\":\"https:\/\/www.sbhny.org\/?s={search_term_string}\"},\"query-input\":{\"@type\":\"PropertyValueSpecification\",\"valueRequired\":true,\"valueName\":\"search_term_string\"}}],\"inLanguage\":\"fr-FR\"}]}<\/script>\n<!-- \/ Yoast SEO plugin. -->","yoast_head_json":{"title":"Community Service Activites - SBH Health System","robots":{"index":"index","follow":"follow","max-snippet":"max-snippet:-1","max-image-preview":"max-image-preview:large","max-video-preview":"max-video-preview:-1"},"canonical":"https:\/\/www.sbhny.org\/fr\/community-engagement\/community-service-activites\/","og_locale":"fr_FR","og_type":"article","og_title":"Community Service Activites - SBH Health System","og_url":"https:\/\/www.sbhny.org\/fr\/community-engagement\/community-service-activites\/","og_site_name":"SBH Health System","article_publisher":"https:\/\/www.facebook.com\/SBHBronx\/","article_modified_time":"2025-12-18T14:02:05+00:00","twitter_card":"summary_large_image","twitter_site":"@sbhbronx","schema":{"@context":"https:\/\/schema.org","@graph":[{"@type":"WebPage","@id":"https:\/\/www.sbhny.org\/community-engagement\/community-service-activites\/","url":"https:\/\/www.sbhny.org\/community-engagement\/community-service-activites\/","name":"Community Service Activites - SBH Health System","isPartOf":{"@id":"https:\/\/www.sbhny.org\/#website"},"datePublished":"2024-07-24T19:08:03+00:00","dateModified":"2025-12-18T14:02:05+00:00","breadcrumb":{"@id":"https:\/\/www.sbhny.org\/community-engagement\/community-service-activites\/#breadcrumb"},"inLanguage":"fr-FR","potentialAction":[{"@type":"ReadAction","target":["https:\/\/www.sbhny.org\/community-engagement\/community-service-activites\/"]}]},{"@type":"BreadcrumbList","@id":"https:\/\/www.sbhny.org\/community-engagement\/community-service-activites\/#breadcrumb","itemListElement":[{"@type":"ListItem","position":1,"name":"Home","item":"https:\/\/www.sbhny.org\/"},{"@type":"ListItem","position":2,"name":"Community Engagement","item":"https:\/\/www.sbhny.org\/community-engagement\/"},{"@type":"ListItem","position":3,"name":"Community Service Activites"}]},{"@type":"WebSite","@id":"https:\/\/www.sbhny.org\/#website","url":"https:\/\/www.sbhny.org\/","name":"Syst\u00e8me de sant\u00e9 SBH","description":"","potentialAction":[{"@type":"SearchAction","target":{"@type":"EntryPoint","urlTemplate":"https:\/\/www.sbhny.org\/?s={search_term_string}"},"query-input":{"@type":"PropertyValueSpecification","valueRequired":true,"valueName":"search_term_string"}}],"inLanguage":"fr-FR"}]}},"_links":{"self":[{"href":"https:\/\/www.sbhny.org\/fr\/wp-json\/wp\/v2\/pages\/3081","targetHints":{"allow":["GET"]}}],"collection":[{"href":"https:\/\/www.sbhny.org\/fr\/wp-json\/wp\/v2\/pages"}],"about":[{"href":"https:\/\/www.sbhny.org\/fr\/wp-json\/wp\/v2\/types\/page"}],"author":[{"embeddable":true,"href":"https:\/\/www.sbhny.org\/fr\/wp-json\/wp\/v2\/users\/3"}],"replies":[{"embeddable":true,"href":"https:\/\/www.sbhny.org\/fr\/wp-json\/wp\/v2\/comments?post=3081"}],"version-history":[{"count":0,"href":"https:\/\/www.sbhny.org\/fr\/wp-json\/wp\/v2\/pages\/3081\/revisions"}],"up":[{"embeddable":true,"href":"https:\/\/www.sbhny.org\/fr\/wp-json\/wp\/v2\/pages\/1942"}],"wp:attachment":[{"href":"https:\/\/www.sbhny.org\/fr\/wp-json\/wp\/v2\/media?parent=3081"}],"curies":[{"name":"wp","href":"https:\/\/api.w.org\/{rel}","templated":true}]}}