{"id":3082,"date":"2024-07-24T19:08:21","date_gmt":"2024-07-24T19:08:21","guid":{"rendered":"https:\/\/sbhny.wpenginepowered.com\/?page_id=3082"},"modified":"2024-10-02T16:13:13","modified_gmt":"2024-10-02T16:13:13","slug":"stop-tobacco","status":"publish","type":"page","link":"https:\/\/www.sbhny.org\/fr\/community-engagement\/stop-tobacco\/","title":{"rendered":"Stop Tobacco"},"content":{"rendered":"<section class=\"breadcrumb-eyebrow-marquee\">\n  <div class=\"max-width marquee-spacing\">\n    <nav class=\"breadcrumbs\" aria-label=\"Fil d&#039;Ariane\">\n      <ul class=\"breadcrumbs-list\" itemscope itemtype=\"https:\/\/schema.org\/BreadcrumbList\">\n        <li itemprop=\"itemListElement\" itemscope\n itemtype=\"https:\/\/schema.org\/ListItem\"><a itemprop=\"item\" href=\"\/fr\/\"><span itemprop=\"name\">Maison<\/span><\/a><\/li>\n        <li class=\"page_item page-item-1942\"><a href=\"https:\/\/www.sbhny.org\/fr\/community-engagement\/\">Engagement communautaire<\/a><\/li>\n        \n        <li itemprop=\"itemListElement\" itemscope\n itemtype=\"https:\/\/schema.org\/ListItem\"><a itemprop=\"item\" class=\"current\" aria-current=\"page\" href=\"https:\/\/www.sbhny.org\/fr\/community-engagement\/stop-tobacco\/\"><span itemprop=\"name\">Stop Tobacco<\/span><\/a><\/li>\n    <\/ul>\n\n    <\/nav>\n    <div class=\"eyebrow\">\n              <p class=\"main-heading\">Stop Tobacco<\/p>\n          <\/div>    \n  <\/div>\n<\/section>\n\n\n<section class=\"image-twocol-hero background-image\">\n  <div class=\"max-width standard-spacing twocol-row\">\n\n          <div class=\"image-col twocol-col\" style=\"background-image: url('https:\/\/www.sbhny.org\/wp-content\/uploads\/2024\/09\/shutterstock_2496842613-scaled.jpg');\"><\/div>\n    \n\n    <div class=\"content-col twocol-col\">\n              <h1 class=\"main-heading\">Breathe Freely, Live Fully \u2013 Say No to Tobacco!<\/h1>\n            <div class=\"body-copy\">\n              <\/div>\n              <div class=\"cta-row\">\n                  <a href=\"\/fr\/referrals\/\" target=\"\" class=\"btn\">Obtenir une recommandation<\/a>\n        \n                <\/div>        \n      \n        \n      \n          <\/div>\n  <\/div>\n<\/section>\n\n\n<section class=\"alternating-content-image-rows first gray\">\n\n  <div class=\"alternating-intro-copy max-width standard-spacing no-bottom-spacing\">\n    <!-- Display eyebrow if there is one -->\n        \n    <!-- Display heading if there is one -->\n        <h2 class=\"main-heading\">SBH is leading the way to a smoke-free future<\/h2>\n    \n    <!-- Display intro description if there is one -->\n        <div class=\"body-copy\"><p>At the forefront of smoking cessation, SBH achieved a milestone in May 2008 by becoming the first smoke-free hospital campus in the Bronx. The following year, we were honored with a plaque from the New York City Council for our proactive leadership in fostering a smoke-free community. <\/p>\n<p>Each year, SBH participates in the Great American Smokeout and, most recently, our smoking cessation team took part in Kick Butts Day, encouraging teens to STAND OUT, SPEAK UP, and SEIZE CONTROL AGAINST TOBACCO.<\/p>\n<\/div>\n      <\/div>\n    \n          <div class=\"standard-spacing no-side-spacing no-bottom-spacing content-image-block not-reversed\">\n            <div class=\"content-image-row\">\n              <div class=\"content-side\">\n  \n                <!-- Display icon if there is one -->\n                  \n                <!-- Display heading if there is one -->\n                <!-- If there is intro copy, display h3 -->\n                <!-- If there is no intro copy, display h2 -->\n                                  <h3 class=\"subheading\">Community Collaboration<\/h3>  \n                                  \n                <!-- Display body copy if there is body copy -->\n                                  <div class=\"body-copy\"><p>SBH actively collaborates with community programs to promote smoking cessation through outreach, patient resources, and partnerships with organizations like the American Cancer Society and <a href=\"https:\/\/einsteinmed.edu\/departments\/family-social-medicine\/bronx-breathes\/index.html\">Bronx BREATHES<\/a>.<\/p>\n<\/div>\n                  \n                                \n                \n                \n                  \n              <\/div>\n              \n              <!-- Display main image if there is an image -->\n                            <div class=\"image-side\" style=\"background-image: url('https:\/\/www.sbhny.org\/wp-content\/uploads\/2024\/09\/shutterstock_2014134038-scaled.jpg');\"><\/div>\n                \n            <\/div>\n          <\/div>\n  \n          \n          <div class=\"standard-spacing no-side-spacing no-bottom-spacing content-image-block not-reversed\">\n            <div class=\"content-image-row\">\n              <div class=\"content-side\">\n  \n                <!-- Display icon if there is one -->\n                  \n                <!-- Display heading if there is one -->\n                <!-- If there is intro copy, display h3 -->\n                <!-- If there is no intro copy, display h2 -->\n                                  <h3 class=\"subheading\">SBH Managed Programs<\/h3>  \n                                  \n                <!-- Display body copy if there is body copy -->\n                                  <div class=\"body-copy\"><p>Le SBH g\u00e8re un programme de sevrage tabagique qui utilise une combinaison de m\u00e9dicaments et de mesures de soutien pour aider les gens \u00e0 arr\u00eater de fumer. Ce programme comprend des traitements scientifiques visant \u00e0 minimiser les sympt\u00f4mes de sevrage de la nicotine chez les patients et \u00e0 maximiser leur succ\u00e8s dans la r\u00e9duction de la consommation de tabac ou dans l'arr\u00eat total du tabagisme.<\/p>\n<\/div>\n                  \n                                \n                \n                \n                  \n              <\/div>\n              \n              <!-- Display main image if there is an image -->\n                            <div class=\"image-side\" style=\"background-image: url('https:\/\/www.sbhny.org\/wp-content\/uploads\/2024\/09\/Support-Group-scaled.jpg');\"><\/div>\n                \n            <\/div>\n          <\/div>\n  \n        \n\n\n\n<\/section>","protected":false},"excerpt":{"rendered":"","protected":false},"author":3,"featured_media":0,"parent":1942,"menu_order":0,"comment_status":"closed","ping_status":"closed","template":"","meta":{"_acf_changed":true,"_eb_attr":"","_price":"","_stock":"","_tribe_ticket_header":"","_tribe_default_ticket_provider":"","_tribe_ticket_capacity":"0","_ticket_start_date":"","_ticket_end_date":"","_tribe_ticket_show_description":"","_tribe_ticket_show_not_going":false,"_tribe_ticket_use_global_stock":"","_tribe_ticket_global_stock_level":"","_global_stock_mode":"","_global_stock_cap":"","_tribe_rsvp_for_event":"","_tribe_ticket_going_count":"","_tribe_ticket_not_going_count":"","_tribe_tickets_list":"[]","_tribe_ticket_has_attendee_info_fields":false,"footnotes":""},"class_list":["post-3082","page","type-page","status-publish","hentry"],"acf":[],"yoast_head":"<!-- This site is optimized with the Yoast SEO plugin v26.5 - https:\/\/yoast.com\/wordpress\/plugins\/seo\/ -->\n<title>Stop Tobacco - SBH Health System<\/title>\n<meta name=\"robots\" content=\"index, follow, max-snippet:-1, max-image-preview:large, max-video-preview:-1\" \/>\n<link rel=\"canonical\" href=\"https:\/\/www.sbhny.org\/fr\/community-engagement\/stop-tobacco\/\" \/>\n<meta property=\"og:locale\" content=\"fr_FR\" \/>\n<meta property=\"og:type\" content=\"article\" \/>\n<meta property=\"og:title\" content=\"Stop Tobacco - SBH Health System\" \/>\n<meta property=\"og:url\" content=\"https:\/\/www.sbhny.org\/fr\/community-engagement\/stop-tobacco\/\" \/>\n<meta property=\"og:site_name\" content=\"SBH Health System\" \/>\n<meta property=\"article:publisher\" content=\"https:\/\/www.facebook.com\/SBHBronx\/\" \/>\n<meta property=\"article:modified_time\" content=\"2024-10-02T16:13:13+00:00\" \/>\n<meta name=\"twitter:card\" content=\"summary_large_image\" \/>\n<meta name=\"twitter:site\" content=\"@sbhbronx\" \/>\n<script type=\"application\/ld+json\" class=\"yoast-schema-graph\">{\"@context\":\"https:\/\/schema.org\",\"@graph\":[{\"@type\":\"WebPage\",\"@id\":\"https:\/\/www.sbhny.org\/community-engagement\/stop-tobacco\/\",\"url\":\"https:\/\/www.sbhny.org\/community-engagement\/stop-tobacco\/\",\"name\":\"Stop Tobacco - SBH Health System\",\"isPartOf\":{\"@id\":\"https:\/\/www.sbhny.org\/#website\"},\"datePublished\":\"2024-07-24T19:08:21+00:00\",\"dateModified\":\"2024-10-02T16:13:13+00:00\",\"breadcrumb\":{\"@id\":\"https:\/\/www.sbhny.org\/community-engagement\/stop-tobacco\/#breadcrumb\"},\"inLanguage\":\"fr-FR\",\"potentialAction\":[{\"@type\":\"ReadAction\",\"target\":[\"https:\/\/www.sbhny.org\/community-engagement\/stop-tobacco\/\"]}]},{\"@type\":\"BreadcrumbList\",\"@id\":\"https:\/\/www.sbhny.org\/community-engagement\/stop-tobacco\/#breadcrumb\",\"itemListElement\":[{\"@type\":\"ListItem\",\"position\":1,\"name\":\"Home\",\"item\":\"https:\/\/www.sbhny.org\/\"},{\"@type\":\"ListItem\",\"position\":2,\"name\":\"Community Engagement\",\"item\":\"https:\/\/www.sbhny.org\/community-engagement\/\"},{\"@type\":\"ListItem\",\"position\":3,\"name\":\"Stop Tobacco\"}]},{\"@type\":\"WebSite\",\"@id\":\"https:\/\/www.sbhny.org\/#website\",\"url\":\"https:\/\/www.sbhny.org\/\",\"name\":\"SBH Health System\",\"description\":\"\",\"potentialAction\":[{\"@type\":\"SearchAction\",\"target\":{\"@type\":\"EntryPoint\",\"urlTemplate\":\"https:\/\/www.sbhny.org\/?s={search_term_string}\"},\"query-input\":{\"@type\":\"PropertyValueSpecification\",\"valueRequired\":true,\"valueName\":\"search_term_string\"}}],\"inLanguage\":\"fr-FR\"}]}<\/script>\n<!-- \/ Yoast SEO plugin. -->","yoast_head_json":{"title":"Stop Tobacco - SBH Health System","robots":{"index":"index","follow":"follow","max-snippet":"max-snippet:-1","max-image-preview":"max-image-preview:large","max-video-preview":"max-video-preview:-1"},"canonical":"https:\/\/www.sbhny.org\/fr\/community-engagement\/stop-tobacco\/","og_locale":"fr_FR","og_type":"article","og_title":"Stop Tobacco - SBH Health System","og_url":"https:\/\/www.sbhny.org\/fr\/community-engagement\/stop-tobacco\/","og_site_name":"SBH Health System","article_publisher":"https:\/\/www.facebook.com\/SBHBronx\/","article_modified_time":"2024-10-02T16:13:13+00:00","twitter_card":"summary_large_image","twitter_site":"@sbhbronx","schema":{"@context":"https:\/\/schema.org","@graph":[{"@type":"WebPage","@id":"https:\/\/www.sbhny.org\/community-engagement\/stop-tobacco\/","url":"https:\/\/www.sbhny.org\/community-engagement\/stop-tobacco\/","name":"Stop Tobacco - SBH Health System","isPartOf":{"@id":"https:\/\/www.sbhny.org\/#website"},"datePublished":"2024-07-24T19:08:21+00:00","dateModified":"2024-10-02T16:13:13+00:00","breadcrumb":{"@id":"https:\/\/www.sbhny.org\/community-engagement\/stop-tobacco\/#breadcrumb"},"inLanguage":"fr-FR","potentialAction":[{"@type":"ReadAction","target":["https:\/\/www.sbhny.org\/community-engagement\/stop-tobacco\/"]}]},{"@type":"BreadcrumbList","@id":"https:\/\/www.sbhny.org\/community-engagement\/stop-tobacco\/#breadcrumb","itemListElement":[{"@type":"ListItem","position":1,"name":"Home","item":"https:\/\/www.sbhny.org\/"},{"@type":"ListItem","position":2,"name":"Community Engagement","item":"https:\/\/www.sbhny.org\/community-engagement\/"},{"@type":"ListItem","position":3,"name":"Stop Tobacco"}]},{"@type":"WebSite","@id":"https:\/\/www.sbhny.org\/#website","url":"https:\/\/www.sbhny.org\/","name":"Syst\u00e8me de sant\u00e9 SBH","description":"","potentialAction":[{"@type":"SearchAction","target":{"@type":"EntryPoint","urlTemplate":"https:\/\/www.sbhny.org\/?s={search_term_string}"},"query-input":{"@type":"PropertyValueSpecification","valueRequired":true,"valueName":"search_term_string"}}],"inLanguage":"fr-FR"}]}},"_links":{"self":[{"href":"https:\/\/www.sbhny.org\/fr\/wp-json\/wp\/v2\/pages\/3082","targetHints":{"allow":["GET"]}}],"collection":[{"href":"https:\/\/www.sbhny.org\/fr\/wp-json\/wp\/v2\/pages"}],"about":[{"href":"https:\/\/www.sbhny.org\/fr\/wp-json\/wp\/v2\/types\/page"}],"author":[{"embeddable":true,"href":"https:\/\/www.sbhny.org\/fr\/wp-json\/wp\/v2\/users\/3"}],"replies":[{"embeddable":true,"href":"https:\/\/www.sbhny.org\/fr\/wp-json\/wp\/v2\/comments?post=3082"}],"version-history":[{"count":0,"href":"https:\/\/www.sbhny.org\/fr\/wp-json\/wp\/v2\/pages\/3082\/revisions"}],"up":[{"embeddable":true,"href":"https:\/\/www.sbhny.org\/fr\/wp-json\/wp\/v2\/pages\/1942"}],"wp:attachment":[{"href":"https:\/\/www.sbhny.org\/fr\/wp-json\/wp\/v2\/media?parent=3082"}],"curies":[{"name":"wp","href":"https:\/\/api.w.org\/{rel}","templated":true}]}}