{"id":3913,"date":"2024-09-09T03:17:11","date_gmt":"2024-09-09T03:17:11","guid":{"rendered":"https:\/\/sbhny.wpenginepowered.com\/?page_id=3913"},"modified":"2024-09-09T16:24:45","modified_gmt":"2024-09-09T16:24:45","slug":"jitendra-barmecha-md","status":"publish","type":"page","link":"https:\/\/www.sbhny.org\/fr\/jitendra-barmecha-md\/","title":{"rendered":"Jitendra Barmecha, MD"},"content":{"rendered":"<section class=\"image-twocol-hero background-image\">\n  <div class=\"max-width standard-spacing twocol-row\">\n\n          <div class=\"image-col twocol-col\" style=\"background-image: url('https:\/\/www.sbhny.org\/wp-content\/uploads\/2024\/09\/Dr.-Barmecha-copy-1-e1729539290941.jpg');\"><\/div>\n    \n\n    <div class=\"content-col twocol-col\">\n              <h1 class=\"main-heading\">Jitendra Barmecha, MD, MPH, FACP, SFHM<\/h1>\n            <div class=\"body-copy\">\n        <div class=\"leadership-title\">\n<div class=\"leadership-titlev\"><strong>Premier vice-pr\u00e9sident<br \/>\n<\/strong><\/div>\n<p><strong>Directeur g\u00e9n\u00e9ral de l'information et de la strat\u00e9gie num\u00e9rique<\/strong><\/p>\n<\/div>\n      <\/div>\n      \n        \n      \n          <\/div>\n  <\/div>\n<\/section>\n\n<section class=\"text-block white-background\">\n  <div class=\"small-max-width standard-spacing body-copy\">\n    <p>As a Chief Information and Digital Strategy officer, he is involved in SBH Health System digital transformation journey by upgrading the health systems technical, medical devices &amp; telecom infrastructure, information security; ensuring clinical &amp; resource planning information systems and patient management devices are well integrated into the enterprise electronic health records for the future, care &amp; data innovations and implementing patient facing applications.<\/p>\n<p>Dr. Barmecha is a member of the senior executive team of the COVID-19 pandemic command center at SBHHS. He has been instrumental in providing technology, telecommunication, biomedical engineering, clinical, public health knowledge and resources for the emergency response, surge capacity, COVID vaccination and reopening strategies of the health system. During the early part of the COVID-19 pandemic, he contributed in the publication of \u201cTelehealth Implementation Playbook\u201d for the American Medical Association and \u201cTelemedicine for the physicians\u201d for the American College of Physicians. As a chairperson of the board of directors, he provides clinical leadership to the Bronx Regional Health Information Exchange (RHIO) &amp; Bronx Regional Informatics Center. He is the founding executive board member of NODE.Health \u2013 network of evidence in Digital Medicine, also serves on the healthcare advisory board for Verizon 5G and Salesforce.<\/p>\n<p>Dr. Barmecha also serves as a chair of the Digital and Telehealth Advisory Board at the American College of Physicians, New York eHealth Collaborative\u2019s Physician Advisory Group. He is the Immediate Past President of the NY State Chapter and fellow of the American College of Physicians and a Senior Fellow of the Society of Hospital Medicine.<\/p>\n<p>He began his clinical and healthcare leadership career at SBHHS as Chief Medical Resident after completing three years in the Internal Medicine Residency Program. Following his chief medical residency, he earned his MPH degree in Health Management and Policy at New York Medical College, while continuing to provide patient care and medical education services as faculty in the Department of Medicine at SBHHS.<\/p>\n  <\/div>\n<\/section>  \n\n\n\n\n<style>\n.leadership-title p {\n    font-size: 24px !important;\n    line-height: 2.4rem;\n}\n.leadership-titlev {margin-bottom:15px;\n    font-size: 24px !important;\n}\n<\/style>","protected":false},"excerpt":{"rendered":"","protected":false},"author":2,"featured_media":0,"parent":0,"menu_order":0,"comment_status":"closed","ping_status":"closed","template":"","meta":{"_acf_changed":true,"_eb_attr":"","_price":"","_stock":"","_tribe_ticket_header":"","_tribe_default_ticket_provider":"","_tribe_ticket_capacity":"0","_ticket_start_date":"","_ticket_end_date":"","_tribe_ticket_show_description":"","_tribe_ticket_show_not_going":false,"_tribe_ticket_use_global_stock":"","_tribe_ticket_global_stock_level":"","_global_stock_mode":"","_global_stock_cap":"","_tribe_rsvp_for_event":"","_tribe_ticket_going_count":"","_tribe_ticket_not_going_count":"","_tribe_tickets_list":"[]","_tribe_ticket_has_attendee_info_fields":false,"footnotes":""},"class_list":["post-3913","page","type-page","status-publish","hentry"],"acf":[],"yoast_head":"<!-- This site is optimized with the Yoast SEO plugin v26.5 - https:\/\/yoast.com\/wordpress\/plugins\/seo\/ -->\n<title>Jitendra Barmecha, MD - SBH Health System<\/title>\n<meta name=\"robots\" content=\"index, follow, max-snippet:-1, max-image-preview:large, max-video-preview:-1\" \/>\n<link rel=\"canonical\" href=\"https:\/\/www.sbhny.org\/fr\/jitendra-barmecha-md\/\" \/>\n<meta property=\"og:locale\" content=\"fr_FR\" \/>\n<meta property=\"og:type\" content=\"article\" \/>\n<meta property=\"og:title\" content=\"Jitendra Barmecha, MD - SBH Health System\" \/>\n<meta property=\"og:url\" content=\"https:\/\/www.sbhny.org\/fr\/jitendra-barmecha-md\/\" \/>\n<meta property=\"og:site_name\" content=\"SBH Health System\" \/>\n<meta property=\"article:publisher\" content=\"https:\/\/www.facebook.com\/SBHBronx\/\" \/>\n<meta property=\"article:modified_time\" content=\"2024-09-09T16:24:45+00:00\" \/>\n<meta name=\"twitter:card\" content=\"summary_large_image\" \/>\n<meta name=\"twitter:site\" content=\"@sbhbronx\" \/>\n<script type=\"application\/ld+json\" class=\"yoast-schema-graph\">{\"@context\":\"https:\/\/schema.org\",\"@graph\":[{\"@type\":\"WebPage\",\"@id\":\"https:\/\/www.sbhny.org\/jitendra-barmecha-md\/\",\"url\":\"https:\/\/www.sbhny.org\/jitendra-barmecha-md\/\",\"name\":\"Jitendra Barmecha, MD - SBH Health System\",\"isPartOf\":{\"@id\":\"https:\/\/www.sbhny.org\/#website\"},\"datePublished\":\"2024-09-09T03:17:11+00:00\",\"dateModified\":\"2024-09-09T16:24:45+00:00\",\"breadcrumb\":{\"@id\":\"https:\/\/www.sbhny.org\/jitendra-barmecha-md\/#breadcrumb\"},\"inLanguage\":\"fr-FR\",\"potentialAction\":[{\"@type\":\"ReadAction\",\"target\":[\"https:\/\/www.sbhny.org\/jitendra-barmecha-md\/\"]}]},{\"@type\":\"BreadcrumbList\",\"@id\":\"https:\/\/www.sbhny.org\/jitendra-barmecha-md\/#breadcrumb\",\"itemListElement\":[{\"@type\":\"ListItem\",\"position\":1,\"name\":\"Home\",\"item\":\"https:\/\/www.sbhny.org\/\"},{\"@type\":\"ListItem\",\"position\":2,\"name\":\"Jitendra Barmecha, MD\"}]},{\"@type\":\"WebSite\",\"@id\":\"https:\/\/www.sbhny.org\/#website\",\"url\":\"https:\/\/www.sbhny.org\/\",\"name\":\"SBH Health System\",\"description\":\"\",\"potentialAction\":[{\"@type\":\"SearchAction\",\"target\":{\"@type\":\"EntryPoint\",\"urlTemplate\":\"https:\/\/www.sbhny.org\/?s={search_term_string}\"},\"query-input\":{\"@type\":\"PropertyValueSpecification\",\"valueRequired\":true,\"valueName\":\"search_term_string\"}}],\"inLanguage\":\"fr-FR\"}]}<\/script>\n<!-- \/ Yoast SEO plugin. -->","yoast_head_json":{"title":"Jitendra Barmecha, MD - SBH Health System","robots":{"index":"index","follow":"follow","max-snippet":"max-snippet:-1","max-image-preview":"max-image-preview:large","max-video-preview":"max-video-preview:-1"},"canonical":"https:\/\/www.sbhny.org\/fr\/jitendra-barmecha-md\/","og_locale":"fr_FR","og_type":"article","og_title":"Jitendra Barmecha, MD - SBH Health System","og_url":"https:\/\/www.sbhny.org\/fr\/jitendra-barmecha-md\/","og_site_name":"SBH Health System","article_publisher":"https:\/\/www.facebook.com\/SBHBronx\/","article_modified_time":"2024-09-09T16:24:45+00:00","twitter_card":"summary_large_image","twitter_site":"@sbhbronx","schema":{"@context":"https:\/\/schema.org","@graph":[{"@type":"WebPage","@id":"https:\/\/www.sbhny.org\/jitendra-barmecha-md\/","url":"https:\/\/www.sbhny.org\/jitendra-barmecha-md\/","name":"Jitendra Barmecha, MD - SBH Health System","isPartOf":{"@id":"https:\/\/www.sbhny.org\/#website"},"datePublished":"2024-09-09T03:17:11+00:00","dateModified":"2024-09-09T16:24:45+00:00","breadcrumb":{"@id":"https:\/\/www.sbhny.org\/jitendra-barmecha-md\/#breadcrumb"},"inLanguage":"fr-FR","potentialAction":[{"@type":"ReadAction","target":["https:\/\/www.sbhny.org\/jitendra-barmecha-md\/"]}]},{"@type":"BreadcrumbList","@id":"https:\/\/www.sbhny.org\/jitendra-barmecha-md\/#breadcrumb","itemListElement":[{"@type":"ListItem","position":1,"name":"Home","item":"https:\/\/www.sbhny.org\/"},{"@type":"ListItem","position":2,"name":"Jitendra Barmecha, MD"}]},{"@type":"WebSite","@id":"https:\/\/www.sbhny.org\/#website","url":"https:\/\/www.sbhny.org\/","name":"Syst\u00e8me de sant\u00e9 SBH","description":"","potentialAction":[{"@type":"SearchAction","target":{"@type":"EntryPoint","urlTemplate":"https:\/\/www.sbhny.org\/?s={search_term_string}"},"query-input":{"@type":"PropertyValueSpecification","valueRequired":true,"valueName":"search_term_string"}}],"inLanguage":"fr-FR"}]}},"_links":{"self":[{"href":"https:\/\/www.sbhny.org\/fr\/wp-json\/wp\/v2\/pages\/3913","targetHints":{"allow":["GET"]}}],"collection":[{"href":"https:\/\/www.sbhny.org\/fr\/wp-json\/wp\/v2\/pages"}],"about":[{"href":"https:\/\/www.sbhny.org\/fr\/wp-json\/wp\/v2\/types\/page"}],"author":[{"embeddable":true,"href":"https:\/\/www.sbhny.org\/fr\/wp-json\/wp\/v2\/users\/2"}],"replies":[{"embeddable":true,"href":"https:\/\/www.sbhny.org\/fr\/wp-json\/wp\/v2\/comments?post=3913"}],"version-history":[{"count":0,"href":"https:\/\/www.sbhny.org\/fr\/wp-json\/wp\/v2\/pages\/3913\/revisions"}],"wp:attachment":[{"href":"https:\/\/www.sbhny.org\/fr\/wp-json\/wp\/v2\/media?parent=3913"}],"curies":[{"name":"wp","href":"https:\/\/api.w.org\/{rel}","templated":true}]}}