{"id":3940,"date":"2024-09-09T16:28:59","date_gmt":"2024-09-09T16:28:59","guid":{"rendered":"https:\/\/sbhny.wpenginepowered.com\/?page_id=3940"},"modified":"2024-09-09T16:29:01","modified_gmt":"2024-09-09T16:29:01","slug":"robert-church-rn","status":"publish","type":"page","link":"https:\/\/www.sbhny.org\/fr\/robert-church-rn\/","title":{"rendered":"Robert Church, RN"},"content":{"rendered":"<section class=\"image-twocol-hero background-image\">\n  <div class=\"max-width standard-spacing twocol-row\">\n\n          <div class=\"image-col twocol-col\" style=\"background-image: url('https:\/\/www.sbhny.org\/wp-content\/uploads\/2024\/09\/Church-l.jpg');\"><\/div>\n    \n\n    <div class=\"content-col twocol-col\">\n              <h1 class=\"main-heading\">Robert Church, RN, MS, MBA, NE-BC, FACHE<\/h1>\n            <div class=\"body-copy\">\n        <div class=\"leadership-title\">\n<div class=\"leadership-titlev\"><strong>Premier vice-pr\u00e9sident<br \/>\n<\/strong><\/div>\n<p><strong>Services de soins aux patients et infirmi\u00e8re en chef<\/strong><\/p>\n<\/div>\n      <\/div>\n      \n        \n      \n          <\/div>\n  <\/div>\n<\/section>\n\n<section class=\"text-block white-background\">\n  <div class=\"small-max-width standard-spacing body-copy\">\n    <p>Rob Church, RN, est le premier vice-pr\u00e9sident des services de soins aux patients et directeur des soins infirmiers de SBHS. Il est un dirigeant infirmier exp\u00e9riment\u00e9 qui a fait ses preuves dans le secteur des soins de sant\u00e9 depuis plus de 30 ans. Il supervise la pratique clinique des soins infirmiers, le d\u00e9veloppement professionnel, la formation et les r\u00e9sultats dans l'ensemble du syst\u00e8me de sant\u00e9.<\/p>\n<p>M. Church occupe actuellement le poste de secr\u00e9taire et de membre du conseil ex\u00e9cutif de la New York Organization of Nurse Leaders. Il a pr\u00e9c\u00e9demment occup\u00e9 les fonctions de pr\u00e9sident \u00e9lu en 2018, de pr\u00e9sident en 2019 et de pr\u00e9sident sortant en 2020 pour la section du Grand New York. M. Church est \u00e9galement membre de l'American College of Healthcare Executives et certifi\u00e9 en tant que cadre infirmier par l'American Nurses Credentialing Center (ANCC).<\/p>\n<p>Il a obtenu son BSN \u00e0 l'universit\u00e9 d'Adelphi et un master en traumatologie et soins infirmiers critiques \u00e0 l'universit\u00e9 du Maryland. Il est \u00e9galement titulaire d'un MBA de l'universit\u00e9 Rutgers.<\/p>\n  <\/div>\n<\/section>  \n\n\n\n\n<style>\n.leadership-title p {\n    font-size: 24px !important;\n    line-height: 2.4rem;\n}\n.leadership-titlev {margin-bottom:15px;\n    font-size: 24px !important;\n}\n<\/style>","protected":false},"excerpt":{"rendered":"","protected":false},"author":2,"featured_media":0,"parent":0,"menu_order":0,"comment_status":"closed","ping_status":"closed","template":"","meta":{"_acf_changed":true,"_eb_attr":"","_price":"","_stock":"","_tribe_ticket_header":"","_tribe_default_ticket_provider":"","_tribe_ticket_capacity":"0","_ticket_start_date":"","_ticket_end_date":"","_tribe_ticket_show_description":"","_tribe_ticket_show_not_going":false,"_tribe_ticket_use_global_stock":"","_tribe_ticket_global_stock_level":"","_global_stock_mode":"","_global_stock_cap":"","_tribe_rsvp_for_event":"","_tribe_ticket_going_count":"","_tribe_ticket_not_going_count":"","_tribe_tickets_list":"[]","_tribe_ticket_has_attendee_info_fields":false,"footnotes":""},"class_list":["post-3940","page","type-page","status-publish","hentry"],"acf":[],"yoast_head":"<!-- This site is optimized with the Yoast SEO plugin v26.5 - https:\/\/yoast.com\/wordpress\/plugins\/seo\/ -->\n<title>Robert Church, RN - SBH Health System<\/title>\n<meta name=\"robots\" content=\"index, follow, max-snippet:-1, max-image-preview:large, max-video-preview:-1\" \/>\n<link rel=\"canonical\" href=\"https:\/\/www.sbhny.org\/fr\/robert-church-rn\/\" \/>\n<meta property=\"og:locale\" content=\"fr_FR\" \/>\n<meta property=\"og:type\" content=\"article\" \/>\n<meta property=\"og:title\" content=\"Robert Church, RN - SBH Health System\" \/>\n<meta property=\"og:url\" content=\"https:\/\/www.sbhny.org\/fr\/robert-church-rn\/\" \/>\n<meta property=\"og:site_name\" content=\"SBH Health System\" \/>\n<meta property=\"article:publisher\" content=\"https:\/\/www.facebook.com\/SBHBronx\/\" \/>\n<meta property=\"article:modified_time\" content=\"2024-09-09T16:29:01+00:00\" \/>\n<meta name=\"twitter:card\" content=\"summary_large_image\" \/>\n<meta name=\"twitter:site\" content=\"@sbhbronx\" \/>\n<script type=\"application\/ld+json\" class=\"yoast-schema-graph\">{\"@context\":\"https:\/\/schema.org\",\"@graph\":[{\"@type\":\"WebPage\",\"@id\":\"https:\/\/www.sbhny.org\/robert-church-rn\/\",\"url\":\"https:\/\/www.sbhny.org\/robert-church-rn\/\",\"name\":\"Robert Church, RN - SBH Health System\",\"isPartOf\":{\"@id\":\"https:\/\/www.sbhny.org\/#website\"},\"datePublished\":\"2024-09-09T16:28:59+00:00\",\"dateModified\":\"2024-09-09T16:29:01+00:00\",\"breadcrumb\":{\"@id\":\"https:\/\/www.sbhny.org\/robert-church-rn\/#breadcrumb\"},\"inLanguage\":\"fr-FR\",\"potentialAction\":[{\"@type\":\"ReadAction\",\"target\":[\"https:\/\/www.sbhny.org\/robert-church-rn\/\"]}]},{\"@type\":\"BreadcrumbList\",\"@id\":\"https:\/\/www.sbhny.org\/robert-church-rn\/#breadcrumb\",\"itemListElement\":[{\"@type\":\"ListItem\",\"position\":1,\"name\":\"Home\",\"item\":\"https:\/\/www.sbhny.org\/\"},{\"@type\":\"ListItem\",\"position\":2,\"name\":\"Robert Church, RN\"}]},{\"@type\":\"WebSite\",\"@id\":\"https:\/\/www.sbhny.org\/#website\",\"url\":\"https:\/\/www.sbhny.org\/\",\"name\":\"SBH Health System\",\"description\":\"\",\"potentialAction\":[{\"@type\":\"SearchAction\",\"target\":{\"@type\":\"EntryPoint\",\"urlTemplate\":\"https:\/\/www.sbhny.org\/?s={search_term_string}\"},\"query-input\":{\"@type\":\"PropertyValueSpecification\",\"valueRequired\":true,\"valueName\":\"search_term_string\"}}],\"inLanguage\":\"fr-FR\"}]}<\/script>\n<!-- \/ Yoast SEO plugin. -->","yoast_head_json":{"title":"Robert Church, RN - SBH Health System","robots":{"index":"index","follow":"follow","max-snippet":"max-snippet:-1","max-image-preview":"max-image-preview:large","max-video-preview":"max-video-preview:-1"},"canonical":"https:\/\/www.sbhny.org\/fr\/robert-church-rn\/","og_locale":"fr_FR","og_type":"article","og_title":"Robert Church, RN - SBH Health System","og_url":"https:\/\/www.sbhny.org\/fr\/robert-church-rn\/","og_site_name":"SBH Health System","article_publisher":"https:\/\/www.facebook.com\/SBHBronx\/","article_modified_time":"2024-09-09T16:29:01+00:00","twitter_card":"summary_large_image","twitter_site":"@sbhbronx","schema":{"@context":"https:\/\/schema.org","@graph":[{"@type":"WebPage","@id":"https:\/\/www.sbhny.org\/robert-church-rn\/","url":"https:\/\/www.sbhny.org\/robert-church-rn\/","name":"Robert Church, RN - SBH Health System","isPartOf":{"@id":"https:\/\/www.sbhny.org\/#website"},"datePublished":"2024-09-09T16:28:59+00:00","dateModified":"2024-09-09T16:29:01+00:00","breadcrumb":{"@id":"https:\/\/www.sbhny.org\/robert-church-rn\/#breadcrumb"},"inLanguage":"fr-FR","potentialAction":[{"@type":"ReadAction","target":["https:\/\/www.sbhny.org\/robert-church-rn\/"]}]},{"@type":"BreadcrumbList","@id":"https:\/\/www.sbhny.org\/robert-church-rn\/#breadcrumb","itemListElement":[{"@type":"ListItem","position":1,"name":"Home","item":"https:\/\/www.sbhny.org\/"},{"@type":"ListItem","position":2,"name":"Robert Church, RN"}]},{"@type":"WebSite","@id":"https:\/\/www.sbhny.org\/#website","url":"https:\/\/www.sbhny.org\/","name":"Syst\u00e8me de sant\u00e9 SBH","description":"","potentialAction":[{"@type":"SearchAction","target":{"@type":"EntryPoint","urlTemplate":"https:\/\/www.sbhny.org\/?s={search_term_string}"},"query-input":{"@type":"PropertyValueSpecification","valueRequired":true,"valueName":"search_term_string"}}],"inLanguage":"fr-FR"}]}},"_links":{"self":[{"href":"https:\/\/www.sbhny.org\/fr\/wp-json\/wp\/v2\/pages\/3940","targetHints":{"allow":["GET"]}}],"collection":[{"href":"https:\/\/www.sbhny.org\/fr\/wp-json\/wp\/v2\/pages"}],"about":[{"href":"https:\/\/www.sbhny.org\/fr\/wp-json\/wp\/v2\/types\/page"}],"author":[{"embeddable":true,"href":"https:\/\/www.sbhny.org\/fr\/wp-json\/wp\/v2\/users\/2"}],"replies":[{"embeddable":true,"href":"https:\/\/www.sbhny.org\/fr\/wp-json\/wp\/v2\/comments?post=3940"}],"version-history":[{"count":0,"href":"https:\/\/www.sbhny.org\/fr\/wp-json\/wp\/v2\/pages\/3940\/revisions"}],"wp:attachment":[{"href":"https:\/\/www.sbhny.org\/fr\/wp-json\/wp\/v2\/media?parent=3940"}],"curies":[{"name":"wp","href":"https:\/\/api.w.org\/{rel}","templated":true}]}}