{"id":4015,"date":"2024-09-10T14:46:48","date_gmt":"2024-09-10T14:46:48","guid":{"rendered":"https:\/\/sbhny.wpenginepowered.com\/?page_id=4015"},"modified":"2024-10-11T12:44:15","modified_gmt":"2024-10-11T12:44:15","slug":"patient-resources","status":"publish","type":"page","link":"https:\/\/www.sbhny.org\/fr\/patient-resources\/","title":{"rendered":"Ressources pour les patients"},"content":{"rendered":"<section class=\"image-twocol-hero background-image\">\n  <div class=\"max-width standard-spacing twocol-row\">\n\n          <div class=\"image-col twocol-col\" style=\"background-image: url('https:\/\/www.sbhny.org\/wp-content\/uploads\/2024\/09\/resources-r.jpg');\"><\/div>\n    \n\n    <div class=\"content-col twocol-col\">\n              <h1 class=\"main-heading\">Ressources pour les patients<\/h1>\n            <div class=\"body-copy\">\n        <p>Au SBH, nous offrons une vari\u00e9t\u00e9 de ressources pour les patients afin de garantir des soins et un soutien complets \u00e0 tous les individus. Ces ressources sont con\u00e7ues pour am\u00e9liorer l'exp\u00e9rience des patients et faciliter l'acc\u00e8s aux informations et services essentiels.<\/p>\n      <\/div>\n      \n        \n      \n          <\/div>\n  <\/div>\n<\/section>\n\n<section class=\"accordion-section\">\n  <div class=\"max-width standard-spacing\">\n        <h2 class=\"main-heading\"><\/h2>\n        \n    <div class=\"accordion-container\">\n\n    \n    <div class=\"accordion-card open\" itemscope=\"itemscope\" itemprop=\"mainEntity\" itemtype=\"https:\/\/schema.org\/Question\">\n      <div class=\"accordion-card-header\">\n        <button id=\"twocol_id_Patient-Guides\" class=\"accordion-button large-body-copy\" aria-expanded=\"true\" aria-controls=\"twocol_Patient-Guides\">Guides pour les patients<\/button>\n      <\/div>\n      <div class=\"accordion-card-content body-copy\" itemscope=\"itemscope\" itemprop=\"acceptedAnswer\" itemtype=\"https:\/\/schema.org\/Answer\" id=\"twocol_Patient-Guides\" aria-labelledby=\"twocol_id_Patient-Guides\" role=\"region\">\n        <p><a href=\"\/wp-content\/uploads\/2024\/09\/122021-Patient-Guide-Vf-English-Web-1.pdf\">Guide du patient (anglais)<\/a><\/p>\n<p><a href=\"\/wp-content\/uploads\/2024\/09\/122021-Patient-Guide-Vf-Spanish-Web-1.pdf\">Guide du patient (espagnol)<\/a><\/p>\n<p><a href=\"\/wp-content\/uploads\/2024\/09\/030822-Large-Print-Patient-Guide-Vf-English-8.5X11-Web.pdf\">Guide du patient (anglais - gros caract\u00e8res)<\/a><\/p>\n<p><a href=\"\/wp-content\/uploads\/2024\/09\/030822-Patient-Guide-Vf-Spanish-8.5X11-Web.pdf\">Guide du patient (espagnol - gros caract\u00e8res)<\/a><\/p>\n      <\/div>\n    <\/div>\n\n    \n    <div class=\"accordion-card open\" itemscope=\"itemscope\" itemprop=\"mainEntity\" itemtype=\"https:\/\/schema.org\/Question\">\n      <div class=\"accordion-card-header\">\n        <button id=\"twocol_id_Pay-Your-Bills\" class=\"accordion-button large-body-copy\" aria-expanded=\"true\" aria-controls=\"twocol_Pay-Your-Bills\">Payez vos factures<\/button>\n      <\/div>\n      <div class=\"accordion-card-content body-copy\" itemscope=\"itemscope\" itemprop=\"acceptedAnswer\" itemtype=\"https:\/\/schema.org\/Answer\" id=\"twocol_Pay-Your-Bills\" aria-labelledby=\"twocol_id_Pay-Your-Bills\" role=\"region\">\n        <p><a href=\"https:\/\/sbhmychart.barnabas.network\/MyChart\/billing\/guestpay\" target=\"_blank\" rel=\"noopener\" class=\"arrow-cta\">Payez vos factures par - Paiement \u00e9lectronique<\/a><\/p>\n      <\/div>\n    <\/div>\n\n    \n    <div class=\"accordion-card open\" itemscope=\"itemscope\" itemprop=\"mainEntity\" itemtype=\"https:\/\/schema.org\/Question\">\n      <div class=\"accordion-card-header\">\n        <button id=\"twocol_id_Get-Your-Medical-Records\" class=\"accordion-button large-body-copy\" aria-expanded=\"true\" aria-controls=\"twocol_Get-Your-Medical-Records\">Obtenez votre dossier m\u00e9dical<\/button>\n      <\/div>\n      <div class=\"accordion-card-content body-copy\" itemscope=\"itemscope\" itemprop=\"acceptedAnswer\" itemtype=\"https:\/\/schema.org\/Answer\" id=\"twocol_Get-Your-Medical-Records\" aria-labelledby=\"twocol_id_Get-Your-Medical-Records\" role=\"region\">\n        <div><strong>Syst\u00e8me de sant\u00e9 SBH<\/strong>\u00a0propose d\u00e9sormais un <strong>Outil de demande de dossier patient en ligne<\/strong> pour les patients, les parents de patients mineurs et les soignants agissant au nom d'un patient qui demandent le dossier d'un patient.  Cela vous \u00e9vitera de vous rendre \u00e0 l'h\u00f4pital !<\/div>\n<p>&nbsp;<\/p>\n<div>L'outil en ligne v\u00e9rifie votre identit\u00e9 en vous demandant une photo de votre permis de conduire, qui peut \u00eatre prise \u00e0 l'aide d'une webcam ou d'un smartphone. Toutefois, il se peut que des frais vous soient factur\u00e9s pour les copies de dossiers m\u00e9dicaux qui ne sont pas demand\u00e9es par les prestataires de soins de sant\u00e9 pour les soins directs aux patients.  Pour r\u00e9duire les co\u00fbts, envisagez de demander des informations sp\u00e9cifiques plut\u00f4t qu'un dossier complet.<\/div>\n<p>&nbsp;<\/p>\n<div>Veuillez noter que Chrome, Safari et Firefox sont les navigateurs recommand\u00e9s pour cette application. Si vous rencontrez des probl\u00e8mes avec votre demande \u00e9lectronique, veuillez appeler le num\u00e9ro suivant\u00a0<span style=\"color: black;font-size: small\">718-960-6111.\u00a0 \u00a0\u00a0<\/span><\/div>\n<p>&nbsp;<\/p>\n<p><a href=\"https:\/\/www.swellbox.com\/sbh-health-system-wizard.html\" target=\"_blank\" rel=\"noopener\" class=\"arrow-cta\">Demande de dossier en ligne<\/a><\/p>\n      <\/div>\n    <\/div>\n\n    \n    <div class=\"accordion-card open\" itemscope=\"itemscope\" itemprop=\"mainEntity\" itemtype=\"https:\/\/schema.org\/Question\">\n      <div class=\"accordion-card-header\">\n        <button id=\"twocol_id_Pharmacy\" class=\"accordion-button large-body-copy\" aria-expanded=\"true\" aria-controls=\"twocol_Pharmacy\">Pharmacie<\/button>\n      <\/div>\n      <div class=\"accordion-card-content body-copy\" itemscope=\"itemscope\" itemprop=\"acceptedAnswer\" itemtype=\"https:\/\/schema.org\/Answer\" id=\"twocol_Pharmacy\" aria-labelledby=\"twocol_id_Pharmacy\" role=\"region\">\n        <p><a href=\"tel:7189603172\"><strong>Pharmacie ambulatoire du SBH<\/strong><\/a><br \/>\n<a href=\"tel:7189603172\">(718) 960-3172<\/a><\/p>\n<p>Heures d'ouverture : Du lundi au vendredi de 8h00 \u00e0 18h00, le samedi de 9h00 \u00e0 17h00<\/p>\n<hr \/>\n<p>&nbsp;<\/p>\n<p><strong>Pharmacie sp\u00e9cialis\u00e9e (cliniques - dans un centre de soins ambulatoires)<br \/>\n<\/strong><br \/>\nLes heures d'ouverture sont du lundi au vendredi de 9 h \u00e0 17 h, les samedis et dimanches sont ferm\u00e9s.<\/p>\n      <\/div>\n    <\/div>\n\n    \n    <\/div>\n\n    \n  <\/div>\n<\/section>","protected":false},"excerpt":{"rendered":"","protected":false},"author":2,"featured_media":0,"parent":0,"menu_order":0,"comment_status":"closed","ping_status":"closed","template":"","meta":{"_acf_changed":true,"_eb_attr":"","_price":"","_stock":"","_tribe_ticket_header":"","_tribe_default_ticket_provider":"","_tribe_ticket_capacity":"0","_ticket_start_date":"","_ticket_end_date":"","_tribe_ticket_show_description":"","_tribe_ticket_show_not_going":false,"_tribe_ticket_use_global_stock":"","_tribe_ticket_global_stock_level":"","_global_stock_mode":"","_global_stock_cap":"","_tribe_rsvp_for_event":"","_tribe_ticket_going_count":"","_tribe_ticket_not_going_count":"","_tribe_tickets_list":"[]","_tribe_ticket_has_attendee_info_fields":false,"footnotes":""},"class_list":["post-4015","page","type-page","status-publish","hentry"],"acf":[],"yoast_head":"<!-- This site is optimized with the Yoast SEO plugin v26.5 - https:\/\/yoast.com\/wordpress\/plugins\/seo\/ -->\n<title>Patient Resources - SBH Health System<\/title>\n<meta name=\"robots\" content=\"index, follow, max-snippet:-1, max-image-preview:large, max-video-preview:-1\" \/>\n<link rel=\"canonical\" href=\"https:\/\/www.sbhny.org\/fr\/patient-resources\/\" \/>\n<meta property=\"og:locale\" content=\"fr_FR\" \/>\n<meta property=\"og:type\" content=\"article\" \/>\n<meta property=\"og:title\" content=\"Patient Resources - SBH Health System\" \/>\n<meta property=\"og:url\" content=\"https:\/\/www.sbhny.org\/fr\/patient-resources\/\" \/>\n<meta property=\"og:site_name\" content=\"SBH Health System\" \/>\n<meta property=\"article:publisher\" content=\"https:\/\/www.facebook.com\/SBHBronx\/\" \/>\n<meta property=\"article:modified_time\" content=\"2024-10-11T12:44:15+00:00\" \/>\n<meta name=\"twitter:card\" content=\"summary_large_image\" \/>\n<meta name=\"twitter:site\" content=\"@sbhbronx\" \/>\n<script type=\"application\/ld+json\" class=\"yoast-schema-graph\">{\"@context\":\"https:\/\/schema.org\",\"@graph\":[{\"@type\":\"WebPage\",\"@id\":\"https:\/\/www.sbhny.org\/patient-resources\/\",\"url\":\"https:\/\/www.sbhny.org\/patient-resources\/\",\"name\":\"Patient Resources - SBH Health System\",\"isPartOf\":{\"@id\":\"https:\/\/www.sbhny.org\/#website\"},\"datePublished\":\"2024-09-10T14:46:48+00:00\",\"dateModified\":\"2024-10-11T12:44:15+00:00\",\"breadcrumb\":{\"@id\":\"https:\/\/www.sbhny.org\/patient-resources\/#breadcrumb\"},\"inLanguage\":\"fr-FR\",\"potentialAction\":[{\"@type\":\"ReadAction\",\"target\":[\"https:\/\/www.sbhny.org\/patient-resources\/\"]}]},{\"@type\":\"BreadcrumbList\",\"@id\":\"https:\/\/www.sbhny.org\/patient-resources\/#breadcrumb\",\"itemListElement\":[{\"@type\":\"ListItem\",\"position\":1,\"name\":\"Home\",\"item\":\"https:\/\/www.sbhny.org\/\"},{\"@type\":\"ListItem\",\"position\":2,\"name\":\"Patient Resources\"}]},{\"@type\":\"WebSite\",\"@id\":\"https:\/\/www.sbhny.org\/#website\",\"url\":\"https:\/\/www.sbhny.org\/\",\"name\":\"SBH Health System\",\"description\":\"\",\"potentialAction\":[{\"@type\":\"SearchAction\",\"target\":{\"@type\":\"EntryPoint\",\"urlTemplate\":\"https:\/\/www.sbhny.org\/?s={search_term_string}\"},\"query-input\":{\"@type\":\"PropertyValueSpecification\",\"valueRequired\":true,\"valueName\":\"search_term_string\"}}],\"inLanguage\":\"fr-FR\"}]}<\/script>\n<!-- \/ Yoast SEO plugin. -->","yoast_head_json":{"title":"Patient Resources - SBH Health System","robots":{"index":"index","follow":"follow","max-snippet":"max-snippet:-1","max-image-preview":"max-image-preview:large","max-video-preview":"max-video-preview:-1"},"canonical":"https:\/\/www.sbhny.org\/fr\/patient-resources\/","og_locale":"fr_FR","og_type":"article","og_title":"Patient Resources - SBH Health System","og_url":"https:\/\/www.sbhny.org\/fr\/patient-resources\/","og_site_name":"SBH Health System","article_publisher":"https:\/\/www.facebook.com\/SBHBronx\/","article_modified_time":"2024-10-11T12:44:15+00:00","twitter_card":"summary_large_image","twitter_site":"@sbhbronx","schema":{"@context":"https:\/\/schema.org","@graph":[{"@type":"WebPage","@id":"https:\/\/www.sbhny.org\/patient-resources\/","url":"https:\/\/www.sbhny.org\/patient-resources\/","name":"Patient Resources - SBH Health System","isPartOf":{"@id":"https:\/\/www.sbhny.org\/#website"},"datePublished":"2024-09-10T14:46:48+00:00","dateModified":"2024-10-11T12:44:15+00:00","breadcrumb":{"@id":"https:\/\/www.sbhny.org\/patient-resources\/#breadcrumb"},"inLanguage":"fr-FR","potentialAction":[{"@type":"ReadAction","target":["https:\/\/www.sbhny.org\/patient-resources\/"]}]},{"@type":"BreadcrumbList","@id":"https:\/\/www.sbhny.org\/patient-resources\/#breadcrumb","itemListElement":[{"@type":"ListItem","position":1,"name":"Home","item":"https:\/\/www.sbhny.org\/"},{"@type":"ListItem","position":2,"name":"Patient Resources"}]},{"@type":"WebSite","@id":"https:\/\/www.sbhny.org\/#website","url":"https:\/\/www.sbhny.org\/","name":"Syst\u00e8me de sant\u00e9 SBH","description":"","potentialAction":[{"@type":"SearchAction","target":{"@type":"EntryPoint","urlTemplate":"https:\/\/www.sbhny.org\/?s={search_term_string}"},"query-input":{"@type":"PropertyValueSpecification","valueRequired":true,"valueName":"search_term_string"}}],"inLanguage":"fr-FR"}]}},"_links":{"self":[{"href":"https:\/\/www.sbhny.org\/fr\/wp-json\/wp\/v2\/pages\/4015","targetHints":{"allow":["GET"]}}],"collection":[{"href":"https:\/\/www.sbhny.org\/fr\/wp-json\/wp\/v2\/pages"}],"about":[{"href":"https:\/\/www.sbhny.org\/fr\/wp-json\/wp\/v2\/types\/page"}],"author":[{"embeddable":true,"href":"https:\/\/www.sbhny.org\/fr\/wp-json\/wp\/v2\/users\/2"}],"replies":[{"embeddable":true,"href":"https:\/\/www.sbhny.org\/fr\/wp-json\/wp\/v2\/comments?post=4015"}],"version-history":[{"count":0,"href":"https:\/\/www.sbhny.org\/fr\/wp-json\/wp\/v2\/pages\/4015\/revisions"}],"wp:attachment":[{"href":"https:\/\/www.sbhny.org\/fr\/wp-json\/wp\/v2\/media?parent=4015"}],"curies":[{"name":"wp","href":"https:\/\/api.w.org\/{rel}","templated":true}]}}