{"id":4184,"date":"2024-09-12T15:29:15","date_gmt":"2024-09-12T15:29:15","guid":{"rendered":"https:\/\/sbhny.wpenginepowered.com\/?page_id=4184"},"modified":"2024-09-12T16:06:22","modified_gmt":"2024-09-12T16:06:22","slug":"faqs","status":"publish","type":"page","link":"https:\/\/www.sbhny.org\/fr\/healthcare-professionals\/residency-programs\/emergency-medicine-residency-program\/faqs\/","title":{"rendered":"FAQ"},"content":{"rendered":"<section class=\"image-twocol-hero background-image\">\n  <div class=\"max-width standard-spacing twocol-row\">\n\n          <div class=\"image-col twocol-col\" style=\"background-image: url('https:\/\/www.sbhny.org\/wp-content\/uploads\/2024\/09\/residents-faq.jpg');\"><\/div>\n    \n\n    <div class=\"content-col twocol-col\">\n              <h1 class=\"main-heading\">FAQ<\/h1>\n            <div class=\"body-copy\">\n        <p>La section FAQ de notre programme de r\u00e9sidence en m\u00e9decine d'urgence est con\u00e7ue pour r\u00e9pondre aux questions les plus courantes que les futurs r\u00e9sidents peuvent se poser \u00e0 propos de notre programme. Que vous soyez curieux de conna\u00eetre le processus de candidature, la structure de formation, les rotations cliniques ou la vie dans le Bronx, cette section fournit des r\u00e9ponses claires et d\u00e9taill\u00e9es pour vous aider \u00e0 prendre votre d\u00e9cision.<\/p>\n      <\/div>\n      \n        \n      \n          <\/div>\n  <\/div>\n<\/section>\n\n<section class=\"text-block white-background\">\n  <div class=\"small-max-width standard-spacing body-copy\">\n    <h3><strong>Questions fr\u00e9quemment pos\u00e9es<\/strong><\/h3>\n<p>&nbsp;<\/p>\n<ol>\n<li><strong>O\u00f9 vivent les r\u00e9sidents ?<\/strong><br \/>\n<section style=\"padding-left: 43px;\">Nos r\u00e9sidents vivent dans toute la r\u00e9gion m\u00e9tropolitaine de New York. Les endroits les plus populaires pour nos r\u00e9sidents sont Midtown Manhattan, Northern Bronx\/Lower Westchester et le quartier d'Astoria dans le Queens.<\/p>\n<\/section>\n<\/li>\n<li><strong>Comment les r\u00e9sidents se rendent-ils \u00e0 l'h\u00f4pital ? Y a-t-il des places de stationnement ? <\/strong><br \/>\n<section style=\"padding-left: 43px;\">Notre h\u00f4pital se compose de plusieurs b\u00e2timents dans un campus ferm\u00e9. Nous disposons d'un parking de six \u00e9tages sur le campus. Si vous vous rendez au travail en voiture, des frais de stationnement mensuels abordables sont d\u00e9duits de votre salaire avant imp\u00f4ts. Notre campus est \u00e9galement facilement accessible par la ligne ferroviaire Metro North depuis la station Fordham University, situ\u00e9e \u00e0 \u00be mile. De nombreux bus de la ville de New York desservent \u00e9galement le campus SBH.<\/p>\n<\/section>\n<\/li>\n<li><strong>Quelles sont les relations entre le service des urgences et les autres services ? <\/strong><br \/>\n<section style=\"padding-left: 43px;\">Le service des urgences est un service tr\u00e8s appr\u00e9ci\u00e9 de l'h\u00f4pital, avec d'excellentes relations coll\u00e9giales entre notre service et les services de consultation. Nous travaillons en \u00e9troite collaboration avec les services de consultation du MICU et de traumatologie, et nos r\u00e9sidents des urgences qui effectuent des rotations dans ces services jouent souvent le r\u00f4le de r\u00e9sidents consultants !<\/p>\n<\/section>\n<\/li>\n<li><strong>Comment fonctionne le syst\u00e8me de pistes ?<\/strong><br \/>\n<section style=\"padding-left: 43px;\">Consid\u00e9rez le syst\u00e8me de fili\u00e8res comme une \"majeure\" pendant la r\u00e9sidence. Les r\u00e9sidents choisissent une fili\u00e8re au d\u00e9but de la troisi\u00e8me ann\u00e9e d'internat et participent \u00e0 la sous-sp\u00e9cialit\u00e9 pendant les troisi\u00e8me et quatri\u00e8me ann\u00e9es d'internat. Chaque fili\u00e8re est con\u00e7ue pour fournir la meilleure formation possible dans le domaine et pour s'adapter aux int\u00e9r\u00eats particuliers de chaque r\u00e9sident. Tous les r\u00e9sidents participent \u00e0 des activit\u00e9s d'enseignement et d'\u00e9rudition au cours de leur parcours, ce qui permet d'obtenir des dipl\u00f4m\u00e9s bien \u00e9quilibr\u00e9s qui sont des candidats tr\u00e8s comp\u00e9titifs pour les postes de boursiers et de titulaires.<\/p>\n<\/section>\n<\/li>\n<li><strong>Je suis \u00e9tudiant en ost\u00e9opathie. Suis-je tenu d'obtenir la Distinction de formation ost\u00e9opathique avanc\u00e9e de l'AOA si je m'inscris \u00e0 la SBHEM ?<\/strong><br \/>\n<section style=\"padding-left: 43px;\">Non. Si vous souhaitez obtenir le DAOT de l'AOA, vous participerez \u00e0 des s\u00e9ances suppl\u00e9mentaires de formation, de mentorat et d'\u00e9valuation avec le corps enseignant de la SBH Osteopathic and Manipulative Medicine Residency.<\/p>\n<\/section>\n<\/li>\n<li><strong>Je suis un \u00e9tudiant en m\u00e9decine allopathique, que signifie pour moi la reconnaissance ost\u00e9opathique de l'ACGME ?<\/strong><br \/>\n<section style=\"padding-left: 43px;\">La m\u00e9decine d'urgence, en g\u00e9n\u00e9ral, n'implique pas beaucoup de m\u00e9decine manipulative ost\u00e9opathique dans la pratique quotidienne. Notre programme didactique comprend une conf\u00e9rence de 30 minutes par mois sur la m\u00e9decine ost\u00e9opathique et manipulative. Le reste de nos activit\u00e9s AOA sont des \u00e9tudes ind\u00e9pendantes pour les r\u00e9sidents qualifi\u00e9s et int\u00e9ress\u00e9s.<\/p>\n<\/section>\n<\/li>\n<li><strong>Quel est l'horaire type d'un r\u00e9sident ?<\/strong><br \/>\n<section style=\"padding-left: 43px;\">Nos r\u00e9sidents assument des responsabilit\u00e9s graduelles au cours des quatre ann\u00e9es d'internat, avec une r\u00e9duction progressive des quarts de travail en fonction de leur anciennet\u00e9. Les r\u00e9sidents des ann\u00e9es 1 et 2 effectuent 18 gardes par bloc, ceux des ann\u00e9es 3 et 4 16 gardes. \u00c0 partir de l'ann\u00e9e PGY-2, les quarts sont un m\u00e9lange de 12 heures et de 8 heures. La r\u00e9partition des gardes au sein du service \u00e9volue \u00e9galement progressivement d'une pr\u00e9dominance des gardes de faible gravit\u00e9 au cours de l'ann\u00e9e PGY-1 \u00e0 la quasi-totalit\u00e9 des gardes dans les zones de forte gravit\u00e9 au cours de l'ann\u00e9e PGY-4, qui est une ann\u00e9e de pr\u00e9-accompagnement.<\/p>\n<\/section>\n<\/li>\n<li><strong>Comment le mentorat est-il structur\u00e9 dans le cadre de la r\u00e9sidence ?<\/strong><br \/>\n<section style=\"padding-left: 43px;\">Notre structure de mentorat comporte plusieurs volets. La r\u00e9sidence est divis\u00e9e en \"maisons\" (pensez \u00e0 Harry Potter), chacune dirig\u00e9e par un APD. Ces maisons fournissent un soutien acad\u00e9mique tout au long du processus de r\u00e9sidence. Les r\u00e9sidents b\u00e9n\u00e9ficient d'un mentorat suppl\u00e9mentaire par le biais du syst\u00e8me de piste, formant des liens \u00e9troits avec leurs chefs de piste alors qu'ils explorent des cr\u00e9neaux d'int\u00e9r\u00eat en m\u00e9decine d'urgence. Enfin, de nombreux r\u00e9sidents participent \u00e0 des projets d'am\u00e9lioration de la qualit\u00e9, \u00e0 des recherches et \u00e0 des comit\u00e9s d\u00e9partementaux, d\u00e9veloppant ainsi des relations de mentorat avec le corps enseignant.<\/p>\n<\/section>\n<\/li>\n<li><strong>Comment fonctionne la conf\u00e9rence du mercredi ? <\/strong><br \/>\n<section style=\"padding-left: 43px;\">Nous avons 4,5 heures de conf\u00e9rence didactique tous les mercredis matin. Nos conf\u00e9rences sont tr\u00e8s interactives et se concentrent sur la r\u00e9duction au minimum des \"conf\u00e9rences Powerpoint\" classiques. Les points forts sont les suivants<\/p>\n<ul>\n<li>Les journ\u00e9es mensuelles Sim Lab consistent en une journ\u00e9e compl\u00e8te de simulation.<\/li>\n<li>Formation en laboratoire de proc\u00e9dures, y compris un laboratoire de cadavres annuel pour les comp\u00e9tences en mati\u00e8re de proc\u00e9dures.<\/li>\n<li>Apprentissage 1:1 bas\u00e9 sur des cas concrets<\/li>\n<li>Des \"journ\u00e9es de piste\" \u00e0 th\u00e8me o\u00f9 nos pistes de sous-sp\u00e9cialit\u00e9 peuvent mettre en \u00e9vidence ce qui les rend si g\u00e9niales.<\/li>\n<li>Conf\u00e9rence annuelle sur la m\u00e9decine de la nature et retraite barbecue<\/li>\n<li>Participation \u00e0 de fantastiques conf\u00e9rences \u00e0 New York, telles que les conf\u00e9rences ALL NYC EM, Mt. Sinai Morningside Ultrasound Symposium, Bronx SonoWars et Bronx SimWars.<\/li>\n<\/ul>\n<\/section>\n<\/li>\n<\/ol>\n  <\/div>\n<\/section>","protected":false},"excerpt":{"rendered":"","protected":false},"author":2,"featured_media":0,"parent":3168,"menu_order":0,"comment_status":"closed","ping_status":"closed","template":"","meta":{"_acf_changed":false,"_eb_attr":"","_price":"","_stock":"","_tribe_ticket_header":"","_tribe_default_ticket_provider":"","_tribe_ticket_capacity":"0","_ticket_start_date":"","_ticket_end_date":"","_tribe_ticket_show_description":"","_tribe_ticket_show_not_going":false,"_tribe_ticket_use_global_stock":"","_tribe_ticket_global_stock_level":"","_global_stock_mode":"","_global_stock_cap":"","_tribe_rsvp_for_event":"","_tribe_ticket_going_count":"","_tribe_ticket_not_going_count":"","_tribe_tickets_list":"[]","_tribe_ticket_has_attendee_info_fields":false,"footnotes":""},"class_list":["post-4184","page","type-page","status-publish","hentry"],"acf":[],"yoast_head":"<!-- This site is optimized with the Yoast SEO plugin v26.5 - https:\/\/yoast.com\/wordpress\/plugins\/seo\/ -->\n<title>FAQs - SBH Health System<\/title>\n<meta name=\"robots\" content=\"index, follow, max-snippet:-1, max-image-preview:large, max-video-preview:-1\" \/>\n<link rel=\"canonical\" href=\"https:\/\/www.sbhny.org\/fr\/healthcare-professionals\/residency-programs\/emergency-medicine-residency-program\/faqs\/\" \/>\n<meta property=\"og:locale\" content=\"fr_FR\" \/>\n<meta property=\"og:type\" content=\"article\" \/>\n<meta property=\"og:title\" content=\"FAQs - SBH Health System\" \/>\n<meta property=\"og:url\" content=\"https:\/\/www.sbhny.org\/fr\/healthcare-professionals\/residency-programs\/emergency-medicine-residency-program\/faqs\/\" \/>\n<meta property=\"og:site_name\" content=\"SBH Health System\" \/>\n<meta property=\"article:publisher\" content=\"https:\/\/www.facebook.com\/SBHBronx\/\" \/>\n<meta property=\"article:modified_time\" content=\"2024-09-12T16:06:22+00:00\" \/>\n<meta name=\"twitter:card\" content=\"summary_large_image\" \/>\n<meta name=\"twitter:site\" content=\"@sbhbronx\" \/>\n<script type=\"application\/ld+json\" class=\"yoast-schema-graph\">{\"@context\":\"https:\/\/schema.org\",\"@graph\":[{\"@type\":\"WebPage\",\"@id\":\"https:\/\/www.sbhny.org\/healthcare-professionals\/residency-programs\/emergency-medicine-residency-program\/faqs\/\",\"url\":\"https:\/\/www.sbhny.org\/healthcare-professionals\/residency-programs\/emergency-medicine-residency-program\/faqs\/\",\"name\":\"FAQs - SBH Health System\",\"isPartOf\":{\"@id\":\"https:\/\/www.sbhny.org\/#website\"},\"datePublished\":\"2024-09-12T15:29:15+00:00\",\"dateModified\":\"2024-09-12T16:06:22+00:00\",\"breadcrumb\":{\"@id\":\"https:\/\/www.sbhny.org\/healthcare-professionals\/residency-programs\/emergency-medicine-residency-program\/faqs\/#breadcrumb\"},\"inLanguage\":\"fr-FR\",\"potentialAction\":[{\"@type\":\"ReadAction\",\"target\":[\"https:\/\/www.sbhny.org\/healthcare-professionals\/residency-programs\/emergency-medicine-residency-program\/faqs\/\"]}]},{\"@type\":\"BreadcrumbList\",\"@id\":\"https:\/\/www.sbhny.org\/healthcare-professionals\/residency-programs\/emergency-medicine-residency-program\/faqs\/#breadcrumb\",\"itemListElement\":[{\"@type\":\"ListItem\",\"position\":1,\"name\":\"Home\",\"item\":\"https:\/\/www.sbhny.org\/\"},{\"@type\":\"ListItem\",\"position\":2,\"name\":\"Healthcare Professionals\",\"item\":\"https:\/\/www.sbhny.org\/bs\/healthcare-professionals\/\"},{\"@type\":\"ListItem\",\"position\":3,\"name\":\"Residency Programs\",\"item\":\"https:\/\/www.sbhny.org\/healthcare-professionals\/residency-programs\/\"},{\"@type\":\"ListItem\",\"position\":4,\"name\":\"Emergency Medicine Residency Program\",\"item\":\"https:\/\/www.sbhny.org\/healthcare-professionals\/residency-programs\/emergency-medicine-residency-program\/\"},{\"@type\":\"ListItem\",\"position\":5,\"name\":\"FAQs\"}]},{\"@type\":\"WebSite\",\"@id\":\"https:\/\/www.sbhny.org\/#website\",\"url\":\"https:\/\/www.sbhny.org\/\",\"name\":\"SBH Health System\",\"description\":\"\",\"potentialAction\":[{\"@type\":\"SearchAction\",\"target\":{\"@type\":\"EntryPoint\",\"urlTemplate\":\"https:\/\/www.sbhny.org\/?s={search_term_string}\"},\"query-input\":{\"@type\":\"PropertyValueSpecification\",\"valueRequired\":true,\"valueName\":\"search_term_string\"}}],\"inLanguage\":\"fr-FR\"}]}<\/script>\n<!-- \/ Yoast SEO plugin. -->","yoast_head_json":{"title":"FAQs - SBH Health System","robots":{"index":"index","follow":"follow","max-snippet":"max-snippet:-1","max-image-preview":"max-image-preview:large","max-video-preview":"max-video-preview:-1"},"canonical":"https:\/\/www.sbhny.org\/fr\/healthcare-professionals\/residency-programs\/emergency-medicine-residency-program\/faqs\/","og_locale":"fr_FR","og_type":"article","og_title":"FAQs - SBH Health System","og_url":"https:\/\/www.sbhny.org\/fr\/healthcare-professionals\/residency-programs\/emergency-medicine-residency-program\/faqs\/","og_site_name":"SBH Health System","article_publisher":"https:\/\/www.facebook.com\/SBHBronx\/","article_modified_time":"2024-09-12T16:06:22+00:00","twitter_card":"summary_large_image","twitter_site":"@sbhbronx","schema":{"@context":"https:\/\/schema.org","@graph":[{"@type":"WebPage","@id":"https:\/\/www.sbhny.org\/healthcare-professionals\/residency-programs\/emergency-medicine-residency-program\/faqs\/","url":"https:\/\/www.sbhny.org\/healthcare-professionals\/residency-programs\/emergency-medicine-residency-program\/faqs\/","name":"FAQs - SBH Health System","isPartOf":{"@id":"https:\/\/www.sbhny.org\/#website"},"datePublished":"2024-09-12T15:29:15+00:00","dateModified":"2024-09-12T16:06:22+00:00","breadcrumb":{"@id":"https:\/\/www.sbhny.org\/healthcare-professionals\/residency-programs\/emergency-medicine-residency-program\/faqs\/#breadcrumb"},"inLanguage":"fr-FR","potentialAction":[{"@type":"ReadAction","target":["https:\/\/www.sbhny.org\/healthcare-professionals\/residency-programs\/emergency-medicine-residency-program\/faqs\/"]}]},{"@type":"BreadcrumbList","@id":"https:\/\/www.sbhny.org\/healthcare-professionals\/residency-programs\/emergency-medicine-residency-program\/faqs\/#breadcrumb","itemListElement":[{"@type":"ListItem","position":1,"name":"Home","item":"https:\/\/www.sbhny.org\/"},{"@type":"ListItem","position":2,"name":"Healthcare Professionals","item":"https:\/\/www.sbhny.org\/bs\/healthcare-professionals\/"},{"@type":"ListItem","position":3,"name":"Residency Programs","item":"https:\/\/www.sbhny.org\/healthcare-professionals\/residency-programs\/"},{"@type":"ListItem","position":4,"name":"Emergency Medicine Residency Program","item":"https:\/\/www.sbhny.org\/healthcare-professionals\/residency-programs\/emergency-medicine-residency-program\/"},{"@type":"ListItem","position":5,"name":"FAQs"}]},{"@type":"WebSite","@id":"https:\/\/www.sbhny.org\/#website","url":"https:\/\/www.sbhny.org\/","name":"Syst\u00e8me de sant\u00e9 SBH","description":"","potentialAction":[{"@type":"SearchAction","target":{"@type":"EntryPoint","urlTemplate":"https:\/\/www.sbhny.org\/?s={search_term_string}"},"query-input":{"@type":"PropertyValueSpecification","valueRequired":true,"valueName":"search_term_string"}}],"inLanguage":"fr-FR"}]}},"_links":{"self":[{"href":"https:\/\/www.sbhny.org\/fr\/wp-json\/wp\/v2\/pages\/4184","targetHints":{"allow":["GET"]}}],"collection":[{"href":"https:\/\/www.sbhny.org\/fr\/wp-json\/wp\/v2\/pages"}],"about":[{"href":"https:\/\/www.sbhny.org\/fr\/wp-json\/wp\/v2\/types\/page"}],"author":[{"embeddable":true,"href":"https:\/\/www.sbhny.org\/fr\/wp-json\/wp\/v2\/users\/2"}],"replies":[{"embeddable":true,"href":"https:\/\/www.sbhny.org\/fr\/wp-json\/wp\/v2\/comments?post=4184"}],"version-history":[{"count":0,"href":"https:\/\/www.sbhny.org\/fr\/wp-json\/wp\/v2\/pages\/4184\/revisions"}],"up":[{"embeddable":true,"href":"https:\/\/www.sbhny.org\/fr\/wp-json\/wp\/v2\/pages\/3168"}],"wp:attachment":[{"href":"https:\/\/www.sbhny.org\/fr\/wp-json\/wp\/v2\/media?parent=4184"}],"curies":[{"name":"wp","href":"https:\/\/api.w.org\/{rel}","templated":true}]}}